{"id":44,"date":"2024-03-08T11:16:55","date_gmt":"2024-03-08T09:16:55","guid":{"rendered":"https:\/\/www.ipsen.com\/switzerland\/?page_id=44"},"modified":"2026-04-01T08:12:12","modified_gmt":"2026-04-01T06:12:12","slug":"karriere","status":"publish","type":"page","link":"https:\/\/www.ipsen.com\/switzerland\/karriere\/","title":{"rendered":"Karriere"},"content":{"rendered":"    <section class=\"sub-page-banner bg-img\" style=\"background-image:url(https:\/\/www.ipsen.com\/switzerland\/wp-content\/uploads\/sites\/13\/2025\/07\/Careers.jpg)\">\n        <div class=\"container content-sec\">\n            <nav aria-label=\"breadcrumb\">\n            <ol class=\"breadcrumb\">\n                <li class=\"breadcrumb-item\"><a href=\"https:\/\/www.ipsen.com\/switzerland\">Home<\/a><\/li><li class=\"breadcrumb-item active\"><a class=\"link-pointer-events-none\" href=\"#\" aria-current=\"page\">Karriere<\/a><\/li><\/ol>\n            <\/nav>            <h1 class=\"visible\">Karriere<\/h1>\n            <p class=\"visible\">Gemeinsam innovativ sein f\u00fcr ein gesundes Leben und eine bessere Zukunft.<\/p>\n        <\/div>\n    <\/section>\n\n\n\t<!-- Hero Carousel Start Here-->\n\t<section class=\"hero-section no-filter\">\n\t\t<div class=\"hero_gridwidth container\"><!-- container class shown if gridlayout choosen -->\n\t\t\t<div id=\"heroCarousel\" class=\"carousel slide herocaro hero-banner-no-bg-image\" data-bs-ride=\"carousel\" data-enableplaybtn=\"\" data-autoplay= \"\"  data-autospeed= \"\" >\n\t\t\t\t<!-- Slider Indicator-->\n\t\t\t\t<div class=\"carousel-indicators hidden\">\n\t\t\t\t<button type=\"button\" data-bs-target=\"#heroCarousel\" data-bs-slide-to=\"0\" class=\"active\" aria-current=\"true\" aria-label=\"Slide 0\"><\/button>\t\t\t\t<\/div>\n\t\t\t\t<!-- Items -->\n\t\t\t\t<div class=\"carousel-inner\">\n\t\t\t\t\t\t\n\t\t\t\t\t\t<!-- Hero Banner with carousel HTML -->\n\t\t\t\t\t\t<div class=\"carousel-item active banner-no-filter\">\n\n\t\t\t\t\t\t\t\t\t\t\t\t\t\t\t<img decoding=\"async\" class=\"bd-placeholder-img visible\" alt=\"\" width=\"100%\" height=\"100%\" src=\"https:\/\/www.ipsen.com\/switzerland\/wp-content\/uploads\/sites\/13\/2025\/07\/Light-Hero-Banner.jpg\" \/> \n\t\t\t\t\t\t\t\n\t\t\t\t\t\t\t\t\n\n\t\t\t\t\t\t\t<div class=\"container align-left\">\n\t\t\t\t\t\t\t\t<div class=\"carousel-caption\">\n\t\t\t\t\t\t\t\t\t<h2 class=\"visible text-start heading-two banner-font-color-blue\">\n\t\t\t\t\t\t\t\t\t\tJobs bei Ipsen, die auf Ihre einzigartigen Talente zugeschnitten sind\t\t\t\t\t\t\t\t\t<\/h2>\n\t\t\t\t\t\t\t\t\t<div class=\"hidden text-start banner-font-color-blue\"><\/div>\n\t\t\t\t\t\t\t\t\t\n\t\t\t\t\t\t\t\t\t\t\t\t\t\t\t\t\t\t\t<p class=\"visible text-start banner-font-color-blue\">\n\t\t\t\t\t\t\t\t\t\t\t<a class=\"btn btn-lg btn-primary\" href=\"https:\/\/ipsen.wd103.myworkdayjobs.com\/en-EN\/Ipsen_Careers\" aria-label=\"Entdecken Sie Karrierem\u00f6glichkeiten bei Ipsen about Jobs bei Ipsen, die auf Ihre einzigartigen Talente zugeschnitten sind\" target=\"_blank\">\n\t\t\t\t\t\t\t\t\t\t\t\tEntdecken Sie Karrierem\u00f6glichkeiten bei Ipsen\t\t\t\t\t\t\t\t\t\t\t<\/a>\n\t\t\t\t\t\t\t\t\t\t<\/p>\n\t\t\t\t\t\t\t\t\t\t\t\t\t\t\t\t\t\t\n\t\t\t\t\t\t\t\t<\/div>\n\t\t\t\t\t\t\t<\/div>\n\t\t\t\t\t\t<\/div>\n\n\t\t\t\t\t\t\t\t\t<\/div>\n\t\t\t\t\n\t\t\t\t\n\t\t\t<\/div>\n\t\t<\/div>\n\t<\/section>\n\t<!-- Hero Carousel End Here-->\n  \n\n<!-- Text & Media Block Code -->\n<section class=\"two-col-section text-media-section\">\n    <div class=\"container two-section-innner \">\n        <div class=\"response-inner\" style=\"background-image: url('')\">\n            <div class=\"row \">\n                <div class=\"col-xs-12 col-sm-12 col-md-6\">\n                                                    <div class=\"img-video-section\">\n                                <img decoding=\"async\" \n                                    src=\"https:\/\/www.ipsen.com\/switzerland\/wp-content\/uploads\/sites\/13\/2025\/07\/Boulogne-France-img-25-S.jpg\" \n                                    alt=\"\" \n                                >\n                            <\/div>\n                                        <\/div>\n                <div class=\" col-xs-12 col-sm-12 col-md-6\">\n                    <div class=\"section-content\">\n                        <div class=\"heading-dash\">\n                                                            <span class=\"dash\"><\/span>\n                                <h4 class=\"heading-para heading-four\" role=\"heading\" aria-level=\"2\">\n                                    Warum bei ipsen arbeiten?                                <\/h4>\n                                                    <\/div>\n                                                <p>In einem kleinen Team wie bei Ipsen Schweiz hat jede(r) Mitarbeiter:in einen echten Einfluss. Unsere Mitarbeiter:innen sind mit Leidenschaft bei der Sache, weil es ihnen wichtig ist, das Leben der Patient:innen zu verbessern.<\/p>\n                            <a \n                            aria-label=\" about Warum bei ipsen arbeiten?\"  \n                                role=\"link\" \n                                class=\"btn-link hidden\"\n                                href=\"\" \n                                target=\"_self\"\n                            > \n                                 \n                            <\/a>\n\n                    <\/div>\n                <\/div>\n            <\/div>\n        <\/div>\n    <\/div>\n<\/section>\n\n<!-- Text & Media Block Code -->\n<section class=\"two-col-section text-media-section\">\n    <div class=\"container two-section-innner section-reverse\">\n        <div class=\"response-inner\" style=\"background-image: url('')\">\n            <div class=\"row section-reverse\">\n                <div class=\"col-xs-12 col-sm-12 col-md-6\">\n                                                    <div class=\"img-video-section\">\n                                <img decoding=\"async\" \n                                    src=\"https:\/\/www.ipsen.com\/switzerland\/wp-content\/uploads\/sites\/13\/2025\/07\/Cambridge-USA-img-33-hd-scaled-1.jpg\" \n                                    alt=\"\" \n                                >\n                            <\/div>\n                                        <\/div>\n                <div class=\" col-xs-12 col-sm-12 col-md-6\">\n                    <div class=\"section-content\">\n                        <div class=\"heading-dash\">\n                                                            <span class=\"dash\"><\/span>\n                                <h4 class=\"heading-para heading-four\" role=\"heading\" aria-level=\"2\">\n                                    Unsere kultur                                <\/h4>\n                                                    <\/div>\n                                                <p>Ipsen f\u00f6rdert eine Kultur der Zusammenarbeit, Exzellenz und Wirkung, die durch unseren Ipsen Way of Being gef\u00f6rdert wird, der sich auf f\u00fcnf Werte st\u00fctzt: F\u00fchren mit Ziel, Lernen und Teilen, Erfolgsorientierung, gegenseitiges Vertrauen und Eigenverantwortung f\u00fcr das Ergebnis.<\/p>\n<p>Angetrieben von unseren integrativen und vielf\u00e4ltigen Teams wurde Ipsen im Jahr 2024 sowohl in der Schweiz, als auch in bisher an 24 Standorten weltweit als Great Place to Work<sup>\u00ae<\/sup> \/ Best Place to Work<sup>\u00ae<\/sup> \/ Top Employer<sup>\u00ae<\/sup> ausgezeichnet.<\/p>\n<p><img loading=\"lazy\" decoding=\"async\" class=\"alignleft wp-image-23533 size-medium\" src=\"https:\/\/www.ipsen.com\/switzerland\/wp-content\/uploads\/sites\/13\/2025\/02\/Ipsen_CH_German_2024_Certification_Badge.jpg?w=212\" alt=\"\" width=\"212\" height=\"300\" srcset=\"https:\/\/www.ipsen.com\/switzerland\/wp-content\/uploads\/sites\/13\/2025\/02\/Ipsen_CH_German_2024_Certification_Badge.jpg 2480w, https:\/\/www.ipsen.com\/switzerland\/wp-content\/uploads\/sites\/13\/2025\/02\/Ipsen_CH_German_2024_Certification_Badge.jpg?resize=212,300 212w, https:\/\/www.ipsen.com\/switzerland\/wp-content\/uploads\/sites\/13\/2025\/02\/Ipsen_CH_German_2024_Certification_Badge.jpg?resize=768,1086 768w, https:\/\/www.ipsen.com\/switzerland\/wp-content\/uploads\/sites\/13\/2025\/02\/Ipsen_CH_German_2024_Certification_Badge.jpg?resize=724,1024 724w, https:\/\/www.ipsen.com\/switzerland\/wp-content\/uploads\/sites\/13\/2025\/02\/Ipsen_CH_German_2024_Certification_Badge.jpg?resize=1086,1536 1086w, https:\/\/www.ipsen.com\/switzerland\/wp-content\/uploads\/sites\/13\/2025\/02\/Ipsen_CH_German_2024_Certification_Badge.jpg?resize=1448,2048 1448w, https:\/\/www.ipsen.com\/switzerland\/wp-content\/uploads\/sites\/13\/2025\/02\/Ipsen_CH_German_2024_Certification_Badge.jpg?resize=1568,2218 1568w\" sizes=\"auto, (max-width: 212px) 100vw, 212px\" \/><\/p>\n                            <a \n                            aria-label=\" about Unsere kultur\"  \n                                role=\"link\" \n                                class=\"btn-link hidden\"\n                                href=\"\" \n                                target=\"_self\"\n                            > \n                                 \n                            <\/a>\n\n                    <\/div>\n                <\/div>\n            <\/div>\n        <\/div>\n    <\/div>\n<\/section>\n\n\n<p class=\"has-text-align-center has-small-font-size\">ALLSC-CH-000012, 04\/2026<\/p>\n","protected":false},"excerpt":{"rendered":"","protected":false},"author":2,"featured_media":0,"parent":0,"menu_order":0,"comment_status":"closed","ping_status":"closed","template":"","meta":{"_acf_changed":false,"footnotes":""},"class_list":["post-44","page","type-page","status-publish","hentry","entry"],"acf":[],"yoast_head":"<!-- This site is optimized with the Yoast SEO plugin v26.8 - https:\/\/yoast.com\/product\/yoast-seo-wordpress\/ -->\n<title>Arbeiten bei Ipsen<\/title>\n<meta name=\"description\" content=\"Entdecken Sie Ipsen-Karrieren in einer Vielzahl von Bereichen. Suchen Sie nach Stellen bei Ipsen, die Ihren einzigartigen F\u00e4higkeiten entsprechen, und das Leben von Patient:innen beeinflussen.\" \/>\n<meta name=\"robots\" content=\"index, follow, max-snippet:-1, max-image-preview:large, max-video-preview:-1\" \/>\n<link rel=\"canonical\" href=\"https:\/\/www.ipsen.com\/switzerland\/karriere\/\" \/>\n<meta property=\"og:locale\" content=\"de_DE\" \/>\n<meta property=\"og:type\" content=\"article\" \/>\n<meta property=\"og:title\" content=\"Arbeiten bei Ipsen\" \/>\n<meta property=\"og:description\" content=\"Entdecken Sie Ipsen-Karrieren in einer Vielzahl von Bereichen. Suchen Sie nach Stellen bei Ipsen, die Ihren einzigartigen F\u00e4higkeiten entsprechen, und das Leben von Patient:innen beeinflussen.\" \/>\n<meta property=\"og:url\" content=\"https:\/\/www.ipsen.com\/switzerland\/karriere\/\" \/>\n<meta property=\"og:site_name\" content=\"Switzerland\" \/>\n<meta property=\"article:modified_time\" content=\"2026-04-01T06:12:12+00:00\" \/>\n<meta name=\"twitter:card\" content=\"summary_large_image\" \/>\n<meta name=\"twitter:label1\" content=\"Est. reading time\" \/>\n\t<meta name=\"twitter:data1\" content=\"1 minute\" \/>\n<script type=\"application\/ld+json\" class=\"yoast-schema-graph\">{\"@context\":\"https:\/\/schema.org\",\"@graph\":[{\"@type\":\"WebPage\",\"@id\":\"https:\/\/www.ipsen.com\/switzerland\/karriere\/\",\"url\":\"https:\/\/www.ipsen.com\/switzerland\/karriere\/\",\"name\":\"Arbeiten bei Ipsen\",\"isPartOf\":{\"@id\":\"https:\/\/www.ipsen.com\/switzerland\/#website\"},\"datePublished\":\"2024-03-08T09:16:55+00:00\",\"dateModified\":\"2026-04-01T06:12:12+00:00\",\"description\":\"Entdecken Sie Ipsen-Karrieren in einer Vielzahl von Bereichen. Suchen Sie nach Stellen bei Ipsen, die Ihren einzigartigen F\u00e4higkeiten entsprechen, und das Leben von Patient:innen beeinflussen.\",\"breadcrumb\":{\"@id\":\"https:\/\/www.ipsen.com\/switzerland\/karriere\/#breadcrumb\"},\"inLanguage\":\"de-DE\",\"potentialAction\":[{\"@type\":\"ReadAction\",\"target\":[\"https:\/\/www.ipsen.com\/switzerland\/karriere\/\"]}]},{\"@type\":\"BreadcrumbList\",\"@id\":\"https:\/\/www.ipsen.com\/switzerland\/karriere\/#breadcrumb\",\"itemListElement\":[{\"@type\":\"ListItem\",\"position\":1,\"name\":\"Home\",\"item\":\"https:\/\/www.ipsen.com\/switzerland\/\"},{\"@type\":\"ListItem\",\"position\":2,\"name\":\"Karriere\"}]},{\"@type\":\"WebSite\",\"@id\":\"https:\/\/www.ipsen.com\/switzerland\/#website\",\"url\":\"https:\/\/www.ipsen.com\/switzerland\/\",\"name\":\"Switzerland\",\"description\":\"\",\"publisher\":{\"@id\":\"https:\/\/www.ipsen.com\/switzerland\/#organization\"},\"potentialAction\":[{\"@type\":\"SearchAction\",\"target\":{\"@type\":\"EntryPoint\",\"urlTemplate\":\"https:\/\/www.ipsen.com\/switzerland\/?s={search_term_string}\"},\"query-input\":{\"@type\":\"PropertyValueSpecification\",\"valueRequired\":true,\"valueName\":\"search_term_string\"}}],\"inLanguage\":\"de-DE\"},{\"@type\":\"Organization\",\"@id\":\"https:\/\/www.ipsen.com\/switzerland\/#organization\",\"name\":\"Switzerland\",\"url\":\"https:\/\/www.ipsen.com\/switzerland\/\",\"logo\":{\"@type\":\"ImageObject\",\"inLanguage\":\"de-DE\",\"@id\":\"https:\/\/www.ipsen.com\/switzerland\/#\/schema\/logo\/image\/\",\"url\":\"https:\/\/www.ipsen.com\/switzerland\/wp-content\/uploads\/sites\/13\/2024\/03\/Logo-Ipsen.svg\",\"contentUrl\":\"https:\/\/www.ipsen.com\/switzerland\/wp-content\/uploads\/sites\/13\/2024\/03\/Logo-Ipsen.svg\",\"caption\":\"Switzerland\"},\"image\":{\"@id\":\"https:\/\/www.ipsen.com\/switzerland\/#\/schema\/logo\/image\/\"}}]}<\/script>\n<!-- \/ Yoast SEO plugin. -->","yoast_head_json":{"title":"Arbeiten bei Ipsen","description":"Entdecken Sie Ipsen-Karrieren in einer Vielzahl von Bereichen. Suchen Sie nach Stellen bei Ipsen, die Ihren einzigartigen F\u00e4higkeiten entsprechen, und das Leben von Patient:innen beeinflussen.","robots":{"index":"index","follow":"follow","max-snippet":"max-snippet:-1","max-image-preview":"max-image-preview:large","max-video-preview":"max-video-preview:-1"},"canonical":"https:\/\/www.ipsen.com\/switzerland\/karriere\/","og_locale":"de_DE","og_type":"article","og_title":"Arbeiten bei Ipsen","og_description":"Entdecken Sie Ipsen-Karrieren in einer Vielzahl von Bereichen. Suchen Sie nach Stellen bei Ipsen, die Ihren einzigartigen F\u00e4higkeiten entsprechen, und das Leben von Patient:innen beeinflussen.","og_url":"https:\/\/www.ipsen.com\/switzerland\/karriere\/","og_site_name":"Switzerland","article_modified_time":"2026-04-01T06:12:12+00:00","twitter_card":"summary_large_image","twitter_misc":{"Est. reading time":"1 minute"},"schema":{"@context":"https:\/\/schema.org","@graph":[{"@type":"WebPage","@id":"https:\/\/www.ipsen.com\/switzerland\/karriere\/","url":"https:\/\/www.ipsen.com\/switzerland\/karriere\/","name":"Arbeiten bei Ipsen","isPartOf":{"@id":"https:\/\/www.ipsen.com\/switzerland\/#website"},"datePublished":"2024-03-08T09:16:55+00:00","dateModified":"2026-04-01T06:12:12+00:00","description":"Entdecken Sie Ipsen-Karrieren in einer Vielzahl von Bereichen. Suchen Sie nach Stellen bei Ipsen, die Ihren einzigartigen F\u00e4higkeiten entsprechen, und das Leben von Patient:innen beeinflussen.","breadcrumb":{"@id":"https:\/\/www.ipsen.com\/switzerland\/karriere\/#breadcrumb"},"inLanguage":"de-DE","potentialAction":[{"@type":"ReadAction","target":["https:\/\/www.ipsen.com\/switzerland\/karriere\/"]}]},{"@type":"BreadcrumbList","@id":"https:\/\/www.ipsen.com\/switzerland\/karriere\/#breadcrumb","itemListElement":[{"@type":"ListItem","position":1,"name":"Home","item":"https:\/\/www.ipsen.com\/switzerland\/"},{"@type":"ListItem","position":2,"name":"Karriere"}]},{"@type":"WebSite","@id":"https:\/\/www.ipsen.com\/switzerland\/#website","url":"https:\/\/www.ipsen.com\/switzerland\/","name":"Switzerland","description":"","publisher":{"@id":"https:\/\/www.ipsen.com\/switzerland\/#organization"},"potentialAction":[{"@type":"SearchAction","target":{"@type":"EntryPoint","urlTemplate":"https:\/\/www.ipsen.com\/switzerland\/?s={search_term_string}"},"query-input":{"@type":"PropertyValueSpecification","valueRequired":true,"valueName":"search_term_string"}}],"inLanguage":"de-DE"},{"@type":"Organization","@id":"https:\/\/www.ipsen.com\/switzerland\/#organization","name":"Switzerland","url":"https:\/\/www.ipsen.com\/switzerland\/","logo":{"@type":"ImageObject","inLanguage":"de-DE","@id":"https:\/\/www.ipsen.com\/switzerland\/#\/schema\/logo\/image\/","url":"https:\/\/www.ipsen.com\/switzerland\/wp-content\/uploads\/sites\/13\/2024\/03\/Logo-Ipsen.svg","contentUrl":"https:\/\/www.ipsen.com\/switzerland\/wp-content\/uploads\/sites\/13\/2024\/03\/Logo-Ipsen.svg","caption":"Switzerland"},"image":{"@id":"https:\/\/www.ipsen.com\/switzerland\/#\/schema\/logo\/image\/"}}]}},"parsely":{"version":"1.1.0","canonical_url":"https:\/\/ipsen.com\/switzerland\/karriere\/","smart_links":{"inbound":0,"outbound":0},"traffic_boost_suggestions_count":0,"meta":{"@context":"https:\/\/schema.org","@type":"WebPage","headline":"Karriere","url":"http:\/\/www.ipsen.com\/switzerland\/karriere\/","mainEntityOfPage":{"@type":"WebPage","@id":"http:\/\/www.ipsen.com\/switzerland\/karriere\/"},"thumbnailUrl":"","image":{"@type":"ImageObject","url":""},"articleSection":"Unkategorisiert","author":[{"@type":"Person","name":"navya"}],"creator":["navya"],"publisher":{"@type":"Organization","name":"Switzerland","logo":""},"keywords":[],"dateCreated":"2024-03-08T09:16:55Z","datePublished":"2024-03-08T09:16:55Z","dateModified":"2026-04-01T06:12:12Z"},"rendered":"<script type=\"application\/ld+json\" class=\"wp-parsely-metadata\">{\"@context\":\"https:\\\/\\\/schema.org\",\"@type\":\"WebPage\",\"headline\":\"Karriere\",\"url\":\"http:\\\/\\\/www.ipsen.com\\\/switzerland\\\/karriere\\\/\",\"mainEntityOfPage\":{\"@type\":\"WebPage\",\"@id\":\"http:\\\/\\\/www.ipsen.com\\\/switzerland\\\/karriere\\\/\"},\"thumbnailUrl\":\"\",\"image\":{\"@type\":\"ImageObject\",\"url\":\"\"},\"articleSection\":\"Unkategorisiert\",\"author\":[{\"@type\":\"Person\",\"name\":\"navya\"}],\"creator\":[\"navya\"],\"publisher\":{\"@type\":\"Organization\",\"name\":\"Switzerland\",\"logo\":\"\"},\"keywords\":[],\"dateCreated\":\"2024-03-08T09:16:55Z\",\"datePublished\":\"2024-03-08T09:16:55Z\",\"dateModified\":\"2026-04-01T06:12:12Z\"}<\/script>","tracker_url":"https:\/\/cdn.parsely.com\/keys\/ipsen.com\/p.js"},"jetpack_sharing_enabled":true,"_links":{"self":[{"href":"https:\/\/www.ipsen.com\/switzerland\/wp-json\/wp\/v2\/pages\/44","targetHints":{"allow":["GET"]}}],"collection":[{"href":"https:\/\/www.ipsen.com\/switzerland\/wp-json\/wp\/v2\/pages"}],"about":[{"href":"https:\/\/www.ipsen.com\/switzerland\/wp-json\/wp\/v2\/types\/page"}],"author":[{"embeddable":true,"href":"https:\/\/www.ipsen.com\/switzerland\/wp-json\/wp\/v2\/users\/2"}],"replies":[{"embeddable":true,"href":"https:\/\/www.ipsen.com\/switzerland\/wp-json\/wp\/v2\/comments?post=44"}],"version-history":[{"count":23,"href":"https:\/\/www.ipsen.com\/switzerland\/wp-json\/wp\/v2\/pages\/44\/revisions"}],"predecessor-version":[{"id":23856,"href":"https:\/\/www.ipsen.com\/switzerland\/wp-json\/wp\/v2\/pages\/44\/revisions\/23856"}],"wp:attachment":[{"href":"https:\/\/www.ipsen.com\/switzerland\/wp-json\/wp\/v2\/media?parent=44"}],"curies":[{"name":"wp","href":"https:\/\/api.w.org\/{rel}","templated":true}]}}