{"id":43,"date":"2024-03-08T11:16:42","date_gmt":"2024-03-08T09:16:42","guid":{"rendered":"https:\/\/www.ipsen.com\/switzerland\/?page_id=43"},"modified":"2026-01-28T17:29:20","modified_gmt":"2026-01-28T15:29:20","slug":"verantwortung","status":"publish","type":"page","link":"https:\/\/www.ipsen.com\/switzerland\/verantwortung\/","title":{"rendered":"Verantwortung"},"content":{"rendered":"    <section class=\"sub-page-banner bg-img\" style=\"background-image:url(https:\/\/www.ipsen.com\/switzerland\/wp-content\/uploads\/sites\/13\/2025\/07\/Sustainability.jpg)\">\n        <div class=\"container content-sec\">\n            <nav aria-label=\"breadcrumb\">\n            <ol class=\"breadcrumb\">\n                <li class=\"breadcrumb-item\"><a href=\"https:\/\/www.ipsen.com\/switzerland\">Home<\/a><\/li><li class=\"breadcrumb-item active\"><a class=\"link-pointer-events-none\" href=\"#\" aria-current=\"page\">Verantwortung<\/a><\/li><\/ol>\n            <\/nav>            <h1 class=\"visible\">Verantwortung<\/h1>\n            <p class=\"visible\">Bei Ipsen f\u00f6rdern wir eine Kultur der Verantwortung, die sich auf alle Bereiche unseres Unternehmens erstreckt. <\/p>\n        <\/div>\n    <\/section>\n\n\n\t<!-- Hero Carousel Start Here-->\n\t<section class=\"hero-section no-filter\">\n\t\t<div class=\"hero_gridwidth container\"><!-- container class shown if gridlayout choosen -->\n\t\t\t<div id=\"heroCarousel\" class=\"carousel slide herocaro hero-banner-no-bg-image\" data-bs-ride=\"carousel\" data-enableplaybtn=\"\" data-autoplay= \"\"  data-autospeed= \"\" >\n\t\t\t\t<!-- Slider Indicator-->\n\t\t\t\t<div class=\"carousel-indicators hidden\">\n\t\t\t\t<button type=\"button\" data-bs-target=\"#heroCarousel\" data-bs-slide-to=\"0\" class=\"active\" aria-current=\"true\" aria-label=\"Slide 0\"><\/button>\t\t\t\t<\/div>\n\t\t\t\t<!-- Items -->\n\t\t\t\t<div class=\"carousel-inner\">\n\t\t\t\t\t\t\n\t\t\t\t\t\t<!-- Hero Banner with carousel HTML -->\n\t\t\t\t\t\t<div class=\"carousel-item active banner-no-filter\">\n\n\t\t\t\t\t\t\t\t\t\t\t\t\t\t\t<img decoding=\"async\" class=\"bd-placeholder-img visible\" alt=\"\" width=\"100%\" height=\"100%\" src=\"https:\/\/www.ipsen.com\/switzerland\/wp-content\/uploads\/sites\/13\/2025\/07\/Light-Hero-Banner.jpg\" \/> \n\t\t\t\t\t\t\t\n\t\t\t\t\t\t\t\t\n\n\t\t\t\t\t\t\t<div class=\"container align-left\">\n\t\t\t\t\t\t\t\t<div class=\"carousel-caption\">\n\t\t\t\t\t\t\t\t\t<h2 class=\"visible text-start heading-two banner-font-color-blue\">\n\t\t\t\t\t\t\t\t\t\tBei Ipsen setzen wir unsere Massnahmen durch unseren strukturierten Ansatz in die Tat um\t\t\t\t\t\t\t\t\t<\/h2>\n\t\t\t\t\t\t\t\t\t<div class=\"hidden text-start banner-font-color-blue\"><\/div>\n\t\t\t\t\t\t\t\t\t\n\t\t\t\t\t\t\t\t\t\t\t\t\t\t\t\t\t\t\n\t\t\t\t\t\t\t\t<\/div>\n\t\t\t\t\t\t\t<\/div>\n\t\t\t\t\t\t<\/div>\n\n\t\t\t\t\t\t\t\t\t<\/div>\n\t\t\t\t\n\t\t\t\t\n\t\t\t<\/div>\n\t\t<\/div>\n\t<\/section>\n\t<!-- Hero Carousel End Here-->\n  \n\n    <section class=\"title-text \">\n        <div class=\"container\">\n            <div class=\"title-text-inner\" style=\"background-color:#EDEBE4;\">\n\n                <!-- If heading is enabled then it's visible -->\n                <div class=\"text-head-dash visible\">\n                <h3 class=\"heading-three\" role=\"heading\" aria-level=\"2\">\n                        Generation Ipsen &#8211; F\u00fcr positiven Wandel                    <\/h3>\n                <\/div>\n               \n                <!-- If description is enabled then it's visible -->\n                <div class=\"text-parbase visible\">\n                    <p>Bei Ipsen wird unser Engagement f\u00fcr Verantwortung durch eine Identit\u00e4t gelebt, die unsere Mitarbeiter:innen mit einer gemeinsamen Vision vereint. Wir nennen sie Generation Ipsen \u2013 f\u00fcr positiven Wandel.<\/p>\n                <\/div>\n\n                <!-- If button is enabled then it's visible -->\n                \n            <\/div>\n        <\/div>\n    <\/section>\n\n\n\n<div class=\"wp-block-group alignfull\"><div class=\"wp-block-group__inner-container is-layout-constrained wp-block-group-is-layout-constrained\">\n<h2 class=\"wp-block-heading\">Generation Ipsen fokussiert sich auf die F\u00f6rderung positiver Massnahmen \u00fcber vier S\u00e4ulen:<\/h2>\n\n\n\n<figure class=\"wp-block-image alignwide size-full is-style-default\"><img loading=\"lazy\" decoding=\"async\" width=\"1200\" height=\"263\" src=\"https:\/\/www.ipsen.com\/switzerland\/wp-content\/uploads\/sites\/13\/2024\/04\/Module-5-\u2013-Environment_Gen-Ipsen-Environment-s.jpg\" alt=\"\" class=\"wp-image-23098\" srcset=\"https:\/\/www.ipsen.com\/switzerland\/wp-content\/uploads\/sites\/13\/2024\/04\/Module-5-\u2013-Environment_Gen-Ipsen-Environment-s.jpg 1200w, https:\/\/www.ipsen.com\/switzerland\/wp-content\/uploads\/sites\/13\/2024\/04\/Module-5-\u2013-Environment_Gen-Ipsen-Environment-s.jpg?resize=300,66 300w, https:\/\/www.ipsen.com\/switzerland\/wp-content\/uploads\/sites\/13\/2024\/04\/Module-5-\u2013-Environment_Gen-Ipsen-Environment-s.jpg?resize=768,168 768w, https:\/\/www.ipsen.com\/switzerland\/wp-content\/uploads\/sites\/13\/2024\/04\/Module-5-\u2013-Environment_Gen-Ipsen-Environment-s.jpg?resize=1024,224 1024w\" sizes=\"auto, (max-width: 1200px) 100vw, 1200px\" \/><\/figure>\n\n\n    <section class=\"title-text \">\n        <div class=\"container\">\n            <div class=\"title-text-inner\" style=\"background-color:#EDEBE4;\">\n\n                <!-- If heading is enabled then it's visible -->\n                <div class=\"text-head-dash visible\">\n                <h3 class=\"heading-three\" role=\"heading\" aria-level=\"2\">\n                        Umwelt: Auf unseren Planeten achtgeben                    <\/h3>\n                <\/div>\n               \n                <!-- If description is enabled then it's visible -->\n                <div class=\"text-parbase visible\">\n                    <p>Der Klimawandel ist die gr\u00f6sste Herausforderung f\u00fcr unsere Generation. Wir konzentrieren uns stark auf die Reduzierung von Treibhausgasen\/Kohlenstoff, zielen aber auch darauf ab, die Auswirkungen von Ipsen in anderen Bereichen zu minimieren: eine f\u00fchrende Rolle beim Klima, dem Schutz nat\u00fcrlicher Ressourcen und \u00d6kosysteme sowie der Verbesserung der Produktnachhaltigkeit.<\/p>\n                <\/div>\n\n                <!-- If button is enabled then it's visible -->\n                \n            <\/div>\n        <\/div>\n    <\/section>\n<\/div><\/div>\n\n\n\n<div class=\"wp-block-group\"><div class=\"wp-block-group__inner-container is-layout-constrained wp-block-group-is-layout-constrained\">\n<figure class=\"wp-block-image size-large\"><img decoding=\"async\" src=\"https:\/\/www.ipsen.com\/switzerland\/wp-content\/uploads\/sites\/13\/2024\/04\/patients-s.jpg\" alt=\"\"\/><\/figure>\n\n\n    <section class=\"title-text \">\n        <div class=\"container\">\n            <div class=\"title-text-inner\" style=\"background-color:#EDEBE4;\">\n\n                <!-- If heading is enabled then it's visible -->\n                <div class=\"text-head-dash visible\">\n                <h3 class=\"heading-three\" role=\"heading\" aria-level=\"2\">\n                        Patient:innen: Die Patient:innen stehen im Mittelpunkt unseres Handelns                    <\/h3>\n                <\/div>\n               \n                <!-- If description is enabled then it's visible -->\n                <div class=\"text-parbase visible\">\n                    <p>Durch unseren Fokus auf die Bereiche Onkologie, seltene Krankheiten und Neurowissenschaften k\u00f6nnen wir die Bed\u00fcrfnisse der Patient:innen noch besser erf\u00fcllen. Wir sind darauf ausgerichtet, ein patientenorientiertes Erlebnis zu bieten, den Zugang zu guter Gesundheit zu erm\u00f6glichen und Innovationen voranzutreiben. Dieses Engagement zielt darauf ab, den Zugang, die Erschwinglichkeit und die Qualit\u00e4t unserer Therapien zu erh\u00f6hen.<\/p>\n                <\/div>\n\n                <!-- If button is enabled then it's visible -->\n                \n            <\/div>\n        <\/div>\n    <\/section>\n<\/div><\/div>\n\n\n\n<div class=\"wp-block-group alignfull\"><div class=\"wp-block-group__inner-container is-layout-constrained wp-block-group-is-layout-constrained\">\n<figure class=\"wp-block-image size-large\"><img decoding=\"async\" src=\"https:\/\/www.ipsen.com\/switzerland\/wp-content\/uploads\/sites\/13\/2024\/04\/mitarbeiter-s.jpg\" alt=\"\"\/><\/figure>\n\n\n    <section class=\"title-text \">\n        <div class=\"container\">\n            <div class=\"title-text-inner\" style=\"background-color:#EDEBE4;\">\n\n                <!-- If heading is enabled then it's visible -->\n                <div class=\"text-head-dash visible\">\n                <h3 class=\"heading-three\" role=\"heading\" aria-level=\"2\">\n                        Mitarbeiter:innen: Leidenschaftliche Menschen, die jeden Tag etwas bewirken                    <\/h3>\n                <\/div>\n               \n                <!-- If description is enabled then it's visible -->\n                <div class=\"text-parbase visible\">\n                    <p>Wir widmen uns der F\u00fcrsorge f\u00fcr unsere Mitarbeiter:innen und Gemeinschaften. Wir sind davon \u00fcberzeugt, dass alle Mitarbeiter:innen fair behandelt werden, und im Sinne von Diversity, Equity and Inclusion (DE&amp;I) arbeiten wir unerm\u00fcdlich daran, die Gesundheit, die Sicherheit und das Wohlbefinden unserer Teams zu optimieren. Ausserdem f\u00f6rdern und belohnen wir Talente und sorgen daf\u00fcr, dass sich alle Mitarbeiter:innen wertgesch\u00e4tzt und unterst\u00fctzt f\u00fchlen.<\/p>\n                <\/div>\n\n                <!-- If button is enabled then it's visible -->\n                \n            <\/div>\n        <\/div>\n    <\/section>\n<\/div><\/div>\n\n\n\n<div class=\"wp-block-group alignfull\"><div class=\"wp-block-group__inner-container is-layout-constrained wp-block-group-is-layout-constrained\">\n<figure class=\"wp-block-image size-large\"><img decoding=\"async\" src=\"https:\/\/www.ipsen.com\/switzerland\/wp-content\/uploads\/sites\/13\/2024\/04\/governance-s.jpg\" alt=\"\"\/><\/figure>\n\n\n    <section class=\"title-text \">\n        <div class=\"container\">\n            <div class=\"title-text-inner\" style=\"background-color:#EDEBE4;\">\n\n                <!-- If heading is enabled then it's visible -->\n                <div class=\"text-head-dash visible\">\n                <h3 class=\"heading-three\" role=\"heading\" aria-level=\"2\">\n                        Unternehmensf\u00fchrung: Handeln mit Integrit\u00e4t und Transparenz                    <\/h3>\n                <\/div>\n               \n                <!-- If description is enabled then it's visible -->\n                <div class=\"text-parbase visible\">\n                    <p>Unsere Nachhaltigkeit gr\u00fcndet auf einer tief verwurzelten ethischen Denkweise. Auf allen Ebenen unserer Organisation und in all unseren Betrieben verpflichten wir uns, mit Integrit\u00e4t und Transparenz zu handeln. Dabei legen wir besonderen Wert auf ethische und verantwortungsvolle Gesch\u00e4ftspraktiken sowie auf Transparenz.<\/p>\n                <\/div>\n\n                <!-- If button is enabled then it's visible -->\n                \n            <\/div>\n        <\/div>\n    <\/section>\n<\/div><\/div>\n\n\n    <section class=\"title-text \">\n        <div class=\"container\">\n            <div class=\"title-text-inner\" style=\"background-color:#EDEBE4;\">\n\n                <!-- If heading is enabled then it's visible -->\n                <div class=\"text-head-dash visible\">\n                <h3 class=\"heading-three\" role=\"heading\" aria-level=\"2\">\n                        Transparenzreports                    <\/h3>\n                <\/div>\n               \n                <!-- If description is enabled then it's visible -->\n                <div class=\"text-parbase visible\">\n                    <p>Als Unterzeichner des Pharma-Kooperations-Kodex zur Offenlegung geldwerter Leistungen von Scienceindustries hat sich Ipsen dazu verpflichtet, s\u00e4mtliche geldwerte Leistungen, die direkt oder indirekt zu Gunsten der Empf\u00e4nger an diese geleistet werden, zu dokumentieren und zu ver\u00f6ffentlichen.<\/p>\n<p>In dieser Rubrik finden Sie die Ver\u00f6ffentlichungsberichte der geldwerten Leistungen der letzten drei Jahre sowie Hinweise zur Methodik, wie die Erfassung und Offenlegung der ver\u00f6ffentlichungspflichtigen Angaben nach dem Kodex erfolgt. In Zweifelsf\u00e4llen zur Ver\u00f6ffentlichungspflicht einer konkreten Zuwendung ver\u00f6ffentlicht Ipsen die Zuwendung grunds\u00e4tzlich. Nur wenn die geldwerte Zuwendung eindeutig nicht in den Anwendungsbereich der Ver\u00f6ffentlichungspflichten f\u00e4llt, sehen wir von einer Ver\u00f6ffentlichung ab. Hinweise zur Methodik sind nach folgendem Muster aufgebaut: Unter einer konkreten Fragestellung folgen gegebenenfalls Erl\u00e4uterungen oder Beispiele sowie konkrete Hinweise, in welcher Weise Ipsen die Anforderungen des Pharma-Kooperations-Kodex der Science Industries f\u00fcr das jeweilige Berichtsjahr umsetzt.<\/p>\n<p><strong>2024<br \/>\n<\/strong><a href=\"https:\/\/www.ipsen.com\/switzerland\/wp-content\/uploads\/sites\/13\/2025\/07\/2024_CH_EFPIA_ScienceIndustries_English-V.1.0.pdf\" target=\"_blank\" rel=\"noopener\">Bericht 2024 HCP\/HCO<\/a><br \/>\n<a href=\"https:\/\/www.ipsen.com\/websites\/ipsen_com_v2\/wp-content\/uploads\/sites\/12\/2025\/08\/04160931\/CH_-Methodological_Note_Global_updated14February2025_New.pdf\" target=\"_blank\" rel=\"noopener\">Methodik 2024<\/a><strong><br \/>\n<\/strong><\/p>\n<p><strong>2023<\/strong><br \/>\n<a href=\"https:\/\/www.ipsen.com\/switzerland\/wp-content\/uploads\/sites\/13\/2024\/08\/2023_CH_v.1.0.pdf\" target=\"_blank\" rel=\"noopener\">Bericht 2023 HCP\/HCO<\/a><br \/>\n<a href=\"https:\/\/www.ipsen.com\/switzerland\/wp-content\/uploads\/sites\/13\/2024\/08\/CH_2023_Meth_notes-1.docx\" target=\"_blank\" rel=\"noopener\">Methodik 2023<\/a><\/p>\n<p><strong>2022<\/strong><br \/>\n<a href=\"https:\/\/www.ipsen.com\/switzerland\/wp-content\/uploads\/sites\/13\/2024\/04\/CH_2022_CH.pdf\" target=\"_blank\" rel=\"noopener\">Bericht 2022 HCP\/HCO<\/a><br \/>\n<a href=\"https:\/\/www.ipsen.com\/switzerland\/wp-content\/uploads\/sites\/13\/2024\/04\/CH_2022_Meth_notes.pdf\" target=\"_blank\" rel=\"noopener\">Methodik 2022<\/a><\/p>\n<p>&nbsp;<\/p>\n                <\/div>\n\n                <!-- If button is enabled then it's visible -->\n                \n            <\/div>\n        <\/div>\n    <\/section>\n\n\n\n<p class=\"has-text-align-center has-small-font-size\">ALLSC-CH-000016, 02\/2025<\/p>\n","protected":false},"excerpt":{"rendered":"","protected":false},"author":2,"featured_media":0,"parent":0,"menu_order":0,"comment_status":"closed","ping_status":"closed","template":"","meta":{"_acf_changed":false,"footnotes":""},"class_list":["post-43","page","type-page","status-publish","hentry","entry"],"acf":[],"yoast_head":"<!-- This site is optimized with the Yoast SEO plugin v26.8 - https:\/\/yoast.com\/product\/yoast-seo-wordpress\/ -->\n<title>Soziale Unternehmensverantwortung und ESG bei Ipsen<\/title>\n<meta name=\"description\" content=\"Geleitet von unseren S\u00e4ulen \u2013 Umwelt, Patient:innen, Menschen und Unternehmensf\u00fchrung \u2013 ist Ipsen bestrebt, bei all seinen Aktivit\u00e4ten stets verantwortungsvoll zu handeln.\" \/>\n<meta name=\"robots\" content=\"index, follow, max-snippet:-1, max-image-preview:large, max-video-preview:-1\" \/>\n<link rel=\"canonical\" href=\"https:\/\/www.ipsen.com\/switzerland\/verantwortung\/\" \/>\n<meta property=\"og:locale\" content=\"de_DE\" \/>\n<meta property=\"og:type\" content=\"article\" \/>\n<meta property=\"og:title\" content=\"Soziale Unternehmensverantwortung und ESG bei Ipsen\" \/>\n<meta property=\"og:description\" content=\"Geleitet von unseren S\u00e4ulen \u2013 Umwelt, Patient:innen, Menschen und Unternehmensf\u00fchrung \u2013 ist Ipsen bestrebt, bei all seinen Aktivit\u00e4ten stets verantwortungsvoll zu handeln.\" \/>\n<meta property=\"og:url\" content=\"https:\/\/www.ipsen.com\/switzerland\/verantwortung\/\" \/>\n<meta property=\"og:site_name\" content=\"Switzerland\" \/>\n<meta property=\"article:modified_time\" content=\"2026-01-28T15:29:20+00:00\" \/>\n<meta property=\"og:image\" content=\"https:\/\/www.ipsen.com\/switzerland\/wp-content\/uploads\/sites\/13\/2024\/04\/patients-s.jpg\" \/>\n<meta name=\"twitter:card\" content=\"summary_large_image\" \/>\n<meta name=\"twitter:label1\" content=\"Est. reading time\" \/>\n\t<meta name=\"twitter:data1\" content=\"1 minute\" \/>\n<script type=\"application\/ld+json\" class=\"yoast-schema-graph\">{\"@context\":\"https:\/\/schema.org\",\"@graph\":[{\"@type\":\"WebPage\",\"@id\":\"https:\/\/www.ipsen.com\/switzerland\/verantwortung\/\",\"url\":\"https:\/\/www.ipsen.com\/switzerland\/verantwortung\/\",\"name\":\"Soziale Unternehmensverantwortung und ESG bei Ipsen\",\"isPartOf\":{\"@id\":\"https:\/\/www.ipsen.com\/switzerland\/#website\"},\"primaryImageOfPage\":{\"@id\":\"https:\/\/www.ipsen.com\/switzerland\/verantwortung\/#primaryimage\"},\"image\":{\"@id\":\"https:\/\/www.ipsen.com\/switzerland\/verantwortung\/#primaryimage\"},\"thumbnailUrl\":\"https:\/\/www.ipsen.com\/switzerland\/wp-content\/uploads\/sites\/13\/2024\/04\/patients-s.jpg\",\"datePublished\":\"2024-03-08T09:16:42+00:00\",\"dateModified\":\"2026-01-28T15:29:20+00:00\",\"description\":\"Geleitet von unseren S\u00e4ulen \u2013 Umwelt, Patient:innen, Menschen und Unternehmensf\u00fchrung \u2013 ist Ipsen bestrebt, bei all seinen Aktivit\u00e4ten stets verantwortungsvoll zu handeln.\",\"breadcrumb\":{\"@id\":\"https:\/\/www.ipsen.com\/switzerland\/verantwortung\/#breadcrumb\"},\"inLanguage\":\"de-DE\",\"potentialAction\":[{\"@type\":\"ReadAction\",\"target\":[\"https:\/\/www.ipsen.com\/switzerland\/verantwortung\/\"]}]},{\"@type\":\"ImageObject\",\"inLanguage\":\"de-DE\",\"@id\":\"https:\/\/www.ipsen.com\/switzerland\/verantwortung\/#primaryimage\",\"url\":\"https:\/\/www.ipsen.com\/switzerland\/wp-content\/uploads\/sites\/13\/2024\/04\/patients-s.jpg\",\"contentUrl\":\"https:\/\/www.ipsen.com\/switzerland\/wp-content\/uploads\/sites\/13\/2024\/04\/patients-s.jpg\",\"width\":1200,\"height\":263},{\"@type\":\"BreadcrumbList\",\"@id\":\"https:\/\/www.ipsen.com\/switzerland\/verantwortung\/#breadcrumb\",\"itemListElement\":[{\"@type\":\"ListItem\",\"position\":1,\"name\":\"Home\",\"item\":\"https:\/\/www.ipsen.com\/switzerland\/\"},{\"@type\":\"ListItem\",\"position\":2,\"name\":\"Verantwortung\"}]},{\"@type\":\"WebSite\",\"@id\":\"https:\/\/www.ipsen.com\/switzerland\/#website\",\"url\":\"https:\/\/www.ipsen.com\/switzerland\/\",\"name\":\"Switzerland\",\"description\":\"\",\"publisher\":{\"@id\":\"https:\/\/www.ipsen.com\/switzerland\/#organization\"},\"potentialAction\":[{\"@type\":\"SearchAction\",\"target\":{\"@type\":\"EntryPoint\",\"urlTemplate\":\"https:\/\/www.ipsen.com\/switzerland\/?s={search_term_string}\"},\"query-input\":{\"@type\":\"PropertyValueSpecification\",\"valueRequired\":true,\"valueName\":\"search_term_string\"}}],\"inLanguage\":\"de-DE\"},{\"@type\":\"Organization\",\"@id\":\"https:\/\/www.ipsen.com\/switzerland\/#organization\",\"name\":\"Switzerland\",\"url\":\"https:\/\/www.ipsen.com\/switzerland\/\",\"logo\":{\"@type\":\"ImageObject\",\"inLanguage\":\"de-DE\",\"@id\":\"https:\/\/www.ipsen.com\/switzerland\/#\/schema\/logo\/image\/\",\"url\":\"https:\/\/www.ipsen.com\/switzerland\/wp-content\/uploads\/sites\/13\/2024\/03\/Logo-Ipsen.svg\",\"contentUrl\":\"https:\/\/www.ipsen.com\/switzerland\/wp-content\/uploads\/sites\/13\/2024\/03\/Logo-Ipsen.svg\",\"caption\":\"Switzerland\"},\"image\":{\"@id\":\"https:\/\/www.ipsen.com\/switzerland\/#\/schema\/logo\/image\/\"}}]}<\/script>\n<!-- \/ Yoast SEO plugin. -->","yoast_head_json":{"title":"Soziale Unternehmensverantwortung und ESG bei Ipsen","description":"Geleitet von unseren S\u00e4ulen \u2013 Umwelt, Patient:innen, Menschen und Unternehmensf\u00fchrung \u2013 ist Ipsen bestrebt, bei all seinen Aktivit\u00e4ten stets verantwortungsvoll zu handeln.","robots":{"index":"index","follow":"follow","max-snippet":"max-snippet:-1","max-image-preview":"max-image-preview:large","max-video-preview":"max-video-preview:-1"},"canonical":"https:\/\/www.ipsen.com\/switzerland\/verantwortung\/","og_locale":"de_DE","og_type":"article","og_title":"Soziale Unternehmensverantwortung und ESG bei Ipsen","og_description":"Geleitet von unseren S\u00e4ulen \u2013 Umwelt, Patient:innen, Menschen und Unternehmensf\u00fchrung \u2013 ist Ipsen bestrebt, bei all seinen Aktivit\u00e4ten stets verantwortungsvoll zu handeln.","og_url":"https:\/\/www.ipsen.com\/switzerland\/verantwortung\/","og_site_name":"Switzerland","article_modified_time":"2026-01-28T15:29:20+00:00","og_image":[{"url":"https:\/\/www.ipsen.com\/switzerland\/wp-content\/uploads\/sites\/13\/2024\/04\/patients-s.jpg","type":"","width":"","height":""}],"twitter_card":"summary_large_image","twitter_misc":{"Est. reading time":"1 minute"},"schema":{"@context":"https:\/\/schema.org","@graph":[{"@type":"WebPage","@id":"https:\/\/www.ipsen.com\/switzerland\/verantwortung\/","url":"https:\/\/www.ipsen.com\/switzerland\/verantwortung\/","name":"Soziale Unternehmensverantwortung und ESG bei Ipsen","isPartOf":{"@id":"https:\/\/www.ipsen.com\/switzerland\/#website"},"primaryImageOfPage":{"@id":"https:\/\/www.ipsen.com\/switzerland\/verantwortung\/#primaryimage"},"image":{"@id":"https:\/\/www.ipsen.com\/switzerland\/verantwortung\/#primaryimage"},"thumbnailUrl":"https:\/\/www.ipsen.com\/switzerland\/wp-content\/uploads\/sites\/13\/2024\/04\/patients-s.jpg","datePublished":"2024-03-08T09:16:42+00:00","dateModified":"2026-01-28T15:29:20+00:00","description":"Geleitet von unseren S\u00e4ulen \u2013 Umwelt, Patient:innen, Menschen und Unternehmensf\u00fchrung \u2013 ist Ipsen bestrebt, bei all seinen Aktivit\u00e4ten stets verantwortungsvoll zu handeln.","breadcrumb":{"@id":"https:\/\/www.ipsen.com\/switzerland\/verantwortung\/#breadcrumb"},"inLanguage":"de-DE","potentialAction":[{"@type":"ReadAction","target":["https:\/\/www.ipsen.com\/switzerland\/verantwortung\/"]}]},{"@type":"ImageObject","inLanguage":"de-DE","@id":"https:\/\/www.ipsen.com\/switzerland\/verantwortung\/#primaryimage","url":"https:\/\/www.ipsen.com\/switzerland\/wp-content\/uploads\/sites\/13\/2024\/04\/patients-s.jpg","contentUrl":"https:\/\/www.ipsen.com\/switzerland\/wp-content\/uploads\/sites\/13\/2024\/04\/patients-s.jpg","width":1200,"height":263},{"@type":"BreadcrumbList","@id":"https:\/\/www.ipsen.com\/switzerland\/verantwortung\/#breadcrumb","itemListElement":[{"@type":"ListItem","position":1,"name":"Home","item":"https:\/\/www.ipsen.com\/switzerland\/"},{"@type":"ListItem","position":2,"name":"Verantwortung"}]},{"@type":"WebSite","@id":"https:\/\/www.ipsen.com\/switzerland\/#website","url":"https:\/\/www.ipsen.com\/switzerland\/","name":"Switzerland","description":"","publisher":{"@id":"https:\/\/www.ipsen.com\/switzerland\/#organization"},"potentialAction":[{"@type":"SearchAction","target":{"@type":"EntryPoint","urlTemplate":"https:\/\/www.ipsen.com\/switzerland\/?s={search_term_string}"},"query-input":{"@type":"PropertyValueSpecification","valueRequired":true,"valueName":"search_term_string"}}],"inLanguage":"de-DE"},{"@type":"Organization","@id":"https:\/\/www.ipsen.com\/switzerland\/#organization","name":"Switzerland","url":"https:\/\/www.ipsen.com\/switzerland\/","logo":{"@type":"ImageObject","inLanguage":"de-DE","@id":"https:\/\/www.ipsen.com\/switzerland\/#\/schema\/logo\/image\/","url":"https:\/\/www.ipsen.com\/switzerland\/wp-content\/uploads\/sites\/13\/2024\/03\/Logo-Ipsen.svg","contentUrl":"https:\/\/www.ipsen.com\/switzerland\/wp-content\/uploads\/sites\/13\/2024\/03\/Logo-Ipsen.svg","caption":"Switzerland"},"image":{"@id":"https:\/\/www.ipsen.com\/switzerland\/#\/schema\/logo\/image\/"}}]}},"parsely":{"version":"1.1.0","canonical_url":"https:\/\/ipsen.com\/switzerland\/verantwortung\/","smart_links":{"inbound":0,"outbound":0},"traffic_boost_suggestions_count":0,"meta":{"@context":"https:\/\/schema.org","@type":"WebPage","headline":"Verantwortung","url":"http:\/\/www.ipsen.com\/switzerland\/verantwortung\/","mainEntityOfPage":{"@type":"WebPage","@id":"http:\/\/www.ipsen.com\/switzerland\/verantwortung\/"},"thumbnailUrl":"","image":{"@type":"ImageObject","url":""},"articleSection":"Unkategorisiert","author":[{"@type":"Person","name":"navya"}],"creator":["navya"],"publisher":{"@type":"Organization","name":"Switzerland","logo":""},"keywords":[],"dateCreated":"2024-03-08T09:16:42Z","datePublished":"2024-03-08T09:16:42Z","dateModified":"2026-01-28T15:29:20Z"},"rendered":"<script type=\"application\/ld+json\" class=\"wp-parsely-metadata\">{\"@context\":\"https:\\\/\\\/schema.org\",\"@type\":\"WebPage\",\"headline\":\"Verantwortung\",\"url\":\"http:\\\/\\\/www.ipsen.com\\\/switzerland\\\/verantwortung\\\/\",\"mainEntityOfPage\":{\"@type\":\"WebPage\",\"@id\":\"http:\\\/\\\/www.ipsen.com\\\/switzerland\\\/verantwortung\\\/\"},\"thumbnailUrl\":\"\",\"image\":{\"@type\":\"ImageObject\",\"url\":\"\"},\"articleSection\":\"Unkategorisiert\",\"author\":[{\"@type\":\"Person\",\"name\":\"navya\"}],\"creator\":[\"navya\"],\"publisher\":{\"@type\":\"Organization\",\"name\":\"Switzerland\",\"logo\":\"\"},\"keywords\":[],\"dateCreated\":\"2024-03-08T09:16:42Z\",\"datePublished\":\"2024-03-08T09:16:42Z\",\"dateModified\":\"2026-01-28T15:29:20Z\"}<\/script>","tracker_url":"https:\/\/cdn.parsely.com\/keys\/ipsen.com\/p.js"},"jetpack_sharing_enabled":true,"_links":{"self":[{"href":"https:\/\/www.ipsen.com\/switzerland\/wp-json\/wp\/v2\/pages\/43","targetHints":{"allow":["GET"]}}],"collection":[{"href":"https:\/\/www.ipsen.com\/switzerland\/wp-json\/wp\/v2\/pages"}],"about":[{"href":"https:\/\/www.ipsen.com\/switzerland\/wp-json\/wp\/v2\/types\/page"}],"author":[{"embeddable":true,"href":"https:\/\/www.ipsen.com\/switzerland\/wp-json\/wp\/v2\/users\/2"}],"replies":[{"embeddable":true,"href":"https:\/\/www.ipsen.com\/switzerland\/wp-json\/wp\/v2\/comments?post=43"}],"version-history":[{"count":107,"href":"https:\/\/www.ipsen.com\/switzerland\/wp-json\/wp\/v2\/pages\/43\/revisions"}],"predecessor-version":[{"id":23850,"href":"https:\/\/www.ipsen.com\/switzerland\/wp-json\/wp\/v2\/pages\/43\/revisions\/23850"}],"wp:attachment":[{"href":"https:\/\/www.ipsen.com\/switzerland\/wp-json\/wp\/v2\/media?parent=43"}],"curies":[{"name":"wp","href":"https:\/\/api.w.org\/{rel}","templated":true}]}}