{"id":42,"date":"2024-03-08T11:16:27","date_gmt":"2024-03-08T09:16:27","guid":{"rendered":"https:\/\/www.ipsen.com\/switzerland\/?page_id=42"},"modified":"2026-04-01T10:11:57","modified_gmt":"2026-04-01T08:11:57","slug":"patientinnen","status":"publish","type":"page","link":"https:\/\/www.ipsen.com\/switzerland\/patientinnen\/","title":{"rendered":"Patient:innen"},"content":{"rendered":"    <section class=\"sub-page-banner bg-img\" style=\"background-image:url(https:\/\/www.ipsen.com\/switzerland\/wp-content\/uploads\/sites\/13\/2025\/07\/Patients.jpg)\">\n        <div class=\"container content-sec\">\n            <nav aria-label=\"breadcrumb\">\n            <ol class=\"breadcrumb\">\n                <li class=\"breadcrumb-item\"><a href=\"https:\/\/www.ipsen.com\/switzerland\">Home<\/a><\/li><li class=\"breadcrumb-item active\"><a class=\"link-pointer-events-none\" href=\"#\" aria-current=\"page\">Patient:innen<\/a><\/li><\/ol>\n            <\/nav>            <h1 class=\"visible\">Patient:innen<\/h1>\n            <p class=\"visible\"><\/p>\n        <\/div>\n    <\/section>\n\n\n\t<!-- Hero Carousel Start Here-->\n\t<section class=\"hero-section no-filter\">\n\t\t<div class=\"hero_gridwidth container\"><!-- container class shown if gridlayout choosen -->\n\t\t\t<div id=\"heroCarousel\" class=\"carousel slide herocaro hero-banner-no-bg-image\" data-bs-ride=\"carousel\" data-enableplaybtn=\"\" data-autoplay= \"\"  data-autospeed= \"\" >\n\t\t\t\t<!-- Slider Indicator-->\n\t\t\t\t<div class=\"carousel-indicators hidden\">\n\t\t\t\t<button type=\"button\" data-bs-target=\"#heroCarousel\" data-bs-slide-to=\"0\" class=\"active\" aria-current=\"true\" aria-label=\"Slide 0\"><\/button>\t\t\t\t<\/div>\n\t\t\t\t<!-- Items -->\n\t\t\t\t<div class=\"carousel-inner\">\n\t\t\t\t\t\t\n\t\t\t\t\t\t<!-- Hero Banner with carousel HTML -->\n\t\t\t\t\t\t<div class=\"carousel-item active banner-no-filter\">\n\n\t\t\t\t\t\t\t\t\t\t\t\t\t\t\t<img decoding=\"async\" class=\"bd-placeholder-img visible\" alt=\"\" width=\"100%\" height=\"100%\" src=\"https:\/\/www.ipsen.com\/switzerland\/wp-content\/uploads\/sites\/13\/2025\/07\/Light-Hero-Banner.jpg\" \/> \n\t\t\t\t\t\t\t\n\t\t\t\t\t\t\t\t\n\n\t\t\t\t\t\t\t<div class=\"container align-left\">\n\t\t\t\t\t\t\t\t<div class=\"carousel-caption\">\n\t\t\t\t\t\t\t\t\t<h2 class=\"visible text-start heading-two banner-font-color-blue\">\n\t\t\t\t\t\t\t\t\t\tUnsere Motivation f\u00fcr alles was wir tun\t\t\t\t\t\t\t\t\t<\/h2>\n\t\t\t\t\t\t\t\t\t<div class=\"hidden text-start banner-font-color-blue\"><\/div>\n\t\t\t\t\t\t\t\t\t\n\t\t\t\t\t\t\t\t\t\t\t\t\t\t\t\t\t\t\n\t\t\t\t\t\t\t\t<\/div>\n\t\t\t\t\t\t\t<\/div>\n\t\t\t\t\t\t<\/div>\n\n\t\t\t\t\t\t\t\t\t<\/div>\n\t\t\t\t\n\t\t\t\t\n\t\t\t<\/div>\n\t\t<\/div>\n\t<\/section>\n\t<!-- Hero Carousel End Here-->\n  \n\n\n<div class=\"wp-block-columns is-layout-flex wp-container-core-columns-is-layout-9d6595d7 wp-block-columns-is-layout-flex\">\n<div class=\"wp-block-column is-layout-flow wp-block-column-is-layout-flow\" style=\"flex-basis:100%\">    <section class=\"title-text \">\n        <div class=\"container\">\n            <div class=\"title-text-inner\" style=\"background-color:#EDEBE4;\">\n\n                <!-- If heading is enabled then it's visible -->\n                <div class=\"text-head-dash visible\">\n                <h3 class=\"heading-three\" role=\"heading\" aria-level=\"2\">\n                        Arbeit mit Patient:innen, f\u00fcr Patient:innen                    <\/h3>\n                <\/div>\n               \n                <!-- If description is enabled then it's visible -->\n                <div class=\"text-parbase visible\">\n                    <p>Ipsen arbeitet mit Patient:innen, ihren Familien und mehr als 250 Patientenorganisationen auf der ganzen Welt auf globaler, regionaler und nationaler Ebene zusammen. Unsere wichtigsten Priorit\u00e4ten sind die Generierung von Daten und der Austausch von Erfahrungen. Wir m\u00f6chten sicherstellen, dass die Patient:innen einen Platz am Tisch haben, wenn es um ihre Behandlung und die Entwicklungen von neuen Therapien geht. Wir sind der Meinung, dass diese Art der engen Zusammenarbeit und der Einbeziehung von Patient:innen unerl\u00e4sslich ist, um sicherzustellen, dass wir den richtigen Kurs einschlagen. Unser Ziel ist es, die Bed\u00fcrfnisse der Patient:innen zu verstehen und auf sie einzugehen, indem wir sie und ihre Betreuungspersonen an verschiedenen Punkten ihrer Reise unterst\u00fctzen.<\/p>\n<p>Wir bei Ipsen glauben an die Zusammenarbeit mit Patient:innen, f\u00fcr Patient:innen &#8211; global, sowie auch in der Schweiz. Auch in der Schweiz arbeiten wir mit diversen lokalen Patientenorganisationen zusammen.<\/p>\n                <\/div>\n\n                <!-- If button is enabled then it's visible -->\n                \n            <\/div>\n        <\/div>\n    <\/section>\n\n\n\t<!-- Ipsen Quotes Start -->\n\t<section class=\"quotes-section\" aria-label=\"quotes-section\">\n\t\t<div class=\"container\">\n\t\t\t\t<div class=\"slider-btns\">\n\t\t\t<button aria-label=\"Previous\" aria-labelledby=\"glider-quote-prev\" role=\"button\" class=\"glider-quote-prev\">\n\t\t\t\t<span><\/span>\n\t\t\t<\/button>\n\t\t\t<button aria-label=\"Next\" aria-labelledby=\"glider-quote-next\" role=\"button\" class=\"glider-quote-next\">\n\t\t\t\t<span><\/span>\n\t\t\t<\/button>\n\t\t<\/div>\n\t\t<!-- glider insert -->\n\t\t<div class=\"glider-contain\">\n\t\t\t<div class=\"glider-quote\">\n\t\t\t\t<!-- Quote box -->\n\t\t\t\t\t\t\t\t\t<div class=\"quote-sec-inner\"  >\n\t\t\t\t\t\t<div class=\"row\">\n\t\t\t\t\t\t\t<div class=\"column-1 col-xl-4 col-md-6 col-xs-12 \">\n\t\t\t\t\t\t\t\t\t\t\t\t\t\t\t\t\t<div class=\"quote-img\">\n\t\t\t\t\t\t\t\t\t\t<img decoding=\"async\" src=\"https:\/\/www.ipsen.com\/switzerland\/wp-content\/uploads\/sites\/13\/2025\/07\/Sandra-Silvestri.png\" alt=\"Author Image\" title=\"Author Image\" >\n\t\t\t\t\t\t\t\t\t<\/div>\n\t\t\t\t\t\t\t\t\t\t\t\t\t\t\t\t<\/div>\n\t\t\t\t\t\t\t<div class=\"column-2 col-xl-8 col-md-6 col-xs-12 \">\n\t\t\t\t\t\t\t\t<div class=\"quote-content\">\n\t\t\t\t\t\t\t\t\t<div class=\"quote-para \">\n\t\t\t\t\t\t\t\t\t\t<p class=\"para\">\n\t\t\t\t\t\t\t\t\t\t<p>Patients are driving everything we do at Ipsen. It is their experiences, insights and passion that drives us, and keeps us focused on what matters most: shaping positive change that can help people across the world to live better, longer lives.<\/p>\n\t\t\t\t\t\t\t\t\t\t<\/p>\n\t\t\t\t\t\t\t\t\t<\/div>\n\t\t\t\t\t\t\t\t\t<div class=\"quote-sign-div\">\n\t\t\t\t\t\t\t\t\t\t<div class=\"quote-author-div\">\n\t\t\t\t\t\t\t\t\t\t\t<div class=\"quote-dash-div\">\n\t\t\t\t\t\t\t\t\t\t\t\t<span class=\"quote-dash\"><\/span>\n\t\t\t\t\t\t\t\t\t\t\t\t\t\t\t\t\t\t\t\t\t\t\t\t\t\t\t\t<a href=\"#!\" target=\"\">\n\t\t\t\t\t\t\t\t\t\t\t\t\t\t\t\t\t<p class=\"quote-author primary-blue\">\n\t\t\t\t\t\t\t\t\t\t\t\t\t\t\t\t\t\tSandra Silvestri\t\t\t\t\t\t\t\t\t\t\t\t\t\t\t\t\t<\/p>\n\t\t\t\t\t\t\t\t\t\t\t\t\t\t\t\t<\/a>\n\t\t\t\t\t\t\t\t\t\t\t\t\t\t\t\t\t\t\t\t\t\t\t\t\t\t<\/div>\n\t\t\t\t\t\t\t\t\t\t\t\t\t\t\t\t\t\t\t\t\t\t\t\t\t<p class=\"quote-author-role\">\n\t\t\t\t\t\t\t\t\t\t\t\t\t\tM.D., Ph.D. | EVP, Chief Medical Officer, Head of Global Medical Affairs, Patient Safety and Patient Affairs\t\t\t\t\t\t\t\t\t\t\t\t\t<\/p> \n\t\t\t\t\t\t\t\t\t\t\t\t\t\t\t\t\t\t\t\t\t\t<\/div>\n\t\t\t\t\t\t\t\t\t<\/div>\n\t\t\t\t\t\t\t\t<\/div>\n\t\t\t\t\t\t\t<\/div>\n\t\t\t\t\t\t<\/div>\n\t\t\t\t\t<\/div>\n\t\t\t\t\t\t\t\t\t<div class=\"quote-sec-inner\"  >\n\t\t\t\t\t\t<div class=\"row\">\n\t\t\t\t\t\t\t<div class=\"column-1 col-xl-4 col-md-6 col-xs-12 \">\n\t\t\t\t\t\t\t\t\t\t\t\t\t\t\t\t\t<div class=\"quote-img\">\n\t\t\t\t\t\t\t\t\t\t<img decoding=\"async\" src=\"https:\/\/www.ipsen.com\/switzerland\/wp-content\/uploads\/sites\/13\/2025\/07\/bernadette-newpic.png\" alt=\"Author Image\" title=\"Author Image\" >\n\t\t\t\t\t\t\t\t\t<\/div>\n\t\t\t\t\t\t\t\t\t\t\t\t\t\t\t\t<\/div>\n\t\t\t\t\t\t\t<div class=\"column-2 col-xl-8 col-md-6 col-xs-12 \">\n\t\t\t\t\t\t\t\t<div class=\"quote-content\">\n\t\t\t\t\t\t\t\t\t<div class=\"quote-para \">\n\t\t\t\t\t\t\t\t\t\t<p class=\"para\">\n\t\t\t\t\t\t\t\t\t\t<p>Meine Arbeit in der Qualit\u00e4tssicherung von Ipsen Pharma Schweiz GmbH tr\u00e4gt dazu bei, dass unsere Patient:innen Medikamente in einwandfreier Qualit\u00e4t und entsprechend den Anforderungen der Schweizer Beh\u00f6rden erhalten.<\/p>\n\t\t\t\t\t\t\t\t\t\t<\/p>\n\t\t\t\t\t\t\t\t\t<\/div>\n\t\t\t\t\t\t\t\t\t<div class=\"quote-sign-div\">\n\t\t\t\t\t\t\t\t\t\t<div class=\"quote-author-div\">\n\t\t\t\t\t\t\t\t\t\t\t<div class=\"quote-dash-div\">\n\t\t\t\t\t\t\t\t\t\t\t\t<span class=\"quote-dash\"><\/span>\n\t\t\t\t\t\t\t\t\t\t\t\t\t\t\t\t\t\t\t\t\t\t\t\t\t\t\t\t<a href=\"#!\" target=\"\">\n\t\t\t\t\t\t\t\t\t\t\t\t\t\t\t\t\t<p class=\"quote-author primary-blue\">\n\t\t\t\t\t\t\t\t\t\t\t\t\t\t\t\t\t\tBernadette Saner\t\t\t\t\t\t\t\t\t\t\t\t\t\t\t\t\t<\/p>\n\t\t\t\t\t\t\t\t\t\t\t\t\t\t\t\t<\/a>\n\t\t\t\t\t\t\t\t\t\t\t\t\t\t\t\t\t\t\t\t\t\t\t\t\t\t<\/div>\n\t\t\t\t\t\t\t\t\t\t\t\t\t\t\t\t\t\t\t\t\t\t\t\t\t<p class=\"quote-author-role\">\n\t\t\t\t\t\t\t\t\t\t\t\t\t\tSenior Quality Affairs Manager Switzerland, FVP\t\t\t\t\t\t\t\t\t\t\t\t\t<\/p> \n\t\t\t\t\t\t\t\t\t\t\t\t\t\t\t\t\t\t\t\t\t\t<\/div>\n\t\t\t\t\t\t\t\t\t<\/div>\n\t\t\t\t\t\t\t\t<\/div>\n\t\t\t\t\t\t\t<\/div>\n\t\t\t\t\t\t<\/div>\n\t\t\t\t\t<\/div>\n\t\t\t\t\t\t\t<\/div>\n\t\t<\/div>\n\t\t\t<\/div>\n<\/section>\n<!-- Ipsen Quotes End -->\n\n\n<!-- Text & Media Block Code -->\n<section class=\"two-col-section text-media-section\">\n    <div class=\"container two-section-innner section-reverse\">\n        <div class=\"response-inner\" style=\"background-image: url('')\">\n            <div class=\"row section-reverse\">\n                <div class=\"col-xs-12 col-sm-12 col-md-6\">\n                                                    <div class=\"img-video-section\">\n                                <img decoding=\"async\" \n                                    src=\"https:\/\/www.ipsen.com\/switzerland\/wp-content\/uploads\/sites\/13\/2025\/07\/Module-9-\u2013-Lay-language-summaries_IPSEN_Production_Signes_056.jpg\" \n                                    alt=\"\" \n                                >\n                            <\/div>\n                                        <\/div>\n                <div class=\" col-xs-12 col-sm-12 col-md-6\">\n                    <div class=\"section-content\">\n                        <div class=\"heading-dash\">\n                                                            <span class=\"dash\"><\/span>\n                                <h4 class=\"heading-para heading-four\" role=\"heading\" aria-level=\"2\">\n                                    Klinische Studien von Ipsen                                <\/h4>\n                                                    <\/div>\n                                                <p>Ipsen f\u00fchrt bahnbrechende klinische Studien durch, um die Wissenschaft voranzubringen. Unser globales Netzwerk von Fachleuten aus dem Gesundheitswesen hilft uns, neue Behandlungen zu testen und ihre Wirksamkeit und Sicherheit zu gew\u00e4hrleisten.<\/p>\n<p>Unser Ziel ist es, neue Therapien zu entwickeln und bestehende Therapien zu verbessern, um das Leben und die Gesundheit der Patient:innen zu verbessern.<\/p>\n                            <a \n                            aria-label=\" about Klinische Studien von Ipsen\"  \n                                role=\"link\" \n                                class=\"btn-link hidden\"\n                                href=\"\" \n                                target=\"_self\"\n                            > \n                                 \n                            <\/a>\n\n                    <\/div>\n                <\/div>\n            <\/div>\n        <\/div>\n    <\/div>\n<\/section>\n\n<!-- Text & Media Block Code -->\n<section class=\"two-col-section text-media-section\">\n    <div class=\"container two-section-innner \">\n        <div class=\"response-inner\" style=\"background-image: url('')\">\n            <div class=\"row \">\n                <div class=\"col-xs-12 col-sm-12 col-md-6\">\n                                                    <div class=\"img-video-section\">\n                                <img decoding=\"async\" \n                                    src=\"https:\/\/www.ipsen.com\/switzerland\/wp-content\/uploads\/sites\/13\/2025\/07\/Module-5-\u2013-discover-the-right-team_06_181206-602_Supply-Chain-Purchasing-scaled-1.jpg\" \n                                    alt=\"\" \n                                >\n                            <\/div>\n                                        <\/div>\n                <div class=\" col-xs-12 col-sm-12 col-md-6\">\n                    <div class=\"section-content\">\n                        <div class=\"heading-dash\">\n                                                            <span class=\"dash\"><\/span>\n                                <h4 class=\"heading-para heading-four\" role=\"heading\" aria-level=\"2\">\n                                    Klinische Studien zug\u00e4nglich und verst\u00e4ndlich machen                                <\/h4>\n                                                    <\/div>\n                                                <p>Wir setzen uns daf\u00fcr ein, dass alle von uns ver\u00f6ffentlichten Forschungsergebnisse f\u00fcr jedermann frei zug\u00e4nglich sind. Um dies zu erreichen, arbeiten wir eng mit der Patientengemeinschaft zusammen, um Zusammenfassungen der wichtigsten klinischen Studien, die von Ipsen gesponsert werden, in leicht verst\u00e4ndlicher Sprache bereitzustellen, damit sie nicht nur verf\u00fcgbar, sondern f\u00fcr alle zug\u00e4nglich sind.<\/p>\n                            <a \n                            aria-label=\" about Klinische Studien zug\u00e4nglich und verst\u00e4ndlich machen\"  \n                                role=\"link\" \n                                class=\"btn-link hidden\"\n                                href=\"\" \n                                target=\"_self\"\n                            > \n                                 \n                            <\/a>\n\n                    <\/div>\n                <\/div>\n            <\/div>\n        <\/div>\n    <\/div>\n<\/section>\n\n<!-- Text & Media Block Code -->\n<section class=\"two-col-section text-media-section\">\n    <div class=\"container two-section-innner section-reverse\">\n        <div class=\"response-inner\" style=\"background-image: url('')\">\n            <div class=\"row section-reverse\">\n                <div class=\"col-xs-12 col-sm-12 col-md-6\">\n                                                    <div class=\"img-video-section\">\n                                <img decoding=\"async\" \n                                    src=\"https:\/\/www.ipsen.com\/switzerland\/wp-content\/uploads\/sites\/13\/2025\/07\/Module-1-\u2013-banner_Patients_Generation-Ipsen-Patients.jpg\" \n                                    alt=\"\" \n                                >\n                            <\/div>\n                                        <\/div>\n                <div class=\" col-xs-12 col-sm-12 col-md-6\">\n                    <div class=\"section-content\">\n                        <div class=\"heading-dash\">\n                                                            <span class=\"dash\"><\/span>\n                                <h4 class=\"heading-para heading-four\" role=\"heading\" aria-level=\"2\">\n                                    Unser Ansatz f\u00fcr Verantwortung                                <\/h4>\n                                                    <\/div>\n                                                <p>Mit Generation Ipsen \u2013 F\u00fcr positiven Wandel vereint Ipsen alle seine Mitarbeiter hinter seinem globalen Engagement f\u00fcr eine verantwortungsvolle Gesch\u00e4ftst\u00e4tigkeit. Dieser vollst\u00e4ndig integrierte Ansatz st\u00fctzt sich auf vier S\u00e4ulen: Umwelt, Patient:innen, Mitarbeiter:innen und Governance. Generation Ipsen soll sicherstellen, dass wir die Bed\u00fcrfnisse der Patient:innen erf\u00fcllen und gleichzeitig ethisch, verantwortungsvoll und gemeinschaftsorientiert arbeiten.<\/p>\n                            <a \n                            aria-label=\"Mehr erfahren about Unser Ansatz f\u00fcr Verantwortung\"  \n                                role=\"link\" \n                                class=\"btn-link section-btn cta-visible\"\n                                href=\"https:\/\/www.ipsen.com\/switzerland\/verantwortung\/\" \n                                target=\"_self\"\n                            > \n                                Mehr erfahren \n                            <\/a>\n\n                    <\/div>\n                <\/div>\n            <\/div>\n        <\/div>\n    <\/div>\n<\/section><\/div>\n<\/div>\n\n\n\n<p class=\"has-text-align-center has-small-font-size\">ALLSC-CH-000010, 04\/2026<\/p>\n","protected":false},"excerpt":{"rendered":"","protected":false},"author":2,"featured_media":0,"parent":0,"menu_order":0,"comment_status":"closed","ping_status":"closed","template":"","meta":{"_acf_changed":false,"footnotes":""},"class_list":["post-42","page","type-page","status-publish","hentry","entry"],"acf":[],"yoast_head":"<!-- This site is optimized with the Yoast SEO plugin v26.8 - https:\/\/yoast.com\/product\/yoast-seo-wordpress\/ -->\n<title>Ipsen setzt Patient:innen an die erste Stelle<\/title>\n<meta name=\"description\" content=\"Ipsen hat es sich zur Aufgabe gemacht, das Leben und die Gesundheit von Patient:innen mit Krebs, seltenen Krankheiten und neurologischen Erkrankungen zu verbessern.\" \/>\n<meta name=\"robots\" content=\"index, follow, max-snippet:-1, max-image-preview:large, max-video-preview:-1\" \/>\n<link rel=\"canonical\" href=\"https:\/\/www.ipsen.com\/switzerland\/patientinnen\/\" \/>\n<meta property=\"og:locale\" content=\"de_DE\" \/>\n<meta property=\"og:type\" content=\"article\" \/>\n<meta property=\"og:title\" content=\"Ipsen setzt Patient:innen an die erste Stelle\" \/>\n<meta property=\"og:description\" content=\"Ipsen hat es sich zur Aufgabe gemacht, das Leben und die Gesundheit von Patient:innen mit Krebs, seltenen Krankheiten und neurologischen Erkrankungen zu verbessern.\" \/>\n<meta property=\"og:url\" content=\"https:\/\/www.ipsen.com\/switzerland\/patientinnen\/\" \/>\n<meta property=\"og:site_name\" content=\"Switzerland\" \/>\n<meta property=\"article:modified_time\" content=\"2026-04-01T08:11:57+00:00\" \/>\n<meta name=\"twitter:card\" content=\"summary_large_image\" \/>\n<meta name=\"twitter:label1\" content=\"Est. reading time\" \/>\n\t<meta name=\"twitter:data1\" content=\"1 minute\" \/>\n<script type=\"application\/ld+json\" class=\"yoast-schema-graph\">{\"@context\":\"https:\/\/schema.org\",\"@graph\":[{\"@type\":\"WebPage\",\"@id\":\"https:\/\/www.ipsen.com\/switzerland\/patientinnen\/\",\"url\":\"https:\/\/www.ipsen.com\/switzerland\/patientinnen\/\",\"name\":\"Ipsen setzt Patient:innen an die erste Stelle\",\"isPartOf\":{\"@id\":\"https:\/\/www.ipsen.com\/switzerland\/#website\"},\"datePublished\":\"2024-03-08T09:16:27+00:00\",\"dateModified\":\"2026-04-01T08:11:57+00:00\",\"description\":\"Ipsen hat es sich zur Aufgabe gemacht, das Leben und die Gesundheit von Patient:innen mit Krebs, seltenen Krankheiten und neurologischen Erkrankungen zu verbessern.\",\"breadcrumb\":{\"@id\":\"https:\/\/www.ipsen.com\/switzerland\/patientinnen\/#breadcrumb\"},\"inLanguage\":\"de-DE\",\"potentialAction\":[{\"@type\":\"ReadAction\",\"target\":[\"https:\/\/www.ipsen.com\/switzerland\/patientinnen\/\"]}]},{\"@type\":\"BreadcrumbList\",\"@id\":\"https:\/\/www.ipsen.com\/switzerland\/patientinnen\/#breadcrumb\",\"itemListElement\":[{\"@type\":\"ListItem\",\"position\":1,\"name\":\"Home\",\"item\":\"https:\/\/www.ipsen.com\/switzerland\/\"},{\"@type\":\"ListItem\",\"position\":2,\"name\":\"Patient:innen\"}]},{\"@type\":\"WebSite\",\"@id\":\"https:\/\/www.ipsen.com\/switzerland\/#website\",\"url\":\"https:\/\/www.ipsen.com\/switzerland\/\",\"name\":\"Switzerland\",\"description\":\"\",\"publisher\":{\"@id\":\"https:\/\/www.ipsen.com\/switzerland\/#organization\"},\"potentialAction\":[{\"@type\":\"SearchAction\",\"target\":{\"@type\":\"EntryPoint\",\"urlTemplate\":\"https:\/\/www.ipsen.com\/switzerland\/?s={search_term_string}\"},\"query-input\":{\"@type\":\"PropertyValueSpecification\",\"valueRequired\":true,\"valueName\":\"search_term_string\"}}],\"inLanguage\":\"de-DE\"},{\"@type\":\"Organization\",\"@id\":\"https:\/\/www.ipsen.com\/switzerland\/#organization\",\"name\":\"Switzerland\",\"url\":\"https:\/\/www.ipsen.com\/switzerland\/\",\"logo\":{\"@type\":\"ImageObject\",\"inLanguage\":\"de-DE\",\"@id\":\"https:\/\/www.ipsen.com\/switzerland\/#\/schema\/logo\/image\/\",\"url\":\"https:\/\/www.ipsen.com\/switzerland\/wp-content\/uploads\/sites\/13\/2024\/03\/Logo-Ipsen.svg\",\"contentUrl\":\"https:\/\/www.ipsen.com\/switzerland\/wp-content\/uploads\/sites\/13\/2024\/03\/Logo-Ipsen.svg\",\"caption\":\"Switzerland\"},\"image\":{\"@id\":\"https:\/\/www.ipsen.com\/switzerland\/#\/schema\/logo\/image\/\"}}]}<\/script>\n<!-- \/ Yoast SEO plugin. -->","yoast_head_json":{"title":"Ipsen setzt Patient:innen an die erste Stelle","description":"Ipsen hat es sich zur Aufgabe gemacht, das Leben und die Gesundheit von Patient:innen mit Krebs, seltenen Krankheiten und neurologischen Erkrankungen zu verbessern.","robots":{"index":"index","follow":"follow","max-snippet":"max-snippet:-1","max-image-preview":"max-image-preview:large","max-video-preview":"max-video-preview:-1"},"canonical":"https:\/\/www.ipsen.com\/switzerland\/patientinnen\/","og_locale":"de_DE","og_type":"article","og_title":"Ipsen setzt Patient:innen an die erste Stelle","og_description":"Ipsen hat es sich zur Aufgabe gemacht, das Leben und die Gesundheit von Patient:innen mit Krebs, seltenen Krankheiten und neurologischen Erkrankungen zu verbessern.","og_url":"https:\/\/www.ipsen.com\/switzerland\/patientinnen\/","og_site_name":"Switzerland","article_modified_time":"2026-04-01T08:11:57+00:00","twitter_card":"summary_large_image","twitter_misc":{"Est. reading time":"1 minute"},"schema":{"@context":"https:\/\/schema.org","@graph":[{"@type":"WebPage","@id":"https:\/\/www.ipsen.com\/switzerland\/patientinnen\/","url":"https:\/\/www.ipsen.com\/switzerland\/patientinnen\/","name":"Ipsen setzt Patient:innen an die erste Stelle","isPartOf":{"@id":"https:\/\/www.ipsen.com\/switzerland\/#website"},"datePublished":"2024-03-08T09:16:27+00:00","dateModified":"2026-04-01T08:11:57+00:00","description":"Ipsen hat es sich zur Aufgabe gemacht, das Leben und die Gesundheit von Patient:innen mit Krebs, seltenen Krankheiten und neurologischen Erkrankungen zu verbessern.","breadcrumb":{"@id":"https:\/\/www.ipsen.com\/switzerland\/patientinnen\/#breadcrumb"},"inLanguage":"de-DE","potentialAction":[{"@type":"ReadAction","target":["https:\/\/www.ipsen.com\/switzerland\/patientinnen\/"]}]},{"@type":"BreadcrumbList","@id":"https:\/\/www.ipsen.com\/switzerland\/patientinnen\/#breadcrumb","itemListElement":[{"@type":"ListItem","position":1,"name":"Home","item":"https:\/\/www.ipsen.com\/switzerland\/"},{"@type":"ListItem","position":2,"name":"Patient:innen"}]},{"@type":"WebSite","@id":"https:\/\/www.ipsen.com\/switzerland\/#website","url":"https:\/\/www.ipsen.com\/switzerland\/","name":"Switzerland","description":"","publisher":{"@id":"https:\/\/www.ipsen.com\/switzerland\/#organization"},"potentialAction":[{"@type":"SearchAction","target":{"@type":"EntryPoint","urlTemplate":"https:\/\/www.ipsen.com\/switzerland\/?s={search_term_string}"},"query-input":{"@type":"PropertyValueSpecification","valueRequired":true,"valueName":"search_term_string"}}],"inLanguage":"de-DE"},{"@type":"Organization","@id":"https:\/\/www.ipsen.com\/switzerland\/#organization","name":"Switzerland","url":"https:\/\/www.ipsen.com\/switzerland\/","logo":{"@type":"ImageObject","inLanguage":"de-DE","@id":"https:\/\/www.ipsen.com\/switzerland\/#\/schema\/logo\/image\/","url":"https:\/\/www.ipsen.com\/switzerland\/wp-content\/uploads\/sites\/13\/2024\/03\/Logo-Ipsen.svg","contentUrl":"https:\/\/www.ipsen.com\/switzerland\/wp-content\/uploads\/sites\/13\/2024\/03\/Logo-Ipsen.svg","caption":"Switzerland"},"image":{"@id":"https:\/\/www.ipsen.com\/switzerland\/#\/schema\/logo\/image\/"}}]}},"parsely":{"version":"1.1.0","canonical_url":"https:\/\/ipsen.com\/switzerland\/patientinnen\/","smart_links":{"inbound":0,"outbound":0},"traffic_boost_suggestions_count":0,"meta":{"@context":"https:\/\/schema.org","@type":"WebPage","headline":"Patient:innen","url":"http:\/\/www.ipsen.com\/switzerland\/patientinnen\/","mainEntityOfPage":{"@type":"WebPage","@id":"http:\/\/www.ipsen.com\/switzerland\/patientinnen\/"},"thumbnailUrl":"","image":{"@type":"ImageObject","url":""},"articleSection":"Unkategorisiert","author":[{"@type":"Person","name":"navya"}],"creator":["navya"],"publisher":{"@type":"Organization","name":"Switzerland","logo":""},"keywords":[],"dateCreated":"2024-03-08T09:16:27Z","datePublished":"2024-03-08T09:16:27Z","dateModified":"2026-04-01T08:11:57Z"},"rendered":"<script type=\"application\/ld+json\" class=\"wp-parsely-metadata\">{\"@context\":\"https:\\\/\\\/schema.org\",\"@type\":\"WebPage\",\"headline\":\"Patient:innen\",\"url\":\"http:\\\/\\\/www.ipsen.com\\\/switzerland\\\/patientinnen\\\/\",\"mainEntityOfPage\":{\"@type\":\"WebPage\",\"@id\":\"http:\\\/\\\/www.ipsen.com\\\/switzerland\\\/patientinnen\\\/\"},\"thumbnailUrl\":\"\",\"image\":{\"@type\":\"ImageObject\",\"url\":\"\"},\"articleSection\":\"Unkategorisiert\",\"author\":[{\"@type\":\"Person\",\"name\":\"navya\"}],\"creator\":[\"navya\"],\"publisher\":{\"@type\":\"Organization\",\"name\":\"Switzerland\",\"logo\":\"\"},\"keywords\":[],\"dateCreated\":\"2024-03-08T09:16:27Z\",\"datePublished\":\"2024-03-08T09:16:27Z\",\"dateModified\":\"2026-04-01T08:11:57Z\"}<\/script>","tracker_url":"https:\/\/cdn.parsely.com\/keys\/ipsen.com\/p.js"},"jetpack_sharing_enabled":true,"_links":{"self":[{"href":"https:\/\/www.ipsen.com\/switzerland\/wp-json\/wp\/v2\/pages\/42","targetHints":{"allow":["GET"]}}],"collection":[{"href":"https:\/\/www.ipsen.com\/switzerland\/wp-json\/wp\/v2\/pages"}],"about":[{"href":"https:\/\/www.ipsen.com\/switzerland\/wp-json\/wp\/v2\/types\/page"}],"author":[{"embeddable":true,"href":"https:\/\/www.ipsen.com\/switzerland\/wp-json\/wp\/v2\/users\/2"}],"replies":[{"embeddable":true,"href":"https:\/\/www.ipsen.com\/switzerland\/wp-json\/wp\/v2\/comments?post=42"}],"version-history":[{"count":46,"href":"https:\/\/www.ipsen.com\/switzerland\/wp-json\/wp\/v2\/pages\/42\/revisions"}],"predecessor-version":[{"id":23858,"href":"https:\/\/www.ipsen.com\/switzerland\/wp-json\/wp\/v2\/pages\/42\/revisions\/23858"}],"wp:attachment":[{"href":"https:\/\/www.ipsen.com\/switzerland\/wp-json\/wp\/v2\/media?parent=42"}],"curies":[{"name":"wp","href":"https:\/\/api.w.org\/{rel}","templated":true}]}}