{"id":37,"date":"2024-03-08T11:15:43","date_gmt":"2024-03-08T09:15:43","guid":{"rendered":"https:\/\/www.ipsen.com\/switzerland\/?page_id=37"},"modified":"2025-12-16T15:07:39","modified_gmt":"2025-12-16T13:07:39","slug":"produkte","status":"publish","type":"page","link":"https:\/\/www.ipsen.com\/switzerland\/produkte\/","title":{"rendered":"Produkte_o"},"content":{"rendered":"    <section class=\"sub-page-banner bg-img\" style=\"background-image:url(https:\/\/www.ipsen.com\/switzerland\/wp-content\/uploads\/sites\/13\/2025\/07\/Health-Medicines.jpg)\">\n        <div class=\"container content-sec\">\n            <nav aria-label=\"breadcrumb\">\n            <ol class=\"breadcrumb\">\n                <li class=\"breadcrumb-item\"><a href=\"https:\/\/www.ipsen.com\/switzerland\">Home<\/a><\/li><li class=\"breadcrumb-item active\"><a href=\"#\" aria-current=\"page\">Therapiegebiete &#8211; Produkte_o<\/a><\/li><\/ol>\n            <\/nav>            <h1 class=\"visible\">Produkte_o<\/h1>\n            <p class=\"visible\">In Bereichen mit hohem ungedecktem medizinischem Bedarf und zur Verbesserung der Lebensqualit\u00e4t der Patient:innen<\/p>\n        <\/div>\n    <\/section>\n\n\n\n<div class=\"wp-block-columns is-layout-flex wp-container-core-columns-is-layout-9d6595d7 wp-block-columns-is-layout-flex\">\n<div class=\"wp-block-column is-layout-flow wp-block-column-is-layout-flow\" style=\"flex-basis:75%\">    <section class=\"title-text \">\n        <div class=\"container\">\n            <div class=\"title-text-inner\" style=\"background-color:#EDEBE4;\">\n\n                <!-- If heading is enabled then it's visible -->\n                <div class=\"text-head-dash visible\">\n                <h3 class=\"heading-three\" role=\"heading\" aria-level=\"2\">\n                        Unser Fokus  auf drei Therapiebereiche                    <\/h3>\n                <\/div>\n               \n                <!-- If description is enabled then it's visible -->\n                <div class=\"text-parbase visible\">\n                    <p>Wir konzentrieren uns auf die Entwicklung innovativer Therapien in unseren drei Therapiebereichen: Onkologie, Neurowissenschaften und seltene Krankheiten. Unsere \u00dcberzeugung ist, dass wir durch die Konzentration auf Krankheiten und St\u00f6rungen in diesen Bereichen die Lebensqualit\u00e4t der Patient:innen und ihrer Familien positiv beeinflussen k\u00f6nnen.<\/p>\n<p>Unsere Produkte sind das Ergebnis jahrzehntelanger Erfahrung, Forschung und Entwicklung. Wir sind stolz auf das Portfolio von Medikamenten, die wir auf den Markt gebracht haben, und wir sind entschlossen, die n\u00e4chste Generation von Therapien f\u00fcr Patient:innen zu entwickeln.<\/p>\n                <\/div>\n\n                <!-- If button is enabled then it's visible -->\n                \n            <\/div>\n        <\/div>\n    <\/section>\n\n\n\n<!--Alert Card Layout Start Here-->\n<section class=\"alertcard-section\">\n      <div class=\"container\">\n        <!--Alert Box HTML Start Here-->\n        <div class=\"alert-box general-box\">\n                    <div class=\"info-icon\">\n              <span class=\"info-circle\"><img decoding=\"async\" src=\"https:\/\/www.ipsen.com\/switzerland\/wp-content\/themes\/ipsen-main\/dist\/images\/alert-info-icon.png\" alt=\"Alert\"\/><\/i>\n            <\/div>\n                    <div class=\"info-contents\">\n          <h4 role=\"heading\" aria-level=\"2\" class=\"info-head heading-four heading-four\">Ipsen Portal f\u00fcr Fachpersonen<\/h4>\n            <p class=\"info-sub-head-para hidden heading-para\"><\/p>\n            <div class=\"alert-content visible\"><p>F\u00fcr Informationen und Services zu unseren Produkten besuchen Sie bitte <strong><a href=\"http:\/\/www.ipsen-med.ch\">www.ipsen-med.ch<\/a><\/strong><\/p>\n<\/div>\n          <\/div>\n        <\/div>\n        <!--Alert Box HTML Start Here-->\n      <\/div>\n    <\/section>\n<!--Alert Card Layout End Here-->\n\n\n    <section class=\"side-panel related-download\">\n        <div class=\"container\">\n            <div class=\"download-card-inner\">\n                <div class=\"download-card-head visible\">\n                    <h6 class=\"download-block-title heading-six\">\n                        Bestellformular f\u00fcr \u00c4rzte, Spit\u00e4ler &amp; Apotheken                    <\/h6>\n                <\/div>\n                <div class=\"download-card-list\">\n                    <ul style=\"border: 1px solid #C4C9CB\">\n\n                        <!--                             <li>\n                                <a href=\"javascript:void(0);\" onclick=\"demoFromHTML();\">\n                                    Download This &nbsp;&nbsp;\n                                    <span class=\"pdf-icon\"><img decoding=\"async\" src=\"\"><\/span>\n                                    &nbsp;<span class=\"pdf-size\"><\/span>\n                                <\/a>\n                            <\/li> \n                            <hr class=\"down-divider\">\n                         -->\n\n                                                        <li>\n                                    <a href=\"https:\/\/www.ipsen.com\/switzerland\/wp-content\/uploads\/sites\/13\/2025\/02\/Bestellformular-Ipsen_DE-08.2025.pdf\" target=\"_blank\">\n                                        Bestellformular                                        \n                                                &nbsp;&nbsp;<span class=\"pdf-icon\"><img decoding=\"async\" src=\"https:\/\/www.ipsen.com\/switzerland\/wp-content\/themes\/ipsen-main\/dist\/images\/pdf_icon_new.png\" alt=\"Herunterladen\" title=\"Herunterladen\"><\/span>&nbsp;\n                                        \n                                         \n                                            <span class=\"pdf-size\">(522 KB)<\/span>\n                                                                            <\/a>\n                                <\/li> \n                                        <\/ul>\n                <\/div>\n            <\/div>\n        <\/div>\n    <\/section>\n<\/div>\n\n\n\n<div class=\"wp-block-column is-layout-flow wp-block-column-is-layout-flow\" style=\"flex-basis:25%\">\n    <section class=\"side-panel contacts-card\">\n        <div class=\"container\">\n            <div class=\"side-media-contacts\">\n    <div class=\"media-contacts-head visible\">\n    <h6 class=\"contact-side heading-six\" role=\"heading\" aria-level=\"2\">\n            Wichtige Kontakte        <\/h6>\n    <\/div>\n    <div class=\"media-contacts-list\">\n        <div class=\"main-media-contact-list\">\n                               \n                        \n                        <h5 class=\"name-label visible\" role=\"heading\" aria-level=\"3\">Medizinische Anfragen (DACH)<\/h5>\n                                                    <p class=\"designation-label\">F\u00fcr schriftliche Anfragen nutzen Sie bitte das Kontaktformular<\/p>\n                                                <!--<p class=\"designation-country \"><\/p> -->\n                        \n                        <div class=\"parent-list\">\n                            \n                                                            <ul class=\"phone-child visible\" >\n                                    <li class=\"phone\"><img decoding=\"async\" src=\"https:\/\/www.ipsen.com\/switzerland\/wp-content\/themes\/ipsen-main\/dist\/images\/Phone-Icon-New.svg\" alt=\"Telefonnummer\"><\/li>\n                                    <li class=\"phone-number\"><a href=\"tel:+49 89 262 043 289\" id=\"user_phone\">+49 89 262 043 289<\/a><\/li>\n                                    <li class=\"copy-icon\">\n                                        <button type=\"button\" class=\"copy-btn desktop-view\" data-value=\"+49 89 262 043 289\" aria-label=\"Telefonnummer kopieren\">\n                                            <img decoding=\"async\" src=\"https:\/\/www.ipsen.com\/switzerland\/wp-content\/themes\/ipsen-main\/dist\/images\/Copy-Icon-New.svg\" alt=\"\">\n                                        <\/button>\n                                    <\/li>\n                                <\/ul>\n                            \n                              \n\n                            \n                                                      <\/ul>          \n                        <\/div>\n                                            \n\n                    <hr class=\"down-divider visible\"> \n                                   \n                        \n                        <h5 class=\"name-label visible\" role=\"heading\" aria-level=\"3\">Nebenwirkungsmeldung (DACH)<\/h5>\n                                                    <p class=\"designation-label\"><\/p>\n                                                <!--<p class=\"designation-country \"><\/p> -->\n                        \n                        <div class=\"parent-list\">\n                            \n                                                            <ul class=\"phone-child visible\" >\n                                    <li class=\"phone\"><img decoding=\"async\" src=\"https:\/\/www.ipsen.com\/switzerland\/wp-content\/themes\/ipsen-main\/dist\/images\/Phone-Icon-New.svg\" alt=\"Telefonnummer\"><\/li>\n                                    <li class=\"phone-number\"><a href=\"tel:+49 89 262 043 289\" id=\"user_phone\">+49 89 262 043 289<\/a><\/li>\n                                    <li class=\"copy-icon\">\n                                        <button type=\"button\" class=\"copy-btn desktop-view\" data-value=\"+49 89 262 043 289\" aria-label=\"Telefonnummer kopieren\">\n                                            <img decoding=\"async\" src=\"https:\/\/www.ipsen.com\/switzerland\/wp-content\/themes\/ipsen-main\/dist\/images\/Copy-Icon-New.svg\" alt=\"\">\n                                        <\/button>\n                                    <\/li>\n                                <\/ul>\n                            \n                              \n\n                                                            <ul class=\"email-child visible\">\n                                    <li class=\"email\"><img decoding=\"async\" src=\"https:\/\/www.ipsen.com\/switzerland\/wp-content\/themes\/ipsen-main\/dist\/images\/Mail-Icon-New.svg\" alt=\"Adresse\"><\/li>\n                                    <li class=\"email-id\"><a href=\"mailto:pharmacovigilance.germany@ipsen.com\" id=\"user_email\">pharmacovigilance.germany@ipsen.com<\/a><\/li>\n                                    <li class=\"copy-icon\">\n                                        <button type=\"button\" class=\"copy-btn desktop-view\" data-value=\"pharmacovigilance.germany@ipsen.com\" aria-label=\"E-Mail-Adresse\">\n                                            <img decoding=\"async\" src=\"https:\/\/www.ipsen.com\/switzerland\/wp-content\/themes\/ipsen-main\/dist\/images\/Copy-Icon-New.svg\" alt=\"\">\n                                        <\/button>\n                                    <\/li>\n                                <\/ul>\n                            \n                                                      <\/ul>          \n                        <\/div>\n                                            \n\n                    <hr class=\"down-divider visible\"> \n                                   \n                        \n                        <h5 class=\"name-label visible\" role=\"heading\" aria-level=\"3\">Qualit\u00e4tsmangel (CH)<\/h5>\n                                                <!--<p class=\"designation-country \"><\/p> -->\n                        \n                        <div class=\"parent-list\">\n                            \n                            \n                              \n\n                                                            <ul class=\"email-child visible\">\n                                    <li class=\"email\"><img decoding=\"async\" src=\"https:\/\/www.ipsen.com\/switzerland\/wp-content\/themes\/ipsen-main\/dist\/images\/Mail-Icon-New.svg\" alt=\"Adresse\"><\/li>\n                                    <li class=\"email-id\"><a href=\"mailto:quality.ch@ipsen.com\" id=\"user_email\">quality.ch@ipsen.com<\/a><\/li>\n                                    <li class=\"copy-icon\">\n                                        <button type=\"button\" class=\"copy-btn desktop-view\" data-value=\"quality.ch@ipsen.com\" aria-label=\"E-Mail-Adresse\">\n                                            <img decoding=\"async\" src=\"https:\/\/www.ipsen.com\/switzerland\/wp-content\/themes\/ipsen-main\/dist\/images\/Copy-Icon-New.svg\" alt=\"\">\n                                        <\/button>\n                                    <\/li>\n                                <\/ul>\n                            \n                                                      <\/ul>          \n                        <\/div>\n                                            \n\n                    <hr class=\"down-divider visible\"> \n                                 \n        <\/div>\n\n        \n    <\/div>\n<\/div>        <\/div> \n    <\/section>\n<\/div>\n<\/div>\n\n\n\n<p class=\"has-text-align-center has-small-font-size\">ALLSC-CH-000009, 04\/2024<\/p>\n","protected":false},"excerpt":{"rendered":"","protected":false},"author":2,"featured_media":0,"parent":0,"menu_order":0,"comment_status":"closed","ping_status":"closed","template":"","meta":{"_acf_changed":false,"footnotes":""},"class_list":["post-37","page","type-page","status-publish","hentry","entry"],"acf":[],"yoast_head":"<!-- This site is optimized with the Yoast SEO plugin v26.8 - https:\/\/yoast.com\/product\/yoast-seo-wordpress\/ -->\n<title>Pharmazeutische Produkte von Ipsen<\/title>\n<meta name=\"description\" content=\"\u00dcberblick \u00fcber die von Ipsen entwickelten und hergestellten pharmazeutischen Produkte in den Bereichen Onkologie, Neurowissenschaften und seltene Krankheiten.\" \/>\n<meta name=\"robots\" content=\"index, follow, max-snippet:-1, max-image-preview:large, max-video-preview:-1\" \/>\n<link rel=\"canonical\" href=\"https:\/\/www.ipsen.com\/switzerland\/produkte\/\" \/>\n<meta property=\"og:locale\" content=\"de_DE\" \/>\n<meta property=\"og:type\" content=\"article\" \/>\n<meta property=\"og:title\" content=\"Pharmazeutische Produkte von Ipsen\" \/>\n<meta property=\"og:description\" content=\"\u00dcberblick \u00fcber die von Ipsen entwickelten und hergestellten pharmazeutischen Produkte in den Bereichen Onkologie, Neurowissenschaften und seltene Krankheiten.\" \/>\n<meta property=\"og:url\" content=\"https:\/\/www.ipsen.com\/switzerland\/produkte\/\" \/>\n<meta property=\"og:site_name\" content=\"Switzerland\" \/>\n<meta property=\"article:modified_time\" content=\"2025-12-16T13:07:39+00:00\" \/>\n<meta name=\"twitter:card\" content=\"summary_large_image\" \/>\n<meta name=\"twitter:label1\" content=\"Est. reading time\" \/>\n\t<meta name=\"twitter:data1\" content=\"1 minute\" \/>\n<script type=\"application\/ld+json\" class=\"yoast-schema-graph\">{\"@context\":\"https:\/\/schema.org\",\"@graph\":[{\"@type\":\"WebPage\",\"@id\":\"https:\/\/www.ipsen.com\/switzerland\/produkte\/\",\"url\":\"https:\/\/www.ipsen.com\/switzerland\/produkte\/\",\"name\":\"Pharmazeutische Produkte von Ipsen\",\"isPartOf\":{\"@id\":\"https:\/\/www.ipsen.com\/switzerland\/#website\"},\"datePublished\":\"2024-03-08T09:15:43+00:00\",\"dateModified\":\"2025-12-16T13:07:39+00:00\",\"description\":\"\u00dcberblick \u00fcber die von Ipsen entwickelten und hergestellten pharmazeutischen Produkte in den Bereichen Onkologie, Neurowissenschaften und seltene Krankheiten.\",\"breadcrumb\":{\"@id\":\"https:\/\/www.ipsen.com\/switzerland\/produkte\/#breadcrumb\"},\"inLanguage\":\"de-DE\",\"potentialAction\":[{\"@type\":\"ReadAction\",\"target\":[\"https:\/\/www.ipsen.com\/switzerland\/produkte\/\"]}]},{\"@type\":\"BreadcrumbList\",\"@id\":\"https:\/\/www.ipsen.com\/switzerland\/produkte\/#breadcrumb\",\"itemListElement\":[{\"@type\":\"ListItem\",\"position\":1,\"name\":\"Home\",\"item\":\"https:\/\/www.ipsen.com\/switzerland\/\"},{\"@type\":\"ListItem\",\"position\":2,\"name\":\"Produkte_o\"}]},{\"@type\":\"WebSite\",\"@id\":\"https:\/\/www.ipsen.com\/switzerland\/#website\",\"url\":\"https:\/\/www.ipsen.com\/switzerland\/\",\"name\":\"Switzerland\",\"description\":\"\",\"publisher\":{\"@id\":\"https:\/\/www.ipsen.com\/switzerland\/#organization\"},\"potentialAction\":[{\"@type\":\"SearchAction\",\"target\":{\"@type\":\"EntryPoint\",\"urlTemplate\":\"https:\/\/www.ipsen.com\/switzerland\/?s={search_term_string}\"},\"query-input\":{\"@type\":\"PropertyValueSpecification\",\"valueRequired\":true,\"valueName\":\"search_term_string\"}}],\"inLanguage\":\"de-DE\"},{\"@type\":\"Organization\",\"@id\":\"https:\/\/www.ipsen.com\/switzerland\/#organization\",\"name\":\"Switzerland\",\"url\":\"https:\/\/www.ipsen.com\/switzerland\/\",\"logo\":{\"@type\":\"ImageObject\",\"inLanguage\":\"de-DE\",\"@id\":\"https:\/\/www.ipsen.com\/switzerland\/#\/schema\/logo\/image\/\",\"url\":\"https:\/\/www.ipsen.com\/switzerland\/wp-content\/uploads\/sites\/13\/2024\/03\/Logo-Ipsen.svg\",\"contentUrl\":\"https:\/\/www.ipsen.com\/switzerland\/wp-content\/uploads\/sites\/13\/2024\/03\/Logo-Ipsen.svg\",\"caption\":\"Switzerland\"},\"image\":{\"@id\":\"https:\/\/www.ipsen.com\/switzerland\/#\/schema\/logo\/image\/\"}}]}<\/script>\n<!-- \/ Yoast SEO plugin. -->","yoast_head_json":{"title":"Pharmazeutische Produkte von Ipsen","description":"\u00dcberblick \u00fcber die von Ipsen entwickelten und hergestellten pharmazeutischen Produkte in den Bereichen Onkologie, Neurowissenschaften und seltene Krankheiten.","robots":{"index":"index","follow":"follow","max-snippet":"max-snippet:-1","max-image-preview":"max-image-preview:large","max-video-preview":"max-video-preview:-1"},"canonical":"https:\/\/www.ipsen.com\/switzerland\/produkte\/","og_locale":"de_DE","og_type":"article","og_title":"Pharmazeutische Produkte von Ipsen","og_description":"\u00dcberblick \u00fcber die von Ipsen entwickelten und hergestellten pharmazeutischen Produkte in den Bereichen Onkologie, Neurowissenschaften und seltene Krankheiten.","og_url":"https:\/\/www.ipsen.com\/switzerland\/produkte\/","og_site_name":"Switzerland","article_modified_time":"2025-12-16T13:07:39+00:00","twitter_card":"summary_large_image","twitter_misc":{"Est. reading time":"1 minute"},"schema":{"@context":"https:\/\/schema.org","@graph":[{"@type":"WebPage","@id":"https:\/\/www.ipsen.com\/switzerland\/produkte\/","url":"https:\/\/www.ipsen.com\/switzerland\/produkte\/","name":"Pharmazeutische Produkte von Ipsen","isPartOf":{"@id":"https:\/\/www.ipsen.com\/switzerland\/#website"},"datePublished":"2024-03-08T09:15:43+00:00","dateModified":"2025-12-16T13:07:39+00:00","description":"\u00dcberblick \u00fcber die von Ipsen entwickelten und hergestellten pharmazeutischen Produkte in den Bereichen Onkologie, Neurowissenschaften und seltene Krankheiten.","breadcrumb":{"@id":"https:\/\/www.ipsen.com\/switzerland\/produkte\/#breadcrumb"},"inLanguage":"de-DE","potentialAction":[{"@type":"ReadAction","target":["https:\/\/www.ipsen.com\/switzerland\/produkte\/"]}]},{"@type":"BreadcrumbList","@id":"https:\/\/www.ipsen.com\/switzerland\/produkte\/#breadcrumb","itemListElement":[{"@type":"ListItem","position":1,"name":"Home","item":"https:\/\/www.ipsen.com\/switzerland\/"},{"@type":"ListItem","position":2,"name":"Produkte_o"}]},{"@type":"WebSite","@id":"https:\/\/www.ipsen.com\/switzerland\/#website","url":"https:\/\/www.ipsen.com\/switzerland\/","name":"Switzerland","description":"","publisher":{"@id":"https:\/\/www.ipsen.com\/switzerland\/#organization"},"potentialAction":[{"@type":"SearchAction","target":{"@type":"EntryPoint","urlTemplate":"https:\/\/www.ipsen.com\/switzerland\/?s={search_term_string}"},"query-input":{"@type":"PropertyValueSpecification","valueRequired":true,"valueName":"search_term_string"}}],"inLanguage":"de-DE"},{"@type":"Organization","@id":"https:\/\/www.ipsen.com\/switzerland\/#organization","name":"Switzerland","url":"https:\/\/www.ipsen.com\/switzerland\/","logo":{"@type":"ImageObject","inLanguage":"de-DE","@id":"https:\/\/www.ipsen.com\/switzerland\/#\/schema\/logo\/image\/","url":"https:\/\/www.ipsen.com\/switzerland\/wp-content\/uploads\/sites\/13\/2024\/03\/Logo-Ipsen.svg","contentUrl":"https:\/\/www.ipsen.com\/switzerland\/wp-content\/uploads\/sites\/13\/2024\/03\/Logo-Ipsen.svg","caption":"Switzerland"},"image":{"@id":"https:\/\/www.ipsen.com\/switzerland\/#\/schema\/logo\/image\/"}}]}},"parsely":{"version":"1.1.0","canonical_url":"https:\/\/ipsen.com\/switzerland\/produkte\/","smart_links":{"inbound":0,"outbound":0},"traffic_boost_suggestions_count":0,"meta":{"@context":"https:\/\/schema.org","@type":"WebPage","headline":"Produkte_o","url":"http:\/\/www.ipsen.com\/switzerland\/produkte\/","mainEntityOfPage":{"@type":"WebPage","@id":"http:\/\/www.ipsen.com\/switzerland\/produkte\/"},"thumbnailUrl":"","image":{"@type":"ImageObject","url":""},"articleSection":"Unkategorisiert","author":[{"@type":"Person","name":"navya"}],"creator":["navya"],"publisher":{"@type":"Organization","name":"Switzerland","logo":""},"keywords":[],"dateCreated":"2024-03-08T09:15:43Z","datePublished":"2024-03-08T09:15:43Z","dateModified":"2025-12-16T13:07:39Z"},"rendered":"<script type=\"application\/ld+json\" class=\"wp-parsely-metadata\">{\"@context\":\"https:\\\/\\\/schema.org\",\"@type\":\"WebPage\",\"headline\":\"Produkte_o\",\"url\":\"http:\\\/\\\/www.ipsen.com\\\/switzerland\\\/produkte\\\/\",\"mainEntityOfPage\":{\"@type\":\"WebPage\",\"@id\":\"http:\\\/\\\/www.ipsen.com\\\/switzerland\\\/produkte\\\/\"},\"thumbnailUrl\":\"\",\"image\":{\"@type\":\"ImageObject\",\"url\":\"\"},\"articleSection\":\"Unkategorisiert\",\"author\":[{\"@type\":\"Person\",\"name\":\"navya\"}],\"creator\":[\"navya\"],\"publisher\":{\"@type\":\"Organization\",\"name\":\"Switzerland\",\"logo\":\"\"},\"keywords\":[],\"dateCreated\":\"2024-03-08T09:15:43Z\",\"datePublished\":\"2024-03-08T09:15:43Z\",\"dateModified\":\"2025-12-16T13:07:39Z\"}<\/script>","tracker_url":"https:\/\/cdn.parsely.com\/keys\/ipsen.com\/p.js"},"jetpack_sharing_enabled":true,"_links":{"self":[{"href":"https:\/\/www.ipsen.com\/switzerland\/wp-json\/wp\/v2\/pages\/37","targetHints":{"allow":["GET"]}}],"collection":[{"href":"https:\/\/www.ipsen.com\/switzerland\/wp-json\/wp\/v2\/pages"}],"about":[{"href":"https:\/\/www.ipsen.com\/switzerland\/wp-json\/wp\/v2\/types\/page"}],"author":[{"embeddable":true,"href":"https:\/\/www.ipsen.com\/switzerland\/wp-json\/wp\/v2\/users\/2"}],"replies":[{"embeddable":true,"href":"https:\/\/www.ipsen.com\/switzerland\/wp-json\/wp\/v2\/comments?post=37"}],"version-history":[{"count":33,"href":"https:\/\/www.ipsen.com\/switzerland\/wp-json\/wp\/v2\/pages\/37\/revisions"}],"predecessor-version":[{"id":23806,"href":"https:\/\/www.ipsen.com\/switzerland\/wp-json\/wp\/v2\/pages\/37\/revisions\/23806"}],"wp:attachment":[{"href":"https:\/\/www.ipsen.com\/switzerland\/wp-json\/wp\/v2\/media?parent=37"}],"curies":[{"name":"wp","href":"https:\/\/api.w.org\/{rel}","templated":true}]}}