{"id":36,"date":"2024-03-08T11:15:28","date_gmt":"2024-03-08T09:15:28","guid":{"rendered":"https:\/\/www.ipsen.com\/switzerland\/?page_id=36"},"modified":"2026-04-01T10:30:50","modified_gmt":"2026-04-01T08:30:50","slug":"neurologie","status":"publish","type":"page","link":"https:\/\/www.ipsen.com\/switzerland\/neurologie\/","title":{"rendered":"Neurologie"},"content":{"rendered":"    <section class=\"sub-page-banner bg-img\" style=\"background-image:url(https:\/\/www.ipsen.com\/switzerland\/wp-content\/uploads\/sites\/13\/2025\/07\/Health-Neuroscience.jpg)\">\n        <div class=\"container content-sec\">\n            <nav aria-label=\"breadcrumb\">\n            <ol class=\"breadcrumb\">\n                <li class=\"breadcrumb-item\"><a href=\"https:\/\/www.ipsen.com\/switzerland\">Home<\/a><\/li><li class=\"breadcrumb-item active\"><a href=\"#\" aria-current=\"page\">Therapiegebiete &#8211; Neurologie<\/a><\/li><\/ol>\n            <\/nav>            <h1 class=\"visible\">Neurologie<\/h1>\n            <p class=\"visible\">F\u00fchrend im Kampf gegen schw\u00e4chende neurologische Erkrankungen<\/p>\n        <\/div>\n    <\/section>\n\n\n<!-- Text & Media Block Code -->\n<section class=\"two-col-section text-media-section\">\n    <div class=\"container two-section-innner \">\n        <div class=\"response-inner\" style=\"background-image: url('')\">\n            <div class=\"row \">\n                <div class=\"col-xs-12 col-sm-12 col-md-6\">\n                                                    <div class=\"img-video-section\">\n                                <img decoding=\"async\" \n                                    src=\"https:\/\/www.ipsen.com\/switzerland\/wp-content\/uploads\/sites\/13\/2025\/07\/Module-2-\u2013-Brief-about-neuroscience_IPSEN_Production_Signes_060.jpg\" \n                                    alt=\"\" \n                                >\n                            <\/div>\n                                        <\/div>\n                <div class=\" col-xs-12 col-sm-12 col-md-6\">\n                    <div class=\"section-content\">\n                        <div class=\"heading-dash\">\n                                                            <span class=\"dash\"><\/span>\n                                <h4 class=\"heading-para heading-four\" role=\"heading\" aria-level=\"2\">\n                                    Unser Engagement f\u00fcr die Neurowissenschaft                                <\/h4>\n                                                    <\/div>\n                                                <p>Die Neurowissenschaften machen rasante Fortschritte und wir sind stolz darauf, an der Spitze dieses Wandels zu stehen. Wir konzentrieren uns darauf, Kindern und Erwachsenen, die an neurologischen Erkrankungen leiden, zu erm\u00f6glichen, die Kontrolle \u00fcber ihr Leben zur\u00fcckzuerlangen. Unser langfristiges Engagement f\u00fcr die F\u00f6rderung der Neurowissenschaften und der Toxinforschung wird durch 30 Jahre klinische Erfahrung best\u00e4tigt.<\/p>\n<p>Die Neurowissenschaften stehen im Mittelpunkt der internen Innovation und der externen Partnerschaften von Ipsen. Sie sind integraler Bestandteil der Gesamtstrategie des Unternehmens und ein wichtiger Faktor f\u00fcr langfristigen Erfolg und Wachstum.<\/p>\n                            <a \n                            aria-label=\" about Unser Engagement f\u00fcr die Neurowissenschaft\"  \n                                role=\"link\" \n                                class=\"btn-link hidden\"\n                                href=\"\" \n                                target=\"_self\"\n                            > \n                                 \n                            <\/a>\n\n                    <\/div>\n                <\/div>\n            <\/div>\n        <\/div>\n    <\/div>\n<\/section>\n\n    <section class=\"title-text \">\n        <div class=\"container\">\n            <div class=\"title-text-inner\" style=\"background-color:#EDEBE4;\">\n\n                <!-- If heading is enabled then it's visible -->\n                <div class=\"text-head-dash visible\">\n                <h3 class=\"heading-three\" role=\"heading\" aria-level=\"2\">\n                        Unser Engagement f\u00fcr Patient:innen                    <\/h3>\n                <\/div>\n               \n                <!-- If description is enabled then it's visible -->\n                <div class=\"text-parbase visible\">\n                    <p>Seit 1994 konzentriert sich Ipsen auf die bahnbrechende Forschung im Bereich der Neurotoxine. Menschen, die an neurologischen St\u00f6rungen leiden, brauchen Behandlungen, und wir sind weltweit f\u00fchrend in der Entwicklung solcher Therapien.<\/p>\n<p>Wir konzentrieren uns auch weiterhin darauf, Patient:innen Medikamente zur Verf\u00fcgung zu stellen, bei denen ein hoher ungedeckter Bedarf besteht, und wir werden weiterhin dort zusammenarbeiten, wo es M\u00f6glichkeiten gibt, den Patient:innen vielversprechende neue Behandlungen zu bieten.<\/p>\n                <\/div>\n\n                <!-- If button is enabled then it's visible -->\n                \n            <\/div>\n        <\/div>\n    <\/section>\n\n\n\n\n\n    <!--Accordion Cards Start Here-->\n    <section class=\"accordion bg-color-disabled\"  data-according-id=\"1977102591\">\n        <div class=\"container\">\n            <div class=\"row\">\n                <!--Accordion info section-->\n                <div class=\"column-1 col-xl-12 col-md-12 col-sm-12\">\n                    <div class=\"accordian-info\">\n                        <h3 class=\"accordian-heading visible heading-three\" role=\"heading\" aria-level=\"2\">\n                            Unsere Expertise in Neurowissenschaft                        <\/h3>\n                        <p class=\"accordian-summary hidden\"><\/p>\n                    <\/div>\n                <\/div><!--Accordion info section over here -->\n\n                <div class=\"col-xl-12 col-lg-12 col-md-12 col-sm-12\">\n                    <div class=\"accordion accor-group\" id=\"accordionExample1977102591\">\n                         \n                                    <!-- Accordion with Expandable panel & FAQs -->\n                                    <div class=\"accordion-item accor-item\">\n                                        <p  role=\"heading\" aria-level=\"3\" class=\"accordion-header accor-head-para\" id=\"expHeading0\">\n                                            <button class=\"accordion-button accor-btn collapsed\" type=\"button\" data-bs-toggle=\"collapse\" data-bs-target=\"#expHeading19771025910\" aria-expanded=\"false\" aria-controls=\"expHeading19771025910\">\n                                                Spastik                                            <\/button>\n                                        <\/p>\n                                        <div id=\"expHeading19771025910\" class=\"accordion-collapse collapse \" aria-labelledby=\"expHeading0\" data-bs-parent=\"#accordionExample1977102591\">\n                                            <div class=\"accordion-body\">\n                                                <div class=\"accordion-data\">\n                                                    <p><p>Spastik ist eine Bewegungsst\u00f6rung, die mit einer erh\u00f6hten Muskelspannung (Steifigkeit) einhergeht und sich verst\u00e4rkt, wenn Bewegungen schnell ausgef\u00fchrt werden. Es gibt verschiedene Formen von Spastik: eine fokale Spastik betrifft beispielsweise nur einen Arm, ein Bein oder ein Gelenk, w\u00e4hrend eine regionale oder generalisierte Spastik mehrere K\u00f6rperregionen oder den gesamten K\u00f6rper betreffen kann.<\/p>\n<p>Trotz des Gef\u00fchls, dass es sich um eine Muskelerkrankung handelt, wird Spastik durch Sch\u00e4digungen im Gehirn oder R\u00fcckenmark verursacht. H\u00e4ufige Ursachen sind Schlaganfall, Sauerstoffmangel w\u00e4hrend der Geburt, Hirnblutung, Tumoren, Multiple Sklerose oder Verletzungen des Gehirns oder R\u00fcckenmarks.<\/p>\n<p>Das Gehirn koordiniert die Bewegungen des K\u00f6rpers. Wenn die Nervenbahnen in diesem Bereich gesch\u00e4digt sind, wird die Kontrolle \u00fcber die Muskeln gest\u00f6rt. Bei Spastik werden unkontrollierte Impulse an die Muskeln gesendet, was zu \u00fcberm\u00e4ssiger Anspannung f\u00fchrt.<\/p>\n<\/p>\n                                                    <div class=\"cta-block hidden\" >\n                                                                                                            <\/div>\n                                                <\/div>\n                                            <\/div>\n                                        <\/div>\n                                    <\/div>\n                             \n                                    <!-- Accordion with Expandable panel & FAQs -->\n                                    <div class=\"accordion-item accor-item\">\n                                        <p  role=\"heading\" aria-level=\"3\" class=\"accordion-header accor-head-para\" id=\"expHeading1\">\n                                            <button class=\"accordion-button accor-btn collapsed\" type=\"button\" data-bs-toggle=\"collapse\" data-bs-target=\"#expHeading19771025911\" aria-expanded=\"false\" aria-controls=\"expHeading19771025911\">\n                                                Zervikale Dystonie                                            <\/button>\n                                        <\/p>\n                                        <div id=\"expHeading19771025911\" class=\"accordion-collapse collapse \" aria-labelledby=\"expHeading1\" data-bs-parent=\"#accordionExample1977102591\">\n                                            <div class=\"accordion-body\">\n                                                <div class=\"accordion-data\">\n                                                    <p><p>Der Begriff Dystonie setzt sich aus \u201edys\u201c (falsch) und \u201etonus\u201c (Spannung) zusammen, was auf eine fehlregulierte Spannung der Muskulatur hindeutet.<\/p>\n<p>Eine Dystonie kann verschiedene K\u00f6rperregionen betreffen, ist jedoch oft auf einen begrenzten Bereich beschr\u00e4nkt, was als \u201efokale\u201c Dystonie bezeichnet wird. Die zervikale Dystonie ist eine Form der fokalen Dystonie, die sich auf die Muskeln von Hals und Nacken (\u201ezervikal\u201c) konzentriert. Sie wird auch als \u201eSchiefhals\u201c oder \u201eTorticollis spasmodicus\u201c bezeichnet.<\/p>\n<p>An der zervikalen Dystonie k\u00f6nnen sowohl Frauen als auch M\u00e4nner erkranken, wobei Frauen etwas h\u00e4ufiger betroffen sind. Die Erkrankung beginnt typischerweise zwischen dem 30. und 50. Lebensjahr und bleibt bei den meisten Patient:innen auf den Hals- und Nackenbereich beschr\u00e4nkt.<\/p>\n<p>Die St\u00f6rung wird durch Probleme in den Bewegungszentren des Gehirns verursacht, die das komplexe Zusammenspiel von Muskelanspannung und -entspannung steuern.<\/p>\n<p>Die genauen Ursachen der zervikalen Dystonie sind noch nicht vollst\u00e4ndig gekl\u00e4rt. Bei einigen Patient:innen kann eine genetische Ursache gefunden werden, w\u00e4hrend bei den meisten F\u00e4llen keine bekannte Ursache vorliegt, was als \u201eidiopathische\u201c Dystonie bezeichnet wird. In sehr seltenen F\u00e4llen kann eine Dystonie durch eine Gehirnverletzung, wie einen Unfall, Schlaganfall, Tumor oder degenerative Hirnerkrankung, verursacht werden, was als \u201esymptomatische\u201c Dystonie bezeichnet wird.<\/p>\n<\/p>\n                                                    <div class=\"cta-block hidden\" >\n                                                                                                            <\/div>\n                                                <\/div>\n                                            <\/div>\n                                        <\/div>\n                                    <\/div>\n                             \n                                    <!-- Accordion with Expandable panel & FAQs -->\n                                    <div class=\"accordion-item accor-item\">\n                                        <p  role=\"heading\" aria-level=\"3\" class=\"accordion-header accor-head-para\" id=\"expHeading2\">\n                                            <button class=\"accordion-button accor-btn collapsed\" type=\"button\" data-bs-toggle=\"collapse\" data-bs-target=\"#expHeading19771025912\" aria-expanded=\"false\" aria-controls=\"expHeading19771025912\">\n                                                Harninkontinenz mit Detrusorhyperaktivit\u00e4t                                            <\/button>\n                                        <\/p>\n                                        <div id=\"expHeading19771025912\" class=\"accordion-collapse collapse \" aria-labelledby=\"expHeading2\" data-bs-parent=\"#accordionExample1977102591\">\n                                            <div class=\"accordion-body\">\n                                                <div class=\"accordion-data\">\n                                                    <p><p>Harninkontinenz mit Detrusorhyperaktivit\u00e4t ist eine Form der \u00fcberaktiven Blase, die zu unkontrollierbarem Harnverlust f\u00fchren kann. Normalerweise ist die Blasenmuskulatur (Detrusor) entspannt, wenn die Blase sich f\u00fcllt, zieht sie sich dann beim Urinieren zusammen. Bei Menschen mit Detrusorhyperaktivit\u00e4t ist der Detrusormuskel \u00fcberaktiv und zieht sich unerwartet und h\u00e4ufig zusammen, was zu pl\u00f6tzlichem Harndrang und unkontrolliertem Harnabgang f\u00fchren kann.<\/p>\n<p>Die Harninkontinenz mit Detrusorhyperaktivit\u00e4t kann verschiedene Ursachen haben, darunter Nervensch\u00e4den, Entz\u00fcndungen der Blasenwand oder neurologische Erkrankungen wie Multiple Sklerose.<\/p>\n<\/p>\n                                                    <div class=\"cta-block hidden\" >\n                                                                                                            <\/div>\n                                                <\/div>\n                                            <\/div>\n                                        <\/div>\n                                    <\/div>\n                                                <\/div>\n                <\/div> \n            <\/div>\n        <\/div>\n    <\/section>\n    <!--Accordion Cards End Here-->\n\n\n<!-- Ipsen Content Overlay Start -->\n<section class=\"two-col-image-section\">\n    <div class=\"container two-img-section-innner\"  >\n        <div class=\"content-overlay-inner bg-color-enabled\" style=\"background-color:#EDEBE4\">\n                <!-- Ipsen Content Overlay Variation Two Start -->\n                <div class=\"row \">\n                    <div class=\"col-xs-12 col-sm-12 col-md-6 column-1 \">\n                        <div id=\"image-carousel\" class=\"img-video-section carousel\" data-bs-ride=\"carousel\">\n                            <div class=\"carousel-inner\">\n                                                                        <div class=\"carousel-item active\">\n                                            <img decoding=\"async\" src=\"https:\/\/www.ipsen.com\/switzerland\/wp-content\/uploads\/sites\/13\/2025\/07\/Module-10-\u2013-Oncology-pipeline_191209_1833.jpg\" alt=\"Media Image\" >\n                                        <\/div>\n                                                            <\/div>\n                                                    <\/div>\n                    <\/div>\n                    <div class=\" col-xs-12 col-sm-12 col-md-6 column-2 \">\n                        <div class=\" section-content\">\n                                                                <div class=\"heading-dash\">\n                                        <span class=\"dash\"><\/span>\n                                        <h4 role=\"heading\" aria-level=\"2\" class=\"heading-para-right heading-four\">\n                                            Klinische Studien in der Neurowissenschaft                                        <\/h4>\n                                    <\/div>\n                                                                                                                        <p class=\"section-para \">\n                                        Wir sind st\u00e4ndig bestrebt, neue Therapien in die klinische Forschung zu bringen, um den ungedeckten medizinischen Bedarf der Patient:innen zu decken.                                     <\/p>\n                                                                                                <a \n                                            role=\"link\" \n                                            class=\"btn-link section-btn cta-visible\" \n                                            href=\"https:\/\/www.ipsen.com\/clinical-trials\/find-a-clinical-trial\/\" \n                                            aria-label=\"\" \n                                            target=\"_self\"\n                                        >\n                                            Ipsen Studien-Finder                                        <\/a>    \n                                    <\/button>\n                                                    <\/div>\n                    <\/div>\n                    <!-- Ipsen Content Overlay Variation Two End -->\n                <\/div>\n        <!-- Ipsen Content Overlay Variation two End -->\n                <\/div>\n    <\/div>\n<\/section>\n<!-- Ipsen Content Overlay End -->\n\n\n<p class=\"has-text-align-center has-small-font-size\">ALLSC-CH-000008, 04\/2026<\/p>\n","protected":false},"excerpt":{"rendered":"","protected":false},"author":2,"featured_media":0,"parent":0,"menu_order":0,"comment_status":"closed","ping_status":"closed","template":"","meta":{"_acf_changed":false,"footnotes":""},"class_list":["post-36","page","type-page","status-publish","hentry","entry"],"acf":[],"yoast_head":"<!-- This site is optimized with the Yoast SEO plugin v26.8 - https:\/\/yoast.com\/product\/yoast-seo-wordpress\/ -->\n<title>Ipsen ist ein weltweit f\u00fchrendes Unternehmen im Bereich der Neurowissenschaften<\/title>\n<meta name=\"description\" content=\"Ipsen ist ein weltweit f\u00fchrendes Unternehmen im Bereich der Neurowissenschaften und der Erforschung von Toxinen zur Behandlung neurologischer Erkrankungen.\" \/>\n<meta name=\"robots\" content=\"index, follow, max-snippet:-1, max-image-preview:large, max-video-preview:-1\" \/>\n<link rel=\"canonical\" href=\"https:\/\/www.ipsen.com\/switzerland\/neurologie\/\" \/>\n<meta property=\"og:locale\" content=\"de_DE\" \/>\n<meta property=\"og:type\" content=\"article\" \/>\n<meta property=\"og:title\" content=\"Ipsen ist ein weltweit f\u00fchrendes Unternehmen im Bereich der Neurowissenschaften\" \/>\n<meta property=\"og:description\" content=\"Ipsen ist ein weltweit f\u00fchrendes Unternehmen im Bereich der Neurowissenschaften und der Erforschung von Toxinen zur Behandlung neurologischer Erkrankungen.\" \/>\n<meta property=\"og:url\" content=\"https:\/\/www.ipsen.com\/switzerland\/neurologie\/\" \/>\n<meta property=\"og:site_name\" content=\"Switzerland\" \/>\n<meta property=\"article:modified_time\" content=\"2026-04-01T08:30:50+00:00\" \/>\n<meta name=\"twitter:card\" content=\"summary_large_image\" \/>\n<meta name=\"twitter:label1\" content=\"Est. reading time\" \/>\n\t<meta name=\"twitter:data1\" content=\"1 minute\" \/>\n<script type=\"application\/ld+json\" class=\"yoast-schema-graph\">{\"@context\":\"https:\/\/schema.org\",\"@graph\":[{\"@type\":\"WebPage\",\"@id\":\"https:\/\/www.ipsen.com\/switzerland\/neurologie\/\",\"url\":\"https:\/\/www.ipsen.com\/switzerland\/neurologie\/\",\"name\":\"Ipsen ist ein weltweit f\u00fchrendes Unternehmen im Bereich der Neurowissenschaften\",\"isPartOf\":{\"@id\":\"https:\/\/www.ipsen.com\/switzerland\/#website\"},\"datePublished\":\"2024-03-08T09:15:28+00:00\",\"dateModified\":\"2026-04-01T08:30:50+00:00\",\"description\":\"Ipsen ist ein weltweit f\u00fchrendes Unternehmen im Bereich der Neurowissenschaften und der Erforschung von Toxinen zur Behandlung neurologischer Erkrankungen.\",\"breadcrumb\":{\"@id\":\"https:\/\/www.ipsen.com\/switzerland\/neurologie\/#breadcrumb\"},\"inLanguage\":\"de-DE\",\"potentialAction\":[{\"@type\":\"ReadAction\",\"target\":[\"https:\/\/www.ipsen.com\/switzerland\/neurologie\/\"]}]},{\"@type\":\"BreadcrumbList\",\"@id\":\"https:\/\/www.ipsen.com\/switzerland\/neurologie\/#breadcrumb\",\"itemListElement\":[{\"@type\":\"ListItem\",\"position\":1,\"name\":\"Home\",\"item\":\"https:\/\/www.ipsen.com\/switzerland\/\"},{\"@type\":\"ListItem\",\"position\":2,\"name\":\"Neurologie\"}]},{\"@type\":\"WebSite\",\"@id\":\"https:\/\/www.ipsen.com\/switzerland\/#website\",\"url\":\"https:\/\/www.ipsen.com\/switzerland\/\",\"name\":\"Switzerland\",\"description\":\"\",\"publisher\":{\"@id\":\"https:\/\/www.ipsen.com\/switzerland\/#organization\"},\"potentialAction\":[{\"@type\":\"SearchAction\",\"target\":{\"@type\":\"EntryPoint\",\"urlTemplate\":\"https:\/\/www.ipsen.com\/switzerland\/?s={search_term_string}\"},\"query-input\":{\"@type\":\"PropertyValueSpecification\",\"valueRequired\":true,\"valueName\":\"search_term_string\"}}],\"inLanguage\":\"de-DE\"},{\"@type\":\"Organization\",\"@id\":\"https:\/\/www.ipsen.com\/switzerland\/#organization\",\"name\":\"Switzerland\",\"url\":\"https:\/\/www.ipsen.com\/switzerland\/\",\"logo\":{\"@type\":\"ImageObject\",\"inLanguage\":\"de-DE\",\"@id\":\"https:\/\/www.ipsen.com\/switzerland\/#\/schema\/logo\/image\/\",\"url\":\"https:\/\/www.ipsen.com\/switzerland\/wp-content\/uploads\/sites\/13\/2024\/03\/Logo-Ipsen.svg\",\"contentUrl\":\"https:\/\/www.ipsen.com\/switzerland\/wp-content\/uploads\/sites\/13\/2024\/03\/Logo-Ipsen.svg\",\"caption\":\"Switzerland\"},\"image\":{\"@id\":\"https:\/\/www.ipsen.com\/switzerland\/#\/schema\/logo\/image\/\"}}]}<\/script>\n<!-- \/ Yoast SEO plugin. -->","yoast_head_json":{"title":"Ipsen ist ein weltweit f\u00fchrendes Unternehmen im Bereich der Neurowissenschaften","description":"Ipsen ist ein weltweit f\u00fchrendes Unternehmen im Bereich der Neurowissenschaften und der Erforschung von Toxinen zur Behandlung neurologischer Erkrankungen.","robots":{"index":"index","follow":"follow","max-snippet":"max-snippet:-1","max-image-preview":"max-image-preview:large","max-video-preview":"max-video-preview:-1"},"canonical":"https:\/\/www.ipsen.com\/switzerland\/neurologie\/","og_locale":"de_DE","og_type":"article","og_title":"Ipsen ist ein weltweit f\u00fchrendes Unternehmen im Bereich der Neurowissenschaften","og_description":"Ipsen ist ein weltweit f\u00fchrendes Unternehmen im Bereich der Neurowissenschaften und der Erforschung von Toxinen zur Behandlung neurologischer Erkrankungen.","og_url":"https:\/\/www.ipsen.com\/switzerland\/neurologie\/","og_site_name":"Switzerland","article_modified_time":"2026-04-01T08:30:50+00:00","twitter_card":"summary_large_image","twitter_misc":{"Est. reading time":"1 minute"},"schema":{"@context":"https:\/\/schema.org","@graph":[{"@type":"WebPage","@id":"https:\/\/www.ipsen.com\/switzerland\/neurologie\/","url":"https:\/\/www.ipsen.com\/switzerland\/neurologie\/","name":"Ipsen ist ein weltweit f\u00fchrendes Unternehmen im Bereich der Neurowissenschaften","isPartOf":{"@id":"https:\/\/www.ipsen.com\/switzerland\/#website"},"datePublished":"2024-03-08T09:15:28+00:00","dateModified":"2026-04-01T08:30:50+00:00","description":"Ipsen ist ein weltweit f\u00fchrendes Unternehmen im Bereich der Neurowissenschaften und der Erforschung von Toxinen zur Behandlung neurologischer Erkrankungen.","breadcrumb":{"@id":"https:\/\/www.ipsen.com\/switzerland\/neurologie\/#breadcrumb"},"inLanguage":"de-DE","potentialAction":[{"@type":"ReadAction","target":["https:\/\/www.ipsen.com\/switzerland\/neurologie\/"]}]},{"@type":"BreadcrumbList","@id":"https:\/\/www.ipsen.com\/switzerland\/neurologie\/#breadcrumb","itemListElement":[{"@type":"ListItem","position":1,"name":"Home","item":"https:\/\/www.ipsen.com\/switzerland\/"},{"@type":"ListItem","position":2,"name":"Neurologie"}]},{"@type":"WebSite","@id":"https:\/\/www.ipsen.com\/switzerland\/#website","url":"https:\/\/www.ipsen.com\/switzerland\/","name":"Switzerland","description":"","publisher":{"@id":"https:\/\/www.ipsen.com\/switzerland\/#organization"},"potentialAction":[{"@type":"SearchAction","target":{"@type":"EntryPoint","urlTemplate":"https:\/\/www.ipsen.com\/switzerland\/?s={search_term_string}"},"query-input":{"@type":"PropertyValueSpecification","valueRequired":true,"valueName":"search_term_string"}}],"inLanguage":"de-DE"},{"@type":"Organization","@id":"https:\/\/www.ipsen.com\/switzerland\/#organization","name":"Switzerland","url":"https:\/\/www.ipsen.com\/switzerland\/","logo":{"@type":"ImageObject","inLanguage":"de-DE","@id":"https:\/\/www.ipsen.com\/switzerland\/#\/schema\/logo\/image\/","url":"https:\/\/www.ipsen.com\/switzerland\/wp-content\/uploads\/sites\/13\/2024\/03\/Logo-Ipsen.svg","contentUrl":"https:\/\/www.ipsen.com\/switzerland\/wp-content\/uploads\/sites\/13\/2024\/03\/Logo-Ipsen.svg","caption":"Switzerland"},"image":{"@id":"https:\/\/www.ipsen.com\/switzerland\/#\/schema\/logo\/image\/"}}]}},"parsely":{"version":"1.1.0","canonical_url":"https:\/\/ipsen.com\/switzerland\/neurologie\/","smart_links":{"inbound":0,"outbound":0},"traffic_boost_suggestions_count":0,"meta":{"@context":"https:\/\/schema.org","@type":"WebPage","headline":"Neurologie","url":"http:\/\/www.ipsen.com\/switzerland\/neurologie\/","mainEntityOfPage":{"@type":"WebPage","@id":"http:\/\/www.ipsen.com\/switzerland\/neurologie\/"},"thumbnailUrl":"","image":{"@type":"ImageObject","url":""},"articleSection":"Unkategorisiert","author":[{"@type":"Person","name":"navya"}],"creator":["navya"],"publisher":{"@type":"Organization","name":"Switzerland","logo":""},"keywords":[],"dateCreated":"2024-03-08T09:15:28Z","datePublished":"2024-03-08T09:15:28Z","dateModified":"2026-04-01T08:30:50Z"},"rendered":"<script type=\"application\/ld+json\" class=\"wp-parsely-metadata\">{\"@context\":\"https:\\\/\\\/schema.org\",\"@type\":\"WebPage\",\"headline\":\"Neurologie\",\"url\":\"http:\\\/\\\/www.ipsen.com\\\/switzerland\\\/neurologie\\\/\",\"mainEntityOfPage\":{\"@type\":\"WebPage\",\"@id\":\"http:\\\/\\\/www.ipsen.com\\\/switzerland\\\/neurologie\\\/\"},\"thumbnailUrl\":\"\",\"image\":{\"@type\":\"ImageObject\",\"url\":\"\"},\"articleSection\":\"Unkategorisiert\",\"author\":[{\"@type\":\"Person\",\"name\":\"navya\"}],\"creator\":[\"navya\"],\"publisher\":{\"@type\":\"Organization\",\"name\":\"Switzerland\",\"logo\":\"\"},\"keywords\":[],\"dateCreated\":\"2024-03-08T09:15:28Z\",\"datePublished\":\"2024-03-08T09:15:28Z\",\"dateModified\":\"2026-04-01T08:30:50Z\"}<\/script>","tracker_url":"https:\/\/cdn.parsely.com\/keys\/ipsen.com\/p.js"},"jetpack_sharing_enabled":true,"_links":{"self":[{"href":"https:\/\/www.ipsen.com\/switzerland\/wp-json\/wp\/v2\/pages\/36","targetHints":{"allow":["GET"]}}],"collection":[{"href":"https:\/\/www.ipsen.com\/switzerland\/wp-json\/wp\/v2\/pages"}],"about":[{"href":"https:\/\/www.ipsen.com\/switzerland\/wp-json\/wp\/v2\/types\/page"}],"author":[{"embeddable":true,"href":"https:\/\/www.ipsen.com\/switzerland\/wp-json\/wp\/v2\/users\/2"}],"replies":[{"embeddable":true,"href":"https:\/\/www.ipsen.com\/switzerland\/wp-json\/wp\/v2\/comments?post=36"}],"version-history":[{"count":49,"href":"https:\/\/www.ipsen.com\/switzerland\/wp-json\/wp\/v2\/pages\/36\/revisions"}],"predecessor-version":[{"id":23861,"href":"https:\/\/www.ipsen.com\/switzerland\/wp-json\/wp\/v2\/pages\/36\/revisions\/23861"}],"wp:attachment":[{"href":"https:\/\/www.ipsen.com\/switzerland\/wp-json\/wp\/v2\/media?parent=36"}],"curies":[{"name":"wp","href":"https:\/\/api.w.org\/{rel}","templated":true}]}}