{"id":32,"date":"2024-03-08T11:13:52","date_gmt":"2024-03-08T09:13:52","guid":{"rendered":"https:\/\/www.ipsen.com\/switzerland\/?page_id=32"},"modified":"2026-01-06T14:19:02","modified_gmt":"2026-01-06T12:19:02","slug":"unternehmen","status":"publish","type":"page","link":"https:\/\/www.ipsen.com\/switzerland\/unternehmen\/","title":{"rendered":"Unternehmen"},"content":{"rendered":"    <section class=\"sub-page-banner bg-img-enabled  banner-no-filter\" style=\"background-image:url(https:\/\/www.ipsen.com\/switzerland\/wp-content\/uploads\/sites\/13\/2025\/07\/Company.jpg)\">\n                <div class=\"container content-sec\">\n            <nav aria-label=\"breadcrumb\">\n            <ol class=\"breadcrumb\">\n                <li class=\"breadcrumb-item\"><a href=\"https:\/\/www.ipsen.com\/switzerland\">Home<\/a><\/li><li class=\"breadcrumb-item active\"><a class=\"link-pointer-events-none\" href=\"#\" aria-current=\"page\">Unternehmen<\/a><\/li><\/ol>\n            <\/nav>            <h1 class=\"visible banner-font-color-white\">Unternehmen<\/h1>\n            <p class=\"visible banner-font-color-white\">Wir sind ein globales, mittelgrosses Pharmaunternehmen, das sich auf Bereiche mit hohem medizinischem Bedarf fokussiert<\/p>\n        <\/div>\n    <\/section>\n\n\n\n\t<!-- Hero Carousel Start Here-->\n\t<section class=\"hero-section no-filter\">\n\t\t<div class=\"hero_gridwidth container\"><!-- container class shown if gridlayout choosen -->\n\t\t\t<div id=\"heroCarousel\" class=\"carousel slide herocaro hero-banner-no-bg-image\" data-bs-ride=\"carousel\" data-enableplaybtn=\"\" data-autoplay= \"\"  data-autospeed= \"\" >\n\t\t\t\t<!-- Slider Indicator-->\n\t\t\t\t<div class=\"carousel-indicators hidden\">\n\t\t\t\t<button type=\"button\" data-bs-target=\"#heroCarousel\" data-bs-slide-to=\"0\" class=\"active\" aria-current=\"true\" aria-label=\"Slide 0\"><\/button>\t\t\t\t<\/div>\n\t\t\t\t<!-- Items -->\n\t\t\t\t<div class=\"carousel-inner\">\n\t\t\t\t\t\t\n\t\t\t\t\t\t<!-- Hero Banner with carousel HTML -->\n\t\t\t\t\t\t<div class=\"carousel-item active banner-no-filter\">\n\n\t\t\t\t\t\t\t\t\t\t\t\t\t\t\t<img decoding=\"async\" class=\"bd-placeholder-img visible\" alt=\"\" width=\"100%\" height=\"100%\" src=\"https:\/\/www.ipsen.com\/switzerland\/wp-content\/uploads\/sites\/13\/2025\/07\/Light-Hero-Banner.jpg\" \/> \n\t\t\t\t\t\t\t\n\t\t\t\t\t\t\t\t\n\n\t\t\t\t\t\t\t<div class=\"container align-left\">\n\t\t\t\t\t\t\t\t<div class=\"carousel-caption\">\n\t\t\t\t\t\t\t\t\t<h1 class=\"visible text-start heading-one banner-font-color-blue\">\n\t\t\t\t\t\t\t\t\t\tFocus. Together. For patients and society.\t\t\t\t\t\t\t\t\t<\/h1>\n\t\t\t\t\t\t\t\t\t<div class=\"hidden text-start banner-font-color-blue\"><\/div>\n\t\t\t\t\t\t\t\t\t\n\t\t\t\t\t\t\t\t\t\t\t\t\t\t\t\t\t\t\n\t\t\t\t\t\t\t\t<\/div>\n\t\t\t\t\t\t\t<\/div>\n\t\t\t\t\t\t<\/div>\n\n\t\t\t\t\t\t\t\t\t<\/div>\n\t\t\t\t\n\t\t\t\t\n\t\t\t<\/div>\n\t\t<\/div>\n\t<\/section>\n\t<!-- Hero Carousel End Here-->\n  \n\n    <section class=\"title-text \">\n        <div class=\"container\">\n            <div class=\"title-text-inner\" style=\"background-color:#EDEBE4;\">\n\n                <!-- If heading is enabled then it's visible -->\n                <div class=\"text-head-dash visible\">\n                <h3 class=\"heading-three\" role=\"heading\" aria-level=\"2\">\n                        \u00dcber Ipsen Pharma Schweiz                    <\/h3>\n                <\/div>\n               \n                <!-- If description is enabled then it's visible -->\n                <div class=\"text-parbase visible\">\n                    <p>Ipsen ist ein mittelst\u00e4ndisches, global t\u00e4tiges Biopharmaunternehmen mit weltweit \u00fcber 5&#8217;000 Angestellten, das spezialisiert ist auf die Entwicklung innovativer Arzneimittel f\u00fcr Menschen, die an onkologischen, neurologischen oder seltenen Erkrankungen leiden.<\/p>\n<p>Nachdem die Schweiz \u00fcber viele Jahre von der L\u00e4ndergesellschaft in Deutschland betreut wurde, verst\u00e4rkte Ipsen 2019 das lokale Engagement mit der Gr\u00fcndung einer Schweizer Niederlassung in Zug. Im Jahre 2023 folgten dann die n\u00e4chsten Meilensteine mit dem Erhalt der Betriebsbewilligung von Swissmedic und der \u00dcbertragung der Zulassungen von Cabometyx<sup>\u00ae<\/sup>, Somatuline Autogel<sup>\u00ae<\/sup> und Dysport<sup>\u00ae<\/sup> von unserer bisherigen Partnerfirma auf die Ipsen Pharma Schweiz GmbH.<\/p>\n                <\/div>\n\n                <!-- If button is enabled then it's visible -->\n                \n            <\/div>\n        <\/div>\n    <\/section>\n\n\n<!-- Text & Media Block Code -->\n<section class=\"two-col-section text-media-section\">\n    <div class=\"container two-section-innner \">\n        <div class=\"response-inner\" style=\"background-image: url('')\">\n            <div class=\"row \">\n                <div class=\"col-xs-12 col-sm-12 col-md-6\">\n                                                    <div class=\"img-video-section\">\n                                <img decoding=\"async\" \n                                    src=\"https:\/\/www.ipsen.com\/switzerland\/wp-content\/uploads\/sites\/13\/2024\/04\/426A9174-Verbessert-RR-1-e1713786908590.jpg\" \n                                    alt=\"\" \n                                >\n                            <\/div>\n                                        <\/div>\n                <div class=\" col-xs-12 col-sm-12 col-md-6\">\n                    <div class=\"section-content\">\n                        <div class=\"heading-dash\">\n                                                            <span class=\"dash\"><\/span>\n                                <h4 class=\"heading-para heading-four\" role=\"heading\" aria-level=\"2\">\n                                    Klein, aber fein                                <\/h4>\n                                                    <\/div>\n                                                <p>\u00abWir sind ein engagiertes Team von 10 bis 15 lokalen Mitarbeiter:innen, die f\u00fcr den Schweizer Markt verantwortlich sind. Wir arbeiten sehr eng mit Deutschland und \u00d6sterreich zusammen und teilen Funktonen im DACH-Raum. Unser Ziel ist es, unseren \u00c4rzt:innen und Patient:innen eine schnelle Ansprache und einen erstklassigen Service zu bieten.<\/p>\n<p>Unser B\u00fcro befindet sich in der Stadt Zug und bietet uns eine inspirierende Arbeitsumgebung und erm\u00f6glicht dem Team, gemeinsam zusammenzukommen.\u00bb<\/p>\n                            <a \n                            aria-label=\" about Klein, aber fein\"  \n                                role=\"link\" \n                                class=\"btn-link hidden\"\n                                href=\"\" \n                                target=\"_self\"\n                            > \n                                 \n                            <\/a>\n\n                    <\/div>\n                <\/div>\n            <\/div>\n        <\/div>\n    <\/div>\n<\/section>\n\n\n    <!--Accordion Cards Start Here-->\n    <section class=\"accordion bg-color-disabled\"  data-according-id=\"1472685511\">\n        <div class=\"container\">\n            <div class=\"row\">\n                <!--Accordion info section-->\n                <div class=\"column-1 col-xl-12 col-md-12 col-sm-12\">\n                    <div class=\"accordian-info\">\n                        <h3 class=\"accordian-heading visible heading-three\" role=\"heading\" aria-level=\"2\">\n                            Unsere Strategie                        <\/h3>\n                        <p class=\"accordian-summary visible\">Um die n\u00e4chste Generation unserer innovativen pharmazeutischen Produkte zu entwickeln, arbeiten wir bei Ipsen mit allen wichtigen Akteuren im Gesundheitswesen zusammen. Wir bauen langfristig wertvolle Partnerschaften auf, die die Innovationen von morgen in unseren drei Therapiegebieten vorantreiben: Onkologie, Seltene Krankheiten und Neurologie.<\/p>\n                    <\/div>\n                <\/div><!--Accordion info section over here -->\n\n                <div class=\"col-xl-12 col-lg-12 col-md-12 col-sm-12\">\n                    <div class=\"accordion accor-group\" id=\"accordionExample1472685511\">\n                         \n                                    <!-- Accordion with Expandable panel & FAQs -->\n                                    <div class=\"accordion-item accor-item\">\n                                        <p  role=\"heading\" aria-level=\"3\" class=\"accordion-header accor-head-para\" id=\"expHeading0\">\n                                            <button class=\"accordion-button accor-btn collapsed\" type=\"button\" data-bs-toggle=\"collapse\" data-bs-target=\"#expHeading14726855110\" aria-expanded=\"false\" aria-controls=\"expHeading14726855110\">\n                                                Das volle Potenzial unserer Pr\u00e4parate aussch\u00f6pfen                                            <\/button>\n                                        <\/p>\n                                        <div id=\"expHeading14726855110\" class=\"accordion-collapse collapse \" aria-labelledby=\"expHeading0\" data-bs-parent=\"#accordionExample1472685511\">\n                                            <div class=\"accordion-body\">\n                                                <div class=\"accordion-data\">\n                                                    <p><p>Wir fokussieren uns darauf, dass Patient:innen den bestm\u00f6glichen Zugang zu unseren Therapien bekommen. Wir arbeiten mit Patient:innen zusammen und lernen gemeinsam, um weitere Verbesserungen zu erzielen.<\/p>\n<\/p>\n                                                    <div class=\"cta-block hidden\" >\n                                                                                                            <\/div>\n                                                <\/div>\n                                            <\/div>\n                                        <\/div>\n                                    <\/div>\n                             \n                                    <!-- Accordion with Expandable panel & FAQs -->\n                                    <div class=\"accordion-item accor-item\">\n                                        <p  role=\"heading\" aria-level=\"3\" class=\"accordion-header accor-head-para\" id=\"expHeading1\">\n                                            <button class=\"accordion-button accor-btn collapsed\" type=\"button\" data-bs-toggle=\"collapse\" data-bs-target=\"#expHeading14726855111\" aria-expanded=\"false\" aria-controls=\"expHeading14726855111\">\n                                                Hochwertige und innovative Pipeline aufbauen                                            <\/button>\n                                        <\/p>\n                                        <div id=\"expHeading14726855111\" class=\"accordion-collapse collapse \" aria-labelledby=\"expHeading1\" data-bs-parent=\"#accordionExample1472685511\">\n                                            <div class=\"accordion-body\">\n                                                <div class=\"accordion-data\">\n                                                    <p><p>Wir sind bestrebt, eine robuste, nachhaltige Pipeline in allen Entwicklungsstadien und in jedem unserer drei Therapiebereiche aufzubauen, damit wir auch in Zukunft innovative Behandlungen anbieten k\u00f6nnen. Wir suchen Biotech-Unternehmen, akademische Einrichtungen und andere Partner, die unsere Vision teilen, einen echten Beitrag f\u00fcr Patienten zu leisten, und wir wollen jedes Jahr mindestens eine molekulare Entit\u00e4t oder eine bedeutende Indikation entwickeln.<\/p>\n<\/p>\n                                                    <div class=\"cta-block hidden\" >\n                                                                                                            <\/div>\n                                                <\/div>\n                                            <\/div>\n                                        <\/div>\n                                    <\/div>\n                             \n                                    <!-- Accordion with Expandable panel & FAQs -->\n                                    <div class=\"accordion-item accor-item\">\n                                        <p  role=\"heading\" aria-level=\"3\" class=\"accordion-header accor-head-para\" id=\"expHeading2\">\n                                            <button class=\"accordion-button accor-btn collapsed\" type=\"button\" data-bs-toggle=\"collapse\" data-bs-target=\"#expHeading14726855112\" aria-expanded=\"false\" aria-controls=\"expHeading14726855112\">\n                                                Leistungsf\u00e4higkeit steigern f\u00fcr gezieltes Investment und Wachstum                                            <\/button>\n                                        <\/p>\n                                        <div id=\"expHeading14726855112\" class=\"accordion-collapse collapse \" aria-labelledby=\"expHeading2\" data-bs-parent=\"#accordionExample1472685511\">\n                                            <div class=\"accordion-body\">\n                                                <div class=\"accordion-data\">\n                                                    <p><p>Wir konzentrieren unsere Bem\u00fchungen und Ressourcen dort, wo sie f\u00fcr die Patient:innen von Nutzen sind. Indem wir Effizienz schaffen, k\u00f6nnen wir zum richtigen Zeitpunkt die richtigen Investitionen t\u00e4tigen, um Patient:innen auf der ganzen Welt neue, innovative Therapien zur Verf\u00fcgung zu stellen.<\/p>\n<\/p>\n                                                    <div class=\"cta-block hidden\" >\n                                                                                                            <\/div>\n                                                <\/div>\n                                            <\/div>\n                                        <\/div>\n                                    <\/div>\n                             \n                                    <!-- Accordion with Expandable panel & FAQs -->\n                                    <div class=\"accordion-item accor-item\">\n                                        <p  role=\"heading\" aria-level=\"3\" class=\"accordion-header accor-head-para\" id=\"expHeading3\">\n                                            <button class=\"accordion-button accor-btn collapsed\" type=\"button\" data-bs-toggle=\"collapse\" data-bs-target=\"#expHeading14726855113\" aria-expanded=\"false\" aria-controls=\"expHeading14726855113\">\n                                                F\u00f6rderung einer Kultur der Zusammenarbeit und Exzellenz                                             <\/button>\n                                        <\/p>\n                                        <div id=\"expHeading14726855113\" class=\"accordion-collapse collapse \" aria-labelledby=\"expHeading3\" data-bs-parent=\"#accordionExample1472685511\">\n                                            <div class=\"accordion-body\">\n                                                <div class=\"accordion-data\">\n                                                    <p><p>Unser Team von mehr als 5&#8217;000 talentierten und engagierten Mitarbeiter:innen auf der ganzen Welt ist jeden Tag bestrebt, unsere F\u00e4higkeiten zu entwickeln und auszubauen. Mit unserem wissenschaftsbasierten und patientenorientierten Ansatz wachsen wir gemeinsam in einem unterst\u00fctzenden Umfeld.<\/p>\n<\/p>\n                                                    <div class=\"cta-block hidden\" >\n                                                                                                            <\/div>\n                                                <\/div>\n                                            <\/div>\n                                        <\/div>\n                                    <\/div>\n                                                <\/div>\n                <\/div> \n            <\/div>\n        <\/div>\n    <\/section>\n    <!--Accordion Cards End Here-->\n\n\n\n<p class=\"has-text-align-center has-small-font-size\">ALLSC-CH-000005, 01\/2026<\/p>\n","protected":false},"excerpt":{"rendered":"","protected":false},"author":2,"featured_media":0,"parent":0,"menu_order":0,"comment_status":"closed","ping_status":"closed","template":"","meta":{"_acf_changed":false,"footnotes":""},"class_list":["post-32","page","type-page","status-publish","hentry","entry"],"acf":[],"yoast_head":"<!-- This site is optimized with the Yoast SEO plugin v26.8 - https:\/\/yoast.com\/product\/yoast-seo-wordpress\/ -->\n<title>Ipsen: Wer wir sind<\/title>\n<meta name=\"description\" content=\"Erfahren Sie mehr \u00fcber Ipsen, ein globales Pharmaunternehmen, das sich zum Ziel gesetzt hat, das Leben von Patient:innen zu verl\u00e4ngern, die Gesundheitsergebnisse zu verbessern und einen positiven Einfluss auf Patient:innen und die Gesellschaft auszu\u00fcben.\" \/>\n<meta name=\"robots\" content=\"index, follow, max-snippet:-1, max-image-preview:large, max-video-preview:-1\" \/>\n<link rel=\"canonical\" href=\"https:\/\/www.ipsen.com\/switzerland\/unternehmen\/\" \/>\n<meta property=\"og:locale\" content=\"de_DE\" \/>\n<meta property=\"og:type\" content=\"article\" \/>\n<meta property=\"og:title\" content=\"Ipsen: Wer wir sind\" \/>\n<meta property=\"og:description\" content=\"Erfahren Sie mehr \u00fcber Ipsen, ein globales Pharmaunternehmen, das sich zum Ziel gesetzt hat, das Leben von Patient:innen zu verl\u00e4ngern, die Gesundheitsergebnisse zu verbessern und einen positiven Einfluss auf Patient:innen und die Gesellschaft auszu\u00fcben.\" \/>\n<meta property=\"og:url\" content=\"https:\/\/www.ipsen.com\/switzerland\/unternehmen\/\" \/>\n<meta property=\"og:site_name\" content=\"Switzerland\" \/>\n<meta property=\"article:modified_time\" content=\"2026-01-06T12:19:02+00:00\" \/>\n<meta name=\"twitter:card\" content=\"summary_large_image\" \/>\n<meta name=\"twitter:label1\" content=\"Est. reading time\" \/>\n\t<meta name=\"twitter:data1\" content=\"1 minute\" \/>\n<script type=\"application\/ld+json\" class=\"yoast-schema-graph\">{\"@context\":\"https:\/\/schema.org\",\"@graph\":[{\"@type\":\"WebPage\",\"@id\":\"https:\/\/www.ipsen.com\/switzerland\/unternehmen\/\",\"url\":\"https:\/\/www.ipsen.com\/switzerland\/unternehmen\/\",\"name\":\"Ipsen: Wer wir sind\",\"isPartOf\":{\"@id\":\"https:\/\/www.ipsen.com\/switzerland\/#website\"},\"datePublished\":\"2024-03-08T09:13:52+00:00\",\"dateModified\":\"2026-01-06T12:19:02+00:00\",\"description\":\"Erfahren Sie mehr \u00fcber Ipsen, ein globales Pharmaunternehmen, das sich zum Ziel gesetzt hat, das Leben von Patient:innen zu verl\u00e4ngern, die Gesundheitsergebnisse zu verbessern und einen positiven Einfluss auf Patient:innen und die Gesellschaft auszu\u00fcben.\",\"breadcrumb\":{\"@id\":\"https:\/\/www.ipsen.com\/switzerland\/unternehmen\/#breadcrumb\"},\"inLanguage\":\"de-DE\",\"potentialAction\":[{\"@type\":\"ReadAction\",\"target\":[\"https:\/\/www.ipsen.com\/switzerland\/unternehmen\/\"]}]},{\"@type\":\"BreadcrumbList\",\"@id\":\"https:\/\/www.ipsen.com\/switzerland\/unternehmen\/#breadcrumb\",\"itemListElement\":[{\"@type\":\"ListItem\",\"position\":1,\"name\":\"Home\",\"item\":\"https:\/\/www.ipsen.com\/switzerland\/\"},{\"@type\":\"ListItem\",\"position\":2,\"name\":\"Unternehmen\"}]},{\"@type\":\"WebSite\",\"@id\":\"https:\/\/www.ipsen.com\/switzerland\/#website\",\"url\":\"https:\/\/www.ipsen.com\/switzerland\/\",\"name\":\"Switzerland\",\"description\":\"\",\"publisher\":{\"@id\":\"https:\/\/www.ipsen.com\/switzerland\/#organization\"},\"potentialAction\":[{\"@type\":\"SearchAction\",\"target\":{\"@type\":\"EntryPoint\",\"urlTemplate\":\"https:\/\/www.ipsen.com\/switzerland\/?s={search_term_string}\"},\"query-input\":{\"@type\":\"PropertyValueSpecification\",\"valueRequired\":true,\"valueName\":\"search_term_string\"}}],\"inLanguage\":\"de-DE\"},{\"@type\":\"Organization\",\"@id\":\"https:\/\/www.ipsen.com\/switzerland\/#organization\",\"name\":\"Switzerland\",\"url\":\"https:\/\/www.ipsen.com\/switzerland\/\",\"logo\":{\"@type\":\"ImageObject\",\"inLanguage\":\"de-DE\",\"@id\":\"https:\/\/www.ipsen.com\/switzerland\/#\/schema\/logo\/image\/\",\"url\":\"https:\/\/www.ipsen.com\/switzerland\/wp-content\/uploads\/sites\/13\/2024\/03\/Logo-Ipsen.svg\",\"contentUrl\":\"https:\/\/www.ipsen.com\/switzerland\/wp-content\/uploads\/sites\/13\/2024\/03\/Logo-Ipsen.svg\",\"caption\":\"Switzerland\"},\"image\":{\"@id\":\"https:\/\/www.ipsen.com\/switzerland\/#\/schema\/logo\/image\/\"}}]}<\/script>\n<!-- \/ Yoast SEO plugin. -->","yoast_head_json":{"title":"Ipsen: Wer wir sind","description":"Erfahren Sie mehr \u00fcber Ipsen, ein globales Pharmaunternehmen, das sich zum Ziel gesetzt hat, das Leben von Patient:innen zu verl\u00e4ngern, die Gesundheitsergebnisse zu verbessern und einen positiven Einfluss auf Patient:innen und die Gesellschaft auszu\u00fcben.","robots":{"index":"index","follow":"follow","max-snippet":"max-snippet:-1","max-image-preview":"max-image-preview:large","max-video-preview":"max-video-preview:-1"},"canonical":"https:\/\/www.ipsen.com\/switzerland\/unternehmen\/","og_locale":"de_DE","og_type":"article","og_title":"Ipsen: Wer wir sind","og_description":"Erfahren Sie mehr \u00fcber Ipsen, ein globales Pharmaunternehmen, das sich zum Ziel gesetzt hat, das Leben von Patient:innen zu verl\u00e4ngern, die Gesundheitsergebnisse zu verbessern und einen positiven Einfluss auf Patient:innen und die Gesellschaft auszu\u00fcben.","og_url":"https:\/\/www.ipsen.com\/switzerland\/unternehmen\/","og_site_name":"Switzerland","article_modified_time":"2026-01-06T12:19:02+00:00","twitter_card":"summary_large_image","twitter_misc":{"Est. reading time":"1 minute"},"schema":{"@context":"https:\/\/schema.org","@graph":[{"@type":"WebPage","@id":"https:\/\/www.ipsen.com\/switzerland\/unternehmen\/","url":"https:\/\/www.ipsen.com\/switzerland\/unternehmen\/","name":"Ipsen: Wer wir sind","isPartOf":{"@id":"https:\/\/www.ipsen.com\/switzerland\/#website"},"datePublished":"2024-03-08T09:13:52+00:00","dateModified":"2026-01-06T12:19:02+00:00","description":"Erfahren Sie mehr \u00fcber Ipsen, ein globales Pharmaunternehmen, das sich zum Ziel gesetzt hat, das Leben von Patient:innen zu verl\u00e4ngern, die Gesundheitsergebnisse zu verbessern und einen positiven Einfluss auf Patient:innen und die Gesellschaft auszu\u00fcben.","breadcrumb":{"@id":"https:\/\/www.ipsen.com\/switzerland\/unternehmen\/#breadcrumb"},"inLanguage":"de-DE","potentialAction":[{"@type":"ReadAction","target":["https:\/\/www.ipsen.com\/switzerland\/unternehmen\/"]}]},{"@type":"BreadcrumbList","@id":"https:\/\/www.ipsen.com\/switzerland\/unternehmen\/#breadcrumb","itemListElement":[{"@type":"ListItem","position":1,"name":"Home","item":"https:\/\/www.ipsen.com\/switzerland\/"},{"@type":"ListItem","position":2,"name":"Unternehmen"}]},{"@type":"WebSite","@id":"https:\/\/www.ipsen.com\/switzerland\/#website","url":"https:\/\/www.ipsen.com\/switzerland\/","name":"Switzerland","description":"","publisher":{"@id":"https:\/\/www.ipsen.com\/switzerland\/#organization"},"potentialAction":[{"@type":"SearchAction","target":{"@type":"EntryPoint","urlTemplate":"https:\/\/www.ipsen.com\/switzerland\/?s={search_term_string}"},"query-input":{"@type":"PropertyValueSpecification","valueRequired":true,"valueName":"search_term_string"}}],"inLanguage":"de-DE"},{"@type":"Organization","@id":"https:\/\/www.ipsen.com\/switzerland\/#organization","name":"Switzerland","url":"https:\/\/www.ipsen.com\/switzerland\/","logo":{"@type":"ImageObject","inLanguage":"de-DE","@id":"https:\/\/www.ipsen.com\/switzerland\/#\/schema\/logo\/image\/","url":"https:\/\/www.ipsen.com\/switzerland\/wp-content\/uploads\/sites\/13\/2024\/03\/Logo-Ipsen.svg","contentUrl":"https:\/\/www.ipsen.com\/switzerland\/wp-content\/uploads\/sites\/13\/2024\/03\/Logo-Ipsen.svg","caption":"Switzerland"},"image":{"@id":"https:\/\/www.ipsen.com\/switzerland\/#\/schema\/logo\/image\/"}}]}},"parsely":{"version":"1.1.0","canonical_url":"https:\/\/ipsen.com\/switzerland\/unternehmen\/","smart_links":{"inbound":0,"outbound":0},"traffic_boost_suggestions_count":0,"meta":{"@context":"https:\/\/schema.org","@type":"WebPage","headline":"Unternehmen","url":"http:\/\/www.ipsen.com\/switzerland\/unternehmen\/","mainEntityOfPage":{"@type":"WebPage","@id":"http:\/\/www.ipsen.com\/switzerland\/unternehmen\/"},"thumbnailUrl":"","image":{"@type":"ImageObject","url":""},"articleSection":"Unkategorisiert","author":[{"@type":"Person","name":"navya"}],"creator":["navya"],"publisher":{"@type":"Organization","name":"Switzerland","logo":""},"keywords":[],"dateCreated":"2024-03-08T09:13:52Z","datePublished":"2024-03-08T09:13:52Z","dateModified":"2026-01-06T12:19:02Z"},"rendered":"<script type=\"application\/ld+json\" class=\"wp-parsely-metadata\">{\"@context\":\"https:\\\/\\\/schema.org\",\"@type\":\"WebPage\",\"headline\":\"Unternehmen\",\"url\":\"http:\\\/\\\/www.ipsen.com\\\/switzerland\\\/unternehmen\\\/\",\"mainEntityOfPage\":{\"@type\":\"WebPage\",\"@id\":\"http:\\\/\\\/www.ipsen.com\\\/switzerland\\\/unternehmen\\\/\"},\"thumbnailUrl\":\"\",\"image\":{\"@type\":\"ImageObject\",\"url\":\"\"},\"articleSection\":\"Unkategorisiert\",\"author\":[{\"@type\":\"Person\",\"name\":\"navya\"}],\"creator\":[\"navya\"],\"publisher\":{\"@type\":\"Organization\",\"name\":\"Switzerland\",\"logo\":\"\"},\"keywords\":[],\"dateCreated\":\"2024-03-08T09:13:52Z\",\"datePublished\":\"2024-03-08T09:13:52Z\",\"dateModified\":\"2026-01-06T12:19:02Z\"}<\/script>","tracker_url":"https:\/\/cdn.parsely.com\/keys\/ipsen.com\/p.js"},"jetpack_sharing_enabled":true,"_links":{"self":[{"href":"https:\/\/www.ipsen.com\/switzerland\/wp-json\/wp\/v2\/pages\/32","targetHints":{"allow":["GET"]}}],"collection":[{"href":"https:\/\/www.ipsen.com\/switzerland\/wp-json\/wp\/v2\/pages"}],"about":[{"href":"https:\/\/www.ipsen.com\/switzerland\/wp-json\/wp\/v2\/types\/page"}],"author":[{"embeddable":true,"href":"https:\/\/www.ipsen.com\/switzerland\/wp-json\/wp\/v2\/users\/2"}],"replies":[{"embeddable":true,"href":"https:\/\/www.ipsen.com\/switzerland\/wp-json\/wp\/v2\/comments?post=32"}],"version-history":[{"count":51,"href":"https:\/\/www.ipsen.com\/switzerland\/wp-json\/wp\/v2\/pages\/32\/revisions"}],"predecessor-version":[{"id":23845,"href":"https:\/\/www.ipsen.com\/switzerland\/wp-json\/wp\/v2\/pages\/32\/revisions\/23845"}],"wp:attachment":[{"href":"https:\/\/www.ipsen.com\/switzerland\/wp-json\/wp\/v2\/media?parent=32"}],"curies":[{"name":"wp","href":"https:\/\/api.w.org\/{rel}","templated":true}]}}