{"id":93,"date":"2024-09-30T11:51:11","date_gmt":"2024-09-30T09:51:11","guid":{"rendered":"https:\/\/www.ipsen.com\/es\/?page_id=93"},"modified":"2024-11-04T08:15:11","modified_gmt":"2024-11-04T06:15:11","slug":"politica-de-cookies","status":"publish","type":"page","link":"https:\/\/www.ipsen.com\/spain\/politica-de-cookies\/","title":{"rendered":"Pol\u00edtica de Cookies"},"content":{"rendered":"    <section class=\"sub-page-banner bg-color-enabled  banner-no-filter\" style=\"background: linear-gradient(93.64deg, #224A81 2.99%, #2797D3 97.01%)\">\n                <div class=\"container content-sec\">\n            <nav aria-label=\"breadcrumb\">\n            <ol class=\"breadcrumb\">\n                <li class=\"breadcrumb-item\"><a href=\"https:\/\/www.ipsen.com\/spain\">Inicio<\/a><\/li><li class=\"breadcrumb-item active\"><a class=\"link-pointer-events-none\" href=\"#\" aria-current=\"page\">Pol\u00edtica de Cookies<\/a><\/li><\/ol>\n            <\/nav>            <h1 class=\"visible banner-font-color-white\">Pol\u00edtica de Cookies<\/h1>\n            <p class=\"hidden banner-font-color-white\"><\/p>\n        <\/div>\n    <\/section>\n\n\n\n\n<div class=\"wp-block-columns is-layout-flex wp-container-core-columns-is-layout-9d6595d7 wp-block-columns-is-layout-flex\">\n<div class=\"wp-block-column is-layout-flow wp-block-column-is-layout-flow\">\n<p>El objetivo de esta Pol\u00edtica de Cookies es ilustrar el tipo de cookies que usa este Sitio Web, las formas en que \u00e9stas se usan, y c\u00f3mo el usuario puede gestionarlas.<\/p>\n\n\n\n<p><strong>\u00bfQu\u00e9 es una cookie?<\/strong><\/p>\n\n\n\n<p>Las cookies son peque\u00f1os ficheros de texto que se env\u00edan a su dispositivo cuando visita una p\u00e1gina web, y se almacenan en el disco duro de su dispositivo.<\/p>\n\n\n\n<p>Algunas cookies son consideradas estrictamente necesarias: estas cookies se usan para facilitar tareas esenciales en el sitio web, como ayudar a los usuarios a navegar entre p\u00e1ginas de forma eficiente, haciendo que la p\u00e1gina funcione de forma segura y eficaz.<\/p>\n\n\n\n<p>Otras cookies se usan para gestionar el rendimiento y trazar el uso del sitio web. Ipsen usa estas cookies en sus sitios web para entender qu\u00e9 uso se hace de estos, de forma que podamos mejorar y desarrollar nuestros sitios webs continuamente.<\/p>\n\n\n\n<p>De acuerdo con la Directiva EU 2009\/136\/EC, solo almacenaremos cookies en su dispositivo si es estrictamente necesario. Cuando usemos otras cookies que no son estrictamente necesarias, le pediremos permiso.<\/p>\n\n\n\n<p>Normalmente la informaci\u00f3n que se recoge usando cookies no le identifica directamente, pero algunas s\u00ed pueden contener datos personales, tales como la direcci\u00f3n IP, fecha y hora de la visita al sitio web, sistema operativo, navegador, y c\u00f3mo el usuario accede al sitio web (ver la Pol\u00edtica de Privacidad del Sitio Web para m\u00e1s informaci\u00f3n sobre c\u00f3mo tratamos sus datos personales, sobre sus derechos y sobre c\u00f3mo contactar con nosotros).<\/p>\n\n\n\n<p><strong>\u00bfQu\u00e9 cookies usa este Sitio Web?<\/strong><\/p>\n\n\n\n<p>Este Sitio Web usa cookies estrictamente necesarias para gestionar la navegaci\u00f3n del sitio, as\u00ed como para la funcionalidad y seguridad del usuario.<\/p>\n\n\n\n<p>El Sitio Web usa tambi\u00e9n cookies anal\u00edticas. \u00c9stas facilitan a Ipsen informaci\u00f3n acerca del comportamiento del visitante del sitio web, tales como identificar palabras clave del motor de b\u00fasqueda que condujeron al usuario al sitio web, cu\u00e1nto tiempo ha estado en el sitio web, qu\u00e9 p\u00e1ginas ha visitado y cu\u00e1les son las m\u00e1s visitadas.<\/p>\n\n\n\n<p>Este Sitio Web tambi\u00e9n usa Google Analytics para hacer seguimiento del uso del sitio y facilitar estad\u00edsticas generales sobre el uso del Sitio Web.<\/p>\n\n\n\n<p><strong>\u00bfPor cu\u00e1nto tiempo se conserva la informaci\u00f3n recopilada de las cookies?<\/strong><\/p>\n\n\n\n<p>Las cookies caducan cuando la informaci\u00f3n ya no es necesaria, o despu\u00e9s de un periodo m\u00e1ximo de 13 meses.<\/p>\n\n\n\n<p><strong>\u00bfC\u00f3mo configuro o cambio mi configuraci\u00f3n de cookies?<\/strong><\/p>\n\n\n\n<p>Cuando entre por primera vez en este Sitio Web se le presentar\u00e1n opciones para gestionar las cookies. Tambi\u00e9n se le presentar\u00e1n opciones peri\u00f3dicamente. Podr\u00e1 aceptar todas las cookies o elegir qu\u00e9 cookies acepta o rechaza. Si rechaza todas las cookies \u00e9stas no se enviar\u00e1n a su dispositivo.<\/p>\n\n\n\n<p>Alternativamente, puede controlar las cookies a trav\u00e9s de la mayor\u00eda de navegadores en su configuraci\u00f3n. Para saber m\u00e1s sobre cookies, incluyendo c\u00f3mo saber qu\u00e9 cookies se han establecido, puede visitar <strong><a href=\"https:\/\/www.aboutcookies.org\/\" target=\"_blank\" rel=\"noreferrer noopener\">www.aboutcookies.org<\/a><\/strong> o <a href=\"https:\/\/www.allaboutcookies.org\/\" target=\"_blank\" rel=\"noreferrer noopener\"><strong>www.allaboutcookies.org<\/strong><\/a>.<\/p>\n\n\n\n<p><strong>\u00bfQu\u00e9 ocurre cuando comparto en redes sociales?<\/strong><\/p>\n\n\n\n<p>Si \u201ccomparte\u201d contenido de Ipsen en redes sociales, tales como Facebook y Twitter, puede que desde \u00e9stas le env\u00eden cookies. No controlamos la configuraci\u00f3n de estas cookies, por lo que le rogamos que compruebe con estos sitios web la informaci\u00f3n sobre c\u00f3mo gestionar las mismas.<\/p>\n<\/div>\n<\/div>\n","protected":false},"excerpt":{"rendered":"","protected":false},"author":2,"featured_media":0,"parent":0,"menu_order":0,"comment_status":"closed","ping_status":"closed","template":"","meta":{"_acf_changed":false,"footnotes":""},"class_list":["post-93","page","type-page","status-publish","hentry","entry"],"acf":[],"yoast_head":"<!-- This site is optimized with the Yoast SEO plugin v26.8 - https:\/\/yoast.com\/product\/yoast-seo-wordpress\/ -->\n<title>Pol\u00edtica de Cookies<\/title>\n<meta name=\"description\" content=\"Pol\u00edtica de Cookies de Ipsen\" \/>\n<meta name=\"robots\" content=\"index, follow, max-snippet:-1, max-image-preview:large, max-video-preview:-1\" \/>\n<link rel=\"canonical\" href=\"https:\/\/www.ipsen.com\/spain\/politica-de-cookies\/\" \/>\n<meta property=\"og:locale\" content=\"es_ES\" \/>\n<meta property=\"og:type\" content=\"article\" \/>\n<meta property=\"og:title\" content=\"Pol\u00edtica de Cookies\" \/>\n<meta property=\"og:description\" content=\"Pol\u00edtica de Cookies de Ipsen\" \/>\n<meta property=\"og:url\" content=\"https:\/\/www.ipsen.com\/spain\/politica-de-cookies\/\" \/>\n<meta property=\"og:site_name\" content=\"Spain\" \/>\n<meta property=\"article:modified_time\" content=\"2024-11-04T06:15:11+00:00\" \/>\n<meta name=\"twitter:card\" content=\"summary_large_image\" \/>\n<meta name=\"twitter:label1\" content=\"Est. reading time\" \/>\n\t<meta name=\"twitter:data1\" content=\"3 minutes\" \/>\n<script type=\"application\/ld+json\" class=\"yoast-schema-graph\">{\"@context\":\"https:\/\/schema.org\",\"@graph\":[{\"@type\":\"WebPage\",\"@id\":\"https:\/\/www.ipsen.com\/spain\/politica-de-cookies\/\",\"url\":\"https:\/\/www.ipsen.com\/spain\/politica-de-cookies\/\",\"name\":\"Pol\u00edtica de Cookies\",\"isPartOf\":{\"@id\":\"https:\/\/www.ipsen.com\/spain\/#website\"},\"datePublished\":\"2024-09-30T09:51:11+00:00\",\"dateModified\":\"2024-11-04T06:15:11+00:00\",\"description\":\"Pol\u00edtica de Cookies de Ipsen\",\"breadcrumb\":{\"@id\":\"https:\/\/www.ipsen.com\/spain\/politica-de-cookies\/#breadcrumb\"},\"inLanguage\":\"es-ES\",\"potentialAction\":[{\"@type\":\"ReadAction\",\"target\":[\"https:\/\/www.ipsen.com\/spain\/politica-de-cookies\/\"]}]},{\"@type\":\"BreadcrumbList\",\"@id\":\"https:\/\/www.ipsen.com\/spain\/politica-de-cookies\/#breadcrumb\",\"itemListElement\":[{\"@type\":\"ListItem\",\"position\":1,\"name\":\"Home\",\"item\":\"https:\/\/www.ipsen.com\/spain\/\"},{\"@type\":\"ListItem\",\"position\":2,\"name\":\"Pol\u00edtica de Cookies\"}]},{\"@type\":\"WebSite\",\"@id\":\"https:\/\/www.ipsen.com\/spain\/#website\",\"url\":\"https:\/\/www.ipsen.com\/spain\/\",\"name\":\"Spain\",\"description\":\"\",\"publisher\":{\"@id\":\"https:\/\/www.ipsen.com\/spain\/#organization\"},\"potentialAction\":[{\"@type\":\"SearchAction\",\"target\":{\"@type\":\"EntryPoint\",\"urlTemplate\":\"https:\/\/www.ipsen.com\/spain\/?s={search_term_string}\"},\"query-input\":{\"@type\":\"PropertyValueSpecification\",\"valueRequired\":true,\"valueName\":\"search_term_string\"}}],\"inLanguage\":\"es-ES\"},{\"@type\":\"Organization\",\"@id\":\"https:\/\/www.ipsen.com\/spain\/#organization\",\"name\":\"Spain\",\"url\":\"https:\/\/www.ipsen.com\/spain\/\",\"logo\":{\"@type\":\"ImageObject\",\"inLanguage\":\"es-ES\",\"@id\":\"https:\/\/www.ipsen.com\/spain\/#\/schema\/logo\/image\/\",\"url\":\"https:\/\/www.ipsen.com\/spain\/wp-content\/uploads\/sites\/17\/2024\/06\/Logo-Ipsen-new.svg\",\"contentUrl\":\"https:\/\/www.ipsen.com\/spain\/wp-content\/uploads\/sites\/17\/2024\/06\/Logo-Ipsen-new.svg\",\"caption\":\"Spain\"},\"image\":{\"@id\":\"https:\/\/www.ipsen.com\/spain\/#\/schema\/logo\/image\/\"}}]}<\/script>\n<!-- \/ Yoast SEO plugin. -->","yoast_head_json":{"title":"Pol\u00edtica de Cookies","description":"Pol\u00edtica de Cookies de Ipsen","robots":{"index":"index","follow":"follow","max-snippet":"max-snippet:-1","max-image-preview":"max-image-preview:large","max-video-preview":"max-video-preview:-1"},"canonical":"https:\/\/www.ipsen.com\/spain\/politica-de-cookies\/","og_locale":"es_ES","og_type":"article","og_title":"Pol\u00edtica de Cookies","og_description":"Pol\u00edtica de Cookies de Ipsen","og_url":"https:\/\/www.ipsen.com\/spain\/politica-de-cookies\/","og_site_name":"Spain","article_modified_time":"2024-11-04T06:15:11+00:00","twitter_card":"summary_large_image","twitter_misc":{"Est. reading time":"3 minutes"},"schema":{"@context":"https:\/\/schema.org","@graph":[{"@type":"WebPage","@id":"https:\/\/www.ipsen.com\/spain\/politica-de-cookies\/","url":"https:\/\/www.ipsen.com\/spain\/politica-de-cookies\/","name":"Pol\u00edtica de Cookies","isPartOf":{"@id":"https:\/\/www.ipsen.com\/spain\/#website"},"datePublished":"2024-09-30T09:51:11+00:00","dateModified":"2024-11-04T06:15:11+00:00","description":"Pol\u00edtica de Cookies de Ipsen","breadcrumb":{"@id":"https:\/\/www.ipsen.com\/spain\/politica-de-cookies\/#breadcrumb"},"inLanguage":"es-ES","potentialAction":[{"@type":"ReadAction","target":["https:\/\/www.ipsen.com\/spain\/politica-de-cookies\/"]}]},{"@type":"BreadcrumbList","@id":"https:\/\/www.ipsen.com\/spain\/politica-de-cookies\/#breadcrumb","itemListElement":[{"@type":"ListItem","position":1,"name":"Home","item":"https:\/\/www.ipsen.com\/spain\/"},{"@type":"ListItem","position":2,"name":"Pol\u00edtica de Cookies"}]},{"@type":"WebSite","@id":"https:\/\/www.ipsen.com\/spain\/#website","url":"https:\/\/www.ipsen.com\/spain\/","name":"Spain","description":"","publisher":{"@id":"https:\/\/www.ipsen.com\/spain\/#organization"},"potentialAction":[{"@type":"SearchAction","target":{"@type":"EntryPoint","urlTemplate":"https:\/\/www.ipsen.com\/spain\/?s={search_term_string}"},"query-input":{"@type":"PropertyValueSpecification","valueRequired":true,"valueName":"search_term_string"}}],"inLanguage":"es-ES"},{"@type":"Organization","@id":"https:\/\/www.ipsen.com\/spain\/#organization","name":"Spain","url":"https:\/\/www.ipsen.com\/spain\/","logo":{"@type":"ImageObject","inLanguage":"es-ES","@id":"https:\/\/www.ipsen.com\/spain\/#\/schema\/logo\/image\/","url":"https:\/\/www.ipsen.com\/spain\/wp-content\/uploads\/sites\/17\/2024\/06\/Logo-Ipsen-new.svg","contentUrl":"https:\/\/www.ipsen.com\/spain\/wp-content\/uploads\/sites\/17\/2024\/06\/Logo-Ipsen-new.svg","caption":"Spain"},"image":{"@id":"https:\/\/www.ipsen.com\/spain\/#\/schema\/logo\/image\/"}}]}},"parsely":{"version":"1.1.0","canonical_url":"https:\/\/ipsen.com\/spain\/politica-de-cookies\/","smart_links":{"inbound":0,"outbound":0},"traffic_boost_suggestions_count":0,"meta":{"@context":"https:\/\/schema.org","@type":"WebPage","headline":"Pol\u00edtica de Cookies","url":"http:\/\/www.ipsen.com\/spain\/politica-de-cookies\/","mainEntityOfPage":{"@type":"WebPage","@id":"http:\/\/www.ipsen.com\/spain\/politica-de-cookies\/"},"thumbnailUrl":"","image":{"@type":"ImageObject","url":""},"articleSection":"Sin categorizar","author":[{"@type":"Person","name":"navya"}],"creator":["navya"],"publisher":{"@type":"Organization","name":"Spain","logo":""},"keywords":[],"dateCreated":"2024-09-30T09:51:11Z","datePublished":"2024-09-30T09:51:11Z","dateModified":"2024-11-04T06:15:11Z"},"rendered":"<script type=\"application\/ld+json\" class=\"wp-parsely-metadata\">{\"@context\":\"https:\\\/\\\/schema.org\",\"@type\":\"WebPage\",\"headline\":\"Pol\\u00edtica de Cookies\",\"url\":\"http:\\\/\\\/www.ipsen.com\\\/spain\\\/politica-de-cookies\\\/\",\"mainEntityOfPage\":{\"@type\":\"WebPage\",\"@id\":\"http:\\\/\\\/www.ipsen.com\\\/spain\\\/politica-de-cookies\\\/\"},\"thumbnailUrl\":\"\",\"image\":{\"@type\":\"ImageObject\",\"url\":\"\"},\"articleSection\":\"Sin categorizar\",\"author\":[{\"@type\":\"Person\",\"name\":\"navya\"}],\"creator\":[\"navya\"],\"publisher\":{\"@type\":\"Organization\",\"name\":\"Spain\",\"logo\":\"\"},\"keywords\":[],\"dateCreated\":\"2024-09-30T09:51:11Z\",\"datePublished\":\"2024-09-30T09:51:11Z\",\"dateModified\":\"2024-11-04T06:15:11Z\"}<\/script>","tracker_url":"https:\/\/cdn.parsely.com\/keys\/ipsen.com\/p.js"},"jetpack_sharing_enabled":true,"_links":{"self":[{"href":"https:\/\/www.ipsen.com\/spain\/wp-json\/wp\/v2\/pages\/93","targetHints":{"allow":["GET"]}}],"collection":[{"href":"https:\/\/www.ipsen.com\/spain\/wp-json\/wp\/v2\/pages"}],"about":[{"href":"https:\/\/www.ipsen.com\/spain\/wp-json\/wp\/v2\/types\/page"}],"author":[{"embeddable":true,"href":"https:\/\/www.ipsen.com\/spain\/wp-json\/wp\/v2\/users\/2"}],"replies":[{"embeddable":true,"href":"https:\/\/www.ipsen.com\/spain\/wp-json\/wp\/v2\/comments?post=93"}],"version-history":[{"count":3,"href":"https:\/\/www.ipsen.com\/spain\/wp-json\/wp\/v2\/pages\/93\/revisions"}],"predecessor-version":[{"id":433,"href":"https:\/\/www.ipsen.com\/spain\/wp-json\/wp\/v2\/pages\/93\/revisions\/433"}],"wp:attachment":[{"href":"https:\/\/www.ipsen.com\/spain\/wp-json\/wp\/v2\/media?parent=93"}],"curies":[{"name":"wp","href":"https:\/\/api.w.org\/{rel}","templated":true}]}}