{"id":92,"date":"2024-09-30T11:50:54","date_gmt":"2024-09-30T09:50:54","guid":{"rendered":"https:\/\/www.ipsen.com\/es\/?page_id=92"},"modified":"2025-10-29T15:16:59","modified_gmt":"2025-10-29T13:16:59","slug":"terminos-y-condiciones-de-uso","status":"publish","type":"page","link":"https:\/\/www.ipsen.com\/spain\/terminos-y-condiciones-de-uso\/","title":{"rendered":"T\u00e9rminos y condiciones de uso"},"content":{"rendered":"    <section class=\"sub-page-banner bg-color-enabled  banner-no-filter\" style=\"background: linear-gradient(93.64deg, #224A81 2.99%, #2797D3 97.01%)\">\n                <div class=\"container content-sec\">\n            <nav aria-label=\"breadcrumb\">\n            <ol class=\"breadcrumb\">\n                <li class=\"breadcrumb-item\"><a href=\"https:\/\/www.ipsen.com\/spain\">Inicio<\/a><\/li><li class=\"breadcrumb-item active\"><a class=\"link-pointer-events-none\" href=\"#\" aria-current=\"page\">T\u00e9rminos y condiciones de uso<\/a><\/li><\/ol>\n            <\/nav>            <h1 class=\"visible banner-font-color-white\">T\u00e9rminos y condiciones de uso<\/h1>\n            <p class=\"hidden banner-font-color-white\"><\/p>\n        <\/div>\n    <\/section>\n\n\n\n\n<div class=\"wp-block-columns is-layout-flex wp-container-core-columns-is-layout-9d6595d7 wp-block-columns-is-layout-flex\">\n<div class=\"wp-block-column is-layout-flow wp-block-column-is-layout-flow\">\n<p><strong>Aceptaci\u00f3n<\/strong><\/p>\n\n\n\n<p>Este sitio web (en adelante el \u00absitio web\u00bb) ha sido desarrollado y gestionado por Ipsen Pharma SAU, con sede en Torre Barcelona, Gran Via de les Corts Catalanes 130-136. 08038 Barcelona, (en adelante junto con todas o cualquiera de las entidades que componen el grupo Ipsen, \u00abIpsen\u00bb). El acceso al sitio web y su utilizaci\u00f3n est\u00e1n sujetos a estos T\u00e9rminos y condiciones de uso, y a la legislaci\u00f3n aplicable. Al acceder al sitio web, acepta, sin limitaci\u00f3n ni salvedad alguna, los presentes T\u00e9rminos y condiciones de uso.<\/p>\n\n\n\n<p><strong>Uso de la informaci\u00f3n<\/strong><\/p>\n\n\n\n<p>Este sitio web es propiedad de Ipsen y tiene por objeto proporcionar informaci\u00f3n de car\u00e1cter general sobre Ipsen, sus productos y sus servicios. La informaci\u00f3n de este sitio web incluye:<\/p>\n\n\n\n<ul class=\"wp-block-list\">\n<li>Noticias y comunicados de prensa.<\/li>\n\n\n\n<li>Visi\u00f3n, estrategia y compromisos.<\/li>\n\n\n\n<li>Descripci\u00f3n de las \u00e1reas terap\u00e9uticas, informaci\u00f3n clave y estrategia.<\/li>\n\n\n\n<li>Presentaci\u00f3n de la estrategia de investigaci\u00f3n y desarrollo, experiencia empresarial y pipeline de la Compa\u00f1\u00eda.<\/li>\n\n\n\n<li>Informaci\u00f3n para potenciales empleados.<\/li>\n\n\n\n<li>Lista de todos los productos de Ipsen.<\/li>\n\n\n\n<li>Informaci\u00f3n financiera.<\/li>\n\n\n\n<li>Informaci\u00f3n sobre transparencia.<\/li>\n<\/ul>\n\n\n\n<p>No puede distribuir, modificar, transmitir, reutilizar, volver a publicar ni utilizar ning\u00fan contenido de este sitio web con fines comerciales, y debe presuponer que todo lo que ve o lee en este sitio web est\u00e1 protegido por derechos de autor a menos que se indique lo contrario, por lo que no puede utilizarse si no es de acuerdo con lo que se estipula en estos T\u00e9rminos y condiciones de uso.<\/p>\n\n\n\n<p>Salvo que se disponga expresamente lo contrario, Ipsen no garantiza ni asegura que el uso de los contenidos publicados en este sitio web no infrinja los derechos de terceros que no sean propiedad de Ipsen o de sus afiliadas. Con la excepci\u00f3n de la autorizaci\u00f3n limitada mencionada, no se le otorga ni se le confiere a usted ninguna licencia ni derecho sobre la informaci\u00f3n, ni ning\u00fan derecho de autor por parte de Ipsen ni de cualquier tercero.<\/p>\n\n\n\n<p>Este sitio web puede contener o hacer referencia a informaci\u00f3n, tecnolog\u00edas, productos, procesos u otros derechos que son propiedad de Ipsen y\/o de terceros. No se le concede ni se le confiere a usted ninguna licencia ni ning\u00fan derecho sobre marcas comerciales, patentes, secretos comerciales, tecnolog\u00edas, productos, procesos o cualquier otro derecho de propiedad exclusivo de Ipsen o de terceros.<\/p>\n\n\n\n<p>La informaci\u00f3n contenida en este sitio web est\u00e1 destinada a todo tipo de p\u00fablico, se divulga exclusivamente con fines informativos y no pretende en modo alguno:<\/p>\n\n\n\n<ul class=\"wp-block-list\">\n<li>Dar una opini\u00f3n m\u00e9dica.<\/li>\n\n\n\n<li>Establecer un diagn\u00f3stico.<\/li>\n\n\n\n<li>Sustituir la consulta, la opini\u00f3n o las recomendaciones de un profesional de la salud.<\/li>\n\n\n\n<li>Recomendar o fomentar el uso de cualquiera de los productos o servicios de Ipsen.<\/li>\n<\/ul>\n\n\n\n<p>Es esencial consultar o seguir los consejos de su m\u00e9dico o de otros profesionales de la salud antes de utilizar cualquiera de los productos que se mencionan en este sitio web.<\/p>\n\n\n\n<p><strong>Exenci\u00f3n de garant\u00eda<\/strong><\/p>\n\n\n\n<p>Si bien Ipsen pone todos los medios razonables para garantizar que la informaci\u00f3n contenida en este sitio web sea precisa y est\u00e1 actualizada, dicha informaci\u00f3n puede no ser precisa o contener errores tipogr\u00e1ficos. Ipsen se reserva el derecho de realizar cambios, correcciones o mejoras de esta informaci\u00f3n en cualquier momento y sin previo aviso. Ipsen no afirma ni garantiza que esta informaci\u00f3n sea precisa, y no asume ninguna responsabilidad por errores u omisiones que pueda presentar el contenido de este sitio web.<\/p>\n\n\n\n<!--Alert Card Layout Start Here-->\n<section class=\"alertcard-section\">\n      <div class=\"container\">\n        <!--Alert Box HTML Start Here-->\n        <div class=\"alert-box warning-box\">\n                    <div class=\"info-icon\">\n              <span class=\"info-circle\"><img decoding=\"async\" src=\"https:\/\/www.ipsen.com\/spain\/wp-content\/themes\/ipsen-main\/dist\/images\/alert-warning-icon.png\" alt=\"Alert\"\/><\/i>\n            <\/div>\n                    <div class=\"info-contents\">\n          <h4 role=\"heading\" aria-level=\"2\" class=\"info-head heading-four heading-four\"><\/h4>\n            <p class=\"info-sub-head-para hidden heading-para\"><\/p>\n            <div class=\"alert-content visible\"><p>TODA LA INFORMACI\u00d3N SE PROPORCIONA \u00abTAL CUAL\u00bb. IPSEN NO GARANTIZA NI LA COMPLITUD NI LA EXACTITUD DE LA INFORMACI\u00d3N CONTENIDA EN ESTE SITIO WEB, AS\u00cd COMO TAMPOCO LOS POSIBLES USOS QUE SE HAGAN DE ELLA. EN CONSECUENCIA, LOS USUARIOS DEBEN VALORAR DETENIDAMENTE DICHA INFORMACI\u00d3N ANTES DE UTILIZARLA. USTED ACEPTA QUE UTILIZA ESTA INFORMACI\u00d3N POR SU CUENTA Y RIESGO. EN LA MEDIDA QUE LO PERMITE LA LEGISLACI\u00d3N, TANTO IPSEN COMO CUALQUIER OTRA AFILIADA DEL GRUPO IPSEN O CUALQUIER TERCERO QUE PARTICIPE EN LA CREACI\u00d3N, EN LA PRODUCCI\u00d3N O EN LA PUBLICACI\u00d3N DE ESTE SITIO WEB SE EXIMEN DE TODA RESPONSABILIDAD O GARANT\u00cdA EN RELACI\u00d3N CON CUALQUIER DA\u00d1O DIRECTO, INCIDENTAL, CONSECUENTE, INDIRECTO O PUNITIVO QUE SE DERIVE DEL ACCESO A ESTE SITIO WEB, DE SU USO O DE LA IMPOSIBILIDAD DE USARLO, AS\u00cd COMO EN RELACI\u00d3N CON CUALQUIER ERROR U OMISI\u00d3N EN EL CONTENIDO DE ESTE SITIO WEB.<\/p>\n<\/div>\n          <\/div>\n        <\/div>\n        <!--Alert Box HTML Start Here-->\n      <\/div>\n    <\/section>\n<!--Alert Card Layout End Here-->\n\n\n\n<p>Ipsen tampoco asume responsabilidad alguna ni ser\u00e1 considerado responsable por ning\u00fan da\u00f1o o virus que pueda afectar a su equipo o a cualquier otra propiedad como consecuencia de haber accedido a la informaci\u00f3n de este sitio web o en relaci\u00f3n con el uso que se le haya dado a dicha informaci\u00f3n.<\/p>\n\n\n\n<p><strong>La informaci\u00f3n que usted proporciona<\/strong><\/p>\n\n\n\n<p>A excepci\u00f3n de la informaci\u00f3n protegida por nuestra pol\u00edtica de protecci\u00f3n de datos de car\u00e1cter personal, y siempre y cuando dicha pol\u00edtica sea aplicable, cualquier comunicaci\u00f3n o material que usted env\u00ede a este sitio web, incluyendo cualquier dato, pregunta, comentario, sugerencia o contenido de cualquier tipo ser\u00e1 considerada y tratada como informaci\u00f3n no confidencial y sin derechos de propiedad.<\/p>\n\n\n\n<p><strong>Consecuencias<\/strong><\/p>\n\n\n\n<p>Si Ipsen descubre que usted ha incumplido cualquiera de estos T\u00e9rminos y condiciones de uso, podr\u00e1 iniciar acciones correctivas de forma inmediata, entre las que se incluye la prohibici\u00f3n al usuario del acceso y del uso del sitio web, en cualquier momento y sin previo aviso. Si Ipsen se ha visto afectado o perjudicado a causa de su incumplimiento, podr\u00e1, a su discreci\u00f3n, exigirle una indemnizaci\u00f3n por da\u00f1os y perjuicios.<\/p>\n\n\n\n<p><strong>Actualizaciones<\/strong><\/p>\n\n\n\n<p>Ipsen puede modificar en cualquier momento estos T\u00e9rminos y condiciones de uso mediante la actualizaci\u00f3n de esta publicaci\u00f3n, que se notificar\u00e1 al usuario a trav\u00e9s de los medios oportunos (como, por ejemplo, un correo electr\u00f3nico o una ventana emergente en el sitio web, que solicite la aceptaci\u00f3n de la versi\u00f3n modificada). Los T\u00e9rminos y condiciones de uso modificados entran en vigor transcurridos 30 d\u00edas naturales desde la actualizaci\u00f3n. Si usted no est\u00e1 de acuerdo con los nuevos T\u00e9rminos y condiciones de uso, debe indicarlo a trav\u00e9s del mecanismo provisto a tal efecto en el correo electr\u00f3nico o en la ventana emergente en cuesti\u00f3n, y, en consecuencia, debe dejar de acceder al sitio web y de utilizarlo. Se le recomienda revisar de forma peri\u00f3dica estos T\u00e9rminos y condiciones de uso para conocer en todo momento las obligaciones a las que est\u00e1 sujeto.<\/p>\n\n\n\n<p>Ipsen se reserva el derecho de prohibir o interrumpir el acceso a este sitio web en cualquier momento sin que ello conlleve ninguna responsabilidad con usted ni con cualquier tercero. En el caso de que esto suceda, ser\u00e1 notificado con anterioridad.<\/p>\n\n\n\n<p><strong>Cr\u00e9ditos<\/strong><\/p>\n\n\n\n<p><strong>Ilustraciones:<\/strong> Ipsen<br><strong>V\u00eddeos:<\/strong> Ipsen<br><strong>Fotograf\u00edas:<\/strong> Ipsen, CAPA Pictures y Corbis<\/p>\n\n\n\n<p><strong>Propiedad intelectual<\/strong><\/p>\n\n\n\n<p>El contenido de este sitio web est\u00e1 completamente protegido por la legislaci\u00f3n aplicable en materia de derechos de propiedad intelectual. Los materiales de este sitio web no pueden reproducirse, divulgarse ni utilizarse en modo alguno sin el permiso previo y por escrito de Ipsen.<\/p>\n\n\n\n<p><strong>Reacciones adversas<\/strong><\/p>\n\n\n\n<p>Se insta a los pacientes y a las asociaciones de pacientes a que notifiquen cualquier sospecha de reacciones adversas a trav\u00e9s de la <strong><a href=\"https:\/\/www.aemps.gob.es\/\">Agencia Espa\u00f1ola de Medicamentos y Productos Sanitarios<\/a><\/strong> (AEMPS).<\/p>\n\n\n\n<p>En el caso de que los profesionales de la salud deseen notificar una reacci\u00f3n adversa o realizar una reclamaci\u00f3n sobre la calidad de un producto a Ipsen, puede enviar un correo electr\u00f3nico a <strong><a href=\"mailto:pharmacovigilance.spain@ipsen.com\">pharmacovigilance.spain@ipsen.com<\/a><\/strong> o en el apartado Cont\u00e1ctenos de esta web. (Link a secci\u00f3n Cont\u00e1ctenos)<\/p>\n\n\n\n<p><strong>Invalidez<\/strong><\/p>\n\n\n\n<p>La invalidez o la inaplicabilidad de cualquiera de las disposiciones de estos T\u00e9rminos y condiciones de uso no afectar\u00e1 a la validez o a la aplicabilidad de cualquier otra disposici\u00f3n de estos, que mantendr\u00e1 su vigencia y su efecto, excepto cuando dicha invalidez o inaplicabilidad afecte a un t\u00e9rmino esencial de estos T\u00e9rminos y condiciones de uso.<\/p>\n\n\n\n<p><strong>Legislaci\u00f3n aplicable y resoluci\u00f3n de conflictos<\/strong><\/p>\n\n\n\n<p>Los T\u00e9rminos y condiciones de uso de este sitio web se rigen por la legislaci\u00f3n de Espa\u00f1a, salvo por lo que respecta a las disposiciones del derecho internacional privado.<\/p>\n\n\n\n<p>Los conflictos que no puedan resolverse de forma amistosa se someter\u00e1n a los juzgados y a los tribunales de Barcelona.<\/p>\n\n\n\n<!--Alert Card Layout Start Here-->\n<section class=\"alertcard-section\">\n      <div class=\"container\">\n        <!--Alert Box HTML Start Here-->\n        <div class=\"alert-box general-box\">\n                    <div class=\"info-icon\">\n              <span class=\"info-circle\"><img decoding=\"async\" src=\"https:\/\/www.ipsen.com\/spain\/wp-content\/themes\/ipsen-main\/dist\/images\/alert-info-icon.png\" alt=\"Alert\"\/><\/i>\n            <\/div>\n                    <div class=\"info-contents\">\n          <h4 role=\"heading\" aria-level=\"2\" class=\"info-head heading-four heading-four\"><\/h4>\n            <p class=\"info-sub-head-para hidden heading-para\"><\/p>\n            <div class=\"alert-content visible\"><p>\u00daltima actualizaci\u00f3n: 29 de octubre de 2025<\/p>\n<\/div>\n          <\/div>\n        <\/div>\n        <!--Alert Box HTML Start Here-->\n      <\/div>\n    <\/section>\n<!--Alert Card Layout End Here-->\n<\/div>\n<\/div>\n","protected":false},"excerpt":{"rendered":"","protected":false},"author":2,"featured_media":0,"parent":0,"menu_order":0,"comment_status":"closed","ping_status":"closed","template":"","meta":{"_acf_changed":false,"footnotes":""},"class_list":["post-92","page","type-page","status-publish","hentry","entry"],"acf":[],"yoast_head":"<!-- This site is optimized with the Yoast SEO plugin v26.8 - https:\/\/yoast.com\/product\/yoast-seo-wordpress\/ -->\n<title>T\u00e9rminos y condiciones de uso<\/title>\n<meta name=\"description\" content=\"T\u00e9rminos y condiciones de uso Ipsen\" \/>\n<meta name=\"robots\" content=\"index, follow, max-snippet:-1, max-image-preview:large, max-video-preview:-1\" \/>\n<link rel=\"canonical\" href=\"https:\/\/www.ipsen.com\/spain\/terminos-y-condiciones-de-uso\/\" \/>\n<meta property=\"og:locale\" content=\"es_ES\" \/>\n<meta property=\"og:type\" content=\"article\" \/>\n<meta property=\"og:title\" content=\"T\u00e9rminos y condiciones de uso\" \/>\n<meta property=\"og:description\" content=\"T\u00e9rminos y condiciones de uso Ipsen\" \/>\n<meta property=\"og:url\" content=\"https:\/\/www.ipsen.com\/spain\/terminos-y-condiciones-de-uso\/\" \/>\n<meta property=\"og:site_name\" content=\"Spain\" \/>\n<meta property=\"article:modified_time\" content=\"2025-10-29T13:16:59+00:00\" \/>\n<meta name=\"twitter:card\" content=\"summary_large_image\" \/>\n<meta name=\"twitter:label1\" content=\"Est. reading time\" \/>\n\t<meta name=\"twitter:data1\" content=\"6 minutes\" \/>\n<script type=\"application\/ld+json\" class=\"yoast-schema-graph\">{\"@context\":\"https:\/\/schema.org\",\"@graph\":[{\"@type\":\"WebPage\",\"@id\":\"https:\/\/www.ipsen.com\/spain\/terminos-y-condiciones-de-uso\/\",\"url\":\"https:\/\/www.ipsen.com\/spain\/terminos-y-condiciones-de-uso\/\",\"name\":\"T\u00e9rminos y condiciones de uso\",\"isPartOf\":{\"@id\":\"https:\/\/www.ipsen.com\/spain\/#website\"},\"datePublished\":\"2024-09-30T09:50:54+00:00\",\"dateModified\":\"2025-10-29T13:16:59+00:00\",\"description\":\"T\u00e9rminos y condiciones de uso Ipsen\",\"breadcrumb\":{\"@id\":\"https:\/\/www.ipsen.com\/spain\/terminos-y-condiciones-de-uso\/#breadcrumb\"},\"inLanguage\":\"es-ES\",\"potentialAction\":[{\"@type\":\"ReadAction\",\"target\":[\"https:\/\/www.ipsen.com\/spain\/terminos-y-condiciones-de-uso\/\"]}]},{\"@type\":\"BreadcrumbList\",\"@id\":\"https:\/\/www.ipsen.com\/spain\/terminos-y-condiciones-de-uso\/#breadcrumb\",\"itemListElement\":[{\"@type\":\"ListItem\",\"position\":1,\"name\":\"Home\",\"item\":\"https:\/\/www.ipsen.com\/spain\/\"},{\"@type\":\"ListItem\",\"position\":2,\"name\":\"T\u00e9rminos y condiciones de uso\"}]},{\"@type\":\"WebSite\",\"@id\":\"https:\/\/www.ipsen.com\/spain\/#website\",\"url\":\"https:\/\/www.ipsen.com\/spain\/\",\"name\":\"Spain\",\"description\":\"\",\"publisher\":{\"@id\":\"https:\/\/www.ipsen.com\/spain\/#organization\"},\"potentialAction\":[{\"@type\":\"SearchAction\",\"target\":{\"@type\":\"EntryPoint\",\"urlTemplate\":\"https:\/\/www.ipsen.com\/spain\/?s={search_term_string}\"},\"query-input\":{\"@type\":\"PropertyValueSpecification\",\"valueRequired\":true,\"valueName\":\"search_term_string\"}}],\"inLanguage\":\"es-ES\"},{\"@type\":\"Organization\",\"@id\":\"https:\/\/www.ipsen.com\/spain\/#organization\",\"name\":\"Spain\",\"url\":\"https:\/\/www.ipsen.com\/spain\/\",\"logo\":{\"@type\":\"ImageObject\",\"inLanguage\":\"es-ES\",\"@id\":\"https:\/\/www.ipsen.com\/spain\/#\/schema\/logo\/image\/\",\"url\":\"https:\/\/www.ipsen.com\/spain\/wp-content\/uploads\/sites\/17\/2024\/06\/Logo-Ipsen-new.svg\",\"contentUrl\":\"https:\/\/www.ipsen.com\/spain\/wp-content\/uploads\/sites\/17\/2024\/06\/Logo-Ipsen-new.svg\",\"caption\":\"Spain\"},\"image\":{\"@id\":\"https:\/\/www.ipsen.com\/spain\/#\/schema\/logo\/image\/\"}}]}<\/script>\n<!-- \/ Yoast SEO plugin. -->","yoast_head_json":{"title":"T\u00e9rminos y condiciones de uso","description":"T\u00e9rminos y condiciones de uso Ipsen","robots":{"index":"index","follow":"follow","max-snippet":"max-snippet:-1","max-image-preview":"max-image-preview:large","max-video-preview":"max-video-preview:-1"},"canonical":"https:\/\/www.ipsen.com\/spain\/terminos-y-condiciones-de-uso\/","og_locale":"es_ES","og_type":"article","og_title":"T\u00e9rminos y condiciones de uso","og_description":"T\u00e9rminos y condiciones de uso Ipsen","og_url":"https:\/\/www.ipsen.com\/spain\/terminos-y-condiciones-de-uso\/","og_site_name":"Spain","article_modified_time":"2025-10-29T13:16:59+00:00","twitter_card":"summary_large_image","twitter_misc":{"Est. reading time":"6 minutes"},"schema":{"@context":"https:\/\/schema.org","@graph":[{"@type":"WebPage","@id":"https:\/\/www.ipsen.com\/spain\/terminos-y-condiciones-de-uso\/","url":"https:\/\/www.ipsen.com\/spain\/terminos-y-condiciones-de-uso\/","name":"T\u00e9rminos y condiciones de uso","isPartOf":{"@id":"https:\/\/www.ipsen.com\/spain\/#website"},"datePublished":"2024-09-30T09:50:54+00:00","dateModified":"2025-10-29T13:16:59+00:00","description":"T\u00e9rminos y condiciones de uso Ipsen","breadcrumb":{"@id":"https:\/\/www.ipsen.com\/spain\/terminos-y-condiciones-de-uso\/#breadcrumb"},"inLanguage":"es-ES","potentialAction":[{"@type":"ReadAction","target":["https:\/\/www.ipsen.com\/spain\/terminos-y-condiciones-de-uso\/"]}]},{"@type":"BreadcrumbList","@id":"https:\/\/www.ipsen.com\/spain\/terminos-y-condiciones-de-uso\/#breadcrumb","itemListElement":[{"@type":"ListItem","position":1,"name":"Home","item":"https:\/\/www.ipsen.com\/spain\/"},{"@type":"ListItem","position":2,"name":"T\u00e9rminos y condiciones de uso"}]},{"@type":"WebSite","@id":"https:\/\/www.ipsen.com\/spain\/#website","url":"https:\/\/www.ipsen.com\/spain\/","name":"Spain","description":"","publisher":{"@id":"https:\/\/www.ipsen.com\/spain\/#organization"},"potentialAction":[{"@type":"SearchAction","target":{"@type":"EntryPoint","urlTemplate":"https:\/\/www.ipsen.com\/spain\/?s={search_term_string}"},"query-input":{"@type":"PropertyValueSpecification","valueRequired":true,"valueName":"search_term_string"}}],"inLanguage":"es-ES"},{"@type":"Organization","@id":"https:\/\/www.ipsen.com\/spain\/#organization","name":"Spain","url":"https:\/\/www.ipsen.com\/spain\/","logo":{"@type":"ImageObject","inLanguage":"es-ES","@id":"https:\/\/www.ipsen.com\/spain\/#\/schema\/logo\/image\/","url":"https:\/\/www.ipsen.com\/spain\/wp-content\/uploads\/sites\/17\/2024\/06\/Logo-Ipsen-new.svg","contentUrl":"https:\/\/www.ipsen.com\/spain\/wp-content\/uploads\/sites\/17\/2024\/06\/Logo-Ipsen-new.svg","caption":"Spain"},"image":{"@id":"https:\/\/www.ipsen.com\/spain\/#\/schema\/logo\/image\/"}}]}},"parsely":{"version":"1.1.0","canonical_url":"https:\/\/ipsen.com\/spain\/terminos-y-condiciones-de-uso\/","smart_links":{"inbound":0,"outbound":0},"traffic_boost_suggestions_count":0,"meta":{"@context":"https:\/\/schema.org","@type":"WebPage","headline":"T\u00e9rminos y condiciones de uso","url":"http:\/\/www.ipsen.com\/spain\/terminos-y-condiciones-de-uso\/","mainEntityOfPage":{"@type":"WebPage","@id":"http:\/\/www.ipsen.com\/spain\/terminos-y-condiciones-de-uso\/"},"thumbnailUrl":"","image":{"@type":"ImageObject","url":""},"articleSection":"Sin categorizar","author":[{"@type":"Person","name":"navya"}],"creator":["navya"],"publisher":{"@type":"Organization","name":"Spain","logo":""},"keywords":[],"dateCreated":"2024-09-30T09:50:54Z","datePublished":"2024-09-30T09:50:54Z","dateModified":"2025-10-29T13:16:59Z"},"rendered":"<script type=\"application\/ld+json\" class=\"wp-parsely-metadata\">{\"@context\":\"https:\\\/\\\/schema.org\",\"@type\":\"WebPage\",\"headline\":\"T\\u00e9rminos y condiciones de uso\",\"url\":\"http:\\\/\\\/www.ipsen.com\\\/spain\\\/terminos-y-condiciones-de-uso\\\/\",\"mainEntityOfPage\":{\"@type\":\"WebPage\",\"@id\":\"http:\\\/\\\/www.ipsen.com\\\/spain\\\/terminos-y-condiciones-de-uso\\\/\"},\"thumbnailUrl\":\"\",\"image\":{\"@type\":\"ImageObject\",\"url\":\"\"},\"articleSection\":\"Sin categorizar\",\"author\":[{\"@type\":\"Person\",\"name\":\"navya\"}],\"creator\":[\"navya\"],\"publisher\":{\"@type\":\"Organization\",\"name\":\"Spain\",\"logo\":\"\"},\"keywords\":[],\"dateCreated\":\"2024-09-30T09:50:54Z\",\"datePublished\":\"2024-09-30T09:50:54Z\",\"dateModified\":\"2025-10-29T13:16:59Z\"}<\/script>","tracker_url":"https:\/\/cdn.parsely.com\/keys\/ipsen.com\/p.js"},"jetpack_sharing_enabled":true,"_links":{"self":[{"href":"https:\/\/www.ipsen.com\/spain\/wp-json\/wp\/v2\/pages\/92","targetHints":{"allow":["GET"]}}],"collection":[{"href":"https:\/\/www.ipsen.com\/spain\/wp-json\/wp\/v2\/pages"}],"about":[{"href":"https:\/\/www.ipsen.com\/spain\/wp-json\/wp\/v2\/types\/page"}],"author":[{"embeddable":true,"href":"https:\/\/www.ipsen.com\/spain\/wp-json\/wp\/v2\/users\/2"}],"replies":[{"embeddable":true,"href":"https:\/\/www.ipsen.com\/spain\/wp-json\/wp\/v2\/comments?post=92"}],"version-history":[{"count":7,"href":"https:\/\/www.ipsen.com\/spain\/wp-json\/wp\/v2\/pages\/92\/revisions"}],"predecessor-version":[{"id":3633,"href":"https:\/\/www.ipsen.com\/spain\/wp-json\/wp\/v2\/pages\/92\/revisions\/3633"}],"wp:attachment":[{"href":"https:\/\/www.ipsen.com\/spain\/wp-json\/wp\/v2\/media?parent=92"}],"curies":[{"name":"wp","href":"https:\/\/api.w.org\/{rel}","templated":true}]}}