{"id":59,"date":"2024-07-23T07:47:28","date_gmt":"2024-07-23T05:47:28","guid":{"rendered":"https:\/\/www.ipsen.com\/es\/?page_id=59"},"modified":"2025-07-01T07:42:02","modified_gmt":"2025-07-01T05:42:02","slug":"contactenos","status":"publish","type":"page","link":"https:\/\/www.ipsen.com\/spain\/contactenos\/","title":{"rendered":"Cont\u00e1ctenos"},"content":{"rendered":"    <section class=\"sub-page-banner bg-color-enabled  banner-no-filter\" style=\"background: linear-gradient(93.64deg, #224A81 2.99%, #2797D3 97.01%)\">\n                <div class=\"container content-sec\">\n            <nav aria-label=\"breadcrumb\">\n            <ol class=\"breadcrumb\">\n                <li class=\"breadcrumb-item\"><a href=\"https:\/\/www.ipsen.com\/spain\">Inicio<\/a><\/li><li class=\"breadcrumb-item active\"><a class=\"link-pointer-events-none\" href=\"#\" aria-current=\"page\">Cont\u00e1ctenos<\/a><\/li><\/ol>\n            <\/nav>            <h1 class=\"visible banner-font-color-white\">Cont\u00e1ctenos<\/h1>\n            <p class=\"hidden banner-font-color-white\"><\/p>\n        <\/div>\n    <\/section>\n\n\n\n\n    <!--Accordion Cards Start Here-->\n    <section class=\"accordion bg-color-disabled\"  data-according-id=\"1070214929\">\n        <div class=\"container\">\n            <div class=\"row\">\n                <!--Accordion info section-->\n                <div class=\"column-1 col-xl-12 col-md-12 col-sm-12\">\n                    <div class=\"accordian-info\">\n                        <h3 class=\"accordian-heading visible heading-three\" role=\"heading\" aria-level=\"2\">\n                            Contacte con nosotros                        <\/h3>\n                        <p class=\"accordian-summary hidden\"><\/p>\n                    <\/div>\n                <\/div><!--Accordion info section over here -->\n\n                <div class=\"col-xl-12 col-lg-12 col-md-12 col-sm-12\">\n                    <div class=\"accordion accor-group\" id=\"accordionExample1070214929\">\n                         \n                                    <!-- Accordion with Expandable panel & FAQs -->\n                                    <div class=\"accordion-item accor-item\">\n                                        <p  role=\"heading\" aria-level=\"3\" class=\"accordion-header accor-head-para\" id=\"expHeading0\">\n                                            <button class=\"accordion-button accor-btn collapsed\" type=\"button\" data-bs-toggle=\"collapse\" data-bs-target=\"#expHeading10702149290\" aria-expanded=\"false\" aria-controls=\"expHeading10702149290\">\n                                                IPSEN PHARMA S.A.U.                                            <\/button>\n                                        <\/p>\n                                        <div id=\"expHeading10702149290\" class=\"accordion-collapse collapse \" aria-labelledby=\"expHeading0\" data-bs-parent=\"#accordionExample1070214929\">\n                                            <div class=\"accordion-body\">\n                                                <div class=\"accordion-data\">\n                                                    <p><p>Torre BCN. Gran Via de les Corts Catalanes, n\u00famero 130-136, planta 7<br \/>\n08038 Barcelona. Tel\u00e9fono 936 85 81 00<br \/>\nCorreo electr\u00f3nico: <a href=\"mailto:contact.ipsen.spain@ipsen.com\"><strong>contact.ipsen.spain@ipsen.com <\/strong><\/a><\/p>\n<\/p>\n                                                    <div class=\"cta-block hidden\" >\n                                                                                                            <\/div>\n                                                <\/div>\n                                            <\/div>\n                                        <\/div>\n                                    <\/div>\n                             \n                                    <!-- Accordion with Expandable panel & FAQs -->\n                                    <div class=\"accordion-item accor-item\">\n                                        <p  role=\"heading\" aria-level=\"3\" class=\"accordion-header accor-head-para\" id=\"expHeading1\">\n                                            <button class=\"accordion-button accor-btn collapsed\" type=\"button\" data-bs-toggle=\"collapse\" data-bs-target=\"#expHeading10702149291\" aria-expanded=\"false\" aria-controls=\"expHeading10702149291\">\n                                                FARMACOVIGILANCIA                                            <\/button>\n                                        <\/p>\n                                        <div id=\"expHeading10702149291\" class=\"accordion-collapse collapse \" aria-labelledby=\"expHeading1\" data-bs-parent=\"#accordionExample1070214929\">\n                                            <div class=\"accordion-body\">\n                                                <div class=\"accordion-data\">\n                                                    <p><p>Si desea reportar un evento adverso o informaci\u00f3n de seguridad, por favor, env\u00ede un correo electr\u00f3nico a <a href=\"mailto:pharmacovigilance.spain@ipsen.com\"><strong>pharmacovigilance.spain@ipsen.com <\/strong><\/a><\/p>\n<\/p>\n                                                    <div class=\"cta-block hidden\" >\n                                                                                                            <\/div>\n                                                <\/div>\n                                            <\/div>\n                                        <\/div>\n                                    <\/div>\n                             \n                                    <!-- Accordion with Expandable panel & FAQs -->\n                                    <div class=\"accordion-item accor-item\">\n                                        <p  role=\"heading\" aria-level=\"3\" class=\"accordion-header accor-head-para\" id=\"expHeading2\">\n                                            <button class=\"accordion-button accor-btn collapsed\" type=\"button\" data-bs-toggle=\"collapse\" data-bs-target=\"#expHeading10702149292\" aria-expanded=\"false\" aria-controls=\"expHeading10702149292\">\n                                                INFORMACI\u00d3N M\u00c9DICA                                            <\/button>\n                                        <\/p>\n                                        <div id=\"expHeading10702149292\" class=\"accordion-collapse collapse \" aria-labelledby=\"expHeading2\" data-bs-parent=\"#accordionExample1070214929\">\n                                            <div class=\"accordion-body\">\n                                                <div class=\"accordion-data\">\n                                                    <p><p>Si es usted paciente o profesional sanitario y tiene alguna duda sobre nuestros productos, por favor, env\u00ede un correo electr\u00f3nico a <a href=\"mailto:informacion-medica-es@ipsen.com\"><strong>informacion-medica-es@ipsen.com <\/strong><\/a><\/p>\n<\/p>\n                                                    <div class=\"cta-block hidden\" >\n                                                                                                            <\/div>\n                                                <\/div>\n                                            <\/div>\n                                        <\/div>\n                                    <\/div>\n                             \n                                    <!-- Accordion with Expandable panel & FAQs -->\n                                    <div class=\"accordion-item accor-item\">\n                                        <p  role=\"heading\" aria-level=\"3\" class=\"accordion-header accor-head-para\" id=\"expHeading3\">\n                                            <button class=\"accordion-button accor-btn collapsed\" type=\"button\" data-bs-toggle=\"collapse\" data-bs-target=\"#expHeading10702149293\" aria-expanded=\"false\" aria-controls=\"expHeading10702149293\">\n                                                COMUNICACI\u00d3N                                            <\/button>\n                                        <\/p>\n                                        <div id=\"expHeading10702149293\" class=\"accordion-collapse collapse \" aria-labelledby=\"expHeading3\" data-bs-parent=\"#accordionExample1070214929\">\n                                            <div class=\"accordion-body\">\n                                                <div class=\"accordion-data\">\n                                                    <p><p>Si quiere contactar con el departamento de comunicaci\u00f3n, por favor, env\u00ede un correo electr\u00f3nico a <a href=\"mailto:comunicacion.es@ipsen.com\"><strong>comunicacion.es@ipsen.com<\/strong><\/a><\/p>\n<\/p>\n                                                    <div class=\"cta-block hidden\" >\n                                                                                                            <\/div>\n                                                <\/div>\n                                            <\/div>\n                                        <\/div>\n                                    <\/div>\n                             \n                                    <!-- Accordion with Expandable panel & FAQs -->\n                                    <div class=\"accordion-item accor-item\">\n                                        <p  role=\"heading\" aria-level=\"3\" class=\"accordion-header accor-head-para\" id=\"expHeading4\">\n                                            <button class=\"accordion-button accor-btn collapsed\" type=\"button\" data-bs-toggle=\"collapse\" data-bs-target=\"#expHeading10702149294\" aria-expanded=\"false\" aria-controls=\"expHeading10702149294\">\n                                                CANAL DEL INFORMANTE                                            <\/button>\n                                        <\/p>\n                                        <div id=\"expHeading10702149294\" class=\"accordion-collapse collapse \" aria-labelledby=\"expHeading4\" data-bs-parent=\"#accordionExample1070214929\">\n                                            <div class=\"accordion-body\">\n                                                <div class=\"accordion-data\">\n                                                    <p><p>Si considera que no hemos cumplido con las leyes, regulaciones, c\u00f3digos de la industria y pol\u00edticas internas de la Compa\u00f1\u00eda, puede compartir la informaci\u00f3n a trav\u00e9s del Canal del Informante de Ipsen disponible las 24 horas del d\u00eda los 365 d\u00edas del a\u00f1o en <strong><a href=\"https:\/\/ipsen.whispli.com\/lp\/Alerts?locale=es\" target=\"_blank\" rel=\"noopener\">este\u00a0enlace<\/a><\/strong>.<\/p>\n<\/p>\n                                                    <div class=\"cta-block hidden\" >\n                                                                                                            <\/div>\n                                                <\/div>\n                                            <\/div>\n                                        <\/div>\n                                    <\/div>\n                                                <\/div>\n                <\/div> \n            <\/div>\n        <\/div>\n    <\/section>\n    <!--Accordion Cards End Here-->\n\n\n\n<!--Alert Card Layout Start Here-->\n<section class=\"alertcard-section\">\n      <div class=\"container\">\n        <!--Alert Box HTML Start Here-->\n        <div class=\"alert-box general-box\">\n                    <div class=\"info-icon\">\n              <span class=\"info-circle\"><img decoding=\"async\" src=\"https:\/\/www.ipsen.com\/spain\/wp-content\/themes\/ipsen-main\/dist\/images\/alert-info-icon.png\" alt=\"Alert\"\/><\/i>\n            <\/div>\n                    <div class=\"info-contents\">\n          <h4 role=\"heading\" aria-level=\"2\" class=\"info-head heading-four heading-four\"><\/h4>\n            <p class=\"info-sub-head-para hidden heading-para\"><\/p>\n            <div class=\"alert-content visible\"><p>Si quiere informaci\u00f3n sobre c\u00f3mo se van a tratar sus datos personales en cada uno de los casos, consulte el siguiente <strong><a href=\"https:\/\/www.ipsen.com\/spain\/politica-de-privacidad\/\">enlace<\/a><\/strong>.<\/p>\n<\/div>\n          <\/div>\n        <\/div>\n        <!--Alert Box HTML Start Here-->\n      <\/div>\n    <\/section>\n<!--Alert Card Layout End Here-->\n","protected":false},"excerpt":{"rendered":"","protected":false},"author":2,"featured_media":0,"parent":0,"menu_order":0,"comment_status":"closed","ping_status":"closed","template":"","meta":{"_acf_changed":false,"footnotes":""},"class_list":["post-59","page","type-page","status-publish","hentry","entry"],"acf":[],"yoast_head":"<!-- This site is optimized with the Yoast SEO plugin v26.8 - https:\/\/yoast.com\/product\/yoast-seo-wordpress\/ -->\n<title>Contactar con Ipsen<\/title>\n<meta name=\"description\" content=\"Datos de contacto de Ipsen para consultas generales, informaci\u00f3n de productos, notificaci\u00f3n de eventos adversos\" \/>\n<meta name=\"robots\" content=\"index, follow, max-snippet:-1, max-image-preview:large, max-video-preview:-1\" \/>\n<link rel=\"canonical\" href=\"https:\/\/www.ipsen.com\/spain\/contactenos\/\" \/>\n<meta property=\"og:locale\" content=\"es_ES\" \/>\n<meta property=\"og:type\" content=\"article\" \/>\n<meta property=\"og:title\" content=\"Contactar con Ipsen\" \/>\n<meta property=\"og:description\" content=\"Datos de contacto de Ipsen para consultas generales, informaci\u00f3n de productos, notificaci\u00f3n de eventos adversos\" \/>\n<meta property=\"og:url\" content=\"https:\/\/www.ipsen.com\/spain\/contactenos\/\" \/>\n<meta property=\"og:site_name\" content=\"Spain\" \/>\n<meta property=\"article:modified_time\" content=\"2025-07-01T05:42:02+00:00\" \/>\n<meta name=\"twitter:card\" content=\"summary_large_image\" \/>\n<script type=\"application\/ld+json\" class=\"yoast-schema-graph\">{\"@context\":\"https:\/\/schema.org\",\"@graph\":[{\"@type\":\"WebPage\",\"@id\":\"https:\/\/www.ipsen.com\/spain\/contactenos\/\",\"url\":\"https:\/\/www.ipsen.com\/spain\/contactenos\/\",\"name\":\"Contactar con Ipsen\",\"isPartOf\":{\"@id\":\"https:\/\/www.ipsen.com\/spain\/#website\"},\"datePublished\":\"2024-07-23T05:47:28+00:00\",\"dateModified\":\"2025-07-01T05:42:02+00:00\",\"description\":\"Datos de contacto de Ipsen para consultas generales, informaci\u00f3n de productos, notificaci\u00f3n de eventos adversos\",\"breadcrumb\":{\"@id\":\"https:\/\/www.ipsen.com\/spain\/contactenos\/#breadcrumb\"},\"inLanguage\":\"es-ES\",\"potentialAction\":[{\"@type\":\"ReadAction\",\"target\":[\"https:\/\/www.ipsen.com\/spain\/contactenos\/\"]}]},{\"@type\":\"BreadcrumbList\",\"@id\":\"https:\/\/www.ipsen.com\/spain\/contactenos\/#breadcrumb\",\"itemListElement\":[{\"@type\":\"ListItem\",\"position\":1,\"name\":\"Home\",\"item\":\"https:\/\/www.ipsen.com\/spain\/\"},{\"@type\":\"ListItem\",\"position\":2,\"name\":\"Cont\u00e1ctenos\"}]},{\"@type\":\"WebSite\",\"@id\":\"https:\/\/www.ipsen.com\/spain\/#website\",\"url\":\"https:\/\/www.ipsen.com\/spain\/\",\"name\":\"Spain\",\"description\":\"\",\"publisher\":{\"@id\":\"https:\/\/www.ipsen.com\/spain\/#organization\"},\"potentialAction\":[{\"@type\":\"SearchAction\",\"target\":{\"@type\":\"EntryPoint\",\"urlTemplate\":\"https:\/\/www.ipsen.com\/spain\/?s={search_term_string}\"},\"query-input\":{\"@type\":\"PropertyValueSpecification\",\"valueRequired\":true,\"valueName\":\"search_term_string\"}}],\"inLanguage\":\"es-ES\"},{\"@type\":\"Organization\",\"@id\":\"https:\/\/www.ipsen.com\/spain\/#organization\",\"name\":\"Spain\",\"url\":\"https:\/\/www.ipsen.com\/spain\/\",\"logo\":{\"@type\":\"ImageObject\",\"inLanguage\":\"es-ES\",\"@id\":\"https:\/\/www.ipsen.com\/spain\/#\/schema\/logo\/image\/\",\"url\":\"https:\/\/www.ipsen.com\/spain\/wp-content\/uploads\/sites\/17\/2024\/06\/Logo-Ipsen-new.svg\",\"contentUrl\":\"https:\/\/www.ipsen.com\/spain\/wp-content\/uploads\/sites\/17\/2024\/06\/Logo-Ipsen-new.svg\",\"caption\":\"Spain\"},\"image\":{\"@id\":\"https:\/\/www.ipsen.com\/spain\/#\/schema\/logo\/image\/\"}}]}<\/script>\n<!-- \/ Yoast SEO plugin. -->","yoast_head_json":{"title":"Contactar con Ipsen","description":"Datos de contacto de Ipsen para consultas generales, informaci\u00f3n de productos, notificaci\u00f3n de eventos adversos","robots":{"index":"index","follow":"follow","max-snippet":"max-snippet:-1","max-image-preview":"max-image-preview:large","max-video-preview":"max-video-preview:-1"},"canonical":"https:\/\/www.ipsen.com\/spain\/contactenos\/","og_locale":"es_ES","og_type":"article","og_title":"Contactar con Ipsen","og_description":"Datos de contacto de Ipsen para consultas generales, informaci\u00f3n de productos, notificaci\u00f3n de eventos adversos","og_url":"https:\/\/www.ipsen.com\/spain\/contactenos\/","og_site_name":"Spain","article_modified_time":"2025-07-01T05:42:02+00:00","twitter_card":"summary_large_image","schema":{"@context":"https:\/\/schema.org","@graph":[{"@type":"WebPage","@id":"https:\/\/www.ipsen.com\/spain\/contactenos\/","url":"https:\/\/www.ipsen.com\/spain\/contactenos\/","name":"Contactar con Ipsen","isPartOf":{"@id":"https:\/\/www.ipsen.com\/spain\/#website"},"datePublished":"2024-07-23T05:47:28+00:00","dateModified":"2025-07-01T05:42:02+00:00","description":"Datos de contacto de Ipsen para consultas generales, informaci\u00f3n de productos, notificaci\u00f3n de eventos adversos","breadcrumb":{"@id":"https:\/\/www.ipsen.com\/spain\/contactenos\/#breadcrumb"},"inLanguage":"es-ES","potentialAction":[{"@type":"ReadAction","target":["https:\/\/www.ipsen.com\/spain\/contactenos\/"]}]},{"@type":"BreadcrumbList","@id":"https:\/\/www.ipsen.com\/spain\/contactenos\/#breadcrumb","itemListElement":[{"@type":"ListItem","position":1,"name":"Home","item":"https:\/\/www.ipsen.com\/spain\/"},{"@type":"ListItem","position":2,"name":"Cont\u00e1ctenos"}]},{"@type":"WebSite","@id":"https:\/\/www.ipsen.com\/spain\/#website","url":"https:\/\/www.ipsen.com\/spain\/","name":"Spain","description":"","publisher":{"@id":"https:\/\/www.ipsen.com\/spain\/#organization"},"potentialAction":[{"@type":"SearchAction","target":{"@type":"EntryPoint","urlTemplate":"https:\/\/www.ipsen.com\/spain\/?s={search_term_string}"},"query-input":{"@type":"PropertyValueSpecification","valueRequired":true,"valueName":"search_term_string"}}],"inLanguage":"es-ES"},{"@type":"Organization","@id":"https:\/\/www.ipsen.com\/spain\/#organization","name":"Spain","url":"https:\/\/www.ipsen.com\/spain\/","logo":{"@type":"ImageObject","inLanguage":"es-ES","@id":"https:\/\/www.ipsen.com\/spain\/#\/schema\/logo\/image\/","url":"https:\/\/www.ipsen.com\/spain\/wp-content\/uploads\/sites\/17\/2024\/06\/Logo-Ipsen-new.svg","contentUrl":"https:\/\/www.ipsen.com\/spain\/wp-content\/uploads\/sites\/17\/2024\/06\/Logo-Ipsen-new.svg","caption":"Spain"},"image":{"@id":"https:\/\/www.ipsen.com\/spain\/#\/schema\/logo\/image\/"}}]}},"parsely":{"version":"1.1.0","canonical_url":"https:\/\/ipsen.com\/spain\/contactenos\/","smart_links":{"inbound":0,"outbound":0},"traffic_boost_suggestions_count":0,"meta":{"@context":"https:\/\/schema.org","@type":"WebPage","headline":"Cont\u00e1ctenos","url":"http:\/\/www.ipsen.com\/spain\/contactenos\/","mainEntityOfPage":{"@type":"WebPage","@id":"http:\/\/www.ipsen.com\/spain\/contactenos\/"},"thumbnailUrl":"","image":{"@type":"ImageObject","url":""},"articleSection":"Sin categorizar","author":[{"@type":"Person","name":"navya"}],"creator":["navya"],"publisher":{"@type":"Organization","name":"Spain","logo":""},"keywords":[],"dateCreated":"2024-07-23T05:47:28Z","datePublished":"2024-07-23T05:47:28Z","dateModified":"2025-07-01T05:42:02Z"},"rendered":"<script type=\"application\/ld+json\" class=\"wp-parsely-metadata\">{\"@context\":\"https:\\\/\\\/schema.org\",\"@type\":\"WebPage\",\"headline\":\"Cont\\u00e1ctenos\",\"url\":\"http:\\\/\\\/www.ipsen.com\\\/spain\\\/contactenos\\\/\",\"mainEntityOfPage\":{\"@type\":\"WebPage\",\"@id\":\"http:\\\/\\\/www.ipsen.com\\\/spain\\\/contactenos\\\/\"},\"thumbnailUrl\":\"\",\"image\":{\"@type\":\"ImageObject\",\"url\":\"\"},\"articleSection\":\"Sin categorizar\",\"author\":[{\"@type\":\"Person\",\"name\":\"navya\"}],\"creator\":[\"navya\"],\"publisher\":{\"@type\":\"Organization\",\"name\":\"Spain\",\"logo\":\"\"},\"keywords\":[],\"dateCreated\":\"2024-07-23T05:47:28Z\",\"datePublished\":\"2024-07-23T05:47:28Z\",\"dateModified\":\"2025-07-01T05:42:02Z\"}<\/script>","tracker_url":"https:\/\/cdn.parsely.com\/keys\/ipsen.com\/p.js"},"jetpack_sharing_enabled":true,"_links":{"self":[{"href":"https:\/\/www.ipsen.com\/spain\/wp-json\/wp\/v2\/pages\/59","targetHints":{"allow":["GET"]}}],"collection":[{"href":"https:\/\/www.ipsen.com\/spain\/wp-json\/wp\/v2\/pages"}],"about":[{"href":"https:\/\/www.ipsen.com\/spain\/wp-json\/wp\/v2\/types\/page"}],"author":[{"embeddable":true,"href":"https:\/\/www.ipsen.com\/spain\/wp-json\/wp\/v2\/users\/2"}],"replies":[{"embeddable":true,"href":"https:\/\/www.ipsen.com\/spain\/wp-json\/wp\/v2\/comments?post=59"}],"version-history":[{"count":8,"href":"https:\/\/www.ipsen.com\/spain\/wp-json\/wp\/v2\/pages\/59\/revisions"}],"predecessor-version":[{"id":3348,"href":"https:\/\/www.ipsen.com\/spain\/wp-json\/wp\/v2\/pages\/59\/revisions\/3348"}],"wp:attachment":[{"href":"https:\/\/www.ipsen.com\/spain\/wp-json\/wp\/v2\/media?parent=59"}],"curies":[{"name":"wp","href":"https:\/\/api.w.org\/{rel}","templated":true}]}}