{"id":45,"date":"2024-07-23T07:45:05","date_gmt":"2024-07-23T05:45:05","guid":{"rendered":"https:\/\/www.ipsen.com\/es\/?page_id=45"},"modified":"2025-07-16T16:02:47","modified_gmt":"2025-07-16T14:02:47","slug":"pacientes","status":"publish","type":"page","link":"https:\/\/www.ipsen.com\/spain\/pacientes\/","title":{"rendered":"Pacientes"},"content":{"rendered":"    <section class=\"sub-page-banner bg-img\" style=\"background-image:url(https:\/\/www.ipsen.com\/spain\/wp-content\/uploads\/sites\/17\/2025\/07\/Patients.jpg)\">\n        <div class=\"container content-sec\">\n            <nav aria-label=\"breadcrumb\">\n            <ol class=\"breadcrumb\">\n                <li class=\"breadcrumb-item\"><a href=\"https:\/\/www.ipsen.com\/spain\">Inicio<\/a><\/li><li class=\"breadcrumb-item active\"><a class=\"link-pointer-events-none\" href=\"#\" aria-current=\"page\">Pacientes<\/a><\/li><\/ol>\n            <\/nav>            <h1 class=\"visible\">Pacientes<\/h1>\n            <p class=\"visible\">En Ipsen, los pacientes impulsan cada decisi\u00f3n que tomamos.<\/p>\n        <\/div>\n    <\/section>\n\n\n\t<!-- Hero Carousel Start Here-->\n\t<section class=\"hero-section no-filter\">\n\t\t<div class=\"hero_gridwidth container\"><!-- container class shown if gridlayout choosen -->\n\t\t\t<div id=\"heroCarousel\" class=\"carousel slide herocaro hero-banner-no-bg-image\" data-bs-ride=\"carousel\" data-enableplaybtn=\"\" data-autoplay= \"\"  data-autospeed= \"\" >\n\t\t\t\t<!-- Slider Indicator-->\n\t\t\t\t<div class=\"carousel-indicators hidden\">\n\t\t\t\t<button type=\"button\" data-bs-target=\"#heroCarousel\" data-bs-slide-to=\"0\" class=\"active\" aria-current=\"true\" aria-label=\"Slide 0\"><\/button>\t\t\t\t<\/div>\n\t\t\t\t<!-- Items -->\n\t\t\t\t<div class=\"carousel-inner\">\n\t\t\t\t\t\t\n\t\t\t\t\t\t<!-- Hero Banner with carousel HTML -->\n\t\t\t\t\t\t<div class=\"carousel-item active banner-no-filter\">\n\n\t\t\t\t\t\t\t\t\t\t\t\t\t\t\t<img decoding=\"async\" class=\"bd-placeholder-img visible\" alt=\"\" width=\"100%\" height=\"100%\" src=\"https:\/\/www.ipsen.com\/spain\/wp-content\/uploads\/sites\/17\/2025\/07\/Light-Hero-Banner-3.jpg\" \/> \n\t\t\t\t\t\t\t\n\t\t\t\t\t\t\t\t\n\n\t\t\t\t\t\t\t<div class=\"container align-left\">\n\t\t\t\t\t\t\t\t<div class=\"carousel-caption\">\n\t\t\t\t\t\t\t\t\t<h2 class=\"visible text-start heading-two banner-font-color-blue\">\n\t\t\t\t\t\t\t\t\t\tLos pacientes en primer lugar\t\t\t\t\t\t\t\t\t<\/h2>\n\t\t\t\t\t\t\t\t\t<div class=\"hidden text-start banner-font-color-blue\"><\/div>\n\t\t\t\t\t\t\t\t\t\n\t\t\t\t\t\t\t\t\t\t\t\t\t\t\t\t\t\t\n\t\t\t\t\t\t\t\t<\/div>\n\t\t\t\t\t\t\t<\/div>\n\t\t\t\t\t\t<\/div>\n\n\t\t\t\t\t\t\t\t\t<\/div>\n\t\t\t\t\n\t\t\t\t\n\t\t\t<\/div>\n\t\t<\/div>\n\t<\/section>\n\t<!-- Hero Carousel End Here-->\n  \n\n\n<div class=\"wp-block-columns is-layout-flex wp-container-core-columns-is-layout-9d6595d7 wp-block-columns-is-layout-flex\">\n<div class=\"wp-block-column is-layout-flow wp-block-column-is-layout-flow\" style=\"flex-basis:100%\">    <section class=\"title-text \">\n        <div class=\"container\">\n            <div class=\"title-text-inner\" style=\"background-color:#EDEBE4;\">\n\n                <!-- If heading is enabled then it's visible -->\n                <div class=\"text-head-dash visible\">\n                <h3 class=\"heading-three\" role=\"heading\" aria-level=\"2\">\n                        Trabajando con los pacientes y para los pacientes                    <\/h3>\n                <\/div>\n               \n                <!-- If description is enabled then it's visible -->\n                <div class=\"text-parbase visible\">\n                    <p>Ipsen trabaja con los pacientes, con sus familias y con m\u00e1s de 250 organizaciones de pacientes de todo el mundo a nivel internacional, regional y nacional. La generaci\u00f3n de informaci\u00f3n y el intercambio de experiencias son dos de nuestras prioridades clave. Queremos brindar a los pacientes una oportunidad real de participar en su proceso de atenci\u00f3n sanitaria y en los avances que realizamos. Estamos convencidos de que este tipo de colaboraci\u00f3n estrecha e inclusiva es esencial para trazar el rumbo correcto. Nuestro objetivo es comprender y satisfacer las necesidades de los pacientes, ayud\u00e1ndolos tanto a ellos como a sus cuidadores en las diferentes etapas de su enfermedad. En Ipsen tenemos la convicci\u00f3n de trabajar con los pacientes y para los pacientes.<\/p>\n                <\/div>\n\n                <!-- If button is enabled then it's visible -->\n                \n            <\/div>\n        <\/div>\n    <\/section>\n\n\n<!-- Text & Media Block Code -->\n<section class=\"two-col-section text-media-section\">\n    <div class=\"container two-section-innner \">\n        <div class=\"response-inner\" style=\"background-image: url('')\">\n            <div class=\"row \">\n                <div class=\"col-xs-12 col-sm-12 col-md-6\">\n                                                    <div class=\"img-video-section\">\n                                <img decoding=\"async\" \n                                    src=\"https:\/\/www.ipsen.com\/spain\/wp-content\/uploads\/sites\/17\/2025\/07\/Module-5-\u2013-discover-the-right-team_06_181206-602_Supply-Chain-Purchasing-scaled-1.jpg\" \n                                    alt=\"\" \n                                >\n                            <\/div>\n                                        <\/div>\n                <div class=\" col-xs-12 col-sm-12 col-md-6\">\n                    <div class=\"section-content\">\n                        <div class=\"heading-dash\">\n                                                            <span class=\"dash\"><\/span>\n                                <h4 class=\"heading-para heading-four\" role=\"heading\" aria-level=\"2\">\n                                    Los ensayos cl\u00ednicos de Ipsen                                <\/h4>\n                                                    <\/div>\n                                                <p>Ipsen lleva a cabo ensayos cl\u00ednicos pioneros en todo el mundo para hacer avanzar conjuntamente la investigaci\u00f3n. Nuestra red global de profesionales de la salud nos ayuda a probar nuevos tratamientos y a garantizar su eficacia y su seguridad mediante la realizaci\u00f3n de ensayos cl\u00ednicos. Nuestro objetivo es desarrollar nuevas terapias y perfeccionar las existentes para mejorar la vida y los resultados en salud de los pacientes.<\/p>\n                            <a \n                            aria-label=\" about Los ensayos cl\u00ednicos de Ipsen\"  \n                                role=\"link\" \n                                class=\"btn-link hidden\"\n                                href=\"\" \n                                target=\"_self\"\n                            > \n                                 \n                            <\/a>\n\n                    <\/div>\n                <\/div>\n            <\/div>\n        <\/div>\n    <\/div>\n<\/section><\/div>\n<\/div>\n","protected":false},"excerpt":{"rendered":"","protected":false},"author":2,"featured_media":0,"parent":0,"menu_order":0,"comment_status":"closed","ping_status":"closed","template":"","meta":{"_acf_changed":false,"footnotes":""},"class_list":["post-45","page","type-page","status-publish","hentry","entry"],"acf":[],"yoast_head":"<!-- This site is optimized with the Yoast SEO plugin v26.8 - https:\/\/yoast.com\/product\/yoast-seo-wordpress\/ -->\n<title>Los pacientes son nuestra prioridad<\/title>\n<meta name=\"description\" content=\"Ipsen se dedica a mejorar la vida de las personas con enfermedades oncol\u00f3gicas, enfermedades raras y enfermedades neurol\u00f3gicas.\" \/>\n<meta name=\"robots\" content=\"index, follow, max-snippet:-1, max-image-preview:large, max-video-preview:-1\" \/>\n<link rel=\"canonical\" href=\"https:\/\/www.ipsen.com\/spain\/pacientes\/\" \/>\n<meta property=\"og:locale\" content=\"es_ES\" \/>\n<meta property=\"og:type\" content=\"article\" \/>\n<meta property=\"og:title\" content=\"Los pacientes son nuestra prioridad\" \/>\n<meta property=\"og:description\" content=\"Ipsen se dedica a mejorar la vida de las personas con enfermedades oncol\u00f3gicas, enfermedades raras y enfermedades neurol\u00f3gicas.\" \/>\n<meta property=\"og:url\" content=\"https:\/\/www.ipsen.com\/spain\/pacientes\/\" \/>\n<meta property=\"og:site_name\" content=\"Spain\" \/>\n<meta property=\"article:modified_time\" content=\"2025-07-16T14:02:47+00:00\" \/>\n<meta name=\"twitter:card\" content=\"summary_large_image\" \/>\n<script type=\"application\/ld+json\" class=\"yoast-schema-graph\">{\"@context\":\"https:\/\/schema.org\",\"@graph\":[{\"@type\":\"WebPage\",\"@id\":\"https:\/\/www.ipsen.com\/spain\/pacientes\/\",\"url\":\"https:\/\/www.ipsen.com\/spain\/pacientes\/\",\"name\":\"Los pacientes son nuestra prioridad\",\"isPartOf\":{\"@id\":\"https:\/\/www.ipsen.com\/spain\/#website\"},\"datePublished\":\"2024-07-23T05:45:05+00:00\",\"dateModified\":\"2025-07-16T14:02:47+00:00\",\"description\":\"Ipsen se dedica a mejorar la vida de las personas con enfermedades oncol\u00f3gicas, enfermedades raras y enfermedades neurol\u00f3gicas.\",\"breadcrumb\":{\"@id\":\"https:\/\/www.ipsen.com\/spain\/pacientes\/#breadcrumb\"},\"inLanguage\":\"es-ES\",\"potentialAction\":[{\"@type\":\"ReadAction\",\"target\":[\"https:\/\/www.ipsen.com\/spain\/pacientes\/\"]}]},{\"@type\":\"BreadcrumbList\",\"@id\":\"https:\/\/www.ipsen.com\/spain\/pacientes\/#breadcrumb\",\"itemListElement\":[{\"@type\":\"ListItem\",\"position\":1,\"name\":\"Home\",\"item\":\"https:\/\/www.ipsen.com\/spain\/\"},{\"@type\":\"ListItem\",\"position\":2,\"name\":\"Pacientes\"}]},{\"@type\":\"WebSite\",\"@id\":\"https:\/\/www.ipsen.com\/spain\/#website\",\"url\":\"https:\/\/www.ipsen.com\/spain\/\",\"name\":\"Spain\",\"description\":\"\",\"publisher\":{\"@id\":\"https:\/\/www.ipsen.com\/spain\/#organization\"},\"potentialAction\":[{\"@type\":\"SearchAction\",\"target\":{\"@type\":\"EntryPoint\",\"urlTemplate\":\"https:\/\/www.ipsen.com\/spain\/?s={search_term_string}\"},\"query-input\":{\"@type\":\"PropertyValueSpecification\",\"valueRequired\":true,\"valueName\":\"search_term_string\"}}],\"inLanguage\":\"es-ES\"},{\"@type\":\"Organization\",\"@id\":\"https:\/\/www.ipsen.com\/spain\/#organization\",\"name\":\"Spain\",\"url\":\"https:\/\/www.ipsen.com\/spain\/\",\"logo\":{\"@type\":\"ImageObject\",\"inLanguage\":\"es-ES\",\"@id\":\"https:\/\/www.ipsen.com\/spain\/#\/schema\/logo\/image\/\",\"url\":\"https:\/\/www.ipsen.com\/spain\/wp-content\/uploads\/sites\/17\/2024\/06\/Logo-Ipsen-new.svg\",\"contentUrl\":\"https:\/\/www.ipsen.com\/spain\/wp-content\/uploads\/sites\/17\/2024\/06\/Logo-Ipsen-new.svg\",\"caption\":\"Spain\"},\"image\":{\"@id\":\"https:\/\/www.ipsen.com\/spain\/#\/schema\/logo\/image\/\"}}]}<\/script>\n<!-- \/ Yoast SEO plugin. -->","yoast_head_json":{"title":"Los pacientes son nuestra prioridad","description":"Ipsen se dedica a mejorar la vida de las personas con enfermedades oncol\u00f3gicas, enfermedades raras y enfermedades neurol\u00f3gicas.","robots":{"index":"index","follow":"follow","max-snippet":"max-snippet:-1","max-image-preview":"max-image-preview:large","max-video-preview":"max-video-preview:-1"},"canonical":"https:\/\/www.ipsen.com\/spain\/pacientes\/","og_locale":"es_ES","og_type":"article","og_title":"Los pacientes son nuestra prioridad","og_description":"Ipsen se dedica a mejorar la vida de las personas con enfermedades oncol\u00f3gicas, enfermedades raras y enfermedades neurol\u00f3gicas.","og_url":"https:\/\/www.ipsen.com\/spain\/pacientes\/","og_site_name":"Spain","article_modified_time":"2025-07-16T14:02:47+00:00","twitter_card":"summary_large_image","schema":{"@context":"https:\/\/schema.org","@graph":[{"@type":"WebPage","@id":"https:\/\/www.ipsen.com\/spain\/pacientes\/","url":"https:\/\/www.ipsen.com\/spain\/pacientes\/","name":"Los pacientes son nuestra prioridad","isPartOf":{"@id":"https:\/\/www.ipsen.com\/spain\/#website"},"datePublished":"2024-07-23T05:45:05+00:00","dateModified":"2025-07-16T14:02:47+00:00","description":"Ipsen se dedica a mejorar la vida de las personas con enfermedades oncol\u00f3gicas, enfermedades raras y enfermedades neurol\u00f3gicas.","breadcrumb":{"@id":"https:\/\/www.ipsen.com\/spain\/pacientes\/#breadcrumb"},"inLanguage":"es-ES","potentialAction":[{"@type":"ReadAction","target":["https:\/\/www.ipsen.com\/spain\/pacientes\/"]}]},{"@type":"BreadcrumbList","@id":"https:\/\/www.ipsen.com\/spain\/pacientes\/#breadcrumb","itemListElement":[{"@type":"ListItem","position":1,"name":"Home","item":"https:\/\/www.ipsen.com\/spain\/"},{"@type":"ListItem","position":2,"name":"Pacientes"}]},{"@type":"WebSite","@id":"https:\/\/www.ipsen.com\/spain\/#website","url":"https:\/\/www.ipsen.com\/spain\/","name":"Spain","description":"","publisher":{"@id":"https:\/\/www.ipsen.com\/spain\/#organization"},"potentialAction":[{"@type":"SearchAction","target":{"@type":"EntryPoint","urlTemplate":"https:\/\/www.ipsen.com\/spain\/?s={search_term_string}"},"query-input":{"@type":"PropertyValueSpecification","valueRequired":true,"valueName":"search_term_string"}}],"inLanguage":"es-ES"},{"@type":"Organization","@id":"https:\/\/www.ipsen.com\/spain\/#organization","name":"Spain","url":"https:\/\/www.ipsen.com\/spain\/","logo":{"@type":"ImageObject","inLanguage":"es-ES","@id":"https:\/\/www.ipsen.com\/spain\/#\/schema\/logo\/image\/","url":"https:\/\/www.ipsen.com\/spain\/wp-content\/uploads\/sites\/17\/2024\/06\/Logo-Ipsen-new.svg","contentUrl":"https:\/\/www.ipsen.com\/spain\/wp-content\/uploads\/sites\/17\/2024\/06\/Logo-Ipsen-new.svg","caption":"Spain"},"image":{"@id":"https:\/\/www.ipsen.com\/spain\/#\/schema\/logo\/image\/"}}]}},"parsely":{"version":"1.1.0","canonical_url":"https:\/\/ipsen.com\/spain\/pacientes\/","smart_links":{"inbound":0,"outbound":0},"traffic_boost_suggestions_count":0,"meta":{"@context":"https:\/\/schema.org","@type":"WebPage","headline":"Pacientes","url":"http:\/\/www.ipsen.com\/spain\/pacientes\/","mainEntityOfPage":{"@type":"WebPage","@id":"http:\/\/www.ipsen.com\/spain\/pacientes\/"},"thumbnailUrl":"","image":{"@type":"ImageObject","url":""},"articleSection":"Sin categorizar","author":[{"@type":"Person","name":"navya"}],"creator":["navya"],"publisher":{"@type":"Organization","name":"Spain","logo":""},"keywords":[],"dateCreated":"2024-07-23T05:45:05Z","datePublished":"2024-07-23T05:45:05Z","dateModified":"2025-07-16T14:02:47Z"},"rendered":"<script type=\"application\/ld+json\" class=\"wp-parsely-metadata\">{\"@context\":\"https:\\\/\\\/schema.org\",\"@type\":\"WebPage\",\"headline\":\"Pacientes\",\"url\":\"http:\\\/\\\/www.ipsen.com\\\/spain\\\/pacientes\\\/\",\"mainEntityOfPage\":{\"@type\":\"WebPage\",\"@id\":\"http:\\\/\\\/www.ipsen.com\\\/spain\\\/pacientes\\\/\"},\"thumbnailUrl\":\"\",\"image\":{\"@type\":\"ImageObject\",\"url\":\"\"},\"articleSection\":\"Sin categorizar\",\"author\":[{\"@type\":\"Person\",\"name\":\"navya\"}],\"creator\":[\"navya\"],\"publisher\":{\"@type\":\"Organization\",\"name\":\"Spain\",\"logo\":\"\"},\"keywords\":[],\"dateCreated\":\"2024-07-23T05:45:05Z\",\"datePublished\":\"2024-07-23T05:45:05Z\",\"dateModified\":\"2025-07-16T14:02:47Z\"}<\/script>","tracker_url":"https:\/\/cdn.parsely.com\/keys\/ipsen.com\/p.js"},"jetpack_sharing_enabled":true,"_links":{"self":[{"href":"https:\/\/www.ipsen.com\/spain\/wp-json\/wp\/v2\/pages\/45","targetHints":{"allow":["GET"]}}],"collection":[{"href":"https:\/\/www.ipsen.com\/spain\/wp-json\/wp\/v2\/pages"}],"about":[{"href":"https:\/\/www.ipsen.com\/spain\/wp-json\/wp\/v2\/types\/page"}],"author":[{"embeddable":true,"href":"https:\/\/www.ipsen.com\/spain\/wp-json\/wp\/v2\/users\/2"}],"replies":[{"embeddable":true,"href":"https:\/\/www.ipsen.com\/spain\/wp-json\/wp\/v2\/comments?post=45"}],"version-history":[{"count":11,"href":"https:\/\/www.ipsen.com\/spain\/wp-json\/wp\/v2\/pages\/45\/revisions"}],"predecessor-version":[{"id":3502,"href":"https:\/\/www.ipsen.com\/spain\/wp-json\/wp\/v2\/pages\/45\/revisions\/3502"}],"wp:attachment":[{"href":"https:\/\/www.ipsen.com\/spain\/wp-json\/wp\/v2\/media?parent=45"}],"curies":[{"name":"wp","href":"https:\/\/api.w.org\/{rel}","templated":true}]}}