{"id":265,"date":"2024-10-24T10:14:00","date_gmt":"2024-10-24T08:14:00","guid":{"rendered":"https:\/\/www.ipsen.com\/es\/?page_id=265"},"modified":"2025-07-04T12:20:19","modified_gmt":"2025-07-04T10:20:19","slug":"sostenibilidad","status":"publish","type":"page","link":"https:\/\/www.ipsen.com\/spain\/sostenibilidad\/","title":{"rendered":"Sostenibilidad"},"content":{"rendered":"    <section class=\"sub-page-banner bg-img\" style=\"background-image:url(https:\/\/www.ipsen.com\/spain\/wp-content\/uploads\/sites\/17\/2025\/07\/Sustainability-1.jpg)\">\n        <div class=\"container content-sec\">\n            <nav aria-label=\"breadcrumb\">\n            <ol class=\"breadcrumb\">\n                <li class=\"breadcrumb-item\"><a href=\"https:\/\/www.ipsen.com\/spain\">Inicio<\/a><\/li><li class=\"breadcrumb-item active\"><a class=\"link-pointer-events-none\" href=\"#\" aria-current=\"page\">Sostenibilidad<\/a><\/li><\/ol>\n            <\/nav>            <h1 class=\"visible\">Sostenibilidad<\/h1>\n            <p class=\"visible\">Ipsen promueve una cultura de sostenibilidad en todos los \u00e1mbitos de la Compa\u00f1\u00eda.<\/p>\n        <\/div>\n    <\/section>\n\n\n\t<!-- Hero Carousel Start Here-->\n\t<section class=\"hero-section no-filter\">\n\t\t<div class=\"hero_gridwidth container\"><!-- container class shown if gridlayout choosen -->\n\t\t\t<div id=\"heroCarousel\" class=\"carousel slide herocaro hero-banner-no-bg-image\" data-bs-ride=\"carousel\" data-enableplaybtn=\"\" data-autoplay= \"\"  data-autospeed= \"\" >\n\t\t\t\t<!-- Slider Indicator-->\n\t\t\t\t<div class=\"carousel-indicators hidden\">\n\t\t\t\t<button type=\"button\" data-bs-target=\"#heroCarousel\" data-bs-slide-to=\"0\" class=\"active\" aria-current=\"true\" aria-label=\"Slide 0\"><\/button>\t\t\t\t<\/div>\n\t\t\t\t<!-- Items -->\n\t\t\t\t<div class=\"carousel-inner\">\n\t\t\t\t\t\t\n\t\t\t\t\t\t<!-- Hero Banner with carousel HTML -->\n\t\t\t\t\t\t<div class=\"carousel-item active banner-no-filter\">\n\n\t\t\t\t\t\t\t\t\t\t\t\t\t\t\t<img decoding=\"async\" class=\"bd-placeholder-img visible\" alt=\"\" width=\"100%\" height=\"100%\" src=\"https:\/\/www.ipsen.com\/spain\/wp-content\/uploads\/sites\/17\/2025\/07\/Light-Hero-Banner-2.jpg\" \/> \n\t\t\t\t\t\t\t\n\t\t\t\t\t\t\t\t\n\n\t\t\t\t\t\t\t<div class=\"container align-left\">\n\t\t\t\t\t\t\t\t<div class=\"carousel-caption\">\n\t\t\t\t\t\t\t\t\t<h2 class=\"visible text-start heading-two banner-font-color-blue\">\n\t\t\t\t\t\t\t\t\t\tEn Ipsen actuamos bajo la premisa de una estrategia estructurada de sostenibilidad corporativa\t\t\t\t\t\t\t\t\t<\/h2>\n\t\t\t\t\t\t\t\t\t<div class=\"hidden text-start banner-font-color-blue\"><\/div>\n\t\t\t\t\t\t\t\t\t\n\t\t\t\t\t\t\t\t\t\t\t\t\t\t\t\t\t\t\n\t\t\t\t\t\t\t\t<\/div>\n\t\t\t\t\t\t\t<\/div>\n\t\t\t\t\t\t<\/div>\n\n\t\t\t\t\t\t\t\t\t<\/div>\n\t\t\t\t\n\t\t\t\t\n\t\t\t<\/div>\n\t\t<\/div>\n\t<\/section>\n\t<!-- Hero Carousel End Here-->\n  \n\n    <section class=\"title-text \">\n        <div class=\"container\">\n            <div class=\"title-text-inner\" style=\"background-color:#EDEBE4;\">\n\n                <!-- If heading is enabled then it's visible -->\n                <div class=\"text-head-dash visible\">\n                <h3 class=\"heading-three\" role=\"heading\" aria-level=\"2\">\n                        Generaci\u00f3n Ipsen &#8211; por un cambio positivo                    <\/h3>\n                <\/div>\n               \n                <!-- If description is enabled then it's visible -->\n                <div class=\"text-parbase visible\">\n                    <p>Dentro de Ipsen, nuestra responsabilidad como compa\u00f1\u00eda se vive a trav\u00e9s de una identidad que une a nuestros empleados en torno a una visi\u00f3n com\u00fan. La llamamos Generaci\u00f3n Ipsen: por un cambio positivo.<\/p>\n<p>A trav\u00e9s de la Generaci\u00f3n Ipsen estamos fomentando una cultura de la integridad y de la responsabilidad en todos los \u00e1mbitos de nuestra actividad corporativa. Se trata de una cultura que nos motiva para ir m\u00e1s all\u00e1 de los compromisos y tomar conciencia del papel que todos debemos desempe\u00f1ar para contribuir a un cambio positivo. Definimos objetivos espec\u00edficos y establecemos de manera proactiva c\u00f3mo los vamos a cumplir: inspirando y empoderando a todos para construir un mundo mejor y m\u00e1s saludable para las generaciones futuras.<\/p>\n                <\/div>\n\n                <!-- If button is enabled then it's visible -->\n                \n            <\/div>\n        <\/div>\n    <\/section>\n\n\n\n<div class=\"wp-block-group\"><div class=\"wp-block-group__inner-container is-layout-constrained wp-block-group-is-layout-constrained\">\n<h2 class=\"wp-block-heading\">La Generaci\u00f3n Ipsen se centra en impulsar actuaciones positivas basadas en cuatro pilares:<\/h2>\n<\/div><\/div>\n\n\n<!-- Text & Media Block Code -->\n<section class=\"two-col-section text-media-section\">\n    <div class=\"container two-section-innner \">\n        <div class=\"response-inner\" style=\"background-image: url('')\">\n            <div class=\"row \">\n                <div class=\"col-xs-12 col-sm-12 col-md-6\">\n                                                    <div class=\"img-video-section\">\n                                <img decoding=\"async\" \n                                    src=\"https:\/\/www.ipsen.com\/spain\/wp-content\/uploads\/sites\/17\/2025\/07\/Module-5-Generation-Ipsen-Pillar_Environment_690x460pix-Flare.jpg\" \n                                    alt=\"\" \n                                >\n                            <\/div>\n                                        <\/div>\n                <div class=\" col-xs-12 col-sm-12 col-md-6\">\n                    <div class=\"section-content\">\n                        <div class=\"heading-dash\">\n                                                            <span class=\"dash\"><\/span>\n                                <h4 class=\"heading-para heading-four\" role=\"heading\" aria-level=\"2\">\n                                    Medioambiente                                <\/h4>\n                                                    <\/div>\n                                                    <p class=\"section-head-two heading-para\" role=\"heading\" aria-level=\"3\">\n                                    Cuidar El Planeta                                <\/p>\n                                                <p>El cambio clim\u00e1tico es el principal desaf\u00edo de nuestra generaci\u00f3n. En Ipsen nos comprometemos a poner todo lo que est\u00e1 en nuestra mano para minimizar el impacto ambiental y para preservar la naturaleza, contribuyendo as\u00ed con un futuro m\u00e1s sostenible. Nuestras actuaciones relacionadas con el medioambiente se articulan en torno a tres ejes:<\/p>\n<ol>\n<li>Liderar la acci\u00f3n por el clima.<\/li>\n<li>Preservar los recursos naturales.<\/li>\n<li>Mantener los ecosistemas en un buen estado de conservaci\u00f3n.<\/li>\n<\/ol>\n<p>Hemos establecido objetivos tanto a corto como a largo plazo en consonancia con los avances de la ciencia y de la tecnolog\u00eda para lograr resultados concretos y significativos.<\/p>\n                            <a \n                            aria-label=\"M\u00e1s informaci\u00f3n about Medioambiente\"  \n                                role=\"link\" \n                                class=\"btn-link section-btn cta-visible\"\n                                href=\"https:\/\/www.ipsen.com\/responsibility\/environment\/\" \n                                target=\"_blank\"\n                            > \n                                M\u00e1s informaci\u00f3n \n                            <\/a>\n\n                    <\/div>\n                <\/div>\n            <\/div>\n        <\/div>\n    <\/div>\n<\/section>\n\n<!-- Text & Media Block Code -->\n<section class=\"two-col-section text-media-section\">\n    <div class=\"container two-section-innner section-reverse\">\n        <div class=\"response-inner\" style=\"background-image: url('')\">\n            <div class=\"row section-reverse\">\n                <div class=\"col-xs-12 col-sm-12 col-md-6\">\n                                                    <div class=\"img-video-section\">\n                                <img decoding=\"async\" \n                                    src=\"https:\/\/www.ipsen.com\/spain\/wp-content\/uploads\/sites\/17\/2025\/07\/Module-6-Generation-Ipsen-Pillar_Patients_690x460pix-1-1.jpg\" \n                                    alt=\"\" \n                                >\n                            <\/div>\n                                        <\/div>\n                <div class=\" col-xs-12 col-sm-12 col-md-6\">\n                    <div class=\"section-content\">\n                        <div class=\"heading-dash\">\n                                                            <span class=\"dash\"><\/span>\n                                <h4 class=\"heading-para heading-four\" role=\"heading\" aria-level=\"2\">\n                                    Pacientes                                <\/h4>\n                                                    <\/div>\n                                                    <p class=\"section-head-two heading-para\" role=\"heading\" aria-level=\"3\">\n                                    Los pacientes est\u00e1n en el centro de todo lo que hacemos                                <\/p>\n                                                <p>Gracias a la especializaci\u00f3n en las \u00e1reas de oncolog\u00eda, enfermedades raras y neurociencias, podemos comprender cada vez mejor las necesidades y las experiencias de los pacientes. Nuestro objetivo es llevar la atenci\u00f3n centrada en el paciente al siguiente nivel logrando una comprensi\u00f3n profunda de la experiencia del paciente en nuestras \u00e1reas terap\u00e9uticas.<\/p>\n<p>El conocimiento de los pacientes es esencial para desafiar el statu quo, mientras que la colaboraci\u00f3n con los sistemas de atenci\u00f3n sanitaria puede generar avances para los pacientes de todo el mundo.<\/p>\n<p>Nuestras actuaciones para acompa\u00f1ar a los pacientes se articulan en torno a tres ejes:<\/p>\n<ol>\n<li>Ofrecer una experiencia verdaderamente centrada en el paciente.<\/li>\n<li>Permitir el acceso a una salud de calidad.<\/li>\n<li>Impulsar la innovaci\u00f3n.<\/li>\n<\/ol>\n<p>En Ipsen seguiremos trabajando por y para los pacientes, ya que ellos nos ayudan a definir nuestras prioridades en innovaci\u00f3n e inversi\u00f3n.<\/p>\n                            <a \n                            aria-label=\"Saber m\u00e1s about Pacientes\"  \n                                role=\"link\" \n                                class=\"btn-link section-btn cta-visible\"\n                                href=\"https:\/\/www.ipsen.com\/responsibility\/patients\/\" \n                                target=\"_blank\"\n                            > \n                                Saber m\u00e1s \n                            <\/a>\n\n                    <\/div>\n                <\/div>\n            <\/div>\n        <\/div>\n    <\/div>\n<\/section>\n\n<!-- Text & Media Block Code -->\n<section class=\"two-col-section text-media-section\">\n    <div class=\"container two-section-innner \">\n        <div class=\"response-inner\" style=\"background-image: url('')\">\n            <div class=\"row \">\n                <div class=\"col-xs-12 col-sm-12 col-md-6\">\n                                                    <div class=\"img-video-section\">\n                                <img decoding=\"async\" \n                                    src=\"https:\/\/www.ipsen.com\/spain\/wp-content\/uploads\/sites\/17\/2024\/10\/Module-7-Generation-Ipsen-Pillar_People_690x460pix-1.jpg\" \n                                    alt=\"\" \n                                >\n                            <\/div>\n                                        <\/div>\n                <div class=\" col-xs-12 col-sm-12 col-md-6\">\n                    <div class=\"section-content\">\n                        <div class=\"heading-dash\">\n                                                            <span class=\"dash\"><\/span>\n                                <h4 class=\"heading-para heading-four\" role=\"heading\" aria-level=\"2\">\n                                    Personas                                <\/h4>\n                                                    <\/div>\n                                                    <p class=\"section-head-two heading-para\" role=\"heading\" aria-level=\"3\">\n                                    Personas apasionadas que generan un impacto real d\u00eda a d\u00eda                                <\/p>\n                                                <p>De la misma forma que hacemos con los pacientes, nos comprometemos con el cuidado de nuestros empleados y de la sociedad. Estamos convencidos de que todos nuestros empleados y colaboradores deben recibir un trato equitativo. Por ello, trabajamos diligentemente para garantizar la salud, la seguridad y el bienestar de nuestros equipos. Tambi\u00e9n pretendemos generar un impacto positivo en la sociedad a la pertenecemos y a la que servimos.<\/p>\n<p>Nuestras actuaciones en beneficio de nuestros empleados y de la sociedad se articulan en torno a tres ejes:<\/p>\n<ol>\n<li>Cuidar de nuestros equipos y de la sociedad.<\/li>\n<li>Fomentar y recompensar el talento.<\/li>\n<li>Promover la diversidad y la inclusi\u00f3n.<\/li>\n<\/ol>\n                            <a \n                            aria-label=\"Saber m\u00e1s about Personas\"  \n                                role=\"link\" \n                                class=\"btn-link section-btn cta-visible\"\n                                href=\"https:\/\/www.ipsen.com\/responsibility\/people\/\" \n                                target=\"_blank\"\n                            > \n                                Saber m\u00e1s \n                            <\/a>\n\n                    <\/div>\n                <\/div>\n            <\/div>\n        <\/div>\n    <\/div>\n<\/section>\n\n<!-- Text & Media Block Code -->\n<section class=\"two-col-section text-media-section\">\n    <div class=\"container two-section-innner section-reverse\">\n        <div class=\"response-inner\" style=\"background-image: url('')\">\n            <div class=\"row section-reverse\">\n                <div class=\"col-xs-12 col-sm-12 col-md-6\">\n                                                    <div class=\"img-video-section\">\n                                <img decoding=\"async\" \n                                    src=\"https:\/\/www.ipsen.com\/spain\/wp-content\/uploads\/sites\/17\/2025\/07\/Module-8-Generation-Ipsen-Pillar_Governance_690x460pix-1-copy.jpg\" \n                                    alt=\"\" \n                                >\n                            <\/div>\n                                        <\/div>\n                <div class=\" col-xs-12 col-sm-12 col-md-6\">\n                    <div class=\"section-content\">\n                        <div class=\"heading-dash\">\n                                                            <span class=\"dash\"><\/span>\n                                <h4 class=\"heading-para heading-four\" role=\"heading\" aria-level=\"2\">\n                                    Gobernanza                                <\/h4>\n                                                    <\/div>\n                                                    <p class=\"section-head-two heading-para\" role=\"heading\" aria-level=\"3\">\n                                    Actuar con integridad y transparencia                                <\/p>\n                                                <p>Nuestra responsabilidad se basa en s\u00f3lidos valores \u00e9ticos. En todos los niveles de la organizaci\u00f3n y en todas nuestras operaciones nos comprometemos a actuar con integridad y transparencia. Nuestra gobernanza se articula en torno a los siguientes compromisos:<\/p>\n<ol>\n<li>Hacer lo correcto y no lo que es f\u00e1cil.<\/li>\n<li>Somos fieles a nuestro eslogan estrat\u00e9gico: Focus. Together. For patients and society.<\/li>\n<li>Nuestro \u00e9xito depende de una gesti\u00f3n responsable.<\/li>\n<\/ol>\n<p>Este compromiso garantiza que todos los niveles de la organizaci\u00f3n respondan al inter\u00e9s de los pacientes y al de nuestros socios, adem\u00e1s de cumplir con las normas sociales.<\/p>\n<p>En Ipsen nos enorgullecemos de nuestro compromiso con la integridad, la transparencia y el respeto de los c\u00f3digos \u00e9ticos m\u00e1s estrictos. Un pilar fundamental de nuestro eslogan Generaci\u00f3n Ipsen: por un cambio positivo es que fomentamos una gesti\u00f3n responsable mientras cultivamos s\u00f3lidos valores \u00e9ticos que permean en todos los \u00e1mbitos de nuestra organizaci\u00f3n. Fieles a nuestro compromiso de excelencia en materia de gobernanza, siempre actuamos teniendo en cuenta los intereses de los pacientes, de nuestros socios y de la sociedad.<\/p>\n                            <a \n                            aria-label=\"Saber m\u00e1s about Gobernanza\"  \n                                role=\"link\" \n                                class=\"btn-link section-btn cta-visible\"\n                                href=\"https:\/\/www.ipsen.com\/spain\/sostenibilidad\/gobernanza\/\" \n                                target=\"_self\"\n                            > \n                                Saber m\u00e1s \n                            <\/a>\n\n                    <\/div>\n                <\/div>\n            <\/div>\n        <\/div>\n    <\/div>\n<\/section>","protected":false},"excerpt":{"rendered":"","protected":false},"author":2,"featured_media":0,"parent":0,"menu_order":0,"comment_status":"closed","ping_status":"closed","template":"","meta":{"_acf_changed":false,"footnotes":""},"class_list":["post-265","page","type-page","status-publish","hentry","entry"],"acf":[],"yoast_head":"<!-- This site is optimized with the Yoast SEO plugin v26.8 - https:\/\/yoast.com\/product\/yoast-seo-wordpress\/ -->\n<title>Sostenibilidad<\/title>\n<meta name=\"description\" content=\"Guiados por nuestros pilares: Medioambiente, Pacientes, Personas y Gobernanza - Ipsen pretende actuar siempre de forma responsable en todas sus actividades\" \/>\n<meta name=\"robots\" content=\"index, follow, max-snippet:-1, max-image-preview:large, max-video-preview:-1\" \/>\n<link rel=\"canonical\" href=\"https:\/\/www.ipsen.com\/spain\/sostenibilidad\/\" \/>\n<meta property=\"og:locale\" content=\"es_ES\" \/>\n<meta property=\"og:type\" content=\"article\" \/>\n<meta property=\"og:title\" content=\"Sostenibilidad\" \/>\n<meta property=\"og:description\" content=\"Guiados por nuestros pilares: Medioambiente, Pacientes, Personas y Gobernanza - Ipsen pretende actuar siempre de forma responsable en todas sus actividades\" \/>\n<meta property=\"og:url\" content=\"https:\/\/www.ipsen.com\/spain\/sostenibilidad\/\" \/>\n<meta property=\"og:site_name\" content=\"Spain\" \/>\n<meta property=\"article:modified_time\" content=\"2025-07-04T10:20:19+00:00\" \/>\n<meta name=\"twitter:card\" content=\"summary_large_image\" \/>\n<meta name=\"twitter:label1\" content=\"Est. reading time\" \/>\n\t<meta name=\"twitter:data1\" content=\"1 minute\" \/>\n<script type=\"application\/ld+json\" class=\"yoast-schema-graph\">{\"@context\":\"https:\/\/schema.org\",\"@graph\":[{\"@type\":\"WebPage\",\"@id\":\"https:\/\/www.ipsen.com\/spain\/sostenibilidad\/\",\"url\":\"https:\/\/www.ipsen.com\/spain\/sostenibilidad\/\",\"name\":\"Sostenibilidad\",\"isPartOf\":{\"@id\":\"https:\/\/www.ipsen.com\/spain\/#website\"},\"datePublished\":\"2024-10-24T08:14:00+00:00\",\"dateModified\":\"2025-07-04T10:20:19+00:00\",\"description\":\"Guiados por nuestros pilares: Medioambiente, Pacientes, Personas y Gobernanza - Ipsen pretende actuar siempre de forma responsable en todas sus actividades\",\"breadcrumb\":{\"@id\":\"https:\/\/www.ipsen.com\/spain\/sostenibilidad\/#breadcrumb\"},\"inLanguage\":\"es-ES\",\"potentialAction\":[{\"@type\":\"ReadAction\",\"target\":[\"https:\/\/www.ipsen.com\/spain\/sostenibilidad\/\"]}]},{\"@type\":\"BreadcrumbList\",\"@id\":\"https:\/\/www.ipsen.com\/spain\/sostenibilidad\/#breadcrumb\",\"itemListElement\":[{\"@type\":\"ListItem\",\"position\":1,\"name\":\"Home\",\"item\":\"https:\/\/www.ipsen.com\/spain\/\"},{\"@type\":\"ListItem\",\"position\":2,\"name\":\"Sostenibilidad\"}]},{\"@type\":\"WebSite\",\"@id\":\"https:\/\/www.ipsen.com\/spain\/#website\",\"url\":\"https:\/\/www.ipsen.com\/spain\/\",\"name\":\"Spain\",\"description\":\"\",\"publisher\":{\"@id\":\"https:\/\/www.ipsen.com\/spain\/#organization\"},\"potentialAction\":[{\"@type\":\"SearchAction\",\"target\":{\"@type\":\"EntryPoint\",\"urlTemplate\":\"https:\/\/www.ipsen.com\/spain\/?s={search_term_string}\"},\"query-input\":{\"@type\":\"PropertyValueSpecification\",\"valueRequired\":true,\"valueName\":\"search_term_string\"}}],\"inLanguage\":\"es-ES\"},{\"@type\":\"Organization\",\"@id\":\"https:\/\/www.ipsen.com\/spain\/#organization\",\"name\":\"Spain\",\"url\":\"https:\/\/www.ipsen.com\/spain\/\",\"logo\":{\"@type\":\"ImageObject\",\"inLanguage\":\"es-ES\",\"@id\":\"https:\/\/www.ipsen.com\/spain\/#\/schema\/logo\/image\/\",\"url\":\"https:\/\/www.ipsen.com\/spain\/wp-content\/uploads\/sites\/17\/2024\/06\/Logo-Ipsen-new.svg\",\"contentUrl\":\"https:\/\/www.ipsen.com\/spain\/wp-content\/uploads\/sites\/17\/2024\/06\/Logo-Ipsen-new.svg\",\"caption\":\"Spain\"},\"image\":{\"@id\":\"https:\/\/www.ipsen.com\/spain\/#\/schema\/logo\/image\/\"}}]}<\/script>\n<!-- \/ Yoast SEO plugin. -->","yoast_head_json":{"title":"Sostenibilidad","description":"Guiados por nuestros pilares: Medioambiente, Pacientes, Personas y Gobernanza - Ipsen pretende actuar siempre de forma responsable en todas sus actividades","robots":{"index":"index","follow":"follow","max-snippet":"max-snippet:-1","max-image-preview":"max-image-preview:large","max-video-preview":"max-video-preview:-1"},"canonical":"https:\/\/www.ipsen.com\/spain\/sostenibilidad\/","og_locale":"es_ES","og_type":"article","og_title":"Sostenibilidad","og_description":"Guiados por nuestros pilares: Medioambiente, Pacientes, Personas y Gobernanza - Ipsen pretende actuar siempre de forma responsable en todas sus actividades","og_url":"https:\/\/www.ipsen.com\/spain\/sostenibilidad\/","og_site_name":"Spain","article_modified_time":"2025-07-04T10:20:19+00:00","twitter_card":"summary_large_image","twitter_misc":{"Est. reading time":"1 minute"},"schema":{"@context":"https:\/\/schema.org","@graph":[{"@type":"WebPage","@id":"https:\/\/www.ipsen.com\/spain\/sostenibilidad\/","url":"https:\/\/www.ipsen.com\/spain\/sostenibilidad\/","name":"Sostenibilidad","isPartOf":{"@id":"https:\/\/www.ipsen.com\/spain\/#website"},"datePublished":"2024-10-24T08:14:00+00:00","dateModified":"2025-07-04T10:20:19+00:00","description":"Guiados por nuestros pilares: Medioambiente, Pacientes, Personas y Gobernanza - Ipsen pretende actuar siempre de forma responsable en todas sus actividades","breadcrumb":{"@id":"https:\/\/www.ipsen.com\/spain\/sostenibilidad\/#breadcrumb"},"inLanguage":"es-ES","potentialAction":[{"@type":"ReadAction","target":["https:\/\/www.ipsen.com\/spain\/sostenibilidad\/"]}]},{"@type":"BreadcrumbList","@id":"https:\/\/www.ipsen.com\/spain\/sostenibilidad\/#breadcrumb","itemListElement":[{"@type":"ListItem","position":1,"name":"Home","item":"https:\/\/www.ipsen.com\/spain\/"},{"@type":"ListItem","position":2,"name":"Sostenibilidad"}]},{"@type":"WebSite","@id":"https:\/\/www.ipsen.com\/spain\/#website","url":"https:\/\/www.ipsen.com\/spain\/","name":"Spain","description":"","publisher":{"@id":"https:\/\/www.ipsen.com\/spain\/#organization"},"potentialAction":[{"@type":"SearchAction","target":{"@type":"EntryPoint","urlTemplate":"https:\/\/www.ipsen.com\/spain\/?s={search_term_string}"},"query-input":{"@type":"PropertyValueSpecification","valueRequired":true,"valueName":"search_term_string"}}],"inLanguage":"es-ES"},{"@type":"Organization","@id":"https:\/\/www.ipsen.com\/spain\/#organization","name":"Spain","url":"https:\/\/www.ipsen.com\/spain\/","logo":{"@type":"ImageObject","inLanguage":"es-ES","@id":"https:\/\/www.ipsen.com\/spain\/#\/schema\/logo\/image\/","url":"https:\/\/www.ipsen.com\/spain\/wp-content\/uploads\/sites\/17\/2024\/06\/Logo-Ipsen-new.svg","contentUrl":"https:\/\/www.ipsen.com\/spain\/wp-content\/uploads\/sites\/17\/2024\/06\/Logo-Ipsen-new.svg","caption":"Spain"},"image":{"@id":"https:\/\/www.ipsen.com\/spain\/#\/schema\/logo\/image\/"}}]}},"parsely":{"version":"1.1.0","canonical_url":"https:\/\/ipsen.com\/spain\/sostenibilidad\/","smart_links":{"inbound":0,"outbound":0},"traffic_boost_suggestions_count":0,"meta":{"@context":"https:\/\/schema.org","@type":"WebPage","headline":"Sostenibilidad","url":"http:\/\/www.ipsen.com\/spain\/sostenibilidad\/","mainEntityOfPage":{"@type":"WebPage","@id":"http:\/\/www.ipsen.com\/spain\/sostenibilidad\/"},"thumbnailUrl":"","image":{"@type":"ImageObject","url":""},"articleSection":"Sin categorizar","author":[{"@type":"Person","name":"navya"}],"creator":["navya"],"publisher":{"@type":"Organization","name":"Spain","logo":""},"keywords":[],"dateCreated":"2024-10-24T08:14:00Z","datePublished":"2024-10-24T08:14:00Z","dateModified":"2025-07-04T10:20:19Z"},"rendered":"<script type=\"application\/ld+json\" class=\"wp-parsely-metadata\">{\"@context\":\"https:\\\/\\\/schema.org\",\"@type\":\"WebPage\",\"headline\":\"Sostenibilidad\",\"url\":\"http:\\\/\\\/www.ipsen.com\\\/spain\\\/sostenibilidad\\\/\",\"mainEntityOfPage\":{\"@type\":\"WebPage\",\"@id\":\"http:\\\/\\\/www.ipsen.com\\\/spain\\\/sostenibilidad\\\/\"},\"thumbnailUrl\":\"\",\"image\":{\"@type\":\"ImageObject\",\"url\":\"\"},\"articleSection\":\"Sin categorizar\",\"author\":[{\"@type\":\"Person\",\"name\":\"navya\"}],\"creator\":[\"navya\"],\"publisher\":{\"@type\":\"Organization\",\"name\":\"Spain\",\"logo\":\"\"},\"keywords\":[],\"dateCreated\":\"2024-10-24T08:14:00Z\",\"datePublished\":\"2024-10-24T08:14:00Z\",\"dateModified\":\"2025-07-04T10:20:19Z\"}<\/script>","tracker_url":"https:\/\/cdn.parsely.com\/keys\/ipsen.com\/p.js"},"jetpack_sharing_enabled":true,"_links":{"self":[{"href":"https:\/\/www.ipsen.com\/spain\/wp-json\/wp\/v2\/pages\/265","targetHints":{"allow":["GET"]}}],"collection":[{"href":"https:\/\/www.ipsen.com\/spain\/wp-json\/wp\/v2\/pages"}],"about":[{"href":"https:\/\/www.ipsen.com\/spain\/wp-json\/wp\/v2\/types\/page"}],"author":[{"embeddable":true,"href":"https:\/\/www.ipsen.com\/spain\/wp-json\/wp\/v2\/users\/2"}],"replies":[{"embeddable":true,"href":"https:\/\/www.ipsen.com\/spain\/wp-json\/wp\/v2\/comments?post=265"}],"version-history":[{"count":16,"href":"https:\/\/www.ipsen.com\/spain\/wp-json\/wp\/v2\/pages\/265\/revisions"}],"predecessor-version":[{"id":3438,"href":"https:\/\/www.ipsen.com\/spain\/wp-json\/wp\/v2\/pages\/265\/revisions\/3438"}],"wp:attachment":[{"href":"https:\/\/www.ipsen.com\/spain\/wp-json\/wp\/v2\/media?parent=265"}],"curies":[{"name":"wp","href":"https:\/\/api.w.org\/{rel}","templated":true}]}}