{"id":88,"date":"2025-11-18T11:23:19","date_gmt":"2025-11-18T09:23:19","guid":{"rendered":"https:\/\/www.ipsen.com\/poland\/?page_id=88"},"modified":"2026-02-19T12:49:05","modified_gmt":"2026-02-19T10:49:05","slug":"choroby-rzadkie","status":"publish","type":"page","link":"https:\/\/www.ipsen.com\/poland\/choroby-rzadkie\/","title":{"rendered":"Choroby rzadkie"},"content":{"rendered":"    <section class=\"sub-page-banner bg-img\" style=\"background-image:url(https:\/\/www.ipsen.com\/poland\/wp-content\/uploads\/sites\/30\/2026\/01\/Health-Rare-Disease.jpg)\">\n        <div class=\"container content-sec\">\n            <nav aria-label=\"breadcrumb\">\n            <ol class=\"breadcrumb\">\n                <li class=\"breadcrumb-item\"><a href=\"https:\/\/www.ipsen.com\/poland\">Strona g\u0142\u00f3wna<\/a><\/li><li class=\"breadcrumb-item active\"><a href=\"#\" aria-current=\"page\">Obszary terapeutyczne &#8211; Choroby rzadkie<\/a><\/li><\/ol>\n            <\/nav>            <h1 class=\"visible\">Choroby rzadkie<\/h1>\n            <p class=\"visible\">Choroby rzadkie dotykaj\u0105 1 na 10 os\u00f3b. Na ca\u0142ym \u015bwiecie oznacza to 350\u2013400 milion\u00f3w ludzi \u017cyj\u0105cych z jedn\u0105 z ponad 7 000 zidentyfikowanych chor\u00f3b rzadkich.<\/p>\n        <\/div>\n    <\/section>\n\n\n    <section class=\"title-text \">\n        <div class=\"container\">\n            <div class=\"title-text-inner\" style=\"background-color:#EDEBE4;\">\n\n                <!-- If heading is enabled then it's visible -->\n                <div class=\"text-head-dash visible\">\n                <h3 class=\"heading-three\" role=\"heading\" aria-level=\"2\">\n                        Nasze zaanga\u017cowanie w choroby rzadkie                    <\/h3>\n                <\/div>\n               \n                <!-- If description is enabled then it's visible -->\n                <div class=\"text-parbase visible\">\n                    <p>Tworzymy zesp\u00f3\u0142 zwyk\u0142ych ludzi o niezwyk\u0142ej ambicji, aby poprawia\u0107 zdrowie i wyd\u0142u\u017ca\u0107 \u017cycie os\u00f3b \u017cyj\u0105cych z chorobami rzadkimi.<\/p>\n<p>W Ipsen jeste\u015bmy zaanga\u017cowani w rozw\u00f3j nowych, prze\u0142omowych opcji terapeutycznych dla pacjent\u00f3w z chorobami rzadkimi. Wykorzystujemy nasz\u0105 wiedz\u0119 naukow\u0105, aby tworzy\u0107 leki o potencjale realnie zmieniaj\u0105cym \u017cycie os\u00f3b dotkni\u0119tych rzadkimi schorzeniami i ich bliskich. Wierzymy, \u017ce mo\u017cemy realnie wspiera\u0107 tych, kt\u00f3rzy zbyt cz\u0119sto pozostaj\u0105 bez wsparcia.<\/p>\n                <\/div>\n\n                <!-- If button is enabled then it's visible -->\n                \n            <\/div>\n        <\/div>\n    <\/section>\n\n\n<!-- Text & Media Block Code -->\n<section class=\"two-col-section text-media-section\">\n    <div class=\"container two-section-innner section-reverse\">\n        <div class=\"response-inner\" style=\"background-image: url('')\">\n            <div class=\"row section-reverse\">\n                <div class=\"col-xs-12 col-sm-12 col-md-6\">\n                                                    <div class=\"img-video-section\">\n                                <img decoding=\"async\" \n                                    src=\"https:\/\/www.ipsen.com\/poland\/wp-content\/uploads\/sites\/30\/2026\/01\/rare-1.jpg\" \n                                    alt=\"\" \n                                >\n                            <\/div>\n                                        <\/div>\n                <div class=\" col-xs-12 col-sm-12 col-md-6\">\n                    <div class=\"section-content\">\n                        <div class=\"heading-dash\">\n                                                            <span class=\"dash\"><\/span>\n                                <h4 class=\"heading-para heading-four\" role=\"heading\" aria-level=\"2\">\n                                    Priorytety Ipsen w obszarze  chor\u00f3b rzadkich                                <\/h4>\n                                                    <\/div>\n                                                <p>Koncentrujemy nasze badania i innowacje na obszarach o najwi\u0119kszych niezaspokojonych potrzebach medycznych &#8211; wsz\u0119dzie tam, gdzie mo\u017cemy mie\u0107 realny, znacz\u0105cy wp\u0142yw na \u017cycie pacjent\u00f3w. Naszym priorytetem jest rozw\u00f3j lek\u00f3w oraz poszerzanie wiedzy naukowej w zakresie rzadkich chor\u00f3b w\u0105troby oraz endokrynologicznych zaburze\u0144 wzrostu.<\/p>\n                            <a \n                            aria-label=\" about Priorytety Ipsen w obszarze  chor\u00f3b rzadkich\"  \n                                role=\"link\" \n                                class=\"btn-link hidden\"\n                                href=\"\" \n                                target=\"_self\"\n                            > \n                                 \n                            <\/a>\n\n                    <\/div>\n                <\/div>\n            <\/div>\n        <\/div>\n    <\/div>\n<\/section>\n\n\n<section class=\"media-tabs\">\n      <div class=\"container\">\n        <div class=\"media-tabs-inner\">\n          <ul class=\"media-list-ul\">\n                              <li class=\"media-list-items\">\n                      <a class=\"media-item-link active\" href=\"https:\/\/www.ipsen.com\/poland\/choroby-rzadkie\/\">Choroby rzadkie<\/a>\n                  <\/li>\n                              <li class=\"media-list-items\">\n                      <a class=\"media-item-link \" href=\"https:\/\/www.ipsen.com\/poland\/choroby-rzadkie\/rzadkie-cholestatyczne-choroby-watroby\/\">Rzadkie cholestatyczne choroby w\u0105troby<\/a>\n                  <\/li>\n                              <li class=\"media-list-items\">\n                      <a class=\"media-item-link \" href=\"https:\/\/www.ipsen.com\/poland\/choroby-rzadkie\/endokrynologiczne-zaburzenia-wzrostu\/\">Endokrynologiczne zaburzenia wzrostu<\/a>\n                  <\/li>\n                      <\/ul>\n          <div id=\"navTabArrows\">\n              <div class=\"tab-nav-arrows\" id=\"tab-nav-prev\"><\/div>\n              <div class=\"tab-nav-arrows\" id=\"tab-nav-next\"><\/div>\n          <\/div>\n        <\/div>\n      <\/div>\n<\/section>\n\n<!-- Ipsen Content Overlay Start -->\n<section class=\"two-col-image-section\">\n    <div class=\"container two-img-section-innner\"  >\n        <div class=\"content-overlay-inner bg-color-enabled\" style=\"background-color:#EDEBE4\">\n                <!-- Ipsen Content Overlay Variation One Start -->\n                <div class=\"row \">\n                    <div class=\"col-xs-12 col-sm-12 col-md-6 column-1 \">\n                                                        <div class=\"no-carousel\">\n                                    <img decoding=\"async\" src=\"https:\/\/www.ipsen.com\/poland\/wp-content\/uploads\/sites\/30\/2026\/01\/05-04_PATIENTS_Text-and-Photos-Overlapped_Nadine-FOP-img-05-HD_NADINE.jpg\" alt=\"\">\n                                <\/div>\n                                        <\/div>\n                    <div class=\"col-xs-12 col-sm-12 col-md-6 column-2 \">\n                        <div class=\"section-content\">\n                                                                <div class=\"heading-dash\">\n                                        <span class=\"dash\"><\/span>\n                                        <h4 class=\"heading-para heading-four\">\n                                            Zaanga\u017cowanie Ipsen na rzecz pacjent\u00f3w z chorobami rzadkimi                                        <\/h4>\n                                    <\/div>\n                                                                    <p class=\"section-para \">\n                                            Osoby \u017cyj\u0105ce z chorobami rzadkimi na co dzie\u0144 mierz\u0105 si\u0119 z licznymi barierami, w tym z op\u00f3\u017anion\u0105 diagnoz\u0105 oraz op\u00f3\u017anionym lub niewystarczaj\u0105cym leczeniem. Przewlek\u0142y, post\u0119puj\u0105cy, degeneracyjny i cz\u0119sto skracaj\u0105cy \u017cycie charakter wielu chor\u00f3b rzadkich mo\u017ce mie\u0107 g\u0142\u0119boki wp\u0142yw na jako\u015b\u0107 \u017cycia pacjent\u00f3w.\r\n\r\nJeste\u015bmy zaanga\u017cowani we wspieranie pacjent\u00f3w na ka\u017cdym etapie &#8211; dzia\u0142amy na rzecz poprawy diagnostyki oraz standard\u00f3w leczenia i opieki. W tym celu wsp\u00f3\u0142pracujemy ze \u015brodowiskiem medycznym i organizacjami pacjent\u00f3w, aby wsp\u00f3lnie osi\u0105ga\u0107 lepsze efekty terapeutyczne dla chorych na choroby rzadkie.                                        <\/p>\n                                                                <a aria-label=\"\" \n                                        class=\"btn-link section-btn cta-visible\" \n                                        href=\"https:\/\/www.ipsen.com\/poland\/informacje-dla-pacjentow\/razem-dla-chorob-rzadkich\/\" \n                                        aria-label=\"\" \n                                        target=\"_self\"\n                                    >\n                                        Dowiedz si\u0119 wi\u0119cej \n                                    <\/a>\n                                                    <\/div>\n                    <\/div>\n                <\/div>\n        <!-- Ipsen Content Overlay Variation One End -->\n                <\/div>\n    <\/div>\n<\/section>\n<!-- Ipsen Content Overlay End -->\n\n<!-- Ipsen Content Overlay Start -->\n<section class=\"two-col-image-section\">\n    <div class=\"container two-img-section-innner\"  >\n        <div class=\"content-overlay-inner bg-color-enabled\" style=\"background-color:#EDEBE4\">\n                <!-- Ipsen Content Overlay Variation One Start -->\n                <div class=\"row section-bg-reverse\">\n                    <div class=\"col-xs-12 col-sm-12 col-md-6 column-1 order-2\">\n                                                        <div class=\"no-carousel\">\n                                    <img decoding=\"async\" src=\"https:\/\/www.ipsen.com\/poland\/wp-content\/uploads\/sites\/30\/2026\/01\/Our-focus-on-innovation.png\" alt=\"\">\n                                <\/div>\n                                        <\/div>\n                    <div class=\"col-xs-12 col-sm-12 col-md-6 column-2 order-1\">\n                        <div class=\"section-content\">\n                                                                <div class=\"heading-dash\">\n                                        <span class=\"dash\"><\/span>\n                                        <h4 class=\"heading-para heading-four\">\n                                            Nasze podej\u015bcie do innowacji                                        <\/h4>\n                                    <\/div>\n                                                                    <p class=\"section-para \">\n                                            Nasz\u0105 misj\u0105 jest \u0142\u0105czenie innowacyjnej nauki z popraw\u0105 wynik\u00f3w leczenia os\u00f3b cierpi\u0105cych na choroby rzadkie. Koncentrujemy si\u0119 na nowych opcjach terapeutycznych, kt\u00f3re odpowiadaj\u0105 na niezaspokojone potrzeby pacjent\u00f3w i lekarzy. Inwestujemy nasz czas i zasoby w badanie lek\u00f3w o odmiennym mechanizmie dzia\u0142ania, kt\u00f3re maj\u0105 potencja\u0142 realnie zmienia\u0107 \u017cycie &#8211; spowalnia\u0107 lub modyfikowa\u0107 przebieg choroby oraz przynosi\u0107 ulg\u0119 w b\u00f3lu i cierpieniu zwi\u0105zanym z wyniszczaj\u0105cymi objawami.                                        <\/p>\n                                                                <a aria-label=\"\" \n                                        class=\"btn-link section-btn cta-visible\" \n                                        href=\"https:\/\/www.ipsen.com\/science\/pipeline\/\" \n                                        aria-label=\"\" \n                                        target=\"_blank\"\n                                    >\n                                        Dowiedz si\u0119 wi\u0119cej \n                                    <\/a>\n                                                    <\/div>\n                    <\/div>\n                <\/div>\n        <!-- Ipsen Content Overlay Variation One End -->\n                <\/div>\n    <\/div>\n<\/section>\n<!-- Ipsen Content Overlay End -->","protected":false},"excerpt":{"rendered":"","protected":false},"author":62,"featured_media":0,"parent":0,"menu_order":0,"comment_status":"closed","ping_status":"closed","template":"","meta":{"_acf_changed":false,"footnotes":""},"class_list":["post-88","page","type-page","status-publish","hentry","entry"],"acf":[],"yoast_head":"<!-- This site is optimized with the Yoast SEO plugin v26.8 - https:\/\/yoast.com\/product\/yoast-seo-wordpress\/ -->\n<title>Choroby rzadkie - Poland<\/title>\n<meta name=\"robots\" content=\"index, follow, max-snippet:-1, max-image-preview:large, max-video-preview:-1\" \/>\n<link rel=\"canonical\" href=\"https:\/\/www.ipsen.com\/poland\/choroby-rzadkie\/\" \/>\n<meta property=\"og:locale\" content=\"pl_PL\" \/>\n<meta property=\"og:type\" content=\"article\" \/>\n<meta property=\"og:title\" content=\"Choroby rzadkie - Poland\" \/>\n<meta property=\"og:url\" content=\"https:\/\/www.ipsen.com\/poland\/choroby-rzadkie\/\" \/>\n<meta property=\"og:site_name\" content=\"Poland\" \/>\n<meta property=\"article:modified_time\" content=\"2026-02-19T10:49:05+00:00\" \/>\n<meta name=\"twitter:card\" content=\"summary_large_image\" \/>\n<script type=\"application\/ld+json\" class=\"yoast-schema-graph\">{\"@context\":\"https:\/\/schema.org\",\"@graph\":[{\"@type\":\"WebPage\",\"@id\":\"https:\/\/www.ipsen.com\/poland\/choroby-rzadkie\/\",\"url\":\"https:\/\/www.ipsen.com\/poland\/choroby-rzadkie\/\",\"name\":\"Choroby rzadkie - Poland\",\"isPartOf\":{\"@id\":\"https:\/\/www.ipsen.com\/poland\/#website\"},\"datePublished\":\"2025-11-18T09:23:19+00:00\",\"dateModified\":\"2026-02-19T10:49:05+00:00\",\"breadcrumb\":{\"@id\":\"https:\/\/www.ipsen.com\/poland\/choroby-rzadkie\/#breadcrumb\"},\"inLanguage\":\"pl-PL\",\"potentialAction\":[{\"@type\":\"ReadAction\",\"target\":[\"https:\/\/www.ipsen.com\/poland\/choroby-rzadkie\/\"]}]},{\"@type\":\"BreadcrumbList\",\"@id\":\"https:\/\/www.ipsen.com\/poland\/choroby-rzadkie\/#breadcrumb\",\"itemListElement\":[{\"@type\":\"ListItem\",\"position\":1,\"name\":\"Home\",\"item\":\"https:\/\/www.ipsen.com\/poland\/\"},{\"@type\":\"ListItem\",\"position\":2,\"name\":\"Choroby rzadkie\"}]},{\"@type\":\"WebSite\",\"@id\":\"https:\/\/www.ipsen.com\/poland\/#website\",\"url\":\"https:\/\/www.ipsen.com\/poland\/\",\"name\":\"Poland\",\"description\":\"\",\"publisher\":{\"@id\":\"https:\/\/www.ipsen.com\/poland\/#organization\"},\"potentialAction\":[{\"@type\":\"SearchAction\",\"target\":{\"@type\":\"EntryPoint\",\"urlTemplate\":\"https:\/\/www.ipsen.com\/poland\/?s={search_term_string}\"},\"query-input\":{\"@type\":\"PropertyValueSpecification\",\"valueRequired\":true,\"valueName\":\"search_term_string\"}}],\"inLanguage\":\"pl-PL\"},{\"@type\":\"Organization\",\"@id\":\"https:\/\/www.ipsen.com\/poland\/#organization\",\"name\":\"Poland\",\"url\":\"https:\/\/www.ipsen.com\/poland\/\",\"logo\":{\"@type\":\"ImageObject\",\"inLanguage\":\"pl-PL\",\"@id\":\"https:\/\/www.ipsen.com\/poland\/#\/schema\/logo\/image\/\",\"url\":\"https:\/\/www.ipsen.com\/poland\/wp-content\/uploads\/sites\/30\/2025\/10\/Logo-Ipsen-new.svg\",\"contentUrl\":\"https:\/\/www.ipsen.com\/poland\/wp-content\/uploads\/sites\/30\/2025\/10\/Logo-Ipsen-new.svg\",\"caption\":\"Poland\"},\"image\":{\"@id\":\"https:\/\/www.ipsen.com\/poland\/#\/schema\/logo\/image\/\"}}]}<\/script>\n<!-- \/ Yoast SEO plugin. -->","yoast_head_json":{"title":"Choroby rzadkie - Poland","robots":{"index":"index","follow":"follow","max-snippet":"max-snippet:-1","max-image-preview":"max-image-preview:large","max-video-preview":"max-video-preview:-1"},"canonical":"https:\/\/www.ipsen.com\/poland\/choroby-rzadkie\/","og_locale":"pl_PL","og_type":"article","og_title":"Choroby rzadkie - Poland","og_url":"https:\/\/www.ipsen.com\/poland\/choroby-rzadkie\/","og_site_name":"Poland","article_modified_time":"2026-02-19T10:49:05+00:00","twitter_card":"summary_large_image","schema":{"@context":"https:\/\/schema.org","@graph":[{"@type":"WebPage","@id":"https:\/\/www.ipsen.com\/poland\/choroby-rzadkie\/","url":"https:\/\/www.ipsen.com\/poland\/choroby-rzadkie\/","name":"Choroby rzadkie - Poland","isPartOf":{"@id":"https:\/\/www.ipsen.com\/poland\/#website"},"datePublished":"2025-11-18T09:23:19+00:00","dateModified":"2026-02-19T10:49:05+00:00","breadcrumb":{"@id":"https:\/\/www.ipsen.com\/poland\/choroby-rzadkie\/#breadcrumb"},"inLanguage":"pl-PL","potentialAction":[{"@type":"ReadAction","target":["https:\/\/www.ipsen.com\/poland\/choroby-rzadkie\/"]}]},{"@type":"BreadcrumbList","@id":"https:\/\/www.ipsen.com\/poland\/choroby-rzadkie\/#breadcrumb","itemListElement":[{"@type":"ListItem","position":1,"name":"Home","item":"https:\/\/www.ipsen.com\/poland\/"},{"@type":"ListItem","position":2,"name":"Choroby rzadkie"}]},{"@type":"WebSite","@id":"https:\/\/www.ipsen.com\/poland\/#website","url":"https:\/\/www.ipsen.com\/poland\/","name":"Poland","description":"","publisher":{"@id":"https:\/\/www.ipsen.com\/poland\/#organization"},"potentialAction":[{"@type":"SearchAction","target":{"@type":"EntryPoint","urlTemplate":"https:\/\/www.ipsen.com\/poland\/?s={search_term_string}"},"query-input":{"@type":"PropertyValueSpecification","valueRequired":true,"valueName":"search_term_string"}}],"inLanguage":"pl-PL"},{"@type":"Organization","@id":"https:\/\/www.ipsen.com\/poland\/#organization","name":"Poland","url":"https:\/\/www.ipsen.com\/poland\/","logo":{"@type":"ImageObject","inLanguage":"pl-PL","@id":"https:\/\/www.ipsen.com\/poland\/#\/schema\/logo\/image\/","url":"https:\/\/www.ipsen.com\/poland\/wp-content\/uploads\/sites\/30\/2025\/10\/Logo-Ipsen-new.svg","contentUrl":"https:\/\/www.ipsen.com\/poland\/wp-content\/uploads\/sites\/30\/2025\/10\/Logo-Ipsen-new.svg","caption":"Poland"},"image":{"@id":"https:\/\/www.ipsen.com\/poland\/#\/schema\/logo\/image\/"}}]}},"parsely":{"version":"1.1.0","canonical_url":"https:\/\/ipsen.com\/poland\/choroby-rzadkie\/","smart_links":{"inbound":0,"outbound":0},"traffic_boost_suggestions_count":0,"meta":{"@context":"https:\/\/schema.org","@type":"WebPage","headline":"Choroby rzadkie","url":"http:\/\/www.ipsen.com\/poland\/choroby-rzadkie\/","mainEntityOfPage":{"@type":"WebPage","@id":"http:\/\/www.ipsen.com\/poland\/choroby-rzadkie\/"},"thumbnailUrl":"","image":{"@type":"ImageObject","url":""},"articleSection":"Bez kategorii","author":[{"@type":"Person","name":"beven"}],"creator":["beven"],"publisher":{"@type":"Organization","name":"Poland","logo":""},"keywords":[],"dateCreated":"2025-11-18T09:23:19Z","datePublished":"2025-11-18T09:23:19Z","dateModified":"2026-02-19T10:49:05Z"},"rendered":"<script type=\"application\/ld+json\" class=\"wp-parsely-metadata\">{\"@context\":\"https:\\\/\\\/schema.org\",\"@type\":\"WebPage\",\"headline\":\"Choroby rzadkie\",\"url\":\"http:\\\/\\\/www.ipsen.com\\\/poland\\\/choroby-rzadkie\\\/\",\"mainEntityOfPage\":{\"@type\":\"WebPage\",\"@id\":\"http:\\\/\\\/www.ipsen.com\\\/poland\\\/choroby-rzadkie\\\/\"},\"thumbnailUrl\":\"\",\"image\":{\"@type\":\"ImageObject\",\"url\":\"\"},\"articleSection\":\"Bez kategorii\",\"author\":[{\"@type\":\"Person\",\"name\":\"beven\"}],\"creator\":[\"beven\"],\"publisher\":{\"@type\":\"Organization\",\"name\":\"Poland\",\"logo\":\"\"},\"keywords\":[],\"dateCreated\":\"2025-11-18T09:23:19Z\",\"datePublished\":\"2025-11-18T09:23:19Z\",\"dateModified\":\"2026-02-19T10:49:05Z\"}<\/script>","tracker_url":"https:\/\/cdn.parsely.com\/keys\/ipsen.com\/p.js"},"_links":{"self":[{"href":"https:\/\/www.ipsen.com\/poland\/wp-json\/wp\/v2\/pages\/88","targetHints":{"allow":["GET"]}}],"collection":[{"href":"https:\/\/www.ipsen.com\/poland\/wp-json\/wp\/v2\/pages"}],"about":[{"href":"https:\/\/www.ipsen.com\/poland\/wp-json\/wp\/v2\/types\/page"}],"author":[{"embeddable":true,"href":"https:\/\/www.ipsen.com\/poland\/wp-json\/wp\/v2\/users\/62"}],"replies":[{"embeddable":true,"href":"https:\/\/www.ipsen.com\/poland\/wp-json\/wp\/v2\/comments?post=88"}],"version-history":[{"count":12,"href":"https:\/\/www.ipsen.com\/poland\/wp-json\/wp\/v2\/pages\/88\/revisions"}],"predecessor-version":[{"id":190,"href":"https:\/\/www.ipsen.com\/poland\/wp-json\/wp\/v2\/pages\/88\/revisions\/190"}],"wp:attachment":[{"href":"https:\/\/www.ipsen.com\/poland\/wp-json\/wp\/v2\/media?parent=88"}],"curies":[{"name":"wp","href":"https:\/\/api.w.org\/{rel}","templated":true}]}}