{"id":79,"date":"2025-11-18T10:49:16","date_gmt":"2025-11-18T08:49:16","guid":{"rendered":"https:\/\/www.ipsen.com\/poland\/?page_id=79"},"modified":"2026-02-16T12:05:49","modified_gmt":"2026-02-16T10:05:49","slug":"nasza-historia","status":"publish","type":"page","link":"https:\/\/www.ipsen.com\/poland\/nasza-historia\/","title":{"rendered":"Nasza historia"},"content":{"rendered":"    <section class=\"sub-page-banner bg-img\" style=\"background-image:url(https:\/\/www.ipsen.com\/poland\/wp-content\/uploads\/sites\/30\/2026\/01\/Company-History.jpg)\">\n        <div class=\"container content-sec\">\n            <nav aria-label=\"breadcrumb\">\n            <ol class=\"breadcrumb\">\n                <li class=\"breadcrumb-item\"><a href=\"https:\/\/www.ipsen.com\/poland\">Strona g\u0142\u00f3wna<\/a><\/li><li class=\"breadcrumb-item visible\"><a href=\"https:\/\/www.ipsen.com\/poland\/ipsen-w-polsce\/\">Ipsen w Polsce<\/a><\/li><li class=\"breadcrumb-item active\"><a class=\"link-pointer-events-none\" href=\"#\" aria-current=\"page\">Nasza historia<\/a><\/li><\/ol>\n            <\/nav>            <h1 class=\"visible\">Nasza historia<\/h1>\n            <p class=\"visible\">Ponad 30 lat do\u015bwiadczenia w dzia\u0142aniu na rzecz pacjent\u00f3w w obszarach o wysokich, niezaspokojonych potrzebach medycznych <br> w Polsce.<\/p>\n        <\/div>\n    <\/section>\n\n\n    <section class=\"title-text \">\n        <div class=\"container\">\n            <div class=\"title-text-inner\" style=\"background-color:#EDEBE4;\">\n\n                <!-- If heading is enabled then it's visible -->\n                <div class=\"text-head-dash hidden\">\n                <h3 class=\"heading-three\" role=\"heading\" aria-level=\"2\">\n                                            <\/h3>\n                <\/div>\n               \n                <!-- If description is enabled then it's visible -->\n                <div class=\"text-parbase visible\">\n                    <p>Ipsen istnieje w Polsce od 1993 roku. Jeste\u015bmy jedn\u0105 z pierwszych globalnych firm farmaceutycznych, kt\u00f3re rozpocz\u0119\u0142y dzia\u0142alno\u015b\u0107 w Polsce po transformacji ustrojowej. Od tego czasu firma wielokrotnie zmienia\u0142a struktur\u0119, jednak\u017ce nasza misja, cel i warto\u015bci pozostaj\u0105 sp\u00f3jne.<\/p>\n                <\/div>\n\n                <!-- If button is enabled then it's visible -->\n                                        <div class=\"btn-txt\">\n                            <a \n                                aria-label=\"\" \n                                class=\"btn-link section-btn cta-visible\"  \n                                role=\"link\"\n                                href=\"https:\/\/www.ipsen.com\/poland\/ipsen-w-polsce\/\" target=\"_self\">\n                                Dowiedz si\u0119 wi\u0119cej                            <\/a>\n                        <\/div>\n                \n            <\/div>\n        <\/div>\n    <\/section>\n\n\n<!-- Text & Media Block Code -->\n<section class=\"two-col-section text-media-section\">\n    <div class=\"container two-section-innner \">\n        <div class=\"response-inner\" style=\"background-image: url('')\">\n            <div class=\"row \">\n                <div class=\"col-xs-12 col-sm-12 col-md-6\">\n                                                    <div class=\"img-video-section\">\n                                <img decoding=\"async\" \n                                    src=\"https:\/\/www.ipsen.com\/poland\/wp-content\/uploads\/sites\/30\/2026\/01\/WHIH-Obraz-1.jpg\" \n                                    alt=\"\" \n                                >\n                            <\/div>\n                                        <\/div>\n                <div class=\" col-xs-12 col-sm-12 col-md-6\">\n                    <div class=\"section-content\">\n                        <div class=\"heading-dash\">\n                                                            <span class=\"dash\"><\/span>\n                                <h4 class=\"heading-para heading-four\" role=\"heading\" aria-level=\"2\">\n                                    Ipsen Poland partnerem Warsaw Health Innovation Hub                                <\/h4>\n                                                    <\/div>\n                                                <p>9 stycznia 2023 roku do\u0142\u0105czyli\u015bmy do grona partner\u00f3w Warsaw Health Innovation Hub &#8211; uniklanego na skal\u0119 Europy \u015arodkowej wsp\u00f3lnego projektu Agencji Bada\u0144 Medycznych oraz wiod\u0105cych podmiot\u00f3w z sektora zdrowia, farmacji i biotechnologii.<\/p>\n                            <a \n                            aria-label=\"Dowiedz si\u0119 wi\u0119cej o naszych partnerstwach about Ipsen Poland partnerem Warsaw Health Innovation Hub\"  \n                                role=\"link\" \n                                class=\"btn-link section-btn cta-visible\"\n                                href=\"https:\/\/www.ipsen.com\/poland\/partnerstwo\/\" \n                                target=\"_self\"\n                            > \n                                Dowiedz si\u0119 wi\u0119cej o naszych partnerstwach \n                            <\/a>\n\n                    <\/div>\n                <\/div>\n            <\/div>\n        <\/div>\n    <\/div>\n<\/section>","protected":false},"excerpt":{"rendered":"","protected":false},"author":62,"featured_media":0,"parent":0,"menu_order":0,"comment_status":"closed","ping_status":"closed","template":"","meta":{"_acf_changed":false,"footnotes":""},"class_list":["post-79","page","type-page","status-publish","hentry","entry"],"acf":[],"yoast_head":"<!-- This site is optimized with the Yoast SEO plugin v26.8 - https:\/\/yoast.com\/product\/yoast-seo-wordpress\/ -->\n<title>Nasza historia - Poland<\/title>\n<meta name=\"robots\" content=\"index, follow, max-snippet:-1, max-image-preview:large, max-video-preview:-1\" \/>\n<link rel=\"canonical\" href=\"https:\/\/www.ipsen.com\/poland\/nasza-historia\/\" \/>\n<meta property=\"og:locale\" content=\"pl_PL\" \/>\n<meta property=\"og:type\" content=\"article\" \/>\n<meta property=\"og:title\" content=\"Nasza historia - Poland\" \/>\n<meta property=\"og:url\" content=\"https:\/\/www.ipsen.com\/poland\/nasza-historia\/\" \/>\n<meta property=\"og:site_name\" content=\"Poland\" \/>\n<meta property=\"article:modified_time\" content=\"2026-02-16T10:05:49+00:00\" \/>\n<meta name=\"twitter:card\" content=\"summary_large_image\" \/>\n<script type=\"application\/ld+json\" class=\"yoast-schema-graph\">{\"@context\":\"https:\/\/schema.org\",\"@graph\":[{\"@type\":\"WebPage\",\"@id\":\"https:\/\/www.ipsen.com\/poland\/nasza-historia\/\",\"url\":\"https:\/\/www.ipsen.com\/poland\/nasza-historia\/\",\"name\":\"Nasza historia - Poland\",\"isPartOf\":{\"@id\":\"https:\/\/www.ipsen.com\/poland\/#website\"},\"datePublished\":\"2025-11-18T08:49:16+00:00\",\"dateModified\":\"2026-02-16T10:05:49+00:00\",\"breadcrumb\":{\"@id\":\"https:\/\/www.ipsen.com\/poland\/nasza-historia\/#breadcrumb\"},\"inLanguage\":\"pl-PL\",\"potentialAction\":[{\"@type\":\"ReadAction\",\"target\":[\"https:\/\/www.ipsen.com\/poland\/nasza-historia\/\"]}]},{\"@type\":\"BreadcrumbList\",\"@id\":\"https:\/\/www.ipsen.com\/poland\/nasza-historia\/#breadcrumb\",\"itemListElement\":[{\"@type\":\"ListItem\",\"position\":1,\"name\":\"Home\",\"item\":\"https:\/\/www.ipsen.com\/poland\/\"},{\"@type\":\"ListItem\",\"position\":2,\"name\":\"Nasza historia\"}]},{\"@type\":\"WebSite\",\"@id\":\"https:\/\/www.ipsen.com\/poland\/#website\",\"url\":\"https:\/\/www.ipsen.com\/poland\/\",\"name\":\"Poland\",\"description\":\"\",\"publisher\":{\"@id\":\"https:\/\/www.ipsen.com\/poland\/#organization\"},\"potentialAction\":[{\"@type\":\"SearchAction\",\"target\":{\"@type\":\"EntryPoint\",\"urlTemplate\":\"https:\/\/www.ipsen.com\/poland\/?s={search_term_string}\"},\"query-input\":{\"@type\":\"PropertyValueSpecification\",\"valueRequired\":true,\"valueName\":\"search_term_string\"}}],\"inLanguage\":\"pl-PL\"},{\"@type\":\"Organization\",\"@id\":\"https:\/\/www.ipsen.com\/poland\/#organization\",\"name\":\"Poland\",\"url\":\"https:\/\/www.ipsen.com\/poland\/\",\"logo\":{\"@type\":\"ImageObject\",\"inLanguage\":\"pl-PL\",\"@id\":\"https:\/\/www.ipsen.com\/poland\/#\/schema\/logo\/image\/\",\"url\":\"https:\/\/www.ipsen.com\/poland\/wp-content\/uploads\/sites\/30\/2025\/10\/Logo-Ipsen-new.svg\",\"contentUrl\":\"https:\/\/www.ipsen.com\/poland\/wp-content\/uploads\/sites\/30\/2025\/10\/Logo-Ipsen-new.svg\",\"caption\":\"Poland\"},\"image\":{\"@id\":\"https:\/\/www.ipsen.com\/poland\/#\/schema\/logo\/image\/\"}}]}<\/script>\n<!-- \/ Yoast SEO plugin. -->","yoast_head_json":{"title":"Nasza historia - Poland","robots":{"index":"index","follow":"follow","max-snippet":"max-snippet:-1","max-image-preview":"max-image-preview:large","max-video-preview":"max-video-preview:-1"},"canonical":"https:\/\/www.ipsen.com\/poland\/nasza-historia\/","og_locale":"pl_PL","og_type":"article","og_title":"Nasza historia - Poland","og_url":"https:\/\/www.ipsen.com\/poland\/nasza-historia\/","og_site_name":"Poland","article_modified_time":"2026-02-16T10:05:49+00:00","twitter_card":"summary_large_image","schema":{"@context":"https:\/\/schema.org","@graph":[{"@type":"WebPage","@id":"https:\/\/www.ipsen.com\/poland\/nasza-historia\/","url":"https:\/\/www.ipsen.com\/poland\/nasza-historia\/","name":"Nasza historia - Poland","isPartOf":{"@id":"https:\/\/www.ipsen.com\/poland\/#website"},"datePublished":"2025-11-18T08:49:16+00:00","dateModified":"2026-02-16T10:05:49+00:00","breadcrumb":{"@id":"https:\/\/www.ipsen.com\/poland\/nasza-historia\/#breadcrumb"},"inLanguage":"pl-PL","potentialAction":[{"@type":"ReadAction","target":["https:\/\/www.ipsen.com\/poland\/nasza-historia\/"]}]},{"@type":"BreadcrumbList","@id":"https:\/\/www.ipsen.com\/poland\/nasza-historia\/#breadcrumb","itemListElement":[{"@type":"ListItem","position":1,"name":"Home","item":"https:\/\/www.ipsen.com\/poland\/"},{"@type":"ListItem","position":2,"name":"Nasza historia"}]},{"@type":"WebSite","@id":"https:\/\/www.ipsen.com\/poland\/#website","url":"https:\/\/www.ipsen.com\/poland\/","name":"Poland","description":"","publisher":{"@id":"https:\/\/www.ipsen.com\/poland\/#organization"},"potentialAction":[{"@type":"SearchAction","target":{"@type":"EntryPoint","urlTemplate":"https:\/\/www.ipsen.com\/poland\/?s={search_term_string}"},"query-input":{"@type":"PropertyValueSpecification","valueRequired":true,"valueName":"search_term_string"}}],"inLanguage":"pl-PL"},{"@type":"Organization","@id":"https:\/\/www.ipsen.com\/poland\/#organization","name":"Poland","url":"https:\/\/www.ipsen.com\/poland\/","logo":{"@type":"ImageObject","inLanguage":"pl-PL","@id":"https:\/\/www.ipsen.com\/poland\/#\/schema\/logo\/image\/","url":"https:\/\/www.ipsen.com\/poland\/wp-content\/uploads\/sites\/30\/2025\/10\/Logo-Ipsen-new.svg","contentUrl":"https:\/\/www.ipsen.com\/poland\/wp-content\/uploads\/sites\/30\/2025\/10\/Logo-Ipsen-new.svg","caption":"Poland"},"image":{"@id":"https:\/\/www.ipsen.com\/poland\/#\/schema\/logo\/image\/"}}]}},"parsely":{"version":"1.1.0","canonical_url":"https:\/\/ipsen.com\/poland\/nasza-historia\/","smart_links":{"inbound":0,"outbound":0},"traffic_boost_suggestions_count":0,"meta":{"@context":"https:\/\/schema.org","@type":"WebPage","headline":"Nasza historia","url":"http:\/\/www.ipsen.com\/poland\/nasza-historia\/","mainEntityOfPage":{"@type":"WebPage","@id":"http:\/\/www.ipsen.com\/poland\/nasza-historia\/"},"thumbnailUrl":"","image":{"@type":"ImageObject","url":""},"articleSection":"Bez kategorii","author":[{"@type":"Person","name":"beven"}],"creator":["beven"],"publisher":{"@type":"Organization","name":"Poland","logo":""},"keywords":[],"dateCreated":"2025-11-18T08:49:16Z","datePublished":"2025-11-18T08:49:16Z","dateModified":"2026-02-16T10:05:49Z"},"rendered":"<script type=\"application\/ld+json\" class=\"wp-parsely-metadata\">{\"@context\":\"https:\\\/\\\/schema.org\",\"@type\":\"WebPage\",\"headline\":\"Nasza historia\",\"url\":\"http:\\\/\\\/www.ipsen.com\\\/poland\\\/nasza-historia\\\/\",\"mainEntityOfPage\":{\"@type\":\"WebPage\",\"@id\":\"http:\\\/\\\/www.ipsen.com\\\/poland\\\/nasza-historia\\\/\"},\"thumbnailUrl\":\"\",\"image\":{\"@type\":\"ImageObject\",\"url\":\"\"},\"articleSection\":\"Bez kategorii\",\"author\":[{\"@type\":\"Person\",\"name\":\"beven\"}],\"creator\":[\"beven\"],\"publisher\":{\"@type\":\"Organization\",\"name\":\"Poland\",\"logo\":\"\"},\"keywords\":[],\"dateCreated\":\"2025-11-18T08:49:16Z\",\"datePublished\":\"2025-11-18T08:49:16Z\",\"dateModified\":\"2026-02-16T10:05:49Z\"}<\/script>","tracker_url":"https:\/\/cdn.parsely.com\/keys\/ipsen.com\/p.js"},"_links":{"self":[{"href":"https:\/\/www.ipsen.com\/poland\/wp-json\/wp\/v2\/pages\/79","targetHints":{"allow":["GET"]}}],"collection":[{"href":"https:\/\/www.ipsen.com\/poland\/wp-json\/wp\/v2\/pages"}],"about":[{"href":"https:\/\/www.ipsen.com\/poland\/wp-json\/wp\/v2\/types\/page"}],"author":[{"embeddable":true,"href":"https:\/\/www.ipsen.com\/poland\/wp-json\/wp\/v2\/users\/62"}],"replies":[{"embeddable":true,"href":"https:\/\/www.ipsen.com\/poland\/wp-json\/wp\/v2\/comments?post=79"}],"version-history":[{"count":6,"href":"https:\/\/www.ipsen.com\/poland\/wp-json\/wp\/v2\/pages\/79\/revisions"}],"predecessor-version":[{"id":860,"href":"https:\/\/www.ipsen.com\/poland\/wp-json\/wp\/v2\/pages\/79\/revisions\/860"}],"wp:attachment":[{"href":"https:\/\/www.ipsen.com\/poland\/wp-json\/wp\/v2\/media?parent=79"}],"curies":[{"name":"wp","href":"https:\/\/api.w.org\/{rel}","templated":true}]}}