{"id":71,"date":"2025-11-18T10:31:52","date_gmt":"2025-11-18T08:31:52","guid":{"rendered":"https:\/\/www.ipsen.com\/poland\/?page_id=71"},"modified":"2026-02-19T13:30:26","modified_gmt":"2026-02-19T11:30:26","slug":"zglos-dzialanie-niepozadane","status":"publish","type":"page","link":"https:\/\/www.ipsen.com\/poland\/zglos-dzialanie-niepozadane\/","title":{"rendered":"Zg\u0142o\u015b dzia\u0142anie niepo\u017c\u0105dane"},"content":{"rendered":"    <section class=\"sub-page-banner bg-color-enabled  banner-no-filter\" style=\"background: linear-gradient(93.64deg, #224A81 2.99%, #2797D3 97.01%)\">\n                <div class=\"container content-sec\">\n            <nav aria-label=\"breadcrumb\">\n            <ol class=\"breadcrumb\">\n                <li class=\"breadcrumb-item\"><a href=\"https:\/\/www.ipsen.com\/poland\">Strona g\u0142\u00f3wna<\/a><\/li><li class=\"breadcrumb-item active\"><a href=\"#\" aria-current=\"page\">Kontakt &#8211; Zg\u0142o\u015b dzia\u0142anie niepo\u017c\u0105dane<\/a><\/li><\/ol>\n            <\/nav>            <h1 class=\"visible banner-font-color-white\">Zg\u0142o\u015b dzia\u0142anie niepo\u017c\u0105dane<\/h1>\n            <p class=\"hidden banner-font-color-white\"><\/p>\n        <\/div>\n    <\/section>\n\n\n\n\n<!--Alert Card Layout Start Here-->\n<section class=\"alertcard-section\">\n      <div class=\"container\">\n        <!--Alert Box HTML Start Here-->\n        <div class=\"alert-box warning-box\">\n                    <div class=\"info-icon\">\n              <span class=\"info-circle\"><img decoding=\"async\" src=\"https:\/\/www.ipsen.com\/poland\/wp-content\/themes\/ipsen-main\/dist\/images\/alert-warning-icon.png\" alt=\"Alert\"\/><\/i>\n            <\/div>\n                    <div class=\"info-contents\">\n          <h4 role=\"heading\" aria-level=\"2\" class=\"info-head heading-four heading-four\">ZG\u0141ASZANIE dzia\u0142a\u0144 niepo\u017c\u0105danych, reklamacji jako\u015bciowych i zapyta\u0144 medycznych.<\/h4>\n            <p class=\"info-sub-head-para hidden heading-para\"><\/p>\n            <div class=\"alert-content visible\"><p>W celu zg\u0142oszenia dzia\u0142ania niepo\u017c\u0105danego mo\u017cna wybra\u0107 jedn\u0105 z poni\u017cszych opcji:<\/p>\n<ol>\n<li>zg\u0142oszenie w formie mailowej na adres poczty elektronicznej: <strong><a href=\"mailto:pharmacovigilance.poland@ipsen.com\">pharmacovigilance.poland@ipsen.com<\/a><\/strong><\/li>\n<li>zg\u0142oszenie za pomoc\u0105 formularza zg\u0142oszenia dzia\u0142ania niepo\u017c\u0105danego (w j\u0119zyku angielskim) dost\u0119pnego pod linkiem: <strong><a href=\"https:\/\/www.ipsenmedicalinformation.com\/report-an-adverse-event\/europe\/poland\/\" target=\"_blank\" rel=\"noopener\">Report an adverse event | Ipsen Global Medical Information (GMI)<\/a><\/strong><\/li>\n<li>zg\u0142oszenie bezpo\u015brednio do Departamentu Monitorowania Niepo\u017c\u0105danych Dzia\u0142a\u0144 Produkt\u00f3w Leczniczych Urz\u0119du Rejestracji Produkt\u00f3w Leczniczych, Wyrob\u00f3w Medycznych i Produkt\u00f3w Biob\u00f3jczych<br \/>\nAl. Jerozolimskie 181C PL-02 222 Warszawa<br \/>\ntel.: + 48 22 49 21 301<br \/>\nfaks: + 48 22 49 21 309<br \/>\n<a href=\"https:\/\/smz2.ezdrowie.gov.pl\" target=\"_blank\" rel=\"noopener\"><strong>https:\/\/smz2.ezdrowie.gov.pl<\/strong><\/a><\/li>\n<\/ol>\n<p>W celu zg\u0142oszenia reklamacji jako\u015bciowej produktu leczniczego nale\u017cy wybra\u0107 jedn\u0105 z poni\u017cszych opcji:<\/p>\n<ol>\n<li>u\u017cy\u0107 adresu poczty elektronicznej: <strong><a href=\"mailto:jakosc@ipsen.com\">jakosc@ipsen.com<\/a><\/strong><\/li>\n<li>u\u017cy\u0107 formularza reklamacji (w j\u0119zyku angielskim) znajduj\u0105cego si\u0119 pod linkiem<br \/>\n<strong><a href=\"https:\/\/www.ipsenmedicalinformation.com\/report-a-product-complaint\/europe\/poland\/\" target=\"_blank\" rel=\"noopener\">Report a product complaint | Ipsen Global Medical Information (GMI)<\/a><\/strong><\/li>\n<\/ol>\n<p>W celu z\u0142o\u017cenia zapytania medycznego dotycz\u0105cego produkt\u00f3w leczniczych Ipsen, nale\u017cy wybra\u0107 jedn\u0105 z poni\u017cszych opcji:<\/p>\n<ol>\n<li>u\u017cy\u0107 adresu poczty elektronicznej: <strong><a href=\"mailto:medinfo-poland@ipsen.com\">medinfo-poland@ipsen.com<\/a><\/strong><\/li>\n<li>u\u017cy\u0107 formularza zapytania medycznego (w j\u0119zyku angielskim) znaj\u0105duj\u0105cego si\u0119 pod linkiem: <strong><a href=\"https:\/\/www.ipsenmedicalinformation.com\/ask-a-medical-information-question\/europe\/poland\/\" target=\"_blank\" rel=\"noopener\">Ask a medical information question | Ipsen Global Medical Information<\/a><\/strong><\/li>\n<\/ol>\n<\/div>\n          <\/div>\n        <\/div>\n        <!--Alert Box HTML Start Here-->\n      <\/div>\n    <\/section>\n<!--Alert Card Layout End Here-->\n\n\n\n    <div class=\"container tab-pane-container\" >\n        <section class=\"profile-card\">\n            <div class=\"profile-slim-listing\">\n    <div class=\"container slim-listing-container\">\n        <h3 role=\"heading\" aria-level=\"2\" class=\"profile-head hidden heading-three\"><\/h3>\n        <p class=\"profile-summary visible\">Dzia\u0142ania niepo\u017c\u0105dane mo\u017cna r\u00f3wnie\u017c zg\u0142asza\u0107 bezpo\u015brednio do lokalnego zespo\u0142u ds. bezpiecze\u0144stwa Ipsen, korzystaj\u0105c z danych kontaktowych podanych na poni\u017cszej li\u015bcie.<\/p>\n        \n        <div class=\"slim-lisitng \">\n                        <div class=\"row \">\n                <!-- slim profile card -->\n                                        <div class=\"col-lg-4 col-md-6 col-sm-12\">\n                            <div class=\"profile-slim-card\">\n                                <div class=\"profile-slim-card-inner\">\n\n                                     \n                                            <h4 class=\"profile-head\" role=\"heading\" aria-level=\"4\">Ipsen Polska<\/h4>\n                                     \n\n                                                                                <p class=\"profile-email\">\n                                                <a href=\"mailto:pharmacovigilance.poland@ipsen.com\">pharmacovigilance.poland@ipsen.com<\/a>\n                                            <\/p>\n                                                \n                                    <p class=\"profile-designation \"> <\/p>\n                                <\/div>\n                            <\/div>\n                        <\/div>\n                                        <div class=\"col-lg-4 col-md-6 col-sm-12\">\n                            <div class=\"profile-slim-card\">\n                                <div class=\"profile-slim-card-inner\">\n\n                                     \n                                            <h4 class=\"profile-head\" role=\"heading\" aria-level=\"4\">Ipsen Global<\/h4>\n                                     \n\n                                                                                <p class=\"profile-email\">\n                                                <a href=\"mailto:adverse.events@ipsen.com\">adverse.events@ipsen.com<\/a>\n                                            <\/p>\n                                                \n                                    <p class=\"profile-designation \"> <\/p>\n                                <\/div>\n                            <\/div>\n                        <\/div>\n                            <\/div>\n        <\/div>\n    <\/div>\n<\/div>        <\/section>\n    <\/div>\n\n","protected":false},"excerpt":{"rendered":"","protected":false},"author":62,"featured_media":0,"parent":0,"menu_order":0,"comment_status":"closed","ping_status":"closed","template":"","meta":{"_acf_changed":false,"footnotes":""},"class_list":["post-71","page","type-page","status-publish","hentry","entry"],"acf":[],"yoast_head":"<!-- This site is optimized with the Yoast SEO plugin v26.8 - https:\/\/yoast.com\/product\/yoast-seo-wordpress\/ -->\n<title>Zg\u0142o\u015b dzia\u0142anie niepo\u017c\u0105dane - Poland<\/title>\n<meta name=\"robots\" content=\"index, follow, max-snippet:-1, max-image-preview:large, max-video-preview:-1\" \/>\n<link rel=\"canonical\" href=\"https:\/\/www.ipsen.com\/poland\/zglos-dzialanie-niepozadane\/\" \/>\n<meta property=\"og:locale\" content=\"pl_PL\" \/>\n<meta property=\"og:type\" content=\"article\" \/>\n<meta property=\"og:title\" content=\"Zg\u0142o\u015b dzia\u0142anie niepo\u017c\u0105dane - Poland\" \/>\n<meta property=\"og:url\" content=\"https:\/\/www.ipsen.com\/poland\/zglos-dzialanie-niepozadane\/\" \/>\n<meta property=\"og:site_name\" content=\"Poland\" \/>\n<meta property=\"article:modified_time\" content=\"2026-02-19T11:30:26+00:00\" \/>\n<meta name=\"twitter:card\" content=\"summary_large_image\" \/>\n<script type=\"application\/ld+json\" class=\"yoast-schema-graph\">{\"@context\":\"https:\/\/schema.org\",\"@graph\":[{\"@type\":\"WebPage\",\"@id\":\"https:\/\/www.ipsen.com\/poland\/zglos-dzialanie-niepozadane\/\",\"url\":\"https:\/\/www.ipsen.com\/poland\/zglos-dzialanie-niepozadane\/\",\"name\":\"Zg\u0142o\u015b dzia\u0142anie niepo\u017c\u0105dane - Poland\",\"isPartOf\":{\"@id\":\"https:\/\/www.ipsen.com\/poland\/#website\"},\"datePublished\":\"2025-11-18T08:31:52+00:00\",\"dateModified\":\"2026-02-19T11:30:26+00:00\",\"breadcrumb\":{\"@id\":\"https:\/\/www.ipsen.com\/poland\/zglos-dzialanie-niepozadane\/#breadcrumb\"},\"inLanguage\":\"pl-PL\",\"potentialAction\":[{\"@type\":\"ReadAction\",\"target\":[\"https:\/\/www.ipsen.com\/poland\/zglos-dzialanie-niepozadane\/\"]}]},{\"@type\":\"BreadcrumbList\",\"@id\":\"https:\/\/www.ipsen.com\/poland\/zglos-dzialanie-niepozadane\/#breadcrumb\",\"itemListElement\":[{\"@type\":\"ListItem\",\"position\":1,\"name\":\"Home\",\"item\":\"https:\/\/www.ipsen.com\/poland\/\"},{\"@type\":\"ListItem\",\"position\":2,\"name\":\"Zg\u0142o\u015b dzia\u0142anie niepo\u017c\u0105dane\"}]},{\"@type\":\"WebSite\",\"@id\":\"https:\/\/www.ipsen.com\/poland\/#website\",\"url\":\"https:\/\/www.ipsen.com\/poland\/\",\"name\":\"Poland\",\"description\":\"\",\"publisher\":{\"@id\":\"https:\/\/www.ipsen.com\/poland\/#organization\"},\"potentialAction\":[{\"@type\":\"SearchAction\",\"target\":{\"@type\":\"EntryPoint\",\"urlTemplate\":\"https:\/\/www.ipsen.com\/poland\/?s={search_term_string}\"},\"query-input\":{\"@type\":\"PropertyValueSpecification\",\"valueRequired\":true,\"valueName\":\"search_term_string\"}}],\"inLanguage\":\"pl-PL\"},{\"@type\":\"Organization\",\"@id\":\"https:\/\/www.ipsen.com\/poland\/#organization\",\"name\":\"Poland\",\"url\":\"https:\/\/www.ipsen.com\/poland\/\",\"logo\":{\"@type\":\"ImageObject\",\"inLanguage\":\"pl-PL\",\"@id\":\"https:\/\/www.ipsen.com\/poland\/#\/schema\/logo\/image\/\",\"url\":\"https:\/\/www.ipsen.com\/poland\/wp-content\/uploads\/sites\/30\/2025\/10\/Logo-Ipsen-new.svg\",\"contentUrl\":\"https:\/\/www.ipsen.com\/poland\/wp-content\/uploads\/sites\/30\/2025\/10\/Logo-Ipsen-new.svg\",\"caption\":\"Poland\"},\"image\":{\"@id\":\"https:\/\/www.ipsen.com\/poland\/#\/schema\/logo\/image\/\"}}]}<\/script>\n<!-- \/ Yoast SEO plugin. -->","yoast_head_json":{"title":"Zg\u0142o\u015b dzia\u0142anie niepo\u017c\u0105dane - Poland","robots":{"index":"index","follow":"follow","max-snippet":"max-snippet:-1","max-image-preview":"max-image-preview:large","max-video-preview":"max-video-preview:-1"},"canonical":"https:\/\/www.ipsen.com\/poland\/zglos-dzialanie-niepozadane\/","og_locale":"pl_PL","og_type":"article","og_title":"Zg\u0142o\u015b dzia\u0142anie niepo\u017c\u0105dane - Poland","og_url":"https:\/\/www.ipsen.com\/poland\/zglos-dzialanie-niepozadane\/","og_site_name":"Poland","article_modified_time":"2026-02-19T11:30:26+00:00","twitter_card":"summary_large_image","schema":{"@context":"https:\/\/schema.org","@graph":[{"@type":"WebPage","@id":"https:\/\/www.ipsen.com\/poland\/zglos-dzialanie-niepozadane\/","url":"https:\/\/www.ipsen.com\/poland\/zglos-dzialanie-niepozadane\/","name":"Zg\u0142o\u015b dzia\u0142anie niepo\u017c\u0105dane - Poland","isPartOf":{"@id":"https:\/\/www.ipsen.com\/poland\/#website"},"datePublished":"2025-11-18T08:31:52+00:00","dateModified":"2026-02-19T11:30:26+00:00","breadcrumb":{"@id":"https:\/\/www.ipsen.com\/poland\/zglos-dzialanie-niepozadane\/#breadcrumb"},"inLanguage":"pl-PL","potentialAction":[{"@type":"ReadAction","target":["https:\/\/www.ipsen.com\/poland\/zglos-dzialanie-niepozadane\/"]}]},{"@type":"BreadcrumbList","@id":"https:\/\/www.ipsen.com\/poland\/zglos-dzialanie-niepozadane\/#breadcrumb","itemListElement":[{"@type":"ListItem","position":1,"name":"Home","item":"https:\/\/www.ipsen.com\/poland\/"},{"@type":"ListItem","position":2,"name":"Zg\u0142o\u015b dzia\u0142anie niepo\u017c\u0105dane"}]},{"@type":"WebSite","@id":"https:\/\/www.ipsen.com\/poland\/#website","url":"https:\/\/www.ipsen.com\/poland\/","name":"Poland","description":"","publisher":{"@id":"https:\/\/www.ipsen.com\/poland\/#organization"},"potentialAction":[{"@type":"SearchAction","target":{"@type":"EntryPoint","urlTemplate":"https:\/\/www.ipsen.com\/poland\/?s={search_term_string}"},"query-input":{"@type":"PropertyValueSpecification","valueRequired":true,"valueName":"search_term_string"}}],"inLanguage":"pl-PL"},{"@type":"Organization","@id":"https:\/\/www.ipsen.com\/poland\/#organization","name":"Poland","url":"https:\/\/www.ipsen.com\/poland\/","logo":{"@type":"ImageObject","inLanguage":"pl-PL","@id":"https:\/\/www.ipsen.com\/poland\/#\/schema\/logo\/image\/","url":"https:\/\/www.ipsen.com\/poland\/wp-content\/uploads\/sites\/30\/2025\/10\/Logo-Ipsen-new.svg","contentUrl":"https:\/\/www.ipsen.com\/poland\/wp-content\/uploads\/sites\/30\/2025\/10\/Logo-Ipsen-new.svg","caption":"Poland"},"image":{"@id":"https:\/\/www.ipsen.com\/poland\/#\/schema\/logo\/image\/"}}]}},"parsely":{"version":"1.1.0","canonical_url":"https:\/\/ipsen.com\/poland\/zglos-dzialanie-niepozadane\/","smart_links":{"inbound":0,"outbound":0},"traffic_boost_suggestions_count":0,"meta":{"@context":"https:\/\/schema.org","@type":"WebPage","headline":"Zg\u0142o\u015b dzia\u0142anie niepo\u017c\u0105dane","url":"http:\/\/www.ipsen.com\/poland\/zglos-dzialanie-niepozadane\/","mainEntityOfPage":{"@type":"WebPage","@id":"http:\/\/www.ipsen.com\/poland\/zglos-dzialanie-niepozadane\/"},"thumbnailUrl":"","image":{"@type":"ImageObject","url":""},"articleSection":"Bez kategorii","author":[{"@type":"Person","name":"beven"}],"creator":["beven"],"publisher":{"@type":"Organization","name":"Poland","logo":""},"keywords":[],"dateCreated":"2025-11-18T08:31:52Z","datePublished":"2025-11-18T08:31:52Z","dateModified":"2026-02-19T11:30:26Z"},"rendered":"<script type=\"application\/ld+json\" class=\"wp-parsely-metadata\">{\"@context\":\"https:\\\/\\\/schema.org\",\"@type\":\"WebPage\",\"headline\":\"Zg\\u0142o\\u015b dzia\\u0142anie niepo\\u017c\\u0105dane\",\"url\":\"http:\\\/\\\/www.ipsen.com\\\/poland\\\/zglos-dzialanie-niepozadane\\\/\",\"mainEntityOfPage\":{\"@type\":\"WebPage\",\"@id\":\"http:\\\/\\\/www.ipsen.com\\\/poland\\\/zglos-dzialanie-niepozadane\\\/\"},\"thumbnailUrl\":\"\",\"image\":{\"@type\":\"ImageObject\",\"url\":\"\"},\"articleSection\":\"Bez kategorii\",\"author\":[{\"@type\":\"Person\",\"name\":\"beven\"}],\"creator\":[\"beven\"],\"publisher\":{\"@type\":\"Organization\",\"name\":\"Poland\",\"logo\":\"\"},\"keywords\":[],\"dateCreated\":\"2025-11-18T08:31:52Z\",\"datePublished\":\"2025-11-18T08:31:52Z\",\"dateModified\":\"2026-02-19T11:30:26Z\"}<\/script>","tracker_url":"https:\/\/cdn.parsely.com\/keys\/ipsen.com\/p.js"},"_links":{"self":[{"href":"https:\/\/www.ipsen.com\/poland\/wp-json\/wp\/v2\/pages\/71","targetHints":{"allow":["GET"]}}],"collection":[{"href":"https:\/\/www.ipsen.com\/poland\/wp-json\/wp\/v2\/pages"}],"about":[{"href":"https:\/\/www.ipsen.com\/poland\/wp-json\/wp\/v2\/types\/page"}],"author":[{"embeddable":true,"href":"https:\/\/www.ipsen.com\/poland\/wp-json\/wp\/v2\/users\/62"}],"replies":[{"embeddable":true,"href":"https:\/\/www.ipsen.com\/poland\/wp-json\/wp\/v2\/comments?post=71"}],"version-history":[{"count":11,"href":"https:\/\/www.ipsen.com\/poland\/wp-json\/wp\/v2\/pages\/71\/revisions"}],"predecessor-version":[{"id":1033,"href":"https:\/\/www.ipsen.com\/poland\/wp-json\/wp\/v2\/pages\/71\/revisions\/1033"}],"wp:attachment":[{"href":"https:\/\/www.ipsen.com\/poland\/wp-json\/wp\/v2\/media?parent=71"}],"curies":[{"name":"wp","href":"https:\/\/api.w.org\/{rel}","templated":true}]}}