{"id":59,"date":"2025-11-18T10:14:43","date_gmt":"2025-11-18T08:14:43","guid":{"rendered":"https:\/\/www.ipsen.com\/poland\/?page_id=59"},"modified":"2026-02-19T07:13:00","modified_gmt":"2026-02-19T05:13:00","slug":"kariera-w-ipsen","status":"publish","type":"page","link":"https:\/\/www.ipsen.com\/poland\/kariera-w-ipsen\/","title":{"rendered":"Kariera w Ipsen"},"content":{"rendered":"    <section class=\"sub-page-banner bg-img-enabled  banner-no-filter\" style=\"background-image:url(https:\/\/www.ipsen.com\/poland\/wp-content\/uploads\/sites\/30\/2026\/02\/Careers.jpg)\">\n                <div class=\"container content-sec\">\n            <nav aria-label=\"breadcrumb\">\n            <ol class=\"breadcrumb\">\n                <li class=\"breadcrumb-item\"><a href=\"https:\/\/www.ipsen.com\/poland\">Strona g\u0142\u00f3wna<\/a><\/li><li class=\"breadcrumb-item active\"><a class=\"link-pointer-events-none\" href=\"#\" aria-current=\"page\">Kariera w Ipsen<\/a><\/li><\/ol>\n            <\/nav>            <h1 class=\"visible banner-font-color-white\">Kariera w Ipsen<\/h1>\n            <p class=\"visible banner-font-color-white\">Wsp\u00f3lnie tworzymy innowacje dla zdrowia i lepszego jutra.<\/p>\n        <\/div>\n    <\/section>\n\n\n\n\t<!-- Hero Carousel Start Here-->\n\t<section class=\"hero-section no-filter\">\n\t\t<div class=\"hero_gridwidth container\"><!-- container class shown if gridlayout choosen -->\n\t\t\t<div id=\"heroCarousel\" class=\"carousel slide herocaro hero-banner-no-bg-image\" data-bs-ride=\"carousel\" data-enableplaybtn=\"\" data-autoplay= \"\"  data-autospeed= \"\" >\n\t\t\t\t<!-- Slider Indicator-->\n\t\t\t\t<div class=\"carousel-indicators hidden\">\n\t\t\t\t<button type=\"button\" data-bs-target=\"#heroCarousel\" data-bs-slide-to=\"0\" class=\"active\" aria-current=\"true\" aria-label=\"Slide 0\"><\/button>\t\t\t\t<\/div>\n\t\t\t\t<!-- Items -->\n\t\t\t\t<div class=\"carousel-inner\">\n\t\t\t\t\t\t\n\t\t\t\t\t\t<!-- Hero Banner with carousel HTML -->\n\t\t\t\t\t\t<div class=\"carousel-item active banner-no-filter\">\n\n\t\t\t\t\t\t\t\t\t\t\t\t\t\t\t<img decoding=\"async\" class=\"bd-placeholder-img visible\" alt=\"\" width=\"100%\" height=\"100%\" src=\"https:\/\/www.ipsen.com\/poland\/wp-content\/uploads\/sites\/30\/2026\/02\/Careers-page_Hero-banner_1410-x-500-px-1-1-2.jpg\" \/> \n\t\t\t\t\t\t\t\n\t\t\t\t\t\t\t\t\n\n\t\t\t\t\t\t\t<div class=\"container align-left\">\n\t\t\t\t\t\t\t\t<div class=\"carousel-caption\">\n\t\t\t\t\t\t\t\t\t<h2 class=\"visible text-start heading-two banner-font-color-blue\">\n\t\t\t\t\t\t\t\t\t\tW Ipsen Twoja \u015bcie\u017cka rozwoju dopasowana jest do Twoich mocnych stron\t\t\t\t\t\t\t\t\t<\/h2>\n\t\t\t\t\t\t\t\t\t<div class=\"visible text-start banner-font-color-blue\">Praca w Ipsen to realny wp\u0142yw na \u017cycie pacjent\u00f3w na ca\u0142ym \u015bwiecie. B\u0105d\u017a cz\u0119\u015bci\u0105 pozytywnych zmian z Ipsen.<\/div>\n\t\t\t\t\t\t\t\t\t\n\t\t\t\t\t\t\t\t\t\t\t\t\t\t\t\t\t\t\t<p class=\"visible text-start banner-font-color-blue\">\n\t\t\t\t\t\t\t\t\t\t\t<a class=\"btn btn-lg btn-primary\" href=\"https:\/\/ipsen.wd103.myworkdayjobs.com\/en-EN\/Ipsen_Careers\" aria-label=\"Poznaj mo\u017cliwo\u015bci kariery w Ipsen about W Ipsen Twoja \u015bcie\u017cka rozwoju dopasowana jest do Twoich mocnych stron\" target=\"_blank\">\n\t\t\t\t\t\t\t\t\t\t\t\tPoznaj mo\u017cliwo\u015bci kariery w Ipsen\t\t\t\t\t\t\t\t\t\t\t<\/a>\n\t\t\t\t\t\t\t\t\t\t<\/p>\n\t\t\t\t\t\t\t\t\t\t\t\t\t\t\t\t\t\t\n\t\t\t\t\t\t\t\t<\/div>\n\t\t\t\t\t\t\t<\/div>\n\t\t\t\t\t\t<\/div>\n\n\t\t\t\t\t\t\t\t\t<\/div>\n\t\t\t\t\n\t\t\t\t\n\t\t\t<\/div>\n\t\t<\/div>\n\t<\/section>\n\t<!-- Hero Carousel End Here-->\n  \n\n<!-- Text & Media Block Code -->\n<section class=\"two-col-section text-media-section\">\n    <div class=\"container two-section-innner \">\n        <div class=\"response-inner\" style=\"background-image: url('')\">\n            <div class=\"row \">\n                <div class=\"col-xs-12 col-sm-12 col-md-6\">\n                                                    <div class=\"img-video-section\">\n                                <img decoding=\"async\" \n                                    src=\"https:\/\/www.ipsen.com\/poland\/wp-content\/uploads\/sites\/30\/2026\/02\/Boulogne-France-img-25-S.jpg\" \n                                    alt=\"\" \n                                >\n                            <\/div>\n                                        <\/div>\n                <div class=\" col-xs-12 col-sm-12 col-md-6\">\n                    <div class=\"section-content\">\n                        <div class=\"heading-dash\">\n                                                            <span class=\"dash\"><\/span>\n                                <h4 class=\"heading-para heading-four\" role=\"heading\" aria-level=\"2\">\n                                    Dlaczego wato do\u0142\u0105czy\u0107 do Ipsen?                                <\/h4>\n                                                    <\/div>\n                                                <p>W Ipsen ka\u017cdy pracownik ma realny wp\u0142yw. Nasze zespo\u0142y z pasj\u0105 podchodz\u0105 do swoich zada\u0144, poniewa\u017c zale\u017cy im na wprowadzaniu pozytywnych zmian w \u017cyciu pacjent\u00f3w. Inwestujemy w naszych pracownik\u00f3w, wspieraj\u0105c innowacyjne projekty, kt\u00f3re przynosz\u0105 korzy\u015bci pacjentom i ca\u0142emu spo\u0142ecze\u0144stwu. W \u015blad za tym \u2013 nagradzamy to, co naprawd\u0119 istotne. Zapewniamy atrakcyjne i konkurencyjne wynagrodzenia, kt\u00f3re doceniaj\u0105 Tw\u00f3j wk\u0142ad i wspieraj\u0105 osi\u0105ganie wyj\u0105tkowych rezultat\u00f3w.<\/p>\n                            <a \n                            aria-label=\"Dowiedz si\u0119 wi\u0119cej about Dlaczego wato do\u0142\u0105czy\u0107 do Ipsen?\"  \n                                role=\"link\" \n                                class=\"btn-link section-btn cta-visible\"\n                                href=\"https:\/\/www.ipsen.com\/poland\/kariera-w-ipsen\/praca-w-ipsen\/\" \n                                target=\"_self\"\n                            > \n                                Dowiedz si\u0119 wi\u0119cej \n                            <\/a>\n\n                    <\/div>\n                <\/div>\n            <\/div>\n        <\/div>\n    <\/div>\n<\/section>\n\n<!-- Text & Media Block Code -->\n<section class=\"two-col-section text-media-section\">\n    <div class=\"container two-section-innner section-reverse\">\n        <div class=\"response-inner\" style=\"background-image: url('')\">\n            <div class=\"row section-reverse\">\n                <div class=\"col-xs-12 col-sm-12 col-md-6\">\n                                                    <div class=\"img-video-section\">\n                                <img decoding=\"async\" \n                                    src=\"https:\/\/www.ipsen.com\/poland\/wp-content\/uploads\/sites\/30\/2026\/02\/Cambridge-USA-img-33-hd-scaled-1.jpg\" \n                                    alt=\"\" \n                                >\n                            <\/div>\n                                        <\/div>\n                <div class=\" col-xs-12 col-sm-12 col-md-6\">\n                    <div class=\"section-content\">\n                        <div class=\"heading-dash\">\n                                                            <span class=\"dash\"><\/span>\n                                <h4 class=\"heading-para heading-four\" role=\"heading\" aria-level=\"2\">\n                                    Nasza kultura organizacyjna                                <\/h4>\n                                                    <\/div>\n                                                <p>Ipsen wspiera kultur\u0119 wsp\u00f3\u0142pracy i doskona\u0142o\u015bci, opartej na modelu Ipsen Way of Being, kt\u00f3ry zbudowany jest na pi\u0119ciu filarach: Leading with Purpose, Learning &amp; Sharing, Driving for Success, Trusting Each Other oraz Owning the Outcome. Te wzajemnie powi\u0105zane warto\u015bci wyznaczaj\u0105 kierunek naszej strategii. Dzi\u0119ki naszym zaanga\u017cowanym i r\u00f3\u017cnorodnym zespo\u0142om Ipsen otrzyma\u0142 nagrod\u0119 Great Place to Work<sup>\u00ae<\/sup> \/ Best Place to Work<sup>\u00ae<\/sup> \/ Top Employer<sup>\u00ae<\/sup> w 2023 roku w 18 lokalizacjach na ca\u0142ym \u015bwiecie.<\/p>\n                            <a \n                            aria-label=\"Dowiedz si\u0119 wi\u0119cej about Nasza kultura organizacyjna\"  \n                                role=\"link\" \n                                class=\"btn-link section-btn cta-visible\"\n                                href=\"https:\/\/www.ipsen.com\/poland\/kariera-w-ipsen\/kultura-w-ipsen\/\" \n                                target=\"_self\"\n                            > \n                                Dowiedz si\u0119 wi\u0119cej \n                            <\/a>\n\n                    <\/div>\n                <\/div>\n            <\/div>\n        <\/div>\n    <\/div>\n<\/section>\n\n\t<!-- Ipsen Quotes Start -->\n\t<section class=\"quotes-section\" aria-label=\"quotes-section\">\n\t\t<div class=\"container\">\n\t\t\t\t\t\t<div class=\"quote-sec-inner\"    >\n\t\t\t\t\t<div class=\"row\">\n\t\t\t\t\t\t\t\t\t\t\t\t<div class=\"column-1 col-xl-4 col-md-6 col-xs-12 \">\n\t\t\t\t\t\t\t\t\t\t\t\t\t\t\t\t\t\t<div class=\"quote-img\">\n\t\t\t\t\t\t\t\t\t\t\t<img \n\t\t\t\t\t\t\t\t\t\t\t\tsrc=\"https:\/\/www.ipsen.com\/poland\/wp-content\/uploads\/sites\/30\/2026\/02\/Profile-Photos-1.png\" \n\t\t\t\t\t\t\t\t\t\t\t\talt=\"Joanna Sosnowska\"\n\t\t\t\t\t\t\t\t\t\t\t>\n\t\t\t\t\t\t\t\t\t\t<\/div>\n\t\t\t\t\t\t\t\t\t\t\t\t\t\t\t<\/div>\n\t\t\t\t\t\t\t<div class=\"column-2 col-xl-8 col-md-6 col-xs-12 \">\n\t\t\t\t\t\t\t\t<div class=\"quote-content\">\n\t\t\t\t\t\t\t\t\t<div class=\"quote-para \">\n\t\t\t\t\t\t\t\t\t\t<p class=\"para\">\n\t\t\t\t\t\t\t\t\t\t\t<p>Ka\u017cdego dnia nap\u0119dza mnie poczucie odpowiedzialno\u015bci za ludzi Ipsen, za nauk\u0119, kt\u00f3ra posuwa \u015bwiat naprz\u00f3d, oraz za tworzenie terapii realnie zmieniaj\u0105cych \u017cycie pacjent\u00f3w.<\/p>\n\t\t\t\t\t\t\t\t\t\t<\/p>\n\t\t\t\t\t\t\t\t\t<\/div>\n\t\t\t\t\t\t\t\t\t<div class=\"quote-sign-div\">\n\t\t\t\t\t\t\t\t\t\t<div class=\"quote-author-div\">\n\t\t\t\t\t\t\t\t\t\t\t<div class=\"quote-dash-div\">\n\t\t\t\t\t\t\t\t\t\t\t\t<span class=\"quote-dash\">\n\n\t\t\t\t\t\t\t\t\t\t\t\t<\/span>\n\t\t\t\t\t\t\t\t\t\t\t\t\t\t\t\t\t\t\t\t\t\t\t\t\t\t\t\t<p class=\"quote-author primary-blue\">\n\t\t\t\t\t\t\t\t\t\t\t\t\t\t\t\tJoanna Sosnowska\t\t\t\t\t\t\t\t\t\t\t\t\t\t\t<\/p>\t\n\t\t\t\t\t\t\t\t\t\t\t\t\t\t\t\t\t\t\t\t\t\t<\/div>\n\t\t\t\t\t\t\t\t\t\t\t\t\t\t\t\t\t\t\t\t\t\t\t<p class=\"quote-author-role\">\n\t\t\t\t\t\t\t\t\t\t\t\t\tHR Head Poland &#038; Ukraine and Poland Communication Lead\t\t\t\t\t\t\t\t\t\t\t\t<\/p> \n\t\t\t\t\t\t\t\t\t\t\t\t\t\t\t\t\t\t\t\t\t<\/div>\n\t\t\t\t\t\t\t\t\t<\/div>\n\t\t\t\t\t\t\t\t<\/div>\n\t\t\t\t\t\t\t<\/div>\n\t\t\t\t\t\t\t\t\t<\/div>\n\t\t\t<\/div>\n\t\t\t<\/div>\n<\/section>\n<!-- Ipsen Quotes End -->\n\n\n    <section class=\"title-text \">\n        <div class=\"container\">\n            <div class=\"title-text-inner\" style=\"background-color:#EDEBE4;\">\n\n                <!-- If heading is enabled then it's visible -->\n                <div class=\"text-head-dash visible\">\n                <h3 class=\"heading-three\" role=\"heading\" aria-level=\"2\">\n                        Obszary zawodowe                    <\/h3>\n                <\/div>\n               \n                <!-- If description is enabled then it's visible -->\n                <div class=\"text-parbase visible\">\n                    <p>Odkryj mo\u017cliwo\u015bci kariery w Ipsen , aby mie\u0107 realny wp\u0142yw na \u017cycie pacjent\u00f3w. Poznaj nasze kategorie stanowisk:<\/p>\n<ul>\n<li>Sprzeda\u017c i Marketing<\/li>\n<li>Dzia\u0142 Medyczny i Badania Kliniczne<\/li>\n<li>Badania i Rozw\u00f3j (R&amp;D)<\/li>\n<li>Produkcja i Wytwarzanie<\/li>\n<li>Jako\u015b\u0107 oraz BHP i Ochrona \u015arodowiska (EHS)<\/li>\n<li>\u0141a\u0144cuch Dostaw i Zakupy<\/li>\n<li>Finanse<\/li>\n<li>Zasoby Ludzkie (HR)<\/li>\n<li>IT i Rozwi\u0105zania Cyfrowe<\/li>\n<li>Dzia\u0142 Prawny i Compliance<\/li>\n<li>Administracja<\/li>\n<li>Rozw\u00f3j Biznesu i Zarz\u0105dzanie Og\u00f3lne<\/li>\n<li>Komunikacja i Public Affairs<\/li>\n<\/ul>\n                <\/div>\n\n                <!-- If button is enabled then it's visible -->\n                                        <div class=\"btn-txt\">\n                            <a \n                                aria-label=\"\" \n                                class=\"btn-link section-btn cta-visible\"  \n                                role=\"link\"\n                                href=\"https:\/\/ipsen.wd103.myworkdayjobs.com\/en-EN\/Ipsen_Careers\" target=\"_blank\">\n                                Dowiedz si\u0119 wi\u0119cej                            <\/a>\n                        <\/div>\n                \n            <\/div>\n        <\/div>\n    <\/section>\n\n\n    <section class=\"title-text \">\n        <div class=\"container\">\n            <div class=\"title-text-inner\" style=\"background-color:#EDEBE4;\">\n\n                <!-- If heading is enabled then it's visible -->\n                <div class=\"text-head-dash visible\">\n                <h3 class=\"heading-three\" role=\"heading\" aria-level=\"2\">\n                        Nasz proces rekrutacji                    <\/h3>\n                <\/div>\n               \n                <!-- If description is enabled then it's visible -->\n                <div class=\"text-parbase visible\">\n                    <p>Proces pozyskiwania talent\u00f3w w Ipsen opiera si\u0119 na klarownym planowaniu, przejrzystej komunikacji oraz warto\u015bciowej informacji zwrotnej. Wzmocnili\u015bmy nasze dzia\u0142ania zwi\u0105zane z podnoszeniem jako\u015bci wymaga\u0144 na kluczowe stanowiska, koncentruj\u0105c si\u0119 na zasadach r\u00f3\u017cnorodno\u015bci, r\u00f3wno\u015bci i inkluzywno\u015bci (DE&amp;I), kt\u00f3re stanowi\u0105 integraln\u0105 cz\u0119\u015b\u0107 naszej szerokiej strategii DE&amp;I. Nieustannie doskonalimy nasze procesy HR na wszystkich etapach rekrutacji i onboardingu, aby zagwarantowa\u0107 wszystkim kandydatom r\u00f3wne szanse i sprawiedliwe traktowanie.<\/p>\n                <\/div>\n\n                <!-- If button is enabled then it's visible -->\n                \n            <\/div>\n        <\/div>\n    <\/section>\n","protected":false},"excerpt":{"rendered":"","protected":false},"author":62,"featured_media":0,"parent":0,"menu_order":0,"comment_status":"closed","ping_status":"closed","template":"","meta":{"_acf_changed":false,"footnotes":""},"class_list":["post-59","page","type-page","status-publish","hentry","entry"],"acf":[],"yoast_head":"<!-- This site is optimized with the Yoast SEO plugin v26.8 - https:\/\/yoast.com\/product\/yoast-seo-wordpress\/ -->\n<title>Kariera w Ipsen - Poland<\/title>\n<meta name=\"robots\" content=\"index, follow, max-snippet:-1, max-image-preview:large, max-video-preview:-1\" \/>\n<link rel=\"canonical\" href=\"https:\/\/www.ipsen.com\/poland\/kariera-w-ipsen\/\" \/>\n<meta property=\"og:locale\" content=\"pl_PL\" \/>\n<meta property=\"og:type\" content=\"article\" \/>\n<meta property=\"og:title\" content=\"Kariera w Ipsen - Poland\" \/>\n<meta property=\"og:url\" content=\"https:\/\/www.ipsen.com\/poland\/kariera-w-ipsen\/\" \/>\n<meta property=\"og:site_name\" content=\"Poland\" \/>\n<meta property=\"article:modified_time\" content=\"2026-02-19T05:13:00+00:00\" \/>\n<meta name=\"twitter:card\" content=\"summary_large_image\" \/>\n<script type=\"application\/ld+json\" class=\"yoast-schema-graph\">{\"@context\":\"https:\/\/schema.org\",\"@graph\":[{\"@type\":\"WebPage\",\"@id\":\"https:\/\/www.ipsen.com\/poland\/kariera-w-ipsen\/\",\"url\":\"https:\/\/www.ipsen.com\/poland\/kariera-w-ipsen\/\",\"name\":\"Kariera w Ipsen - Poland\",\"isPartOf\":{\"@id\":\"https:\/\/www.ipsen.com\/poland\/#website\"},\"datePublished\":\"2025-11-18T08:14:43+00:00\",\"dateModified\":\"2026-02-19T05:13:00+00:00\",\"breadcrumb\":{\"@id\":\"https:\/\/www.ipsen.com\/poland\/kariera-w-ipsen\/#breadcrumb\"},\"inLanguage\":\"pl-PL\",\"potentialAction\":[{\"@type\":\"ReadAction\",\"target\":[\"https:\/\/www.ipsen.com\/poland\/kariera-w-ipsen\/\"]}]},{\"@type\":\"BreadcrumbList\",\"@id\":\"https:\/\/www.ipsen.com\/poland\/kariera-w-ipsen\/#breadcrumb\",\"itemListElement\":[{\"@type\":\"ListItem\",\"position\":1,\"name\":\"Home\",\"item\":\"https:\/\/www.ipsen.com\/poland\/\"},{\"@type\":\"ListItem\",\"position\":2,\"name\":\"Kariera w Ipsen\"}]},{\"@type\":\"WebSite\",\"@id\":\"https:\/\/www.ipsen.com\/poland\/#website\",\"url\":\"https:\/\/www.ipsen.com\/poland\/\",\"name\":\"Poland\",\"description\":\"\",\"publisher\":{\"@id\":\"https:\/\/www.ipsen.com\/poland\/#organization\"},\"potentialAction\":[{\"@type\":\"SearchAction\",\"target\":{\"@type\":\"EntryPoint\",\"urlTemplate\":\"https:\/\/www.ipsen.com\/poland\/?s={search_term_string}\"},\"query-input\":{\"@type\":\"PropertyValueSpecification\",\"valueRequired\":true,\"valueName\":\"search_term_string\"}}],\"inLanguage\":\"pl-PL\"},{\"@type\":\"Organization\",\"@id\":\"https:\/\/www.ipsen.com\/poland\/#organization\",\"name\":\"Poland\",\"url\":\"https:\/\/www.ipsen.com\/poland\/\",\"logo\":{\"@type\":\"ImageObject\",\"inLanguage\":\"pl-PL\",\"@id\":\"https:\/\/www.ipsen.com\/poland\/#\/schema\/logo\/image\/\",\"url\":\"https:\/\/www.ipsen.com\/poland\/wp-content\/uploads\/sites\/30\/2025\/10\/Logo-Ipsen-new.svg\",\"contentUrl\":\"https:\/\/www.ipsen.com\/poland\/wp-content\/uploads\/sites\/30\/2025\/10\/Logo-Ipsen-new.svg\",\"caption\":\"Poland\"},\"image\":{\"@id\":\"https:\/\/www.ipsen.com\/poland\/#\/schema\/logo\/image\/\"}}]}<\/script>\n<!-- \/ Yoast SEO plugin. -->","yoast_head_json":{"title":"Kariera w Ipsen - Poland","robots":{"index":"index","follow":"follow","max-snippet":"max-snippet:-1","max-image-preview":"max-image-preview:large","max-video-preview":"max-video-preview:-1"},"canonical":"https:\/\/www.ipsen.com\/poland\/kariera-w-ipsen\/","og_locale":"pl_PL","og_type":"article","og_title":"Kariera w Ipsen - Poland","og_url":"https:\/\/www.ipsen.com\/poland\/kariera-w-ipsen\/","og_site_name":"Poland","article_modified_time":"2026-02-19T05:13:00+00:00","twitter_card":"summary_large_image","schema":{"@context":"https:\/\/schema.org","@graph":[{"@type":"WebPage","@id":"https:\/\/www.ipsen.com\/poland\/kariera-w-ipsen\/","url":"https:\/\/www.ipsen.com\/poland\/kariera-w-ipsen\/","name":"Kariera w Ipsen - Poland","isPartOf":{"@id":"https:\/\/www.ipsen.com\/poland\/#website"},"datePublished":"2025-11-18T08:14:43+00:00","dateModified":"2026-02-19T05:13:00+00:00","breadcrumb":{"@id":"https:\/\/www.ipsen.com\/poland\/kariera-w-ipsen\/#breadcrumb"},"inLanguage":"pl-PL","potentialAction":[{"@type":"ReadAction","target":["https:\/\/www.ipsen.com\/poland\/kariera-w-ipsen\/"]}]},{"@type":"BreadcrumbList","@id":"https:\/\/www.ipsen.com\/poland\/kariera-w-ipsen\/#breadcrumb","itemListElement":[{"@type":"ListItem","position":1,"name":"Home","item":"https:\/\/www.ipsen.com\/poland\/"},{"@type":"ListItem","position":2,"name":"Kariera w Ipsen"}]},{"@type":"WebSite","@id":"https:\/\/www.ipsen.com\/poland\/#website","url":"https:\/\/www.ipsen.com\/poland\/","name":"Poland","description":"","publisher":{"@id":"https:\/\/www.ipsen.com\/poland\/#organization"},"potentialAction":[{"@type":"SearchAction","target":{"@type":"EntryPoint","urlTemplate":"https:\/\/www.ipsen.com\/poland\/?s={search_term_string}"},"query-input":{"@type":"PropertyValueSpecification","valueRequired":true,"valueName":"search_term_string"}}],"inLanguage":"pl-PL"},{"@type":"Organization","@id":"https:\/\/www.ipsen.com\/poland\/#organization","name":"Poland","url":"https:\/\/www.ipsen.com\/poland\/","logo":{"@type":"ImageObject","inLanguage":"pl-PL","@id":"https:\/\/www.ipsen.com\/poland\/#\/schema\/logo\/image\/","url":"https:\/\/www.ipsen.com\/poland\/wp-content\/uploads\/sites\/30\/2025\/10\/Logo-Ipsen-new.svg","contentUrl":"https:\/\/www.ipsen.com\/poland\/wp-content\/uploads\/sites\/30\/2025\/10\/Logo-Ipsen-new.svg","caption":"Poland"},"image":{"@id":"https:\/\/www.ipsen.com\/poland\/#\/schema\/logo\/image\/"}}]}},"parsely":{"version":"1.1.0","canonical_url":"https:\/\/ipsen.com\/poland\/kariera-w-ipsen\/","smart_links":{"inbound":0,"outbound":0},"traffic_boost_suggestions_count":0,"meta":{"@context":"https:\/\/schema.org","@type":"WebPage","headline":"Kariera w Ipsen","url":"http:\/\/www.ipsen.com\/poland\/kariera-w-ipsen\/","mainEntityOfPage":{"@type":"WebPage","@id":"http:\/\/www.ipsen.com\/poland\/kariera-w-ipsen\/"},"thumbnailUrl":"","image":{"@type":"ImageObject","url":""},"articleSection":"Bez kategorii","author":[{"@type":"Person","name":"beven"}],"creator":["beven"],"publisher":{"@type":"Organization","name":"Poland","logo":""},"keywords":[],"dateCreated":"2025-11-18T08:14:43Z","datePublished":"2025-11-18T08:14:43Z","dateModified":"2026-02-19T05:13:00Z"},"rendered":"<script type=\"application\/ld+json\" class=\"wp-parsely-metadata\">{\"@context\":\"https:\\\/\\\/schema.org\",\"@type\":\"WebPage\",\"headline\":\"Kariera w Ipsen\",\"url\":\"http:\\\/\\\/www.ipsen.com\\\/poland\\\/kariera-w-ipsen\\\/\",\"mainEntityOfPage\":{\"@type\":\"WebPage\",\"@id\":\"http:\\\/\\\/www.ipsen.com\\\/poland\\\/kariera-w-ipsen\\\/\"},\"thumbnailUrl\":\"\",\"image\":{\"@type\":\"ImageObject\",\"url\":\"\"},\"articleSection\":\"Bez kategorii\",\"author\":[{\"@type\":\"Person\",\"name\":\"beven\"}],\"creator\":[\"beven\"],\"publisher\":{\"@type\":\"Organization\",\"name\":\"Poland\",\"logo\":\"\"},\"keywords\":[],\"dateCreated\":\"2025-11-18T08:14:43Z\",\"datePublished\":\"2025-11-18T08:14:43Z\",\"dateModified\":\"2026-02-19T05:13:00Z\"}<\/script>","tracker_url":"https:\/\/cdn.parsely.com\/keys\/ipsen.com\/p.js"},"_links":{"self":[{"href":"https:\/\/www.ipsen.com\/poland\/wp-json\/wp\/v2\/pages\/59","targetHints":{"allow":["GET"]}}],"collection":[{"href":"https:\/\/www.ipsen.com\/poland\/wp-json\/wp\/v2\/pages"}],"about":[{"href":"https:\/\/www.ipsen.com\/poland\/wp-json\/wp\/v2\/types\/page"}],"author":[{"embeddable":true,"href":"https:\/\/www.ipsen.com\/poland\/wp-json\/wp\/v2\/users\/62"}],"replies":[{"embeddable":true,"href":"https:\/\/www.ipsen.com\/poland\/wp-json\/wp\/v2\/comments?post=59"}],"version-history":[{"count":5,"href":"https:\/\/www.ipsen.com\/poland\/wp-json\/wp\/v2\/pages\/59\/revisions"}],"predecessor-version":[{"id":1097,"href":"https:\/\/www.ipsen.com\/poland\/wp-json\/wp\/v2\/pages\/59\/revisions\/1097"}],"wp:attachment":[{"href":"https:\/\/www.ipsen.com\/poland\/wp-json\/wp\/v2\/media?parent=59"}],"curies":[{"name":"wp","href":"https:\/\/api.w.org\/{rel}","templated":true}]}}