{"id":494,"date":"2026-01-27T10:07:20","date_gmt":"2026-01-27T08:07:20","guid":{"rendered":"https:\/\/www.ipsen.com\/poland\/?page_id=494"},"modified":"2026-01-27T10:07:24","modified_gmt":"2026-01-27T08:07:24","slug":"polityka-cookies","status":"publish","type":"page","link":"https:\/\/www.ipsen.com\/poland\/polityka-cookies\/","title":{"rendered":"Polityka Cookies"},"content":{"rendered":"    <section class=\"sub-page-banner bg-color-enabled  banner-no-filter\" style=\"background: linear-gradient(93.64deg, #224A81 2.99%, #2797D3 97.01%)\">\n                <div class=\"container content-sec\">\n            <nav aria-label=\"breadcrumb\">\n            <ol class=\"breadcrumb\">\n                <li class=\"breadcrumb-item\"><a href=\"https:\/\/www.ipsen.com\/poland\">Strona g\u0142\u00f3wna<\/a><\/li><li class=\"breadcrumb-item active\"><a class=\"link-pointer-events-none\" href=\"#\" aria-current=\"page\">Polityka Cookies<\/a><\/li><\/ol>\n            <\/nav>            <h1 class=\"visible banner-font-color-white\">Polityka Cookies<\/h1>\n            <p class=\"hidden banner-font-color-white\"><\/p>\n        <\/div>\n    <\/section>\n\n\n\n\n<div class=\"wp-block-columns is-layout-flex wp-container-core-columns-is-layout-9d6595d7 wp-block-columns-is-layout-flex\">\n<div class=\"wp-block-column is-layout-flow wp-block-column-is-layout-flow\">\n<p>Celem niniejszej Polityki plik\u00f3w cookie jest zilustrowanie typ\u00f3w plik\u00f3w cookie wykorzystywanych na tej <strong>Witrynie<\/strong>, sposob\u00f3w ich wykorzystania oraz sposobu kontrolowania zakresu ich wykorzystywania.<\/p>\n\n\n\n<p><strong>Co to jest plik cookie?<\/strong><\/p>\n\n\n\n<p>Pliki cookie to ma\u0142e pliki tekstowe, kt\u00f3re s\u0105 wysy\u0142ane do urz\u0105dzenia podczas odwiedzania strony internetowej. S\u0105 one przechowywane na dysku twardym urz\u0105dzenia.<\/p>\n\n\n\n<p>Niekt\u00f3re pliki cookie s\u0105 uznawane za bezwzgl\u0119dnie konieczne; pliki te s\u0105 wykorzystywane do u\u0142atwienia podstawowych zada\u0144 na stronie internetowej, takich jak pomoc u\u017cytkownikom w skutecznym poruszaniu si\u0119 mi\u0119dzy stronami i zapewnienie bezpiecznego i wydajnego funkcjonowania witryny.<\/p>\n\n\n\n<p>Inne pliki cookie s\u0142u\u017c\u0105 do zarz\u0105dzania wydajno\u015bci\u0105 i \u015bledzenia korzystania z witryny. Ipsen u\u017cywa tych plik\u00f3w cookie na naszych stronach, aby pom\u00f3c nam zrozumie\u0107, w jaki spos\u00f3b nasze strony s\u0105 wykorzystywane, aby\u015bmy mogli stale ulepsza\u0107 i rozwija\u0107 nasze witryny.<\/p>\n\n\n\n<p>Zgodnie z Dyrektyw\u0105 UE 2009\/136\/WE, b\u0119dziemy przechowywa\u0107 pliki cookie na Pa\u0144stwa urz\u0105dzeniu, je\u015bli s\u0105 one bezwzgl\u0119dnie konieczne. Kiedy u\u017cywamy innych plik\u00f3w cookie, kt\u00f3re nie s\u0105 \u015bci\u015ble konieczne, poprosimy Pa\u0144stwa o zgod\u0119.<\/p>\n\n\n\n<p>Informacje zbierane za pomoc\u0105 plik\u00f3w cookie zazwyczaj nie identyfikuj\u0105 Pa\u0144stwa bezpo\u015brednio. Jednak\u017ce niekt\u00f3re pliki cookie mog\u0105 zawiera\u0107 dane osobowe, takie jak adres IP, dat\u0119 i godzin\u0119 wizyty na stronie internetowej, system operacyjny, przegl\u0105dark\u0119 i spos\u00f3b, w jaki u\u017cytkownik uzyskuje dost\u0119p do witryny (wi\u0119cej informacji na temat przetwarzania Pa\u0144stwa danych osobowych, praw i sposobu kontaktu z nami znajduje si\u0119 na stronie internetowej w zak\u0142adce Polityka Prywatno\u015bci).<\/p>\n\n\n\n<p><strong>Jakie pliki cookie wykorzystuje ta strona?<\/strong><\/p>\n\n\n\n<p>Ta strona u\u017cywa \u015bci\u015ble niezb\u0119dnych plik\u00f3w cookie do zarz\u0105dzania nawigacj\u0105 w witrynie, niezb\u0119dnych dla funkcjonalno\u015bci i bezpiecze\u0144stwa u\u017cytkownika.<\/p>\n\n\n\n<p>Strona korzysta r\u00f3wnie\u017c z analityki internetowej. Zapewnia to Ipsen informacje o zachowaniu os\u00f3b odwiedzaj\u0105cych witryn\u0119, takie jak identyfikacja s\u0142\u00f3w kluczowych wyszukiwarki, kt\u00f3re doprowadzi\u0142y u\u017cytkownika do witryny, jak d\u0142ugo u\u017cytkownicy pozostaj\u0105 na stronie, kt\u00f3re strony odwiedzaj\u0105 i kt\u00f3re strony s\u0105 najcz\u0119\u015bciej odwiedzane.<\/p>\n\n\n\n<p>Zabezpieczenie danych \u2013 Pomoc Analytics (google.com)<\/p>\n\n\n\n<p><strong>Jak d\u0142ugo przechowywane s\u0105 informacje z plik\u00f3w cookie?<\/strong><\/p>\n\n\n\n<p>Pliki cookie wygasaj\u0105, gdy informacje nie s\u0105 ju\u017c potrzebne lub po maksymalnym okresie 13 miesi\u0119cy.<\/p>\n\n\n\n<p><strong>Jak ustawi\u0107 lub zmieni\u0107 ustawienia plik\u00f3w cookie?<\/strong><\/p>\n\n\n\n<p>Przy pierwszym wej\u015bciu na stron\u0119, a nast\u0119pnie okresowo, zostan\u0105 Pa\u0144stwu przedstawione opcje zarz\u0105dzania plikami cookie na tej stronie. B\u0119d\u0105 mogli Pa\u0144stwo zaakceptowa\u0107 wszystkie pliki cookie lub wybra\u0107, kt\u00f3re pliki cookie maj\u0105 by\u0107 akceptowane lub odrzucane. Je\u015bli odrzuc\u0105 Pa\u0144stwo jakiekolwiek pliki cookie, nie zostan\u0105 one wys\u0142ane do Pa\u0144stwa urz\u0105dzenia.<\/p>\n\n\n\n<p>Alternatywnie, mo\u017cna kontrolowa\u0107 pliki cookie za po\u015brednictwem wi\u0119kszo\u015bci przegl\u0105darek internetowych przez ustawienia przegl\u0105darki. Aby dowiedzie\u0107 si\u0119 wi\u0119cej na temat plik\u00f3w cookie, w tym jak zobaczy\u0107, jakie pliki cookie zosta\u0142y ustawione, odwied\u017a stron\u0119 <strong><a href=\"https:\/\/www.aboutcookies.org\/\" target=\"_blank\" rel=\"noreferrer noopener\">www.aboutcookies.org<\/a><\/strong> lub <strong><a href=\"https:\/\/allaboutcookies.org\/\">www.allaboutcookies.org<\/a><\/strong>. Aby zrezygnowa\u0107 ze \u015bledzenia przez Google Analytics na wszystkich stronach internetowych, odwied\u017a <a href=\"https:\/\/tools.google.com\/dlpage\/gaoptout\" target=\"_blank\" rel=\"noreferrer noopener\"><strong>https:\/\/tools.google.com\/dlpage\/gaoptout<\/strong><\/a>.<\/p>\n\n\n\n<p><strong>Co si\u0119 stanie, gdy udost\u0119pni\u0119 tre\u015bci na platformach spo\u0142eczno\u015bciowych?<\/strong><\/p>\n\n\n\n<p>Je\u015bli \u201eudost\u0119pniasz\u201d tre\u015bci Ipsen w sieciach spo\u0142eczno\u015bciowych, takich jak Facebook i Twitter, mo\u017cesz otrzymywa\u0107 pliki cookie z tych stron internetowych. Nie kontrolujemy ustawienia tych plik\u00f3w cookie, wi\u0119c sprawd\u017a strony internetowe stron trzecich, aby uzyska\u0107 wi\u0119cej informacji na temat sposobu zarz\u0105dzania nimi.<\/p>\n\n\n\n<!--Alert Card Layout Start Here-->\n<section class=\"alertcard-section\">\n      <div class=\"container\">\n        <!--Alert Box HTML Start Here-->\n        <div class=\"alert-box general-box\">\n                    <div class=\"info-icon\">\n              <span class=\"info-circle\"><img decoding=\"async\" src=\"https:\/\/www.ipsen.com\/poland\/wp-content\/themes\/ipsen-main\/dist\/images\/alert-info-icon.png\" alt=\"Alert\"\/><\/i>\n            <\/div>\n                    <div class=\"info-contents\">\n          <h4 role=\"heading\" aria-level=\"2\" class=\"info-head heading-four heading-four\"><\/h4>\n            <p class=\"info-sub-head-para hidden heading-para\"><\/p>\n            <div class=\"alert-content visible\"><p>Ostatnia aktualizacja Jan 27, 2026<\/p>\n<\/div>\n          <\/div>\n        <\/div>\n        <!--Alert Box HTML Start Here-->\n      <\/div>\n    <\/section>\n<!--Alert Card Layout End Here-->\n<\/div>\n<\/div>\n","protected":false},"excerpt":{"rendered":"","protected":false},"author":62,"featured_media":0,"parent":0,"menu_order":0,"comment_status":"closed","ping_status":"closed","template":"","meta":{"_acf_changed":false,"footnotes":""},"class_list":["post-494","page","type-page","status-publish","hentry","entry"],"acf":[],"yoast_head":"<!-- This site is optimized with the Yoast SEO plugin v26.8 - https:\/\/yoast.com\/product\/yoast-seo-wordpress\/ -->\n<title>Polityka Cookies - Poland<\/title>\n<meta name=\"robots\" content=\"index, follow, max-snippet:-1, max-image-preview:large, max-video-preview:-1\" \/>\n<link rel=\"canonical\" href=\"https:\/\/www.ipsen.com\/poland\/polityka-cookies\/\" \/>\n<meta property=\"og:locale\" content=\"pl_PL\" \/>\n<meta property=\"og:type\" content=\"article\" \/>\n<meta property=\"og:title\" content=\"Polityka Cookies - Poland\" \/>\n<meta property=\"og:url\" content=\"https:\/\/www.ipsen.com\/poland\/polityka-cookies\/\" \/>\n<meta property=\"og:site_name\" content=\"Poland\" \/>\n<meta property=\"article:modified_time\" content=\"2026-01-27T08:07:24+00:00\" \/>\n<meta name=\"twitter:card\" content=\"summary_large_image\" \/>\n<meta name=\"twitter:label1\" content=\"Est. reading time\" \/>\n\t<meta name=\"twitter:data1\" content=\"3 minutes\" \/>\n<script type=\"application\/ld+json\" class=\"yoast-schema-graph\">{\"@context\":\"https:\/\/schema.org\",\"@graph\":[{\"@type\":\"WebPage\",\"@id\":\"https:\/\/www.ipsen.com\/poland\/polityka-cookies\/\",\"url\":\"https:\/\/www.ipsen.com\/poland\/polityka-cookies\/\",\"name\":\"Polityka Cookies - Poland\",\"isPartOf\":{\"@id\":\"https:\/\/www.ipsen.com\/poland\/#website\"},\"datePublished\":\"2026-01-27T08:07:20+00:00\",\"dateModified\":\"2026-01-27T08:07:24+00:00\",\"breadcrumb\":{\"@id\":\"https:\/\/www.ipsen.com\/poland\/polityka-cookies\/#breadcrumb\"},\"inLanguage\":\"pl-PL\",\"potentialAction\":[{\"@type\":\"ReadAction\",\"target\":[\"https:\/\/www.ipsen.com\/poland\/polityka-cookies\/\"]}]},{\"@type\":\"BreadcrumbList\",\"@id\":\"https:\/\/www.ipsen.com\/poland\/polityka-cookies\/#breadcrumb\",\"itemListElement\":[{\"@type\":\"ListItem\",\"position\":1,\"name\":\"Home\",\"item\":\"https:\/\/www.ipsen.com\/poland\/\"},{\"@type\":\"ListItem\",\"position\":2,\"name\":\"Polityka Cookies\"}]},{\"@type\":\"WebSite\",\"@id\":\"https:\/\/www.ipsen.com\/poland\/#website\",\"url\":\"https:\/\/www.ipsen.com\/poland\/\",\"name\":\"Poland\",\"description\":\"\",\"publisher\":{\"@id\":\"https:\/\/www.ipsen.com\/poland\/#organization\"},\"potentialAction\":[{\"@type\":\"SearchAction\",\"target\":{\"@type\":\"EntryPoint\",\"urlTemplate\":\"https:\/\/www.ipsen.com\/poland\/?s={search_term_string}\"},\"query-input\":{\"@type\":\"PropertyValueSpecification\",\"valueRequired\":true,\"valueName\":\"search_term_string\"}}],\"inLanguage\":\"pl-PL\"},{\"@type\":\"Organization\",\"@id\":\"https:\/\/www.ipsen.com\/poland\/#organization\",\"name\":\"Poland\",\"url\":\"https:\/\/www.ipsen.com\/poland\/\",\"logo\":{\"@type\":\"ImageObject\",\"inLanguage\":\"pl-PL\",\"@id\":\"https:\/\/www.ipsen.com\/poland\/#\/schema\/logo\/image\/\",\"url\":\"https:\/\/www.ipsen.com\/poland\/wp-content\/uploads\/sites\/30\/2025\/10\/Logo-Ipsen-new.svg\",\"contentUrl\":\"https:\/\/www.ipsen.com\/poland\/wp-content\/uploads\/sites\/30\/2025\/10\/Logo-Ipsen-new.svg\",\"caption\":\"Poland\"},\"image\":{\"@id\":\"https:\/\/www.ipsen.com\/poland\/#\/schema\/logo\/image\/\"}}]}<\/script>\n<!-- \/ Yoast SEO plugin. -->","yoast_head_json":{"title":"Polityka Cookies - Poland","robots":{"index":"index","follow":"follow","max-snippet":"max-snippet:-1","max-image-preview":"max-image-preview:large","max-video-preview":"max-video-preview:-1"},"canonical":"https:\/\/www.ipsen.com\/poland\/polityka-cookies\/","og_locale":"pl_PL","og_type":"article","og_title":"Polityka Cookies - Poland","og_url":"https:\/\/www.ipsen.com\/poland\/polityka-cookies\/","og_site_name":"Poland","article_modified_time":"2026-01-27T08:07:24+00:00","twitter_card":"summary_large_image","twitter_misc":{"Est. reading time":"3 minutes"},"schema":{"@context":"https:\/\/schema.org","@graph":[{"@type":"WebPage","@id":"https:\/\/www.ipsen.com\/poland\/polityka-cookies\/","url":"https:\/\/www.ipsen.com\/poland\/polityka-cookies\/","name":"Polityka Cookies - Poland","isPartOf":{"@id":"https:\/\/www.ipsen.com\/poland\/#website"},"datePublished":"2026-01-27T08:07:20+00:00","dateModified":"2026-01-27T08:07:24+00:00","breadcrumb":{"@id":"https:\/\/www.ipsen.com\/poland\/polityka-cookies\/#breadcrumb"},"inLanguage":"pl-PL","potentialAction":[{"@type":"ReadAction","target":["https:\/\/www.ipsen.com\/poland\/polityka-cookies\/"]}]},{"@type":"BreadcrumbList","@id":"https:\/\/www.ipsen.com\/poland\/polityka-cookies\/#breadcrumb","itemListElement":[{"@type":"ListItem","position":1,"name":"Home","item":"https:\/\/www.ipsen.com\/poland\/"},{"@type":"ListItem","position":2,"name":"Polityka Cookies"}]},{"@type":"WebSite","@id":"https:\/\/www.ipsen.com\/poland\/#website","url":"https:\/\/www.ipsen.com\/poland\/","name":"Poland","description":"","publisher":{"@id":"https:\/\/www.ipsen.com\/poland\/#organization"},"potentialAction":[{"@type":"SearchAction","target":{"@type":"EntryPoint","urlTemplate":"https:\/\/www.ipsen.com\/poland\/?s={search_term_string}"},"query-input":{"@type":"PropertyValueSpecification","valueRequired":true,"valueName":"search_term_string"}}],"inLanguage":"pl-PL"},{"@type":"Organization","@id":"https:\/\/www.ipsen.com\/poland\/#organization","name":"Poland","url":"https:\/\/www.ipsen.com\/poland\/","logo":{"@type":"ImageObject","inLanguage":"pl-PL","@id":"https:\/\/www.ipsen.com\/poland\/#\/schema\/logo\/image\/","url":"https:\/\/www.ipsen.com\/poland\/wp-content\/uploads\/sites\/30\/2025\/10\/Logo-Ipsen-new.svg","contentUrl":"https:\/\/www.ipsen.com\/poland\/wp-content\/uploads\/sites\/30\/2025\/10\/Logo-Ipsen-new.svg","caption":"Poland"},"image":{"@id":"https:\/\/www.ipsen.com\/poland\/#\/schema\/logo\/image\/"}}]}},"parsely":{"version":"1.1.0","canonical_url":"https:\/\/ipsen.com\/poland\/polityka-cookies\/","smart_links":{"inbound":0,"outbound":0},"traffic_boost_suggestions_count":0,"meta":{"@context":"https:\/\/schema.org","@type":"WebPage","headline":"Polityka Cookies","url":"http:\/\/www.ipsen.com\/poland\/polityka-cookies\/","mainEntityOfPage":{"@type":"WebPage","@id":"http:\/\/www.ipsen.com\/poland\/polityka-cookies\/"},"thumbnailUrl":"","image":{"@type":"ImageObject","url":""},"articleSection":"Bez kategorii","author":[{"@type":"Person","name":"beven"}],"creator":["beven"],"publisher":{"@type":"Organization","name":"Poland","logo":""},"keywords":[],"dateCreated":"2026-01-27T08:07:20Z","datePublished":"2026-01-27T08:07:20Z","dateModified":"2026-01-27T08:07:24Z"},"rendered":"<script type=\"application\/ld+json\" class=\"wp-parsely-metadata\">{\"@context\":\"https:\\\/\\\/schema.org\",\"@type\":\"WebPage\",\"headline\":\"Polityka Cookies\",\"url\":\"http:\\\/\\\/www.ipsen.com\\\/poland\\\/polityka-cookies\\\/\",\"mainEntityOfPage\":{\"@type\":\"WebPage\",\"@id\":\"http:\\\/\\\/www.ipsen.com\\\/poland\\\/polityka-cookies\\\/\"},\"thumbnailUrl\":\"\",\"image\":{\"@type\":\"ImageObject\",\"url\":\"\"},\"articleSection\":\"Bez kategorii\",\"author\":[{\"@type\":\"Person\",\"name\":\"beven\"}],\"creator\":[\"beven\"],\"publisher\":{\"@type\":\"Organization\",\"name\":\"Poland\",\"logo\":\"\"},\"keywords\":[],\"dateCreated\":\"2026-01-27T08:07:20Z\",\"datePublished\":\"2026-01-27T08:07:20Z\",\"dateModified\":\"2026-01-27T08:07:24Z\"}<\/script>","tracker_url":"https:\/\/cdn.parsely.com\/keys\/ipsen.com\/p.js"},"_links":{"self":[{"href":"https:\/\/www.ipsen.com\/poland\/wp-json\/wp\/v2\/pages\/494","targetHints":{"allow":["GET"]}}],"collection":[{"href":"https:\/\/www.ipsen.com\/poland\/wp-json\/wp\/v2\/pages"}],"about":[{"href":"https:\/\/www.ipsen.com\/poland\/wp-json\/wp\/v2\/types\/page"}],"author":[{"embeddable":true,"href":"https:\/\/www.ipsen.com\/poland\/wp-json\/wp\/v2\/users\/62"}],"replies":[{"embeddable":true,"href":"https:\/\/www.ipsen.com\/poland\/wp-json\/wp\/v2\/comments?post=494"}],"version-history":[{"count":1,"href":"https:\/\/www.ipsen.com\/poland\/wp-json\/wp\/v2\/pages\/494\/revisions"}],"predecessor-version":[{"id":498,"href":"https:\/\/www.ipsen.com\/poland\/wp-json\/wp\/v2\/pages\/494\/revisions\/498"}],"wp:attachment":[{"href":"https:\/\/www.ipsen.com\/poland\/wp-json\/wp\/v2\/media?parent=494"}],"curies":[{"name":"wp","href":"https:\/\/api.w.org\/{rel}","templated":true}]}}