{"id":210,"date":"2026-01-08T12:29:23","date_gmt":"2026-01-08T10:29:23","guid":{"rendered":"https:\/\/www.ipsen.com\/poland\/?page_id=210"},"modified":"2026-01-08T12:29:24","modified_gmt":"2026-01-08T10:29:24","slug":"test-page-2","status":"publish","type":"page","link":"https:\/\/www.ipsen.com\/poland\/test-page-2\/","title":{"rendered":"Test Page 2"},"content":{"rendered":"\t<!-- Hero Carousel Start Here-->\n\t<section class=\"hero-section banner-filter\">\n\t\t<div class=\"hero_fullwidth \"><!-- container class shown if gridlayout choosen -->\n\t\t\t<div id=\"heroCarousel\" class=\"carousel slide herocaro hero-banner-bg-image\" data-bs-ride=\"carousel\" data-enableplaybtn=\"1\" data-autoplay= \"\"  data-autospeed= \"\" >\n\t\t\t\t<!-- Slider Indicator-->\n\t\t\t\t<div class=\"carousel-indicators hidden\">\n\t\t\t\t<button type=\"button\" data-bs-target=\"#heroCarousel\" data-bs-slide-to=\"0\" class=\"active\" aria-current=\"true\" aria-label=\"Slide 0\"><\/button>\t\t\t\t<\/div>\n\t\t\t\t<!-- Items -->\n\t\t\t\t<div class=\"carousel-inner\">\n\t\t\t\t\t\t\n\t\t\t\t\t\t<!-- Hero Banner with carousel HTML -->\n\t\t\t\t\t\t<div class=\"carousel-item active banner-no-filter\">\n\n\t\t\t\t\t\t\t\n\t\t\t\t\t\t\t\t\t\t\t\t\t\t\t\t\t<img decoding=\"async\" class=\"bd-placeholder-img hidden mobile-view\" width=\"100%\" height=\"100%\" src=\"\" aria-hidden=\"true\" title=\"Hero Banner Video Image\" alt=\"Hero Banner Video Image\" \/> \n\t\t\t\t\t\t\t\t\t\t<div class=\"video visible desktop-view\"> \n\t\t\t\t\t\t\t\t\t\t\t<div class='embed-container'> \n\t\t\t\t\t\t\t\t\t\t\t\t<div style=\"padding:73%;\">\n\t\t\t\t\t\t\t\t\t\t\t\t\t<video class='veeva_video' title='' autoplay muted loop  src='https:\/\/www.ipsen.com\/websites\/ipsen_com_v2\/wp-content\/uploads\/2025\/11\/13113936\/Hero-Banner_24.10_4MB.mp4' data-ot-ignore>\n                        <\/video>\t\t\t\t\t\t\t\t\t\t\t\t<\/div>\n\t\t\t\t\t\t\t\t\t\t\t<\/div>\n\t\t\t\t\t\t\t\t\t\t<\/div>\t\n\n\t\t\t\t\t\t\t\t\n\n\t\t\t\t\t\t\t<div class=\"container align-left\">\n\t\t\t\t\t\t\t\t<div class=\"carousel-caption\">\n\t\t\t\t\t\t\t\t\t<h1 class=\"visible text-start heading-one banner-font-color-white\">\n\t\t\t\t\t\t\t\t\t\tIpsen &#8211; Zintegrowani. Razem. Dla pacjent\u00f3w i spo\u0142eczno\u015bci. \t\t\t\t\t\t\t\t\t<\/h1>\n\t\t\t\t\t\t\t\t\t<div class=\"visible text-start banner-font-color-white\">Ipsen to \u015bredniej wielko\u015bci globalna firma biofarmaceutyczna, kt\u00f3rej celem jest poprawa jako\u015bci \u017cycia pacjent\u00f3w poprzez badania i innowacje w dziedzinie Onkologii, Chor\u00f3b Rzadkich i Neurologii.rnPod has\u0142em \u201eZintegrowani. Razem. Dla pacjent\u00f3w i spo\u0142ecze\u0144stwa\u201d Ipsen koncentruje si\u0119 na tych strategicznych priorytetach, aby przyspieszy\u0107 innowacje i wywrze\u0107 pozytywny wp\u0142yw na pacjent\u00f3w, pracownik\u00f3w i spo\u0142ecze\u0144stwo \u2013 to strategia na kr\u00f3tk\u0105 i d\u0142ug\u0105 met\u0119.<\/div>\n\t\t\t\t\t\t\t\t\t\n\t\t\t\t\t\t\t\t\t\t\t\t\t\t\t\t\t\t\n\t\t\t\t\t\t\t\t<\/div>\n\t\t\t\t\t\t\t<\/div>\n\t\t\t\t\t\t<\/div>\n\n\t\t\t\t\t\t\t\t\t<\/div>\n\t\t\t\t\n\t\t\t\t\t\t\t\t\t<div id=\"carouselButtons\" class=\"hidden visible\">\n\t\t\t\t\t\t<button id=\"playButton\" class=\"hidden\" aria-label=\"Nast\u0119pny slajd\" type=\"button\"><\/button>\n\t\t\t\t\t\t<button id=\"pauseButton\" aria-label=\"Nast\u0119pny slajd\" type=\"button\"><\/button>\n\t\t\t\t\t<\/div>\n\t\t\t\t\n\t\t\t<\/div>\n\t\t<\/div>\n\t<\/section>\n\t<!-- Hero Carousel End Here-->\n  \n\n    <section class=\"title-text \">\n        <div class=\"container\">\n            <div class=\"title-text-inner\" style=\"background-color:#EDEBE4;\">\n\n                <!-- If heading is enabled then it's visible -->\n                <div class=\"text-head-dash visible\">\n                <h3 class=\"heading-three\" role=\"heading\" aria-level=\"2\">\n                        Kim jeste\u015bmy?                    <\/h3>\n                <\/div>\n               \n                <!-- If description is enabled then it's visible -->\n                <div class=\"text-parbase visible\">\n                    <p>Ipsen to \u015bredniej wielko\u015bci globalna firma biofarmaceutyczna, kt\u00f3rej celem jest poprawa jako\u015bci \u017cycia pacjent\u00f3w poprzez badania i innowacje w dziedzinie Onkologii, Chor\u00f3b Rzadkich i Neurologii.<\/p>\n                <\/div>\n\n                <!-- If button is enabled then it's visible -->\n                \n            <\/div>\n        <\/div>\n    <\/section>\n\n\n<!-- Text & Media Block Code -->\n<section class=\"two-col-section text-media-section\">\n    <div class=\"container two-section-innner \">\n        <div class=\"response-inner\" style=\"background-image: url('')\">\n            <div class=\"row \">\n                <div class=\"col-xs-12 col-sm-12 col-md-6\">\n                                                    <div class=\"img-video-section\">\n                                <img decoding=\"async\" \n                                    src=\"https:\/\/www.ipsen.com\/poland\/wp-content\/uploads\/sites\/30\/2025\/12\/IPSEN_250226_SCIENCE-ILLUSTRATION_LEVEL-1-2_Science-focus_RGB-1.jpg\" \n                                    alt=\"\" \n                                >\n                            <\/div>\n                                        <\/div>\n                <div class=\" col-xs-12 col-sm-12 col-md-6\">\n                    <div class=\"section-content\">\n                        <div class=\"heading-dash\">\n                                                            <span class=\"dash\"><\/span>\n                                <h4 class=\"heading-para heading-four\" role=\"heading\" aria-level=\"2\">\n                                    Jak dzia\u0142amy?                                 <\/h4>\n                                                    <\/div>\n                                                <p>&#8216;Aby poprawi\u0107 jako\u015b\u0107 \u017cycia i stan zdrowia ludzi, skupiamy si\u0119 na obszarach o du\u017cych, niezaspokojonych potrzebach medycznych, przyspieszaj\u0105c tempo naszych dzia\u0142a\u0144 i szybko rozbudowuj\u0105c nasze portfolio, aby w pe\u0142ni wykorzysta\u0107 potencja\u0142 naszych innowacyjnych lek\u00f3w z my\u015bl\u0105 o pacjentach.<\/p>\n                            <a \n                            aria-label=\"Wi\u0119cej informacji about Jak dzia\u0142amy? \"  \n                                role=\"link\" \n                                class=\"btn-link section-btn cta-visible\"\n                                href=\"https:\/\/www.ipsen.com\/science\/profiles\/\" \n                                target=\"_blank\"\n                            > \n                                Wi\u0119cej informacji \n                            <\/a>\n\n                    <\/div>\n                <\/div>\n            <\/div>\n        <\/div>\n    <\/div>\n<\/section>\n\n\t<!-- Ipsen Quotes Start -->\n\t<section class=\"quotes-section\" aria-label=\"quotes-section\">\n\t\t<div class=\"container\">\n\t\t\t\t\t\t<div class=\"quote-sec-inner\"    >\n\t\t\t\t\t<div class=\"row\">\n\t\t\t\t\t\t\t\t\t\t\t\t<div class=\"column-1 col-xl-4 col-md-6 col-xs-12 \">\n\t\t\t\t\t\t\t\t\t\t\t\t\t\t\t\t\t\t<div class=\"quote-img\">\n\t\t\t\t\t\t\t\t\t\t\t<img \n\t\t\t\t\t\t\t\t\t\t\t\tsrc=\"https:\/\/www.ipsen.com\/poland\/wp-content\/uploads\/sites\/30\/2025\/12\/Exec-Photos.png\" \n\t\t\t\t\t\t\t\t\t\t\t\talt=\"David Loew\"\n\t\t\t\t\t\t\t\t\t\t\t>\n\t\t\t\t\t\t\t\t\t\t<\/div>\n\t\t\t\t\t\t\t\t\t\t\t\t\t\t\t<\/div>\n\t\t\t\t\t\t\t<div class=\"column-2 col-xl-8 col-md-6 col-xs-12 \">\n\t\t\t\t\t\t\t\t<div class=\"quote-content\">\n\t\t\t\t\t\t\t\t\t<div class=\"quote-para \">\n\t\t\t\t\t\t\t\t\t\t<p class=\"para\">\n\t\t\t\t\t\t\t\t\t\t\t<p>Nasz\u0105 strategi\u0105 jest stworzenie pozycji lidera w bran\u017cy. Nasza globalna obecno\u015b\u0107, zasoby, wiedza specjalistyczna i bogate do\u015bwiadczenie w komercjalizacji naszych lprodukt\u00f3w leczniczych, przek\u0142adaj\u0105 si\u0119 na realny wp\u0142yw na ludzi z du\u017cymi, niezaspokojonymi potrzebami medycznymi. Wykorzystujemy w pe\u0142ni potencja\u0142 infrastruktury, innowacji i pasji Ipsen, aby rozwija\u0107 nowe terapie i nawi\u0105zywa\u0107 warto\u015bciowe wsp\u00f3\u0142prace.<\/p>\n\t\t\t\t\t\t\t\t\t\t<\/p>\n\t\t\t\t\t\t\t\t\t<\/div>\n\t\t\t\t\t\t\t\t\t<div class=\"quote-sign-div\">\n\t\t\t\t\t\t\t\t\t\t<div class=\"quote-author-div\">\n\t\t\t\t\t\t\t\t\t\t\t<div class=\"quote-dash-div\">\n\t\t\t\t\t\t\t\t\t\t\t\t<span class=\"quote-dash\">\n\n\t\t\t\t\t\t\t\t\t\t\t\t<\/span>\n\t\t\t\t\t\t\t\t\t\t\t\t\t\t\t\t\t\t\t\t\t\t\t\t\t\t\t\t<p class=\"quote-author primary-blue\">\n\t\t\t\t\t\t\t\t\t\t\t\t\t\t\t\tDavid Loew\t\t\t\t\t\t\t\t\t\t\t\t\t\t\t<\/p>\t\n\t\t\t\t\t\t\t\t\t\t\t\t\t\t\t\t\t\t\t\t\t\t<\/div>\n\t\t\t\t\t\t\t\t\t\t\t\t\t\t\t\t\t\t\t\t\t\t\t<p class=\"quote-author-role\">\n\t\t\t\t\t\t\t\t\t\t\t\t\tDyrektor Generalny \t\t\t\t\t\t\t\t\t\t\t\t<\/p> \n\t\t\t\t\t\t\t\t\t\t\t\t\t\t\t\t\t\t\t\t\t<\/div>\n\t\t\t\t\t\t\t\t\t<\/div>\n\t\t\t\t\t\t\t\t<\/div>\n\t\t\t\t\t\t\t<\/div>\n\t\t\t\t\t\t\t\t\t<\/div>\n\t\t\t<\/div>\n\t\t\t<\/div>\n<\/section>\n<!-- Ipsen Quotes End -->\n","protected":false},"excerpt":{"rendered":"","protected":false},"author":2,"featured_media":0,"parent":0,"menu_order":0,"comment_status":"closed","ping_status":"closed","template":"","meta":{"_acf_changed":false,"footnotes":""},"class_list":["post-210","page","type-page","status-publish","hentry","entry"],"acf":[],"yoast_head":"<!-- This site is optimized with the Yoast SEO plugin v26.8 - https:\/\/yoast.com\/product\/yoast-seo-wordpress\/ -->\n<title>Ipsen - Zintegrowani. Razem. Dla pacjent\u00f3w i spo\u0142eczno\u015bci.<\/title>\n<meta name=\"description\" content=\"Ipsen to \u015bredniej wielko\u015bci globalna firma biofarmaceutyczna, kt\u00f3rej celem jest poprawa jako\u015bci \u017cycia pacjent\u00f3w poprzez badania i innowacje w dziedzinie Onkologii, Chor\u00f3b Rzadkich i Neurologii.\" \/>\n<meta name=\"robots\" content=\"index, follow, max-snippet:-1, max-image-preview:large, max-video-preview:-1\" \/>\n<link rel=\"canonical\" href=\"https:\/\/www.ipsen.com\/poland\/test-page-2\/\" \/>\n<meta property=\"og:locale\" content=\"pl_PL\" \/>\n<meta property=\"og:type\" content=\"article\" \/>\n<meta property=\"og:title\" content=\"Ipsen - Zintegrowani. Razem. Dla pacjent\u00f3w i spo\u0142eczno\u015bci.\" \/>\n<meta property=\"og:description\" content=\"Ipsen to \u015bredniej wielko\u015bci globalna firma biofarmaceutyczna, kt\u00f3rej celem jest poprawa jako\u015bci \u017cycia pacjent\u00f3w poprzez badania i innowacje w dziedzinie Onkologii, Chor\u00f3b Rzadkich i Neurologii.\" \/>\n<meta property=\"og:url\" content=\"https:\/\/www.ipsen.com\/poland\/test-page-2\/\" \/>\n<meta property=\"og:site_name\" content=\"Poland\" \/>\n<meta property=\"article:modified_time\" content=\"2026-01-08T10:29:24+00:00\" \/>\n<meta name=\"twitter:card\" content=\"summary_large_image\" \/>\n<script type=\"application\/ld+json\" class=\"yoast-schema-graph\">{\"@context\":\"https:\/\/schema.org\",\"@graph\":[{\"@type\":\"WebPage\",\"@id\":\"https:\/\/www.ipsen.com\/poland\/test-page-2\/\",\"url\":\"https:\/\/www.ipsen.com\/poland\/test-page-2\/\",\"name\":\"Ipsen - Zintegrowani. Razem. Dla pacjent\u00f3w i spo\u0142eczno\u015bci.\",\"isPartOf\":{\"@id\":\"https:\/\/www.ipsen.com\/poland\/#website\"},\"datePublished\":\"2026-01-08T10:29:23+00:00\",\"dateModified\":\"2026-01-08T10:29:24+00:00\",\"description\":\"Ipsen to \u015bredniej wielko\u015bci globalna firma biofarmaceutyczna, kt\u00f3rej celem jest poprawa jako\u015bci \u017cycia pacjent\u00f3w poprzez badania i innowacje w dziedzinie Onkologii, Chor\u00f3b Rzadkich i Neurologii.\",\"breadcrumb\":{\"@id\":\"https:\/\/www.ipsen.com\/poland\/test-page-2\/#breadcrumb\"},\"inLanguage\":\"pl-PL\",\"potentialAction\":[{\"@type\":\"ReadAction\",\"target\":[\"https:\/\/www.ipsen.com\/poland\/test-page-2\/\"]}]},{\"@type\":\"BreadcrumbList\",\"@id\":\"https:\/\/www.ipsen.com\/poland\/test-page-2\/#breadcrumb\",\"itemListElement\":[{\"@type\":\"ListItem\",\"position\":1,\"name\":\"Home\",\"item\":\"https:\/\/www.ipsen.com\/poland\/\"},{\"@type\":\"ListItem\",\"position\":2,\"name\":\"Test Page 2\"}]},{\"@type\":\"WebSite\",\"@id\":\"https:\/\/www.ipsen.com\/poland\/#website\",\"url\":\"https:\/\/www.ipsen.com\/poland\/\",\"name\":\"Poland\",\"description\":\"\",\"publisher\":{\"@id\":\"https:\/\/www.ipsen.com\/poland\/#organization\"},\"potentialAction\":[{\"@type\":\"SearchAction\",\"target\":{\"@type\":\"EntryPoint\",\"urlTemplate\":\"https:\/\/www.ipsen.com\/poland\/?s={search_term_string}\"},\"query-input\":{\"@type\":\"PropertyValueSpecification\",\"valueRequired\":true,\"valueName\":\"search_term_string\"}}],\"inLanguage\":\"pl-PL\"},{\"@type\":\"Organization\",\"@id\":\"https:\/\/www.ipsen.com\/poland\/#organization\",\"name\":\"Poland\",\"url\":\"https:\/\/www.ipsen.com\/poland\/\",\"logo\":{\"@type\":\"ImageObject\",\"inLanguage\":\"pl-PL\",\"@id\":\"https:\/\/www.ipsen.com\/poland\/#\/schema\/logo\/image\/\",\"url\":\"https:\/\/www.ipsen.com\/poland\/wp-content\/uploads\/sites\/30\/2025\/10\/Logo-Ipsen-new.svg\",\"contentUrl\":\"https:\/\/www.ipsen.com\/poland\/wp-content\/uploads\/sites\/30\/2025\/10\/Logo-Ipsen-new.svg\",\"caption\":\"Poland\"},\"image\":{\"@id\":\"https:\/\/www.ipsen.com\/poland\/#\/schema\/logo\/image\/\"}}]}<\/script>\n<!-- \/ Yoast SEO plugin. -->","yoast_head_json":{"title":"Ipsen - Zintegrowani. Razem. Dla pacjent\u00f3w i spo\u0142eczno\u015bci.","description":"Ipsen to \u015bredniej wielko\u015bci globalna firma biofarmaceutyczna, kt\u00f3rej celem jest poprawa jako\u015bci \u017cycia pacjent\u00f3w poprzez badania i innowacje w dziedzinie Onkologii, Chor\u00f3b Rzadkich i Neurologii.","robots":{"index":"index","follow":"follow","max-snippet":"max-snippet:-1","max-image-preview":"max-image-preview:large","max-video-preview":"max-video-preview:-1"},"canonical":"https:\/\/www.ipsen.com\/poland\/test-page-2\/","og_locale":"pl_PL","og_type":"article","og_title":"Ipsen - Zintegrowani. Razem. Dla pacjent\u00f3w i spo\u0142eczno\u015bci.","og_description":"Ipsen to \u015bredniej wielko\u015bci globalna firma biofarmaceutyczna, kt\u00f3rej celem jest poprawa jako\u015bci \u017cycia pacjent\u00f3w poprzez badania i innowacje w dziedzinie Onkologii, Chor\u00f3b Rzadkich i Neurologii.","og_url":"https:\/\/www.ipsen.com\/poland\/test-page-2\/","og_site_name":"Poland","article_modified_time":"2026-01-08T10:29:24+00:00","twitter_card":"summary_large_image","schema":{"@context":"https:\/\/schema.org","@graph":[{"@type":"WebPage","@id":"https:\/\/www.ipsen.com\/poland\/test-page-2\/","url":"https:\/\/www.ipsen.com\/poland\/test-page-2\/","name":"Ipsen - Zintegrowani. Razem. Dla pacjent\u00f3w i spo\u0142eczno\u015bci.","isPartOf":{"@id":"https:\/\/www.ipsen.com\/poland\/#website"},"datePublished":"2026-01-08T10:29:23+00:00","dateModified":"2026-01-08T10:29:24+00:00","description":"Ipsen to \u015bredniej wielko\u015bci globalna firma biofarmaceutyczna, kt\u00f3rej celem jest poprawa jako\u015bci \u017cycia pacjent\u00f3w poprzez badania i innowacje w dziedzinie Onkologii, Chor\u00f3b Rzadkich i Neurologii.","breadcrumb":{"@id":"https:\/\/www.ipsen.com\/poland\/test-page-2\/#breadcrumb"},"inLanguage":"pl-PL","potentialAction":[{"@type":"ReadAction","target":["https:\/\/www.ipsen.com\/poland\/test-page-2\/"]}]},{"@type":"BreadcrumbList","@id":"https:\/\/www.ipsen.com\/poland\/test-page-2\/#breadcrumb","itemListElement":[{"@type":"ListItem","position":1,"name":"Home","item":"https:\/\/www.ipsen.com\/poland\/"},{"@type":"ListItem","position":2,"name":"Test Page 2"}]},{"@type":"WebSite","@id":"https:\/\/www.ipsen.com\/poland\/#website","url":"https:\/\/www.ipsen.com\/poland\/","name":"Poland","description":"","publisher":{"@id":"https:\/\/www.ipsen.com\/poland\/#organization"},"potentialAction":[{"@type":"SearchAction","target":{"@type":"EntryPoint","urlTemplate":"https:\/\/www.ipsen.com\/poland\/?s={search_term_string}"},"query-input":{"@type":"PropertyValueSpecification","valueRequired":true,"valueName":"search_term_string"}}],"inLanguage":"pl-PL"},{"@type":"Organization","@id":"https:\/\/www.ipsen.com\/poland\/#organization","name":"Poland","url":"https:\/\/www.ipsen.com\/poland\/","logo":{"@type":"ImageObject","inLanguage":"pl-PL","@id":"https:\/\/www.ipsen.com\/poland\/#\/schema\/logo\/image\/","url":"https:\/\/www.ipsen.com\/poland\/wp-content\/uploads\/sites\/30\/2025\/10\/Logo-Ipsen-new.svg","contentUrl":"https:\/\/www.ipsen.com\/poland\/wp-content\/uploads\/sites\/30\/2025\/10\/Logo-Ipsen-new.svg","caption":"Poland"},"image":{"@id":"https:\/\/www.ipsen.com\/poland\/#\/schema\/logo\/image\/"}}]}},"parsely":{"version":"1.1.0","canonical_url":"https:\/\/ipsen.com\/poland\/test-page-2\/","smart_links":{"inbound":0,"outbound":0},"traffic_boost_suggestions_count":0,"meta":{"@context":"https:\/\/schema.org","@type":"WebPage","headline":"Test Page 2","url":"http:\/\/www.ipsen.com\/poland\/test-page-2\/","mainEntityOfPage":{"@type":"WebPage","@id":"http:\/\/www.ipsen.com\/poland\/test-page-2\/"},"thumbnailUrl":"","image":{"@type":"ImageObject","url":""},"articleSection":"Bez kategorii","author":[{"@type":"Person","name":"navya"}],"creator":["navya"],"publisher":{"@type":"Organization","name":"Poland","logo":""},"keywords":[],"dateCreated":"2026-01-08T10:29:23Z","datePublished":"2026-01-08T10:29:23Z","dateModified":"2026-01-08T10:29:24Z"},"rendered":"<script type=\"application\/ld+json\" class=\"wp-parsely-metadata\">{\"@context\":\"https:\\\/\\\/schema.org\",\"@type\":\"WebPage\",\"headline\":\"Test Page 2\",\"url\":\"http:\\\/\\\/www.ipsen.com\\\/poland\\\/test-page-2\\\/\",\"mainEntityOfPage\":{\"@type\":\"WebPage\",\"@id\":\"http:\\\/\\\/www.ipsen.com\\\/poland\\\/test-page-2\\\/\"},\"thumbnailUrl\":\"\",\"image\":{\"@type\":\"ImageObject\",\"url\":\"\"},\"articleSection\":\"Bez kategorii\",\"author\":[{\"@type\":\"Person\",\"name\":\"navya\"}],\"creator\":[\"navya\"],\"publisher\":{\"@type\":\"Organization\",\"name\":\"Poland\",\"logo\":\"\"},\"keywords\":[],\"dateCreated\":\"2026-01-08T10:29:23Z\",\"datePublished\":\"2026-01-08T10:29:23Z\",\"dateModified\":\"2026-01-08T10:29:24Z\"}<\/script>","tracker_url":"https:\/\/cdn.parsely.com\/keys\/ipsen.com\/p.js"},"_links":{"self":[{"href":"https:\/\/www.ipsen.com\/poland\/wp-json\/wp\/v2\/pages\/210","targetHints":{"allow":["GET"]}}],"collection":[{"href":"https:\/\/www.ipsen.com\/poland\/wp-json\/wp\/v2\/pages"}],"about":[{"href":"https:\/\/www.ipsen.com\/poland\/wp-json\/wp\/v2\/types\/page"}],"author":[{"embeddable":true,"href":"https:\/\/www.ipsen.com\/poland\/wp-json\/wp\/v2\/users\/2"}],"replies":[{"embeddable":true,"href":"https:\/\/www.ipsen.com\/poland\/wp-json\/wp\/v2\/comments?post=210"}],"version-history":[{"count":1,"href":"https:\/\/www.ipsen.com\/poland\/wp-json\/wp\/v2\/pages\/210\/revisions"}],"predecessor-version":[{"id":211,"href":"https:\/\/www.ipsen.com\/poland\/wp-json\/wp\/v2\/pages\/210\/revisions\/211"}],"wp:attachment":[{"href":"https:\/\/www.ipsen.com\/poland\/wp-json\/wp\/v2\/media?parent=210"}],"curies":[{"name":"wp","href":"https:\/\/api.w.org\/{rel}","templated":true}]}}