{"id":167,"date":"2025-11-24T09:21:50","date_gmt":"2025-11-24T07:21:50","guid":{"rendered":"https:\/\/www.ipsen.com\/poland\/?page_id=167"},"modified":"2026-02-02T14:55:28","modified_gmt":"2026-02-02T12:55:28","slug":"w-trosce-o-srodowisko","status":"publish","type":"page","link":"https:\/\/www.ipsen.com\/poland\/w-trosce-o-spoleczenstwo\/w-trosce-o-srodowisko\/","title":{"rendered":"W trosce o \u015brodowisko"},"content":{"rendered":"    <section class=\"sub-page-banner \" style=\"background: linear-gradient(93.64deg, #224A81 2.99%, #2797D3 97.01%)\">\n        <div class=\"container content-sec\">\n            <nav aria-label=\"breadcrumb\">\n            <ol class=\"breadcrumb\">\n                <li class=\"breadcrumb-item\"><a href=\"https:\/\/www.ipsen.com\/poland\">Strona g\u0142\u00f3wna<\/a><\/li><li class=\"breadcrumb-item visible\"><a href=\"https:\/\/www.ipsen.com\/poland\/w-trosce-o-spoleczenstwo\/\">W trosce o spo\u0142ecze\u0144stwo<\/a><\/li><li class=\"breadcrumb-item active\"><a class=\"link-pointer-events-none\" href=\"#\" aria-current=\"page\">W trosce o \u015brodowisko<\/a><\/li><\/ol>\n            <\/nav>            <h1 class=\"visible\">W trosce o \u015brodowisko<\/h1>\n            <p class=\"visible\">Dbamy o nasz\u0105 planet\u0119.<\/p>\n        <\/div>\n    <\/section>\n\n\n\t<!-- Hero Carousel Start Here-->\n\t<section class=\"hero-section banner-filter\">\n\t\t<div class=\"hero_gridwidth container\"><!-- container class shown if gridlayout choosen -->\n\t\t\t<div id=\"heroCarousel\" class=\"carousel slide herocaro hero-banner-no-bg-image\" data-bs-ride=\"carousel\" data-enableplaybtn=\"1\" data-autoplay= \"\"  data-autospeed= \"\" >\n\t\t\t\t<!-- Slider Indicator-->\n\t\t\t\t<div class=\"carousel-indicators hidden\">\n\t\t\t\t<button type=\"button\" data-bs-target=\"#heroCarousel\" data-bs-slide-to=\"0\" class=\"active\" aria-current=\"true\" aria-label=\"Slide 0\"><\/button>\t\t\t\t<\/div>\n\t\t\t\t<!-- Items -->\n\t\t\t\t<div class=\"carousel-inner\">\n\t\t\t\t\t\t\n\t\t\t\t\t\t<!-- Hero Banner with carousel HTML -->\n\t\t\t\t\t\t<div class=\"carousel-item active banner-no-filter\">\n\n\t\t\t\t\t\t\t\t\t\t\t\t\t\t\t<img decoding=\"async\" class=\"bd-placeholder-img visible\" alt=\"\" width=\"100%\" height=\"100%\" src=\"https:\/\/www.ipsen.com\/poland\/wp-content\/uploads\/sites\/30\/2026\/01\/Obraz-1-1.jpg\" \/> \n\t\t\t\t\t\t\t\n\t\t\t\t\t\t\t\t\n\n\t\t\t\t\t\t\t<div class=\"container align-left\">\n\t\t\t\t\t\t\t\t<div class=\"carousel-caption\">\n\t\t\t\t\t\t\t\t\t<h2 class=\"visible text-start heading-two banner-font-color-white\">\n\t\t\t\t\t\t\t\t\t\tW trosce o planet\u0119 \u2013 nasze zaanga\u017cowanie\t\t\t\t\t\t\t\t\t<\/h2>\n\t\t\t\t\t\t\t\t\t<div class=\"hidden text-start banner-font-color-white\"><\/div>\n\t\t\t\t\t\t\t\t\t\n\t\t\t\t\t\t\t\t\t\t\t\t\t\t\t\t\t\t\n\t\t\t\t\t\t\t\t<\/div>\n\t\t\t\t\t\t\t<\/div>\n\t\t\t\t\t\t<\/div>\n\n\t\t\t\t\t\t\t\t\t<\/div>\n\t\t\t\t\n\t\t\t\t\t\t\t\t\t<div id=\"carouselButtons\" class=\"hidden visible\">\n\t\t\t\t\t\t<button id=\"playButton\" class=\"hidden\" aria-label=\"Nast\u0119pny slajd\" type=\"button\"><\/button>\n\t\t\t\t\t\t<button id=\"pauseButton\" aria-label=\"Nast\u0119pny slajd\" type=\"button\"><\/button>\n\t\t\t\t\t<\/div>\n\t\t\t\t\n\t\t\t<\/div>\n\t\t<\/div>\n\t<\/section>\n\t<!-- Hero Carousel End Here-->\n  \n\n\n<!--Alert Card Layout Start Here-->\n<section class=\"alertcard-section\">\n      <div class=\"container\">\n        <!--Alert Box HTML Start Here-->\n        <div class=\"alert-box info-box\">\n                    <div class=\"info-icon\">\n              <span class=\"info-circle\"><img decoding=\"async\" src=\"https:\/\/www.ipsen.com\/poland\/wp-content\/themes\/ipsen-main\/dist\/images\/alert-general-icon.png\" alt=\"Alert\"\/><\/i>\n            <\/div>\n                    <div class=\"info-contents\">\n          <h4 role=\"heading\" aria-level=\"2\" class=\"info-head heading-four heading-four\">D\u0105\u017cymy do bardziej zr\u00f3wnowa\u017conej przysz\u0142o\u015bci<\/h4>\n            <p class=\"info-sub-head-para hidden heading-para\"><\/p>\n            <div class=\"alert-content visible\"><p>W Ipsen z pasj\u0105 d\u0105\u017cymy do budowania zr\u00f3wnowa\u017conej przysz\u0142o\u015bci dla naszej planety i zamieszkuj\u0105cych j\u0105 spo\u0142eczno\u015bci. Nasza globalna strategia \u015brodowiskowa opiera si\u0119 na odpowiedzialnej konsumpcji i produkcji, zdecydowanych dzia\u0142aniach na rzecz klimatu oraz ochronie cennych ekosystem\u00f3w Ziemi. Realizujemy j\u0105 poprzez trzy g\u0142\u00f3wne obszary:<\/p>\n<ul>\n<li>Przewodzenie dzia\u0142aniom na rzecz klimatu.<\/li>\n<li>Ochrona zasob\u00f3w naturalnych.<\/li>\n<li>Ochrona zdrowych ekosystem\u00f3w.<\/li>\n<\/ul>\n<p>Zgodnie z 12. Celem Zr\u00f3wnowa\u017conego Rozwoju ONZ, z pe\u0142nym zaanga\u017cowaniem minimalizujemy nasz \u015blad \u015brodowiskowy poprzez szeroki zakres dzia\u0142a\u0144 i inicjatyw ekologicznych. Nasze ambitne zobowi\u0105zania obejmuj\u0105 osi\u0105gni\u0119cie statusu \u201ezero waste\u201d (zero odpad\u00f3w), optymalizacj\u0119 oszcz\u0119dno\u015bci energii i wody oraz ochron\u0119 bior\u00f3\u017cnorodno\u015bci.<\/p>\n<p>Wszystkie kwestie \u015brodowiskowe s\u0105 zarz\u0105dzane przez organy nadzorcze Ipsen ds. \u015arodowiska, Zdrowia i Bezpiecze\u0144stwa (Environment Health and Safety &#8211; EHS) na ka\u017cdym szczeblu organizacji. Przestrzegamy wszelkich obowi\u0105zuj\u0105cych wymog\u00f3w regulacyjnych oraz naszych w\u0142asnych polityk i standard\u00f3w EHS we wszystkich miejscach naszej dzia\u0142alno\u015bci. Potwierdzeniem tego jest certyfikacja Grupy Ipsen zgodnie z mi\u0119dzynarodowymi normami ISO 45001:2018 (Bezpiecze\u0144stwo i Higiena Pracy) oraz ISO 14001:2015 (Zarz\u0105dzanie \u015arodowiskowe).<\/p>\n<\/div>\n          <\/div>\n        <\/div>\n        <!--Alert Box HTML Start Here-->\n      <\/div>\n    <\/section>\n<!--Alert Card Layout End Here-->\n\n\n    <section class=\"title-text \">\n        <div class=\"container\">\n            <div class=\"title-text-inner\" style=\"background-color:#EDEBE4;\">\n\n                <!-- If heading is enabled then it's visible -->\n                <div class=\"text-head-dash visible\">\n                <h3 class=\"heading-three\" role=\"heading\" aria-level=\"2\">\n                        W trosce o zr\u00f3wnowa\u017cony rozw\u00f3j                    <\/h3>\n                <\/div>\n               \n                <!-- If description is enabled then it's visible -->\n                <div class=\"text-parbase visible\">\n                    <p>Przek\u0142adamy nasze zobowi\u0105zania na konkretne dzia\u0142ania, opieraj\u0105c si\u0119 na usystematyzowanej strategii zr\u00f3wnowa\u017conego rozwoju.<\/p>\n                <\/div>\n\n                <!-- If button is enabled then it's visible -->\n                                        <div class=\"btn-txt\">\n                            <a \n                                aria-label=\"\" \n                                class=\"btn-link section-btn cta-visible\"  \n                                role=\"link\"\n                                href=\"https:\/\/www.ipsen.com\/sustainability\/environment\/\" target=\"_blank\">\n                                Dowiedz si\u0119 wi\u0119cej                            <\/a>\n                        <\/div>\n                \n            <\/div>\n        <\/div>\n    <\/section>\n\n\n\n<p><\/p>\n","protected":false},"excerpt":{"rendered":"","protected":false},"author":62,"featured_media":0,"parent":165,"menu_order":0,"comment_status":"closed","ping_status":"closed","template":"","meta":{"_acf_changed":false,"footnotes":""},"class_list":["post-167","page","type-page","status-publish","hentry","entry"],"acf":[],"yoast_head":"<!-- This site is optimized with the Yoast SEO plugin v26.8 - https:\/\/yoast.com\/product\/yoast-seo-wordpress\/ -->\n<title>W trosce o \u015brodowisko - Poland<\/title>\n<meta name=\"robots\" content=\"index, follow, max-snippet:-1, max-image-preview:large, max-video-preview:-1\" \/>\n<link rel=\"canonical\" href=\"https:\/\/www.ipsen.com\/poland\/w-trosce-o-spoleczenstwo\/w-trosce-o-srodowisko\/\" \/>\n<meta property=\"og:locale\" content=\"pl_PL\" \/>\n<meta property=\"og:type\" content=\"article\" \/>\n<meta property=\"og:title\" content=\"W trosce o \u015brodowisko - Poland\" \/>\n<meta property=\"og:url\" content=\"https:\/\/www.ipsen.com\/poland\/w-trosce-o-spoleczenstwo\/w-trosce-o-srodowisko\/\" \/>\n<meta property=\"og:site_name\" content=\"Poland\" \/>\n<meta property=\"article:modified_time\" content=\"2026-02-02T12:55:28+00:00\" \/>\n<meta name=\"twitter:card\" content=\"summary_large_image\" \/>\n<script type=\"application\/ld+json\" class=\"yoast-schema-graph\">{\"@context\":\"https:\/\/schema.org\",\"@graph\":[{\"@type\":\"WebPage\",\"@id\":\"https:\/\/www.ipsen.com\/poland\/w-trosce-o-spoleczenstwo\/w-trosce-o-srodowisko\/\",\"url\":\"https:\/\/www.ipsen.com\/poland\/w-trosce-o-spoleczenstwo\/w-trosce-o-srodowisko\/\",\"name\":\"W trosce o \u015brodowisko - Poland\",\"isPartOf\":{\"@id\":\"https:\/\/www.ipsen.com\/poland\/#website\"},\"datePublished\":\"2025-11-24T07:21:50+00:00\",\"dateModified\":\"2026-02-02T12:55:28+00:00\",\"breadcrumb\":{\"@id\":\"https:\/\/www.ipsen.com\/poland\/w-trosce-o-spoleczenstwo\/w-trosce-o-srodowisko\/#breadcrumb\"},\"inLanguage\":\"pl-PL\",\"potentialAction\":[{\"@type\":\"ReadAction\",\"target\":[\"https:\/\/www.ipsen.com\/poland\/w-trosce-o-spoleczenstwo\/w-trosce-o-srodowisko\/\"]}]},{\"@type\":\"BreadcrumbList\",\"@id\":\"https:\/\/www.ipsen.com\/poland\/w-trosce-o-spoleczenstwo\/w-trosce-o-srodowisko\/#breadcrumb\",\"itemListElement\":[{\"@type\":\"ListItem\",\"position\":1,\"name\":\"Home\",\"item\":\"https:\/\/www.ipsen.com\/poland\/\"},{\"@type\":\"ListItem\",\"position\":2,\"name\":\"W trosce o spo\u0142ecze\u0144stwo\",\"item\":\"https:\/\/www.ipsen.com\/poland\/w-trosce-o-spoleczenstwo\/\"},{\"@type\":\"ListItem\",\"position\":3,\"name\":\"W trosce o \u015brodowisko\"}]},{\"@type\":\"WebSite\",\"@id\":\"https:\/\/www.ipsen.com\/poland\/#website\",\"url\":\"https:\/\/www.ipsen.com\/poland\/\",\"name\":\"Poland\",\"description\":\"\",\"publisher\":{\"@id\":\"https:\/\/www.ipsen.com\/poland\/#organization\"},\"potentialAction\":[{\"@type\":\"SearchAction\",\"target\":{\"@type\":\"EntryPoint\",\"urlTemplate\":\"https:\/\/www.ipsen.com\/poland\/?s={search_term_string}\"},\"query-input\":{\"@type\":\"PropertyValueSpecification\",\"valueRequired\":true,\"valueName\":\"search_term_string\"}}],\"inLanguage\":\"pl-PL\"},{\"@type\":\"Organization\",\"@id\":\"https:\/\/www.ipsen.com\/poland\/#organization\",\"name\":\"Poland\",\"url\":\"https:\/\/www.ipsen.com\/poland\/\",\"logo\":{\"@type\":\"ImageObject\",\"inLanguage\":\"pl-PL\",\"@id\":\"https:\/\/www.ipsen.com\/poland\/#\/schema\/logo\/image\/\",\"url\":\"https:\/\/www.ipsen.com\/poland\/wp-content\/uploads\/sites\/30\/2025\/10\/Logo-Ipsen-new.svg\",\"contentUrl\":\"https:\/\/www.ipsen.com\/poland\/wp-content\/uploads\/sites\/30\/2025\/10\/Logo-Ipsen-new.svg\",\"caption\":\"Poland\"},\"image\":{\"@id\":\"https:\/\/www.ipsen.com\/poland\/#\/schema\/logo\/image\/\"}}]}<\/script>\n<!-- \/ Yoast SEO plugin. -->","yoast_head_json":{"title":"W trosce o \u015brodowisko - Poland","robots":{"index":"index","follow":"follow","max-snippet":"max-snippet:-1","max-image-preview":"max-image-preview:large","max-video-preview":"max-video-preview:-1"},"canonical":"https:\/\/www.ipsen.com\/poland\/w-trosce-o-spoleczenstwo\/w-trosce-o-srodowisko\/","og_locale":"pl_PL","og_type":"article","og_title":"W trosce o \u015brodowisko - Poland","og_url":"https:\/\/www.ipsen.com\/poland\/w-trosce-o-spoleczenstwo\/w-trosce-o-srodowisko\/","og_site_name":"Poland","article_modified_time":"2026-02-02T12:55:28+00:00","twitter_card":"summary_large_image","schema":{"@context":"https:\/\/schema.org","@graph":[{"@type":"WebPage","@id":"https:\/\/www.ipsen.com\/poland\/w-trosce-o-spoleczenstwo\/w-trosce-o-srodowisko\/","url":"https:\/\/www.ipsen.com\/poland\/w-trosce-o-spoleczenstwo\/w-trosce-o-srodowisko\/","name":"W trosce o \u015brodowisko - Poland","isPartOf":{"@id":"https:\/\/www.ipsen.com\/poland\/#website"},"datePublished":"2025-11-24T07:21:50+00:00","dateModified":"2026-02-02T12:55:28+00:00","breadcrumb":{"@id":"https:\/\/www.ipsen.com\/poland\/w-trosce-o-spoleczenstwo\/w-trosce-o-srodowisko\/#breadcrumb"},"inLanguage":"pl-PL","potentialAction":[{"@type":"ReadAction","target":["https:\/\/www.ipsen.com\/poland\/w-trosce-o-spoleczenstwo\/w-trosce-o-srodowisko\/"]}]},{"@type":"BreadcrumbList","@id":"https:\/\/www.ipsen.com\/poland\/w-trosce-o-spoleczenstwo\/w-trosce-o-srodowisko\/#breadcrumb","itemListElement":[{"@type":"ListItem","position":1,"name":"Home","item":"https:\/\/www.ipsen.com\/poland\/"},{"@type":"ListItem","position":2,"name":"W trosce o spo\u0142ecze\u0144stwo","item":"https:\/\/www.ipsen.com\/poland\/w-trosce-o-spoleczenstwo\/"},{"@type":"ListItem","position":3,"name":"W trosce o \u015brodowisko"}]},{"@type":"WebSite","@id":"https:\/\/www.ipsen.com\/poland\/#website","url":"https:\/\/www.ipsen.com\/poland\/","name":"Poland","description":"","publisher":{"@id":"https:\/\/www.ipsen.com\/poland\/#organization"},"potentialAction":[{"@type":"SearchAction","target":{"@type":"EntryPoint","urlTemplate":"https:\/\/www.ipsen.com\/poland\/?s={search_term_string}"},"query-input":{"@type":"PropertyValueSpecification","valueRequired":true,"valueName":"search_term_string"}}],"inLanguage":"pl-PL"},{"@type":"Organization","@id":"https:\/\/www.ipsen.com\/poland\/#organization","name":"Poland","url":"https:\/\/www.ipsen.com\/poland\/","logo":{"@type":"ImageObject","inLanguage":"pl-PL","@id":"https:\/\/www.ipsen.com\/poland\/#\/schema\/logo\/image\/","url":"https:\/\/www.ipsen.com\/poland\/wp-content\/uploads\/sites\/30\/2025\/10\/Logo-Ipsen-new.svg","contentUrl":"https:\/\/www.ipsen.com\/poland\/wp-content\/uploads\/sites\/30\/2025\/10\/Logo-Ipsen-new.svg","caption":"Poland"},"image":{"@id":"https:\/\/www.ipsen.com\/poland\/#\/schema\/logo\/image\/"}}]}},"parsely":{"version":"1.1.0","canonical_url":"https:\/\/ipsen.com\/poland\/w-trosce-o-spoleczenstwo\/w-trosce-o-srodowisko\/","smart_links":{"inbound":0,"outbound":0},"traffic_boost_suggestions_count":0,"meta":{"@context":"https:\/\/schema.org","@type":"WebPage","headline":"W trosce o \u015brodowisko","url":"http:\/\/www.ipsen.com\/poland\/w-trosce-o-spoleczenstwo\/w-trosce-o-srodowisko\/","mainEntityOfPage":{"@type":"WebPage","@id":"http:\/\/www.ipsen.com\/poland\/w-trosce-o-spoleczenstwo\/w-trosce-o-srodowisko\/"},"thumbnailUrl":"","image":{"@type":"ImageObject","url":""},"articleSection":"Bez kategorii","author":[{"@type":"Person","name":"beven"}],"creator":["beven"],"publisher":{"@type":"Organization","name":"Poland","logo":""},"keywords":[],"dateCreated":"2025-11-24T07:21:50Z","datePublished":"2025-11-24T07:21:50Z","dateModified":"2026-02-02T12:55:28Z"},"rendered":"<script type=\"application\/ld+json\" class=\"wp-parsely-metadata\">{\"@context\":\"https:\\\/\\\/schema.org\",\"@type\":\"WebPage\",\"headline\":\"W trosce o \\u015brodowisko\",\"url\":\"http:\\\/\\\/www.ipsen.com\\\/poland\\\/w-trosce-o-spoleczenstwo\\\/w-trosce-o-srodowisko\\\/\",\"mainEntityOfPage\":{\"@type\":\"WebPage\",\"@id\":\"http:\\\/\\\/www.ipsen.com\\\/poland\\\/w-trosce-o-spoleczenstwo\\\/w-trosce-o-srodowisko\\\/\"},\"thumbnailUrl\":\"\",\"image\":{\"@type\":\"ImageObject\",\"url\":\"\"},\"articleSection\":\"Bez kategorii\",\"author\":[{\"@type\":\"Person\",\"name\":\"beven\"}],\"creator\":[\"beven\"],\"publisher\":{\"@type\":\"Organization\",\"name\":\"Poland\",\"logo\":\"\"},\"keywords\":[],\"dateCreated\":\"2025-11-24T07:21:50Z\",\"datePublished\":\"2025-11-24T07:21:50Z\",\"dateModified\":\"2026-02-02T12:55:28Z\"}<\/script>","tracker_url":"https:\/\/cdn.parsely.com\/keys\/ipsen.com\/p.js"},"_links":{"self":[{"href":"https:\/\/www.ipsen.com\/poland\/wp-json\/wp\/v2\/pages\/167","targetHints":{"allow":["GET"]}}],"collection":[{"href":"https:\/\/www.ipsen.com\/poland\/wp-json\/wp\/v2\/pages"}],"about":[{"href":"https:\/\/www.ipsen.com\/poland\/wp-json\/wp\/v2\/types\/page"}],"author":[{"embeddable":true,"href":"https:\/\/www.ipsen.com\/poland\/wp-json\/wp\/v2\/users\/62"}],"replies":[{"embeddable":true,"href":"https:\/\/www.ipsen.com\/poland\/wp-json\/wp\/v2\/comments?post=167"}],"version-history":[{"count":8,"href":"https:\/\/www.ipsen.com\/poland\/wp-json\/wp\/v2\/pages\/167\/revisions"}],"predecessor-version":[{"id":732,"href":"https:\/\/www.ipsen.com\/poland\/wp-json\/wp\/v2\/pages\/167\/revisions\/732"}],"up":[{"embeddable":true,"href":"https:\/\/www.ipsen.com\/poland\/wp-json\/wp\/v2\/pages\/165"}],"wp:attachment":[{"href":"https:\/\/www.ipsen.com\/poland\/wp-json\/wp\/v2\/media?parent=167"}],"curies":[{"name":"wp","href":"https:\/\/api.w.org\/{rel}","templated":true}]}}