{"id":165,"date":"2025-11-24T09:20:17","date_gmt":"2025-11-24T07:20:17","guid":{"rendered":"https:\/\/www.ipsen.com\/poland\/?page_id=165"},"modified":"2026-02-19T15:35:19","modified_gmt":"2026-02-19T13:35:19","slug":"w-trosce-o-spoleczenstwo","status":"publish","type":"page","link":"https:\/\/www.ipsen.com\/poland\/w-trosce-o-spoleczenstwo\/","title":{"rendered":"W trosce o spo\u0142ecze\u0144stwo"},"content":{"rendered":"    <section class=\"sub-page-banner bg-img-enabled  banner-no-filter\" style=\"background-image:url(https:\/\/www.ipsen.com\/poland\/wp-content\/uploads\/sites\/30\/2026\/02\/Sustainability-Page-Banner.jpg)\">\n                <div class=\"container content-sec\">\n            <nav aria-label=\"breadcrumb\">\n            <ol class=\"breadcrumb\">\n                <li class=\"breadcrumb-item\"><a href=\"https:\/\/www.ipsen.com\/poland\">Strona g\u0142\u00f3wna<\/a><\/li><li class=\"breadcrumb-item active\"><a href=\"#\" aria-current=\"page\">Odpowiedzialno\u015b\u0107 spo\u0142eczna &#8211; W trosce o spo\u0142ecze\u0144stwo<\/a><\/li><\/ol>\n            <\/nav>            <h1 class=\"visible banner-font-color-white\">W trosce o spo\u0142ecze\u0144stwo<\/h1>\n            <p class=\"visible banner-font-color-white\">W Ipsen kszta\u0142tujemy kultur\u0119 odpowiedzialno\u015bci, kt\u00f3ra obejmuje ka\u017cdy obszar naszej dzia\u0142alno\u015bci.<\/p>\n        <\/div>\n    <\/section>\n\n\n\n\t<!-- Hero Carousel Start Here-->\n\t<section class=\"hero-section no-filter\">\n\t\t<div class=\"hero_gridwidth container\"><!-- container class shown if gridlayout choosen -->\n\t\t\t<div id=\"heroCarousel\" class=\"carousel slide herocaro hero-banner-bg-image\" data-bs-ride=\"carousel\" data-enableplaybtn=\"1\" data-autoplay= \"\"  data-autospeed= \"\" >\n\t\t\t\t<!-- Slider Indicator-->\n\t\t\t\t<div class=\"carousel-indicators hidden\">\n\t\t\t\t<button type=\"button\" data-bs-target=\"#heroCarousel\" data-bs-slide-to=\"0\" class=\"active\" aria-current=\"true\" aria-label=\"Slide 0\"><\/button>\t\t\t\t<\/div>\n\t\t\t\t<!-- Items -->\n\t\t\t\t<div class=\"carousel-inner\">\n\t\t\t\t\t\t\n\t\t\t\t\t\t<!-- Hero Banner with carousel HTML -->\n\t\t\t\t\t\t<div class=\"carousel-item active banner-no-filter\">\n\n\t\t\t\t\t\t\t\t\t\t\t\t\t\t\t<img decoding=\"async\" class=\"bd-placeholder-img visible\" alt=\"\" width=\"100%\" height=\"100%\" src=\"https:\/\/www.ipsen.com\/poland\/wp-content\/uploads\/sites\/30\/2026\/01\/Light-Hero-Banner.jpg\" \/> \n\t\t\t\t\t\t\t\n\t\t\t\t\t\t\t\t\n\n\t\t\t\t\t\t\t<div class=\"container align-left\">\n\t\t\t\t\t\t\t\t<div class=\"carousel-caption\">\n\t\t\t\t\t\t\t\t\t<h2 class=\"visible text-start heading-two banner-font-color-blue\">\n\t\t\t\t\t\t\t\t\t\tW Ipsen przek\u0142adamy nasze dzia\u0142ania na konkretne inicjatywy dzi\u0119ki ustrukturyzowanemu podej\u015bciu do spo\u0142ecznej odpowiedzialno\u015bci biznesu (CSR).\t\t\t\t\t\t\t\t\t<\/h2>\n\t\t\t\t\t\t\t\t\t<div class=\"hidden text-start banner-font-color-blue\"><\/div>\n\t\t\t\t\t\t\t\t\t\n\t\t\t\t\t\t\t\t\t\t\t\t\t\t\t\t\t\t\n\t\t\t\t\t\t\t\t<\/div>\n\t\t\t\t\t\t\t<\/div>\n\t\t\t\t\t\t<\/div>\n\n\t\t\t\t\t\t\t\t\t<\/div>\n\t\t\t\t\n\t\t\t\t\t\t\t\t\t<div id=\"carouselButtons\" class=\"hidden visible\">\n\t\t\t\t\t\t<button id=\"playButton\" class=\"hidden\" aria-label=\"Nast\u0119pny slajd\" type=\"button\"><\/button>\n\t\t\t\t\t\t<button id=\"pauseButton\" aria-label=\"Nast\u0119pny slajd\" type=\"button\"><\/button>\n\t\t\t\t\t<\/div>\n\t\t\t\t\n\t\t\t<\/div>\n\t\t<\/div>\n\t<\/section>\n\t<!-- Hero Carousel End Here-->\n  \n\n    <section class=\"title-text \">\n        <div class=\"container\">\n            <div class=\"title-text-inner\" style=\"background-color:#EDEBE4;\">\n\n                <!-- If heading is enabled then it's visible -->\n                <div class=\"text-head-dash visible\">\n                <h3 class=\"heading-three\" role=\"heading\" aria-level=\"2\">\n                        Generation Ipsen \u2013 w trosce o pozytywne zmiany                    <\/h3>\n                <\/div>\n               \n                <!-- If description is enabled then it's visible -->\n                <div class=\"text-parbase visible\">\n                    <p>W Ipsen nasze zobowi\u0105zanie do odpowiedzialno\u015bci realizujemy poprzez to\u017csamo\u015b\u0107, kt\u00f3ra jednoczy naszych pracownik\u00f3w wok\u00f3\u0142 wsp\u00f3lnej wizji. Nazywamy j\u0105 Generation Ipsen \u2013 w trosce o pozytywne zmiany.<\/p>\n<p>Poprzez Generation Ipsen budujemy kultur\u0119 uczciwo\u015bci i odpowiedzialno\u015bci, kt\u00f3ra przenika ka\u017cdy aspekt naszej dzia\u0142alno\u015bci. To kultura, w kt\u00f3rej wykraczamy poza same deklaracje i w kt\u00f3rej ka\u017cdy z nas rozumie swoj\u0105 indywidualn\u0105 rol\u0119 w kszta\u0142towaniu pozytywnych zmian. Wyznaczamy konkretne cele i proaktywnie okre\u015blamy spos\u00f3b ich realizacji \u2013 inspiruj\u0105c i daj\u0105c przestrze\u0144 do dzia\u0142a\u0144, kt\u00f3re zapewni\u0105 lepszy i zdrowszy \u015bwiat przysz\u0142ym pokoleniom.<\/p>\n                <\/div>\n\n                <!-- If button is enabled then it's visible -->\n                \n            <\/div>\n        <\/div>\n    <\/section>\n\n\n\n<div class=\"wp-block-group\"><div class=\"wp-block-group__inner-container is-layout-constrained wp-block-group-is-layout-constrained\">\n<h3 class=\"wp-block-heading\">Strategia Generation Ipsen koncentruje si\u0119 na inicjowaniu pozytywnych dzia\u0142a\u0144 w ramach czterech filar\u00f3w<\/h3>\n<\/div><\/div>\n\n\n<!-- Text & Media Block Code -->\n<section class=\"two-col-section text-media-section\">\n    <div class=\"container two-section-innner \">\n        <div class=\"response-inner\" style=\"background-image: url('')\">\n            <div class=\"row \">\n                <div class=\"col-xs-12 col-sm-12 col-md-6\">\n                                                    <div class=\"img-video-section\">\n                                <img decoding=\"async\" \n                                    src=\"https:\/\/www.ipsen.com\/poland\/wp-content\/uploads\/sites\/30\/2026\/02\/Module-5-\u2013-Environment_Gen-Ipsen-Environment-copy.jpg\" \n                                    alt=\"\" \n                                >\n                            <\/div>\n                                        <\/div>\n                <div class=\" col-xs-12 col-sm-12 col-md-6\">\n                    <div class=\"section-content\">\n                        <div class=\"heading-dash\">\n                                                            <span class=\"dash\"><\/span>\n                                <h4 class=\"heading-para heading-four\" role=\"heading\" aria-level=\"2\">\n                                    W trosce o \u015brodowisko                                <\/h4>\n                                                    <\/div>\n                                                    <p class=\"section-head-two heading-para\" role=\"heading\" aria-level=\"3\">\n                                    W trosce o nasz\u0105 planet\u0119                                <\/p>\n                                                <p>Zmiana klimatu to najwi\u0119ksze wyzwanie naszego pokolenia. W Ipsen czujemy si\u0119 zobowi\u0105zani do aktywnego dzia\u0142ania na rzecz minimalizowania negatywnego wp\u0142ywu na \u015brodowisko i ochrony \u015bwiata przyrody \u2013 z my\u015bl\u0105 o budowaniu bardziej zr\u00f3wnowa\u017conej przysz\u0142o\u015bci.<\/p>\n<p>Nasze dzia\u0142ania proekologiczne koncentruj\u0105 si\u0119 na trzech obszarach:<\/p>\n<ul>\n<li>Wyznaczanie kierunk\u00f3w w walce ze zmian\u0105 klimatu.<\/li>\n<li>Ochrona zasob\u00f3w naturalnych.<\/li>\n<li>Troska o zdrowe ekosystemy.<\/li>\n<\/ul>\n<p>Wyznaczyli\u015bmy kr\u00f3tko- i d\u0142ugoterminowe cele, oparte na najnowszych osi\u0105gni\u0119ciach nauki i technologii, aby osi\u0105ga\u0107 realne i wymierne rezultaty.<\/p>\n                            <a \n                            aria-label=\"Dowiedz si\u0119 wi\u0119cej about W trosce o \u015brodowisko\"  \n                                role=\"link\" \n                                class=\"btn-link section-btn cta-visible\"\n                                href=\"https:\/\/www.ipsen.com\/poland\/w-trosce-o-spoleczenstwo\/w-trosce-o-srodowisko\/\" \n                                target=\"_self\"\n                            > \n                                Dowiedz si\u0119 wi\u0119cej \n                            <\/a>\n\n                    <\/div>\n                <\/div>\n            <\/div>\n        <\/div>\n    <\/div>\n<\/section>\n\n<!-- Text & Media Block Code -->\n<section class=\"two-col-section text-media-section\">\n    <div class=\"container two-section-innner section-reverse\">\n        <div class=\"response-inner\" style=\"background-image: url('')\">\n            <div class=\"row section-reverse\">\n                <div class=\"col-xs-12 col-sm-12 col-md-6\">\n                                                    <div class=\"img-video-section\">\n                                <img decoding=\"async\" \n                                    src=\"https:\/\/www.ipsen.com\/poland\/wp-content\/uploads\/sites\/30\/2026\/01\/Module-1-\u2013-banner_Patients_Generation-Ipsen-Patients.jpg\" \n                                    alt=\"\" \n                                >\n                            <\/div>\n                                        <\/div>\n                <div class=\" col-xs-12 col-sm-12 col-md-6\">\n                    <div class=\"section-content\">\n                        <div class=\"heading-dash\">\n                                                            <span class=\"dash\"><\/span>\n                                <h4 class=\"heading-para heading-four\" role=\"heading\" aria-level=\"2\">\n                                    W trosce o pacjent\u00f3w                                <\/h4>\n                                                    <\/div>\n                                                    <p class=\"section-head-two heading-para\" role=\"heading\" aria-level=\"3\">\n                                    Pacjent w centrum wszystkiego, co robimy                                <\/p>\n                                                <p>Koncentracja na onkologii, chorobach rzadkich oraz neuronauce pozwala nam z ka\u017cdym dniem g\u0142\u0119biej rozumie\u0107 codzienne wyzwania i potrzeby pacjent\u00f3w. Nasz\u0105 ambicj\u0105 jest przedefiniowanie standard\u00f3w opieki \u2013 chcemy realnie wp\u0142ywa\u0107 na wyniki leczenia, opieraj\u0105c si\u0119 na dog\u0142\u0119bnej analizie ka\u017cdego etapu drogi, jak\u0105 przebywa chory w walce o zdrowie.<\/p>\n<p>Wierzymy, \u017ce g\u0142os pacjenta ma moc prze\u0142amywania schemat\u00f3w. To w\u0142a\u015bnie dzi\u0119ki niemu oraz \u015bcis\u0142ej wsp\u00f3\u0142pracy z systemami ochrony zdrowia, wprowadzamy zmiany, kt\u00f3re realnie poprawiaj\u0105 \u017cycie ludzi na ca\u0142ym \u015bwiecie. Nasze dzia\u0142ania wspieraj\u0105ce pacjent\u00f3w opieramy na trzech filarach:<\/p>\n<ul>\n<li>Budowanie do\u015bwiadcze\u0144 autentycznie skoncentrowanych na potrzebach chorego.<\/li>\n<li>Zwi\u0119kszanie dost\u0119pno\u015bci do nowoczesnych i skutecznych metod leczenia.<\/li>\n<li>Nieustanne nap\u0119dzanie innowacji medycznych.<\/li>\n<\/ul>\n<p>W Ipsen niezmiennie dzia\u0142amy z Pacjentami i dla Pacjent\u00f3w. To ich perspektywa jest dla nas najwa\u017cniejszym drogowskazem przy wyznaczaniu priorytet\u00f3w inwestycyjnych oraz tworzeniu medycyny przysz\u0142o\u015bci.<\/p>\n                            <a \n                            aria-label=\"Dowiedz si\u0119 wi\u0119cej about W trosce o pacjent\u00f3w\"  \n                                role=\"link\" \n                                class=\"btn-link section-btn cta-visible\"\n                                href=\"https:\/\/www.ipsen.com\/poland\/w-trosce-o-spoleczenstwo\/w-trosce-o-pacjentow\/\" \n                                target=\"_self\"\n                            > \n                                Dowiedz si\u0119 wi\u0119cej \n                            <\/a>\n\n                    <\/div>\n                <\/div>\n            <\/div>\n        <\/div>\n    <\/div>\n<\/section>\n\n<!-- Text & Media Block Code -->\n<section class=\"two-col-section text-media-section\">\n    <div class=\"container two-section-innner \">\n        <div class=\"response-inner\" style=\"background-image: url('')\">\n            <div class=\"row \">\n                <div class=\"col-xs-12 col-sm-12 col-md-6\">\n                                                    <div class=\"img-video-section\">\n                                <img decoding=\"async\" \n                                    src=\"https:\/\/www.ipsen.com\/poland\/wp-content\/uploads\/sites\/30\/2026\/02\/Hub-France-img-01-S.png\" \n                                    alt=\"\" \n                                >\n                            <\/div>\n                                        <\/div>\n                <div class=\" col-xs-12 col-sm-12 col-md-6\">\n                    <div class=\"section-content\">\n                        <div class=\"heading-dash\">\n                                                            <span class=\"dash\"><\/span>\n                                <h4 class=\"heading-para heading-four\" role=\"heading\" aria-level=\"2\">\n                                    W trosce o pracownik\u00f3w                                <\/h4>\n                                                    <\/div>\n                                                    <p class=\"section-head-two heading-para\" role=\"heading\" aria-level=\"3\">\n                                    Ludzie z pasj\u0105, kt\u00f3rzy ka\u017cdego dnia realnie zmieniaj\u0105 \u015bwiat                                <\/p>\n                                                <p>Troszczymy si\u0119 nie tylko o pacjent\u00f3w, ale r\u00f3wnie\u017c o naszych pracownik\u00f3w i spo\u0142eczno\u015bci, w kt\u00f3rych funkcjonujemy. Wierzymy, \u017ce ka\u017cdy pracownik zas\u0142uguje na sprawiedliwe traktowanie, dlatego z pe\u0142nym zaanga\u017cowaniem dbamy o zdrowie, bezpiecze\u0144stwo i dobrostan naszych zespo\u0142\u00f3w. Poprzez nasze dzia\u0142ania d\u0105\u017cymy r\u00f3wnie\u017c do wywierania pozytywnego wp\u0142ywu na otoczenie.<\/p>\n<p>Nasza aktywno\u015b\u0107 na rzecz ludzi i spo\u0142eczno\u015bci skupia si\u0119 na trzech kluczowych obszarach:<\/p>\n<ul>\n<li>Troska o nasze zespo\u0142y i spo\u0142eczno\u015bci lokalne.<\/li>\n<li>Wspieranie rozwoju i docenianie talent\u00f3w.<\/li>\n<li>Piel\u0119gnowanie r\u00f3\u017cnorodno\u015bci i kultury w\u0142\u0105czaj\u0105cej.<\/li>\n<\/ul>\n                            <a \n                            aria-label=\"Dowiedz si\u0119 wi\u0119cej about W trosce o pracownik\u00f3w\"  \n                                role=\"link\" \n                                class=\"btn-link section-btn cta-visible\"\n                                href=\"https:\/\/www.ipsen.com\/poland\/w-trosce-o-spoleczenstwo\/w-trosce-o-pracownikow\/\" \n                                target=\"_self\"\n                            > \n                                Dowiedz si\u0119 wi\u0119cej \n                            <\/a>\n\n                    <\/div>\n                <\/div>\n            <\/div>\n        <\/div>\n    <\/div>\n<\/section>\n\n<!-- Text & Media Block Code -->\n<section class=\"two-col-section text-media-section\">\n    <div class=\"container two-section-innner section-reverse\">\n        <div class=\"response-inner\" style=\"background-image: url('')\">\n            <div class=\"row section-reverse\">\n                <div class=\"col-xs-12 col-sm-12 col-md-6\">\n                                                    <div class=\"img-video-section\">\n                                <img decoding=\"async\" \n                                    src=\"https:\/\/www.ipsen.com\/poland\/wp-content\/uploads\/sites\/30\/2026\/02\/linderpix-Ipsen-6411-web.png\" \n                                    alt=\"\" \n                                >\n                            <\/div>\n                                        <\/div>\n                <div class=\" col-xs-12 col-sm-12 col-md-6\">\n                    <div class=\"section-content\">\n                        <div class=\"heading-dash\">\n                                                            <span class=\"dash\"><\/span>\n                                <h4 class=\"heading-para heading-four\" role=\"heading\" aria-level=\"2\">\n                                    Etyka biznesu                                <\/h4>\n                                                    <\/div>\n                                                    <p class=\"section-head-two heading-para\" role=\"heading\" aria-level=\"3\">\n                                    Uczciwo\u015b\u0107 i transparentno\u015b\u0107 w dzia\u0142aniu                                <\/p>\n                                                <p>Nasza odpowiedzialno\u015b\u0107 opiera si\u0119 na silnej kulturze etycznej. Na wszystkich szczeblach organizacji oraz we wszystkich naszych dzia\u0142aniach zobowi\u0105zujemy si\u0119 do post\u0119powania w spos\u00f3b uczciwy i przejrzysty. Nasz \u0142ad korporacyjny opiera si\u0119 na nast\u0119puj\u0105cych zobowi\u0105zaniach:<\/p>\n<ul>\n<li>R\u00f3bmy to, co s\u0142uszne, a nie to, co \u0142atwe.<\/li>\n<li>Kierujmy si\u0119 nasz\u0105 strategi\u0105: Koncentracja oraz Wsp\u00f3lnie dla Pacjent\u00f3w i Spo\u0142ecze\u0144stwa.<\/li>\n<li>Osi\u0105ganie sukces\u00f3w poprzez odpowiedzialne zarz\u0105dzanie.<\/li>\n<\/ul>\n<p>To oddanie daje pewno\u015b\u0107, \u017ce na ka\u017cdym poziomie organizacji dzia\u0142amy w najlepszym interesie pacjent\u00f3w, naszych partner\u00f3w oraz zgodnie ze standardami spo\u0142ecznymi.<\/p>\n                            <a \n                            aria-label=\"Dowiedz si\u0119 wi\u0119cej about Etyka biznesu\"  \n                                role=\"link\" \n                                class=\"btn-link section-btn cta-visible\"\n                                href=\"https:\/\/www.ipsen.com\/poland\/w-trosce-o-spoleczenstwo\/etyka-biznesu\/\" \n                                target=\"_self\"\n                            > \n                                Dowiedz si\u0119 wi\u0119cej \n                            <\/a>\n\n                    <\/div>\n                <\/div>\n            <\/div>\n        <\/div>\n    <\/div>\n<\/section>","protected":false},"excerpt":{"rendered":"","protected":false},"author":62,"featured_media":0,"parent":0,"menu_order":0,"comment_status":"closed","ping_status":"closed","template":"","meta":{"_acf_changed":false,"footnotes":""},"class_list":["post-165","page","type-page","status-publish","hentry","entry"],"acf":[],"yoast_head":"<!-- This site is optimized with the Yoast SEO plugin v26.8 - https:\/\/yoast.com\/product\/yoast-seo-wordpress\/ -->\n<title>W trosce o spo\u0142ecze\u0144stwo - Poland<\/title>\n<meta name=\"robots\" content=\"index, follow, max-snippet:-1, max-image-preview:large, max-video-preview:-1\" \/>\n<link rel=\"canonical\" href=\"https:\/\/www.ipsen.com\/poland\/w-trosce-o-spoleczenstwo\/\" \/>\n<meta property=\"og:locale\" content=\"pl_PL\" \/>\n<meta property=\"og:type\" content=\"article\" \/>\n<meta property=\"og:title\" content=\"W trosce o spo\u0142ecze\u0144stwo - Poland\" \/>\n<meta property=\"og:url\" content=\"https:\/\/www.ipsen.com\/poland\/w-trosce-o-spoleczenstwo\/\" \/>\n<meta property=\"og:site_name\" content=\"Poland\" \/>\n<meta property=\"article:modified_time\" content=\"2026-02-19T13:35:19+00:00\" \/>\n<meta name=\"twitter:card\" content=\"summary_large_image\" \/>\n<meta name=\"twitter:label1\" content=\"Est. reading time\" \/>\n\t<meta name=\"twitter:data1\" content=\"1 minute\" \/>\n<script type=\"application\/ld+json\" class=\"yoast-schema-graph\">{\"@context\":\"https:\/\/schema.org\",\"@graph\":[{\"@type\":\"WebPage\",\"@id\":\"https:\/\/www.ipsen.com\/poland\/w-trosce-o-spoleczenstwo\/\",\"url\":\"https:\/\/www.ipsen.com\/poland\/w-trosce-o-spoleczenstwo\/\",\"name\":\"W trosce o spo\u0142ecze\u0144stwo - Poland\",\"isPartOf\":{\"@id\":\"https:\/\/www.ipsen.com\/poland\/#website\"},\"datePublished\":\"2025-11-24T07:20:17+00:00\",\"dateModified\":\"2026-02-19T13:35:19+00:00\",\"breadcrumb\":{\"@id\":\"https:\/\/www.ipsen.com\/poland\/w-trosce-o-spoleczenstwo\/#breadcrumb\"},\"inLanguage\":\"pl-PL\",\"potentialAction\":[{\"@type\":\"ReadAction\",\"target\":[\"https:\/\/www.ipsen.com\/poland\/w-trosce-o-spoleczenstwo\/\"]}]},{\"@type\":\"BreadcrumbList\",\"@id\":\"https:\/\/www.ipsen.com\/poland\/w-trosce-o-spoleczenstwo\/#breadcrumb\",\"itemListElement\":[{\"@type\":\"ListItem\",\"position\":1,\"name\":\"Home\",\"item\":\"https:\/\/www.ipsen.com\/poland\/\"},{\"@type\":\"ListItem\",\"position\":2,\"name\":\"W trosce o spo\u0142ecze\u0144stwo\"}]},{\"@type\":\"WebSite\",\"@id\":\"https:\/\/www.ipsen.com\/poland\/#website\",\"url\":\"https:\/\/www.ipsen.com\/poland\/\",\"name\":\"Poland\",\"description\":\"\",\"publisher\":{\"@id\":\"https:\/\/www.ipsen.com\/poland\/#organization\"},\"potentialAction\":[{\"@type\":\"SearchAction\",\"target\":{\"@type\":\"EntryPoint\",\"urlTemplate\":\"https:\/\/www.ipsen.com\/poland\/?s={search_term_string}\"},\"query-input\":{\"@type\":\"PropertyValueSpecification\",\"valueRequired\":true,\"valueName\":\"search_term_string\"}}],\"inLanguage\":\"pl-PL\"},{\"@type\":\"Organization\",\"@id\":\"https:\/\/www.ipsen.com\/poland\/#organization\",\"name\":\"Poland\",\"url\":\"https:\/\/www.ipsen.com\/poland\/\",\"logo\":{\"@type\":\"ImageObject\",\"inLanguage\":\"pl-PL\",\"@id\":\"https:\/\/www.ipsen.com\/poland\/#\/schema\/logo\/image\/\",\"url\":\"https:\/\/www.ipsen.com\/poland\/wp-content\/uploads\/sites\/30\/2025\/10\/Logo-Ipsen-new.svg\",\"contentUrl\":\"https:\/\/www.ipsen.com\/poland\/wp-content\/uploads\/sites\/30\/2025\/10\/Logo-Ipsen-new.svg\",\"caption\":\"Poland\"},\"image\":{\"@id\":\"https:\/\/www.ipsen.com\/poland\/#\/schema\/logo\/image\/\"}}]}<\/script>\n<!-- \/ Yoast SEO plugin. -->","yoast_head_json":{"title":"W trosce o spo\u0142ecze\u0144stwo - Poland","robots":{"index":"index","follow":"follow","max-snippet":"max-snippet:-1","max-image-preview":"max-image-preview:large","max-video-preview":"max-video-preview:-1"},"canonical":"https:\/\/www.ipsen.com\/poland\/w-trosce-o-spoleczenstwo\/","og_locale":"pl_PL","og_type":"article","og_title":"W trosce o spo\u0142ecze\u0144stwo - Poland","og_url":"https:\/\/www.ipsen.com\/poland\/w-trosce-o-spoleczenstwo\/","og_site_name":"Poland","article_modified_time":"2026-02-19T13:35:19+00:00","twitter_card":"summary_large_image","twitter_misc":{"Est. reading time":"1 minute"},"schema":{"@context":"https:\/\/schema.org","@graph":[{"@type":"WebPage","@id":"https:\/\/www.ipsen.com\/poland\/w-trosce-o-spoleczenstwo\/","url":"https:\/\/www.ipsen.com\/poland\/w-trosce-o-spoleczenstwo\/","name":"W trosce o spo\u0142ecze\u0144stwo - Poland","isPartOf":{"@id":"https:\/\/www.ipsen.com\/poland\/#website"},"datePublished":"2025-11-24T07:20:17+00:00","dateModified":"2026-02-19T13:35:19+00:00","breadcrumb":{"@id":"https:\/\/www.ipsen.com\/poland\/w-trosce-o-spoleczenstwo\/#breadcrumb"},"inLanguage":"pl-PL","potentialAction":[{"@type":"ReadAction","target":["https:\/\/www.ipsen.com\/poland\/w-trosce-o-spoleczenstwo\/"]}]},{"@type":"BreadcrumbList","@id":"https:\/\/www.ipsen.com\/poland\/w-trosce-o-spoleczenstwo\/#breadcrumb","itemListElement":[{"@type":"ListItem","position":1,"name":"Home","item":"https:\/\/www.ipsen.com\/poland\/"},{"@type":"ListItem","position":2,"name":"W trosce o spo\u0142ecze\u0144stwo"}]},{"@type":"WebSite","@id":"https:\/\/www.ipsen.com\/poland\/#website","url":"https:\/\/www.ipsen.com\/poland\/","name":"Poland","description":"","publisher":{"@id":"https:\/\/www.ipsen.com\/poland\/#organization"},"potentialAction":[{"@type":"SearchAction","target":{"@type":"EntryPoint","urlTemplate":"https:\/\/www.ipsen.com\/poland\/?s={search_term_string}"},"query-input":{"@type":"PropertyValueSpecification","valueRequired":true,"valueName":"search_term_string"}}],"inLanguage":"pl-PL"},{"@type":"Organization","@id":"https:\/\/www.ipsen.com\/poland\/#organization","name":"Poland","url":"https:\/\/www.ipsen.com\/poland\/","logo":{"@type":"ImageObject","inLanguage":"pl-PL","@id":"https:\/\/www.ipsen.com\/poland\/#\/schema\/logo\/image\/","url":"https:\/\/www.ipsen.com\/poland\/wp-content\/uploads\/sites\/30\/2025\/10\/Logo-Ipsen-new.svg","contentUrl":"https:\/\/www.ipsen.com\/poland\/wp-content\/uploads\/sites\/30\/2025\/10\/Logo-Ipsen-new.svg","caption":"Poland"},"image":{"@id":"https:\/\/www.ipsen.com\/poland\/#\/schema\/logo\/image\/"}}]}},"parsely":{"version":"1.1.0","canonical_url":"https:\/\/ipsen.com\/poland\/w-trosce-o-spoleczenstwo\/","smart_links":{"inbound":0,"outbound":0},"traffic_boost_suggestions_count":0,"meta":{"@context":"https:\/\/schema.org","@type":"WebPage","headline":"W trosce o spo\u0142ecze\u0144stwo","url":"http:\/\/www.ipsen.com\/poland\/w-trosce-o-spoleczenstwo\/","mainEntityOfPage":{"@type":"WebPage","@id":"http:\/\/www.ipsen.com\/poland\/w-trosce-o-spoleczenstwo\/"},"thumbnailUrl":"","image":{"@type":"ImageObject","url":""},"articleSection":"Bez kategorii","author":[{"@type":"Person","name":"beven"}],"creator":["beven"],"publisher":{"@type":"Organization","name":"Poland","logo":""},"keywords":[],"dateCreated":"2025-11-24T07:20:17Z","datePublished":"2025-11-24T07:20:17Z","dateModified":"2026-02-19T13:35:19Z"},"rendered":"<script type=\"application\/ld+json\" class=\"wp-parsely-metadata\">{\"@context\":\"https:\\\/\\\/schema.org\",\"@type\":\"WebPage\",\"headline\":\"W trosce o spo\\u0142ecze\\u0144stwo\",\"url\":\"http:\\\/\\\/www.ipsen.com\\\/poland\\\/w-trosce-o-spoleczenstwo\\\/\",\"mainEntityOfPage\":{\"@type\":\"WebPage\",\"@id\":\"http:\\\/\\\/www.ipsen.com\\\/poland\\\/w-trosce-o-spoleczenstwo\\\/\"},\"thumbnailUrl\":\"\",\"image\":{\"@type\":\"ImageObject\",\"url\":\"\"},\"articleSection\":\"Bez kategorii\",\"author\":[{\"@type\":\"Person\",\"name\":\"beven\"}],\"creator\":[\"beven\"],\"publisher\":{\"@type\":\"Organization\",\"name\":\"Poland\",\"logo\":\"\"},\"keywords\":[],\"dateCreated\":\"2025-11-24T07:20:17Z\",\"datePublished\":\"2025-11-24T07:20:17Z\",\"dateModified\":\"2026-02-19T13:35:19Z\"}<\/script>","tracker_url":"https:\/\/cdn.parsely.com\/keys\/ipsen.com\/p.js"},"_links":{"self":[{"href":"https:\/\/www.ipsen.com\/poland\/wp-json\/wp\/v2\/pages\/165","targetHints":{"allow":["GET"]}}],"collection":[{"href":"https:\/\/www.ipsen.com\/poland\/wp-json\/wp\/v2\/pages"}],"about":[{"href":"https:\/\/www.ipsen.com\/poland\/wp-json\/wp\/v2\/types\/page"}],"author":[{"embeddable":true,"href":"https:\/\/www.ipsen.com\/poland\/wp-json\/wp\/v2\/users\/62"}],"replies":[{"embeddable":true,"href":"https:\/\/www.ipsen.com\/poland\/wp-json\/wp\/v2\/comments?post=165"}],"version-history":[{"count":10,"href":"https:\/\/www.ipsen.com\/poland\/wp-json\/wp\/v2\/pages\/165\/revisions"}],"predecessor-version":[{"id":1092,"href":"https:\/\/www.ipsen.com\/poland\/wp-json\/wp\/v2\/pages\/165\/revisions\/1092"}],"wp:attachment":[{"href":"https:\/\/www.ipsen.com\/poland\/wp-json\/wp\/v2\/media?parent=165"}],"curies":[{"name":"wp","href":"https:\/\/api.w.org\/{rel}","templated":true}]}}