{"id":104,"date":"2025-11-18T11:44:45","date_gmt":"2025-11-18T09:44:45","guid":{"rendered":"https:\/\/www.ipsen.com\/poland\/?page_id=104"},"modified":"2026-02-19T15:24:36","modified_gmt":"2026-02-19T13:24:36","slug":"wspolpracuj-z-ipsen-poland","status":"publish","type":"page","link":"https:\/\/www.ipsen.com\/poland\/informacje-dla-pacjentow\/wspolpracuj-z-ipsen-poland\/","title":{"rendered":"Wsp\u00f3\u0142pracuj z Ipsen Poland"},"content":{"rendered":"    <section class=\"sub-page-banner bg-color-enabled  banner-no-filter\" style=\"background: linear-gradient(93.64deg, #224A81 2.99%, #2797D3 97.01%)\">\n                <div class=\"container content-sec\">\n            <nav aria-label=\"breadcrumb\">\n            <ol class=\"breadcrumb\">\n                <li class=\"breadcrumb-item\"><a href=\"https:\/\/www.ipsen.com\/poland\">Strona g\u0142\u00f3wna<\/a><\/li><li class=\"breadcrumb-item visible\"><a href=\"https:\/\/www.ipsen.com\/poland\/informacje-dla-pacjentow\/\">Informacje dla pacjent\u00f3w<\/a><\/li><li class=\"breadcrumb-item active\"><a class=\"link-pointer-events-none\" href=\"#\" aria-current=\"page\">Wsp\u00f3\u0142pracuj z Ipsen Poland<\/a><\/li><\/ol>\n            <\/nav>            <h1 class=\"visible banner-font-color-white\">Wsp\u00f3\u0142pracuj z Ipsen Poland<\/h1>\n            <p class=\"visible banner-font-color-white\">Zach\u0119camy Pa\u0144stwa do wsp\u00f3\u0142pracy z Ipsen Poland.<\/p>\n        <\/div>\n    <\/section>\n\n\n\n\n<div class=\"wp-block-columns is-layout-flex wp-container-core-columns-is-layout-9d6595d7 wp-block-columns-is-layout-flex\">\n<div class=\"wp-block-column is-layout-flow wp-block-column-is-layout-flow\" style=\"flex-basis:75%\">\n<div class=\"wp-block-group\"><div class=\"wp-block-group__inner-container is-layout-constrained wp-block-group-is-layout-constrained\">\n<h3 class=\"wp-block-heading\">Nasza wsp\u00f3\u0142praca ze spo\u0142eczno\u015bci\u0105 pacjent\u00f3w<\/h3>\n\n\n\n<p>Wsp\u00f3\u0142pracujemy z pacjentami oraz organizacjami pacjent\u00f3w, aby wsp\u00f3lnie wypracowywa\u0107 rozwi\u0105zania dla poprawy diagnostyki i leczenia oraz podnoszenia standard\u00f3w opieki medycznej w obszarach: onkologii, chor\u00f3b rzadkich i neurologii. Nieustannie poszukujemy mo\u017cliwo\u015bci nawi\u0105zywania nowych partnerstw.<\/p>\n<\/div><\/div>\n\n\n    <section class=\"title-text \">\n        <div class=\"container\">\n            <div class=\"title-text-inner\" style=\"background-color:#EDEBE4;\">\n\n                <!-- If heading is enabled then it's visible -->\n                <div class=\"text-head-dash visible\">\n                <h3 class=\"heading-three\" role=\"heading\" aria-level=\"2\">\n                        Dzia\u0142amy we wsp\u00f3\u0142pracy z pacjentami i dla pacjent\u00f3w                    <\/h3>\n                <\/div>\n               \n                <!-- If description is enabled then it's visible -->\n                <div class=\"text-parbase visible\">\n                    <p><strong>Co mamy na my\u015bli, m\u00f3wi\u0105c, \u017ce pracujemy wsp\u00f3lnie z pacjentami i dla pacjent\u00f3w?<\/strong><\/p>\n<p>Mamy na my\u015bli dbanie o to, aby we wszystkim, co robimy, pacjenci i organizacje pacjent\u00f3w zawsze mieli g\u0142os w dyskusji. Oznacza to aktywn\u0105, znacz\u0105c\u0105 i opart\u0105 na wsp\u00f3\u0142pracy interakcj\u0119 pomi\u0119dzy organizacjami, pacjentami, ich rodzinami i opiekunami a badaczami na wszystkich etapach rozwoju produkt\u00f3w leczniczych. Uznajemy wk\u0142ad pacjent\u00f3w jako pe\u0142noprawnych partner\u00f3w, doceniaj\u0105c ich unikalne do\u015bwiadczenia, warto\u015bci oraz eksperck\u0105 wiedz\u0119.<\/p>\n<p>Zaczynamy od s\u0142uchania, aby lepiej zrozumie\u0107 pacjent\u00f3w i uwzgl\u0119dnia\u0107 ich perspektyw\u0119 na ka\u017cdym etapie procesu tworzenia lek\u00f3w, d\u0105\u017c\u0105c do poprawy ich do\u015bwiadcze\u0144 w procesie leczenia.<\/p>\n<p>W naszych partnerstwach nieustannie staramy si\u0119 doskonali\u0107 relacje z organizacjami pacjent\u00f3w i spo\u0142eczno\u015bciami, kt\u00f3re reprezentuj\u0105, pytaj\u0105c je o to, co mo\u017cemy robi\u0107 lepiej.<\/p>\n<p>Je\u015bli realizujesz projekt, w kt\u00f3rym Ipsen m\u00f3g\u0142by zosta\u0107 Twoim partnerem \u2013 z rado\u015bci\u0105 o nim us\u0142yszymy.<\/p>\n                <\/div>\n\n                <!-- If button is enabled then it's visible -->\n                \n            <\/div>\n        <\/div>\n    <\/section>\n\n\n\n<div class=\"wp-block-group\"><div class=\"wp-block-group__inner-container is-layout-constrained wp-block-group-is-layout-constrained\">\n<h3 class=\"wp-block-heading\">Filary wsp\u00f3\u0142pracy<\/h3>\n<\/div><\/div>\n\n\n<!-- Text & Media Block Code -->\n<section class=\"two-col-section text-media-section\">\n    <div class=\"container two-section-innner \">\n        <div class=\"response-inner\" style=\"background-image: url('')\">\n            <div class=\"row \">\n                <div class=\"col-xs-12 col-sm-12 col-md-6\">\n                                                    <div class=\"img-video-section\">\n                                <img decoding=\"async\" \n                                    src=\"https:\/\/www.ipsen.com\/poland\/wp-content\/uploads\/sites\/30\/2026\/02\/Dialog.png\" \n                                    alt=\"\" \n                                >\n                            <\/div>\n                                        <\/div>\n                <div class=\" col-xs-12 col-sm-12 col-md-6\">\n                    <div class=\"section-content\">\n                        <div class=\"heading-dash\">\n                                                            <span class=\"dash\"><\/span>\n                                <h4 class=\"heading-para heading-four\" role=\"heading\" aria-level=\"2\">\n                                    Dialog                                <\/h4>\n                                                    <\/div>\n                                                <p>Opracowuj\u0105c nowe leki, rozpoczynamy dialog z pacjentami na tak wczesnym etapie, jak to tylko mo\u017cliwe. S\u0142uchamy ich, aby lepiej zrozumie\u0107, jakie programy i materia\u0142y najlepiej poprawi\u0105 ich do\u015bwiadczenia w badaniach klinicznych i na dalszych etapach leczenia.<\/p>\n                            <a \n                            aria-label=\" about Dialog\"  \n                                role=\"link\" \n                                class=\"btn-link hidden\"\n                                href=\"\" \n                                target=\"_self\"\n                            > \n                                 \n                            <\/a>\n\n                    <\/div>\n                <\/div>\n            <\/div>\n        <\/div>\n    <\/div>\n<\/section>\n\n<!-- Text & Media Block Code -->\n<section class=\"two-col-section text-media-section\">\n    <div class=\"container two-section-innner section-reverse\">\n        <div class=\"response-inner\" style=\"background-image: url('')\">\n            <div class=\"row section-reverse\">\n                <div class=\"col-xs-12 col-sm-12 col-md-6\">\n                                                    <div class=\"img-video-section\">\n                                <img decoding=\"async\" \n                                    src=\"https:\/\/www.ipsen.com\/poland\/wp-content\/uploads\/sites\/30\/2026\/02\/Wspolpraca.png\" \n                                    alt=\"\" \n                                >\n                            <\/div>\n                                        <\/div>\n                <div class=\" col-xs-12 col-sm-12 col-md-6\">\n                    <div class=\"section-content\">\n                        <div class=\"heading-dash\">\n                                                            <span class=\"dash\"><\/span>\n                                <h4 class=\"heading-para heading-four\" role=\"heading\" aria-level=\"2\">\n                                    Wsp\u00f3\u0142praca                                <\/h4>\n                                                    <\/div>\n                                                <p>Wsp\u00f3\u0142pracujemy z organizacjami pacjent\u00f3w na ca\u0142ym \u015bwiecie. Wierzymy, \u017ce efektywna wsp\u00f3\u0142praca jest mo\u017cliwa tylko wtedy, gdy g\u0142os pacjent\u00f3w jest traktowany na r\u00f3wni z opiniami innych kluczowych interesariuszy.<\/p>\n                            <a \n                            aria-label=\" about Wsp\u00f3\u0142praca\"  \n                                role=\"link\" \n                                class=\"btn-link hidden\"\n                                href=\"\" \n                                target=\"_self\"\n                            > \n                                 \n                            <\/a>\n\n                    <\/div>\n                <\/div>\n            <\/div>\n        <\/div>\n    <\/div>\n<\/section>\n\n<!-- Text & Media Block Code -->\n<section class=\"two-col-section text-media-section\">\n    <div class=\"container two-section-innner \">\n        <div class=\"response-inner\" style=\"background-image: url('')\">\n            <div class=\"row \">\n                <div class=\"col-xs-12 col-sm-12 col-md-6\">\n                                                    <div class=\"img-video-section\">\n                                <img decoding=\"async\" \n                                    src=\"https:\/\/www.ipsen.com\/poland\/wp-content\/uploads\/sites\/30\/2026\/02\/Transformacja.png\" \n                                    alt=\"\" \n                                >\n                            <\/div>\n                                        <\/div>\n                <div class=\" col-xs-12 col-sm-12 col-md-6\">\n                    <div class=\"section-content\">\n                        <div class=\"heading-dash\">\n                                                            <span class=\"dash\"><\/span>\n                                <h4 class=\"heading-para heading-four\" role=\"heading\" aria-level=\"2\">\n                                    Transformacja                                <\/h4>\n                                                    <\/div>\n                                                <p>Od laboratorium po \u015bwiat rzeczywisty \u2013 gromadzimy dowody oraz dane dotycz\u0105ce jako\u015bci \u017cycia, aby mie\u0107 pewno\u015b\u0107, \u017ce nasze odkrycia naukowe b\u0119d\u0105 odpowiada\u0107 na realne potrzeby pacjent\u00f3w.<\/p>\n                            <a \n                            aria-label=\" about Transformacja\"  \n                                role=\"link\" \n                                class=\"btn-link hidden\"\n                                href=\"\" \n                                target=\"_self\"\n                            > \n                                 \n                            <\/a>\n\n                    <\/div>\n                <\/div>\n            <\/div>\n        <\/div>\n    <\/div>\n<\/section>\n\n<!-- Text & Media Block Code -->\n<section class=\"two-col-section text-media-section\">\n    <div class=\"container two-section-innner section-reverse\">\n        <div class=\"response-inner\" style=\"background-image: url('')\">\n            <div class=\"row section-reverse\">\n                <div class=\"col-xs-12 col-sm-12 col-md-6\">\n                                                    <div class=\"img-video-section\">\n                                <img decoding=\"async\" \n                                    src=\"https:\/\/www.ipsen.com\/poland\/wp-content\/uploads\/sites\/30\/2026\/02\/Module-7-\u2013-Franchise_Collaborate-with-us_IPSEN-JLutt-51571.jpg\" \n                                    alt=\"\" \n                                >\n                            <\/div>\n                                        <\/div>\n                <div class=\" col-xs-12 col-sm-12 col-md-6\">\n                    <div class=\"section-content\">\n                        <div class=\"heading-dash\">\n                                                            <span class=\"dash\"><\/span>\n                                <h4 class=\"heading-para heading-four\" role=\"heading\" aria-level=\"2\">\n                                    Nasze podej\u015bcie do zr\u00f3wnowa\u017conego rozwoju                                <\/h4>\n                                                    <\/div>\n                                                <p>Ipsen jednoczy wszystkich pracownik\u00f3w wok\u00f3\u0142 globalnego zobowi\u0105zania do prowadzenia odpowiedzialnego biznesu w ramach strategii Generation Ipsen \u2013 For Positive Change. To w pe\u0142ni zintegrowane podej\u015bcie opiera si\u0119 na czterech filarach: \u015arodowisko, Pacjenci, Ludzie oraz \u0141ad Korporacyjny. Celem Generation Ipsen jest zagwarantowanie, \u017ce zaspokajamy potrzeby pacjent\u00f3w, dzia\u0142aj\u0105c jednocze\u015bnie w spos\u00f3b etyczny, odpowiedzialny i prospo\u0142eczny.<\/p>\n                            <a \n                            aria-label=\"Dowiedz si\u0119 wi\u0119cej about Nasze podej\u015bcie do zr\u00f3wnowa\u017conego rozwoju\"  \n                                role=\"link\" \n                                class=\"btn-link section-btn cta-visible\"\n                                href=\"https:\/\/www.ipsen.com\/poland\/w-trosce-o-spoleczenstwo\/w-trosce-o-srodowisko\/\" \n                                target=\"_self\"\n                            > \n                                Dowiedz si\u0119 wi\u0119cej \n                            <\/a>\n\n                    <\/div>\n                <\/div>\n            <\/div>\n        <\/div>\n    <\/div>\n<\/section><\/div>\n\n\n\n<div class=\"wp-block-column is-layout-flow wp-block-column-is-layout-flow\" style=\"flex-basis:25%\">\n    <section class=\"side-panel contacts-card\">\n        <div class=\"container\">\n            <div class=\"side-media-contacts\">\n    <div class=\"media-contacts-head visible\">\n    <h6 class=\"contact-side heading-six\" role=\"heading\" aria-level=\"2\">\n            Skontaktuj si\u0119 z nami        <\/h6>\n    <\/div>\n    <div class=\"media-contacts-list\">\n        <div class=\"main-media-contact-list\">\n                               \n                        \n                        <h5 class=\"name-label visible\" role=\"heading\" aria-level=\"3\">Recepcja<\/h5>\n                                                <!--<p class=\"designation-country \"><\/p> -->\n                        \n                        <div class=\"parent-list\">\n                            \n                                                            <ul class=\"phone-child visible\" >\n                                    <li class=\"phone\"><img decoding=\"async\" src=\"https:\/\/www.ipsen.com\/poland\/wp-content\/themes\/ipsen-main\/dist\/images\/Phone-Icon-New.svg\" alt=\"Numer telefonu\"><\/li>\n                                    <li class=\"phone-number\"><a href=\"tel:+48 22 653 68 00\" id=\"user_phone\">+48 22 653 68 00<\/a><\/li>\n                                    <li class=\"copy-icon\">\n                                        <button type=\"button\" class=\"copy-btn desktop-view\" data-value=\"+48 22 653 68 00\" aria-label=\"Kopiuj numer telefonu\">\n                                            <img decoding=\"async\" src=\"https:\/\/www.ipsen.com\/poland\/wp-content\/themes\/ipsen-main\/dist\/images\/Copy-Icon-New.svg\" alt=\"\">\n                                        <\/button>\n                                    <\/li>\n                                <\/ul>\n                            \n                              \n\n                                                            <ul class=\"email-child visible\">\n                                    <li class=\"email\"><img decoding=\"async\" src=\"https:\/\/www.ipsen.com\/poland\/wp-content\/themes\/ipsen-main\/dist\/images\/Mail-Icon-New.svg\" alt=\"Adres e-mail\"><\/li>\n                                    <li class=\"email-id\"><a href=\"mailto:biurowarszawa@ipsen.com\" id=\"user_email\">biurowarszawa@ipsen.com<\/a><\/li>\n                                    <li class=\"copy-icon\">\n                                        <button type=\"button\" class=\"copy-btn desktop-view\" data-value=\"biurowarszawa@ipsen.com\" aria-label=\"Kopiuj adres e-mail\">\n                                            <img decoding=\"async\" src=\"https:\/\/www.ipsen.com\/poland\/wp-content\/themes\/ipsen-main\/dist\/images\/Copy-Icon-New.svg\" alt=\"\">\n                                        <\/button>\n                                    <\/li>\n                                <\/ul>\n                            \n                                                      <\/ul>          \n                        <\/div>\n                                            \n\n                    <hr class=\"down-divider hidden\"> \n                                 \n        <\/div>\n\n        \n    <\/div>\n<\/div>        <\/div> \n    <\/section>\n<\/div>\n<\/div>\n","protected":false},"excerpt":{"rendered":"","protected":false},"author":62,"featured_media":0,"parent":96,"menu_order":0,"comment_status":"closed","ping_status":"closed","template":"","meta":{"_acf_changed":false,"footnotes":""},"class_list":["post-104","page","type-page","status-publish","hentry","entry"],"acf":[],"yoast_head":"<!-- This site is optimized with the Yoast SEO plugin v26.8 - https:\/\/yoast.com\/product\/yoast-seo-wordpress\/ -->\n<title>Wsp\u00f3\u0142pracuj z Ipsen Poland - Poland<\/title>\n<meta name=\"robots\" content=\"index, follow, max-snippet:-1, max-image-preview:large, max-video-preview:-1\" \/>\n<link rel=\"canonical\" href=\"https:\/\/www.ipsen.com\/poland\/informacje-dla-pacjentow\/wspolpracuj-z-ipsen-poland\/\" \/>\n<meta property=\"og:locale\" content=\"pl_PL\" \/>\n<meta property=\"og:type\" content=\"article\" \/>\n<meta property=\"og:title\" content=\"Wsp\u00f3\u0142pracuj z Ipsen Poland - Poland\" \/>\n<meta property=\"og:url\" content=\"https:\/\/www.ipsen.com\/poland\/informacje-dla-pacjentow\/wspolpracuj-z-ipsen-poland\/\" \/>\n<meta property=\"og:site_name\" content=\"Poland\" \/>\n<meta property=\"article:modified_time\" content=\"2026-02-19T13:24:36+00:00\" \/>\n<meta name=\"twitter:card\" content=\"summary_large_image\" \/>\n<meta name=\"twitter:label1\" content=\"Est. reading time\" \/>\n\t<meta name=\"twitter:data1\" content=\"1 minute\" \/>\n<script type=\"application\/ld+json\" class=\"yoast-schema-graph\">{\"@context\":\"https:\/\/schema.org\",\"@graph\":[{\"@type\":\"WebPage\",\"@id\":\"https:\/\/www.ipsen.com\/poland\/informacje-dla-pacjentow\/wspolpracuj-z-ipsen-poland\/\",\"url\":\"https:\/\/www.ipsen.com\/poland\/informacje-dla-pacjentow\/wspolpracuj-z-ipsen-poland\/\",\"name\":\"Wsp\u00f3\u0142pracuj z Ipsen Poland - Poland\",\"isPartOf\":{\"@id\":\"https:\/\/www.ipsen.com\/poland\/#website\"},\"datePublished\":\"2025-11-18T09:44:45+00:00\",\"dateModified\":\"2026-02-19T13:24:36+00:00\",\"breadcrumb\":{\"@id\":\"https:\/\/www.ipsen.com\/poland\/informacje-dla-pacjentow\/wspolpracuj-z-ipsen-poland\/#breadcrumb\"},\"inLanguage\":\"pl-PL\",\"potentialAction\":[{\"@type\":\"ReadAction\",\"target\":[\"https:\/\/www.ipsen.com\/poland\/informacje-dla-pacjentow\/wspolpracuj-z-ipsen-poland\/\"]}]},{\"@type\":\"BreadcrumbList\",\"@id\":\"https:\/\/www.ipsen.com\/poland\/informacje-dla-pacjentow\/wspolpracuj-z-ipsen-poland\/#breadcrumb\",\"itemListElement\":[{\"@type\":\"ListItem\",\"position\":1,\"name\":\"Home\",\"item\":\"https:\/\/www.ipsen.com\/poland\/\"},{\"@type\":\"ListItem\",\"position\":2,\"name\":\"Informacje dla pacjent\u00f3w\",\"item\":\"https:\/\/www.ipsen.com\/poland\/informacje-dla-pacjentow\/\"},{\"@type\":\"ListItem\",\"position\":3,\"name\":\"Wsp\u00f3\u0142pracuj z Ipsen Poland\"}]},{\"@type\":\"WebSite\",\"@id\":\"https:\/\/www.ipsen.com\/poland\/#website\",\"url\":\"https:\/\/www.ipsen.com\/poland\/\",\"name\":\"Poland\",\"description\":\"\",\"publisher\":{\"@id\":\"https:\/\/www.ipsen.com\/poland\/#organization\"},\"potentialAction\":[{\"@type\":\"SearchAction\",\"target\":{\"@type\":\"EntryPoint\",\"urlTemplate\":\"https:\/\/www.ipsen.com\/poland\/?s={search_term_string}\"},\"query-input\":{\"@type\":\"PropertyValueSpecification\",\"valueRequired\":true,\"valueName\":\"search_term_string\"}}],\"inLanguage\":\"pl-PL\"},{\"@type\":\"Organization\",\"@id\":\"https:\/\/www.ipsen.com\/poland\/#organization\",\"name\":\"Poland\",\"url\":\"https:\/\/www.ipsen.com\/poland\/\",\"logo\":{\"@type\":\"ImageObject\",\"inLanguage\":\"pl-PL\",\"@id\":\"https:\/\/www.ipsen.com\/poland\/#\/schema\/logo\/image\/\",\"url\":\"https:\/\/www.ipsen.com\/poland\/wp-content\/uploads\/sites\/30\/2025\/10\/Logo-Ipsen-new.svg\",\"contentUrl\":\"https:\/\/www.ipsen.com\/poland\/wp-content\/uploads\/sites\/30\/2025\/10\/Logo-Ipsen-new.svg\",\"caption\":\"Poland\"},\"image\":{\"@id\":\"https:\/\/www.ipsen.com\/poland\/#\/schema\/logo\/image\/\"}}]}<\/script>\n<!-- \/ Yoast SEO plugin. -->","yoast_head_json":{"title":"Wsp\u00f3\u0142pracuj z Ipsen Poland - Poland","robots":{"index":"index","follow":"follow","max-snippet":"max-snippet:-1","max-image-preview":"max-image-preview:large","max-video-preview":"max-video-preview:-1"},"canonical":"https:\/\/www.ipsen.com\/poland\/informacje-dla-pacjentow\/wspolpracuj-z-ipsen-poland\/","og_locale":"pl_PL","og_type":"article","og_title":"Wsp\u00f3\u0142pracuj z Ipsen Poland - Poland","og_url":"https:\/\/www.ipsen.com\/poland\/informacje-dla-pacjentow\/wspolpracuj-z-ipsen-poland\/","og_site_name":"Poland","article_modified_time":"2026-02-19T13:24:36+00:00","twitter_card":"summary_large_image","twitter_misc":{"Est. reading time":"1 minute"},"schema":{"@context":"https:\/\/schema.org","@graph":[{"@type":"WebPage","@id":"https:\/\/www.ipsen.com\/poland\/informacje-dla-pacjentow\/wspolpracuj-z-ipsen-poland\/","url":"https:\/\/www.ipsen.com\/poland\/informacje-dla-pacjentow\/wspolpracuj-z-ipsen-poland\/","name":"Wsp\u00f3\u0142pracuj z Ipsen Poland - Poland","isPartOf":{"@id":"https:\/\/www.ipsen.com\/poland\/#website"},"datePublished":"2025-11-18T09:44:45+00:00","dateModified":"2026-02-19T13:24:36+00:00","breadcrumb":{"@id":"https:\/\/www.ipsen.com\/poland\/informacje-dla-pacjentow\/wspolpracuj-z-ipsen-poland\/#breadcrumb"},"inLanguage":"pl-PL","potentialAction":[{"@type":"ReadAction","target":["https:\/\/www.ipsen.com\/poland\/informacje-dla-pacjentow\/wspolpracuj-z-ipsen-poland\/"]}]},{"@type":"BreadcrumbList","@id":"https:\/\/www.ipsen.com\/poland\/informacje-dla-pacjentow\/wspolpracuj-z-ipsen-poland\/#breadcrumb","itemListElement":[{"@type":"ListItem","position":1,"name":"Home","item":"https:\/\/www.ipsen.com\/poland\/"},{"@type":"ListItem","position":2,"name":"Informacje dla pacjent\u00f3w","item":"https:\/\/www.ipsen.com\/poland\/informacje-dla-pacjentow\/"},{"@type":"ListItem","position":3,"name":"Wsp\u00f3\u0142pracuj z Ipsen Poland"}]},{"@type":"WebSite","@id":"https:\/\/www.ipsen.com\/poland\/#website","url":"https:\/\/www.ipsen.com\/poland\/","name":"Poland","description":"","publisher":{"@id":"https:\/\/www.ipsen.com\/poland\/#organization"},"potentialAction":[{"@type":"SearchAction","target":{"@type":"EntryPoint","urlTemplate":"https:\/\/www.ipsen.com\/poland\/?s={search_term_string}"},"query-input":{"@type":"PropertyValueSpecification","valueRequired":true,"valueName":"search_term_string"}}],"inLanguage":"pl-PL"},{"@type":"Organization","@id":"https:\/\/www.ipsen.com\/poland\/#organization","name":"Poland","url":"https:\/\/www.ipsen.com\/poland\/","logo":{"@type":"ImageObject","inLanguage":"pl-PL","@id":"https:\/\/www.ipsen.com\/poland\/#\/schema\/logo\/image\/","url":"https:\/\/www.ipsen.com\/poland\/wp-content\/uploads\/sites\/30\/2025\/10\/Logo-Ipsen-new.svg","contentUrl":"https:\/\/www.ipsen.com\/poland\/wp-content\/uploads\/sites\/30\/2025\/10\/Logo-Ipsen-new.svg","caption":"Poland"},"image":{"@id":"https:\/\/www.ipsen.com\/poland\/#\/schema\/logo\/image\/"}}]}},"parsely":{"version":"1.1.0","canonical_url":"https:\/\/ipsen.com\/poland\/informacje-dla-pacjentow\/wspolpracuj-z-ipsen-poland\/","smart_links":{"inbound":0,"outbound":0},"traffic_boost_suggestions_count":0,"meta":{"@context":"https:\/\/schema.org","@type":"WebPage","headline":"Wsp\u00f3\u0142pracuj z Ipsen Poland","url":"http:\/\/www.ipsen.com\/poland\/informacje-dla-pacjentow\/wspolpracuj-z-ipsen-poland\/","mainEntityOfPage":{"@type":"WebPage","@id":"http:\/\/www.ipsen.com\/poland\/informacje-dla-pacjentow\/wspolpracuj-z-ipsen-poland\/"},"thumbnailUrl":"","image":{"@type":"ImageObject","url":""},"articleSection":"Bez kategorii","author":[{"@type":"Person","name":"beven"}],"creator":["beven"],"publisher":{"@type":"Organization","name":"Poland","logo":""},"keywords":[],"dateCreated":"2025-11-18T09:44:45Z","datePublished":"2025-11-18T09:44:45Z","dateModified":"2026-02-19T13:24:36Z"},"rendered":"<script type=\"application\/ld+json\" class=\"wp-parsely-metadata\">{\"@context\":\"https:\\\/\\\/schema.org\",\"@type\":\"WebPage\",\"headline\":\"Wsp\\u00f3\\u0142pracuj z Ipsen Poland\",\"url\":\"http:\\\/\\\/www.ipsen.com\\\/poland\\\/informacje-dla-pacjentow\\\/wspolpracuj-z-ipsen-poland\\\/\",\"mainEntityOfPage\":{\"@type\":\"WebPage\",\"@id\":\"http:\\\/\\\/www.ipsen.com\\\/poland\\\/informacje-dla-pacjentow\\\/wspolpracuj-z-ipsen-poland\\\/\"},\"thumbnailUrl\":\"\",\"image\":{\"@type\":\"ImageObject\",\"url\":\"\"},\"articleSection\":\"Bez kategorii\",\"author\":[{\"@type\":\"Person\",\"name\":\"beven\"}],\"creator\":[\"beven\"],\"publisher\":{\"@type\":\"Organization\",\"name\":\"Poland\",\"logo\":\"\"},\"keywords\":[],\"dateCreated\":\"2025-11-18T09:44:45Z\",\"datePublished\":\"2025-11-18T09:44:45Z\",\"dateModified\":\"2026-02-19T13:24:36Z\"}<\/script>","tracker_url":"https:\/\/cdn.parsely.com\/keys\/ipsen.com\/p.js"},"_links":{"self":[{"href":"https:\/\/www.ipsen.com\/poland\/wp-json\/wp\/v2\/pages\/104","targetHints":{"allow":["GET"]}}],"collection":[{"href":"https:\/\/www.ipsen.com\/poland\/wp-json\/wp\/v2\/pages"}],"about":[{"href":"https:\/\/www.ipsen.com\/poland\/wp-json\/wp\/v2\/types\/page"}],"author":[{"embeddable":true,"href":"https:\/\/www.ipsen.com\/poland\/wp-json\/wp\/v2\/users\/62"}],"replies":[{"embeddable":true,"href":"https:\/\/www.ipsen.com\/poland\/wp-json\/wp\/v2\/comments?post=104"}],"version-history":[{"count":6,"href":"https:\/\/www.ipsen.com\/poland\/wp-json\/wp\/v2\/pages\/104\/revisions"}],"predecessor-version":[{"id":1180,"href":"https:\/\/www.ipsen.com\/poland\/wp-json\/wp\/v2\/pages\/104\/revisions\/1180"}],"up":[{"embeddable":true,"href":"https:\/\/www.ipsen.com\/poland\/wp-json\/wp\/v2\/pages\/96"}],"wp:attachment":[{"href":"https:\/\/www.ipsen.com\/poland\/wp-json\/wp\/v2\/media?parent=104"}],"curies":[{"name":"wp","href":"https:\/\/api.w.org\/{rel}","templated":true}]}}