{"id":102,"date":"2025-11-18T11:43:26","date_gmt":"2025-11-18T09:43:26","guid":{"rendered":"https:\/\/www.ipsen.com\/poland\/?page_id=102"},"modified":"2026-02-18T07:01:52","modified_gmt":"2026-02-18T05:01:52","slug":"razem-dla-neurologii","status":"publish","type":"page","link":"https:\/\/www.ipsen.com\/poland\/informacje-dla-pacjentow\/razem-dla-neurologii\/","title":{"rendered":"Razem dla neurologii"},"content":{"rendered":"    <section class=\"sub-page-banner bg-img-enabled  banner-no-filter\" style=\"background-image:url(https:\/\/www.ipsen.com\/poland\/wp-content\/uploads\/sites\/30\/2026\/01\/Patients-Together-for-Neuroscience.jpg)\">\n                <div class=\"container content-sec\">\n            <nav aria-label=\"breadcrumb\">\n            <ol class=\"breadcrumb\">\n                <li class=\"breadcrumb-item\"><a href=\"https:\/\/www.ipsen.com\/poland\">Strona g\u0142\u00f3wna<\/a><\/li><li class=\"breadcrumb-item visible\"><a href=\"https:\/\/www.ipsen.com\/poland\/informacje-dla-pacjentow\/\">Informacje dla pacjent\u00f3w<\/a><\/li><li class=\"breadcrumb-item active\"><a class=\"link-pointer-events-none\" href=\"#\" aria-current=\"page\">Razem dla neurologii<\/a><\/li><\/ol>\n            <\/nav>            <h1 class=\"visible banner-font-color-white\">Razem dla neurologii<\/h1>\n            <p class=\"visible banner-font-color-white\">Wspieramy pacjent\u00f3w dotkni\u0119tych powa\u017cnymi konsekwencjami schorze\u0144 neurologicznych.<\/p>\n        <\/div>\n    <\/section>\n\n\n\n    <section class=\"title-text \">\n        <div class=\"container\">\n            <div class=\"title-text-inner\" style=\"background-color:#EDEBE4;\">\n\n                <!-- If heading is enabled then it's visible -->\n                <div class=\"text-head-dash hidden\">\n                <h3 class=\"heading-three\" role=\"heading\" aria-level=\"2\">\n                                            <\/h3>\n                <\/div>\n               \n                <!-- If description is enabled then it's visible -->\n                <div class=\"text-parbase visible\">\n                    <p>Z pasj\u0105 i zaanga\u017cowaniem dzia\u0142amy na rzecz pacjent\u00f3w zmagaj\u0105cych si\u0119 z r\u00f3\u017cnymi zaburzeniami napi\u0119cia mi\u0119\u015bniowego \u2013 dystoniami oraz spastyczno\u015bci\u0105 w przebiegu powa\u017cnych schorze\u0144 neurologicznych: po przebytym udarze m\u00f3zgu, w wyniku urazu m\u00f3zgu, w przebiegu stwardnienia rozsianego, a tak\u017ce dzieci\u0119cego pora\u017cenia m\u00f3zgowego.<\/p>\n                <\/div>\n\n                <!-- If button is enabled then it's visible -->\n                \n            <\/div>\n        <\/div>\n    <\/section>\n\n\n<!--Graphics Cards Carousel Start Here-->\n\n    <section class=\"graphic-card graphics-old-layout bg-color-disabled bg-image-disabled bg-video-disabled bg-mobile-video-img-disabled\"    data-displaycards=\"3\">\n                <div class=\"container\">\n            <div class=\"text-graph-inner\">\n                <div class=\"row\">\n                    <!--Graphic info section-->\n                    <div class=\"column-1 col-xl-12 col-md-12 col-sm-12\">\n                        <div class=\"text-graph-heading\">\n                        <h3 class=\"charcoal-grey visible heading-three\" role=\"heading\" aria-level=\"2\">\n                                Organizacje pacjent\u00f3w, z kt\u00f3rymi wsp\u00f3\u0142pracujemy w obszarze neurologii                            <\/h3>\n                            <p class=\"text-graph-para charcoal-grey hidden\"><\/p>\n                        <\/div>\n                    <\/div><!--Graphic info section over here -->\n\n                    <!--Graphic detail section-->\n                    <div class=\"column-2 col-xl-12 col-md-12 col-sm-12\">\n                        <!-- graphic-card carousel start here -->\n                                                    <div class=\"text-graph-carousel\">\n                                <div class=\"glider-contain multiple\">\n                                    \n                                <div class=\"glider-graphic-card\" tabindex=\"-1\">\n                                                                                                                        <div class=\"text-graphic\">\n                                                    <div class=\"text-graph-row\">\n                                                        \n                                                                <!-- Graphic Card With OLD layout start here -->\n                                                                <div class=\"column-1\">\n                                                                                                                                    <\/div>\n                                                                <div class=\"column-2\">\n                                                                    <div class=\"text-graph-content\">\n                                                                                                                                                        <div class=\"text-graph-title\">\n                                                                                <h4 role=\"heading\" aria-level=\"3\">Fundacja Chor\u00f3b M\u00f3zgu<\/h4>\n                                                                                <\/div>\n                                                                                                                                                <div class=\"text-graph-desc\">\n                                                                            <p><p>Od wielu lat wsp\u00f3\u0142pracujemy z Fundacj\u0105 Chor\u00f3b M\u00f3zgu na rzecz pacjent\u00f3w ze schorzeniami neurologicznymi. Wsp\u00f3lnie tworzymy webinary, filmy i materia\u0142y edukacyjne dla pacjent\u00f3w oraz ich opiekun\u00f3w, z udzia\u0142em ekspert\u00f3w medycznych w dziedzinie neurologii, rehabilitacji medycznej oraz fizjoterapii. Jeste\u015bmy dumni z bycia partnerem zainicjowanej przez Fundacj\u0119 kampanii edukacyjnej &#8220;\u017bycie po udarze \/ \u017bycie ze spastyczno\u015bci\u0105&#8221;.<\/p>\n<\/p>\n                                                                        <\/div>\n                                                                    <\/div>\n                                                                <\/div>\n                                                                <!-- Graphic Card With OLD layout end here -->\n                                                        \n                                                    <\/div>\n                                                <\/div>\n                                                                                                                                                                    <div class=\"text-graphic\">\n                                                    <div class=\"text-graph-row\">\n                                                        \n                                                                <!-- Graphic Card With OLD layout start here -->\n                                                                <div class=\"column-1\">\n                                                                                                                                    <\/div>\n                                                                <div class=\"column-2\">\n                                                                    <div class=\"text-graph-content\">\n                                                                                                                                                        <div class=\"text-graph-title\">\n                                                                                <h4 role=\"heading\" aria-level=\"3\">Fundacja SM &#8211; Walcz o siebie<\/h4>\n                                                                                <\/div>\n                                                                                                                                                <div class=\"text-graph-desc\">\n                                                                            <p><p>Jeste\u015bmy zaanga\u017cowani we wsp\u00f3\u0142prac\u0119 z Fundacj\u0105 SM &#8211; Walcz o siebie na rzecz pacjent\u00f3w cierpi\u0105cych na stwardnienie rozsiane (SM). Wsp\u00f3lnie tworzymy webinary i filmy edukacyjne z udzia\u0142em ekspert\u00f3w medycznych dla pacjent\u00f3w oraz ich bliskich, na temat rozpoznawania objaw\u00f3w i mo\u017cliwo\u015bci leczenia spastyczno\u015bci w przebiegu SM.<\/p>\n<\/p>\n                                                                        <\/div>\n                                                                    <\/div>\n                                                                <\/div>\n                                                                <!-- Graphic Card With OLD layout end here -->\n                                                        \n                                                    <\/div>\n                                                <\/div>\n                                                                                                                <\/div>\n                            <\/div>\n                                            <\/div> <!-- graphic-card carousel end here -->\n                <\/div> <!--Graphic detail section over here with 12 grid -->   \n            <\/div><!--row ended here-->\n        <\/div> <!-- graph-inner ended here -->\n        \n            <div class=\"more-result-btn\">\n                                            <\/div>\n        <\/div> <!--Container class ended here -->\n    <\/section>\n<!--Graphics Cards Carousel End Here-->\n\n\n<!-- Text & Media Block Code -->\n<section class=\"two-col-section text-media-section\">\n    <div class=\"container two-section-innner \">\n        <div class=\"response-inner\" style=\"background-image: url('')\">\n            <div class=\"row \">\n                <div class=\"col-xs-12 col-sm-12 col-md-6\">\n                                                    <div class=\"img-video-section\">\n                                <img decoding=\"async\" \n                                    src=\"https:\/\/www.ipsen.com\/poland\/wp-content\/uploads\/sites\/30\/2026\/02\/logo.jpg\" \n                                    alt=\"\" \n                                >\n                            <\/div>\n                                        <\/div>\n                <div class=\" col-xs-12 col-sm-12 col-md-6\">\n                    <div class=\"section-content\">\n                        <div class=\"heading-dash\">\n                                                            <span class=\"dash\"><\/span>\n                                <h4 class=\"heading-para heading-four\" role=\"heading\" aria-level=\"2\">\n                                    Nasze zaanga\u017cowanie w dzia\u0142alno\u015b\u0107 edukacyjn\u0105                                <\/h4>\n                                                    <\/div>\n                                                    <p class=\"section-head-two heading-para\" role=\"heading\" aria-level=\"3\">\n                                    Ipsen Poland partnerem kampanii &#8220;\u017bycie po udarze \/ \u017bycie ze spastyczno\u015bci\u0105&#8221;                                <\/p>\n                                                <p>Z my\u015bl\u0105 o osobach po udarze m\u00f3zgu, kt\u00f3re zmagaj\u0105 si\u0119 ze spastyczno\u015bci\u0105, oraz o ich opiekunach powsta\u0142a kampania edukacyjna \u201e\u017bycie po udarze \/ \u017bycie ze spastyczno\u015bci\u0105\u201d, realizowana przez Fundacj\u0119 Chor\u00f3b M\u00f3zgu. Na stronie zyciepoudarze.pl dost\u0119pne s\u0105 rzetelne materia\u0142y przygotowane we wsp\u00f3\u0142pracy z neurologami i lekarzami rehabilitacji medycznej, a tak\u017ce praktyczne wskaz\u00f3wki, historie pacjent\u00f3w oraz interaktywna mapa o\u015brodk\u00f3w oferuj\u0105cych rehabilitacj\u0119 i leczenie spastyczno\u015bci poudarowej.<\/p>\n                            <a \n                            aria-label=\"Dowiedz si\u0119 wi\u0119cej about Nasze zaanga\u017cowanie w dzia\u0142alno\u015b\u0107 edukacyjn\u0105\"  \n                                role=\"link\" \n                                class=\"btn-link section-btn cta-visible\"\n                                href=\"https:\/\/zyciepoudarze.pl\/\" \n                                target=\"_self\"\n                            > \n                                Dowiedz si\u0119 wi\u0119cej \n                            <\/a>\n\n                    <\/div>\n                <\/div>\n            <\/div>\n        <\/div>\n    <\/div>\n<\/section>\n\n    <section class=\"video-card \">\n        <div class=\"container\">\n            <!-- Block Details -->\n            <div class=\"video-card-header\">\n                <h3 class=\"video-card-block-title visible heading-three\">\n                    Wspieramy pacjent\u00f3w na co dzie\u0144 i w \u015awiatowym Dniu Udaru M\u00f3zgu                <\/h3>\n                <p class=\"charcoal-grey video-card-block-summary hidden\"> \n                                    <\/p>\n            <\/div>\n\n            <!-- Video Iframe embed -->\n                            <div class=\"video-embed\"> \n                <iframe loading=\"lazy\" title=\"World Stroke Day 2025 LinkedIn Video Gabor\" src=\"https:\/\/player.vimeo.com\/video\/1159566039?app_id=122963&#038;autoplay=1&#038;muted=1&#038;controls=1&#038;loop=1&#038;autopause=1&#038;background=0\" width=\"640\" height=\"360\" frameborder=\"0\" allow=\"autoplay; fullscreen; picture-in-picture; clipboard-write; encrypted-media; web-share\" referrerpolicy=\"strict-origin-when-cross-origin\" frameborder=\"0\" allow=\"autoplay; fullscreen; picture-in-picture\" data-ot-ignore><\/iframe>                <\/div>\n            \n            <!-- Block CTA -->\n            <div class=\"cta-block hidden\">\n                            <\/div>\n\n        <\/div>\n    <\/section>\n","protected":false},"excerpt":{"rendered":"","protected":false},"author":62,"featured_media":0,"parent":96,"menu_order":0,"comment_status":"closed","ping_status":"closed","template":"","meta":{"_acf_changed":false,"footnotes":""},"class_list":["post-102","page","type-page","status-publish","hentry","entry"],"acf":[],"yoast_head":"<!-- This site is optimized with the Yoast SEO plugin v26.8 - https:\/\/yoast.com\/product\/yoast-seo-wordpress\/ -->\n<title>Razem dla neurologii - Poland<\/title>\n<meta name=\"robots\" content=\"index, follow, max-snippet:-1, max-image-preview:large, max-video-preview:-1\" \/>\n<link rel=\"canonical\" href=\"https:\/\/www.ipsen.com\/poland\/informacje-dla-pacjentow\/razem-dla-neurologii\/\" \/>\n<meta property=\"og:locale\" content=\"pl_PL\" \/>\n<meta property=\"og:type\" content=\"article\" \/>\n<meta property=\"og:title\" content=\"Razem dla neurologii - Poland\" \/>\n<meta property=\"og:url\" content=\"https:\/\/www.ipsen.com\/poland\/informacje-dla-pacjentow\/razem-dla-neurologii\/\" \/>\n<meta property=\"og:site_name\" content=\"Poland\" \/>\n<meta property=\"article:modified_time\" content=\"2026-02-18T05:01:52+00:00\" \/>\n<meta name=\"twitter:card\" content=\"summary_large_image\" \/>\n<script type=\"application\/ld+json\" class=\"yoast-schema-graph\">{\"@context\":\"https:\/\/schema.org\",\"@graph\":[{\"@type\":\"WebPage\",\"@id\":\"https:\/\/www.ipsen.com\/poland\/informacje-dla-pacjentow\/razem-dla-neurologii\/\",\"url\":\"https:\/\/www.ipsen.com\/poland\/informacje-dla-pacjentow\/razem-dla-neurologii\/\",\"name\":\"Razem dla neurologii - Poland\",\"isPartOf\":{\"@id\":\"https:\/\/www.ipsen.com\/poland\/#website\"},\"datePublished\":\"2025-11-18T09:43:26+00:00\",\"dateModified\":\"2026-02-18T05:01:52+00:00\",\"breadcrumb\":{\"@id\":\"https:\/\/www.ipsen.com\/poland\/informacje-dla-pacjentow\/razem-dla-neurologii\/#breadcrumb\"},\"inLanguage\":\"pl-PL\",\"potentialAction\":[{\"@type\":\"ReadAction\",\"target\":[\"https:\/\/www.ipsen.com\/poland\/informacje-dla-pacjentow\/razem-dla-neurologii\/\"]}]},{\"@type\":\"BreadcrumbList\",\"@id\":\"https:\/\/www.ipsen.com\/poland\/informacje-dla-pacjentow\/razem-dla-neurologii\/#breadcrumb\",\"itemListElement\":[{\"@type\":\"ListItem\",\"position\":1,\"name\":\"Home\",\"item\":\"https:\/\/www.ipsen.com\/poland\/\"},{\"@type\":\"ListItem\",\"position\":2,\"name\":\"Informacje dla pacjent\u00f3w\",\"item\":\"https:\/\/www.ipsen.com\/poland\/informacje-dla-pacjentow\/\"},{\"@type\":\"ListItem\",\"position\":3,\"name\":\"Razem dla neurologii\"}]},{\"@type\":\"WebSite\",\"@id\":\"https:\/\/www.ipsen.com\/poland\/#website\",\"url\":\"https:\/\/www.ipsen.com\/poland\/\",\"name\":\"Poland\",\"description\":\"\",\"publisher\":{\"@id\":\"https:\/\/www.ipsen.com\/poland\/#organization\"},\"potentialAction\":[{\"@type\":\"SearchAction\",\"target\":{\"@type\":\"EntryPoint\",\"urlTemplate\":\"https:\/\/www.ipsen.com\/poland\/?s={search_term_string}\"},\"query-input\":{\"@type\":\"PropertyValueSpecification\",\"valueRequired\":true,\"valueName\":\"search_term_string\"}}],\"inLanguage\":\"pl-PL\"},{\"@type\":\"Organization\",\"@id\":\"https:\/\/www.ipsen.com\/poland\/#organization\",\"name\":\"Poland\",\"url\":\"https:\/\/www.ipsen.com\/poland\/\",\"logo\":{\"@type\":\"ImageObject\",\"inLanguage\":\"pl-PL\",\"@id\":\"https:\/\/www.ipsen.com\/poland\/#\/schema\/logo\/image\/\",\"url\":\"https:\/\/www.ipsen.com\/poland\/wp-content\/uploads\/sites\/30\/2025\/10\/Logo-Ipsen-new.svg\",\"contentUrl\":\"https:\/\/www.ipsen.com\/poland\/wp-content\/uploads\/sites\/30\/2025\/10\/Logo-Ipsen-new.svg\",\"caption\":\"Poland\"},\"image\":{\"@id\":\"https:\/\/www.ipsen.com\/poland\/#\/schema\/logo\/image\/\"}}]}<\/script>\n<!-- \/ Yoast SEO plugin. -->","yoast_head_json":{"title":"Razem dla neurologii - Poland","robots":{"index":"index","follow":"follow","max-snippet":"max-snippet:-1","max-image-preview":"max-image-preview:large","max-video-preview":"max-video-preview:-1"},"canonical":"https:\/\/www.ipsen.com\/poland\/informacje-dla-pacjentow\/razem-dla-neurologii\/","og_locale":"pl_PL","og_type":"article","og_title":"Razem dla neurologii - Poland","og_url":"https:\/\/www.ipsen.com\/poland\/informacje-dla-pacjentow\/razem-dla-neurologii\/","og_site_name":"Poland","article_modified_time":"2026-02-18T05:01:52+00:00","twitter_card":"summary_large_image","schema":{"@context":"https:\/\/schema.org","@graph":[{"@type":"WebPage","@id":"https:\/\/www.ipsen.com\/poland\/informacje-dla-pacjentow\/razem-dla-neurologii\/","url":"https:\/\/www.ipsen.com\/poland\/informacje-dla-pacjentow\/razem-dla-neurologii\/","name":"Razem dla neurologii - Poland","isPartOf":{"@id":"https:\/\/www.ipsen.com\/poland\/#website"},"datePublished":"2025-11-18T09:43:26+00:00","dateModified":"2026-02-18T05:01:52+00:00","breadcrumb":{"@id":"https:\/\/www.ipsen.com\/poland\/informacje-dla-pacjentow\/razem-dla-neurologii\/#breadcrumb"},"inLanguage":"pl-PL","potentialAction":[{"@type":"ReadAction","target":["https:\/\/www.ipsen.com\/poland\/informacje-dla-pacjentow\/razem-dla-neurologii\/"]}]},{"@type":"BreadcrumbList","@id":"https:\/\/www.ipsen.com\/poland\/informacje-dla-pacjentow\/razem-dla-neurologii\/#breadcrumb","itemListElement":[{"@type":"ListItem","position":1,"name":"Home","item":"https:\/\/www.ipsen.com\/poland\/"},{"@type":"ListItem","position":2,"name":"Informacje dla pacjent\u00f3w","item":"https:\/\/www.ipsen.com\/poland\/informacje-dla-pacjentow\/"},{"@type":"ListItem","position":3,"name":"Razem dla neurologii"}]},{"@type":"WebSite","@id":"https:\/\/www.ipsen.com\/poland\/#website","url":"https:\/\/www.ipsen.com\/poland\/","name":"Poland","description":"","publisher":{"@id":"https:\/\/www.ipsen.com\/poland\/#organization"},"potentialAction":[{"@type":"SearchAction","target":{"@type":"EntryPoint","urlTemplate":"https:\/\/www.ipsen.com\/poland\/?s={search_term_string}"},"query-input":{"@type":"PropertyValueSpecification","valueRequired":true,"valueName":"search_term_string"}}],"inLanguage":"pl-PL"},{"@type":"Organization","@id":"https:\/\/www.ipsen.com\/poland\/#organization","name":"Poland","url":"https:\/\/www.ipsen.com\/poland\/","logo":{"@type":"ImageObject","inLanguage":"pl-PL","@id":"https:\/\/www.ipsen.com\/poland\/#\/schema\/logo\/image\/","url":"https:\/\/www.ipsen.com\/poland\/wp-content\/uploads\/sites\/30\/2025\/10\/Logo-Ipsen-new.svg","contentUrl":"https:\/\/www.ipsen.com\/poland\/wp-content\/uploads\/sites\/30\/2025\/10\/Logo-Ipsen-new.svg","caption":"Poland"},"image":{"@id":"https:\/\/www.ipsen.com\/poland\/#\/schema\/logo\/image\/"}}]}},"parsely":{"version":"1.1.0","canonical_url":"https:\/\/ipsen.com\/poland\/informacje-dla-pacjentow\/razem-dla-neurologii\/","smart_links":{"inbound":0,"outbound":0},"traffic_boost_suggestions_count":0,"meta":{"@context":"https:\/\/schema.org","@type":"WebPage","headline":"Razem dla neurologii","url":"http:\/\/www.ipsen.com\/poland\/informacje-dla-pacjentow\/razem-dla-neurologii\/","mainEntityOfPage":{"@type":"WebPage","@id":"http:\/\/www.ipsen.com\/poland\/informacje-dla-pacjentow\/razem-dla-neurologii\/"},"thumbnailUrl":"","image":{"@type":"ImageObject","url":""},"articleSection":"Bez kategorii","author":[{"@type":"Person","name":"beven"}],"creator":["beven"],"publisher":{"@type":"Organization","name":"Poland","logo":""},"keywords":[],"dateCreated":"2025-11-18T09:43:26Z","datePublished":"2025-11-18T09:43:26Z","dateModified":"2026-02-18T05:01:52Z"},"rendered":"<script type=\"application\/ld+json\" class=\"wp-parsely-metadata\">{\"@context\":\"https:\\\/\\\/schema.org\",\"@type\":\"WebPage\",\"headline\":\"Razem dla neurologii\",\"url\":\"http:\\\/\\\/www.ipsen.com\\\/poland\\\/informacje-dla-pacjentow\\\/razem-dla-neurologii\\\/\",\"mainEntityOfPage\":{\"@type\":\"WebPage\",\"@id\":\"http:\\\/\\\/www.ipsen.com\\\/poland\\\/informacje-dla-pacjentow\\\/razem-dla-neurologii\\\/\"},\"thumbnailUrl\":\"\",\"image\":{\"@type\":\"ImageObject\",\"url\":\"\"},\"articleSection\":\"Bez kategorii\",\"author\":[{\"@type\":\"Person\",\"name\":\"beven\"}],\"creator\":[\"beven\"],\"publisher\":{\"@type\":\"Organization\",\"name\":\"Poland\",\"logo\":\"\"},\"keywords\":[],\"dateCreated\":\"2025-11-18T09:43:26Z\",\"datePublished\":\"2025-11-18T09:43:26Z\",\"dateModified\":\"2026-02-18T05:01:52Z\"}<\/script>","tracker_url":"https:\/\/cdn.parsely.com\/keys\/ipsen.com\/p.js"},"_links":{"self":[{"href":"https:\/\/www.ipsen.com\/poland\/wp-json\/wp\/v2\/pages\/102","targetHints":{"allow":["GET"]}}],"collection":[{"href":"https:\/\/www.ipsen.com\/poland\/wp-json\/wp\/v2\/pages"}],"about":[{"href":"https:\/\/www.ipsen.com\/poland\/wp-json\/wp\/v2\/types\/page"}],"author":[{"embeddable":true,"href":"https:\/\/www.ipsen.com\/poland\/wp-json\/wp\/v2\/users\/62"}],"replies":[{"embeddable":true,"href":"https:\/\/www.ipsen.com\/poland\/wp-json\/wp\/v2\/comments?post=102"}],"version-history":[{"count":6,"href":"https:\/\/www.ipsen.com\/poland\/wp-json\/wp\/v2\/pages\/102\/revisions"}],"predecessor-version":[{"id":935,"href":"https:\/\/www.ipsen.com\/poland\/wp-json\/wp\/v2\/pages\/102\/revisions\/935"}],"up":[{"embeddable":true,"href":"https:\/\/www.ipsen.com\/poland\/wp-json\/wp\/v2\/pages\/96"}],"wp:attachment":[{"href":"https:\/\/www.ipsen.com\/poland\/wp-json\/wp\/v2\/media?parent=102"}],"curies":[{"name":"wp","href":"https:\/\/api.w.org\/{rel}","templated":true}]}}