{"id":76,"date":"2025-01-08T10:31:03","date_gmt":"2025-01-08T08:31:03","guid":{"rendered":"https:\/\/www.ipsen.com\/nordics\/?page_id=76"},"modified":"2025-12-17T12:27:48","modified_gmt":"2025-12-17T10:27:48","slug":"transparency-in-relations-and-interests","status":"publish","type":"page","link":"https:\/\/www.ipsen.com\/nordics\/transparency-in-relations-and-interests\/","title":{"rendered":"Transparency in Relations and Interests"},"content":{"rendered":"    <section class=\"sub-page-banner bg-color-enabled  banner-no-filter\" style=\"background: linear-gradient(93.64deg, #224A81 2.99%, #2797D3 97.01%)\">\n                <div class=\"container content-sec\">\n            <nav aria-label=\"breadcrumb\">\n            <ol class=\"breadcrumb\">\n                <li class=\"breadcrumb-item\"><a href=\"https:\/\/www.ipsen.com\/nordics\">Home<\/a><\/li><li class=\"breadcrumb-item active\"><a class=\"link-pointer-events-none\" href=\"#\" aria-current=\"page\">Transparency in Relations and Interests<\/a><\/li><\/ol>\n            <\/nav>            <h1 class=\"visible banner-font-color-white\">Transparency in Relations and Interests<\/h1>\n            <p class=\"hidden banner-font-color-white\"><\/p>\n        <\/div>\n    <\/section>\n\n\n\n\n<div class=\"wp-block-columns is-layout-flex wp-container-core-columns-is-layout-9d6595d7 wp-block-columns-is-layout-flex\">\n<div class=\"wp-block-column is-layout-flow wp-block-column-is-layout-flow\">\n<p><em>At Ipsen, we consider transparency to be a key requirement to nurture relations of trust with patients, stakeholders and the general public. Our policy of transparency extends across all aspects of our collaboration with healthcare professionals and organizations and is designed to make sure that the pharmaceutical industry\u2019s ethical principles are fully complied with.<\/em><\/p>\n\n\n\n<p>Interactions between industries and healthcare professionals are a positive driver for the development of patient treatment and value of research advancements in patient care and progression of innovative medicines.<\/p>\n\n\n\n<p>Industry and healthcare professionals collaborate in a range of activities&nbsp; from clinical research to sharing best clinical practice and exchanging information on how new medicines fit into the patient pathway.<\/p>\n\n\n\n<p>The Society has increasingly high expectations especially on healthcare matters. IPSEN want to make sure that we meet these expectations, and for this purpose we are keen to ensure this relationship is understood by patients, the media, other stakeholders, and more generally the public.<\/p>\n\n\n\n<p>All interactions with European healthcare professionals are governed by EU Directive, the EFPIA* Codes, as well as national codes, regulations and procedures. EFPIA agreed on the EFPIA Disclosure Code (June 2013), which requires the public disclosure of payments to healthcare professionals and healthcare organisations starting 2016 (for payments made in 2015).<\/p>\n\n\n\n<p>The disclosures include transfers of value made for activities such as research and educational grants to healthcare organisations as well as transfers of value to healthcare professionals such as speaker fees, consultancy activities and advisory boards.<\/p>\n\n\n\n<p>Additionally in Denmark, interactions with healthcare professionals are governed by the Danish Health Act and the Executive Order no. 1154 (2014). This law requires healthcare professionals to apply for, or notify the Danish Medicinal Agency of all collaboration with the industry. The industry is obliged to file an annual report to the Danish Medicinal Agency comprising all collaboration with Danish healthcare professionals in the previous calendar year. This information is published on the Danish Medicines Agency\u00b4s website.<\/p>\n\n\n\n<p>ENLI is the regulatory body for the pharmaceutical industry in Denmark. It ensures that companies affiliated to ENLI abide by ethical rules and guidelines as set out by the EFPIA and ENLI.<\/p>\n\n\n\n<p>*EFPIA = the European Federation of Pharmaceutical Industries and Associations<\/p>\n\n\n\n<p>Publication of transfers of value to Recipients aims at reporting the values (monetary or in-kind) to HCPs\/HCOs our company is collaborating \/ has relationships with, following the objectives and provisions included in the applicable codes. Individual disclosures have been consented to by individual Recipients \u2013 such consent has been given to allow complying with the applicable codes that our company signed off to.<\/p>\n\n\n\n<p>These publications do not grant a general permission for those accessing our website or the national platforms to undertake additional processing of the healthcare professionals\u2019 data.<\/p>\n\n\n\n<p>For a good understanding of the reporting included in our disclosures as published on this website, we refer to the Methodological Note that clarifies the meaning and content of the transfers of value reported.<\/p>\n\n\n\n<figure class=\"wp-block-table aligncenter\"><table class=\"has-fixed-layout\"><tbody><tr><td class=\"has-text-align-center\" data-align=\"center\"><strong>Sweden<\/strong><\/td><td class=\"has-text-align-center\" data-align=\"center\"><strong>Finland<\/strong><\/td><td class=\"has-text-align-center\" data-align=\"center\"><strong>Denmark<\/strong><\/td><td class=\"has-text-align-center\" data-align=\"center\"><strong>Norway<\/strong><\/td><td class=\"has-text-align-center\" data-align=\"center\"><strong>Iceland<\/strong><\/td><\/tr><tr><td class=\"has-text-align-center\" data-align=\"center\"><a href=\"https:\/\/www.ipsen.com\/nordics\/wp-content\/uploads\/sites\/20\/2025\/06\/Metodnotering-SVERIGE.pdf\" target=\"_blank\" rel=\"noreferrer noopener\">Metodnotering SVERIGE<\/a><\/td><td class=\"has-text-align-center\" data-align=\"center\"><a href=\"https:\/\/www.ipsen.com\/nordics\/wp-content\/uploads\/sites\/20\/2025\/06\/Methodological-note-FINLAND.pdf\" target=\"_blank\" rel=\"noreferrer noopener\">Methodological note FINLAND<\/a><\/td><td class=\"has-text-align-center\" data-align=\"center\"><a href=\"https:\/\/www.ipsen.com\/nordics\/wp-content\/uploads\/sites\/20\/2025\/02\/Pat-Org-webpage-.pdf\">Interaction with Patient Organisation 2024 <\/a><\/td><td class=\"has-text-align-center\" data-align=\"center\"><a href=\"https:\/\/www.ipsen.com\/nordics\/wp-content\/uploads\/sites\/20\/2025\/06\/Metodenotat_NORGE-.pdf\" target=\"_blank\" rel=\"noreferrer noopener\">Metodenotat NORGE<\/a><\/td><td class=\"has-text-align-center\" data-align=\"center\"><a href=\"https:\/\/www.ipsen.com\/nordics\/wp-content\/uploads\/sites\/20\/2025\/06\/Methodological_Note_Iceland.pdf\" target=\"_blank\" rel=\"noreferrer noopener\">Methodological note ICELAND<\/a><\/td><\/tr><tr><td class=\"has-text-align-center\" data-align=\"center\"><a href=\"https:\/\/www.ipsen.com\/nordics\/wp-content\/uploads\/sites\/20\/2025\/02\/SWEDEN-Transparency-report-2022-FINAL_2.pdf\" target=\"_blank\" rel=\"noreferrer noopener\">V\u00e4rde\u00f6verf\u00f6ringar SVERIGE 2022<\/a><\/td><td class=\"has-text-align-center\" data-align=\"center\"><a href=\"https:\/\/www.ipsen.com\/nordics\/wp-content\/uploads\/sites\/20\/2025\/02\/FINLAND-Transparency-report-2022-FINAL.pdf\" target=\"_blank\" rel=\"noreferrer noopener\">Arvonsiirto SUOMI 2022<\/a><\/td><td class=\"has-text-align-center\" data-align=\"center\"><a href=\"https:\/\/www.ipsen.com\/nordics\/wp-content\/uploads\/sites\/20\/2025\/12\/Interactions-with-Patient-Organisaions-2025.docx\">Interactions with Patient Organisations 2025<\/a><\/td><td class=\"has-text-align-center\" data-align=\"center\"><a href=\"https:\/\/www.ipsen.com\/nordics\/wp-content\/uploads\/sites\/20\/2025\/02\/NORWAY-Transparency-report-2022-FINAL.pdf\" target=\"_blank\" rel=\"noreferrer noopener\">Verdioverforingar NORGE 2022<\/a><\/td><td class=\"has-text-align-center\" data-align=\"center\"><a href=\"https:\/\/www.ipsen.com\/nordics\/wp-content\/uploads\/sites\/20\/2025\/06\/Transfer-of-Values-ICELAND-2024.pdf\" target=\"_blank\" rel=\"noreferrer noopener\">Transfer of Values ICELAND 2024<\/a><\/td><\/tr><tr><td class=\"has-text-align-center\" data-align=\"center\"><a href=\"https:\/\/www.ipsen.com\/nordics\/wp-content\/uploads\/sites\/20\/2025\/03\/SWE_EFPIA_LIF_English-May2024-FINAL.pdf\" target=\"_blank\" rel=\"noreferrer noopener\">V\u00e4rde\u00f6verf\u00f6ringar SVERIGE 2023<\/a><\/td><td class=\"has-text-align-center\" data-align=\"center\"><a href=\"https:\/\/www.ipsen.com\/nordics\/wp-content\/uploads\/sites\/20\/2025\/03\/FIN_EFPIA_Laaketeollisuus-PIF_English-May2024_FINAL.pdf\" target=\"_blank\" rel=\"noreferrer noopener\">Arvonsiirto SUOMI 2023<\/a><\/td><td class=\"has-text-align-center\" data-align=\"center\"><a href=\"https:\/\/www.ipsen.com\/nordics\/wp-content\/uploads\/sites\/20\/2025\/12\/Donation-to-Herlev-2025.docx\">Donation to Herlev Hospital 2025<\/a><\/td><td class=\"has-text-align-center\" data-align=\"center\"><a href=\"https:\/\/www.ipsen.com\/nordics\/wp-content\/uploads\/sites\/20\/2025\/03\/NOR_EFPIA_LMI_English-May2024_FINAL.pdf\" target=\"_blank\" rel=\"noreferrer noopener\">Verdioverforingar NORGE 2023<\/a><\/td><td class=\"has-text-align-center\" data-align=\"center\"><\/td><\/tr><tr><td class=\"has-text-align-center\" data-align=\"center\"><a href=\"https:\/\/www.ipsen.com\/nordics\/wp-content\/uploads\/sites\/20\/2025\/06\/Vardeoverforingar-SVERIGE-2024.pdf\" target=\"_blank\" rel=\"noreferrer noopener\">V\u00e4rde\u00f6verf\u00f6ringar SVERIGE 2024<\/a><\/td><td class=\"has-text-align-center\" data-align=\"center\"><a href=\"https:\/\/www.ipsen.com\/nordics\/wp-content\/uploads\/sites\/20\/2025\/06\/Arvonsiirto-SUOMI-2024.pdf\" target=\"_blank\" rel=\"noreferrer noopener\">Arvonsiirto SUOMI 2024<\/a><\/td><td class=\"has-text-align-center\" data-align=\"center\"><\/td><td class=\"has-text-align-center\" data-align=\"center\"><a href=\"https:\/\/www.ipsen.com\/nordics\/wp-content\/uploads\/sites\/20\/2025\/06\/Verdioverforingar-NORGE-2024.pdf\" target=\"_blank\" rel=\"noreferrer noopener\">Verdioverforingar NORGE 2024<\/a><\/td><td class=\"has-text-align-center\" data-align=\"center\"><\/td><\/tr><tr><td class=\"has-text-align-center\" data-align=\"center\"><\/td><td class=\"has-text-align-center\" data-align=\"center\"><\/td><td class=\"has-text-align-center\" data-align=\"center\"><\/td><td class=\"has-text-align-center\" data-align=\"center\"><a href=\"https:\/\/www.ipsen.com\/nordics\/wp-content\/uploads\/sites\/20\/2025\/06\/Methodological-Note-Patient-Organisations-Norway.pdf\" target=\"_blank\" rel=\"noreferrer noopener\">Methodology Note POs<\/a><\/td><td class=\"has-text-align-center\" data-align=\"center\"><\/td><\/tr><tr><td class=\"has-text-align-center\" data-align=\"center\"><\/td><td class=\"has-text-align-center\" data-align=\"center\"><\/td><td class=\"has-text-align-center\" data-align=\"center\"><\/td><td class=\"has-text-align-center\" data-align=\"center\"><a href=\"https:\/\/www.ipsen.com\/nordics\/wp-content\/uploads\/sites\/20\/2025\/06\/Patient-Organisations-disclosure-Norway-2024.pdf\" target=\"_blank\" rel=\"noreferrer noopener\">ToVs to Patient Organizations<\/a><\/td><td class=\"has-text-align-center\" data-align=\"center\"><\/td><\/tr><\/tbody><\/table><\/figure>\n<\/div>\n<\/div>\n\n\n\n<p><\/p>\n","protected":false},"excerpt":{"rendered":"","protected":false},"author":2,"featured_media":0,"parent":0,"menu_order":0,"comment_status":"closed","ping_status":"closed","template":"","meta":{"_acf_changed":false,"footnotes":""},"class_list":["post-76","page","type-page","status-publish","hentry","entry"],"acf":[],"yoast_head":"<!-- This site is optimized with the Yoast SEO plugin v26.8 - https:\/\/yoast.com\/product\/yoast-seo-wordpress\/ -->\n<title>Transparency in Relations and Interests - Nordics<\/title>\n<meta name=\"robots\" content=\"index, follow, max-snippet:-1, max-image-preview:large, max-video-preview:-1\" \/>\n<link rel=\"canonical\" href=\"https:\/\/www.ipsen.com\/nordics\/transparency-in-relations-and-interests\/\" \/>\n<meta property=\"og:locale\" content=\"en_US\" \/>\n<meta property=\"og:type\" content=\"article\" \/>\n<meta property=\"og:title\" content=\"Transparency in Relations and Interests - Nordics\" \/>\n<meta property=\"og:url\" content=\"https:\/\/www.ipsen.com\/nordics\/transparency-in-relations-and-interests\/\" \/>\n<meta property=\"og:site_name\" content=\"Nordics\" \/>\n<meta property=\"article:modified_time\" content=\"2025-12-17T10:27:48+00:00\" \/>\n<meta name=\"twitter:card\" content=\"summary_large_image\" \/>\n<meta name=\"twitter:label1\" content=\"Est. reading time\" \/>\n\t<meta name=\"twitter:data1\" content=\"3 minutes\" \/>\n<script type=\"application\/ld+json\" class=\"yoast-schema-graph\">{\"@context\":\"https:\/\/schema.org\",\"@graph\":[{\"@type\":\"WebPage\",\"@id\":\"https:\/\/www.ipsen.com\/nordics\/transparency-in-relations-and-interests\/\",\"url\":\"https:\/\/www.ipsen.com\/nordics\/transparency-in-relations-and-interests\/\",\"name\":\"Transparency in Relations and Interests - Nordics\",\"isPartOf\":{\"@id\":\"https:\/\/www.ipsen.com\/nordics\/#website\"},\"datePublished\":\"2025-01-08T08:31:03+00:00\",\"dateModified\":\"2025-12-17T10:27:48+00:00\",\"breadcrumb\":{\"@id\":\"https:\/\/www.ipsen.com\/nordics\/transparency-in-relations-and-interests\/#breadcrumb\"},\"inLanguage\":\"en-US\",\"potentialAction\":[{\"@type\":\"ReadAction\",\"target\":[\"https:\/\/www.ipsen.com\/nordics\/transparency-in-relations-and-interests\/\"]}]},{\"@type\":\"BreadcrumbList\",\"@id\":\"https:\/\/www.ipsen.com\/nordics\/transparency-in-relations-and-interests\/#breadcrumb\",\"itemListElement\":[{\"@type\":\"ListItem\",\"position\":1,\"name\":\"Home\",\"item\":\"https:\/\/www.ipsen.com\/nordics\/\"},{\"@type\":\"ListItem\",\"position\":2,\"name\":\"Transparency in Relations and Interests\"}]},{\"@type\":\"WebSite\",\"@id\":\"https:\/\/www.ipsen.com\/nordics\/#website\",\"url\":\"https:\/\/www.ipsen.com\/nordics\/\",\"name\":\"Nordics\",\"description\":\"\",\"publisher\":{\"@id\":\"https:\/\/www.ipsen.com\/nordics\/#organization\"},\"potentialAction\":[{\"@type\":\"SearchAction\",\"target\":{\"@type\":\"EntryPoint\",\"urlTemplate\":\"https:\/\/www.ipsen.com\/nordics\/?s={search_term_string}\"},\"query-input\":{\"@type\":\"PropertyValueSpecification\",\"valueRequired\":true,\"valueName\":\"search_term_string\"}}],\"inLanguage\":\"en-US\"},{\"@type\":\"Organization\",\"@id\":\"https:\/\/www.ipsen.com\/nordics\/#organization\",\"name\":\"Nordics\",\"url\":\"https:\/\/www.ipsen.com\/nordics\/\",\"logo\":{\"@type\":\"ImageObject\",\"inLanguage\":\"en-US\",\"@id\":\"https:\/\/www.ipsen.com\/nordics\/#\/schema\/logo\/image\/\",\"url\":\"https:\/\/www.ipsen.com\/nordics\/wp-content\/uploads\/sites\/20\/2024\/12\/Logo-Ipsen-new.svg\",\"contentUrl\":\"https:\/\/www.ipsen.com\/nordics\/wp-content\/uploads\/sites\/20\/2024\/12\/Logo-Ipsen-new.svg\",\"caption\":\"Nordics\"},\"image\":{\"@id\":\"https:\/\/www.ipsen.com\/nordics\/#\/schema\/logo\/image\/\"}}]}<\/script>\n<!-- \/ Yoast SEO plugin. -->","yoast_head_json":{"title":"Transparency in Relations and Interests - Nordics","robots":{"index":"index","follow":"follow","max-snippet":"max-snippet:-1","max-image-preview":"max-image-preview:large","max-video-preview":"max-video-preview:-1"},"canonical":"https:\/\/www.ipsen.com\/nordics\/transparency-in-relations-and-interests\/","og_locale":"en_US","og_type":"article","og_title":"Transparency in Relations and Interests - Nordics","og_url":"https:\/\/www.ipsen.com\/nordics\/transparency-in-relations-and-interests\/","og_site_name":"Nordics","article_modified_time":"2025-12-17T10:27:48+00:00","twitter_card":"summary_large_image","twitter_misc":{"Est. reading time":"3 minutes"},"schema":{"@context":"https:\/\/schema.org","@graph":[{"@type":"WebPage","@id":"https:\/\/www.ipsen.com\/nordics\/transparency-in-relations-and-interests\/","url":"https:\/\/www.ipsen.com\/nordics\/transparency-in-relations-and-interests\/","name":"Transparency in Relations and Interests - Nordics","isPartOf":{"@id":"https:\/\/www.ipsen.com\/nordics\/#website"},"datePublished":"2025-01-08T08:31:03+00:00","dateModified":"2025-12-17T10:27:48+00:00","breadcrumb":{"@id":"https:\/\/www.ipsen.com\/nordics\/transparency-in-relations-and-interests\/#breadcrumb"},"inLanguage":"en-US","potentialAction":[{"@type":"ReadAction","target":["https:\/\/www.ipsen.com\/nordics\/transparency-in-relations-and-interests\/"]}]},{"@type":"BreadcrumbList","@id":"https:\/\/www.ipsen.com\/nordics\/transparency-in-relations-and-interests\/#breadcrumb","itemListElement":[{"@type":"ListItem","position":1,"name":"Home","item":"https:\/\/www.ipsen.com\/nordics\/"},{"@type":"ListItem","position":2,"name":"Transparency in Relations and Interests"}]},{"@type":"WebSite","@id":"https:\/\/www.ipsen.com\/nordics\/#website","url":"https:\/\/www.ipsen.com\/nordics\/","name":"Nordics","description":"","publisher":{"@id":"https:\/\/www.ipsen.com\/nordics\/#organization"},"potentialAction":[{"@type":"SearchAction","target":{"@type":"EntryPoint","urlTemplate":"https:\/\/www.ipsen.com\/nordics\/?s={search_term_string}"},"query-input":{"@type":"PropertyValueSpecification","valueRequired":true,"valueName":"search_term_string"}}],"inLanguage":"en-US"},{"@type":"Organization","@id":"https:\/\/www.ipsen.com\/nordics\/#organization","name":"Nordics","url":"https:\/\/www.ipsen.com\/nordics\/","logo":{"@type":"ImageObject","inLanguage":"en-US","@id":"https:\/\/www.ipsen.com\/nordics\/#\/schema\/logo\/image\/","url":"https:\/\/www.ipsen.com\/nordics\/wp-content\/uploads\/sites\/20\/2024\/12\/Logo-Ipsen-new.svg","contentUrl":"https:\/\/www.ipsen.com\/nordics\/wp-content\/uploads\/sites\/20\/2024\/12\/Logo-Ipsen-new.svg","caption":"Nordics"},"image":{"@id":"https:\/\/www.ipsen.com\/nordics\/#\/schema\/logo\/image\/"}}]}},"parsely":{"version":"1.1.0","canonical_url":"https:\/\/ipsen.com\/nordics\/transparency-in-relations-and-interests\/","smart_links":{"inbound":0,"outbound":0},"traffic_boost_suggestions_count":0,"meta":{"@context":"https:\/\/schema.org","@type":"WebPage","headline":"Transparency in Relations and Interests","url":"http:\/\/www.ipsen.com\/nordics\/transparency-in-relations-and-interests\/","mainEntityOfPage":{"@type":"WebPage","@id":"http:\/\/www.ipsen.com\/nordics\/transparency-in-relations-and-interests\/"},"thumbnailUrl":"","image":{"@type":"ImageObject","url":""},"articleSection":"Uncategorized","author":[{"@type":"Person","name":"navya"}],"creator":["navya"],"publisher":{"@type":"Organization","name":"Nordics","logo":""},"keywords":[],"dateCreated":"2025-01-08T08:31:03Z","datePublished":"2025-01-08T08:31:03Z","dateModified":"2025-12-17T10:27:48Z"},"rendered":"<script type=\"application\/ld+json\" class=\"wp-parsely-metadata\">{\"@context\":\"https:\\\/\\\/schema.org\",\"@type\":\"WebPage\",\"headline\":\"Transparency in Relations and Interests\",\"url\":\"http:\\\/\\\/www.ipsen.com\\\/nordics\\\/transparency-in-relations-and-interests\\\/\",\"mainEntityOfPage\":{\"@type\":\"WebPage\",\"@id\":\"http:\\\/\\\/www.ipsen.com\\\/nordics\\\/transparency-in-relations-and-interests\\\/\"},\"thumbnailUrl\":\"\",\"image\":{\"@type\":\"ImageObject\",\"url\":\"\"},\"articleSection\":\"Uncategorized\",\"author\":[{\"@type\":\"Person\",\"name\":\"navya\"}],\"creator\":[\"navya\"],\"publisher\":{\"@type\":\"Organization\",\"name\":\"Nordics\",\"logo\":\"\"},\"keywords\":[],\"dateCreated\":\"2025-01-08T08:31:03Z\",\"datePublished\":\"2025-01-08T08:31:03Z\",\"dateModified\":\"2025-12-17T10:27:48Z\"}<\/script>","tracker_url":"https:\/\/cdn.parsely.com\/keys\/ipsen.com\/p.js"},"jetpack_sharing_enabled":true,"_links":{"self":[{"href":"https:\/\/www.ipsen.com\/nordics\/wp-json\/wp\/v2\/pages\/76","targetHints":{"allow":["GET"]}}],"collection":[{"href":"https:\/\/www.ipsen.com\/nordics\/wp-json\/wp\/v2\/pages"}],"about":[{"href":"https:\/\/www.ipsen.com\/nordics\/wp-json\/wp\/v2\/types\/page"}],"author":[{"embeddable":true,"href":"https:\/\/www.ipsen.com\/nordics\/wp-json\/wp\/v2\/users\/2"}],"replies":[{"embeddable":true,"href":"https:\/\/www.ipsen.com\/nordics\/wp-json\/wp\/v2\/comments?post=76"}],"version-history":[{"count":19,"href":"https:\/\/www.ipsen.com\/nordics\/wp-json\/wp\/v2\/pages\/76\/revisions"}],"predecessor-version":[{"id":1539,"href":"https:\/\/www.ipsen.com\/nordics\/wp-json\/wp\/v2\/pages\/76\/revisions\/1539"}],"wp:attachment":[{"href":"https:\/\/www.ipsen.com\/nordics\/wp-json\/wp\/v2\/media?parent=76"}],"curies":[{"name":"wp","href":"https:\/\/api.w.org\/{rel}","templated":true}]}}