{"id":1081,"date":"2025-11-20T08:50:50","date_gmt":"2025-11-20T06:50:50","guid":{"rendered":"https:\/\/www.ipsen.com\/nordics\/?page_id=1081"},"modified":"2026-02-10T09:08:56","modified_gmt":"2026-02-10T07:08:56","slug":"vaihdevuosioireet-olivatkin-harvinaissairaus","status":"publish","type":"page","link":"https:\/\/www.ipsen.com\/nordics\/vaihdevuosioireet-olivatkin-harvinaissairaus\/","title":{"rendered":"&#8220;Vaihdevuosioireet olivatkin harvinaissairaus&#8221;"},"content":{"rendered":"    <section class=\"sub-page-banner bg-color-enabled  banner-no-filter\" style=\"background: linear-gradient(93.64deg, #224A81 2.99%, #2797D3 97.01%)\">\n                <div class=\"container content-sec\">\n            <nav aria-label=\"breadcrumb banner-font-color-blue\">\n            <ol class=\"breadcrumb\">\n                <li class=\"breadcrumb-item\"><a href=\"https:\/\/www.ipsen.com\/nordics\">Home<\/a><\/li><li class=\"breadcrumb-item\"><a href=\"\">Pages<\/a><\/li><li class=\"breadcrumb-item active\"><a class=\"link-pointer-events-none\" href=\"#\" aria-current=\"page\">&#8220;Vaihdevuosioireet olivatkin harvinaissairaus&#8221;<\/a><\/li><\/ol>\n            <\/nav>            <h1 class=\"hidden banner-font-color-white\">&#8220;Vaihdevuosioireet olivatkin harvinaissairaus&#8221;<\/h1>\n            <p class=\"hidden banner-font-color-white\"><\/p>\n        <\/div>\n    <\/section>\n\n\n\n\n<div class=\"wp-block-group\"><div class=\"wp-block-group__inner-container is-layout-constrained wp-block-group-is-layout-constrained\">\n<div class=\"wp-block-columns is-layout-flex wp-container-core-columns-is-layout-9d6595d7 wp-block-columns-is-layout-flex\">\n<div class=\"wp-block-column is-layout-flow wp-block-column-is-layout-flow\" style=\"flex-basis:66.66%\">\n<h1 class=\"wp-block-heading\"><strong>&#8220;Vaihdevuosioireet olivatkin harvinaissairaus&#8221;<\/strong><\/h1>\n\n\n\n<div style=\"height:10px\" aria-hidden=\"true\" class=\"wp-block-spacer\"><\/div>\n\n\n\n<h5 class=\"wp-block-heading\">Kun Gill Rich hakeutui l\u00e4\u00e4k\u00e4riin nivelkipujen, sitke\u00e4n kutinan ja loputtoman v\u00e4symyksen vuoksi, l\u00e4\u00e4k\u00e4ri totesi niiden johtuvan hormoneista. Todellinen syy selvisi vasta kuukausia my\u00f6hemmin.<\/h5>\n\n\n\n<figure class=\"wp-block-image size-full is-resized is-style-default\"><img loading=\"lazy\" decoding=\"async\" width=\"346\" height=\"88\" src=\"https:\/\/www.ipsen.com\/nordics\/wp-content\/uploads\/sites\/20\/2025\/11\/spacer_blue.png\" alt=\"\" class=\"wp-image-1246\" style=\"width:138px;height:auto\" srcset=\"https:\/\/www.ipsen.com\/nordics\/wp-content\/uploads\/sites\/20\/2025\/11\/spacer_blue.png 346w, https:\/\/www.ipsen.com\/nordics\/wp-content\/uploads\/sites\/20\/2025\/11\/spacer_blue.png?resize=300,76 300w\" sizes=\"auto, (max-width: 346px) 100vw, 346px\" \/><\/figure>\n<\/div>\n\n\n\n<div class=\"wp-block-column is-layout-flow wp-block-column-is-layout-flow\" style=\"flex-basis:33.33%\"><\/div>\n<\/div>\n<\/div><\/div>\n\n\n\n<div class=\"wp-block-group\"><div class=\"wp-block-group__inner-container is-layout-constrained wp-block-group-is-layout-constrained\"><\/div><\/div>\n\n\n\n<div style=\"height:25px\" aria-hidden=\"true\" class=\"wp-block-spacer\"><\/div>\n\n\n\n<div class=\"wp-block-columns is-layout-flex wp-container-core-columns-is-layout-9d6595d7 wp-block-columns-is-layout-flex\">\n<div class=\"wp-block-column is-layout-flow wp-block-column-is-layout-flow\" style=\"flex-basis:66.66%\">\n<div class=\"wp-block-group is-vertical is-layout-flex wp-container-core-group-is-layout-8cf370e7 wp-block-group-is-layout-flex\">\n<h2 class=\"wp-block-heading has-x-large-font-size\"><strong>Gillin tarina<\/strong><\/h2>\n\n\n\n<p>\u2013 Kun menin ensi kertaa l\u00e4\u00e4k\u00e4riin oireiden vuoksi, minulla oli hyvin kipe\u00e4 tenniskyyn\u00e4rp\u00e4\u00e4. Olin l\u00e4hes aina v\u00e4synyt, ja minulla oli my\u00f6s selitt\u00e4m\u00e4t\u00f6nt\u00e4 kutinaa, joka ei hellitt\u00e4nyt mill\u00e4\u00e4n. Verikokeiden j\u00e4lkeen l\u00e4\u00e4k\u00e4ri sanoi, ett\u00e4 oireet johtuivat vaihdevuosista. Min\u00e4 en vakuuttunut \u2013 eih\u00e4n minulla ollut kuumia aaltoja tai muitakaan tyypillisi\u00e4 vaihdevuosioireita. P\u00e4\u00e4tin silti kokeilla l\u00e4\u00e4k\u00e4rin m\u00e4\u00e4r\u00e4\u00e4m\u00e4\u00e4 hormonihoitoa.<\/p>\n\n\n\n<div style=\"height:10px\" aria-hidden=\"true\" class=\"wp-block-spacer wp-container-content-728072c3\"><\/div>\n\n\n\n<div style=\"height:20px\" aria-hidden=\"true\" class=\"wp-block-spacer wp-container-content-62aae154\"><\/div>\n\n\n\n<h2 class=\"wp-block-heading has-x-large-font-size\"><strong>Vastauksia hakemassa<\/strong><\/h2>\n\n\n\n<p>\u2013 Puoli vuotta my\u00f6hemmin varasin uuden ajan, koska vointini ei ollut parantunut ja olin laihtunut paljon. T\u00e4ll\u00e4 kertaa l\u00e4\u00e4k\u00e4ri arveli, ett\u00e4 syyn\u00e4 oli stressi, mutta h\u00e4n suostui kuitenkin m\u00e4\u00e4r\u00e4\u00e4m\u00e4\u00e4n lis\u00e4tutkimuksia. Kun tuloksista k\u00e4vikin ilmi, ett\u00e4 minulla oli primaarinen biliaarinen kolangiitti (PBC), olimme molemmat yht\u00e4 h\u00e4mm\u00e4styneit\u00e4.&nbsp;<\/p>\n\n\n\n<div style=\"height:20px\" aria-hidden=\"true\" class=\"wp-block-spacer wp-container-content-62aae154\"><\/div>\n\n\n\n<p class=\"has-medium-font-size\"><strong><em>\u201dT\u00e4st\u00e4 sairaudesta tulee meille yhteinen matka, koska emme kumpikaan tied\u00e4 siit\u00e4 mit\u00e4\u00e4n,\u201d\u2028l\u00e4\u00e4k\u00e4ri totesi.<\/em><\/strong><\/p>\n\n\n\n<div style=\"height:10px\" aria-hidden=\"true\" class=\"wp-block-spacer wp-container-content-728072c3\"><\/div>\n\n\n\n<p>\u2013 Nyt tied\u00e4n, ettei l\u00e4\u00e4k\u00e4rini tiet\u00e4m\u00e4tt\u00f6myys ollut outoa. PBC on harvinainen maksasairaus, joka on monille tuntematon \u2013 my\u00f6s l\u00e4\u00e4k\u00e4reille. Se on autoimmuunisairaus, jossa kehon oma immuunij\u00e4rjestelm\u00e4 vaurioittaa sappiteit\u00e4. Sappihapot kertyv\u00e4t maksaan, aiheuttavat tulehdusta ja tuhoavat v\u00e4hitellen kudosta. Se on etenev\u00e4 sairaus, joka kest\u00e4\u00e4 koko loppuel\u00e4m\u00e4n ja voi pahimmassa tapauksessa vaatia maksansiirtoa.<\/p>\n\n\n\n<p><\/p>\n<\/div>\n\n\n\n<div class=\"wp-block-group is-vertical is-layout-flex wp-container-core-group-is-layout-8cf370e7 wp-block-group-is-layout-flex\">\n<p><strong>\u2013 T\u00e4m\u00e4 tieto tuli minulle j\u00e4rkytyksen\u00e4, mutta olin my\u00f6s helpottunut, ett\u00e4 olin jatkanut taistelua oikeaan diagnoosiin saakka.<\/strong><\/p>\n<\/div>\n<\/div>\n\n\n\n<div class=\"wp-block-column is-layout-flow wp-block-column-is-layout-flow\" style=\"flex-basis:33.33%\">\n<figure class=\"wp-block-video\"><video height=\"1080\" style=\"aspect-ratio: 1080 \/ 1080;\" width=\"1080\" controls poster=\"https:\/\/www.ipsen.com\/nordics\/wp-content\/uploads\/sites\/20\/2025\/11\/Gill-PBC-poster-image.jpg\" src=\"https:\/\/www.ipsen.com\/nordics\/wp-content\/uploads\/sites\/20\/2025\/11\/IPSEN_PBC_awareness_251106_FIN_MASTER.mp4\"><\/video><\/figure>\n<\/div>\n<\/div>\n\n\n\n<div style=\"height:50px\" aria-hidden=\"true\" class=\"wp-block-spacer\"><\/div>\n\n\n\n<div class=\"wp-block-columns is-layout-flex wp-container-core-columns-is-layout-9d6595d7 wp-block-columns-is-layout-flex\">\n<div class=\"wp-block-column is-layout-flow wp-block-column-is-layout-flow\" style=\"flex-basis:66.66%\">\n<div class=\"wp-block-group is-vertical is-layout-flex wp-container-core-group-is-layout-8cf370e7 wp-block-group-is-layout-flex\">\n<h2 class=\"wp-block-heading has-x-large-font-size\"><strong>Apua oireisiin<\/strong><\/h2>\n\n\n\n<p>\u2013 Aluksi PBC-l\u00e4\u00e4kitykseni ei sopinut yhteen vaihdevuosien hormonihoidon kanssa. Yritimme yhdess\u00e4 l\u00e4\u00e4k\u00e4rin kanssa l\u00f6yt\u00e4\u00e4 tasapainoa. Ratkaisuna oli vaihtaa tablettimuotoinen hormoni laastariin. N\u00e4in estrogeenin ei tarvinnut kulkea maksan kautta, joten se ei en\u00e4\u00e4 vaikuttanut PBC-l\u00e4\u00e4kitykseen.<br>&nbsp;<br>\u2013 On kulunut useampi vuosi siit\u00e4, kun sain diagnoosin. Yrit\u00e4n pysy\u00e4 positiivisena, mutta kutina on edelleen kamala. Joskus kastan jalat j\u00e4\u00e4kylm\u00e4\u00e4n veteen vied\u00e4kseni huomion pois siit\u00e4. Minulle on my\u00f6s kehittynyt Sj\u00f6grenin tauti, joka on yhteydess\u00e4 PBC:hen. Se aiheuttaa silmien ja suun kuivumista. Kun nivelkivut yltyv\u00e4t pahoiksi, minun on vaikea leikki\u00e4 lastenlasten kanssa.&nbsp;<br><br><strong>\u2013 Neuvoisin kaikkia, joilla on t\u00e4llaisia oireita hakeutumaan l\u00e4\u00e4k\u00e4riin.<\/strong><\/p>\n<\/div>\n<\/div>\n\n\n\n<div class=\"wp-block-column is-layout-flow wp-block-column-is-layout-flow\" style=\"flex-basis:33.33%\">\n<figure class=\"wp-block-image size-full\"><img loading=\"lazy\" decoding=\"async\" width=\"622\" height=\"532\" src=\"https:\/\/www.ipsen.com\/nordics\/wp-content\/uploads\/sites\/20\/2025\/10\/Gills-story.jpg\" alt=\"\" class=\"wp-image-960\" srcset=\"https:\/\/www.ipsen.com\/nordics\/wp-content\/uploads\/sites\/20\/2025\/10\/Gills-story.jpg 622w, https:\/\/www.ipsen.com\/nordics\/wp-content\/uploads\/sites\/20\/2025\/10\/Gills-story.jpg?resize=300,257 300w\" sizes=\"auto, (max-width: 622px) 100vw, 622px\" \/><\/figure>\n<\/div>\n<\/div>\n\n\n<!-- Ipsen Content Overlay Start -->\n<section class=\"two-col-image-section\">\n    <div class=\"container two-img-section-innner\"  >\n        <div class=\"content-overlay-inner bg-color-disabled\" >\n                <!-- Ipsen Content Overlay Variation Two Start -->\n                <div class=\"row \">\n                    <div class=\"col-xs-12 col-sm-12 col-md-6 column-1 \">\n                        <div id=\"image-carousel\" class=\"img-video-section carousel\" data-bs-ride=\"carousel\">\n                            <div class=\"carousel-inner\">\n                                                                        <div class=\"carousel-item active\">\n                                            <img decoding=\"async\" src=\"https:\/\/www.ipsen.com\/nordics\/wp-content\/uploads\/sites\/20\/2025\/10\/Omilla-ehdoillani-ei-PBCn-ehdoilla_FI.jpg\" alt=\"Media Image\" >\n                                        <\/div>\n                                                            <\/div>\n                                                    <\/div>\n                    <\/div>\n                    <div class=\" col-xs-12 col-sm-12 col-md-6 column-2 \">\n                        <div class=\" section-content\">\n                                                                <div class=\"heading-dash\">\n                                        <span class=\"dash\"><\/span>\n                                        <h4 role=\"heading\" aria-level=\"2\" class=\"heading-para-right heading-four\">\n                                            Lue lis\u00e4\u00e4 PBC:st\u00e4                                        <\/h4>\n                                    <\/div>\n                                                                                                                        <p class=\"section-para \">\n                                        PBC-diagnoosissa on paljon k\u00e4sitelt\u00e4v\u00e4\u00e4 ja sulateltavaa, mutta et ole yksin. N\u00e4ilt\u00e4 sivuilta saat tietoa ja neuvoja, miten ottaa sairautesi hallintaan ja el\u00e4\u00e4 sen kanssa itsellesi parasta mahdollista el\u00e4m\u00e4\u00e4.                                    <\/p>\n                                                                                                <a \n                                            role=\"link\" \n                                            class=\"btn-link section-btn cta-visible\" \n                                            href=\"\/nordics\/omilla-ehdoillani-ei-pbcn-ehdoilla\/\" \n                                            aria-label=\"Aria-label\" \n                                            target=\"_self\"\n                                        >\n                                            Tietoa ja neuvoja                                        <\/a>    \n                                    <\/button>\n                                                    <\/div>\n                    <\/div>\n                    <!-- Ipsen Content Overlay Variation Two End -->\n                <\/div>\n        <!-- Ipsen Content Overlay Variation two End -->\n                <\/div>\n    <\/div>\n<\/section>\n<!-- Ipsen Content Overlay End -->\n\n\n<div class=\"wp-block-group\"><div class=\"wp-block-group__inner-container is-layout-constrained wp-block-group-is-layout-constrained\">\n<p class=\"has-text-align-center\"><sub>ELA-FI-000008<\/sub><\/p>\n<\/div><\/div>\n","protected":false},"excerpt":{"rendered":"","protected":false},"author":112,"featured_media":0,"parent":0,"menu_order":0,"comment_status":"closed","ping_status":"closed","template":"","meta":{"_acf_changed":false,"footnotes":""},"class_list":["post-1081","page","type-page","status-publish","hentry","entry"],"acf":[],"yoast_head":"<!-- This site is optimized with the Yoast SEO plugin v26.8 - https:\/\/yoast.com\/product\/yoast-seo-wordpress\/ -->\n<title>&quot;Vaihdevuosioireet olivatkin harvinaissairaus&quot; - Nordics<\/title>\n<meta name=\"description\" content=\"\u201cVaihdevuosioireet olivatkin harvinaissairaus\u201dKun Gill Rich hakeutui l\u00e4\u00e4k\u00e4riin nivelkipujen, sitke\u00e4n kutinan ja loputtoman v\u00e4symyksen vuoksi, l\u00e4\u00e4k\u00e4ri totesi niiden johtuvan hormoneista. Todellinen syy selvisi vasta kuukausia my\u00f6hemmin.\" \/>\n<meta name=\"robots\" content=\"index, follow, max-snippet:-1, max-image-preview:large, max-video-preview:-1\" \/>\n<link rel=\"canonical\" href=\"https:\/\/www.ipsen.com\/nordics\/vaihdevuosioireet-olivatkin-harvinaissairaus\/\" \/>\n<meta property=\"og:locale\" content=\"en_US\" \/>\n<meta property=\"og:type\" content=\"article\" \/>\n<meta property=\"og:title\" content=\"&quot;Vaihdevuosioireet olivatkin harvinaissairaus&quot; - Nordics\" \/>\n<meta property=\"og:description\" content=\"\u201cVaihdevuosioireet olivatkin harvinaissairaus\u201dKun Gill Rich hakeutui l\u00e4\u00e4k\u00e4riin nivelkipujen, sitke\u00e4n kutinan ja loputtoman v\u00e4symyksen vuoksi, l\u00e4\u00e4k\u00e4ri totesi niiden johtuvan hormoneista. Todellinen syy selvisi vasta kuukausia my\u00f6hemmin.\" \/>\n<meta property=\"og:url\" content=\"https:\/\/www.ipsen.com\/nordics\/vaihdevuosioireet-olivatkin-harvinaissairaus\/\" \/>\n<meta property=\"og:site_name\" content=\"Nordics\" \/>\n<meta property=\"article:modified_time\" content=\"2026-02-10T07:08:56+00:00\" \/>\n<meta property=\"og:image\" content=\"https:\/\/www.ipsen.com\/nordics\/wp-content\/uploads\/sites\/20\/2025\/11\/spacer_blue.png\" \/>\n\t<meta property=\"og:image:width\" content=\"346\" \/>\n\t<meta property=\"og:image:height\" content=\"88\" \/>\n\t<meta property=\"og:image:type\" content=\"image\/png\" \/>\n<meta name=\"twitter:card\" content=\"summary_large_image\" \/>\n<meta name=\"twitter:label1\" content=\"Est. reading time\" \/>\n\t<meta name=\"twitter:data1\" content=\"2 minutes\" \/>\n<script type=\"application\/ld+json\" class=\"yoast-schema-graph\">{\"@context\":\"https:\/\/schema.org\",\"@graph\":[{\"@type\":\"WebPage\",\"@id\":\"https:\/\/www.ipsen.com\/nordics\/vaihdevuosioireet-olivatkin-harvinaissairaus\/\",\"url\":\"https:\/\/www.ipsen.com\/nordics\/vaihdevuosioireet-olivatkin-harvinaissairaus\/\",\"name\":\"\\\"Vaihdevuosioireet olivatkin harvinaissairaus\\\" - Nordics\",\"isPartOf\":{\"@id\":\"https:\/\/www.ipsen.com\/nordics\/#website\"},\"primaryImageOfPage\":{\"@id\":\"https:\/\/www.ipsen.com\/nordics\/vaihdevuosioireet-olivatkin-harvinaissairaus\/#primaryimage\"},\"image\":{\"@id\":\"https:\/\/www.ipsen.com\/nordics\/vaihdevuosioireet-olivatkin-harvinaissairaus\/#primaryimage\"},\"thumbnailUrl\":\"https:\/\/www.ipsen.com\/nordics\/wp-content\/uploads\/sites\/20\/2025\/11\/spacer_blue.png\",\"datePublished\":\"2025-11-20T06:50:50+00:00\",\"dateModified\":\"2026-02-10T07:08:56+00:00\",\"description\":\"\u201cVaihdevuosioireet olivatkin harvinaissairaus\u201dKun Gill Rich hakeutui l\u00e4\u00e4k\u00e4riin nivelkipujen, sitke\u00e4n kutinan ja loputtoman v\u00e4symyksen vuoksi, l\u00e4\u00e4k\u00e4ri totesi niiden johtuvan hormoneista. Todellinen syy selvisi vasta kuukausia my\u00f6hemmin.\",\"breadcrumb\":{\"@id\":\"https:\/\/www.ipsen.com\/nordics\/vaihdevuosioireet-olivatkin-harvinaissairaus\/#breadcrumb\"},\"inLanguage\":\"en-US\",\"potentialAction\":[{\"@type\":\"ReadAction\",\"target\":[\"https:\/\/www.ipsen.com\/nordics\/vaihdevuosioireet-olivatkin-harvinaissairaus\/\"]}]},{\"@type\":\"ImageObject\",\"inLanguage\":\"en-US\",\"@id\":\"https:\/\/www.ipsen.com\/nordics\/vaihdevuosioireet-olivatkin-harvinaissairaus\/#primaryimage\",\"url\":\"https:\/\/www.ipsen.com\/nordics\/wp-content\/uploads\/sites\/20\/2025\/11\/spacer_blue.png\",\"contentUrl\":\"https:\/\/www.ipsen.com\/nordics\/wp-content\/uploads\/sites\/20\/2025\/11\/spacer_blue.png\",\"width\":346,\"height\":88},{\"@type\":\"BreadcrumbList\",\"@id\":\"https:\/\/www.ipsen.com\/nordics\/vaihdevuosioireet-olivatkin-harvinaissairaus\/#breadcrumb\",\"itemListElement\":[{\"@type\":\"ListItem\",\"position\":1,\"name\":\"Home\",\"item\":\"https:\/\/www.ipsen.com\/nordics\/\"},{\"@type\":\"ListItem\",\"position\":2,\"name\":\"&#8220;Vaihdevuosioireet olivatkin harvinaissairaus&#8221;\"}]},{\"@type\":\"WebSite\",\"@id\":\"https:\/\/www.ipsen.com\/nordics\/#website\",\"url\":\"https:\/\/www.ipsen.com\/nordics\/\",\"name\":\"Nordics\",\"description\":\"\",\"publisher\":{\"@id\":\"https:\/\/www.ipsen.com\/nordics\/#organization\"},\"potentialAction\":[{\"@type\":\"SearchAction\",\"target\":{\"@type\":\"EntryPoint\",\"urlTemplate\":\"https:\/\/www.ipsen.com\/nordics\/?s={search_term_string}\"},\"query-input\":{\"@type\":\"PropertyValueSpecification\",\"valueRequired\":true,\"valueName\":\"search_term_string\"}}],\"inLanguage\":\"en-US\"},{\"@type\":\"Organization\",\"@id\":\"https:\/\/www.ipsen.com\/nordics\/#organization\",\"name\":\"Nordics\",\"url\":\"https:\/\/www.ipsen.com\/nordics\/\",\"logo\":{\"@type\":\"ImageObject\",\"inLanguage\":\"en-US\",\"@id\":\"https:\/\/www.ipsen.com\/nordics\/#\/schema\/logo\/image\/\",\"url\":\"https:\/\/www.ipsen.com\/nordics\/wp-content\/uploads\/sites\/20\/2024\/12\/Logo-Ipsen-new.svg\",\"contentUrl\":\"https:\/\/www.ipsen.com\/nordics\/wp-content\/uploads\/sites\/20\/2024\/12\/Logo-Ipsen-new.svg\",\"caption\":\"Nordics\"},\"image\":{\"@id\":\"https:\/\/www.ipsen.com\/nordics\/#\/schema\/logo\/image\/\"}}]}<\/script>\n<!-- \/ Yoast SEO plugin. -->","yoast_head_json":{"title":"\"Vaihdevuosioireet olivatkin harvinaissairaus\" - Nordics","description":"\u201cVaihdevuosioireet olivatkin harvinaissairaus\u201dKun Gill Rich hakeutui l\u00e4\u00e4k\u00e4riin nivelkipujen, sitke\u00e4n kutinan ja loputtoman v\u00e4symyksen vuoksi, l\u00e4\u00e4k\u00e4ri totesi niiden johtuvan hormoneista. Todellinen syy selvisi vasta kuukausia my\u00f6hemmin.","robots":{"index":"index","follow":"follow","max-snippet":"max-snippet:-1","max-image-preview":"max-image-preview:large","max-video-preview":"max-video-preview:-1"},"canonical":"https:\/\/www.ipsen.com\/nordics\/vaihdevuosioireet-olivatkin-harvinaissairaus\/","og_locale":"en_US","og_type":"article","og_title":"\"Vaihdevuosioireet olivatkin harvinaissairaus\" - Nordics","og_description":"\u201cVaihdevuosioireet olivatkin harvinaissairaus\u201dKun Gill Rich hakeutui l\u00e4\u00e4k\u00e4riin nivelkipujen, sitke\u00e4n kutinan ja loputtoman v\u00e4symyksen vuoksi, l\u00e4\u00e4k\u00e4ri totesi niiden johtuvan hormoneista. Todellinen syy selvisi vasta kuukausia my\u00f6hemmin.","og_url":"https:\/\/www.ipsen.com\/nordics\/vaihdevuosioireet-olivatkin-harvinaissairaus\/","og_site_name":"Nordics","article_modified_time":"2026-02-10T07:08:56+00:00","og_image":[{"width":346,"height":88,"url":"https:\/\/www.ipsen.com\/nordics\/wp-content\/uploads\/sites\/20\/2025\/11\/spacer_blue.png","type":"image\/png"}],"twitter_card":"summary_large_image","twitter_misc":{"Est. reading time":"2 minutes"},"schema":{"@context":"https:\/\/schema.org","@graph":[{"@type":"WebPage","@id":"https:\/\/www.ipsen.com\/nordics\/vaihdevuosioireet-olivatkin-harvinaissairaus\/","url":"https:\/\/www.ipsen.com\/nordics\/vaihdevuosioireet-olivatkin-harvinaissairaus\/","name":"\"Vaihdevuosioireet olivatkin harvinaissairaus\" - Nordics","isPartOf":{"@id":"https:\/\/www.ipsen.com\/nordics\/#website"},"primaryImageOfPage":{"@id":"https:\/\/www.ipsen.com\/nordics\/vaihdevuosioireet-olivatkin-harvinaissairaus\/#primaryimage"},"image":{"@id":"https:\/\/www.ipsen.com\/nordics\/vaihdevuosioireet-olivatkin-harvinaissairaus\/#primaryimage"},"thumbnailUrl":"https:\/\/www.ipsen.com\/nordics\/wp-content\/uploads\/sites\/20\/2025\/11\/spacer_blue.png","datePublished":"2025-11-20T06:50:50+00:00","dateModified":"2026-02-10T07:08:56+00:00","description":"\u201cVaihdevuosioireet olivatkin harvinaissairaus\u201dKun Gill Rich hakeutui l\u00e4\u00e4k\u00e4riin nivelkipujen, sitke\u00e4n kutinan ja loputtoman v\u00e4symyksen vuoksi, l\u00e4\u00e4k\u00e4ri totesi niiden johtuvan hormoneista. Todellinen syy selvisi vasta kuukausia my\u00f6hemmin.","breadcrumb":{"@id":"https:\/\/www.ipsen.com\/nordics\/vaihdevuosioireet-olivatkin-harvinaissairaus\/#breadcrumb"},"inLanguage":"en-US","potentialAction":[{"@type":"ReadAction","target":["https:\/\/www.ipsen.com\/nordics\/vaihdevuosioireet-olivatkin-harvinaissairaus\/"]}]},{"@type":"ImageObject","inLanguage":"en-US","@id":"https:\/\/www.ipsen.com\/nordics\/vaihdevuosioireet-olivatkin-harvinaissairaus\/#primaryimage","url":"https:\/\/www.ipsen.com\/nordics\/wp-content\/uploads\/sites\/20\/2025\/11\/spacer_blue.png","contentUrl":"https:\/\/www.ipsen.com\/nordics\/wp-content\/uploads\/sites\/20\/2025\/11\/spacer_blue.png","width":346,"height":88},{"@type":"BreadcrumbList","@id":"https:\/\/www.ipsen.com\/nordics\/vaihdevuosioireet-olivatkin-harvinaissairaus\/#breadcrumb","itemListElement":[{"@type":"ListItem","position":1,"name":"Home","item":"https:\/\/www.ipsen.com\/nordics\/"},{"@type":"ListItem","position":2,"name":"&#8220;Vaihdevuosioireet olivatkin harvinaissairaus&#8221;"}]},{"@type":"WebSite","@id":"https:\/\/www.ipsen.com\/nordics\/#website","url":"https:\/\/www.ipsen.com\/nordics\/","name":"Nordics","description":"","publisher":{"@id":"https:\/\/www.ipsen.com\/nordics\/#organization"},"potentialAction":[{"@type":"SearchAction","target":{"@type":"EntryPoint","urlTemplate":"https:\/\/www.ipsen.com\/nordics\/?s={search_term_string}"},"query-input":{"@type":"PropertyValueSpecification","valueRequired":true,"valueName":"search_term_string"}}],"inLanguage":"en-US"},{"@type":"Organization","@id":"https:\/\/www.ipsen.com\/nordics\/#organization","name":"Nordics","url":"https:\/\/www.ipsen.com\/nordics\/","logo":{"@type":"ImageObject","inLanguage":"en-US","@id":"https:\/\/www.ipsen.com\/nordics\/#\/schema\/logo\/image\/","url":"https:\/\/www.ipsen.com\/nordics\/wp-content\/uploads\/sites\/20\/2024\/12\/Logo-Ipsen-new.svg","contentUrl":"https:\/\/www.ipsen.com\/nordics\/wp-content\/uploads\/sites\/20\/2024\/12\/Logo-Ipsen-new.svg","caption":"Nordics"},"image":{"@id":"https:\/\/www.ipsen.com\/nordics\/#\/schema\/logo\/image\/"}}]}},"parsely":{"version":"1.1.0","canonical_url":"https:\/\/ipsen.com\/nordics\/vaihdevuosioireet-olivatkin-harvinaissairaus\/","smart_links":{"inbound":0,"outbound":0},"traffic_boost_suggestions_count":0,"meta":{"@context":"https:\/\/schema.org","@type":"WebPage","headline":"&#8220;Vaihdevuosioireet olivatkin harvinaissairaus&#8221;","url":"http:\/\/www.ipsen.com\/nordics\/vaihdevuosioireet-olivatkin-harvinaissairaus\/","mainEntityOfPage":{"@type":"WebPage","@id":"http:\/\/www.ipsen.com\/nordics\/vaihdevuosioireet-olivatkin-harvinaissairaus\/"},"thumbnailUrl":"","image":{"@type":"ImageObject","url":""},"articleSection":"Uncategorized","author":[{"@type":"Person","name":"wahlin"}],"creator":["wahlin"],"publisher":{"@type":"Organization","name":"Nordics","logo":""},"keywords":[],"dateCreated":"2025-11-20T06:50:50Z","datePublished":"2025-11-20T06:50:50Z","dateModified":"2026-02-10T07:08:56Z"},"rendered":"<script type=\"application\/ld+json\" class=\"wp-parsely-metadata\">{\"@context\":\"https:\\\/\\\/schema.org\",\"@type\":\"WebPage\",\"headline\":\"&#8220;Vaihdevuosioireet olivatkin harvinaissairaus&#8221;\",\"url\":\"http:\\\/\\\/www.ipsen.com\\\/nordics\\\/vaihdevuosioireet-olivatkin-harvinaissairaus\\\/\",\"mainEntityOfPage\":{\"@type\":\"WebPage\",\"@id\":\"http:\\\/\\\/www.ipsen.com\\\/nordics\\\/vaihdevuosioireet-olivatkin-harvinaissairaus\\\/\"},\"thumbnailUrl\":\"\",\"image\":{\"@type\":\"ImageObject\",\"url\":\"\"},\"articleSection\":\"Uncategorized\",\"author\":[{\"@type\":\"Person\",\"name\":\"wahlin\"}],\"creator\":[\"wahlin\"],\"publisher\":{\"@type\":\"Organization\",\"name\":\"Nordics\",\"logo\":\"\"},\"keywords\":[],\"dateCreated\":\"2025-11-20T06:50:50Z\",\"datePublished\":\"2025-11-20T06:50:50Z\",\"dateModified\":\"2026-02-10T07:08:56Z\"}<\/script>","tracker_url":"https:\/\/cdn.parsely.com\/keys\/ipsen.com\/p.js"},"jetpack_sharing_enabled":true,"_links":{"self":[{"href":"https:\/\/www.ipsen.com\/nordics\/wp-json\/wp\/v2\/pages\/1081","targetHints":{"allow":["GET"]}}],"collection":[{"href":"https:\/\/www.ipsen.com\/nordics\/wp-json\/wp\/v2\/pages"}],"about":[{"href":"https:\/\/www.ipsen.com\/nordics\/wp-json\/wp\/v2\/types\/page"}],"author":[{"embeddable":true,"href":"https:\/\/www.ipsen.com\/nordics\/wp-json\/wp\/v2\/users\/112"}],"replies":[{"embeddable":true,"href":"https:\/\/www.ipsen.com\/nordics\/wp-json\/wp\/v2\/comments?post=1081"}],"version-history":[{"count":48,"href":"https:\/\/www.ipsen.com\/nordics\/wp-json\/wp\/v2\/pages\/1081\/revisions"}],"predecessor-version":[{"id":1254,"href":"https:\/\/www.ipsen.com\/nordics\/wp-json\/wp\/v2\/pages\/1081\/revisions\/1254"}],"wp:attachment":[{"href":"https:\/\/www.ipsen.com\/nordics\/wp-json\/wp\/v2\/media?parent=1081"}],"curies":[{"name":"wp","href":"https:\/\/api.w.org\/{rel}","templated":true}]}}