{"id":1077,"date":"2025-11-20T08:43:14","date_gmt":"2025-11-20T06:43:14","guid":{"rendered":"https:\/\/www.ipsen.com\/nordics\/?page_id=1077"},"modified":"2026-02-10T09:10:01","modified_gmt":"2026-02-10T07:10:01","slug":"min-sallsynta-sjukdom-misstogs-for-klimakteriet","status":"publish","type":"page","link":"https:\/\/www.ipsen.com\/nordics\/min-sallsynta-sjukdom-misstogs-for-klimakteriet\/","title":{"rendered":"\u201cMin s\u00e4llsynta sjukdom misstogs f\u00f6r klimakteriet\u201d"},"content":{"rendered":"    <section class=\"sub-page-banner bg-color-enabled  banner-no-filter\" style=\"background: linear-gradient(93.64deg, #224A81 2.99%, #2797D3 97.01%)\">\n                <div class=\"container content-sec\">\n            <nav aria-label=\"breadcrumb\">\n            <ol class=\"breadcrumb\">\n                <li class=\"breadcrumb-item\"><a href=\"https:\/\/www.ipsen.com\/nordics\">Home<\/a><\/li><li class=\"breadcrumb-item\"><a href=\"\">Pages<\/a><\/li><li class=\"breadcrumb-item active\"><a class=\"link-pointer-events-none\" href=\"#\" aria-current=\"page\">\u201cMin s\u00e4llsynta sjukdom misstogs f\u00f6r klimakteriet\u201d<\/a><\/li><\/ol>\n            <\/nav>            <h1 class=\"visible banner-font-color-white\">\u201cMin s\u00e4llsynta sjukdom misstogs f\u00f6r klimakteriet\u201d<\/h1>\n            <p class=\"visible banner-font-color-white\">N\u00e4r Gill Rich b\u00f6rjade uppleva v\u00e4rk i lederna, ih\u00e5llande kl\u00e5da och \u00e4ndl\u00f6s tr\u00f6tthet, skyllde l\u00e4karna p\u00e5 hennes hormoner. Det skulle ta m\u00e5nader innan den verkliga orsaken avsl\u00f6jades.<\/br><\/br><\/br><\/br><\/br><\/p>\n        <\/div>\n    <\/section>\n\n\n\n\n<div class=\"wp-block-columns is-layout-flex wp-container-core-columns-is-layout-9d6595d7 wp-block-columns-is-layout-flex\">\n<div class=\"wp-block-column is-layout-flow wp-block-column-is-layout-flow\" style=\"flex-basis:66.66%\">\n<div class=\"wp-block-group is-vertical is-layout-flex wp-container-core-group-is-layout-8cf370e7 wp-block-group-is-layout-flex\">\n<h2 class=\"wp-block-heading has-x-large-font-size\"><strong>Gills ber\u00e4ttelse<\/strong><\/h2>\n\n\n\n<p>\u2013 N\u00e4r jag f\u00f6rst bes\u00f6kte en l\u00e4kare f\u00f6r mina symtom hade jag sm\u00e4rtsam tennisarmb\u00e5ge, n\u00e4stan konstant tr\u00f6tthet och en of\u00f6rklarlig kl\u00e5da som inte ville f\u00f6rsvinna. Efter blodprover menade l\u00e4karen att klimakteriet var orsaken. Jag var tveksam, varken vallningar eller andra klassiska symtom fanns ju d\u00e4r. Men jag fick \u00e4nd\u00e5 hormontillskott utskrivet och best\u00e4mde mig f\u00f6r att pr\u00f6va.<\/p>\n\n\n\n<div style=\"height:10px\" aria-hidden=\"true\" class=\"wp-block-spacer wp-container-content-728072c3\"><\/div>\n\n\n\n<div style=\"height:20px\" aria-hidden=\"true\" class=\"wp-block-spacer wp-container-content-62aae154\"><\/div>\n\n\n\n<h2 class=\"wp-block-heading has-x-large-font-size\"><strong>S\u00f6ka svar<\/strong><\/h2>\n\n\n\n<p>\u2013 Sex m\u00e5nader senare m\u00e5dde jag inte b\u00e4ttre och hade g\u00e5tt ner mycket i vikt, s\u00e5 jag bokade en ny tid. Den h\u00e4r g\u00e5ngen gissade min l\u00e4kare att det kunde bero p\u00e5 stress, men gick med p\u00e5 att g\u00f6ra fler tester. N\u00e4r resultaten visade att jag hade prim\u00e4r bili\u00e4r kolangit (PBC) blev vi b\u00e5da \u00f6verraskade.&nbsp;<\/p>\n\n\n\n<div style=\"height:20px\" aria-hidden=\"true\" class=\"wp-block-spacer wp-container-content-62aae154\"><\/div>\n\n\n\n<p class=\"has-medium-font-size\"><strong><em>&#8220;Det h\u00e4r \u00e4r en resa vi m\u00e5ste g\u00f6ra tillsammans, eftersom ingen av oss vet n\u00e5got om det&#8221;, sa han till mig.<\/em><\/strong><\/p>\n\n\n\n<div style=\"height:10px\" aria-hidden=\"true\" class=\"wp-block-spacer wp-container-content-728072c3\"><\/div>\n\n\n\n<p>\u2013 Idag vet jag att min l\u00e4kares reaktion inte var ovanlig. PBC \u00e4r en s\u00e4llsynt leversjukdom som m\u00e5nga, \u00e4ven l\u00e4kare, vet lite om. Det \u00e4r en autoimmun sjukdom d\u00e4r kroppen angriper sina egna gallg\u00e5ngar. Gallsyror samlas i levern, skapar inflammation och f\u00f6rst\u00f6r gradvis v\u00e4vnaden. Det \u00e4r en livsl\u00e5ng, progressiv sjukdom som i v\u00e4rsta fall kan kr\u00e4va levertransplantation.<\/p>\n\n\n\n<p><\/p>\n<\/div>\n\n\n\n<p><\/p>\n\n\n\n<div class=\"wp-block-group is-vertical is-layout-flex wp-container-core-group-is-layout-8cf370e7 wp-block-group-is-layout-flex\">\n<p><strong>\u2013 Att f\u00e5 veta detta var en chock, men jag k\u00e4nde mig l\u00e4ttad \u00f6ver att jag fortsatte k\u00e4mpa f\u00f6r en korrekt diagnos.<\/strong><\/p>\n<\/div>\n<\/div>\n\n\n\n<div class=\"wp-block-column is-layout-flow wp-block-column-is-layout-flow\" style=\"flex-basis:33.33%\">\n<figure class=\"wp-block-video\"><video height=\"1080\" style=\"aspect-ratio: 1080 \/ 1080;\" width=\"1080\" controls poster=\"https:\/\/www.ipsen.com\/nordics\/wp-content\/uploads\/sites\/20\/2025\/11\/Gill-PBC-poster-image.jpg\" src=\"https:\/\/www.ipsen.com\/nordics\/wp-content\/uploads\/sites\/20\/2025\/11\/IPSEN_PBC_awareness_251106_SWE_MASTER.mp4\"><\/video><\/figure>\n<\/div>\n<\/div>\n\n\n\n<div style=\"height:50px\" aria-hidden=\"true\" class=\"wp-block-spacer\"><\/div>\n\n\n\n<div class=\"wp-block-columns is-layout-flex wp-container-core-columns-is-layout-9d6595d7 wp-block-columns-is-layout-flex\">\n<div class=\"wp-block-column is-layout-flow wp-block-column-is-layout-flow\" style=\"flex-basis:66.66%\">\n<div class=\"wp-block-group is-vertical is-layout-flex wp-container-core-group-is-layout-8cf370e7 wp-block-group-is-layout-flex\">\n<h2 class=\"wp-block-heading has-x-large-font-size\"><strong>Finna lindring<\/strong><\/h2>\n\n\n\n<p>\u2013 Till en b\u00f6rjan reagerade medicinen jag fick utskriven f\u00f6r PBC med mitt hormontillskott. Min l\u00e4kare och jag arbetade tillsammans f\u00f6r att hitta en balans. L\u00f6sningen blev att byta fr\u00e5n oral hormontillskott till ett hudpl\u00e5ster. P\u00e5 s\u00e5 s\u00e4tt kunde \u00f6strogenet passera f\u00f6rbi levern utan att p\u00e5verka medicinen.<br><br>&nbsp;<br>\u2013 Jag fick min diagnos f\u00f6r flera \u00e5r sedan. Jag f\u00f6rs\u00f6ker h\u00e5lla mig positiv, men kl\u00e5dan \u00e4r fortfarande fruktansv\u00e4rd. Ibland doppar jag mina f\u00f6tter i iskallt vatten f\u00f6r att distrahera mig. Jag har ocks\u00e5 utvecklat Sj\u00f6grens syndrom, som \u00e4r kopplat till PBC och orsakar torra \u00f6gon och mun. N\u00e4r min ledv\u00e4rk flammar upp har jag sv\u00e5rt att leka med mina barnbarn.&nbsp;<br><br><br><strong>\u2013 Jag skulle uppmuntra alla som upplever dessa symtom att prata med sin l\u00e4kare.<\/strong><\/p>\n<\/div>\n<\/div>\n\n\n\n<div class=\"wp-block-column is-layout-flow wp-block-column-is-layout-flow\" style=\"flex-basis:33.33%\">\n<figure class=\"wp-block-image size-full\"><img loading=\"lazy\" decoding=\"async\" width=\"622\" height=\"532\" src=\"https:\/\/www.ipsen.com\/nordics\/wp-content\/uploads\/sites\/20\/2025\/10\/Gills-story.jpg\" alt=\"\" class=\"wp-image-960\" srcset=\"https:\/\/www.ipsen.com\/nordics\/wp-content\/uploads\/sites\/20\/2025\/10\/Gills-story.jpg 622w, https:\/\/www.ipsen.com\/nordics\/wp-content\/uploads\/sites\/20\/2025\/10\/Gills-story.jpg?resize=300,257 300w\" sizes=\"auto, (max-width: 622px) 100vw, 622px\" \/><\/figure>\n<\/div>\n<\/div>\n\n\n<!-- Ipsen Content Overlay Start -->\n<section class=\"two-col-image-section\">\n    <div class=\"container two-img-section-innner\"  >\n        <div class=\"content-overlay-inner bg-color-disabled\" >\n                <!-- Ipsen Content Overlay Variation Two Start -->\n                <div class=\"row \">\n                    <div class=\"col-xs-12 col-sm-12 col-md-6 column-1 \">\n                        <div id=\"image-carousel\" class=\"img-video-section carousel\" data-bs-ride=\"carousel\">\n                            <div class=\"carousel-inner\">\n                                                                        <div class=\"carousel-item active\">\n                                            <img decoding=\"async\" src=\"https:\/\/www.ipsen.com\/nordics\/wp-content\/uploads\/sites\/20\/2025\/10\/Mina-mojligheter-min-pbc_SE.jpg\" alt=\"Media Image\" >\n                                        <\/div>\n                                                            <\/div>\n                                                    <\/div>\n                    <\/div>\n                    <div class=\" col-xs-12 col-sm-12 col-md-6 column-2 \">\n                        <div class=\" section-content\">\n                                                                <div class=\"heading-dash\">\n                                        <span class=\"dash\"><\/span>\n                                        <h4 role=\"heading\" aria-level=\"2\" class=\"heading-para-right heading-four\">\n                                            Mer om PBC                                        <\/h4>\n                                    <\/div>\n                                                                                                                        <p class=\"section-para \">\n                                        Att f\u00e5 diagnosen PBC kan k\u00e4nnas \u00f6verv\u00e4ldigande, men du \u00e4r inte ensam i detta. H\u00e4r hittar du information och r\u00e5d f\u00f6r att ta kontroll \u00f6ver din sjukdom och leva ditt b\u00e4sta liv med PBC.                                    <\/p>\n                                                                                                <a \n                                            role=\"link\" \n                                            class=\"btn-link section-btn cta-visible\" \n                                            href=\"mina-mojligheter-min-pbc\" \n                                            aria-label=\"Aria-label\" \n                                            target=\"_self\"\n                                        >\n                                            Fakta och r\u00e5d om PBC                                        <\/a>    \n                                    <\/button>\n                                                    <\/div>\n                    <\/div>\n                    <!-- Ipsen Content Overlay Variation Two End -->\n                <\/div>\n        <!-- Ipsen Content Overlay Variation two End -->\n                <\/div>\n    <\/div>\n<\/section>\n<!-- Ipsen Content Overlay End -->\n\n\n<div class=\"wp-block-group\"><div class=\"wp-block-group__inner-container is-layout-constrained wp-block-group-is-layout-constrained\">\n<p class=\"has-text-align-center\"><sub>ELA-SE-000006<\/sub><\/p>\n<\/div><\/div>\n\n\n\n<p><\/p>\n","protected":false},"excerpt":{"rendered":"","protected":false},"author":112,"featured_media":0,"parent":0,"menu_order":0,"comment_status":"closed","ping_status":"closed","template":"","meta":{"_acf_changed":false,"footnotes":""},"class_list":["post-1077","page","type-page","status-publish","hentry","entry"],"acf":[],"yoast_head":"<!-- This site is optimized with the Yoast SEO plugin v26.8 - https:\/\/yoast.com\/product\/yoast-seo-wordpress\/ -->\n<title>\u201cMin s\u00e4llsynta sjukdom misstogs f\u00f6r klimakteriet\u201d - Nordics<\/title>\n<meta name=\"description\" content=\"\u201cMin s\u00e4llsynta sjukdom misstogs f\u00f6r klimakteriet\u201dN\u00e4r Gill Rich b\u00f6rjade uppleva v\u00e4rk i lederna, ih\u00e5llande kl\u00e5da och \u00e4ndl\u00f6s tr\u00f6tthet, skyllde l\u00e4karna p\u00e5 hennes hormoner. Det skulle ta m\u00e5nader innan den verkliga orsaken avsl\u00f6jades.\" \/>\n<meta name=\"robots\" content=\"index, follow, max-snippet:-1, max-image-preview:large, max-video-preview:-1\" \/>\n<link rel=\"canonical\" href=\"https:\/\/www.ipsen.com\/nordics\/min-sallsynta-sjukdom-misstogs-for-klimakteriet\/\" \/>\n<meta property=\"og:locale\" content=\"en_US\" \/>\n<meta property=\"og:type\" content=\"article\" \/>\n<meta property=\"og:title\" content=\"\u201cMin s\u00e4llsynta sjukdom misstogs f\u00f6r klimakteriet\u201d - Nordics\" \/>\n<meta property=\"og:description\" content=\"\u201cMin s\u00e4llsynta sjukdom misstogs f\u00f6r klimakteriet\u201dN\u00e4r Gill Rich b\u00f6rjade uppleva v\u00e4rk i lederna, ih\u00e5llande kl\u00e5da och \u00e4ndl\u00f6s tr\u00f6tthet, skyllde l\u00e4karna p\u00e5 hennes hormoner. Det skulle ta m\u00e5nader innan den verkliga orsaken avsl\u00f6jades.\" \/>\n<meta property=\"og:url\" content=\"https:\/\/www.ipsen.com\/nordics\/min-sallsynta-sjukdom-misstogs-for-klimakteriet\/\" \/>\n<meta property=\"og:site_name\" content=\"Nordics\" \/>\n<meta property=\"article:modified_time\" content=\"2026-02-10T07:10:01+00:00\" \/>\n<meta property=\"og:image\" content=\"https:\/\/www.ipsen.com\/nordics\/wp-content\/uploads\/sites\/20\/2025\/10\/Gills-story.jpg\" \/>\n\t<meta property=\"og:image:width\" content=\"622\" \/>\n\t<meta property=\"og:image:height\" content=\"532\" \/>\n\t<meta property=\"og:image:type\" content=\"image\/jpeg\" \/>\n<meta name=\"twitter:card\" content=\"summary_large_image\" \/>\n<meta name=\"twitter:label1\" content=\"Est. reading time\" \/>\n\t<meta name=\"twitter:data1\" content=\"2 minutes\" \/>\n<script type=\"application\/ld+json\" class=\"yoast-schema-graph\">{\"@context\":\"https:\/\/schema.org\",\"@graph\":[{\"@type\":\"WebPage\",\"@id\":\"https:\/\/www.ipsen.com\/nordics\/min-sallsynta-sjukdom-misstogs-for-klimakteriet\/\",\"url\":\"https:\/\/www.ipsen.com\/nordics\/min-sallsynta-sjukdom-misstogs-for-klimakteriet\/\",\"name\":\"\u201cMin s\u00e4llsynta sjukdom misstogs f\u00f6r klimakteriet\u201d - Nordics\",\"isPartOf\":{\"@id\":\"https:\/\/www.ipsen.com\/nordics\/#website\"},\"primaryImageOfPage\":{\"@id\":\"https:\/\/www.ipsen.com\/nordics\/min-sallsynta-sjukdom-misstogs-for-klimakteriet\/#primaryimage\"},\"image\":{\"@id\":\"https:\/\/www.ipsen.com\/nordics\/min-sallsynta-sjukdom-misstogs-for-klimakteriet\/#primaryimage\"},\"thumbnailUrl\":\"https:\/\/www.ipsen.com\/nordics\/wp-content\/uploads\/sites\/20\/2025\/10\/Gills-story.jpg\",\"datePublished\":\"2025-11-20T06:43:14+00:00\",\"dateModified\":\"2026-02-10T07:10:01+00:00\",\"description\":\"\u201cMin s\u00e4llsynta sjukdom misstogs f\u00f6r klimakteriet\u201dN\u00e4r Gill Rich b\u00f6rjade uppleva v\u00e4rk i lederna, ih\u00e5llande kl\u00e5da och \u00e4ndl\u00f6s tr\u00f6tthet, skyllde l\u00e4karna p\u00e5 hennes hormoner. Det skulle ta m\u00e5nader innan den verkliga orsaken avsl\u00f6jades.\",\"breadcrumb\":{\"@id\":\"https:\/\/www.ipsen.com\/nordics\/min-sallsynta-sjukdom-misstogs-for-klimakteriet\/#breadcrumb\"},\"inLanguage\":\"en-US\",\"potentialAction\":[{\"@type\":\"ReadAction\",\"target\":[\"https:\/\/www.ipsen.com\/nordics\/min-sallsynta-sjukdom-misstogs-for-klimakteriet\/\"]}]},{\"@type\":\"ImageObject\",\"inLanguage\":\"en-US\",\"@id\":\"https:\/\/www.ipsen.com\/nordics\/min-sallsynta-sjukdom-misstogs-for-klimakteriet\/#primaryimage\",\"url\":\"https:\/\/www.ipsen.com\/nordics\/wp-content\/uploads\/sites\/20\/2025\/10\/Gills-story.jpg\",\"contentUrl\":\"https:\/\/www.ipsen.com\/nordics\/wp-content\/uploads\/sites\/20\/2025\/10\/Gills-story.jpg\",\"width\":622,\"height\":532},{\"@type\":\"BreadcrumbList\",\"@id\":\"https:\/\/www.ipsen.com\/nordics\/min-sallsynta-sjukdom-misstogs-for-klimakteriet\/#breadcrumb\",\"itemListElement\":[{\"@type\":\"ListItem\",\"position\":1,\"name\":\"Home\",\"item\":\"https:\/\/www.ipsen.com\/nordics\/\"},{\"@type\":\"ListItem\",\"position\":2,\"name\":\"\u201cMin s\u00e4llsynta sjukdom misstogs f\u00f6r klimakteriet\u201d\"}]},{\"@type\":\"WebSite\",\"@id\":\"https:\/\/www.ipsen.com\/nordics\/#website\",\"url\":\"https:\/\/www.ipsen.com\/nordics\/\",\"name\":\"Nordics\",\"description\":\"\",\"publisher\":{\"@id\":\"https:\/\/www.ipsen.com\/nordics\/#organization\"},\"potentialAction\":[{\"@type\":\"SearchAction\",\"target\":{\"@type\":\"EntryPoint\",\"urlTemplate\":\"https:\/\/www.ipsen.com\/nordics\/?s={search_term_string}\"},\"query-input\":{\"@type\":\"PropertyValueSpecification\",\"valueRequired\":true,\"valueName\":\"search_term_string\"}}],\"inLanguage\":\"en-US\"},{\"@type\":\"Organization\",\"@id\":\"https:\/\/www.ipsen.com\/nordics\/#organization\",\"name\":\"Nordics\",\"url\":\"https:\/\/www.ipsen.com\/nordics\/\",\"logo\":{\"@type\":\"ImageObject\",\"inLanguage\":\"en-US\",\"@id\":\"https:\/\/www.ipsen.com\/nordics\/#\/schema\/logo\/image\/\",\"url\":\"https:\/\/www.ipsen.com\/nordics\/wp-content\/uploads\/sites\/20\/2024\/12\/Logo-Ipsen-new.svg\",\"contentUrl\":\"https:\/\/www.ipsen.com\/nordics\/wp-content\/uploads\/sites\/20\/2024\/12\/Logo-Ipsen-new.svg\",\"caption\":\"Nordics\"},\"image\":{\"@id\":\"https:\/\/www.ipsen.com\/nordics\/#\/schema\/logo\/image\/\"}}]}<\/script>\n<!-- \/ Yoast SEO plugin. -->","yoast_head_json":{"title":"\u201cMin s\u00e4llsynta sjukdom misstogs f\u00f6r klimakteriet\u201d - Nordics","description":"\u201cMin s\u00e4llsynta sjukdom misstogs f\u00f6r klimakteriet\u201dN\u00e4r Gill Rich b\u00f6rjade uppleva v\u00e4rk i lederna, ih\u00e5llande kl\u00e5da och \u00e4ndl\u00f6s tr\u00f6tthet, skyllde l\u00e4karna p\u00e5 hennes hormoner. Det skulle ta m\u00e5nader innan den verkliga orsaken avsl\u00f6jades.","robots":{"index":"index","follow":"follow","max-snippet":"max-snippet:-1","max-image-preview":"max-image-preview:large","max-video-preview":"max-video-preview:-1"},"canonical":"https:\/\/www.ipsen.com\/nordics\/min-sallsynta-sjukdom-misstogs-for-klimakteriet\/","og_locale":"en_US","og_type":"article","og_title":"\u201cMin s\u00e4llsynta sjukdom misstogs f\u00f6r klimakteriet\u201d - Nordics","og_description":"\u201cMin s\u00e4llsynta sjukdom misstogs f\u00f6r klimakteriet\u201dN\u00e4r Gill Rich b\u00f6rjade uppleva v\u00e4rk i lederna, ih\u00e5llande kl\u00e5da och \u00e4ndl\u00f6s tr\u00f6tthet, skyllde l\u00e4karna p\u00e5 hennes hormoner. Det skulle ta m\u00e5nader innan den verkliga orsaken avsl\u00f6jades.","og_url":"https:\/\/www.ipsen.com\/nordics\/min-sallsynta-sjukdom-misstogs-for-klimakteriet\/","og_site_name":"Nordics","article_modified_time":"2026-02-10T07:10:01+00:00","og_image":[{"width":622,"height":532,"url":"https:\/\/www.ipsen.com\/nordics\/wp-content\/uploads\/sites\/20\/2025\/10\/Gills-story.jpg","type":"image\/jpeg"}],"twitter_card":"summary_large_image","twitter_misc":{"Est. reading time":"2 minutes"},"schema":{"@context":"https:\/\/schema.org","@graph":[{"@type":"WebPage","@id":"https:\/\/www.ipsen.com\/nordics\/min-sallsynta-sjukdom-misstogs-for-klimakteriet\/","url":"https:\/\/www.ipsen.com\/nordics\/min-sallsynta-sjukdom-misstogs-for-klimakteriet\/","name":"\u201cMin s\u00e4llsynta sjukdom misstogs f\u00f6r klimakteriet\u201d - Nordics","isPartOf":{"@id":"https:\/\/www.ipsen.com\/nordics\/#website"},"primaryImageOfPage":{"@id":"https:\/\/www.ipsen.com\/nordics\/min-sallsynta-sjukdom-misstogs-for-klimakteriet\/#primaryimage"},"image":{"@id":"https:\/\/www.ipsen.com\/nordics\/min-sallsynta-sjukdom-misstogs-for-klimakteriet\/#primaryimage"},"thumbnailUrl":"https:\/\/www.ipsen.com\/nordics\/wp-content\/uploads\/sites\/20\/2025\/10\/Gills-story.jpg","datePublished":"2025-11-20T06:43:14+00:00","dateModified":"2026-02-10T07:10:01+00:00","description":"\u201cMin s\u00e4llsynta sjukdom misstogs f\u00f6r klimakteriet\u201dN\u00e4r Gill Rich b\u00f6rjade uppleva v\u00e4rk i lederna, ih\u00e5llande kl\u00e5da och \u00e4ndl\u00f6s tr\u00f6tthet, skyllde l\u00e4karna p\u00e5 hennes hormoner. Det skulle ta m\u00e5nader innan den verkliga orsaken avsl\u00f6jades.","breadcrumb":{"@id":"https:\/\/www.ipsen.com\/nordics\/min-sallsynta-sjukdom-misstogs-for-klimakteriet\/#breadcrumb"},"inLanguage":"en-US","potentialAction":[{"@type":"ReadAction","target":["https:\/\/www.ipsen.com\/nordics\/min-sallsynta-sjukdom-misstogs-for-klimakteriet\/"]}]},{"@type":"ImageObject","inLanguage":"en-US","@id":"https:\/\/www.ipsen.com\/nordics\/min-sallsynta-sjukdom-misstogs-for-klimakteriet\/#primaryimage","url":"https:\/\/www.ipsen.com\/nordics\/wp-content\/uploads\/sites\/20\/2025\/10\/Gills-story.jpg","contentUrl":"https:\/\/www.ipsen.com\/nordics\/wp-content\/uploads\/sites\/20\/2025\/10\/Gills-story.jpg","width":622,"height":532},{"@type":"BreadcrumbList","@id":"https:\/\/www.ipsen.com\/nordics\/min-sallsynta-sjukdom-misstogs-for-klimakteriet\/#breadcrumb","itemListElement":[{"@type":"ListItem","position":1,"name":"Home","item":"https:\/\/www.ipsen.com\/nordics\/"},{"@type":"ListItem","position":2,"name":"\u201cMin s\u00e4llsynta sjukdom misstogs f\u00f6r klimakteriet\u201d"}]},{"@type":"WebSite","@id":"https:\/\/www.ipsen.com\/nordics\/#website","url":"https:\/\/www.ipsen.com\/nordics\/","name":"Nordics","description":"","publisher":{"@id":"https:\/\/www.ipsen.com\/nordics\/#organization"},"potentialAction":[{"@type":"SearchAction","target":{"@type":"EntryPoint","urlTemplate":"https:\/\/www.ipsen.com\/nordics\/?s={search_term_string}"},"query-input":{"@type":"PropertyValueSpecification","valueRequired":true,"valueName":"search_term_string"}}],"inLanguage":"en-US"},{"@type":"Organization","@id":"https:\/\/www.ipsen.com\/nordics\/#organization","name":"Nordics","url":"https:\/\/www.ipsen.com\/nordics\/","logo":{"@type":"ImageObject","inLanguage":"en-US","@id":"https:\/\/www.ipsen.com\/nordics\/#\/schema\/logo\/image\/","url":"https:\/\/www.ipsen.com\/nordics\/wp-content\/uploads\/sites\/20\/2024\/12\/Logo-Ipsen-new.svg","contentUrl":"https:\/\/www.ipsen.com\/nordics\/wp-content\/uploads\/sites\/20\/2024\/12\/Logo-Ipsen-new.svg","caption":"Nordics"},"image":{"@id":"https:\/\/www.ipsen.com\/nordics\/#\/schema\/logo\/image\/"}}]}},"parsely":{"version":"1.1.0","canonical_url":"https:\/\/ipsen.com\/nordics\/min-sallsynta-sjukdom-misstogs-for-klimakteriet\/","smart_links":{"inbound":0,"outbound":0},"traffic_boost_suggestions_count":0,"meta":{"@context":"https:\/\/schema.org","@type":"WebPage","headline":"\u201cMin s\u00e4llsynta sjukdom misstogs f\u00f6r klimakteriet\u201d","url":"http:\/\/www.ipsen.com\/nordics\/min-sallsynta-sjukdom-misstogs-for-klimakteriet\/","mainEntityOfPage":{"@type":"WebPage","@id":"http:\/\/www.ipsen.com\/nordics\/min-sallsynta-sjukdom-misstogs-for-klimakteriet\/"},"thumbnailUrl":"","image":{"@type":"ImageObject","url":""},"articleSection":"Uncategorized","author":[{"@type":"Person","name":"wahlin"}],"creator":["wahlin"],"publisher":{"@type":"Organization","name":"Nordics","logo":""},"keywords":[],"dateCreated":"2025-11-20T06:43:14Z","datePublished":"2025-11-20T06:43:14Z","dateModified":"2026-02-10T07:10:01Z"},"rendered":"<script type=\"application\/ld+json\" class=\"wp-parsely-metadata\">{\"@context\":\"https:\\\/\\\/schema.org\",\"@type\":\"WebPage\",\"headline\":\"\\u201cMin s\\u00e4llsynta sjukdom misstogs f\\u00f6r klimakteriet\\u201d\",\"url\":\"http:\\\/\\\/www.ipsen.com\\\/nordics\\\/min-sallsynta-sjukdom-misstogs-for-klimakteriet\\\/\",\"mainEntityOfPage\":{\"@type\":\"WebPage\",\"@id\":\"http:\\\/\\\/www.ipsen.com\\\/nordics\\\/min-sallsynta-sjukdom-misstogs-for-klimakteriet\\\/\"},\"thumbnailUrl\":\"\",\"image\":{\"@type\":\"ImageObject\",\"url\":\"\"},\"articleSection\":\"Uncategorized\",\"author\":[{\"@type\":\"Person\",\"name\":\"wahlin\"}],\"creator\":[\"wahlin\"],\"publisher\":{\"@type\":\"Organization\",\"name\":\"Nordics\",\"logo\":\"\"},\"keywords\":[],\"dateCreated\":\"2025-11-20T06:43:14Z\",\"datePublished\":\"2025-11-20T06:43:14Z\",\"dateModified\":\"2026-02-10T07:10:01Z\"}<\/script>","tracker_url":"https:\/\/cdn.parsely.com\/keys\/ipsen.com\/p.js"},"jetpack_sharing_enabled":true,"_links":{"self":[{"href":"https:\/\/www.ipsen.com\/nordics\/wp-json\/wp\/v2\/pages\/1077","targetHints":{"allow":["GET"]}}],"collection":[{"href":"https:\/\/www.ipsen.com\/nordics\/wp-json\/wp\/v2\/pages"}],"about":[{"href":"https:\/\/www.ipsen.com\/nordics\/wp-json\/wp\/v2\/types\/page"}],"author":[{"embeddable":true,"href":"https:\/\/www.ipsen.com\/nordics\/wp-json\/wp\/v2\/users\/112"}],"replies":[{"embeddable":true,"href":"https:\/\/www.ipsen.com\/nordics\/wp-json\/wp\/v2\/comments?post=1077"}],"version-history":[{"count":7,"href":"https:\/\/www.ipsen.com\/nordics\/wp-json\/wp\/v2\/pages\/1077\/revisions"}],"predecessor-version":[{"id":1139,"href":"https:\/\/www.ipsen.com\/nordics\/wp-json\/wp\/v2\/pages\/1077\/revisions\/1139"}],"wp:attachment":[{"href":"https:\/\/www.ipsen.com\/nordics\/wp-json\/wp\/v2\/media?parent=1077"}],"curies":[{"name":"wp","href":"https:\/\/api.w.org\/{rel}","templated":true}]}}