{"id":1033,"date":"2025-11-20T08:47:34","date_gmt":"2025-11-20T06:47:34","guid":{"rendered":"https:\/\/www.ipsen.com\/nordics\/?page_id=1033"},"modified":"2026-02-10T09:10:20","modified_gmt":"2026-02-10T07:10:20","slug":"min-sjaeldne-sygdom-blev-forvekslet-med-klimakteriet","status":"publish","type":"page","link":"https:\/\/www.ipsen.com\/nordics\/min-sjaeldne-sygdom-blev-forvekslet-med-klimakteriet\/","title":{"rendered":"\u201cMin sj\u00e6ldne sygdom blev forvekslet med klimakteriet\u201d"},"content":{"rendered":"    <section class=\"sub-page-banner \" style=\"background: linear-gradient(93.64deg, #224A81 2.99%, #2797D3 97.01%)\">\n        <div class=\"container content-sec\">\n            <nav aria-label=\"breadcrumb\">\n            <ol class=\"breadcrumb\">\n                <li class=\"breadcrumb-item\"><a href=\"https:\/\/www.ipsen.com\/nordics\">Home<\/a><\/li><li class=\"breadcrumb-item\"><a href=\"\">Pages<\/a><\/li><li class=\"breadcrumb-item active\"><a class=\"link-pointer-events-none\" href=\"#\" aria-current=\"page\">\u201cMin sj\u00e6ldne sygdom blev forvekslet med klimakteriet\u201d<\/a><\/li><\/ol>\n            <\/nav>            <h1 class=\"visible\">\u201cMin sj\u00e6ldne sygdom blev forvekslet med klimakteriet\u201d<\/h1>\n            <p class=\"visible\">Da Gill Rich begyndte at opleve smerter i leddene, vedholdende kl\u00f8e og uendelig tr\u00e6thed, sk\u00f8d l\u00e6gerne skylden p\u00e5 hendes hormoner. Der skulle g\u00e5 m\u00e5neder, f\u00f8r den virkelige \u00e5rsag blev afsl\u00f8ret.<\/br><\/br><\/br><\/br><\/br><\/p>\n        <\/div>\n    <\/section>\n\n\n\n<div class=\"wp-block-columns is-layout-flex wp-container-core-columns-is-layout-9d6595d7 wp-block-columns-is-layout-flex\">\n<div class=\"wp-block-column is-layout-flow wp-block-column-is-layout-flow\" style=\"flex-basis:66.66%\">\n<div class=\"wp-block-group is-vertical is-layout-flex wp-container-core-group-is-layout-8cf370e7 wp-block-group-is-layout-flex\">\n<h2 class=\"wp-block-heading has-x-large-font-size\"><strong>Gills fort\u00e6lling<\/strong><\/h2>\n\n\n\n<p>\u2013 Da jeg f\u00f8rste gang gik til l\u00e6ge med mine symptomer, havde jeg en smertende tennisalbue, var n\u00e6sten konstant tr\u00e6t og en havde en uforklarlig kl\u00f8e, som ikke ville forsvinde. Efter blodpr\u00f8ver mente l\u00e6gen, at klimakteriet var \u00e5rsagen. Jeg tvivlede; der optr\u00e5dte jo hverken hedeture eller andre klassiske symptomer. Men jeg fik alligevel ordineret hormontilskud og bestemte mig for at fors\u00f8ge det.<\/p>\n\n\n\n<div style=\"height:10px\" aria-hidden=\"true\" class=\"wp-block-spacer wp-container-content-728072c3\"><\/div>\n\n\n\n<div style=\"height:20px\" aria-hidden=\"true\" class=\"wp-block-spacer wp-container-content-62aae154\"><\/div>\n\n\n\n<h2 class=\"wp-block-heading has-x-large-font-size\"><strong>S\u00f8ge efter svar<\/strong><\/h2>\n\n\n\n<p>\u2013 Seks m\u00e5neder senere havde jeg det ikke bedre og havde tabt mig meget, s\u00e5 jeg bookede en ny tid. Denne gang g\u00e6ttede min l\u00e6ge p\u00e5, at det kunne skyldes stress, men indvilligede i at foretage flere test. Da resultaterne viste, at jeg havde prim\u00e6r bili\u00e6r cholangitis (PBC), blev vi begge meget overraskede.<\/p>\n\n\n\n<div style=\"height:20px\" aria-hidden=\"true\" class=\"wp-block-spacer wp-container-content-62aae154\"><\/div>\n\n\n\n<p class=\"has-medium-font-size\"><strong><em>&#8220;Dette her er en rejse, vi m\u00e5 g\u00f8re i f\u00e6llesskab, da ingen af os ved noget om det&#8221;, \u2028sagde han til mig.<\/em><\/strong><\/p>\n\n\n\n<div style=\"height:10px\" aria-hidden=\"true\" class=\"wp-block-spacer wp-container-content-728072c3\"><\/div>\n\n\n\n<p>\u2013 I dag ved jeg, at min l\u00e6ges reaktion ikke var us\u00e6dvanlig. PBC er en sj\u00e6lden leversygdom, som mange, ogs\u00e5 l\u00e6ger, kun ved meget lidt om. Det er en autoimmun sygdom, hvor kroppen angriber sine egne galdegange. Galdesyren samler sig i leveren, giver bet\u00e6ndelse og \u00f8del\u00e6gger gradvist v\u00e6vet. Det er en livsvarig, progressiv sygdom, som i v\u00e6rste fald kan kr\u00e6ve en levertransplantation.<\/p>\n\n\n\n<p><\/p>\n<\/div>\n\n\n\n<div class=\"wp-block-group is-vertical is-layout-flex wp-container-core-group-is-layout-8cf370e7 wp-block-group-is-layout-flex\">\n<p><strong>\u2013 At f\u00e5 dette at vide var et chok, men jeg f\u00f8lte mig lettet over, at jeg var fortsat med at k\u00e6mpe for en korrekt diagnose.<\/strong><\/p>\n<\/div>\n<\/div>\n\n\n\n<div class=\"wp-block-column is-layout-flow wp-block-column-is-layout-flow\" style=\"flex-basis:33.33%\">\n<figure class=\"wp-block-video\"><video height=\"1080\" style=\"aspect-ratio: 1080 \/ 1080;\" width=\"1080\" controls poster=\"https:\/\/www.ipsen.com\/nordics\/wp-content\/uploads\/sites\/20\/2025\/11\/Gill-PBC-poster-image.jpg\" src=\"https:\/\/www.ipsen.com\/nordics\/wp-content\/uploads\/sites\/20\/2025\/11\/IPSEN_PBC_awareness_251106_DK_MASTER.mp4\"><\/video><\/figure>\n<\/div>\n<\/div>\n\n\n\n<div style=\"height:50px\" aria-hidden=\"true\" class=\"wp-block-spacer\"><\/div>\n\n\n\n<div class=\"wp-block-columns is-layout-flex wp-container-core-columns-is-layout-9d6595d7 wp-block-columns-is-layout-flex\">\n<div class=\"wp-block-column is-layout-flow wp-block-column-is-layout-flow\" style=\"flex-basis:66.66%\">\n<div class=\"wp-block-group is-vertical is-layout-flex wp-container-core-group-is-layout-8cf370e7 wp-block-group-is-layout-flex\">\n<h2 class=\"wp-block-heading has-x-large-font-size\"><strong>Finde lindring<\/strong><\/h2>\n\n\n\n<p>\u2013 I starten reagerede den medicin, jeg fik ordineret mod PBC, med mit hormontilskud. Min l\u00e6ge og jeg samarbejdede om at finde en balance. L\u00f8sningen blev at skifte fra oralt hormontilskud til et medicinsk depotplaster. P\u00e5 den m\u00e5de kunne \u00f8strogenet passere uden om leveren uden at p\u00e5virke medicinen.<br>&nbsp;<br>\u2013 Jeg fik min diagnose for flere \u00e5r siden. Jeg fors\u00f8ger at v\u00e6re positiv, men kl\u00f8en er stadigv\u00e6k r\u00e6dselsfuld. Nogle gange dypper jeg f\u00f8dderne i iskoldt vand for at distrahere mig selv. Jeg har ogs\u00e5 udviklet Sj\u00f6grens syndrom, som er koblet til PBC, og som giver t\u00f8rre \u00f8jne og mund. N\u00e5r mine ledsmerter blusser op, har jeg sv\u00e6rt ved at lege med mine b\u00f8rneb\u00f8rn.<br><br><strong>\u2013 Jeg vil opfordre alle, der oplever disse symptomer, til at tale med deres l\u00e6ge.<\/strong><\/p>\n<\/div>\n<\/div>\n\n\n\n<div class=\"wp-block-column is-layout-flow wp-block-column-is-layout-flow\" style=\"flex-basis:33.33%\">\n<figure class=\"wp-block-image size-full\"><img loading=\"lazy\" decoding=\"async\" width=\"622\" height=\"532\" src=\"https:\/\/www.ipsen.com\/nordics\/wp-content\/uploads\/sites\/20\/2025\/10\/Gills-story.jpg\" alt=\"\" class=\"wp-image-960\" srcset=\"https:\/\/www.ipsen.com\/nordics\/wp-content\/uploads\/sites\/20\/2025\/10\/Gills-story.jpg 622w, https:\/\/www.ipsen.com\/nordics\/wp-content\/uploads\/sites\/20\/2025\/10\/Gills-story.jpg?resize=300,257 300w\" sizes=\"auto, (max-width: 622px) 100vw, 622px\" \/><\/figure>\n<\/div>\n<\/div>\n\n\n<!-- Ipsen Content Overlay Start -->\n<section class=\"two-col-image-section\">\n    <div class=\"container two-img-section-innner\"  >\n        <div class=\"content-overlay-inner bg-color-disabled\" >\n                <!-- Ipsen Content Overlay Variation Two Start -->\n                <div class=\"row \">\n                    <div class=\"col-xs-12 col-sm-12 col-md-6 column-1 \">\n                        <div id=\"image-carousel\" class=\"img-video-section carousel\" data-bs-ride=\"carousel\">\n                            <div class=\"carousel-inner\">\n                                                                        <div class=\"carousel-item active\">\n                                            <img decoding=\"async\" src=\"https:\/\/www.ipsen.com\/nordics\/wp-content\/uploads\/sites\/20\/2025\/10\/Mine-muligheder-min-pbc_DK.jpg\" alt=\"Media Image\" >\n                                        <\/div>\n                                                            <\/div>\n                                                    <\/div>\n                    <\/div>\n                    <div class=\" col-xs-12 col-sm-12 col-md-6 column-2 \">\n                        <div class=\" section-content\">\n                                                                <div class=\"heading-dash\">\n                                        <span class=\"dash\"><\/span>\n                                        <h4 role=\"heading\" aria-level=\"2\" class=\"heading-para-right heading-four\">\n                                            Mere om PBC                                        <\/h4>\n                                    <\/div>\n                                                                                                                        <p class=\"section-para \">\n                                        At f\u00e5 diagnosen PBC kan v\u00e6re overv\u00e6ldende, men du st\u00e5r ikke alene i denne situation. Her finder du information og r\u00e5d om, hvordan du kan f\u00e5 kontrol over din sygdom, og hvordan du bedst muligt kan leve et liv med PCB.                                    <\/p>\n                                                                                                <a \n                                            role=\"link\" \n                                            class=\"btn-link section-btn cta-visible\" \n                                            href=\"mine-muligheder-min-pbc\" \n                                            aria-label=\"Aria-label\" \n                                            target=\"_self\"\n                                        >\n                                            Fakta og r\u00e5d om PBC                                        <\/a>    \n                                    <\/button>\n                                                    <\/div>\n                    <\/div>\n                    <!-- Ipsen Content Overlay Variation Two End -->\n                <\/div>\n        <!-- Ipsen Content Overlay Variation two End -->\n                <\/div>\n    <\/div>\n<\/section>\n<!-- Ipsen Content Overlay End -->\n\n\n<div class=\"wp-block-group\"><div class=\"wp-block-group__inner-container is-layout-constrained wp-block-group-is-layout-constrained\">\n<p class=\"has-text-align-center\"><sup>ELA-DK-000011<\/sup><\/p>\n<\/div><\/div>\n","protected":false},"excerpt":{"rendered":"","protected":false},"author":112,"featured_media":0,"parent":0,"menu_order":0,"comment_status":"closed","ping_status":"closed","template":"","meta":{"_acf_changed":false,"footnotes":""},"class_list":["post-1033","page","type-page","status-publish","hentry","entry"],"acf":[],"yoast_head":"<!-- This site is optimized with the Yoast SEO plugin v26.8 - https:\/\/yoast.com\/product\/yoast-seo-wordpress\/ -->\n<title>\u201cMin sj\u00e6ldne sygdom blev forvekslet med klimakteriet\u201d - Nordics<\/title>\n<meta name=\"description\" content=\"\u201cMin sj\u00e6ldne sygdom blev forvekslet med klimakteriet\u201dDa Gill Rich begyndte at opleve smerter i leddene, vedholdende kl\u00f8e og uendelig tr\u00e6thed, sk\u00f8d l\u00e6gerne skylden p\u00e5 hendes hormoner. Der skulle g\u00e5 m\u00e5neder, f\u00f8r den virkelige \u00e5rsag blev afsl\u00f8ret.\" \/>\n<meta name=\"robots\" content=\"index, follow, max-snippet:-1, max-image-preview:large, max-video-preview:-1\" \/>\n<link rel=\"canonical\" href=\"https:\/\/www.ipsen.com\/nordics\/min-sjaeldne-sygdom-blev-forvekslet-med-klimakteriet\/\" \/>\n<meta property=\"og:locale\" content=\"en_US\" \/>\n<meta property=\"og:type\" content=\"article\" \/>\n<meta property=\"og:title\" content=\"\u201cMin sj\u00e6ldne sygdom blev forvekslet med klimakteriet\u201d - Nordics\" \/>\n<meta property=\"og:description\" content=\"\u201cMin sj\u00e6ldne sygdom blev forvekslet med klimakteriet\u201dDa Gill Rich begyndte at opleve smerter i leddene, vedholdende kl\u00f8e og uendelig tr\u00e6thed, sk\u00f8d l\u00e6gerne skylden p\u00e5 hendes hormoner. Der skulle g\u00e5 m\u00e5neder, f\u00f8r den virkelige \u00e5rsag blev afsl\u00f8ret.\" \/>\n<meta property=\"og:url\" content=\"https:\/\/www.ipsen.com\/nordics\/min-sjaeldne-sygdom-blev-forvekslet-med-klimakteriet\/\" \/>\n<meta property=\"og:site_name\" content=\"Nordics\" \/>\n<meta property=\"article:modified_time\" content=\"2026-02-10T07:10:20+00:00\" \/>\n<meta property=\"og:image\" content=\"https:\/\/www.ipsen.com\/nordics\/wp-content\/uploads\/sites\/20\/2025\/10\/Gills-story.jpg\" \/>\n\t<meta property=\"og:image:width\" content=\"622\" \/>\n\t<meta property=\"og:image:height\" content=\"532\" \/>\n\t<meta property=\"og:image:type\" content=\"image\/jpeg\" \/>\n<meta name=\"twitter:card\" content=\"summary_large_image\" \/>\n<meta name=\"twitter:label1\" content=\"Est. reading time\" \/>\n\t<meta name=\"twitter:data1\" content=\"2 minutes\" \/>\n<script type=\"application\/ld+json\" class=\"yoast-schema-graph\">{\"@context\":\"https:\/\/schema.org\",\"@graph\":[{\"@type\":\"WebPage\",\"@id\":\"https:\/\/www.ipsen.com\/nordics\/min-sjaeldne-sygdom-blev-forvekslet-med-klimakteriet\/\",\"url\":\"https:\/\/www.ipsen.com\/nordics\/min-sjaeldne-sygdom-blev-forvekslet-med-klimakteriet\/\",\"name\":\"\u201cMin sj\u00e6ldne sygdom blev forvekslet med klimakteriet\u201d - Nordics\",\"isPartOf\":{\"@id\":\"https:\/\/www.ipsen.com\/nordics\/#website\"},\"primaryImageOfPage\":{\"@id\":\"https:\/\/www.ipsen.com\/nordics\/min-sjaeldne-sygdom-blev-forvekslet-med-klimakteriet\/#primaryimage\"},\"image\":{\"@id\":\"https:\/\/www.ipsen.com\/nordics\/min-sjaeldne-sygdom-blev-forvekslet-med-klimakteriet\/#primaryimage\"},\"thumbnailUrl\":\"https:\/\/www.ipsen.com\/nordics\/wp-content\/uploads\/sites\/20\/2025\/10\/Gills-story.jpg\",\"datePublished\":\"2025-11-20T06:47:34+00:00\",\"dateModified\":\"2026-02-10T07:10:20+00:00\",\"description\":\"\u201cMin sj\u00e6ldne sygdom blev forvekslet med klimakteriet\u201dDa Gill Rich begyndte at opleve smerter i leddene, vedholdende kl\u00f8e og uendelig tr\u00e6thed, sk\u00f8d l\u00e6gerne skylden p\u00e5 hendes hormoner. Der skulle g\u00e5 m\u00e5neder, f\u00f8r den virkelige \u00e5rsag blev afsl\u00f8ret.\",\"breadcrumb\":{\"@id\":\"https:\/\/www.ipsen.com\/nordics\/min-sjaeldne-sygdom-blev-forvekslet-med-klimakteriet\/#breadcrumb\"},\"inLanguage\":\"en-US\",\"potentialAction\":[{\"@type\":\"ReadAction\",\"target\":[\"https:\/\/www.ipsen.com\/nordics\/min-sjaeldne-sygdom-blev-forvekslet-med-klimakteriet\/\"]}]},{\"@type\":\"ImageObject\",\"inLanguage\":\"en-US\",\"@id\":\"https:\/\/www.ipsen.com\/nordics\/min-sjaeldne-sygdom-blev-forvekslet-med-klimakteriet\/#primaryimage\",\"url\":\"https:\/\/www.ipsen.com\/nordics\/wp-content\/uploads\/sites\/20\/2025\/10\/Gills-story.jpg\",\"contentUrl\":\"https:\/\/www.ipsen.com\/nordics\/wp-content\/uploads\/sites\/20\/2025\/10\/Gills-story.jpg\",\"width\":622,\"height\":532},{\"@type\":\"BreadcrumbList\",\"@id\":\"https:\/\/www.ipsen.com\/nordics\/min-sjaeldne-sygdom-blev-forvekslet-med-klimakteriet\/#breadcrumb\",\"itemListElement\":[{\"@type\":\"ListItem\",\"position\":1,\"name\":\"Home\",\"item\":\"https:\/\/www.ipsen.com\/nordics\/\"},{\"@type\":\"ListItem\",\"position\":2,\"name\":\"\u201cMin sj\u00e6ldne sygdom blev forvekslet med klimakteriet\u201d\"}]},{\"@type\":\"WebSite\",\"@id\":\"https:\/\/www.ipsen.com\/nordics\/#website\",\"url\":\"https:\/\/www.ipsen.com\/nordics\/\",\"name\":\"Nordics\",\"description\":\"\",\"publisher\":{\"@id\":\"https:\/\/www.ipsen.com\/nordics\/#organization\"},\"potentialAction\":[{\"@type\":\"SearchAction\",\"target\":{\"@type\":\"EntryPoint\",\"urlTemplate\":\"https:\/\/www.ipsen.com\/nordics\/?s={search_term_string}\"},\"query-input\":{\"@type\":\"PropertyValueSpecification\",\"valueRequired\":true,\"valueName\":\"search_term_string\"}}],\"inLanguage\":\"en-US\"},{\"@type\":\"Organization\",\"@id\":\"https:\/\/www.ipsen.com\/nordics\/#organization\",\"name\":\"Nordics\",\"url\":\"https:\/\/www.ipsen.com\/nordics\/\",\"logo\":{\"@type\":\"ImageObject\",\"inLanguage\":\"en-US\",\"@id\":\"https:\/\/www.ipsen.com\/nordics\/#\/schema\/logo\/image\/\",\"url\":\"https:\/\/www.ipsen.com\/nordics\/wp-content\/uploads\/sites\/20\/2024\/12\/Logo-Ipsen-new.svg\",\"contentUrl\":\"https:\/\/www.ipsen.com\/nordics\/wp-content\/uploads\/sites\/20\/2024\/12\/Logo-Ipsen-new.svg\",\"caption\":\"Nordics\"},\"image\":{\"@id\":\"https:\/\/www.ipsen.com\/nordics\/#\/schema\/logo\/image\/\"}}]}<\/script>\n<!-- \/ Yoast SEO plugin. -->","yoast_head_json":{"title":"\u201cMin sj\u00e6ldne sygdom blev forvekslet med klimakteriet\u201d - Nordics","description":"\u201cMin sj\u00e6ldne sygdom blev forvekslet med klimakteriet\u201dDa Gill Rich begyndte at opleve smerter i leddene, vedholdende kl\u00f8e og uendelig tr\u00e6thed, sk\u00f8d l\u00e6gerne skylden p\u00e5 hendes hormoner. Der skulle g\u00e5 m\u00e5neder, f\u00f8r den virkelige \u00e5rsag blev afsl\u00f8ret.","robots":{"index":"index","follow":"follow","max-snippet":"max-snippet:-1","max-image-preview":"max-image-preview:large","max-video-preview":"max-video-preview:-1"},"canonical":"https:\/\/www.ipsen.com\/nordics\/min-sjaeldne-sygdom-blev-forvekslet-med-klimakteriet\/","og_locale":"en_US","og_type":"article","og_title":"\u201cMin sj\u00e6ldne sygdom blev forvekslet med klimakteriet\u201d - Nordics","og_description":"\u201cMin sj\u00e6ldne sygdom blev forvekslet med klimakteriet\u201dDa Gill Rich begyndte at opleve smerter i leddene, vedholdende kl\u00f8e og uendelig tr\u00e6thed, sk\u00f8d l\u00e6gerne skylden p\u00e5 hendes hormoner. Der skulle g\u00e5 m\u00e5neder, f\u00f8r den virkelige \u00e5rsag blev afsl\u00f8ret.","og_url":"https:\/\/www.ipsen.com\/nordics\/min-sjaeldne-sygdom-blev-forvekslet-med-klimakteriet\/","og_site_name":"Nordics","article_modified_time":"2026-02-10T07:10:20+00:00","og_image":[{"width":622,"height":532,"url":"https:\/\/www.ipsen.com\/nordics\/wp-content\/uploads\/sites\/20\/2025\/10\/Gills-story.jpg","type":"image\/jpeg"}],"twitter_card":"summary_large_image","twitter_misc":{"Est. reading time":"2 minutes"},"schema":{"@context":"https:\/\/schema.org","@graph":[{"@type":"WebPage","@id":"https:\/\/www.ipsen.com\/nordics\/min-sjaeldne-sygdom-blev-forvekslet-med-klimakteriet\/","url":"https:\/\/www.ipsen.com\/nordics\/min-sjaeldne-sygdom-blev-forvekslet-med-klimakteriet\/","name":"\u201cMin sj\u00e6ldne sygdom blev forvekslet med klimakteriet\u201d - Nordics","isPartOf":{"@id":"https:\/\/www.ipsen.com\/nordics\/#website"},"primaryImageOfPage":{"@id":"https:\/\/www.ipsen.com\/nordics\/min-sjaeldne-sygdom-blev-forvekslet-med-klimakteriet\/#primaryimage"},"image":{"@id":"https:\/\/www.ipsen.com\/nordics\/min-sjaeldne-sygdom-blev-forvekslet-med-klimakteriet\/#primaryimage"},"thumbnailUrl":"https:\/\/www.ipsen.com\/nordics\/wp-content\/uploads\/sites\/20\/2025\/10\/Gills-story.jpg","datePublished":"2025-11-20T06:47:34+00:00","dateModified":"2026-02-10T07:10:20+00:00","description":"\u201cMin sj\u00e6ldne sygdom blev forvekslet med klimakteriet\u201dDa Gill Rich begyndte at opleve smerter i leddene, vedholdende kl\u00f8e og uendelig tr\u00e6thed, sk\u00f8d l\u00e6gerne skylden p\u00e5 hendes hormoner. Der skulle g\u00e5 m\u00e5neder, f\u00f8r den virkelige \u00e5rsag blev afsl\u00f8ret.","breadcrumb":{"@id":"https:\/\/www.ipsen.com\/nordics\/min-sjaeldne-sygdom-blev-forvekslet-med-klimakteriet\/#breadcrumb"},"inLanguage":"en-US","potentialAction":[{"@type":"ReadAction","target":["https:\/\/www.ipsen.com\/nordics\/min-sjaeldne-sygdom-blev-forvekslet-med-klimakteriet\/"]}]},{"@type":"ImageObject","inLanguage":"en-US","@id":"https:\/\/www.ipsen.com\/nordics\/min-sjaeldne-sygdom-blev-forvekslet-med-klimakteriet\/#primaryimage","url":"https:\/\/www.ipsen.com\/nordics\/wp-content\/uploads\/sites\/20\/2025\/10\/Gills-story.jpg","contentUrl":"https:\/\/www.ipsen.com\/nordics\/wp-content\/uploads\/sites\/20\/2025\/10\/Gills-story.jpg","width":622,"height":532},{"@type":"BreadcrumbList","@id":"https:\/\/www.ipsen.com\/nordics\/min-sjaeldne-sygdom-blev-forvekslet-med-klimakteriet\/#breadcrumb","itemListElement":[{"@type":"ListItem","position":1,"name":"Home","item":"https:\/\/www.ipsen.com\/nordics\/"},{"@type":"ListItem","position":2,"name":"\u201cMin sj\u00e6ldne sygdom blev forvekslet med klimakteriet\u201d"}]},{"@type":"WebSite","@id":"https:\/\/www.ipsen.com\/nordics\/#website","url":"https:\/\/www.ipsen.com\/nordics\/","name":"Nordics","description":"","publisher":{"@id":"https:\/\/www.ipsen.com\/nordics\/#organization"},"potentialAction":[{"@type":"SearchAction","target":{"@type":"EntryPoint","urlTemplate":"https:\/\/www.ipsen.com\/nordics\/?s={search_term_string}"},"query-input":{"@type":"PropertyValueSpecification","valueRequired":true,"valueName":"search_term_string"}}],"inLanguage":"en-US"},{"@type":"Organization","@id":"https:\/\/www.ipsen.com\/nordics\/#organization","name":"Nordics","url":"https:\/\/www.ipsen.com\/nordics\/","logo":{"@type":"ImageObject","inLanguage":"en-US","@id":"https:\/\/www.ipsen.com\/nordics\/#\/schema\/logo\/image\/","url":"https:\/\/www.ipsen.com\/nordics\/wp-content\/uploads\/sites\/20\/2024\/12\/Logo-Ipsen-new.svg","contentUrl":"https:\/\/www.ipsen.com\/nordics\/wp-content\/uploads\/sites\/20\/2024\/12\/Logo-Ipsen-new.svg","caption":"Nordics"},"image":{"@id":"https:\/\/www.ipsen.com\/nordics\/#\/schema\/logo\/image\/"}}]}},"parsely":{"version":"1.1.0","canonical_url":"https:\/\/ipsen.com\/nordics\/min-sjaeldne-sygdom-blev-forvekslet-med-klimakteriet\/","smart_links":{"inbound":0,"outbound":0},"traffic_boost_suggestions_count":0,"meta":{"@context":"https:\/\/schema.org","@type":"WebPage","headline":"\u201cMin sj\u00e6ldne sygdom blev forvekslet med klimakteriet\u201d","url":"http:\/\/www.ipsen.com\/nordics\/min-sjaeldne-sygdom-blev-forvekslet-med-klimakteriet\/","mainEntityOfPage":{"@type":"WebPage","@id":"http:\/\/www.ipsen.com\/nordics\/min-sjaeldne-sygdom-blev-forvekslet-med-klimakteriet\/"},"thumbnailUrl":"","image":{"@type":"ImageObject","url":""},"articleSection":"Uncategorized","author":[{"@type":"Person","name":"wahlin"}],"creator":["wahlin"],"publisher":{"@type":"Organization","name":"Nordics","logo":""},"keywords":[],"dateCreated":"2025-11-20T06:47:34Z","datePublished":"2025-11-20T06:47:34Z","dateModified":"2026-02-10T07:10:20Z"},"rendered":"<script type=\"application\/ld+json\" class=\"wp-parsely-metadata\">{\"@context\":\"https:\\\/\\\/schema.org\",\"@type\":\"WebPage\",\"headline\":\"\\u201cMin sj\\u00e6ldne sygdom blev forvekslet med klimakteriet\\u201d\",\"url\":\"http:\\\/\\\/www.ipsen.com\\\/nordics\\\/min-sjaeldne-sygdom-blev-forvekslet-med-klimakteriet\\\/\",\"mainEntityOfPage\":{\"@type\":\"WebPage\",\"@id\":\"http:\\\/\\\/www.ipsen.com\\\/nordics\\\/min-sjaeldne-sygdom-blev-forvekslet-med-klimakteriet\\\/\"},\"thumbnailUrl\":\"\",\"image\":{\"@type\":\"ImageObject\",\"url\":\"\"},\"articleSection\":\"Uncategorized\",\"author\":[{\"@type\":\"Person\",\"name\":\"wahlin\"}],\"creator\":[\"wahlin\"],\"publisher\":{\"@type\":\"Organization\",\"name\":\"Nordics\",\"logo\":\"\"},\"keywords\":[],\"dateCreated\":\"2025-11-20T06:47:34Z\",\"datePublished\":\"2025-11-20T06:47:34Z\",\"dateModified\":\"2026-02-10T07:10:20Z\"}<\/script>","tracker_url":"https:\/\/cdn.parsely.com\/keys\/ipsen.com\/p.js"},"jetpack_sharing_enabled":true,"_links":{"self":[{"href":"https:\/\/www.ipsen.com\/nordics\/wp-json\/wp\/v2\/pages\/1033","targetHints":{"allow":["GET"]}}],"collection":[{"href":"https:\/\/www.ipsen.com\/nordics\/wp-json\/wp\/v2\/pages"}],"about":[{"href":"https:\/\/www.ipsen.com\/nordics\/wp-json\/wp\/v2\/types\/page"}],"author":[{"embeddable":true,"href":"https:\/\/www.ipsen.com\/nordics\/wp-json\/wp\/v2\/users\/112"}],"replies":[{"embeddable":true,"href":"https:\/\/www.ipsen.com\/nordics\/wp-json\/wp\/v2\/comments?post=1033"}],"version-history":[{"count":18,"href":"https:\/\/www.ipsen.com\/nordics\/wp-json\/wp\/v2\/pages\/1033\/revisions"}],"predecessor-version":[{"id":1140,"href":"https:\/\/www.ipsen.com\/nordics\/wp-json\/wp\/v2\/pages\/1033\/revisions\/1140"}],"wp:attachment":[{"href":"https:\/\/www.ipsen.com\/nordics\/wp-json\/wp\/v2\/media?parent=1033"}],"curies":[{"name":"wp","href":"https:\/\/api.w.org\/{rel}","templated":true}]}}