{"id":973,"date":"2026-01-21T19:48:31","date_gmt":"2026-01-21T17:48:31","guid":{"rendered":"https:\/\/www.ipsen.com\/netherlands\/?page_id=973"},"modified":"2026-03-19T11:11:31","modified_gmt":"2026-03-19T09:11:31","slug":"kayfanda","status":"publish","type":"page","link":"https:\/\/www.ipsen.com\/netherlands\/producten\/kayfanda\/","title":{"rendered":"Kayfanda"},"content":{"rendered":"    <section class=\"sub-page-banner bg-img\" style=\"background-image:url(https:\/\/www.ipsen.com\/netherlands\/wp-content\/uploads\/sites\/8\/2025\/07\/Health-Medicines.jpg)\">\n        <div class=\"container content-sec\">\n            <nav aria-label=\"breadcrumb\">\n            <ol class=\"breadcrumb\">\n                <li class=\"breadcrumb-item\"><a href=\"https:\/\/www.ipsen.com\/netherlands\">Home<\/a><\/li><li class=\"breadcrumb-item visible\"><a href=\"https:\/\/www.ipsen.com\/netherlands\/producten\/\">Producten<\/a><\/li><li class=\"breadcrumb-item active\"><a class=\"link-pointer-events-none\" href=\"#\" aria-current=\"page\">Kayfanda<\/a><\/li><\/ol>\n            <\/nav>            <h1 class=\"visible\">Kayfanda<\/h1>\n            <p class=\"visible\">Het verbeteren van de levenskwaliteit van pati\u00ebnten door het ontwikkelen van innovatieve geneesmiddelen<\/p>\n        <\/div>\n    <\/section>\n\n\n    <section class=\"title-text \">\n        <div class=\"container\">\n            <div class=\"title-text-inner\" style=\"background-color:#EDEBE4;\">\n\n                <!-- If heading is enabled then it's visible -->\n                <div class=\"text-head-dash hidden\">\n                <h3 class=\"heading-three\" role=\"heading\" aria-level=\"2\">\n                                            <\/h3>\n                <\/div>\n               \n                <!-- If description is enabled then it's visible -->\n                <div class=\"text-parbase visible\">\n                    <p>Kayfanda\u00ae <span data-teams=\"true\">informatie voor ouders\/verzorgers<\/span><br \/>\nKies uw voorkeurstaal en type de 4-cijferige code in.<br \/>\nDe code vind je op de verpakking van Kayfanda\u00ae: EU\/1\/21\/XXXX\/000<\/p>\n<p>Kayfanda\u00ae Information for parents\/carers<br \/>\nType in the 4-digit code. The code can be found on the Kayfanda\u00ae packaging: EU\/1\/21\/XXXX\/000.<\/p>\n<p>Kayfanda\u00aeEbeveynler\/ bak\u0131c\u0131lari\u00e7in bilgiler<br \/>\n4 haneli kodu girin. Kodu Kayfanda\u00ae ambalaj\u0131nda bulabilirsiniz: EU\/1\/21\/XXXX\/000<\/p>\n<p>Kayfanda\u00ae \u0645\u0639\u0644\u0648\u0645\u0627\u062a \u0645\u0648\u062c\u0651\u0647\u0629 \u0644\u0644\u0622\u0628\u0627\u0621 \u0648\u0645\u0642\u062f\u0651\u0645\u064a \u0627\u0644\u0631\u0639\u0627\u064a\u0629<br \/>\n\u0623\u062f\u062e\u0644 \u0627\u0644\u0631\u0645\u0632 \u0627\u0644\u0645\u0643\u0648\u0651\u0646 \u0645\u0646 4 \u0623\u0631\u0642\u0627\u0645. \u064a\u0645\u0643\u0646\u0643 \u0627\u0644\u0639\u062b\u0648\u0631 \u0639\u0644\u0649 \u0627\u0644\u0631\u0645\u0632 \u0639\u0644\u0649 \u0639\u0628\u0648\u0629 Kayfanda\u00ae: EU\/1\/21\/XXXX\/000<\/p>\n                <\/div>\n\n                <!-- If button is enabled then it's visible -->\n                \n            <\/div>\n        <\/div>\n    <\/section>\n\n\n\n    <section class=\"tabs-widget\" >\n        <div class=\"container\">\n                <!--Tab info section-->\n                <div class=\"column-1 col-xl-12 col-md-12 col-sm-12\">\n                    <div class=\"text-tab-heading\">\n                        <h3 class=\"tab-heading hidden heading-three\">\n                                                    <\/h3>\n                        <p class=\"tab-summary hidden\"><\/p>\n                    <\/div>\n                <\/div><!--Tab info section over here -->\n\n                <div  class=\"tabs-inner d-lg-block d-md-block\">\n                    <ul id=\"tab-list-ul\" class=\"tab-list-ul nav nav-pills\" id=\"pills-tab\" role=\"tablist\">\n                          \n                                                            <li class=\"tab-list-items\" role=\"presentation\">\n                                    <a href=\"#!\" class=\"tab-nav-link tab-item-link active\" id=\"tab-0-link\" tabindex=\"0\" data-bs-toggle=\"pill\" data-bs-target=\"#tab-0\" type=\"button\" role=\"tab\" aria-controls=\"tab-0\" aria-selected=\"true\">\n                                        NEDERLANDS &#8211;  Kayfanda\u00ae                                    <\/a>\n                                <\/li>\n                              \n                                                            <li class=\"tab-list-items\" role=\"presentation\">\n                                    <a href=\"#!\" class=\"tab-nav-link tab-item-link \" id=\"tab-1-link\" tabindex=\"0\" data-bs-toggle=\"pill\" data-bs-target=\"#tab-1\" type=\"button\" role=\"tab\" aria-controls=\"tab-1\" aria-selected=\"true\">\n                                        ENGLISH &#8211; Kayfanda\u00ae                                    <\/a>\n                                <\/li>\n                                                <\/ul>\n                    <div id=\"navTabArrows\">\n                        <div class=\"tab-nav-arrows\" id=\"tab-nav-prev\"><\/div>\n                        <div class=\"tab-nav-arrows\" id=\"tab-nav-next\"><\/div>\n                    <\/div>\n                <\/div>\n\n                <div class=\"tab-content\" id=\"pills-tabContent\">\n                      \n                                <div class=\"tab-pane fade show active\" id=\"tab-0\" role=\"tabpanel\" aria-labelledby=\"tab-0\">\n                                    \n<p class=\"has-text-align-center\"><em>Als het document niet correct wordt weergegeven of als u de toegangscode niet kunt invoeren, klik dan op de knop \u201c<strong>Openen op mobiel<\/strong>\u201d hieronder.<\/em><\/p>\n\n\n\n<div data-wp-interactive=\"core\/file\" class=\"wp-block-file aligncenter\"><object data-wp-bind--hidden=\"!state.hasPdfPreview\" hidden class=\"wp-block-file__embed\" data=\"https:\/\/www.ipsen.com\/netherlands\/wp-content\/uploads\/sites\/8\/2026\/01\/Kayfanda-patient-brochure-nl-protected.pdf\" type=\"application\/pdf\" style=\"width:100%;height:1200px\" aria-label=\"Embed of Kayfanda\u00ae Informatie voor ouders\/verzorgers.\"><\/object><a id=\"wp-block-file--media-2b4e868e-af67-4995-8874-31f9570d4960\" href=\"https:\/\/www.ipsen.com\/netherlands\/wp-content\/uploads\/sites\/8\/2026\/01\/Kayfanda-patient-brochure-nl-protected.pdf\">Kayfanda\u00ae Informatie voor ouders\/verzorgers<\/a><\/div>\n\n\n\n<p><\/p>\n\n\n\n<div class=\"wp-block-buttons alignwide is-content-justification-center is-layout-flex wp-container-core-buttons-is-layout-16018d1d wp-block-buttons-is-layout-flex\">\n<div class=\"wp-block-button\"><a class=\"wp-block-button__link wp-element-button\" href=\"https:\/\/www.ipsen.com\/netherlands\/wp-content\/uploads\/sites\/8\/2026\/01\/Kayfanda-patient-brochure-nl-protected.pdf\"><strong><strong>Openen op mobiel<\/strong><\/strong><\/a><\/div>\n<\/div>\n\n\n\n<p><\/p>\n                                <\/div>\n                      \n                                <div class=\"tab-pane fade  \" id=\"tab-1\" role=\"tabpanel\" aria-labelledby=\"tab-1\">\n                                    \n<p class=\"has-text-align-center\"><em>If the document does not display correctly or if you cannot enter the access code, please click the <strong>\u201cOpen on mobile\u201d<\/strong> button below.<\/em><\/p>\n\n\n\n<div data-wp-interactive=\"core\/file\" class=\"wp-block-file aligncenter\"><object data-wp-bind--hidden=\"!state.hasPdfPreview\" hidden class=\"wp-block-file__embed\" data=\"https:\/\/www.ipsen.com\/netherlands\/wp-content\/uploads\/sites\/8\/2026\/01\/Kayfanda-patient-brochure-english-protected.pdf\" type=\"application\/pdf\" style=\"width:100%;height:1200px\" aria-label=\"Embed of Kayfanda\u00ae Information for parents\/carers.\"><\/object><a id=\"wp-block-file--media-1c9b6825-3658-4576-baba-878fc2f2abed\" href=\"https:\/\/www.ipsen.com\/netherlands\/wp-content\/uploads\/sites\/8\/2026\/01\/Kayfanda-patient-brochure-english-protected.pdf\">Kayfanda\u00ae Information for parents\/carers<\/a><\/div>\n\n\n\n<p><\/p>\n\n\n\n<div class=\"wp-block-buttons is-content-justification-center is-layout-flex wp-container-core-buttons-is-layout-16018d1d wp-block-buttons-is-layout-flex\">\n<div class=\"wp-block-button\"><a class=\"wp-block-button__link wp-element-button\" href=\"https:\/\/www.ipsen.com\/netherlands\/wp-content\/uploads\/sites\/8\/2026\/01\/Kayfanda-patient-brochure-english-protected.pdf\"><strong>Open on mobile<\/strong><\/a><\/div>\n<\/div>\n\n\n\n<p><\/p>\n                                <\/div>\n                                    <\/div>\n\n                <div class=\"more-result-btn\">\n                                                        <\/div>\n                \n        <\/div>\n    <\/section>\n\n\n    <section class=\"video-card \">\n        <div class=\"container\">\n            <!-- Block Details -->\n            <div class=\"video-card-header\">\n                <h3 class=\"video-card-block-title hidden heading-three\">\n                                    <\/h3>\n                <p class=\"charcoal-grey video-card-block-summary hidden\"> \n                                    <\/p>\n            <\/div>\n\n            <!-- Video Iframe embed -->\n            \n            <!-- Block CTA -->\n            <div class=\"cta-block hidden\">\n                            <\/div>\n\n        <\/div>\n    <\/section>\n\n\n\n<!--Alert Card Layout Start Here-->\n<section class=\"alertcard-section\">\n      <div class=\"container\">\n        <!--Alert Box HTML Start Here-->\n        <div class=\"alert-box info-box\">\n                    <div class=\"info-icon\">\n              <span class=\"info-circle\"><img decoding=\"async\" src=\"https:\/\/www.ipsen.com\/netherlands\/wp-content\/themes\/ipsen-main\/dist\/images\/alert-general-icon.png\" alt=\"Alert\"\/><\/i>\n            <\/div>\n                    <div class=\"info-contents\">\n          <h4 role=\"heading\" aria-level=\"2\" class=\"info-head heading-four heading-four\">Medische vragen \/ rapporteren bijwerking of productklacht<\/h4>\n            <p class=\"info-sub-head-para visible heading-para\"><\/p>\n            <div class=\"alert-content visible\"><p>Als u een medische vraag hebt, of informatie wilt over de geneesmiddelen van Ipsen, dan kunt u een email sturen naar <strong><a href=\"mailto:medische.informatie.nl@ipsen.com\">medische.informatie.nl@ipsen.com<\/a><\/strong>.<\/p>\n<p>Een klacht over de kwaliteit van een geneesmiddel van Ipsen kunt u sturen naar <strong><a href=\"mailto:quality.benelux@ipsen.com\">quality.benelux@ipsen.com<\/a><\/strong>.<\/p>\n<p>Bijwerkingen van een geneesmiddel van Ipsen kunt u melden aan uw arts\/apotheker of doorgeven aan Ipsen door een email te sturen naar <strong><a href=\"mailto:pharmacovigilance.netherlands@ipsen.com\">pharmacovigilance.netherlands@ipsen.com<\/a><\/strong>.<\/p>\n<\/div>\n          <\/div>\n        <\/div>\n        <!--Alert Box HTML Start Here-->\n      <\/div>\n    <\/section>\n<!--Alert Card Layout End Here-->\n\n\n\n<p><\/p>\n","protected":false},"excerpt":{"rendered":"","protected":false},"author":75,"featured_media":0,"parent":32,"menu_order":0,"comment_status":"closed","ping_status":"closed","template":"","meta":{"_acf_changed":false,"footnotes":""},"class_list":["post-973","page","type-page","status-publish","hentry","entry"],"acf":[],"yoast_head":"<!-- This site is optimized with the Yoast SEO plugin v26.8 - https:\/\/yoast.com\/product\/yoast-seo-wordpress\/ -->\n<title>Kayfanda - Netherlands<\/title>\n<meta name=\"robots\" content=\"index, follow, max-snippet:-1, max-image-preview:large, max-video-preview:-1\" \/>\n<link rel=\"canonical\" href=\"https:\/\/www.ipsen.com\/netherlands\/producten\/kayfanda\/\" \/>\n<meta property=\"og:locale\" content=\"nl_NL\" \/>\n<meta property=\"og:type\" content=\"article\" \/>\n<meta property=\"og:title\" content=\"Kayfanda - Netherlands\" \/>\n<meta property=\"og:url\" content=\"https:\/\/www.ipsen.com\/netherlands\/producten\/kayfanda\/\" \/>\n<meta property=\"og:site_name\" content=\"Netherlands\" \/>\n<meta property=\"article:modified_time\" content=\"2026-03-19T09:11:31+00:00\" \/>\n<meta name=\"twitter:card\" content=\"summary_large_image\" \/>\n<script type=\"application\/ld+json\" class=\"yoast-schema-graph\">{\"@context\":\"https:\/\/schema.org\",\"@graph\":[{\"@type\":\"WebPage\",\"@id\":\"https:\/\/www.ipsen.com\/netherlands\/producten\/kayfanda\/\",\"url\":\"https:\/\/www.ipsen.com\/netherlands\/producten\/kayfanda\/\",\"name\":\"Kayfanda - Netherlands\",\"isPartOf\":{\"@id\":\"https:\/\/www.ipsen.com\/netherlands\/#website\"},\"datePublished\":\"2026-01-21T17:48:31+00:00\",\"dateModified\":\"2026-03-19T09:11:31+00:00\",\"breadcrumb\":{\"@id\":\"https:\/\/www.ipsen.com\/netherlands\/producten\/kayfanda\/#breadcrumb\"},\"inLanguage\":\"nl-NL\",\"potentialAction\":[{\"@type\":\"ReadAction\",\"target\":[\"https:\/\/www.ipsen.com\/netherlands\/producten\/kayfanda\/\"]}]},{\"@type\":\"BreadcrumbList\",\"@id\":\"https:\/\/www.ipsen.com\/netherlands\/producten\/kayfanda\/#breadcrumb\",\"itemListElement\":[{\"@type\":\"ListItem\",\"position\":1,\"name\":\"Home\",\"item\":\"https:\/\/www.ipsen.com\/netherlands\/\"},{\"@type\":\"ListItem\",\"position\":2,\"name\":\"Producten\",\"item\":\"https:\/\/www.ipsen.com\/netherlands\/producten\/\"},{\"@type\":\"ListItem\",\"position\":3,\"name\":\"Kayfanda\"}]},{\"@type\":\"WebSite\",\"@id\":\"https:\/\/www.ipsen.com\/netherlands\/#website\",\"url\":\"https:\/\/www.ipsen.com\/netherlands\/\",\"name\":\"Netherlands\",\"description\":\"\",\"publisher\":{\"@id\":\"https:\/\/www.ipsen.com\/netherlands\/#organization\"},\"potentialAction\":[{\"@type\":\"SearchAction\",\"target\":{\"@type\":\"EntryPoint\",\"urlTemplate\":\"https:\/\/www.ipsen.com\/netherlands\/?s={search_term_string}\"},\"query-input\":{\"@type\":\"PropertyValueSpecification\",\"valueRequired\":true,\"valueName\":\"search_term_string\"}}],\"inLanguage\":\"nl-NL\"},{\"@type\":\"Organization\",\"@id\":\"https:\/\/www.ipsen.com\/netherlands\/#organization\",\"name\":\"Netherlands\",\"url\":\"https:\/\/www.ipsen.com\/netherlands\/\",\"logo\":{\"@type\":\"ImageObject\",\"inLanguage\":\"nl-NL\",\"@id\":\"https:\/\/www.ipsen.com\/netherlands\/#\/schema\/logo\/image\/\",\"url\":\"https:\/\/www.ipsen.com\/netherlands\/wp-content\/uploads\/sites\/8\/2023\/12\/Logo-Ipsen.svg\",\"contentUrl\":\"https:\/\/www.ipsen.com\/netherlands\/wp-content\/uploads\/sites\/8\/2023\/12\/Logo-Ipsen.svg\",\"caption\":\"Netherlands\"},\"image\":{\"@id\":\"https:\/\/www.ipsen.com\/netherlands\/#\/schema\/logo\/image\/\"}}]}<\/script>\n<!-- \/ Yoast SEO plugin. -->","yoast_head_json":{"title":"Kayfanda - Netherlands","robots":{"index":"index","follow":"follow","max-snippet":"max-snippet:-1","max-image-preview":"max-image-preview:large","max-video-preview":"max-video-preview:-1"},"canonical":"https:\/\/www.ipsen.com\/netherlands\/producten\/kayfanda\/","og_locale":"nl_NL","og_type":"article","og_title":"Kayfanda - Netherlands","og_url":"https:\/\/www.ipsen.com\/netherlands\/producten\/kayfanda\/","og_site_name":"Netherlands","article_modified_time":"2026-03-19T09:11:31+00:00","twitter_card":"summary_large_image","schema":{"@context":"https:\/\/schema.org","@graph":[{"@type":"WebPage","@id":"https:\/\/www.ipsen.com\/netherlands\/producten\/kayfanda\/","url":"https:\/\/www.ipsen.com\/netherlands\/producten\/kayfanda\/","name":"Kayfanda - Netherlands","isPartOf":{"@id":"https:\/\/www.ipsen.com\/netherlands\/#website"},"datePublished":"2026-01-21T17:48:31+00:00","dateModified":"2026-03-19T09:11:31+00:00","breadcrumb":{"@id":"https:\/\/www.ipsen.com\/netherlands\/producten\/kayfanda\/#breadcrumb"},"inLanguage":"nl-NL","potentialAction":[{"@type":"ReadAction","target":["https:\/\/www.ipsen.com\/netherlands\/producten\/kayfanda\/"]}]},{"@type":"BreadcrumbList","@id":"https:\/\/www.ipsen.com\/netherlands\/producten\/kayfanda\/#breadcrumb","itemListElement":[{"@type":"ListItem","position":1,"name":"Home","item":"https:\/\/www.ipsen.com\/netherlands\/"},{"@type":"ListItem","position":2,"name":"Producten","item":"https:\/\/www.ipsen.com\/netherlands\/producten\/"},{"@type":"ListItem","position":3,"name":"Kayfanda"}]},{"@type":"WebSite","@id":"https:\/\/www.ipsen.com\/netherlands\/#website","url":"https:\/\/www.ipsen.com\/netherlands\/","name":"Netherlands","description":"","publisher":{"@id":"https:\/\/www.ipsen.com\/netherlands\/#organization"},"potentialAction":[{"@type":"SearchAction","target":{"@type":"EntryPoint","urlTemplate":"https:\/\/www.ipsen.com\/netherlands\/?s={search_term_string}"},"query-input":{"@type":"PropertyValueSpecification","valueRequired":true,"valueName":"search_term_string"}}],"inLanguage":"nl-NL"},{"@type":"Organization","@id":"https:\/\/www.ipsen.com\/netherlands\/#organization","name":"Netherlands","url":"https:\/\/www.ipsen.com\/netherlands\/","logo":{"@type":"ImageObject","inLanguage":"nl-NL","@id":"https:\/\/www.ipsen.com\/netherlands\/#\/schema\/logo\/image\/","url":"https:\/\/www.ipsen.com\/netherlands\/wp-content\/uploads\/sites\/8\/2023\/12\/Logo-Ipsen.svg","contentUrl":"https:\/\/www.ipsen.com\/netherlands\/wp-content\/uploads\/sites\/8\/2023\/12\/Logo-Ipsen.svg","caption":"Netherlands"},"image":{"@id":"https:\/\/www.ipsen.com\/netherlands\/#\/schema\/logo\/image\/"}}]}},"parsely":{"version":"1.1.0","canonical_url":"https:\/\/ipsen.com\/netherlands\/producten\/kayfanda\/","smart_links":{"inbound":0,"outbound":0},"traffic_boost_suggestions_count":0,"meta":{"@context":"https:\/\/schema.org","@type":"WebPage","headline":"Kayfanda","url":"http:\/\/www.ipsen.com\/netherlands\/producten\/kayfanda\/","mainEntityOfPage":{"@type":"WebPage","@id":"http:\/\/www.ipsen.com\/netherlands\/producten\/kayfanda\/"},"thumbnailUrl":"","image":{"@type":"ImageObject","url":""},"articleSection":"Geen onderdeel van een categorie","author":[{"@type":"Person","name":"nine"}],"creator":["nine"],"publisher":{"@type":"Organization","name":"Netherlands","logo":""},"keywords":[],"dateCreated":"2026-01-21T17:48:31Z","datePublished":"2026-01-21T17:48:31Z","dateModified":"2026-03-19T09:11:31Z"},"rendered":"<script type=\"application\/ld+json\" class=\"wp-parsely-metadata\">{\"@context\":\"https:\\\/\\\/schema.org\",\"@type\":\"WebPage\",\"headline\":\"Kayfanda\",\"url\":\"http:\\\/\\\/www.ipsen.com\\\/netherlands\\\/producten\\\/kayfanda\\\/\",\"mainEntityOfPage\":{\"@type\":\"WebPage\",\"@id\":\"http:\\\/\\\/www.ipsen.com\\\/netherlands\\\/producten\\\/kayfanda\\\/\"},\"thumbnailUrl\":\"\",\"image\":{\"@type\":\"ImageObject\",\"url\":\"\"},\"articleSection\":\"Geen onderdeel van een categorie\",\"author\":[{\"@type\":\"Person\",\"name\":\"nine\"}],\"creator\":[\"nine\"],\"publisher\":{\"@type\":\"Organization\",\"name\":\"Netherlands\",\"logo\":\"\"},\"keywords\":[],\"dateCreated\":\"2026-01-21T17:48:31Z\",\"datePublished\":\"2026-01-21T17:48:31Z\",\"dateModified\":\"2026-03-19T09:11:31Z\"}<\/script>","tracker_url":"https:\/\/cdn.parsely.com\/keys\/ipsen.com\/p.js"},"jetpack_sharing_enabled":true,"_links":{"self":[{"href":"https:\/\/www.ipsen.com\/netherlands\/wp-json\/wp\/v2\/pages\/973","targetHints":{"allow":["GET"]}}],"collection":[{"href":"https:\/\/www.ipsen.com\/netherlands\/wp-json\/wp\/v2\/pages"}],"about":[{"href":"https:\/\/www.ipsen.com\/netherlands\/wp-json\/wp\/v2\/types\/page"}],"author":[{"embeddable":true,"href":"https:\/\/www.ipsen.com\/netherlands\/wp-json\/wp\/v2\/users\/75"}],"replies":[{"embeddable":true,"href":"https:\/\/www.ipsen.com\/netherlands\/wp-json\/wp\/v2\/comments?post=973"}],"version-history":[{"count":6,"href":"https:\/\/www.ipsen.com\/netherlands\/wp-json\/wp\/v2\/pages\/973\/revisions"}],"predecessor-version":[{"id":1039,"href":"https:\/\/www.ipsen.com\/netherlands\/wp-json\/wp\/v2\/pages\/973\/revisions\/1039"}],"up":[{"embeddable":true,"href":"https:\/\/www.ipsen.com\/netherlands\/wp-json\/wp\/v2\/pages\/32"}],"wp:attachment":[{"href":"https:\/\/www.ipsen.com\/netherlands\/wp-json\/wp\/v2\/media?parent=973"}],"curies":[{"name":"wp","href":"https:\/\/api.w.org\/{rel}","templated":true}]}}