{"id":191,"date":"2024-02-21T07:40:29","date_gmt":"2024-02-21T05:40:29","guid":{"rendered":"https:\/\/www.ipsen.com\/nl\/?page_id=191"},"modified":"2025-07-04T11:03:48","modified_gmt":"2025-07-04T09:03:48","slug":"therapeutische-gebieden","status":"publish","type":"page","link":"https:\/\/www.ipsen.com\/netherlands\/therapeutische-gebieden\/","title":{"rendered":"Therapeutische gebieden"},"content":{"rendered":"    <section class=\"sub-page-banner bg-color-disabled  banner-no-filter\" style=\"background: linear-gradient(93.64deg, #224A81 2.99%, #2797D3 97.01%)\">\n                <div class=\"container content-sec\">\n            <nav aria-label=\"breadcrumb\">\n            <ol class=\"breadcrumb\">\n                <li class=\"breadcrumb-item\"><a href=\"https:\/\/www.ipsen.com\/netherlands\">Home<\/a><\/li><li class=\"breadcrumb-item active\"><a class=\"link-pointer-events-none\" href=\"#\" aria-current=\"page\">Therapeutische gebieden<\/a><\/li><\/ol>\n            <\/nav>            <h1 class=\"visible banner-font-color-white\">Therapeutische gebieden<\/h1>\n            <p class=\"visible banner-font-color-white\">De pati\u00ebnt staat centraal bij de ontwikkeling van onze medicijnen<\/p>\n        <\/div>\n    <\/section>\n\n\n\n\t<!-- Hero Carousel Start Here-->\n\t<section class=\"hero-section no-filter\">\n\t\t<div class=\"hero_gridwidth container\"><!-- container class shown if gridlayout choosen -->\n\t\t\t<div id=\"heroCarousel\" class=\"carousel slide herocaro hero-banner-no-bg-image\" data-bs-ride=\"carousel\" data-enableplaybtn=\"\" data-autoplay= \"\"  data-autospeed= \"\" >\n\t\t\t\t<!-- Slider Indicator-->\n\t\t\t\t<div class=\"carousel-indicators hidden\">\n\t\t\t\t<button type=\"button\" data-bs-target=\"#heroCarousel\" data-bs-slide-to=\"0\" class=\"active\" aria-current=\"true\" aria-label=\"Slide 0\"><\/button>\t\t\t\t<\/div>\n\t\t\t\t<!-- Items -->\n\t\t\t\t<div class=\"carousel-inner\">\n\t\t\t\t\t\t\n\t\t\t\t\t\t<!-- Hero Banner with carousel HTML -->\n\t\t\t\t\t\t<div class=\"carousel-item active banner-no-filter\">\n\n\t\t\t\t\t\t\t\t\t\t\t\t\t\t\t<img decoding=\"async\" class=\"bd-placeholder-img visible\" alt=\"\" width=\"100%\" height=\"100%\" src=\"https:\/\/www.ipsen.com\/netherlands\/wp-content\/uploads\/sites\/8\/2025\/07\/Light-Hero-Banner.jpg\" \/> \n\t\t\t\t\t\t\t\n\t\t\t\t\t\t\t\t\n\n\t\t\t\t\t\t\t<div class=\"container align-left\">\n\t\t\t\t\t\t\t\t<div class=\"carousel-caption\">\n\t\t\t\t\t\t\t\t\t<h2 class=\"visible text-start heading-two banner-font-color-blue\">\n\t\t\t\t\t\t\t\t\t\tDe pati\u00ebnt staat centraal bij de ontwikkeling van onze medicijnen\t\t\t\t\t\t\t\t\t<\/h2>\n\t\t\t\t\t\t\t\t\t<div class=\"hidden text-start banner-font-color-blue\"><\/div>\n\t\t\t\t\t\t\t\t\t\n\t\t\t\t\t\t\t\t\t\t\t\t\t\t\t\t\t\t\t<p class=\"visible text-start banner-font-color-blue\">\n\t\t\t\t\t\t\t\t\t\t\t<a class=\"btn btn-lg btn-primary\" href=\"https:\/\/www.ipsen.com\/netherlands\/producten\/\" aria-label=\"Lees meer about De pati\u00ebnt staat centraal bij de ontwikkeling van onze medicijnen\" target=\"\">\n\t\t\t\t\t\t\t\t\t\t\t\tLees meer\t\t\t\t\t\t\t\t\t\t\t<\/a>\n\t\t\t\t\t\t\t\t\t\t<\/p>\n\t\t\t\t\t\t\t\t\t\t\t\t\t\t\t\t\t\t\n\t\t\t\t\t\t\t\t<\/div>\n\t\t\t\t\t\t\t<\/div>\n\t\t\t\t\t\t<\/div>\n\n\t\t\t\t\t\t\t\t\t<\/div>\n\t\t\t\t\n\t\t\t\t\n\t\t\t<\/div>\n\t\t<\/div>\n\t<\/section>\n\t<!-- Hero Carousel End Here-->\n  \n\n<!-- Text & Media Block Code -->\n<section class=\"two-col-section text-media-section\">\n    <div class=\"container two-section-innner \">\n        <div class=\"response-inner\" style=\"background-image: url('')\">\n            <div class=\"row \">\n                <div class=\"col-xs-12 col-sm-12 col-md-6\">\n                                                    <div class=\"img-video-section\">\n                                <img decoding=\"async\" \n                                    src=\"https:\/\/www.ipsen.com\/netherlands\/wp-content\/uploads\/sites\/8\/2024\/02\/Module-3-E28093-Patients-strategy_Ipsen-Crewe-Steve-Pointon_056_08_700X420px.jpg\" \n                                    alt=\"\" \n                                >\n                            <\/div>\n                                        <\/div>\n                <div class=\" col-xs-12 col-sm-12 col-md-6\">\n                    <div class=\"section-content\">\n                        <div class=\"heading-dash\">\n                                                            <span class=\"dash\"><\/span>\n                                <h4 class=\"heading-para heading-four\" role=\"heading\" aria-level=\"2\">\n                                    Oncologie                                 <\/h4>\n                                                    <\/div>\n                                                <p>We richten ons op het verbeteren van de gezondheidsresultaten van mensen die met kanker leven. Met meer dan 35 jaar ervaring in de oncologie werken we doelgericht: het ondersteunen van het leven van pati\u00ebnten, het verbeteren van gezondheidsresultaten en het cre\u00ebren van een positieve impact voor zowel pati\u00ebnten als de samenleving.<\/p>\n<p>Ipsen Nederland heeft geneesmiddelen op het gebied van prostaatkanker, niercelkanker en neuroendocriene tumoren.<\/p>\n<p>Voor uitgebreidere informatie klikt u op lees meer.<\/p>\n                            <a \n                            aria-label=\"Lees meer op Ipsen Academy about Oncologie \"  \n                                role=\"link\" \n                                class=\"btn-link section-btn cta-visible\"\n                                href=\"https:\/\/ipsen-academy.com\/nl\/therapy-area\/oncology\/\" \n                                target=\"_blank\"\n                            > \n                                Lees meer op Ipsen Academy \n                            <\/a>\n\n                    <\/div>\n                <\/div>\n            <\/div>\n        <\/div>\n    <\/div>\n<\/section>\n\n<!-- Text & Media Block Code -->\n<section class=\"two-col-section text-media-section\">\n    <div class=\"container two-section-innner section-reverse\">\n        <div class=\"response-inner\" style=\"background-image: url('')\">\n            <div class=\"row section-reverse\">\n                <div class=\"col-xs-12 col-sm-12 col-md-6\">\n                                                    <div class=\"img-video-section\">\n                                <img decoding=\"async\" \n                                    src=\"https:\/\/www.ipsen.com\/netherlands\/wp-content\/uploads\/sites\/8\/2024\/08\/Image21.jpg\" \n                                    alt=\"\" \n                                >\n                            <\/div>\n                                        <\/div>\n                <div class=\" col-xs-12 col-sm-12 col-md-6\">\n                    <div class=\"section-content\">\n                        <div class=\"heading-dash\">\n                                                            <span class=\"dash\"><\/span>\n                                <h4 class=\"heading-para heading-four\" role=\"heading\" aria-level=\"2\">\n                                    Zeldzame ziekten                                <\/h4>\n                                                    <\/div>\n                                                <p>Baanbrekende behandelingen voor zeldzame ziekten<\/p>\n<p>Vierennegentig procent van de zeldzame medische aandoeningen heeft nog steeds geen behandeling. Onze medewerkers zijn toegewijd om daar verandering in te brengen. We maken gebruik van wetenschappelijke expertise, ons internationale netwerk, een sterke externe innovatiestrategie en niet eerder uitgevoerde klinische onderzoeken om levensveranderende therapie\u00ebn voor zeldzame ziekten te ontwikkelen.<\/p>\n<p>Voor uitgebreidere informatie klikt u op lees meer.<\/p>\n                            <a \n                            aria-label=\"Lees meer op Ipsen Academy about Zeldzame ziekten\"  \n                                role=\"link\" \n                                class=\"btn-link section-btn cta-visible\"\n                                href=\"https:\/\/ipsen-academy.com\/nl\/therapy-area\/rare-disease\/\" \n                                target=\"_blank\"\n                            > \n                                Lees meer op Ipsen Academy \n                            <\/a>\n\n                    <\/div>\n                <\/div>\n            <\/div>\n        <\/div>\n    <\/div>\n<\/section>\n\n<!-- Text & Media Block Code -->\n<section class=\"two-col-section text-media-section\">\n    <div class=\"container two-section-innner \">\n        <div class=\"response-inner\" style=\"background-image: url('')\">\n            <div class=\"row \">\n                <div class=\"col-xs-12 col-sm-12 col-md-6\">\n                                                    <div class=\"img-video-section\">\n                                <img decoding=\"async\" \n                                    src=\"https:\/\/www.ipsen.com\/netherlands\/wp-content\/uploads\/sites\/8\/2024\/02\/05-03_PATIENTS_Text-and-Photos-Overlapped_ipsen-81_DIANA_700X420px.jpg\" \n                                    alt=\"\" \n                                >\n                            <\/div>\n                                        <\/div>\n                <div class=\" col-xs-12 col-sm-12 col-md-6\">\n                    <div class=\"section-content\">\n                        <div class=\"heading-dash\">\n                                                            <span class=\"dash\"><\/span>\n                                <h4 class=\"heading-para heading-four\" role=\"heading\" aria-level=\"2\">\n                                    Neurowetenschappen                                <\/h4>\n                                                    <\/div>\n                                                <p>Ipsen is wereldwijd een vooraanstaand bedrijf op het gebied van neurowetenschappen en toxineonderzoek voor behandelingen van neuromusculaire aandoeningen.<\/p>\n<p>De neurowetenschap ontwikkelt zich in een hoog tempo en we zijn er trots op om hierin voorop te lopen. Onze focus ligt op het mogelijk maken van behandelingen voor zowel kinderen als volwassenen die lijden aan ernstige en progressieve neuromusculaire aandoeningen. Onze langdurige inzet voor het bevorderen van onderzoek in de neurowetenschappen en toxinen wordt ondersteund door 30 jaar aan klinische ervaring.<\/p>\n<p>Voor uitgebreidere informatie klikt u op lees meer.<\/p>\n                            <a \n                            aria-label=\"Lees meer op Ipsen Academy about Neurowetenschappen\"  \n                                role=\"link\" \n                                class=\"btn-link section-btn cta-visible\"\n                                href=\"https:\/\/ipsen-academy.com\/nl\/therapy-area\/neuroscience\/\" \n                                target=\"_blank\"\n                            > \n                                Lees meer op Ipsen Academy \n                            <\/a>\n\n                    <\/div>\n                <\/div>\n            <\/div>\n        <\/div>\n    <\/div>\n<\/section>","protected":false},"excerpt":{"rendered":"","protected":false},"author":2,"featured_media":0,"parent":0,"menu_order":0,"comment_status":"closed","ping_status":"closed","template":"","meta":{"_acf_changed":false,"footnotes":""},"class_list":["post-191","page","type-page","status-publish","hentry","entry"],"acf":[],"yoast_head":"<!-- This site is optimized with the Yoast SEO plugin v26.8 - https:\/\/yoast.com\/product\/yoast-seo-wordpress\/ -->\n<title>Ipsen Therapeutische gebieden<\/title>\n<meta name=\"description\" content=\"Ipsen is toegewijd aan het verbeteren van de gezondheid en levens van pati\u00ebnten die leven met kanker, zeldzame ziekten of neurologische aandoeningen.\" \/>\n<meta name=\"robots\" content=\"index, follow, max-snippet:-1, max-image-preview:large, max-video-preview:-1\" \/>\n<link rel=\"canonical\" href=\"https:\/\/www.ipsen.com\/netherlands\/therapeutische-gebieden\/\" \/>\n<meta property=\"og:locale\" content=\"nl_NL\" \/>\n<meta property=\"og:type\" content=\"article\" \/>\n<meta property=\"og:title\" content=\"Ipsen Therapeutische gebieden\" \/>\n<meta property=\"og:description\" content=\"Ipsen is toegewijd aan het verbeteren van de gezondheid en levens van pati\u00ebnten die leven met kanker, zeldzame ziekten of neurologische aandoeningen.\" \/>\n<meta property=\"og:url\" content=\"https:\/\/www.ipsen.com\/netherlands\/therapeutische-gebieden\/\" \/>\n<meta property=\"og:site_name\" content=\"Netherlands\" \/>\n<meta property=\"article:modified_time\" content=\"2025-07-04T09:03:48+00:00\" \/>\n<meta name=\"twitter:card\" content=\"summary_large_image\" \/>\n<script type=\"application\/ld+json\" class=\"yoast-schema-graph\">{\"@context\":\"https:\/\/schema.org\",\"@graph\":[{\"@type\":\"WebPage\",\"@id\":\"https:\/\/www.ipsen.com\/netherlands\/therapeutische-gebieden\/\",\"url\":\"https:\/\/www.ipsen.com\/netherlands\/therapeutische-gebieden\/\",\"name\":\"Ipsen Therapeutische gebieden\",\"isPartOf\":{\"@id\":\"https:\/\/www.ipsen.com\/netherlands\/#website\"},\"datePublished\":\"2024-02-21T05:40:29+00:00\",\"dateModified\":\"2025-07-04T09:03:48+00:00\",\"description\":\"Ipsen is toegewijd aan het verbeteren van de gezondheid en levens van pati\u00ebnten die leven met kanker, zeldzame ziekten of neurologische aandoeningen.\",\"breadcrumb\":{\"@id\":\"https:\/\/www.ipsen.com\/netherlands\/therapeutische-gebieden\/#breadcrumb\"},\"inLanguage\":\"nl-NL\",\"potentialAction\":[{\"@type\":\"ReadAction\",\"target\":[\"https:\/\/www.ipsen.com\/netherlands\/therapeutische-gebieden\/\"]}]},{\"@type\":\"BreadcrumbList\",\"@id\":\"https:\/\/www.ipsen.com\/netherlands\/therapeutische-gebieden\/#breadcrumb\",\"itemListElement\":[{\"@type\":\"ListItem\",\"position\":1,\"name\":\"Home\",\"item\":\"https:\/\/www.ipsen.com\/netherlands\/\"},{\"@type\":\"ListItem\",\"position\":2,\"name\":\"Therapeutische gebieden\"}]},{\"@type\":\"WebSite\",\"@id\":\"https:\/\/www.ipsen.com\/netherlands\/#website\",\"url\":\"https:\/\/www.ipsen.com\/netherlands\/\",\"name\":\"Netherlands\",\"description\":\"\",\"publisher\":{\"@id\":\"https:\/\/www.ipsen.com\/netherlands\/#organization\"},\"potentialAction\":[{\"@type\":\"SearchAction\",\"target\":{\"@type\":\"EntryPoint\",\"urlTemplate\":\"https:\/\/www.ipsen.com\/netherlands\/?s={search_term_string}\"},\"query-input\":{\"@type\":\"PropertyValueSpecification\",\"valueRequired\":true,\"valueName\":\"search_term_string\"}}],\"inLanguage\":\"nl-NL\"},{\"@type\":\"Organization\",\"@id\":\"https:\/\/www.ipsen.com\/netherlands\/#organization\",\"name\":\"Netherlands\",\"url\":\"https:\/\/www.ipsen.com\/netherlands\/\",\"logo\":{\"@type\":\"ImageObject\",\"inLanguage\":\"nl-NL\",\"@id\":\"https:\/\/www.ipsen.com\/netherlands\/#\/schema\/logo\/image\/\",\"url\":\"https:\/\/www.ipsen.com\/netherlands\/wp-content\/uploads\/sites\/8\/2023\/12\/Logo-Ipsen.svg\",\"contentUrl\":\"https:\/\/www.ipsen.com\/netherlands\/wp-content\/uploads\/sites\/8\/2023\/12\/Logo-Ipsen.svg\",\"caption\":\"Netherlands\"},\"image\":{\"@id\":\"https:\/\/www.ipsen.com\/netherlands\/#\/schema\/logo\/image\/\"}}]}<\/script>\n<!-- \/ Yoast SEO plugin. -->","yoast_head_json":{"title":"Ipsen Therapeutische gebieden","description":"Ipsen is toegewijd aan het verbeteren van de gezondheid en levens van pati\u00ebnten die leven met kanker, zeldzame ziekten of neurologische aandoeningen.","robots":{"index":"index","follow":"follow","max-snippet":"max-snippet:-1","max-image-preview":"max-image-preview:large","max-video-preview":"max-video-preview:-1"},"canonical":"https:\/\/www.ipsen.com\/netherlands\/therapeutische-gebieden\/","og_locale":"nl_NL","og_type":"article","og_title":"Ipsen Therapeutische gebieden","og_description":"Ipsen is toegewijd aan het verbeteren van de gezondheid en levens van pati\u00ebnten die leven met kanker, zeldzame ziekten of neurologische aandoeningen.","og_url":"https:\/\/www.ipsen.com\/netherlands\/therapeutische-gebieden\/","og_site_name":"Netherlands","article_modified_time":"2025-07-04T09:03:48+00:00","twitter_card":"summary_large_image","schema":{"@context":"https:\/\/schema.org","@graph":[{"@type":"WebPage","@id":"https:\/\/www.ipsen.com\/netherlands\/therapeutische-gebieden\/","url":"https:\/\/www.ipsen.com\/netherlands\/therapeutische-gebieden\/","name":"Ipsen Therapeutische gebieden","isPartOf":{"@id":"https:\/\/www.ipsen.com\/netherlands\/#website"},"datePublished":"2024-02-21T05:40:29+00:00","dateModified":"2025-07-04T09:03:48+00:00","description":"Ipsen is toegewijd aan het verbeteren van de gezondheid en levens van pati\u00ebnten die leven met kanker, zeldzame ziekten of neurologische aandoeningen.","breadcrumb":{"@id":"https:\/\/www.ipsen.com\/netherlands\/therapeutische-gebieden\/#breadcrumb"},"inLanguage":"nl-NL","potentialAction":[{"@type":"ReadAction","target":["https:\/\/www.ipsen.com\/netherlands\/therapeutische-gebieden\/"]}]},{"@type":"BreadcrumbList","@id":"https:\/\/www.ipsen.com\/netherlands\/therapeutische-gebieden\/#breadcrumb","itemListElement":[{"@type":"ListItem","position":1,"name":"Home","item":"https:\/\/www.ipsen.com\/netherlands\/"},{"@type":"ListItem","position":2,"name":"Therapeutische gebieden"}]},{"@type":"WebSite","@id":"https:\/\/www.ipsen.com\/netherlands\/#website","url":"https:\/\/www.ipsen.com\/netherlands\/","name":"Netherlands","description":"","publisher":{"@id":"https:\/\/www.ipsen.com\/netherlands\/#organization"},"potentialAction":[{"@type":"SearchAction","target":{"@type":"EntryPoint","urlTemplate":"https:\/\/www.ipsen.com\/netherlands\/?s={search_term_string}"},"query-input":{"@type":"PropertyValueSpecification","valueRequired":true,"valueName":"search_term_string"}}],"inLanguage":"nl-NL"},{"@type":"Organization","@id":"https:\/\/www.ipsen.com\/netherlands\/#organization","name":"Netherlands","url":"https:\/\/www.ipsen.com\/netherlands\/","logo":{"@type":"ImageObject","inLanguage":"nl-NL","@id":"https:\/\/www.ipsen.com\/netherlands\/#\/schema\/logo\/image\/","url":"https:\/\/www.ipsen.com\/netherlands\/wp-content\/uploads\/sites\/8\/2023\/12\/Logo-Ipsen.svg","contentUrl":"https:\/\/www.ipsen.com\/netherlands\/wp-content\/uploads\/sites\/8\/2023\/12\/Logo-Ipsen.svg","caption":"Netherlands"},"image":{"@id":"https:\/\/www.ipsen.com\/netherlands\/#\/schema\/logo\/image\/"}}]}},"parsely":{"version":"1.1.0","canonical_url":"https:\/\/ipsen.com\/netherlands\/therapeutische-gebieden\/","smart_links":{"inbound":0,"outbound":0},"traffic_boost_suggestions_count":0,"meta":{"@context":"https:\/\/schema.org","@type":"WebPage","headline":"Therapeutische gebieden","url":"http:\/\/www.ipsen.com\/netherlands\/therapeutische-gebieden\/","mainEntityOfPage":{"@type":"WebPage","@id":"http:\/\/www.ipsen.com\/netherlands\/therapeutische-gebieden\/"},"thumbnailUrl":"","image":{"@type":"ImageObject","url":""},"articleSection":"Geen onderdeel van een categorie","author":[{"@type":"Person","name":"navya"}],"creator":["navya"],"publisher":{"@type":"Organization","name":"Netherlands","logo":""},"keywords":[],"dateCreated":"2024-02-21T05:40:29Z","datePublished":"2024-02-21T05:40:29Z","dateModified":"2025-07-04T09:03:48Z"},"rendered":"<script type=\"application\/ld+json\" class=\"wp-parsely-metadata\">{\"@context\":\"https:\\\/\\\/schema.org\",\"@type\":\"WebPage\",\"headline\":\"Therapeutische gebieden\",\"url\":\"http:\\\/\\\/www.ipsen.com\\\/netherlands\\\/therapeutische-gebieden\\\/\",\"mainEntityOfPage\":{\"@type\":\"WebPage\",\"@id\":\"http:\\\/\\\/www.ipsen.com\\\/netherlands\\\/therapeutische-gebieden\\\/\"},\"thumbnailUrl\":\"\",\"image\":{\"@type\":\"ImageObject\",\"url\":\"\"},\"articleSection\":\"Geen onderdeel van een categorie\",\"author\":[{\"@type\":\"Person\",\"name\":\"navya\"}],\"creator\":[\"navya\"],\"publisher\":{\"@type\":\"Organization\",\"name\":\"Netherlands\",\"logo\":\"\"},\"keywords\":[],\"dateCreated\":\"2024-02-21T05:40:29Z\",\"datePublished\":\"2024-02-21T05:40:29Z\",\"dateModified\":\"2025-07-04T09:03:48Z\"}<\/script>","tracker_url":"https:\/\/cdn.parsely.com\/keys\/ipsen.com\/p.js"},"jetpack_sharing_enabled":true,"_links":{"self":[{"href":"https:\/\/www.ipsen.com\/netherlands\/wp-json\/wp\/v2\/pages\/191","targetHints":{"allow":["GET"]}}],"collection":[{"href":"https:\/\/www.ipsen.com\/netherlands\/wp-json\/wp\/v2\/pages"}],"about":[{"href":"https:\/\/www.ipsen.com\/netherlands\/wp-json\/wp\/v2\/types\/page"}],"author":[{"embeddable":true,"href":"https:\/\/www.ipsen.com\/netherlands\/wp-json\/wp\/v2\/users\/2"}],"replies":[{"embeddable":true,"href":"https:\/\/www.ipsen.com\/netherlands\/wp-json\/wp\/v2\/comments?post=191"}],"version-history":[{"count":12,"href":"https:\/\/www.ipsen.com\/netherlands\/wp-json\/wp\/v2\/pages\/191\/revisions"}],"predecessor-version":[{"id":743,"href":"https:\/\/www.ipsen.com\/netherlands\/wp-json\/wp\/v2\/pages\/191\/revisions\/743"}],"wp:attachment":[{"href":"https:\/\/www.ipsen.com\/netherlands\/wp-json\/wp\/v2\/media?parent=191"}],"curies":[{"name":"wp","href":"https:\/\/api.w.org\/{rel}","templated":true}]}}