{"id":2520,"date":"2025-06-19T12:50:14","date_gmt":"2025-06-19T10:50:14","guid":{"rendered":"https:\/\/www.ipsen.com\/mx\/seguridad-del-paciente\/"},"modified":"2025-06-19T12:50:14","modified_gmt":"2025-06-19T10:50:14","slug":"seguridad-del-paciente","status":"publish","type":"page","link":"https:\/\/www.ipsen.com\/mx\/seguridad-del-paciente\/","title":{"rendered":"Seguridad del paciente"},"content":{"rendered":"\n<p><\/p>\n\n\n    <section class=\"sub-page-banner bg-img-enabled  banner-no-filter\" style=\"background-image:url(https:\/\/www.ipsen.com\/mx\/wp-content\/uploads\/sites\/4\/2023\/11\/ipsen-com_Responsibility_Banner-visual_1920x280pix_PNG-1.jpg)\">\n                <div class=\"container content-sec\">\n            <nav aria-label=\"breadcrumb\">\n            <ol class=\"breadcrumb\">\n                <li class=\"breadcrumb-item\"><a href=\"https:\/\/www.ipsen.com\/mx\">Inicio<\/a><\/li><li class=\"breadcrumb-item active\"><a class=\"link-pointer-events-none\" href=\"#\" aria-current=\"page\">Seguridad del paciente<\/a><\/li><\/ol>\n            <\/nav>            <h1 class=\"visible banner-font-color-white\">Seguridad del paciente<\/h1>\n            <p class=\"visible banner-font-color-white\">Ipsen ha implementado procesos, procedimientos y canales de comunicaci\u00f3n para monitorear la informaci\u00f3n relacionada con nuestros medicamentos<\/p>\n        <\/div>\n    <\/section>\n\n\n\n    <section class=\"title-text \">\n        <div class=\"container\">\n            <div class=\"title-text-inner\" style=\"background-color:#EDEBE4;\">\n\n                <!-- If heading is enabled then it's visible -->\n                <div class=\"text-head-dash hidden\">\n                <h3 class=\"heading-three\" role=\"heading\" aria-level=\"2\">\n                                            <\/h3>\n                <\/div>\n               \n                <!-- If description is enabled then it's visible -->\n                <div class=\"text-parbase visible\">\n                    <p>La <strong>Seguridad del Paciente<\/strong> es una actividad que busca <strong>prevenir y reducir<\/strong> los da\u00f1os que sufren los pacientes durante la atenci\u00f3n m\u00e9dica.<\/p>\n<p>Los <em>errores asociados con el uso de los medicamentos<\/em> constituyen un problema de Salud P\u00fablica. Por lo anterior, la Farmacovigilancia tiene como objetivo monitorear la informaci\u00f3n de seguridad de los productos comercializados e <strong>identificar reacciones adversas y tomar medidas para prevenirlas.<\/strong><\/p>\n<p>&nbsp;<\/p>\n<ul>\n<li>\u00bfTe aplicaron un medicamento, pero no te sientes bien? Quiz\u00e1 sea un efecto secundario.<\/li>\n<li>\u00bfAlgo va mal despu\u00e9s de tomar tu medicina? \u00a1Rep\u00f3rtalo!<\/li>\n<li>\u00bfEst\u00e1s tomando diferentes medicamentos? Pon atenci\u00f3n a c\u00f3mo te sientes.<\/li>\n<\/ul>\n<p>Los medicamentos nos ayudan cuando estamos enfermos, <strong>pero a veces pueden causar efectos secundarios.\u00a0<\/strong>Reportar sobre posibles efectos secundarios <strong>ayuda a proteger la salud de todos.<\/strong><\/p>\n<p>Si sospechas que experimentas alg\u00fan efecto secundario, por favor <strong>notifica<\/strong> a la Unidad de Farmacovigilancia de Ipsen M\u00e9xico: <a href=\"mailto:pharmacovigilance.mexico@ipsen.com\">pharmacovigilance.mexico@ipsen.com<\/a><\/p>\n                <\/div>\n\n                <!-- If button is enabled then it's visible -->\n                \n            <\/div>\n        <\/div>\n    <\/section>\n","protected":false},"excerpt":{"rendered":"","protected":false},"author":32,"featured_media":0,"parent":0,"menu_order":0,"comment_status":"closed","ping_status":"closed","template":"","meta":{"_acf_changed":false,"footnotes":""},"class_list":["post-2520","page","type-page","status-publish","hentry","entry"],"acf":[],"yoast_head":"<!-- This site is optimized with the Yoast SEO plugin v26.8 - https:\/\/yoast.com\/product\/yoast-seo-wordpress\/ -->\n<title>Seguridad del paciente - Mexico<\/title>\n<meta name=\"robots\" content=\"index, follow, max-snippet:-1, max-image-preview:large, max-video-preview:-1\" \/>\n<link rel=\"canonical\" href=\"https:\/\/www.ipsen.com\/mx\/seguridad-del-paciente\/\" \/>\n<meta property=\"og:locale\" content=\"es_MX\" \/>\n<meta property=\"og:type\" content=\"article\" \/>\n<meta property=\"og:title\" content=\"Seguridad del paciente - Mexico\" \/>\n<meta property=\"og:url\" content=\"https:\/\/www.ipsen.com\/mx\/seguridad-del-paciente\/\" \/>\n<meta property=\"og:site_name\" content=\"Mexico\" \/>\n<meta name=\"twitter:card\" content=\"summary_large_image\" \/>\n<script type=\"application\/ld+json\" class=\"yoast-schema-graph\">{\"@context\":\"https:\/\/schema.org\",\"@graph\":[{\"@type\":\"WebPage\",\"@id\":\"https:\/\/www.ipsen.com\/mx\/seguridad-del-paciente\/\",\"url\":\"https:\/\/www.ipsen.com\/mx\/seguridad-del-paciente\/\",\"name\":\"Seguridad del paciente - Mexico\",\"isPartOf\":{\"@id\":\"https:\/\/www.ipsen.com\/mx\/#website\"},\"datePublished\":\"2025-06-19T10:50:14+00:00\",\"breadcrumb\":{\"@id\":\"https:\/\/www.ipsen.com\/mx\/seguridad-del-paciente\/#breadcrumb\"},\"inLanguage\":\"es-MX\",\"potentialAction\":[{\"@type\":\"ReadAction\",\"target\":[\"https:\/\/www.ipsen.com\/mx\/seguridad-del-paciente\/\"]}]},{\"@type\":\"BreadcrumbList\",\"@id\":\"https:\/\/www.ipsen.com\/mx\/seguridad-del-paciente\/#breadcrumb\",\"itemListElement\":[{\"@type\":\"ListItem\",\"position\":1,\"name\":\"Home\",\"item\":\"https:\/\/www.ipsen.com\/mx\/\"},{\"@type\":\"ListItem\",\"position\":2,\"name\":\"Seguridad del paciente\"}]},{\"@type\":\"WebSite\",\"@id\":\"https:\/\/www.ipsen.com\/mx\/#website\",\"url\":\"https:\/\/www.ipsen.com\/mx\/\",\"name\":\"Mexico\",\"description\":\"\",\"potentialAction\":[{\"@type\":\"SearchAction\",\"target\":{\"@type\":\"EntryPoint\",\"urlTemplate\":\"https:\/\/www.ipsen.com\/mx\/?s={search_term_string}\"},\"query-input\":{\"@type\":\"PropertyValueSpecification\",\"valueRequired\":true,\"valueName\":\"search_term_string\"}}],\"inLanguage\":\"es-MX\"}]}<\/script>\n<!-- \/ Yoast SEO plugin. -->","yoast_head_json":{"title":"Seguridad del paciente - Mexico","robots":{"index":"index","follow":"follow","max-snippet":"max-snippet:-1","max-image-preview":"max-image-preview:large","max-video-preview":"max-video-preview:-1"},"canonical":"https:\/\/www.ipsen.com\/mx\/seguridad-del-paciente\/","og_locale":"es_MX","og_type":"article","og_title":"Seguridad del paciente - Mexico","og_url":"https:\/\/www.ipsen.com\/mx\/seguridad-del-paciente\/","og_site_name":"Mexico","twitter_card":"summary_large_image","schema":{"@context":"https:\/\/schema.org","@graph":[{"@type":"WebPage","@id":"https:\/\/www.ipsen.com\/mx\/seguridad-del-paciente\/","url":"https:\/\/www.ipsen.com\/mx\/seguridad-del-paciente\/","name":"Seguridad del paciente - Mexico","isPartOf":{"@id":"https:\/\/www.ipsen.com\/mx\/#website"},"datePublished":"2025-06-19T10:50:14+00:00","breadcrumb":{"@id":"https:\/\/www.ipsen.com\/mx\/seguridad-del-paciente\/#breadcrumb"},"inLanguage":"es-MX","potentialAction":[{"@type":"ReadAction","target":["https:\/\/www.ipsen.com\/mx\/seguridad-del-paciente\/"]}]},{"@type":"BreadcrumbList","@id":"https:\/\/www.ipsen.com\/mx\/seguridad-del-paciente\/#breadcrumb","itemListElement":[{"@type":"ListItem","position":1,"name":"Home","item":"https:\/\/www.ipsen.com\/mx\/"},{"@type":"ListItem","position":2,"name":"Seguridad del paciente"}]},{"@type":"WebSite","@id":"https:\/\/www.ipsen.com\/mx\/#website","url":"https:\/\/www.ipsen.com\/mx\/","name":"Mexico","description":"","potentialAction":[{"@type":"SearchAction","target":{"@type":"EntryPoint","urlTemplate":"https:\/\/www.ipsen.com\/mx\/?s={search_term_string}"},"query-input":{"@type":"PropertyValueSpecification","valueRequired":true,"valueName":"search_term_string"}}],"inLanguage":"es-MX"}]}},"parsely":{"version":"1.1.0","canonical_url":"https:\/\/ipsen.com\/mx\/seguridad-del-paciente\/","smart_links":{"inbound":0,"outbound":0},"traffic_boost_suggestions_count":0,"meta":{"@context":"https:\/\/schema.org","@type":"WebPage","headline":"Seguridad del paciente","url":"http:\/\/www.ipsen.com\/mx\/seguridad-del-paciente\/","mainEntityOfPage":{"@type":"WebPage","@id":"http:\/\/www.ipsen.com\/mx\/seguridad-del-paciente\/"},"thumbnailUrl":"","image":{"@type":"ImageObject","url":""},"articleSection":"General","author":[{"@type":"Person","name":"maribel"}],"creator":["maribel"],"publisher":{"@type":"Organization","name":"Mexico","logo":""},"keywords":[],"dateCreated":"2025-06-19T10:50:14Z","datePublished":"2025-06-19T10:50:14Z","dateModified":"2025-06-19T10:50:14Z"},"rendered":"<script type=\"application\/ld+json\" class=\"wp-parsely-metadata\">{\"@context\":\"https:\\\/\\\/schema.org\",\"@type\":\"WebPage\",\"headline\":\"Seguridad del paciente\",\"url\":\"http:\\\/\\\/www.ipsen.com\\\/mx\\\/seguridad-del-paciente\\\/\",\"mainEntityOfPage\":{\"@type\":\"WebPage\",\"@id\":\"http:\\\/\\\/www.ipsen.com\\\/mx\\\/seguridad-del-paciente\\\/\"},\"thumbnailUrl\":\"\",\"image\":{\"@type\":\"ImageObject\",\"url\":\"\"},\"articleSection\":\"General\",\"author\":[{\"@type\":\"Person\",\"name\":\"maribel\"}],\"creator\":[\"maribel\"],\"publisher\":{\"@type\":\"Organization\",\"name\":\"Mexico\",\"logo\":\"\"},\"keywords\":[],\"dateCreated\":\"2025-06-19T10:50:14Z\",\"datePublished\":\"2025-06-19T10:50:14Z\",\"dateModified\":\"2025-06-19T10:50:14Z\"}<\/script>","tracker_url":"https:\/\/cdn.parsely.com\/keys\/ipsen.com\/p.js"},"jetpack_sharing_enabled":true,"_links":{"self":[{"href":"https:\/\/www.ipsen.com\/mx\/wp-json\/wp\/v2\/pages\/2520","targetHints":{"allow":["GET"]}}],"collection":[{"href":"https:\/\/www.ipsen.com\/mx\/wp-json\/wp\/v2\/pages"}],"about":[{"href":"https:\/\/www.ipsen.com\/mx\/wp-json\/wp\/v2\/types\/page"}],"author":[{"embeddable":true,"href":"https:\/\/www.ipsen.com\/mx\/wp-json\/wp\/v2\/users\/32"}],"replies":[{"embeddable":true,"href":"https:\/\/www.ipsen.com\/mx\/wp-json\/wp\/v2\/comments?post=2520"}],"version-history":[{"count":1,"href":"https:\/\/www.ipsen.com\/mx\/wp-json\/wp\/v2\/pages\/2520\/revisions"}],"predecessor-version":[{"id":2634,"href":"https:\/\/www.ipsen.com\/mx\/wp-json\/wp\/v2\/pages\/2520\/revisions\/2634"}],"wp:attachment":[{"href":"https:\/\/www.ipsen.com\/mx\/wp-json\/wp\/v2\/media?parent=2520"}],"curies":[{"name":"wp","href":"https:\/\/api.w.org\/{rel}","templated":true}]}}