{"id":2518,"date":"2025-06-19T12:50:14","date_gmt":"2025-06-19T10:50:14","guid":{"rendered":"https:\/\/www.ipsen.com\/mx\/responsabilidad-social-corporativa\/pacientes\/"},"modified":"2025-06-19T12:50:14","modified_gmt":"2025-06-19T10:50:14","slug":"pacientes","status":"publish","type":"page","link":"https:\/\/www.ipsen.com\/mx\/responsabilidad-social-corporativa\/pacientes\/","title":{"rendered":"Organizaciones de la Sociedad Civil"},"content":{"rendered":"    <section class=\"sub-page-banner bg-img-enabled  banner-no-filter\" style=\"background-image:url(https:\/\/www.ipsen.com\/mx\/wp-content\/uploads\/sites\/4\/2023\/11\/Module-1_Subpage-Patients-Responsibility_Banner_1920x280pix.jpeg)\">\n                <div class=\"container content-sec\">\n            <nav aria-label=\"breadcrumb\">\n            <ol class=\"breadcrumb\">\n                <li class=\"breadcrumb-item\"><a href=\"https:\/\/www.ipsen.com\/mx\">Inicio<\/a><\/li><li class=\"breadcrumb-item visible\"><a href=\"https:\/\/www.ipsen.com\/mx\/responsabilidad-social-corporativa\/\">Responsabilidad social<\/a><\/li><li class=\"breadcrumb-item active\"><a class=\"link-pointer-events-none\" href=\"#\" aria-current=\"page\">Organizaciones de la Sociedad Civil<\/a><\/li><\/ol>\n            <\/nav>            <h1 class=\"visible banner-font-color-white\">Organizaciones de la Sociedad Civil<\/h1>\n            <p class=\"hidden banner-font-color-white\"><\/p>\n        <\/div>\n    <\/section>\n\n\n\n\t<!-- Hero Carousel Start Here-->\n\t<section class=\"hero-section banner-filter\">\n\t\t<div class=\"hero_gridwidth container\"><!-- container class shown if gridlayout choosen -->\n\t\t\t<div id=\"heroCarousel\" class=\"carousel slide herocaro hero-banner-no-bg-image\" data-bs-ride=\"carousel\" data-enableplaybtn=\"1\" data-autoplay= \"\"  data-autospeed= \"\" >\n\t\t\t\t<!-- Slider Indicator-->\n\t\t\t\t<div class=\"carousel-indicators hidden\">\n\t\t\t\t<button type=\"button\" data-bs-target=\"#heroCarousel\" data-bs-slide-to=\"0\" class=\"active\" aria-current=\"true\" aria-label=\"Slide 0\"><\/button>\t\t\t\t<\/div>\n\t\t\t\t<!-- Items -->\n\t\t\t\t<div class=\"carousel-inner\">\n\t\t\t\t\t\t\n\t\t\t\t\t\t<!-- Hero Banner with carousel HTML -->\n\t\t\t\t\t\t<div class=\"carousel-item active banner-no-filter\">\n\n\t\t\t\t\t\t\t\t\t\t\t\t\t\t\t<img decoding=\"async\" class=\"bd-placeholder-img visible\" alt=\"\" width=\"100%\" height=\"100%\" src=\"https:\/\/www.ipsen.com\/mx\/wp-content\/uploads\/sites\/4\/2023\/11\/Module-2hero-image_Janaine-Brazil-img-06-none.png\" \/> \n\t\t\t\t\t\t\t\n\t\t\t\t\t\t\t\t\n\n\t\t\t\t\t\t\t<div class=\"container align-left\">\n\t\t\t\t\t\t\t\t<div class=\"carousel-caption\">\n\t\t\t\t\t\t\t\t\t<h1 class=\"visible text-start heading-one banner-font-color-blue\">\n\t\t\t\t\t\t\t\t\t\tTrabajamos con Organizaciones de la Sociedad Civil que representan a las comunidades de pacientes\t\t\t\t\t\t\t\t\t<\/h1>\n\t\t\t\t\t\t\t\t\t<div class=\"hidden text-start banner-font-color-blue\"><\/div>\n\t\t\t\t\t\t\t\t\t\n\t\t\t\t\t\t\t\t\t\t\t\t\t\t\t\t\t\t\n\t\t\t\t\t\t\t\t<\/div>\n\t\t\t\t\t\t\t<\/div>\n\t\t\t\t\t\t<\/div>\n\n\t\t\t\t\t\t\t\t\t<\/div>\n\t\t\t\t\n\t\t\t\t\t\t\t\t\t<div id=\"carouselButtons\" class=\"hidden visible\">\n\t\t\t\t\t\t<button id=\"playButton\" class=\"hidden\" aria-label=\"Siguiente diapositiva\" type=\"button\"><\/button>\n\t\t\t\t\t\t<button id=\"pauseButton\" aria-label=\"Siguiente diapositiva\" type=\"button\"><\/button>\n\t\t\t\t\t<\/div>\n\t\t\t\t\n\t\t\t<\/div>\n\t\t<\/div>\n\t<\/section>\n\t<!-- Hero Carousel End Here-->\n  \n\n<!-- Text & Media Block Code -->\n<section class=\"two-col-section text-media-section\">\n    <div class=\"container two-section-innner \">\n        <div class=\"response-inner\" style=\"background-image: url('')\">\n            <div class=\"row \">\n                <div class=\"col-xs-12 col-sm-12 col-md-6\">\n                                                    <div class=\"img-video-section\">\n                                <img decoding=\"async\" \n                                    src=\"https:\/\/www.ipsen.com\/mx\/wp-content\/uploads\/sites\/4\/2023\/11\/Module-6Patients_Generation-Ipsen-Patients-1-1.jpg\" \n                                    alt=\"\" \n                                >\n                            <\/div>\n                                        <\/div>\n                <div class=\" col-xs-12 col-sm-12 col-md-6\">\n                    <div class=\"section-content\">\n                        <div class=\"heading-dash\">\n                                                    <\/div>\n                                                    <p class=\"section-head-two heading-para\" role=\"heading\" aria-level=\"3\">\n                                    Tenemos un impacto positivo en la vida de los pacientes                                <\/p>\n                                                <p>Centrados en oncolog\u00eda, enfermedades raras y neurociencias, desarrollamos una comprensi\u00f3n cada vez mayor de las necesidades y experiencias en estos campos. Buscamos llevar el enfoque centrado en el paciente a un nivel que garantice mejores resultados y atenci\u00f3n m\u00e9dica de calidad. Trabajamos para comprender profundamente el camino de aquellos afectados por necesidades m\u00e9dicas no satisfechas, considerando conocimientos esenciales para desafiar el<em> status quo.<\/em> Creemos que la colaboraci\u00f3n con sistemas de atenci\u00f3n m\u00e9dica puede generar avances significativos a nivel global.<\/p>\n<p>Nuestra acci\u00f3n para apoyar se centra en tres \u00e1reas:<\/p>\n<p>1. Ofrecer una experiencia verdaderamente centrada en el paciente.<br \/>\n2. Facilitar el acceso a una buena salud.<br \/>\n3. Impulsar la innovaci\u00f3n en beneficio de la comunidad afectada.<\/p>\n                            <a \n                            aria-label=\" about \"  \n                                role=\"link\" \n                                class=\"btn-link hidden\"\n                                href=\"\" \n                                target=\"_self\"\n                            > \n                                 \n                            <\/a>\n\n                    <\/div>\n                <\/div>\n            <\/div>\n        <\/div>\n    <\/div>\n<\/section>\n\n\t<!-- Ipsen Quotes Start -->\n\t<section class=\"quotes-section\" aria-label=\"quotes-section\">\n\t\t<div class=\"container\">\n\t\t\t\t\t\t<div class=\"quote-sec-inner\"    >\n\t\t\t\t\t<div class=\"row\">\n\t\t\t\t\t\t\t\t\t\t\t\t<div class=\"column-1 col-xl-4 col-md-6 col-xs-12 \">\n\t\t\t\t\t\t\t\t\t\t\t\t\t\t\t\t\t\t<div class=\"quote-img\">\n\t\t\t\t\t\t\t\t\t\t\t<img \n\t\t\t\t\t\t\t\t\t\t\t\tsrc=\"https:\/\/www.ipsen.com\/mx\/wp-content\/uploads\/sites\/4\/2024\/11\/Salndra-SILVESTRI_Quote_446x360pix-1.png\" \n\t\t\t\t\t\t\t\t\t\t\t\talt=\"Sandra Silvestri, M.D., Ph.D.\"\n\t\t\t\t\t\t\t\t\t\t\t>\n\t\t\t\t\t\t\t\t\t\t<\/div>\n\t\t\t\t\t\t\t\t\t\t\t\t\t\t\t<\/div>\n\t\t\t\t\t\t\t<div class=\"column-2 col-xl-8 col-md-6 col-xs-12 \">\n\t\t\t\t\t\t\t\t<div class=\"quote-content\">\n\t\t\t\t\t\t\t\t\t<div class=\"quote-para \">\n\t\t\t\t\t\t\t\t\t\t<p class=\"para\">\n\t\t\t\t\t\t\t\t\t\t\t<p>&#8220;En Ipsen, toda gira en torno a las personas. Sus experiencias, conocimientos y pasi\u00f3n son la fuerza impulsora que nos mantiene enfocados en lo m\u00e1s esencial: generar cambios positivos que puedan contribuir a que individuos de todo el mundo vivan vidas m\u00e1s largas y plenas&#8221;.<\/p>\n\t\t\t\t\t\t\t\t\t\t<\/p>\n\t\t\t\t\t\t\t\t\t<\/div>\n\t\t\t\t\t\t\t\t\t<div class=\"quote-sign-div\">\n\t\t\t\t\t\t\t\t\t\t<div class=\"quote-author-div\">\n\t\t\t\t\t\t\t\t\t\t\t<div class=\"quote-dash-div\">\n\t\t\t\t\t\t\t\t\t\t\t\t<span class=\"quote-dash\">\n\n\t\t\t\t\t\t\t\t\t\t\t\t<\/span>\n\t\t\t\t\t\t\t\t\t\t\t\t\t\t\t\t\t\t\t\t\t\t\t\t\t\t\t\t<p class=\"quote-author primary-blue\">\n\t\t\t\t\t\t\t\t\t\t\t\t\t\t\t\tSandra Silvestri, M.D., Ph.D.\t\t\t\t\t\t\t\t\t\t\t\t\t\t\t<\/p>\t\n\t\t\t\t\t\t\t\t\t\t\t\t\t\t\t\t\t\t\t\t\t\t<\/div>\n\t\t\t\t\t\t\t\t\t\t\t\t\t\t\t\t\t\t\t\t\t\t\t<p class=\"quote-author-role\">\n\t\t\t\t\t\t\t\t\t\t\t\t\tVicepresidenta Ejecutiva, Directora M\u00e9dica, Jefa de Asuntos M\u00e9dicos, Seguridad y Asuntos del Paciente\t\t\t\t\t\t\t\t\t\t\t\t<\/p> \n\t\t\t\t\t\t\t\t\t\t\t\t\t\t\t\t\t\t\t\t\t<\/div>\n\t\t\t\t\t\t\t\t\t<\/div>\n\t\t\t\t\t\t\t\t<\/div>\n\t\t\t\t\t\t\t<\/div>\n\t\t\t\t\t\t\t\t\t<\/div>\n\t\t\t<\/div>\n\t\t\t<\/div>\n<\/section>\n<!-- Ipsen Quotes End -->\n\n\n\n<!--Regular card with carousel -->\n<section class=\"p-slider  bg-color-enabled \" style=\"background-color:#6EC4FF\" >\n      <div class=\"slider-heading-container\">\n          <h3 role=\"heading\" aria-level=\"2\" class=\"slider-title visible heading-three\">Mejores historias de colaboraci\u00f3n con Organizaciones de la Sociedad Civil <\/h3>\n          <p class=\"charcoal-grey visible\"><\/p>\n      <\/div>\n                <!-- glider insert -->\n          <div class=\"glider-contain multiple\">\n                          <div class=\"glider-product\">\n                          <\/div>\n          <\/div>\n\n     \n      <div class=\"cta-block visible\">\n                      <a title=\"M\u00e1s informaci\u00f3n\" aria-label=\"\" href=\"https:\/\/www.ipsen.com\/patients\/\" target=\"_blank\">\n                  <button class=\"regular-cta-btn btn-link section-btn cta-visible visible cta-visible\">\n                      M\u00e1s informaci\u00f3n                  <\/button>\n              <\/a>\n                <\/div>\n  <\/section>\n","protected":false},"excerpt":{"rendered":"","protected":false},"author":3,"featured_media":0,"parent":2510,"menu_order":0,"comment_status":"closed","ping_status":"closed","template":"","meta":{"_acf_changed":false,"footnotes":""},"class_list":["post-2518","page","type-page","status-publish","hentry","entry"],"acf":[],"yoast_head":"<!-- This site is optimized with the Yoast SEO plugin v26.8 - https:\/\/yoast.com\/product\/yoast-seo-wordpress\/ -->\n<title>Ipsen pone a los pacientes en el centro de todas sus actividades<\/title>\n<meta name=\"description\" content=\"Ipsen mejora la calidad de vida de pacientes en oncolog\u00eda, enfermedades raras y neurociencia #IpsenCares #Salud #CalidadDeVida\" \/>\n<meta name=\"robots\" content=\"index, follow, max-snippet:-1, max-image-preview:large, max-video-preview:-1\" \/>\n<link rel=\"canonical\" href=\"https:\/\/www.ipsen.com\/mx\/responsabilidad-social-corporativa\/pacientes\/\" \/>\n<meta property=\"og:locale\" content=\"es_MX\" \/>\n<meta property=\"og:type\" content=\"article\" \/>\n<meta property=\"og:title\" content=\"Ipsen pone a los pacientes en el centro de todas sus actividades\" \/>\n<meta property=\"og:description\" content=\"Ipsen mejora la calidad de vida de pacientes en oncolog\u00eda, enfermedades raras y neurociencia #IpsenCares #Salud #CalidadDeVida\" \/>\n<meta property=\"og:url\" content=\"https:\/\/www.ipsen.com\/mx\/responsabilidad-social-corporativa\/pacientes\/\" \/>\n<meta property=\"og:site_name\" content=\"Mexico\" \/>\n<meta name=\"twitter:card\" content=\"summary_large_image\" \/>\n<script type=\"application\/ld+json\" class=\"yoast-schema-graph\">{\"@context\":\"https:\/\/schema.org\",\"@graph\":[{\"@type\":\"WebPage\",\"@id\":\"https:\/\/www.ipsen.com\/mx\/responsabilidad-social-corporativa\/pacientes\/\",\"url\":\"https:\/\/www.ipsen.com\/mx\/responsabilidad-social-corporativa\/pacientes\/\",\"name\":\"Ipsen pone a los pacientes en el centro de todas sus actividades\",\"isPartOf\":{\"@id\":\"https:\/\/www.ipsen.com\/mx\/#website\"},\"datePublished\":\"2025-06-19T10:50:14+00:00\",\"description\":\"Ipsen mejora la calidad de vida de pacientes en oncolog\u00eda, enfermedades raras y neurociencia #IpsenCares #Salud #CalidadDeVida\",\"breadcrumb\":{\"@id\":\"https:\/\/www.ipsen.com\/mx\/responsabilidad-social-corporativa\/pacientes\/#breadcrumb\"},\"inLanguage\":\"es-MX\",\"potentialAction\":[{\"@type\":\"ReadAction\",\"target\":[\"https:\/\/www.ipsen.com\/mx\/responsabilidad-social-corporativa\/pacientes\/\"]}]},{\"@type\":\"BreadcrumbList\",\"@id\":\"https:\/\/www.ipsen.com\/mx\/responsabilidad-social-corporativa\/pacientes\/#breadcrumb\",\"itemListElement\":[{\"@type\":\"ListItem\",\"position\":1,\"name\":\"Home\",\"item\":\"https:\/\/www.ipsen.com\/mx\/\"},{\"@type\":\"ListItem\",\"position\":2,\"name\":\"Responsabilidad social\",\"item\":\"https:\/\/www.ipsen.com\/mx\/responsabilidad-social-corporativa\/\"},{\"@type\":\"ListItem\",\"position\":3,\"name\":\"Organizaciones de la Sociedad Civil\"}]},{\"@type\":\"WebSite\",\"@id\":\"https:\/\/www.ipsen.com\/mx\/#website\",\"url\":\"https:\/\/www.ipsen.com\/mx\/\",\"name\":\"Mexico\",\"description\":\"\",\"potentialAction\":[{\"@type\":\"SearchAction\",\"target\":{\"@type\":\"EntryPoint\",\"urlTemplate\":\"https:\/\/www.ipsen.com\/mx\/?s={search_term_string}\"},\"query-input\":{\"@type\":\"PropertyValueSpecification\",\"valueRequired\":true,\"valueName\":\"search_term_string\"}}],\"inLanguage\":\"es-MX\"}]}<\/script>\n<!-- \/ Yoast SEO plugin. -->","yoast_head_json":{"title":"Ipsen pone a los pacientes en el centro de todas sus actividades","description":"Ipsen mejora la calidad de vida de pacientes en oncolog\u00eda, enfermedades raras y neurociencia #IpsenCares #Salud #CalidadDeVida","robots":{"index":"index","follow":"follow","max-snippet":"max-snippet:-1","max-image-preview":"max-image-preview:large","max-video-preview":"max-video-preview:-1"},"canonical":"https:\/\/www.ipsen.com\/mx\/responsabilidad-social-corporativa\/pacientes\/","og_locale":"es_MX","og_type":"article","og_title":"Ipsen pone a los pacientes en el centro de todas sus actividades","og_description":"Ipsen mejora la calidad de vida de pacientes en oncolog\u00eda, enfermedades raras y neurociencia #IpsenCares #Salud #CalidadDeVida","og_url":"https:\/\/www.ipsen.com\/mx\/responsabilidad-social-corporativa\/pacientes\/","og_site_name":"Mexico","twitter_card":"summary_large_image","schema":{"@context":"https:\/\/schema.org","@graph":[{"@type":"WebPage","@id":"https:\/\/www.ipsen.com\/mx\/responsabilidad-social-corporativa\/pacientes\/","url":"https:\/\/www.ipsen.com\/mx\/responsabilidad-social-corporativa\/pacientes\/","name":"Ipsen pone a los pacientes en el centro de todas sus actividades","isPartOf":{"@id":"https:\/\/www.ipsen.com\/mx\/#website"},"datePublished":"2025-06-19T10:50:14+00:00","description":"Ipsen mejora la calidad de vida de pacientes en oncolog\u00eda, enfermedades raras y neurociencia #IpsenCares #Salud #CalidadDeVida","breadcrumb":{"@id":"https:\/\/www.ipsen.com\/mx\/responsabilidad-social-corporativa\/pacientes\/#breadcrumb"},"inLanguage":"es-MX","potentialAction":[{"@type":"ReadAction","target":["https:\/\/www.ipsen.com\/mx\/responsabilidad-social-corporativa\/pacientes\/"]}]},{"@type":"BreadcrumbList","@id":"https:\/\/www.ipsen.com\/mx\/responsabilidad-social-corporativa\/pacientes\/#breadcrumb","itemListElement":[{"@type":"ListItem","position":1,"name":"Home","item":"https:\/\/www.ipsen.com\/mx\/"},{"@type":"ListItem","position":2,"name":"Responsabilidad social","item":"https:\/\/www.ipsen.com\/mx\/responsabilidad-social-corporativa\/"},{"@type":"ListItem","position":3,"name":"Organizaciones de la Sociedad Civil"}]},{"@type":"WebSite","@id":"https:\/\/www.ipsen.com\/mx\/#website","url":"https:\/\/www.ipsen.com\/mx\/","name":"Mexico","description":"","potentialAction":[{"@type":"SearchAction","target":{"@type":"EntryPoint","urlTemplate":"https:\/\/www.ipsen.com\/mx\/?s={search_term_string}"},"query-input":{"@type":"PropertyValueSpecification","valueRequired":true,"valueName":"search_term_string"}}],"inLanguage":"es-MX"}]}},"parsely":{"version":"1.1.0","canonical_url":"https:\/\/ipsen.com\/mx\/responsabilidad-social-corporativa\/pacientes\/","smart_links":{"inbound":0,"outbound":0},"traffic_boost_suggestions_count":0,"meta":{"@context":"https:\/\/schema.org","@type":"WebPage","headline":"Organizaciones de la Sociedad Civil","url":"http:\/\/www.ipsen.com\/mx\/responsabilidad-social-corporativa\/pacientes\/","mainEntityOfPage":{"@type":"WebPage","@id":"http:\/\/www.ipsen.com\/mx\/responsabilidad-social-corporativa\/pacientes\/"},"thumbnailUrl":"","image":{"@type":"ImageObject","url":""},"articleSection":"General","author":[{"@type":"Person","name":"Dipika"}],"creator":["Dipika"],"publisher":{"@type":"Organization","name":"Mexico","logo":""},"keywords":[],"dateCreated":"2025-06-19T10:50:14Z","datePublished":"2025-06-19T10:50:14Z","dateModified":"2025-06-19T10:50:14Z"},"rendered":"<script type=\"application\/ld+json\" class=\"wp-parsely-metadata\">{\"@context\":\"https:\\\/\\\/schema.org\",\"@type\":\"WebPage\",\"headline\":\"Organizaciones de la Sociedad Civil\",\"url\":\"http:\\\/\\\/www.ipsen.com\\\/mx\\\/responsabilidad-social-corporativa\\\/pacientes\\\/\",\"mainEntityOfPage\":{\"@type\":\"WebPage\",\"@id\":\"http:\\\/\\\/www.ipsen.com\\\/mx\\\/responsabilidad-social-corporativa\\\/pacientes\\\/\"},\"thumbnailUrl\":\"\",\"image\":{\"@type\":\"ImageObject\",\"url\":\"\"},\"articleSection\":\"General\",\"author\":[{\"@type\":\"Person\",\"name\":\"Dipika\"}],\"creator\":[\"Dipika\"],\"publisher\":{\"@type\":\"Organization\",\"name\":\"Mexico\",\"logo\":\"\"},\"keywords\":[],\"dateCreated\":\"2025-06-19T10:50:14Z\",\"datePublished\":\"2025-06-19T10:50:14Z\",\"dateModified\":\"2025-06-19T10:50:14Z\"}<\/script>","tracker_url":"https:\/\/cdn.parsely.com\/keys\/ipsen.com\/p.js"},"jetpack_sharing_enabled":true,"_links":{"self":[{"href":"https:\/\/www.ipsen.com\/mx\/wp-json\/wp\/v2\/pages\/2518","targetHints":{"allow":["GET"]}}],"collection":[{"href":"https:\/\/www.ipsen.com\/mx\/wp-json\/wp\/v2\/pages"}],"about":[{"href":"https:\/\/www.ipsen.com\/mx\/wp-json\/wp\/v2\/types\/page"}],"author":[{"embeddable":true,"href":"https:\/\/www.ipsen.com\/mx\/wp-json\/wp\/v2\/users\/3"}],"replies":[{"embeddable":true,"href":"https:\/\/www.ipsen.com\/mx\/wp-json\/wp\/v2\/comments?post=2518"}],"version-history":[{"count":1,"href":"https:\/\/www.ipsen.com\/mx\/wp-json\/wp\/v2\/pages\/2518\/revisions"}],"predecessor-version":[{"id":2589,"href":"https:\/\/www.ipsen.com\/mx\/wp-json\/wp\/v2\/pages\/2518\/revisions\/2589"}],"up":[{"embeddable":true,"href":"https:\/\/www.ipsen.com\/mx\/wp-json\/wp\/v2\/pages\/2510"}],"wp:attachment":[{"href":"https:\/\/www.ipsen.com\/mx\/wp-json\/wp\/v2\/media?parent=2518"}],"curies":[{"name":"wp","href":"https:\/\/api.w.org\/{rel}","templated":true}]}}