{"id":2507,"date":"2023-10-25T09:54:53","date_gmt":"2023-10-25T07:54:53","guid":{"rendered":"https:\/\/www.ipsen.com\/mx\/politica-de-cookies\/"},"modified":"2025-06-19T12:49:34","modified_gmt":"2025-06-19T10:49:34","slug":"politica-de-cookies","status":"publish","type":"page","link":"https:\/\/www.ipsen.com\/mx\/politica-de-cookies\/","title":{"rendered":"Pol\u00edtica de Cookies"},"content":{"rendered":"    <section class=\"sub-page-banner bg-color-enabled  banner-no-filter\" style=\"background: linear-gradient(93.64deg, #224A81 2.99%, #2797D3 97.01%)\">\n                <div class=\"container content-sec\">\n            <nav aria-label=\"breadcrumb\">\n            <ol class=\"breadcrumb\">\n                <li class=\"breadcrumb-item\"><a href=\"https:\/\/www.ipsen.com\/mx\">Inicio<\/a><\/li><li class=\"breadcrumb-item active\"><a class=\"link-pointer-events-none\" href=\"#\" aria-current=\"page\">Pol\u00edtica de Cookies<\/a><\/li><\/ol>\n            <\/nav>            <h1 class=\"visible banner-font-color-white\">Pol\u00edtica de Cookies<\/h1>\n            <p class=\"hidden banner-font-color-white\"><\/p>\n        <\/div>\n    <\/section>\n\n\n\n\n<div class=\"wp-block-columns is-layout-flex wp-container-core-columns-is-layout-9d6595d7 wp-block-columns-is-layout-flex\">\n<div class=\"wp-block-column is-layout-flow wp-block-column-is-layout-flow\">\n<p>El sitio web www.ipsen.com.mx ejecuta an\u00e1lisis an\u00f3nimos, como las Cookies generadas por Google Analytics. Las Cookies son peque\u00f1os ficheros de archivos que se descargan en su ordenador, smartphone o dispositivo de otro tipo quedando almacenadas en el disco duro del dispositivo sin que ello suponga ning\u00fan riesgo para el mismo.<\/p>\n\n\n\n<p>El usuario del Sito Web (el \u201cUsuario\u201d) al entrar en el Sitio Web, acepta el uso de Cookies por parte de Ipsen M\u00e9xico, S. de R.L de C.V., Ipsen Pharma o empresas del Grupo IPSEN (\u201cIpsen\u201d), que controla los datos relativos a las Cookies descargadas en su dispositivo. Las Cookies nos permiten recoger autom\u00e1ticamente cierta informaci\u00f3n sobre los Usuarios que usan el Sitio Web, como:<\/p>\n\n\n\n<p>1. La direcci\u00f3n IP del Usuario (esta direcci\u00f3n da acceso a internet y es asignada al dispositivo del usuario por el proveedor del servicio de internet; esta informaci\u00f3n, que cambia con cada sesi\u00f3n del Usuario, no permite identificar a la persona).<\/p>\n\n\n\n<p>2. La fecha y la hora en que el Usuario ha visitado el Sitio Web.<\/p>\n\n\n\n<p>3. El sistema operativo y el navegador que usa el Usuario.<\/p>\n\n\n\n<p>4. C\u00f3mo ha accedido al Sitio Web el Usuario.<\/p>\n\n\n\n<p>El Sitio Web emplea dos tipos de cookies:<\/p>\n\n\n\n<p>1. Cookies estrictamente necesarias: son Cookies esenciales para permitir la navegaci\u00f3n por el Sitio Web y el uso de sus caracter\u00edsticas.<\/p>\n\n\n\n<p>2. Cookies de an\u00e1lisis: estas Cookies recogen informaci\u00f3n anal\u00edtica acerca del uso que hacen los visitantes del Sitio Web.<\/p>\n\n\n\n<p>Ninguna de estas Cookies recoge informaci\u00f3n que permita la identificaci\u00f3n del Usuario. Toda la informaci\u00f3n que recogen se agrega y, en consecuencia, es an\u00f3nima. Por lo tanto, Ipsen recoge datos an\u00f3nimos (o informaci\u00f3n an\u00f3nima) en el Sitio Web, como las p\u00e1ginas que visita el Usuario o las b\u00fasquedas que lleva a cabo. Se trata de datos an\u00f3nimos que no permiten la identificaci\u00f3n personal del Usuario del Sitio Web.<\/p>\n\n\n\n<p>Ipsen utiliza esta informaci\u00f3n an\u00f3nima para mejorar el contenido del Sitio Web y para obtener estad\u00edsticas globales sobre el uso del Sitio Web. Estas estad\u00edsticas pueden ser elaboradas por terceros, que tienen una obligaci\u00f3n de confidencialidad. Ipsen conservar\u00e1 los datos personales recogidos de los Usuario de conformidad con el correspondiente aviso de privacidad (el identificador de cookies) durante trece meses.<\/p>\n\n\n\n<p>Al entrar en este Sitio Web usted puede:<\/p>\n\n\n\n<p>1. Aceptar el uso de Cookies;<\/p>\n\n\n\n<p>2. Rechazar el uso de Cookies; o <\/p>\n\n\n\n<p>3. Configurar sus preferencias.<\/p>\n\n\n\n<p>Con la mayor\u00eda de los exploradores para Internet, el Usuario puede borrar las Cookies del disco r\u00edgido de su computadora o dispositivo, bloquear todas las Cookies o recibir un mensaje de alerta antes de que se almacene una Cookie. Por favor, consulte las instrucciones de su explorador para conocer m\u00e1s sobre estas funciones.<\/p>\n\n\n\n<p><\/p>\n<\/div>\n<\/div>\n\n\n\n<!--Alert Card Layout Start Here-->\n<section class=\"alertcard-section\">\n      <div class=\"container\">\n        <!--Alert Box HTML Start Here-->\n        <div class=\"alert-box general-box\">\n                    <div class=\"info-icon\">\n              <span class=\"info-circle\"><img decoding=\"async\" src=\"https:\/\/www.ipsen.com\/mx\/wp-content\/themes\/ipsen-main\/dist\/images\/alert-info-icon.png\" alt=\"Alert\"\/><\/i>\n            <\/div>\n                    <div class=\"info-contents\">\n          <h4 role=\"heading\" aria-level=\"2\" class=\"info-head heading-four heading-four\"><\/h4>\n            <p class=\"info-sub-head-para hidden heading-para\"><\/p>\n            <div class=\"alert-content visible\"><p>\u00daltima actualizaci\u00f3n: junio, 2022<\/p>\n<\/div>\n          <\/div>\n        <\/div>\n        <!--Alert Box HTML Start Here-->\n      <\/div>\n    <\/section>\n<!--Alert Card Layout End Here-->\n","protected":false},"excerpt":{"rendered":"","protected":false},"author":2,"featured_media":0,"parent":0,"menu_order":0,"comment_status":"closed","ping_status":"closed","template":"","meta":{"_acf_changed":false,"footnotes":""},"class_list":["post-2507","page","type-page","status-publish","hentry","entry"],"acf":[],"yoast_head":"<!-- This site is optimized with the Yoast SEO plugin v26.8 - https:\/\/yoast.com\/product\/yoast-seo-wordpress\/ -->\n<title>Pol\u00edtica de cookies<\/title>\n<meta name=\"description\" content=\"Nuestra la pol\u00edtica de cookies mejorar tu experiencia como usuario y te proporciona la tranquilidad de una gesti\u00f3n transparente y respetuosa de la privacidad\" \/>\n<meta name=\"robots\" content=\"index, follow, max-snippet:-1, max-image-preview:large, max-video-preview:-1\" \/>\n<link rel=\"canonical\" href=\"https:\/\/www.ipsen.com\/mx\/politica-de-cookies\/\" \/>\n<meta property=\"og:locale\" content=\"es_MX\" \/>\n<meta property=\"og:type\" content=\"article\" \/>\n<meta property=\"og:title\" content=\"Pol\u00edtica de cookies\" \/>\n<meta property=\"og:description\" content=\"Nuestra la pol\u00edtica de cookies mejorar tu experiencia como usuario y te proporciona la tranquilidad de una gesti\u00f3n transparente y respetuosa de la privacidad\" \/>\n<meta property=\"og:url\" content=\"https:\/\/www.ipsen.com\/mx\/politica-de-cookies\/\" \/>\n<meta property=\"og:site_name\" content=\"Mexico\" \/>\n<meta property=\"article:modified_time\" content=\"2025-06-19T10:49:34+00:00\" \/>\n<meta name=\"twitter:card\" content=\"summary_large_image\" \/>\n<meta name=\"twitter:label1\" content=\"Est. reading time\" \/>\n\t<meta name=\"twitter:data1\" content=\"2 minutes\" \/>\n<script type=\"application\/ld+json\" class=\"yoast-schema-graph\">{\"@context\":\"https:\/\/schema.org\",\"@graph\":[{\"@type\":\"WebPage\",\"@id\":\"https:\/\/www.ipsen.com\/mx\/politica-de-cookies\/\",\"url\":\"https:\/\/www.ipsen.com\/mx\/politica-de-cookies\/\",\"name\":\"Pol\u00edtica de cookies\",\"isPartOf\":{\"@id\":\"https:\/\/www.ipsen.com\/mx\/#website\"},\"datePublished\":\"2023-10-25T07:54:53+00:00\",\"dateModified\":\"2025-06-19T10:49:34+00:00\",\"description\":\"Nuestra la pol\u00edtica de cookies mejorar tu experiencia como usuario y te proporciona la tranquilidad de una gesti\u00f3n transparente y respetuosa de la privacidad\",\"breadcrumb\":{\"@id\":\"https:\/\/www.ipsen.com\/mx\/politica-de-cookies\/#breadcrumb\"},\"inLanguage\":\"es-MX\",\"potentialAction\":[{\"@type\":\"ReadAction\",\"target\":[\"https:\/\/www.ipsen.com\/mx\/politica-de-cookies\/\"]}]},{\"@type\":\"BreadcrumbList\",\"@id\":\"https:\/\/www.ipsen.com\/mx\/politica-de-cookies\/#breadcrumb\",\"itemListElement\":[{\"@type\":\"ListItem\",\"position\":1,\"name\":\"Home\",\"item\":\"https:\/\/www.ipsen.com\/mx\/\"},{\"@type\":\"ListItem\",\"position\":2,\"name\":\"Pol\u00edtica de Cookies\"}]},{\"@type\":\"WebSite\",\"@id\":\"https:\/\/www.ipsen.com\/mx\/#website\",\"url\":\"https:\/\/www.ipsen.com\/mx\/\",\"name\":\"Mexico\",\"description\":\"\",\"potentialAction\":[{\"@type\":\"SearchAction\",\"target\":{\"@type\":\"EntryPoint\",\"urlTemplate\":\"https:\/\/www.ipsen.com\/mx\/?s={search_term_string}\"},\"query-input\":{\"@type\":\"PropertyValueSpecification\",\"valueRequired\":true,\"valueName\":\"search_term_string\"}}],\"inLanguage\":\"es-MX\"}]}<\/script>\n<!-- \/ Yoast SEO plugin. -->","yoast_head_json":{"title":"Pol\u00edtica de cookies","description":"Nuestra la pol\u00edtica de cookies mejorar tu experiencia como usuario y te proporciona la tranquilidad de una gesti\u00f3n transparente y respetuosa de la privacidad","robots":{"index":"index","follow":"follow","max-snippet":"max-snippet:-1","max-image-preview":"max-image-preview:large","max-video-preview":"max-video-preview:-1"},"canonical":"https:\/\/www.ipsen.com\/mx\/politica-de-cookies\/","og_locale":"es_MX","og_type":"article","og_title":"Pol\u00edtica de cookies","og_description":"Nuestra la pol\u00edtica de cookies mejorar tu experiencia como usuario y te proporciona la tranquilidad de una gesti\u00f3n transparente y respetuosa de la privacidad","og_url":"https:\/\/www.ipsen.com\/mx\/politica-de-cookies\/","og_site_name":"Mexico","article_modified_time":"2025-06-19T10:49:34+00:00","twitter_card":"summary_large_image","twitter_misc":{"Est. reading time":"2 minutes"},"schema":{"@context":"https:\/\/schema.org","@graph":[{"@type":"WebPage","@id":"https:\/\/www.ipsen.com\/mx\/politica-de-cookies\/","url":"https:\/\/www.ipsen.com\/mx\/politica-de-cookies\/","name":"Pol\u00edtica de cookies","isPartOf":{"@id":"https:\/\/www.ipsen.com\/mx\/#website"},"datePublished":"2023-10-25T07:54:53+00:00","dateModified":"2025-06-19T10:49:34+00:00","description":"Nuestra la pol\u00edtica de cookies mejorar tu experiencia como usuario y te proporciona la tranquilidad de una gesti\u00f3n transparente y respetuosa de la privacidad","breadcrumb":{"@id":"https:\/\/www.ipsen.com\/mx\/politica-de-cookies\/#breadcrumb"},"inLanguage":"es-MX","potentialAction":[{"@type":"ReadAction","target":["https:\/\/www.ipsen.com\/mx\/politica-de-cookies\/"]}]},{"@type":"BreadcrumbList","@id":"https:\/\/www.ipsen.com\/mx\/politica-de-cookies\/#breadcrumb","itemListElement":[{"@type":"ListItem","position":1,"name":"Home","item":"https:\/\/www.ipsen.com\/mx\/"},{"@type":"ListItem","position":2,"name":"Pol\u00edtica de Cookies"}]},{"@type":"WebSite","@id":"https:\/\/www.ipsen.com\/mx\/#website","url":"https:\/\/www.ipsen.com\/mx\/","name":"Mexico","description":"","potentialAction":[{"@type":"SearchAction","target":{"@type":"EntryPoint","urlTemplate":"https:\/\/www.ipsen.com\/mx\/?s={search_term_string}"},"query-input":{"@type":"PropertyValueSpecification","valueRequired":true,"valueName":"search_term_string"}}],"inLanguage":"es-MX"}]}},"parsely":{"version":"1.1.0","canonical_url":"https:\/\/ipsen.com\/mx\/politica-de-cookies\/","smart_links":{"inbound":0,"outbound":0},"traffic_boost_suggestions_count":0,"meta":{"@context":"https:\/\/schema.org","@type":"WebPage","headline":"Pol\u00edtica de Cookies","url":"http:\/\/www.ipsen.com\/mx\/politica-de-cookies\/","mainEntityOfPage":{"@type":"WebPage","@id":"http:\/\/www.ipsen.com\/mx\/politica-de-cookies\/"},"thumbnailUrl":"","image":{"@type":"ImageObject","url":""},"articleSection":"General","author":[{"@type":"Person","name":"navya"}],"creator":["navya"],"publisher":{"@type":"Organization","name":"Mexico","logo":""},"keywords":[],"dateCreated":"2023-10-25T07:54:53Z","datePublished":"2023-10-25T07:54:53Z","dateModified":"2025-06-19T10:49:34Z"},"rendered":"<script type=\"application\/ld+json\" class=\"wp-parsely-metadata\">{\"@context\":\"https:\\\/\\\/schema.org\",\"@type\":\"WebPage\",\"headline\":\"Pol\\u00edtica de Cookies\",\"url\":\"http:\\\/\\\/www.ipsen.com\\\/mx\\\/politica-de-cookies\\\/\",\"mainEntityOfPage\":{\"@type\":\"WebPage\",\"@id\":\"http:\\\/\\\/www.ipsen.com\\\/mx\\\/politica-de-cookies\\\/\"},\"thumbnailUrl\":\"\",\"image\":{\"@type\":\"ImageObject\",\"url\":\"\"},\"articleSection\":\"General\",\"author\":[{\"@type\":\"Person\",\"name\":\"navya\"}],\"creator\":[\"navya\"],\"publisher\":{\"@type\":\"Organization\",\"name\":\"Mexico\",\"logo\":\"\"},\"keywords\":[],\"dateCreated\":\"2023-10-25T07:54:53Z\",\"datePublished\":\"2023-10-25T07:54:53Z\",\"dateModified\":\"2025-06-19T10:49:34Z\"}<\/script>","tracker_url":"https:\/\/cdn.parsely.com\/keys\/ipsen.com\/p.js"},"jetpack_sharing_enabled":true,"_links":{"self":[{"href":"https:\/\/www.ipsen.com\/mx\/wp-json\/wp\/v2\/pages\/2507","targetHints":{"allow":["GET"]}}],"collection":[{"href":"https:\/\/www.ipsen.com\/mx\/wp-json\/wp\/v2\/pages"}],"about":[{"href":"https:\/\/www.ipsen.com\/mx\/wp-json\/wp\/v2\/types\/page"}],"author":[{"embeddable":true,"href":"https:\/\/www.ipsen.com\/mx\/wp-json\/wp\/v2\/users\/2"}],"replies":[{"embeddable":true,"href":"https:\/\/www.ipsen.com\/mx\/wp-json\/wp\/v2\/comments?post=2507"}],"version-history":[{"count":1,"href":"https:\/\/www.ipsen.com\/mx\/wp-json\/wp\/v2\/pages\/2507\/revisions"}],"predecessor-version":[{"id":2630,"href":"https:\/\/www.ipsen.com\/mx\/wp-json\/wp\/v2\/pages\/2507\/revisions\/2630"}],"wp:attachment":[{"href":"https:\/\/www.ipsen.com\/mx\/wp-json\/wp\/v2\/media?parent=2507"}],"curies":[{"name":"wp","href":"https:\/\/api.w.org\/{rel}","templated":true}]}}