{"id":2505,"date":"2023-10-16T17:22:32","date_gmt":"2023-10-16T15:22:32","guid":{"rendered":"https:\/\/www.ipsen.com\/mx\/oncologia\/"},"modified":"2025-07-28T12:50:12","modified_gmt":"2025-07-28T10:50:12","slug":"oncologia","status":"publish","type":"page","link":"https:\/\/www.ipsen.com\/mx\/oncologia\/","title":{"rendered":"Oncolog\u00eda"},"content":{"rendered":"    <section class=\"sub-page-banner bg-img-enabled  banner-no-filter\" style=\"background-image:url(https:\/\/www.ipsen.com\/mx\/wp-content\/uploads\/sites\/4\/2025\/07\/Health-Oncology.jpg)\">\n                <div class=\"container content-sec\">\n            <nav aria-label=\"breadcrumb\">\n            <ol class=\"breadcrumb\">\n                <li class=\"breadcrumb-item\"><a href=\"https:\/\/www.ipsen.com\/mx\">Inicio<\/a><\/li><li class=\"breadcrumb-item active\"><a href=\"#\" aria-current=\"page\">Ciencia &#8211; Oncolog\u00eda<\/a><\/li><\/ol>\n            <\/nav>            <h1 class=\"visible banner-font-color-white\">Oncolog\u00eda<\/h1>\n            <p class=\"visible banner-font-color-white\">Estamos comprometidos con prolongar y mejorar la vida de los pacientes<\/p>\n        <\/div>\n    <\/section>\n\n\n\n    <section class=\"title-text \">\n        <div class=\"container\">\n            <div class=\"title-text-inner\" style=\"background-color:#EDEBE4;\">\n\n                <!-- If heading is enabled then it's visible -->\n                <div class=\"text-head-dash visible\">\n                <h3 class=\"heading-three\" role=\"heading\" aria-level=\"2\">\n                        Mantenemos una clara orientaci\u00f3n hacia nuestro prop\u00f3sito                    <\/h3>\n                <\/div>\n               \n                <!-- If description is enabled then it's visible -->\n                <div class=\"text-parbase visible\">\n                    <p>La oncolog\u00eda es la disciplina m\u00e9dica que se centra en la investigaci\u00f3n, diagn\u00f3stico y tratamiento de neoplasias malignas, com\u00fanmente conocidas como c\u00e1ncer. Este campo multidisciplinario aborda aspectos moleculares, gen\u00e9ticos y celulares involucrados en la iniciaci\u00f3n, progresi\u00f3n y propagaci\u00f3n del c\u00e1ncer.<\/p>\n<p>Los onc\u00f3logos, aplican un enfoque sistem\u00e1tico para entender las causas subyacentes del c\u00e1ncer, utilizando avanzadas t\u00e9cnicas de diagn\u00f3stico molecular y gen\u00e9tico. El tratamiento oncol\u00f3gico abarca diversas modalidades, desde intervenciones quir\u00fargicas y radioterapia hasta terapias farmacol\u00f3gicas, como la quimioterapia y la inmunoterapia.<\/p>\n<p>La investigaci\u00f3n en oncolog\u00eda est\u00e1 en constante evoluci\u00f3n, impulsada por avances tecnol\u00f3gicos y descubrimientos en biolog\u00eda molecular y gen\u00f3mica. La comprensi\u00f3n m\u00e1s profunda de las bases moleculares de la enfermedad permite el desarrollo de terapias m\u00e1s espec\u00edficas y personalizadas, marcando la vanguardia en la lucha contra el c\u00e1ncer. <strong>Ipsen cuenta con m\u00e1s de 38 a\u00f1os de experiencia en este campo.<\/strong><\/p>\n                <\/div>\n\n                <!-- If button is enabled then it's visible -->\n                \n            <\/div>\n        <\/div>\n    <\/section>\n\n\n<!-- Text & Media Block Code -->\n<section class=\"two-col-section text-media-section\">\n    <div class=\"container two-section-innner section-reverse\">\n        <div class=\"response-inner\" style=\"background-image: url('')\">\n            <div class=\"row section-reverse\">\n                <div class=\"col-xs-12 col-sm-12 col-md-6\">\n                                                    <div class=\"img-video-section\">\n                                <img decoding=\"async\" \n                                    src=\"https:\/\/www.ipsen.com\/mx\/wp-content\/uploads\/sites\/4\/2025\/07\/Module-3-\u2013-Our-commitment-to-patients_Ipsen-Crewe-Steve-Pointon_079-copy.jpg\" \n                                    alt=\"\" \n                                >\n                            <\/div>\n                                        <\/div>\n                <div class=\" col-xs-12 col-sm-12 col-md-6\">\n                    <div class=\"section-content\">\n                        <div class=\"heading-dash\">\n                                                            <span class=\"dash\"><\/span>\n                                <h4 class=\"heading-para heading-four\" role=\"heading\" aria-level=\"2\">\n                                    Estamos comprometidos con los pacientes                                <\/h4>\n                                                    <\/div>\n                                                <p>El diagn\u00f3stico de c\u00e1ncer tiene un enorme impacto en la vida de las personas con esta enfermedad. En Ipsen somos conscientes de esta situaci\u00f3n, por ello nos enfocamos en ofrecer tratamientos para los c\u00e1nceres m\u00e1s intratables, buscando soluciones que vayan m\u00e1s all\u00e1 de lo convencional.<\/p>\n<p>Impulsamos la creaci\u00f3n de tratamientos innovadores y respaldamos programas destinados a crear conciencia y dar visibilidad sobre los temas de mayor trascendencia para las comunidades que representan a los pacientes que viven con estas enfermedades.<\/p>\n                            <a \n                            aria-label=\" about Estamos comprometidos con los pacientes\"  \n                                role=\"link\" \n                                class=\"btn-link hidden\"\n                                href=\"\" \n                                target=\"_self\"\n                            > \n                                 \n                            <\/a>\n\n                    <\/div>\n                <\/div>\n            <\/div>\n        <\/div>\n    <\/div>\n<\/section>\n\n<!--Graphics Cards Carousel Start Here-->\n\n    <section class=\"graphic-card graphics-old-layout bg-color-disabled bg-image-disabled bg-video-disabled bg-mobile-video-img-disabled\"    data-displaycards=\"2\">\n                <div class=\"container\">\n            <div class=\"text-graph-inner\">\n                <div class=\"row\">\n                    <!--Graphic info section-->\n                    <div class=\"column-1 col-xl-12 col-md-12 col-sm-12\">\n                        <div class=\"text-graph-heading\">\n                        <h3 class=\"charcoal-grey visible heading-three\" role=\"heading\" aria-level=\"2\">\n                                Hechos clave                            <\/h3>\n                            <p class=\"text-graph-para charcoal-grey hidden\"><\/p>\n                        <\/div>\n                    <\/div><!--Graphic info section over here -->\n\n                    <!--Graphic detail section-->\n                    <div class=\"column-2 col-xl-12 col-md-12 col-sm-12\">\n                        <!-- graphic-card carousel start here -->\n                                                    <div class=\"text-graph-carousel\">\n                                <div class=\"glider-contain multiple\">\n                                    \n                                <div class=\"glider-graphic-card\" tabindex=\"-1\">\n                                                                                                                        <div class=\"text-graphic\">\n                                                    <div class=\"text-graph-row\">\n                                                        \n                                                                <!-- Graphic Card With OLD layout start here -->\n                                                                <div class=\"column-1\">\n                                                                                                                                                <div class=\"text-graph-img visible graphic-icon-enabled \">\n                                                                                                                                                                    <img decoding=\"async\" src=\"https:\/\/www.ipsen.com\/mx\/wp-content\/uploads\/sites\/4\/2025\/07\/Oncology-Picto1.png\" alt=\"\" \/> \n                                                                                                                                                            <\/div>\n                                                                                                                                    <\/div>\n                                                                <div class=\"column-2\">\n                                                                    <div class=\"text-graph-content\">\n                                                                                                                                                        <div class=\"text-graph-title\">\n                                                                                <h4 role=\"heading\" aria-level=\"3\">Nuestra oferta en oncolog\u00eda es amplia y s\u00f3lida<\/h4>\n                                                                                <\/div>\n                                                                                                                                                <div class=\"text-graph-desc\">\n                                                                            <p><p>Contamos con mol\u00e9culas para el tratamiento oncol\u00f3gico alrededor del mundo<\/p>\n<\/p>\n                                                                        <\/div>\n                                                                    <\/div>\n                                                                <\/div>\n                                                                <!-- Graphic Card With OLD layout end here -->\n                                                        \n                                                    <\/div>\n                                                <\/div>\n                                                                                                                                                                    <div class=\"text-graphic\">\n                                                    <div class=\"text-graph-row\">\n                                                        \n                                                                <!-- Graphic Card With OLD layout start here -->\n                                                                <div class=\"column-1\">\n                                                                                                                                                <div class=\"text-graph-img visible graphic-icon-enabled \">\n                                                                                                                                                                    <img decoding=\"async\" src=\"https:\/\/www.ipsen.com\/mx\/wp-content\/uploads\/sites\/4\/2025\/07\/Experience.png\" alt=\"\" \/> \n                                                                                                                                                            <\/div>\n                                                                                                                                    <\/div>\n                                                                <div class=\"column-2\">\n                                                                    <div class=\"text-graph-content\">\n                                                                                                                                                        <div class=\"text-graph-title\">\n                                                                                <h4 role=\"heading\" aria-level=\"3\">Trabajamos con m\u00e1s de 100 organizaciones alrededor del mundo<\/h4>\n                                                                                <\/div>\n                                                                                                                                                <div class=\"text-graph-desc\">\n                                                                            <p><p>Consideramos que las personas y las familias afectadas por esta enfermedad deben ser apoyadas a trav\u00e9s de organizaciones que representan sus necesidades<\/p>\n<\/p>\n                                                                        <\/div>\n                                                                    <\/div>\n                                                                <\/div>\n                                                                <!-- Graphic Card With OLD layout end here -->\n                                                        \n                                                    <\/div>\n                                                <\/div>\n                                                                                                                <\/div>\n                            <\/div>\n                                            <\/div> <!-- graphic-card carousel end here -->\n                <\/div> <!--Graphic detail section over here with 12 grid -->   \n            <\/div><!--row ended here-->\n        <\/div> <!-- graph-inner ended here -->\n        \n            <div class=\"more-result-btn\">\n                                            <\/div>\n        <\/div> <!--Container class ended here -->\n    <\/section>\n<!--Graphics Cards Carousel End Here-->\n\n\n\n<div class=\"wp-block-group alignfull\"><div class=\"wp-block-group__inner-container is-layout-constrained wp-block-group-is-layout-constrained\">\n<!--Regular card with carousel -->\n<section class=\"p-slider  bg-color-disabled \"  >\n      <div class=\"slider-heading-container\">\n          <h3 role=\"heading\" aria-level=\"2\" class=\"slider-title visible heading-three\">Principales noticias sobre oncolog\u00eda <\/h3>\n          <p class=\"charcoal-grey visible\"><\/p>\n      <\/div>\n              \n            <!-- glider insert -->\n            <div class=\"glider-contain multiple\">\n                                  <div class=\"glider-product\">\n                                      <\/div>\n            <\/div>\n           \n      <div class=\"cta-block visible\">\n                      <a title=\"M\u00e1s informaci\u00f3n\" aria-label=\"\" href=\"https:\/\/www.ipsen.com\/oncology\/together-we-can-improve-the-lives-of-people-living-with-kidney-cancer\/\" target=\"_blank\">\n                  <button class=\"regular-cta-btn btn-link section-btn cta-visible visible cta-visible\">\n                      M\u00e1s informaci\u00f3n                  <\/button>\n              <\/a>\n                <\/div>\n  <\/section>\n<\/div><\/div>\n\n\n\n<p><\/p>\n","protected":false},"excerpt":{"rendered":"","protected":false},"author":2,"featured_media":0,"parent":0,"menu_order":0,"comment_status":"closed","ping_status":"closed","template":"","meta":{"_acf_changed":false,"footnotes":""},"class_list":["post-2505","page","type-page","status-publish","hentry","entry"],"acf":[],"yoast_head":"<!-- This site is optimized with the Yoast SEO plugin v26.8 - https:\/\/yoast.com\/product\/yoast-seo-wordpress\/ -->\n<title>Mejoramos la vida de las personas que viven con c\u00e1ncer<\/title>\n<meta name=\"description\" content=\"Estamos comprometidos en la lucha contra el c\u00e1ncer. Nuestras soluciones innovadoras est\u00e1n dise\u00f1adas para marcar la diferencia.\" \/>\n<meta name=\"robots\" content=\"index, follow, max-snippet:-1, max-image-preview:large, max-video-preview:-1\" \/>\n<link rel=\"canonical\" href=\"https:\/\/www.ipsen.com\/mx\/oncologia\/\" \/>\n<meta property=\"og:locale\" content=\"es_MX\" \/>\n<meta property=\"og:type\" content=\"article\" \/>\n<meta property=\"og:title\" content=\"Mejoramos la vida de las personas que viven con c\u00e1ncer\" \/>\n<meta property=\"og:description\" content=\"Estamos comprometidos en la lucha contra el c\u00e1ncer. Nuestras soluciones innovadoras est\u00e1n dise\u00f1adas para marcar la diferencia.\" \/>\n<meta property=\"og:url\" content=\"https:\/\/www.ipsen.com\/mx\/oncologia\/\" \/>\n<meta property=\"og:site_name\" content=\"Mexico\" \/>\n<meta property=\"article:modified_time\" content=\"2025-07-28T10:50:12+00:00\" \/>\n<meta name=\"twitter:card\" content=\"summary_large_image\" \/>\n<script type=\"application\/ld+json\" class=\"yoast-schema-graph\">{\"@context\":\"https:\/\/schema.org\",\"@graph\":[{\"@type\":\"WebPage\",\"@id\":\"https:\/\/www.ipsen.com\/mx\/oncologia\/\",\"url\":\"https:\/\/www.ipsen.com\/mx\/oncologia\/\",\"name\":\"Mejoramos la vida de las personas que viven con c\u00e1ncer\",\"isPartOf\":{\"@id\":\"https:\/\/www.ipsen.com\/mx\/#website\"},\"datePublished\":\"2023-10-16T15:22:32+00:00\",\"dateModified\":\"2025-07-28T10:50:12+00:00\",\"description\":\"Estamos comprometidos en la lucha contra el c\u00e1ncer. Nuestras soluciones innovadoras est\u00e1n dise\u00f1adas para marcar la diferencia.\",\"breadcrumb\":{\"@id\":\"https:\/\/www.ipsen.com\/mx\/oncologia\/#breadcrumb\"},\"inLanguage\":\"es-MX\",\"potentialAction\":[{\"@type\":\"ReadAction\",\"target\":[\"https:\/\/www.ipsen.com\/mx\/oncologia\/\"]}]},{\"@type\":\"BreadcrumbList\",\"@id\":\"https:\/\/www.ipsen.com\/mx\/oncologia\/#breadcrumb\",\"itemListElement\":[{\"@type\":\"ListItem\",\"position\":1,\"name\":\"Home\",\"item\":\"https:\/\/www.ipsen.com\/mx\/\"},{\"@type\":\"ListItem\",\"position\":2,\"name\":\"Oncolog\u00eda\"}]},{\"@type\":\"WebSite\",\"@id\":\"https:\/\/www.ipsen.com\/mx\/#website\",\"url\":\"https:\/\/www.ipsen.com\/mx\/\",\"name\":\"Mexico\",\"description\":\"\",\"potentialAction\":[{\"@type\":\"SearchAction\",\"target\":{\"@type\":\"EntryPoint\",\"urlTemplate\":\"https:\/\/www.ipsen.com\/mx\/?s={search_term_string}\"},\"query-input\":{\"@type\":\"PropertyValueSpecification\",\"valueRequired\":true,\"valueName\":\"search_term_string\"}}],\"inLanguage\":\"es-MX\"}]}<\/script>\n<!-- \/ Yoast SEO plugin. -->","yoast_head_json":{"title":"Mejoramos la vida de las personas que viven con c\u00e1ncer","description":"Estamos comprometidos en la lucha contra el c\u00e1ncer. Nuestras soluciones innovadoras est\u00e1n dise\u00f1adas para marcar la diferencia.","robots":{"index":"index","follow":"follow","max-snippet":"max-snippet:-1","max-image-preview":"max-image-preview:large","max-video-preview":"max-video-preview:-1"},"canonical":"https:\/\/www.ipsen.com\/mx\/oncologia\/","og_locale":"es_MX","og_type":"article","og_title":"Mejoramos la vida de las personas que viven con c\u00e1ncer","og_description":"Estamos comprometidos en la lucha contra el c\u00e1ncer. Nuestras soluciones innovadoras est\u00e1n dise\u00f1adas para marcar la diferencia.","og_url":"https:\/\/www.ipsen.com\/mx\/oncologia\/","og_site_name":"Mexico","article_modified_time":"2025-07-28T10:50:12+00:00","twitter_card":"summary_large_image","schema":{"@context":"https:\/\/schema.org","@graph":[{"@type":"WebPage","@id":"https:\/\/www.ipsen.com\/mx\/oncologia\/","url":"https:\/\/www.ipsen.com\/mx\/oncologia\/","name":"Mejoramos la vida de las personas que viven con c\u00e1ncer","isPartOf":{"@id":"https:\/\/www.ipsen.com\/mx\/#website"},"datePublished":"2023-10-16T15:22:32+00:00","dateModified":"2025-07-28T10:50:12+00:00","description":"Estamos comprometidos en la lucha contra el c\u00e1ncer. Nuestras soluciones innovadoras est\u00e1n dise\u00f1adas para marcar la diferencia.","breadcrumb":{"@id":"https:\/\/www.ipsen.com\/mx\/oncologia\/#breadcrumb"},"inLanguage":"es-MX","potentialAction":[{"@type":"ReadAction","target":["https:\/\/www.ipsen.com\/mx\/oncologia\/"]}]},{"@type":"BreadcrumbList","@id":"https:\/\/www.ipsen.com\/mx\/oncologia\/#breadcrumb","itemListElement":[{"@type":"ListItem","position":1,"name":"Home","item":"https:\/\/www.ipsen.com\/mx\/"},{"@type":"ListItem","position":2,"name":"Oncolog\u00eda"}]},{"@type":"WebSite","@id":"https:\/\/www.ipsen.com\/mx\/#website","url":"https:\/\/www.ipsen.com\/mx\/","name":"Mexico","description":"","potentialAction":[{"@type":"SearchAction","target":{"@type":"EntryPoint","urlTemplate":"https:\/\/www.ipsen.com\/mx\/?s={search_term_string}"},"query-input":{"@type":"PropertyValueSpecification","valueRequired":true,"valueName":"search_term_string"}}],"inLanguage":"es-MX"}]}},"parsely":{"version":"1.1.0","canonical_url":"https:\/\/ipsen.com\/mx\/oncologia\/","smart_links":{"inbound":0,"outbound":0},"traffic_boost_suggestions_count":0,"meta":{"@context":"https:\/\/schema.org","@type":"WebPage","headline":"Oncolog\u00eda","url":"http:\/\/www.ipsen.com\/mx\/oncologia\/","mainEntityOfPage":{"@type":"WebPage","@id":"http:\/\/www.ipsen.com\/mx\/oncologia\/"},"thumbnailUrl":"","image":{"@type":"ImageObject","url":""},"articleSection":"General","author":[{"@type":"Person","name":"navya"}],"creator":["navya"],"publisher":{"@type":"Organization","name":"Mexico","logo":""},"keywords":[],"dateCreated":"2023-10-16T15:22:32Z","datePublished":"2023-10-16T15:22:32Z","dateModified":"2025-07-28T10:50:12Z"},"rendered":"<script type=\"application\/ld+json\" class=\"wp-parsely-metadata\">{\"@context\":\"https:\\\/\\\/schema.org\",\"@type\":\"WebPage\",\"headline\":\"Oncolog\\u00eda\",\"url\":\"http:\\\/\\\/www.ipsen.com\\\/mx\\\/oncologia\\\/\",\"mainEntityOfPage\":{\"@type\":\"WebPage\",\"@id\":\"http:\\\/\\\/www.ipsen.com\\\/mx\\\/oncologia\\\/\"},\"thumbnailUrl\":\"\",\"image\":{\"@type\":\"ImageObject\",\"url\":\"\"},\"articleSection\":\"General\",\"author\":[{\"@type\":\"Person\",\"name\":\"navya\"}],\"creator\":[\"navya\"],\"publisher\":{\"@type\":\"Organization\",\"name\":\"Mexico\",\"logo\":\"\"},\"keywords\":[],\"dateCreated\":\"2023-10-16T15:22:32Z\",\"datePublished\":\"2023-10-16T15:22:32Z\",\"dateModified\":\"2025-07-28T10:50:12Z\"}<\/script>","tracker_url":"https:\/\/cdn.parsely.com\/keys\/ipsen.com\/p.js"},"jetpack_sharing_enabled":true,"_links":{"self":[{"href":"https:\/\/www.ipsen.com\/mx\/wp-json\/wp\/v2\/pages\/2505","targetHints":{"allow":["GET"]}}],"collection":[{"href":"https:\/\/www.ipsen.com\/mx\/wp-json\/wp\/v2\/pages"}],"about":[{"href":"https:\/\/www.ipsen.com\/mx\/wp-json\/wp\/v2\/types\/page"}],"author":[{"embeddable":true,"href":"https:\/\/www.ipsen.com\/mx\/wp-json\/wp\/v2\/users\/2"}],"replies":[{"embeddable":true,"href":"https:\/\/www.ipsen.com\/mx\/wp-json\/wp\/v2\/comments?post=2505"}],"version-history":[{"count":7,"href":"https:\/\/www.ipsen.com\/mx\/wp-json\/wp\/v2\/pages\/2505\/revisions"}],"predecessor-version":[{"id":2874,"href":"https:\/\/www.ipsen.com\/mx\/wp-json\/wp\/v2\/pages\/2505\/revisions\/2874"}],"wp:attachment":[{"href":"https:\/\/www.ipsen.com\/mx\/wp-json\/wp\/v2\/media?parent=2505"}],"curies":[{"name":"wp","href":"https:\/\/api.w.org\/{rel}","templated":true}]}}