{"id":2503,"date":"2023-10-25T09:57:41","date_gmt":"2023-10-25T07:57:41","guid":{"rendered":"https:\/\/www.ipsen.com\/mx\/nuestra-motivacion\/"},"modified":"2025-07-02T12:51:31","modified_gmt":"2025-07-02T10:51:31","slug":"nuestra-motivacion","status":"publish","type":"page","link":"https:\/\/www.ipsen.com\/mx\/nuestra-motivacion\/","title":{"rendered":"Nuestra motivaci\u00f3n"},"content":{"rendered":"    <section class=\"sub-page-banner bg-img-enabled  banner-no-filter\" style=\"background-image:url(https:\/\/www.ipsen.com\/mx\/wp-content\/uploads\/sites\/4\/2023\/11\/MicrosoftTeams-image-6.jpg)\">\n                <div class=\"container content-sec\">\n            <nav aria-label=\"breadcrumb\">\n            <ol class=\"breadcrumb\">\n                <li class=\"breadcrumb-item\"><a href=\"https:\/\/www.ipsen.com\/mx\">Inicio<\/a><\/li><li class=\"breadcrumb-item active\"><a class=\"link-pointer-events-none\" href=\"#\" aria-current=\"page\">Nuestra motivaci\u00f3n<\/a><\/li><\/ol>\n            <\/nav>            <h1 class=\"visible banner-font-color-white\">Nuestra motivaci\u00f3n<\/h1>\n            <p class=\"visible banner-font-color-white\">Nuestras decisiones se inspiran en el objetivo de mejorar la calidad de vida de los pacientes<\/p>\n        <\/div>\n    <\/section>\n\n\n\n\t<!-- Hero Carousel Start Here-->\n\t<section class=\"hero-section banner-filter\">\n\t\t<div class=\"hero_gridwidth container\"><!-- container class shown if gridlayout choosen -->\n\t\t\t<div id=\"heroCarousel\" class=\"carousel slide herocaro hero-banner-bg-image\" data-bs-ride=\"carousel\" data-enableplaybtn=\"1\" data-autoplay= \"\"  data-autospeed= \"\" >\n\t\t\t\t<!-- Slider Indicator-->\n\t\t\t\t<div class=\"carousel-indicators hidden\">\n\t\t\t\t<button type=\"button\" data-bs-target=\"#heroCarousel\" data-bs-slide-to=\"0\" class=\"active\" aria-current=\"true\" aria-label=\"Slide 0\"><\/button>\t\t\t\t<\/div>\n\t\t\t\t<!-- Items -->\n\t\t\t\t<div class=\"carousel-inner\">\n\t\t\t\t\t\t\n\t\t\t\t\t\t<!-- Hero Banner with carousel HTML -->\n\t\t\t\t\t\t<div class=\"carousel-item active banner-no-filter\">\n\n\t\t\t\t\t\t\t\t\t\t\t\t\t\t\t<img decoding=\"async\" class=\"bd-placeholder-img visible\" alt=\"\" width=\"100%\" height=\"100%\" src=\"https:\/\/www.ipsen.com\/mx\/wp-content\/uploads\/sites\/4\/2025\/07\/Light-Hero-Banner-1.jpg\" \/> \n\t\t\t\t\t\t\t\n\t\t\t\t\t\t\t\t\n\n\t\t\t\t\t\t\t<div class=\"container align-left\">\n\t\t\t\t\t\t\t\t<div class=\"carousel-caption\">\n\t\t\t\t\t\t\t\t\t<h1 class=\"visible text-start heading-one banner-font-color-blue\">\n\t\t\t\t\t\t\t\t\t\tLos pacientes primero\t\t\t\t\t\t\t\t\t<\/h1>\n\t\t\t\t\t\t\t\t\t<div class=\"visible text-start banner-font-color-blue\">En Ipsen, cada decisi\u00f3n que tomamos est\u00e1 guiada por el impulso de colaborar estrechamente con las comunidades de pacientes, contribuyendo a mejorar sus vidas y logrando resultados que generen un impacto significativo<\/div>\n\t\t\t\t\t\t\t\t\t\n\t\t\t\t\t\t\t\t\t\t\t\t\t\t\t\t\t\t\n\t\t\t\t\t\t\t\t<\/div>\n\t\t\t\t\t\t\t<\/div>\n\t\t\t\t\t\t<\/div>\n\n\t\t\t\t\t\t\t\t\t<\/div>\n\t\t\t\t\n\t\t\t\t\t\t\t\t\t<div id=\"carouselButtons\" class=\"hidden visible\">\n\t\t\t\t\t\t<button id=\"playButton\" class=\"hidden\" aria-label=\"Siguiente diapositiva\" type=\"button\"><\/button>\n\t\t\t\t\t\t<button id=\"pauseButton\" aria-label=\"Siguiente diapositiva\" type=\"button\"><\/button>\n\t\t\t\t\t<\/div>\n\t\t\t\t\n\t\t\t<\/div>\n\t\t<\/div>\n\t<\/section>\n\t<!-- Hero Carousel End Here-->\n  \n\n\n<div class=\"wp-block-columns is-layout-flex wp-container-core-columns-is-layout-9d6595d7 wp-block-columns-is-layout-flex\">\n<div class=\"wp-block-column is-layout-flow wp-block-column-is-layout-flow\" style=\"flex-basis:100%\">    <section class=\"title-text \">\n        <div class=\"container\">\n            <div class=\"title-text-inner\" style=\"background-color:#EDEBE4;\">\n\n                <!-- If heading is enabled then it's visible -->\n                <div class=\"text-head-dash visible\">\n                <h3 class=\"heading-three\" role=\"heading\" aria-level=\"2\">\n                        TRABAJANDO PARA LOS PACIENTES                    <\/h3>\n                <\/div>\n               \n                <!-- If description is enabled then it's visible -->\n                <div class=\"text-parbase visible\">\n                    <p>Colaboramos con m\u00e1s de 250 Organizaciones No Gubernamentales que representan las necesidades de los pacientes a nivel global, regional y nacional, centr\u00e1ndonos en generar datos y compartir experiencias. Creemos que esta estrecha colaboraci\u00f3n e inclusi\u00f3n son esenciales para garantizar un rumbo acertado.<\/p>\n<p>Nuestra meta es comprender y abordar las necesidades de los pacientes, proporcionando apoyo mediante las comunidades que los representan, tanto a ellos como a sus cuidadores, en las diversas etapas de su experiencia.<\/p>\n                <\/div>\n\n                <!-- If button is enabled then it's visible -->\n                \n            <\/div>\n        <\/div>\n    <\/section>\n\n\n\t<!-- Ipsen Quotes Start -->\n\t<section class=\"quotes-section\" aria-label=\"quotes-section\">\n\t\t<div class=\"container\">\n\t\t\t\t\t\t<div class=\"quote-sec-inner\"    >\n\t\t\t\t\t<div class=\"row\">\n\t\t\t\t\t\t\t\t\t\t\t\t<div class=\"column-1 col-xl-4 col-md-6 col-xs-12 \">\n\t\t\t\t\t\t\t\t\t\t\t\t\t\t\t\t\t\t<div class=\"quote-img\">\n\t\t\t\t\t\t\t\t\t\t\t<img \n\t\t\t\t\t\t\t\t\t\t\t\tsrc=\"https:\/\/www.ipsen.com\/mx\/wp-content\/uploads\/sites\/4\/2024\/11\/Salndra-SILVESTRI_Quote_446x360pix-1.png\" \n\t\t\t\t\t\t\t\t\t\t\t\talt=\"Sandra Silvestri, M.D., Ph.D.\"\n\t\t\t\t\t\t\t\t\t\t\t>\n\t\t\t\t\t\t\t\t\t\t<\/div>\n\t\t\t\t\t\t\t\t\t\t\t\t\t\t\t<\/div>\n\t\t\t\t\t\t\t<div class=\"column-2 col-xl-8 col-md-6 col-xs-12 \">\n\t\t\t\t\t\t\t\t<div class=\"quote-content\">\n\t\t\t\t\t\t\t\t\t<div class=\"quote-para \">\n\t\t\t\t\t\t\t\t\t\t<p class=\"para\">\n\t\t\t\t\t\t\t\t\t\t\t<p>&#8220;Las experiencias de quienes enfrentan condiciones en oncolog\u00eda, neurociencia y Enfermedades Raras son la fuerza detr\u00e1s de nuestra investigaci\u00f3n. Mantener un v\u00ednculo cercano con sus preocupaciones, a trav\u00e9s de las comunidades expertas nos permite comprender sus necesidades y colaborar para generar mejoras significativas en sus vidas.&#8221;.<\/p>\n\t\t\t\t\t\t\t\t\t\t<\/p>\n\t\t\t\t\t\t\t\t\t<\/div>\n\t\t\t\t\t\t\t\t\t<div class=\"quote-sign-div\">\n\t\t\t\t\t\t\t\t\t\t<div class=\"quote-author-div\">\n\t\t\t\t\t\t\t\t\t\t\t<div class=\"quote-dash-div\">\n\t\t\t\t\t\t\t\t\t\t\t\t<span class=\"quote-dash\">\n\n\t\t\t\t\t\t\t\t\t\t\t\t<\/span>\n\t\t\t\t\t\t\t\t\t\t\t\t\t\t\t\t\t\t\t\t\t\t\t\t\t\t\t\t<p class=\"quote-author primary-blue\">\n\t\t\t\t\t\t\t\t\t\t\t\t\t\t\t\tSandra Silvestri, M.D., Ph.D.\t\t\t\t\t\t\t\t\t\t\t\t\t\t\t<\/p>\t\n\t\t\t\t\t\t\t\t\t\t\t\t\t\t\t\t\t\t\t\t\t\t<\/div>\n\t\t\t\t\t\t\t\t\t\t\t\t\t\t\t\t\t\t\t\t\t\t\t<p class=\"quote-author-role\">\n\t\t\t\t\t\t\t\t\t\t\t\t\tVicepresidenta Ejecutiva, Directora M\u00e9dica, Jefa de Asuntos M\u00e9dicos, Seguridad y Asuntos del Paciente.\t\t\t\t\t\t\t\t\t\t\t\t<\/p> \n\t\t\t\t\t\t\t\t\t\t\t\t\t\t\t\t\t\t\t\t\t<\/div>\n\t\t\t\t\t\t\t\t\t<\/div>\n\t\t\t\t\t\t\t\t<\/div>\n\t\t\t\t\t\t\t<\/div>\n\t\t\t\t\t\t\t\t\t<\/div>\n\t\t\t<\/div>\n\t\t\t<\/div>\n<\/section>\n<!-- Ipsen Quotes End -->\n\n\n\n<!--Regular card with carousel -->\n<section class=\"p-slider  bg-color-enabled \" style=\"background-color:#6EC4FF\" >\n      <div class=\"slider-heading-container\">\n          <h3 role=\"heading\" aria-level=\"2\" class=\"slider-title visible heading-three\">Mejores historias  <\/h3>\n          <p class=\"charcoal-grey visible\"><\/p>\n      <\/div>\n                <!-- glider insert -->\n          <div class=\"glider-contain multiple\">\n                          <div class=\"glider-product\">\n                          <\/div>\n          <\/div>\n\n     \n      <div class=\"cta-block visible\">\n                      <a title=\"M\u00e1s informaci\u00f3n\" aria-label=\"\" href=\"https:\/\/www.ipsen.com\/patients\/\" target=\"_blank\">\n                  <button class=\"regular-cta-btn btn-link section-btn cta-visible visible cta-visible\">\n                      M\u00e1s informaci\u00f3n                  <\/button>\n              <\/a>\n                <\/div>\n  <\/section>\n\n\n<!-- Text & Media Block Code -->\n<section class=\"two-col-section text-media-section\">\n    <div class=\"container two-section-innner \">\n        <div class=\"response-inner\" style=\"background-image: url('')\">\n            <div class=\"row \">\n                <div class=\"col-xs-12 col-sm-12 col-md-6\">\n                                                    <div class=\"img-video-section\">\n                                <img decoding=\"async\" \n                                    src=\"https:\/\/www.ipsen.com\/mx\/wp-content\/uploads\/sites\/4\/2023\/11\/Module-6Patients_Generation-Ipsen-Patients-1-2.jpg\" \n                                    alt=\"\" \n                                >\n                            <\/div>\n                                        <\/div>\n                <div class=\" col-xs-12 col-sm-12 col-md-6\">\n                    <div class=\"section-content\">\n                        <div class=\"heading-dash\">\n                                                    <\/div>\n                                                    <p class=\"section-head-two heading-para\" role=\"heading\" aria-level=\"3\">\n                                    Nuestro trabajo con organizaciones representantes de pacientes                                <\/p>\n                                                <p>Todo comienza con la escucha. En Ipsen, nos esforzamos por establecer un di\u00e1logo con las comunidades que representan las necesidades no satisfechas de los pacientes desde el principio. Buscamos construir relaciones a largo plazo con los grupos involucrados.<\/p>\n                            <a \n                            aria-label=\"M\u00e1s informaci\u00f3n about \"  \n                                role=\"link\" \n                                class=\"btn-link section-btn cta-visible\"\n                                href=\"https:\/\/www.ipsen.com\/patients\/collaborate-with-us\/\" \n                                target=\"_blank\"\n                            > \n                                M\u00e1s informaci\u00f3n \n                            <\/a>\n\n                    <\/div>\n                <\/div>\n            <\/div>\n        <\/div>\n    <\/div>\n<\/section><\/div>\n<\/div>\n","protected":false},"excerpt":{"rendered":"","protected":false},"author":3,"featured_media":0,"parent":0,"menu_order":0,"comment_status":"open","ping_status":"closed","template":"","meta":{"_acf_changed":false,"footnotes":""},"class_list":["post-2503","page","type-page","status-publish","hentry","entry"],"acf":[],"yoast_head":"<!-- This site is optimized with the Yoast SEO plugin v26.8 - https:\/\/yoast.com\/product\/yoast-seo-wordpress\/ -->\n<title>Ipsen pone a los pacientes primero<\/title>\n<meta name=\"description\" content=\"Mejoramos la vida de pacientes que viven c\u00e1ncer, enfermedades raras y neurol\u00f3gicas. #IpsenCares #SaludIntegral #BienestarPaciente\" \/>\n<meta name=\"robots\" content=\"index, follow, max-snippet:-1, max-image-preview:large, max-video-preview:-1\" \/>\n<link rel=\"canonical\" href=\"https:\/\/www.ipsen.com\/mx\/nuestra-motivacion\/\" \/>\n<meta property=\"og:locale\" content=\"es_MX\" \/>\n<meta property=\"og:type\" content=\"article\" \/>\n<meta property=\"og:title\" content=\"Ipsen pone a los pacientes primero\" \/>\n<meta property=\"og:description\" content=\"Mejoramos la vida de pacientes que viven c\u00e1ncer, enfermedades raras y neurol\u00f3gicas. #IpsenCares #SaludIntegral #BienestarPaciente\" \/>\n<meta property=\"og:url\" content=\"https:\/\/www.ipsen.com\/mx\/nuestra-motivacion\/\" \/>\n<meta property=\"og:site_name\" content=\"Mexico\" \/>\n<meta property=\"article:modified_time\" content=\"2025-07-02T10:51:31+00:00\" \/>\n<meta name=\"twitter:card\" content=\"summary_large_image\" \/>\n<script type=\"application\/ld+json\" class=\"yoast-schema-graph\">{\"@context\":\"https:\/\/schema.org\",\"@graph\":[{\"@type\":\"WebPage\",\"@id\":\"https:\/\/www.ipsen.com\/mx\/nuestra-motivacion\/\",\"url\":\"https:\/\/www.ipsen.com\/mx\/nuestra-motivacion\/\",\"name\":\"Ipsen pone a los pacientes primero\",\"isPartOf\":{\"@id\":\"https:\/\/www.ipsen.com\/mx\/#website\"},\"datePublished\":\"2023-10-25T07:57:41+00:00\",\"dateModified\":\"2025-07-02T10:51:31+00:00\",\"description\":\"Mejoramos la vida de pacientes que viven c\u00e1ncer, enfermedades raras y neurol\u00f3gicas. #IpsenCares #SaludIntegral #BienestarPaciente\",\"breadcrumb\":{\"@id\":\"https:\/\/www.ipsen.com\/mx\/nuestra-motivacion\/#breadcrumb\"},\"inLanguage\":\"es-MX\",\"potentialAction\":[{\"@type\":\"ReadAction\",\"target\":[\"https:\/\/www.ipsen.com\/mx\/nuestra-motivacion\/\"]}]},{\"@type\":\"BreadcrumbList\",\"@id\":\"https:\/\/www.ipsen.com\/mx\/nuestra-motivacion\/#breadcrumb\",\"itemListElement\":[{\"@type\":\"ListItem\",\"position\":1,\"name\":\"Home\",\"item\":\"https:\/\/www.ipsen.com\/mx\/\"},{\"@type\":\"ListItem\",\"position\":2,\"name\":\"Nuestra motivaci\u00f3n\"}]},{\"@type\":\"WebSite\",\"@id\":\"https:\/\/www.ipsen.com\/mx\/#website\",\"url\":\"https:\/\/www.ipsen.com\/mx\/\",\"name\":\"Mexico\",\"description\":\"\",\"potentialAction\":[{\"@type\":\"SearchAction\",\"target\":{\"@type\":\"EntryPoint\",\"urlTemplate\":\"https:\/\/www.ipsen.com\/mx\/?s={search_term_string}\"},\"query-input\":{\"@type\":\"PropertyValueSpecification\",\"valueRequired\":true,\"valueName\":\"search_term_string\"}}],\"inLanguage\":\"es-MX\"}]}<\/script>\n<!-- \/ Yoast SEO plugin. -->","yoast_head_json":{"title":"Ipsen pone a los pacientes primero","description":"Mejoramos la vida de pacientes que viven c\u00e1ncer, enfermedades raras y neurol\u00f3gicas. #IpsenCares #SaludIntegral #BienestarPaciente","robots":{"index":"index","follow":"follow","max-snippet":"max-snippet:-1","max-image-preview":"max-image-preview:large","max-video-preview":"max-video-preview:-1"},"canonical":"https:\/\/www.ipsen.com\/mx\/nuestra-motivacion\/","og_locale":"es_MX","og_type":"article","og_title":"Ipsen pone a los pacientes primero","og_description":"Mejoramos la vida de pacientes que viven c\u00e1ncer, enfermedades raras y neurol\u00f3gicas. #IpsenCares #SaludIntegral #BienestarPaciente","og_url":"https:\/\/www.ipsen.com\/mx\/nuestra-motivacion\/","og_site_name":"Mexico","article_modified_time":"2025-07-02T10:51:31+00:00","twitter_card":"summary_large_image","schema":{"@context":"https:\/\/schema.org","@graph":[{"@type":"WebPage","@id":"https:\/\/www.ipsen.com\/mx\/nuestra-motivacion\/","url":"https:\/\/www.ipsen.com\/mx\/nuestra-motivacion\/","name":"Ipsen pone a los pacientes primero","isPartOf":{"@id":"https:\/\/www.ipsen.com\/mx\/#website"},"datePublished":"2023-10-25T07:57:41+00:00","dateModified":"2025-07-02T10:51:31+00:00","description":"Mejoramos la vida de pacientes que viven c\u00e1ncer, enfermedades raras y neurol\u00f3gicas. #IpsenCares #SaludIntegral #BienestarPaciente","breadcrumb":{"@id":"https:\/\/www.ipsen.com\/mx\/nuestra-motivacion\/#breadcrumb"},"inLanguage":"es-MX","potentialAction":[{"@type":"ReadAction","target":["https:\/\/www.ipsen.com\/mx\/nuestra-motivacion\/"]}]},{"@type":"BreadcrumbList","@id":"https:\/\/www.ipsen.com\/mx\/nuestra-motivacion\/#breadcrumb","itemListElement":[{"@type":"ListItem","position":1,"name":"Home","item":"https:\/\/www.ipsen.com\/mx\/"},{"@type":"ListItem","position":2,"name":"Nuestra motivaci\u00f3n"}]},{"@type":"WebSite","@id":"https:\/\/www.ipsen.com\/mx\/#website","url":"https:\/\/www.ipsen.com\/mx\/","name":"Mexico","description":"","potentialAction":[{"@type":"SearchAction","target":{"@type":"EntryPoint","urlTemplate":"https:\/\/www.ipsen.com\/mx\/?s={search_term_string}"},"query-input":{"@type":"PropertyValueSpecification","valueRequired":true,"valueName":"search_term_string"}}],"inLanguage":"es-MX"}]}},"parsely":{"version":"1.1.0","canonical_url":"https:\/\/ipsen.com\/mx\/nuestra-motivacion\/","smart_links":{"inbound":0,"outbound":0},"traffic_boost_suggestions_count":0,"meta":{"@context":"https:\/\/schema.org","@type":"WebPage","headline":"Nuestra motivaci\u00f3n","url":"http:\/\/www.ipsen.com\/mx\/nuestra-motivacion\/","mainEntityOfPage":{"@type":"WebPage","@id":"http:\/\/www.ipsen.com\/mx\/nuestra-motivacion\/"},"thumbnailUrl":"","image":{"@type":"ImageObject","url":""},"articleSection":"General","author":[{"@type":"Person","name":"Dipika"}],"creator":["Dipika"],"publisher":{"@type":"Organization","name":"Mexico","logo":""},"keywords":[],"dateCreated":"2023-10-25T07:57:41Z","datePublished":"2023-10-25T07:57:41Z","dateModified":"2025-07-02T10:51:31Z"},"rendered":"<script type=\"application\/ld+json\" class=\"wp-parsely-metadata\">{\"@context\":\"https:\\\/\\\/schema.org\",\"@type\":\"WebPage\",\"headline\":\"Nuestra motivaci\\u00f3n\",\"url\":\"http:\\\/\\\/www.ipsen.com\\\/mx\\\/nuestra-motivacion\\\/\",\"mainEntityOfPage\":{\"@type\":\"WebPage\",\"@id\":\"http:\\\/\\\/www.ipsen.com\\\/mx\\\/nuestra-motivacion\\\/\"},\"thumbnailUrl\":\"\",\"image\":{\"@type\":\"ImageObject\",\"url\":\"\"},\"articleSection\":\"General\",\"author\":[{\"@type\":\"Person\",\"name\":\"Dipika\"}],\"creator\":[\"Dipika\"],\"publisher\":{\"@type\":\"Organization\",\"name\":\"Mexico\",\"logo\":\"\"},\"keywords\":[],\"dateCreated\":\"2023-10-25T07:57:41Z\",\"datePublished\":\"2023-10-25T07:57:41Z\",\"dateModified\":\"2025-07-02T10:51:31Z\"}<\/script>","tracker_url":"https:\/\/cdn.parsely.com\/keys\/ipsen.com\/p.js"},"jetpack_sharing_enabled":true,"_links":{"self":[{"href":"https:\/\/www.ipsen.com\/mx\/wp-json\/wp\/v2\/pages\/2503","targetHints":{"allow":["GET"]}}],"collection":[{"href":"https:\/\/www.ipsen.com\/mx\/wp-json\/wp\/v2\/pages"}],"about":[{"href":"https:\/\/www.ipsen.com\/mx\/wp-json\/wp\/v2\/types\/page"}],"author":[{"embeddable":true,"href":"https:\/\/www.ipsen.com\/mx\/wp-json\/wp\/v2\/users\/3"}],"replies":[{"embeddable":true,"href":"https:\/\/www.ipsen.com\/mx\/wp-json\/wp\/v2\/comments?post=2503"}],"version-history":[{"count":3,"href":"https:\/\/www.ipsen.com\/mx\/wp-json\/wp\/v2\/pages\/2503\/revisions"}],"predecessor-version":[{"id":2827,"href":"https:\/\/www.ipsen.com\/mx\/wp-json\/wp\/v2\/pages\/2503\/revisions\/2827"}],"wp:attachment":[{"href":"https:\/\/www.ipsen.com\/mx\/wp-json\/wp\/v2\/media?parent=2503"}],"curies":[{"name":"wp","href":"https:\/\/api.w.org\/{rel}","templated":true}]}}