{"id":2497,"date":"2023-10-16T17:23:52","date_gmt":"2023-10-16T15:23:52","guid":{"rendered":"https:\/\/www.ipsen.com\/mx\/enfermedades-raras\/"},"modified":"2025-07-28T13:24:01","modified_gmt":"2025-07-28T11:24:01","slug":"enfermedades-raras","status":"publish","type":"page","link":"https:\/\/www.ipsen.com\/mx\/enfermedades-raras\/","title":{"rendered":"Enfermedades Raras"},"content":{"rendered":"    <section class=\"sub-page-banner bg-img\" style=\"background-image:url(https:\/\/www.ipsen.com\/mx\/wp-content\/uploads\/sites\/4\/2025\/07\/Health-Rare-Disease.jpg)\">\n        <div class=\"container content-sec\">\n            <nav aria-label=\"breadcrumb\">\n            <ol class=\"breadcrumb\">\n                <li class=\"breadcrumb-item\"><a href=\"https:\/\/www.ipsen.com\/mx\">Inicio<\/a><\/li><li class=\"breadcrumb-item active\"><a href=\"#\" aria-current=\"page\">Ciencia &#8211; Enfermedades Raras<\/a><\/li><\/ol>\n            <\/nav>            <h1 class=\"visible\">Enfermedades Raras<\/h1>\n            <p class=\"visible\">Desarrollamos opciones de tratamiento para personas que viven con Enfermedades Raras<\/p>\n        <\/div>\n    <\/section>\n\n\n<!-- Ipsen Content Overlay Start -->\n<section class=\"two-col-image-section\">\n    <div class=\"container two-img-section-innner\"  >\n        <div class=\"content-overlay-inner bg-color-enabled\" style=\"background-color:#EDEBE4\">\n                <!-- Ipsen Content Overlay Variation One Start -->\n                <div class=\"row \">\n                    <div class=\"col-xs-12 col-sm-12 col-md-6 column-1 \">\n                                                        <div class=\"no-carousel\">\n                                    <img decoding=\"async\" src=\"https:\/\/www.ipsen.com\/mx\/wp-content\/uploads\/sites\/4\/2023\/11\/Our-Commitment-to-Rare-Disease_Savannah_card-700x420pix.jpg\" alt=\"\">\n                                <\/div>\n                                        <\/div>\n                    <div class=\"col-xs-12 col-sm-12 col-md-6 column-2 \">\n                        <div class=\"section-content\">\n                                                                <div class=\"heading-dash\">\n                                        <span class=\"dash\"><\/span>\n                                        <h4 class=\"heading-para heading-four\">\n                                            Hacemos frente a las Enfermedades Raras                                        <\/h4>\n                                    <\/div>\n                                                                    <p class=\"section-para \">\n                                            De acuerdo con la Organizaci\u00f3n Mundial de la Salud (OMS), las Enfermedades Raras (ER) son aquellas que se presentan en no m\u00e1s de 5 personas por cada 10 mil habitantes.\r\n                                        <\/p>\n                                                    <\/div>\n                    <\/div>\n                <\/div>\n        <!-- Ipsen Content Overlay Variation One End -->\n                <\/div>\n    <\/div>\n<\/section>\n<!-- Ipsen Content Overlay End -->\n\n<!-- Text & Media Block Code -->\n<section class=\"two-col-section text-media-section\">\n    <div class=\"container two-section-innner section-reverse\">\n        <div class=\"response-inner\" style=\"background-image: url('')\">\n            <div class=\"row section-reverse\">\n                <div class=\"col-xs-12 col-sm-12 col-md-6\">\n                                                    <div class=\"img-video-section\">\n                                <img decoding=\"async\" \n                                    src=\"https:\/\/www.ipsen.com\/mx\/wp-content\/uploads\/sites\/4\/2023\/11\/Module-2_Our-commitment-ro-rare-disease-Brief-about-rare-disease_20201010_5529-HD_03-scaled-1.jpg\" \n                                    alt=\"\" \n                                >\n                            <\/div>\n                                        <\/div>\n                <div class=\" col-xs-12 col-sm-12 col-md-6\">\n                    <div class=\"section-content\">\n                        <div class=\"heading-dash\">\n                                                            <span class=\"dash\"><\/span>\n                                <h4 class=\"heading-para heading-four\" role=\"heading\" aria-level=\"2\">\n                                    Escuchamos las voces de comunidades de Enfermedades Raras                                <\/h4>\n                                                    <\/div>\n                                                <p>Las Enfermedades Raras plantean desaf\u00edos significativos debido a su baja prevalencia, limitando la experiencia m\u00e9dica e investigaci\u00f3n en torno a ellas. Los pacientes que enfrentan estas condiciones a menudo experimentan un retraso en el diagn\u00f3stico oportuno y un limitado acceso a tratamiento a lo largo de su vida.<\/p>\n<p>De acuerdo con el Foro Econ\u00f3mico Mundial (WEF), de los m\u00e1s 475 millones de personas que viven con esta condici\u00f3n, 60% son ni\u00f1os. La Secretar\u00eda de Salud del Gobierno de M\u00e9xico ha reconocido, recientemente, la existencia de 5 mil 500 padecimientos de este tipo que afectan a 8 millones de mexicanos.<\/p>\n                            <a \n                            aria-label=\"M\u00e1s informaci\u00f3n about Escuchamos las voces de comunidades de Enfermedades Raras\"  \n                                role=\"link\" \n                                class=\"btn-link section-btn cta-visible\"\n                                href=\"https:\/\/www.ipsen.com\/patients\/together-for-rare-disease\/\" \n                                target=\"_blank\"\n                            > \n                                M\u00e1s informaci\u00f3n \n                            <\/a>\n\n                    <\/div>\n                <\/div>\n            <\/div>\n        <\/div>\n    <\/div>\n<\/section>\n\n<!--Graphics Cards Carousel Start Here-->\n\n    <section class=\"graphic-card graphics-old-layout bg-color-disabled bg-image-disabled bg-video-disabled bg-mobile-video-img-disabled\"    data-displaycards=\"3\">\n                <div class=\"container\">\n            <div class=\"text-graph-inner\">\n                <div class=\"row\">\n                    <!--Graphic info section-->\n                    <div class=\"column-1 col-xl-12 col-md-12 col-sm-12\">\n                        <div class=\"text-graph-heading\">\n                        <h3 class=\"charcoal-grey visible heading-three\" role=\"heading\" aria-level=\"2\">\n                                Buscamos activamente nuevas oportunidades de tratamiento                            <\/h3>\n                            <p class=\"text-graph-para charcoal-grey hidden\"><\/p>\n                        <\/div>\n                    <\/div><!--Graphic info section over here -->\n\n                    <!--Graphic detail section-->\n                    <div class=\"column-2 col-xl-12 col-md-12 col-sm-12\">\n                        <!-- graphic-card carousel start here -->\n                                                    <div class=\"text-graph-carousel\">\n                                <div class=\"glider-contain multiple\">\n                                    \n                                <div class=\"glider-graphic-card\" tabindex=\"-1\">\n                                                                                                                        <div class=\"text-graphic\">\n                                                    <div class=\"text-graph-row\">\n                                                        \n                                                                <!-- Graphic Card With OLD layout start here -->\n                                                                <div class=\"column-1\">\n                                                                                                                                                <div class=\"text-graph-img visible graphic-icon-enabled \">\n                                                                                                                                                                    <img decoding=\"async\" src=\"https:\/\/www.ipsen.com\/mx\/wp-content\/uploads\/sites\/4\/2025\/07\/Portfolio-1.png\" alt=\"\" \/> \n                                                                                                                                                            <\/div>\n                                                                                                                                    <\/div>\n                                                                <div class=\"column-2\">\n                                                                    <div class=\"text-graph-content\">\n                                                                                                                                                        <div class=\"text-graph-title\">\n                                                                                <h4 role=\"heading\" aria-level=\"3\">Los desaf\u00edos \u00fanicos requieren soluciones \u00fanicas<\/h4>\n                                                                                <\/div>\n                                                                                                                                                <div class=\"text-graph-desc\">\n                                                                            <p><p>En 2023, fortalecimos nuestro portafolio dedicado al tratamiento de Enfermedades Raras, ampliando nuestros esfuerzos con estudios de investigaci\u00f3n enfocados en ni\u00f1os y adultos<\/p>\n<\/p>\n                                                                        <\/div>\n                                                                    <\/div>\n                                                                <\/div>\n                                                                <!-- Graphic Card With OLD layout end here -->\n                                                        \n                                                    <\/div>\n                                                <\/div>\n                                                                                                                                                                    <div class=\"text-graphic\">\n                                                    <div class=\"text-graph-row\">\n                                                        \n                                                                <!-- Graphic Card With OLD layout start here -->\n                                                                <div class=\"column-1\">\n                                                                                                                                                <div class=\"text-graph-img visible graphic-icon-enabled \">\n                                                                                                                                                                    <img decoding=\"async\" src=\"https:\/\/www.ipsen.com\/mx\/wp-content\/uploads\/sites\/4\/2025\/07\/People.png\" alt=\"\" \/> \n                                                                                                                                                            <\/div>\n                                                                                                                                    <\/div>\n                                                                <div class=\"column-2\">\n                                                                    <div class=\"text-graph-content\">\n                                                                                                                                                        <div class=\"text-graph-title\">\n                                                                                <h4 role=\"heading\" aria-level=\"3\">Ipsen trabaja de manera constante en la b\u00fasqueda del tratamiento id\u00f3neo para las Enfermedades Raras<\/h4>\n                                                                                <\/div>\n                                                                                                                                                <div class=\"text-graph-desc\">\n                                                                            <p><p>M\u00e1s del 95% de las enfermedades raras no cuentan con un tratamiento disponible, seg\u00fan el Foro Econ\u00f3mico Mundial<\/p>\n<\/p>\n                                                                        <\/div>\n                                                                    <\/div>\n                                                                <\/div>\n                                                                <!-- Graphic Card With OLD layout end here -->\n                                                        \n                                                    <\/div>\n                                                <\/div>\n                                                                                                                                                                    <div class=\"text-graphic\">\n                                                    <div class=\"text-graph-row\">\n                                                        \n                                                                <!-- Graphic Card With OLD layout start here -->\n                                                                <div class=\"column-1\">\n                                                                                                                                                <div class=\"text-graph-img visible graphic-icon-enabled \">\n                                                                                                                                                                    <img decoding=\"async\" src=\"https:\/\/www.ipsen.com\/mx\/wp-content\/uploads\/sites\/4\/2025\/07\/Clinical-Studies.png\" alt=\"\" \/> \n                                                                                                                                                            <\/div>\n                                                                                                                                    <\/div>\n                                                                <div class=\"column-2\">\n                                                                    <div class=\"text-graph-content\">\n                                                                                                                                                        <div class=\"text-graph-title\">\n                                                                                <h4 role=\"heading\" aria-level=\"3\">Innovamos en la b\u00fasqueda de soluciones para pacientes que viven con Enfermedades Raras<\/h4>\n                                                                                <\/div>\n                                                                                                                                                <div class=\"text-graph-desc\">\n                                                                            <p><p>El portafolio de proyectos cl\u00ednicos de Enfermedades Raras se ha duplicado desde 2020<\/p>\n<\/p>\n                                                                        <\/div>\n                                                                    <\/div>\n                                                                <\/div>\n                                                                <!-- Graphic Card With OLD layout end here -->\n                                                        \n                                                    <\/div>\n                                                <\/div>\n                                                                                                                <\/div>\n                            <\/div>\n                                            <\/div> <!-- graphic-card carousel end here -->\n                <\/div> <!--Graphic detail section over here with 12 grid -->   \n            <\/div><!--row ended here-->\n        <\/div> <!-- graph-inner ended here -->\n        \n            <div class=\"more-result-btn\">\n                                            <\/div>\n        <\/div> <!--Container class ended here -->\n    <\/section>\n<!--Graphics Cards Carousel End Here-->\n\n\n\n<!--Regular card with carousel -->\n<section class=\"p-slider  bg-color-disabled \"  >\n      <div class=\"slider-heading-container\">\n          <h3 role=\"heading\" aria-level=\"2\" class=\"slider-title visible heading-three\">Principales noticias sobre Enfermedades Raras <\/h3>\n          <p class=\"charcoal-grey visible\"><\/p>\n      <\/div>\n              \n            <!-- glider insert -->\n            <div class=\"glider-contain multiple\">\n                                  <div class=\"glider-product\">\n                                      <\/div>\n            <\/div>\n           \n      <div class=\"cta-block visible\">\n                      <a title=\"M\u00e1s informaci\u00f3n\" aria-label=\"\" href=\"https:\/\/www.ipsen.com\/rare-diseases\/mapping-valuable-insights-from-the-fop-patient-community-in-the-uk-and-spain\/\" target=\"_blank\">\n                  <button class=\"regular-cta-btn btn-link section-btn cta-visible visible cta-visible\">\n                      M\u00e1s informaci\u00f3n                  <\/button>\n              <\/a>\n                <\/div>\n  <\/section>\n","protected":false},"excerpt":{"rendered":"","protected":false},"author":2,"featured_media":0,"parent":0,"menu_order":0,"comment_status":"closed","ping_status":"closed","template":"","meta":{"_acf_changed":false,"footnotes":""},"class_list":["post-2497","page","type-page","status-publish","hentry","entry"],"acf":[],"yoast_head":"<!-- This site is optimized with the Yoast SEO plugin v26.8 - https:\/\/yoast.com\/product\/yoast-seo-wordpress\/ -->\n<title>Innovaci\u00f3n en tratamientos para enfermedades raras<\/title>\n<meta name=\"description\" content=\"Exploramos y desarrollamos terapias pioneras que marcan la diferencia. #Ipsen #EnfermedadesRaras #Innovaci\u00f3nM\u00e9dica\" \/>\n<meta name=\"robots\" content=\"index, follow, max-snippet:-1, max-image-preview:large, max-video-preview:-1\" \/>\n<link rel=\"canonical\" href=\"https:\/\/www.ipsen.com\/mx\/enfermedades-raras\/\" \/>\n<meta property=\"og:locale\" content=\"es_MX\" \/>\n<meta property=\"og:type\" content=\"article\" \/>\n<meta property=\"og:title\" content=\"Innovaci\u00f3n en tratamientos para enfermedades raras\" \/>\n<meta property=\"og:description\" content=\"Exploramos y desarrollamos terapias pioneras que marcan la diferencia. #Ipsen #EnfermedadesRaras #Innovaci\u00f3nM\u00e9dica\" \/>\n<meta property=\"og:url\" content=\"https:\/\/www.ipsen.com\/mx\/enfermedades-raras\/\" \/>\n<meta property=\"og:site_name\" content=\"Mexico\" \/>\n<meta property=\"article:modified_time\" content=\"2025-07-28T11:24:01+00:00\" \/>\n<meta name=\"twitter:card\" content=\"summary_large_image\" \/>\n<script type=\"application\/ld+json\" class=\"yoast-schema-graph\">{\"@context\":\"https:\/\/schema.org\",\"@graph\":[{\"@type\":\"WebPage\",\"@id\":\"https:\/\/www.ipsen.com\/mx\/enfermedades-raras\/\",\"url\":\"https:\/\/www.ipsen.com\/mx\/enfermedades-raras\/\",\"name\":\"Innovaci\u00f3n en tratamientos para enfermedades raras\",\"isPartOf\":{\"@id\":\"https:\/\/www.ipsen.com\/mx\/#website\"},\"datePublished\":\"2023-10-16T15:23:52+00:00\",\"dateModified\":\"2025-07-28T11:24:01+00:00\",\"description\":\"Exploramos y desarrollamos terapias pioneras que marcan la diferencia. #Ipsen #EnfermedadesRaras #Innovaci\u00f3nM\u00e9dica\",\"breadcrumb\":{\"@id\":\"https:\/\/www.ipsen.com\/mx\/enfermedades-raras\/#breadcrumb\"},\"inLanguage\":\"es-MX\",\"potentialAction\":[{\"@type\":\"ReadAction\",\"target\":[\"https:\/\/www.ipsen.com\/mx\/enfermedades-raras\/\"]}]},{\"@type\":\"BreadcrumbList\",\"@id\":\"https:\/\/www.ipsen.com\/mx\/enfermedades-raras\/#breadcrumb\",\"itemListElement\":[{\"@type\":\"ListItem\",\"position\":1,\"name\":\"Home\",\"item\":\"https:\/\/www.ipsen.com\/mx\/\"},{\"@type\":\"ListItem\",\"position\":2,\"name\":\"Enfermedades Raras\"}]},{\"@type\":\"WebSite\",\"@id\":\"https:\/\/www.ipsen.com\/mx\/#website\",\"url\":\"https:\/\/www.ipsen.com\/mx\/\",\"name\":\"Mexico\",\"description\":\"\",\"potentialAction\":[{\"@type\":\"SearchAction\",\"target\":{\"@type\":\"EntryPoint\",\"urlTemplate\":\"https:\/\/www.ipsen.com\/mx\/?s={search_term_string}\"},\"query-input\":{\"@type\":\"PropertyValueSpecification\",\"valueRequired\":true,\"valueName\":\"search_term_string\"}}],\"inLanguage\":\"es-MX\"}]}<\/script>\n<!-- \/ Yoast SEO plugin. -->","yoast_head_json":{"title":"Innovaci\u00f3n en tratamientos para enfermedades raras","description":"Exploramos y desarrollamos terapias pioneras que marcan la diferencia. #Ipsen #EnfermedadesRaras #Innovaci\u00f3nM\u00e9dica","robots":{"index":"index","follow":"follow","max-snippet":"max-snippet:-1","max-image-preview":"max-image-preview:large","max-video-preview":"max-video-preview:-1"},"canonical":"https:\/\/www.ipsen.com\/mx\/enfermedades-raras\/","og_locale":"es_MX","og_type":"article","og_title":"Innovaci\u00f3n en tratamientos para enfermedades raras","og_description":"Exploramos y desarrollamos terapias pioneras que marcan la diferencia. #Ipsen #EnfermedadesRaras #Innovaci\u00f3nM\u00e9dica","og_url":"https:\/\/www.ipsen.com\/mx\/enfermedades-raras\/","og_site_name":"Mexico","article_modified_time":"2025-07-28T11:24:01+00:00","twitter_card":"summary_large_image","schema":{"@context":"https:\/\/schema.org","@graph":[{"@type":"WebPage","@id":"https:\/\/www.ipsen.com\/mx\/enfermedades-raras\/","url":"https:\/\/www.ipsen.com\/mx\/enfermedades-raras\/","name":"Innovaci\u00f3n en tratamientos para enfermedades raras","isPartOf":{"@id":"https:\/\/www.ipsen.com\/mx\/#website"},"datePublished":"2023-10-16T15:23:52+00:00","dateModified":"2025-07-28T11:24:01+00:00","description":"Exploramos y desarrollamos terapias pioneras que marcan la diferencia. #Ipsen #EnfermedadesRaras #Innovaci\u00f3nM\u00e9dica","breadcrumb":{"@id":"https:\/\/www.ipsen.com\/mx\/enfermedades-raras\/#breadcrumb"},"inLanguage":"es-MX","potentialAction":[{"@type":"ReadAction","target":["https:\/\/www.ipsen.com\/mx\/enfermedades-raras\/"]}]},{"@type":"BreadcrumbList","@id":"https:\/\/www.ipsen.com\/mx\/enfermedades-raras\/#breadcrumb","itemListElement":[{"@type":"ListItem","position":1,"name":"Home","item":"https:\/\/www.ipsen.com\/mx\/"},{"@type":"ListItem","position":2,"name":"Enfermedades Raras"}]},{"@type":"WebSite","@id":"https:\/\/www.ipsen.com\/mx\/#website","url":"https:\/\/www.ipsen.com\/mx\/","name":"Mexico","description":"","potentialAction":[{"@type":"SearchAction","target":{"@type":"EntryPoint","urlTemplate":"https:\/\/www.ipsen.com\/mx\/?s={search_term_string}"},"query-input":{"@type":"PropertyValueSpecification","valueRequired":true,"valueName":"search_term_string"}}],"inLanguage":"es-MX"}]}},"parsely":{"version":"1.1.0","canonical_url":"https:\/\/ipsen.com\/mx\/enfermedades-raras\/","smart_links":{"inbound":0,"outbound":0},"traffic_boost_suggestions_count":0,"meta":{"@context":"https:\/\/schema.org","@type":"WebPage","headline":"Enfermedades Raras","url":"http:\/\/www.ipsen.com\/mx\/enfermedades-raras\/","mainEntityOfPage":{"@type":"WebPage","@id":"http:\/\/www.ipsen.com\/mx\/enfermedades-raras\/"},"thumbnailUrl":"","image":{"@type":"ImageObject","url":""},"articleSection":"General","author":[{"@type":"Person","name":"navya"}],"creator":["navya"],"publisher":{"@type":"Organization","name":"Mexico","logo":""},"keywords":[],"dateCreated":"2023-10-16T15:23:52Z","datePublished":"2023-10-16T15:23:52Z","dateModified":"2025-07-28T11:24:01Z"},"rendered":"<script type=\"application\/ld+json\" class=\"wp-parsely-metadata\">{\"@context\":\"https:\\\/\\\/schema.org\",\"@type\":\"WebPage\",\"headline\":\"Enfermedades Raras\",\"url\":\"http:\\\/\\\/www.ipsen.com\\\/mx\\\/enfermedades-raras\\\/\",\"mainEntityOfPage\":{\"@type\":\"WebPage\",\"@id\":\"http:\\\/\\\/www.ipsen.com\\\/mx\\\/enfermedades-raras\\\/\"},\"thumbnailUrl\":\"\",\"image\":{\"@type\":\"ImageObject\",\"url\":\"\"},\"articleSection\":\"General\",\"author\":[{\"@type\":\"Person\",\"name\":\"navya\"}],\"creator\":[\"navya\"],\"publisher\":{\"@type\":\"Organization\",\"name\":\"Mexico\",\"logo\":\"\"},\"keywords\":[],\"dateCreated\":\"2023-10-16T15:23:52Z\",\"datePublished\":\"2023-10-16T15:23:52Z\",\"dateModified\":\"2025-07-28T11:24:01Z\"}<\/script>","tracker_url":"https:\/\/cdn.parsely.com\/keys\/ipsen.com\/p.js"},"jetpack_sharing_enabled":true,"_links":{"self":[{"href":"https:\/\/www.ipsen.com\/mx\/wp-json\/wp\/v2\/pages\/2497","targetHints":{"allow":["GET"]}}],"collection":[{"href":"https:\/\/www.ipsen.com\/mx\/wp-json\/wp\/v2\/pages"}],"about":[{"href":"https:\/\/www.ipsen.com\/mx\/wp-json\/wp\/v2\/types\/page"}],"author":[{"embeddable":true,"href":"https:\/\/www.ipsen.com\/mx\/wp-json\/wp\/v2\/users\/2"}],"replies":[{"embeddable":true,"href":"https:\/\/www.ipsen.com\/mx\/wp-json\/wp\/v2\/comments?post=2497"}],"version-history":[{"count":4,"href":"https:\/\/www.ipsen.com\/mx\/wp-json\/wp\/v2\/pages\/2497\/revisions"}],"predecessor-version":[{"id":2897,"href":"https:\/\/www.ipsen.com\/mx\/wp-json\/wp\/v2\/pages\/2497\/revisions\/2897"}],"wp:attachment":[{"href":"https:\/\/www.ipsen.com\/mx\/wp-json\/wp\/v2\/media?parent=2497"}],"curies":[{"name":"wp","href":"https:\/\/api.w.org\/{rel}","templated":true}]}}