{"id":2491,"date":"2025-06-19T12:49:31","date_gmt":"2025-06-19T10:49:31","guid":{"rendered":"https:\/\/www.ipsen.com\/mx\/compania\/nuestra-historia\/"},"modified":"2025-07-02T06:32:24","modified_gmt":"2025-07-02T04:32:24","slug":"nuestra-historia","status":"publish","type":"page","link":"https:\/\/www.ipsen.com\/mx\/compania\/nuestra-historia\/","title":{"rendered":"Nuestra historia\u00a0"},"content":{"rendered":"    <section class=\"sub-page-banner bg-img-enabled  banner-no-filter\" style=\"background-image:url(https:\/\/www.ipsen.com\/mx\/wp-content\/uploads\/sites\/4\/2025\/07\/Company-History.jpg)\">\n                <div class=\"container content-sec\">\n            <nav aria-label=\"breadcrumb\">\n            <ol class=\"breadcrumb\">\n                <li class=\"breadcrumb-item\"><a href=\"https:\/\/www.ipsen.com\/mx\">Inicio<\/a><\/li><li class=\"breadcrumb-item visible\"><a href=\"https:\/\/www.ipsen.com\/mx\/compania\/\">Compa\u00f1\u00eda<\/a><\/li><li class=\"breadcrumb-item active\"><a class=\"link-pointer-events-none\" href=\"#\" aria-current=\"page\">Nuestra historia\u00a0<\/a><\/li><\/ol>\n            <\/nav>            <h1 class=\"visible banner-font-color-white\">Nuestra historia\u00a0<\/h1>\n            <p class=\"visible banner-font-color-white\">M\u00e1s de 90 a\u00f1os trabajando en \u00e1reas de grandes necesidades m\u00e9dicas no cubiertas<\/p>\n        <\/div>\n    <\/section>\n\n\n\n    <section class=\"title-text \">\n        <div class=\"container\">\n            <div class=\"title-text-inner\" style=\"background-color:#EDEBE4;\">\n\n                <!-- If heading is enabled then it's visible -->\n                <div class=\"text-head-dash hidden\">\n                <h3 class=\"heading-three\" role=\"heading\" aria-level=\"2\">\n                                            <\/h3>\n                <\/div>\n               \n                <!-- If description is enabled then it's visible -->\n                <div class=\"text-parbase visible\">\n                    <p>Fundada en 1929 como empresa familiar, Ipsen tiene casi un siglo de experiencia y conocimientos que se centran actualmente en tres \u00e1reas terap\u00e9uticas: oncolog\u00eda, enfermedades poco frecuentes y neurociencias.<\/p>\n                <\/div>\n\n                <!-- If button is enabled then it's visible -->\n                \n            <\/div>\n        <\/div>\n    <\/section>\n\n\n\u00a0\n<!-- Ipsen History Timeline Start -->\n<section class=\"history-pipeline\" >\n\t<div class=\"container\">\n  \t\t<h3 class=\"history-title heading-three\">\n\t\t\tLos hitos de Ipsen\t\t<\/h3>\n  \t\t\t\t\t<input type=\"hidden\" class=\"pagenum\" value=\"1\" \/>\n\t\t\t<input type=\"hidden\" class=\"total-page\" id=\"total_page\" value=\"15\" \/>\n\t\t\t<input type=\"hidden\" class=\"post_id\" id=\"post_id\" value=\"2491\" \/>\n\t\t\t<input type=\"hidden\" class=\"tot_load_post\" id=\"tot_load_post\" value=\"\" \/>\n\t\t\t<input type=\"hidden\" class=\"start_inn\" id=\"start_inn\" value=\"5\" \/>\n\t\t\t\t  \t\t\t<div class=\"timeline-filter\">\n\t  \t\t\tPer\u00edodo \n\t\t\t\t<select aria-label=\"period\" name=\"period\" id=\"period\" onChange=\"getyears()\" tabindex=\"0\">\t\t\t\t\t\t\t\t\n\t\t\t\t\t<option value=\"all\">Toda<\/option>\n\t\t\t\t\t\t\t\t\t\t\t<option value=\"2022\">2022<\/option>\n\t\t\t\t\t\t\t\t\t\t\t\t\t<option value=\"2017\">2017<\/option>\n\t\t\t\t\t\t\t\t\t\t\t\t\t<option value=\"2016\">2016<\/option>\n\t\t\t\t\t\t\t\t\t\t\t\t\t<option value=\"2011\">2011<\/option>\n\t\t\t\t\t\t\t\t\t\t\t\t\t<option value=\"2007\">2007<\/option>\n\t\t\t\t\t\t\t\t\t\t\t\t\t<option value=\"2005\">2005<\/option>\n\t\t\t\t\t\t\t\t\t\t\t\t\t<option value=\"2004\">2004<\/option>\n\t\t\t\t\t\t\t\t\t\t\t\t\t<option value=\"2003\">2003<\/option>\n\t\t\t\t\t\t\t\t\t\t\t\t\t<option value=\"2000\">2000<\/option>\n\t\t\t\t\t\t\t\t\t\t\t\t\t<option value=\"1990\">1990<\/option>\n\t\t\t\t\t\t\t\t\t\t\t\t\t<option value=\"1980\">1980<\/option>\n\t\t\t\t\t\t\t\t\t\t\t\t\t<option value=\"1970\">1970<\/option>\n\t\t\t\t\t\t\t\t\t\t\t\t\t<option value=\"1960\">1960<\/option>\n\t\t\t\t\t\t\t\t\t\t\t\t\t<option value=\"1950\">1950<\/option>\n\t\t\t\t\t\t\t\t\t\t\t\t\t<option value=\"1929\">1929<\/option>\n\t\t\t\t\t\t\t\t\t\t\t<\/select>\n  \t\t\t<\/div>\n  \t\t  \t\t<div id=\"loading\"\n\t\t  style=\"background-image: url('https:\/\/www.ipsen.com\/mx\/wp-content\/themes\/ipsen-main\/dist\/images\/loader.png');z-index: 9999;display: none;position: absolute;left: 50%;\">\n\t  \t<\/div>\n\t\t<div class=\"main-timeline\">\t\n   \t\t\t\t\t<div>\n\t\t\t<div class=\"custom-year-right\"  >\n\t\t\t<i class=\"far fa-clock\" aria-hidden=\"true\"><\/i> \n\t\t\t\t\t<h5> 2022 <\/h5>\n\t\t\t<\/div>\n\t\t\t<div class=\"timeline left-2\">\n\t\t\t\t<div class=\"card-history\">\n\t\t\t\t\t\t\t\t\t<div class=\"card-body\">                   \n\t\t\t\t\t<div class=\"mb-0\"><p><p><strong>Ipsen<\/strong> anunci\u00f3 el fin de la venta de su divisi\u00f3n Consumer HealthCare (CHC) en julio. Esta estrategia es un paso clave para la compa\u00f1\u00eda al concentrar su enfoque en \u00e1reas de alta especialidad en el mercado de la salud.<\/p>\n<\/p><\/div>\n\t\t\t\t<\/div>\n\t\t\t\t<\/div>              \n\t\t\t<\/div>        \n\t\t<\/div>\n\t\t\t\t\t<div>\n\t\t\t<div class=\"custom-year-left\"  >\n\t\t\t<i class=\"far fa-clock\" aria-hidden=\"true\"><\/i> \n\t\t\t\t\t<h5> 2017 <\/h5>\n\t\t\t<\/div>\n\t\t\t<div class=\"timeline right-2\">\n\t\t\t\t<div class=\"card-history\">\n\t\t\t\t\t\t\t\t\t<div class=\"card-body\">                   \n\t\t\t\t\t<div class=\"mb-0\"><p><p>Ipsen<strong> M\u00e9xico<\/strong>\u00a0obtuvo la licencia sanitaria que le permite almacenar medicamentos biol\u00f3gicos y hemoderivados, as\u00ed como la gesti\u00f3n de c\u00e1maras fr\u00edas. Esta autorizaci\u00f3n demuestra el compromiso de <strong>Ipsen<\/strong> con las mejores pr\u00e1cticas en el manejo de medicamentos, garantizando condiciones \u00f3ptimas para asegurar la calidad y eficacia de sus productos en el mercado mexicano.<\/p>\n<\/p><\/div>\n\t\t\t\t<\/div>\n\t\t\t\t<\/div>              \n\t\t\t<\/div>        \n\t\t<\/div>\n\t\t\t\t\t<div>\n\t\t\t<div class=\"custom-year-right\"  >\n\t\t\t<i class=\"far fa-clock\" aria-hidden=\"true\"><\/i> \n\t\t\t\t\t<h5> 2016 <\/h5>\n\t\t\t<\/div>\n\t\t\t<div class=\"timeline left-2\">\n\t\t\t\t<div class=\"card-history\">\n\t\t\t\t\t\t\t\t\t<div class=\"card-body\">                   \n\t\t\t\t\t<div class=\"mb-0\"><p><p>Este a\u00f1o marc\u00f3 un momento trascendental con el establecimiento formal de <strong>Ipsen M\u00e9xico.<\/strong> Este paso estrat\u00e9gico demuestra el compromiso continuo de la empresa con el mercado local y su determinaci\u00f3n de contribuir de manera significativa al panorama de la salud en el territorio mexicano.<\/p>\n<p>&nbsp;<\/p>\n<\/p><\/div>\n\t\t\t\t<\/div>\n\t\t\t\t<\/div>              \n\t\t\t<\/div>        \n\t\t<\/div>\n\t\t\t\t\t<div>\n\t\t\t<div class=\"custom-year-left\"  >\n\t\t\t<i class=\"far fa-clock\" aria-hidden=\"true\"><\/i> \n\t\t\t\t\t<h5> 2011 <\/h5>\n\t\t\t<\/div>\n\t\t\t<div class=\"timeline right-2\">\n\t\t\t\t<div class=\"card-history\">\n\t\t\t\t\t\t\t\t\t<div class=\"card-body\">                   \n\t\t\t\t\t<div class=\"mb-0\"><p><p><strong>Ipsen<\/strong> deline\u00f3 una nueva orientaci\u00f3n estrat\u00e9gica centrada en tres pilares clave: medicina especializada, investigaci\u00f3n y desarrollo y, expansi\u00f3n internacional. El enfoque en la medicina especializada resalta la determinaci\u00f3n de la compa\u00f1\u00eda de proporcionar soluciones terap\u00e9uticas altamente focalizadas adaptadas a las necesidades espec\u00edficas de los pacientes. La atenci\u00f3n a la investigaci\u00f3n y desarrollo expone la ambici\u00f3n de <strong>Ipsen<\/strong> de mantenerse a la vanguardia de la innovaci\u00f3n cient\u00edfica.<\/p>\n<p>La expansi\u00f3n internacional, otro pilar crucial, marc\u00f3 el camino hacia la presencia global de <strong>Ipsen.<\/strong> Este enfoque ampli\u00f3 sus horizontes geogr\u00e1ficos, fortaleciendo su capacidad para adaptarse a las din\u00e1micas cambiantes del mercado global y consolidando su posici\u00f3n como actor destacado en el \u00e1mbito internacional<\/p>\n<\/p><\/div>\n\t\t\t\t<\/div>\n\t\t\t\t<\/div>              \n\t\t\t<\/div>        \n\t\t<\/div>\n\t\t\t\t\t<div>\n\t\t\t<div class=\"custom-year-right\"  >\n\t\t\t<i class=\"far fa-clock\" aria-hidden=\"true\"><\/i> \n\t\t\t\t\t<h5> 2007 <\/h5>\n\t\t\t<\/div>\n\t\t\t<div class=\"timeline left-2\">\n\t\t\t\t<div class=\"card-history\">\n\t\t\t\t\t\t\t\t\t<div class=\"card-body\">                   \n\t\t\t\t\t<div class=\"mb-0\"><p><p><strong>Ipsen<\/strong> logr\u00f3 importantes hitos y asociaciones estrat\u00e9gicas que fortalecieron su posici\u00f3n en la industria de la salud y la biotecnolog\u00eda. Sus acciones se incluyeron en el \u00edndice burs\u00e1til SBF 120, resaltando su s\u00f3lido crecimiento financiero. La colaboraci\u00f3n con Galderma en tratamientos vinculados con medicina est\u00e9tica y neurociencias destac\u00f3 su capacidad para establecer asociaciones clave.<\/p>\n<p>Adem\u00e1s, la empresa obtuvo la aprobaci\u00f3n de la Agencia Europea de Medicamentos diversas enfermedades en nueve pa\u00edses europeos. <strong>Ipsen<\/strong> tambi\u00e9n <strong>ampli\u00f3 sus operaciones hacia M\u00e9xico,<\/strong> consolidando su presencia en la regi\u00f3n y llevando su compromiso con la excelencia y la calidad al pa\u00eds<\/p>\n<\/p><\/div>\n\t\t\t\t<\/div>\n\t\t\t\t<\/div>              \n\t\t\t<\/div>        \n\t\t<\/div>\n\t\t\t\t\t\n\t<\/div>\t\n\t\t\t   <\/div>\n<\/section>\n<!-- Ipsen History Timeline End -->\n\n\n","protected":false},"excerpt":{"rendered":"","protected":false},"author":3,"featured_media":0,"parent":2487,"menu_order":0,"comment_status":"closed","ping_status":"closed","template":"","meta":{"_acf_changed":false,"footnotes":""},"class_list":["post-2491","page","type-page","status-publish","hentry","entry"],"acf":[],"yoast_head":"<!-- This site is optimized with the Yoast SEO plugin v26.8 - https:\/\/yoast.com\/product\/yoast-seo-wordpress\/ -->\n<title>La historia e hitos de Ipsen<\/title>\n<meta name=\"description\" content=\"Descripci\u00f3n general de los hitos en el inicio y el crecimiento de Ipsen, una empresa familiar con casi un siglo de experiencia en productos farmac\u00e9uticos.\" \/>\n<meta name=\"robots\" content=\"index, follow, max-snippet:-1, max-image-preview:large, max-video-preview:-1\" \/>\n<link rel=\"canonical\" href=\"https:\/\/www.ipsen.com\/mx\/compania\/nuestra-historia\/\" \/>\n<meta property=\"og:locale\" content=\"es_MX\" \/>\n<meta property=\"og:type\" content=\"article\" \/>\n<meta property=\"og:title\" content=\"La historia e hitos de Ipsen\" \/>\n<meta property=\"og:description\" content=\"Descripci\u00f3n general de los hitos en el inicio y el crecimiento de Ipsen, una empresa familiar con casi un siglo de experiencia en productos farmac\u00e9uticos.\" \/>\n<meta property=\"og:url\" content=\"https:\/\/www.ipsen.com\/mx\/compania\/nuestra-historia\/\" \/>\n<meta property=\"og:site_name\" content=\"Mexico\" \/>\n<meta property=\"article:modified_time\" content=\"2025-07-02T04:32:24+00:00\" \/>\n<meta name=\"twitter:card\" content=\"summary_large_image\" \/>\n<script type=\"application\/ld+json\" class=\"yoast-schema-graph\">{\"@context\":\"https:\/\/schema.org\",\"@graph\":[{\"@type\":\"WebPage\",\"@id\":\"https:\/\/www.ipsen.com\/mx\/compania\/nuestra-historia\/\",\"url\":\"https:\/\/www.ipsen.com\/mx\/compania\/nuestra-historia\/\",\"name\":\"La historia e hitos de Ipsen\",\"isPartOf\":{\"@id\":\"https:\/\/www.ipsen.com\/mx\/#website\"},\"datePublished\":\"2025-06-19T10:49:31+00:00\",\"dateModified\":\"2025-07-02T04:32:24+00:00\",\"description\":\"Descripci\u00f3n general de los hitos en el inicio y el crecimiento de Ipsen, una empresa familiar con casi un siglo de experiencia en productos farmac\u00e9uticos.\",\"breadcrumb\":{\"@id\":\"https:\/\/www.ipsen.com\/mx\/compania\/nuestra-historia\/#breadcrumb\"},\"inLanguage\":\"es-MX\",\"potentialAction\":[{\"@type\":\"ReadAction\",\"target\":[\"https:\/\/www.ipsen.com\/mx\/compania\/nuestra-historia\/\"]}]},{\"@type\":\"BreadcrumbList\",\"@id\":\"https:\/\/www.ipsen.com\/mx\/compania\/nuestra-historia\/#breadcrumb\",\"itemListElement\":[{\"@type\":\"ListItem\",\"position\":1,\"name\":\"Home\",\"item\":\"https:\/\/www.ipsen.com\/mx\/\"},{\"@type\":\"ListItem\",\"position\":2,\"name\":\"Compa\u00f1\u00eda\",\"item\":\"https:\/\/www.ipsen.com\/mx\/compania\/\"},{\"@type\":\"ListItem\",\"position\":3,\"name\":\"Nuestra historia\u00a0\"}]},{\"@type\":\"WebSite\",\"@id\":\"https:\/\/www.ipsen.com\/mx\/#website\",\"url\":\"https:\/\/www.ipsen.com\/mx\/\",\"name\":\"Mexico\",\"description\":\"\",\"potentialAction\":[{\"@type\":\"SearchAction\",\"target\":{\"@type\":\"EntryPoint\",\"urlTemplate\":\"https:\/\/www.ipsen.com\/mx\/?s={search_term_string}\"},\"query-input\":{\"@type\":\"PropertyValueSpecification\",\"valueRequired\":true,\"valueName\":\"search_term_string\"}}],\"inLanguage\":\"es-MX\"}]}<\/script>\n<!-- \/ Yoast SEO plugin. -->","yoast_head_json":{"title":"La historia e hitos de Ipsen","description":"Descripci\u00f3n general de los hitos en el inicio y el crecimiento de Ipsen, una empresa familiar con casi un siglo de experiencia en productos farmac\u00e9uticos.","robots":{"index":"index","follow":"follow","max-snippet":"max-snippet:-1","max-image-preview":"max-image-preview:large","max-video-preview":"max-video-preview:-1"},"canonical":"https:\/\/www.ipsen.com\/mx\/compania\/nuestra-historia\/","og_locale":"es_MX","og_type":"article","og_title":"La historia e hitos de Ipsen","og_description":"Descripci\u00f3n general de los hitos en el inicio y el crecimiento de Ipsen, una empresa familiar con casi un siglo de experiencia en productos farmac\u00e9uticos.","og_url":"https:\/\/www.ipsen.com\/mx\/compania\/nuestra-historia\/","og_site_name":"Mexico","article_modified_time":"2025-07-02T04:32:24+00:00","twitter_card":"summary_large_image","schema":{"@context":"https:\/\/schema.org","@graph":[{"@type":"WebPage","@id":"https:\/\/www.ipsen.com\/mx\/compania\/nuestra-historia\/","url":"https:\/\/www.ipsen.com\/mx\/compania\/nuestra-historia\/","name":"La historia e hitos de Ipsen","isPartOf":{"@id":"https:\/\/www.ipsen.com\/mx\/#website"},"datePublished":"2025-06-19T10:49:31+00:00","dateModified":"2025-07-02T04:32:24+00:00","description":"Descripci\u00f3n general de los hitos en el inicio y el crecimiento de Ipsen, una empresa familiar con casi un siglo de experiencia en productos farmac\u00e9uticos.","breadcrumb":{"@id":"https:\/\/www.ipsen.com\/mx\/compania\/nuestra-historia\/#breadcrumb"},"inLanguage":"es-MX","potentialAction":[{"@type":"ReadAction","target":["https:\/\/www.ipsen.com\/mx\/compania\/nuestra-historia\/"]}]},{"@type":"BreadcrumbList","@id":"https:\/\/www.ipsen.com\/mx\/compania\/nuestra-historia\/#breadcrumb","itemListElement":[{"@type":"ListItem","position":1,"name":"Home","item":"https:\/\/www.ipsen.com\/mx\/"},{"@type":"ListItem","position":2,"name":"Compa\u00f1\u00eda","item":"https:\/\/www.ipsen.com\/mx\/compania\/"},{"@type":"ListItem","position":3,"name":"Nuestra historia\u00a0"}]},{"@type":"WebSite","@id":"https:\/\/www.ipsen.com\/mx\/#website","url":"https:\/\/www.ipsen.com\/mx\/","name":"Mexico","description":"","potentialAction":[{"@type":"SearchAction","target":{"@type":"EntryPoint","urlTemplate":"https:\/\/www.ipsen.com\/mx\/?s={search_term_string}"},"query-input":{"@type":"PropertyValueSpecification","valueRequired":true,"valueName":"search_term_string"}}],"inLanguage":"es-MX"}]}},"parsely":{"version":"1.1.0","canonical_url":"https:\/\/ipsen.com\/mx\/compania\/nuestra-historia\/","smart_links":{"inbound":0,"outbound":0},"traffic_boost_suggestions_count":0,"meta":{"@context":"https:\/\/schema.org","@type":"WebPage","headline":"Nuestra historia\u00a0","url":"http:\/\/www.ipsen.com\/mx\/compania\/nuestra-historia\/","mainEntityOfPage":{"@type":"WebPage","@id":"http:\/\/www.ipsen.com\/mx\/compania\/nuestra-historia\/"},"thumbnailUrl":"","image":{"@type":"ImageObject","url":""},"articleSection":"General","author":[{"@type":"Person","name":"Dipika"}],"creator":["Dipika"],"publisher":{"@type":"Organization","name":"Mexico","logo":""},"keywords":[],"dateCreated":"2025-06-19T10:49:31Z","datePublished":"2025-06-19T10:49:31Z","dateModified":"2025-07-02T04:32:24Z"},"rendered":"<script type=\"application\/ld+json\" class=\"wp-parsely-metadata\">{\"@context\":\"https:\\\/\\\/schema.org\",\"@type\":\"WebPage\",\"headline\":\"Nuestra historia\\u00a0\",\"url\":\"http:\\\/\\\/www.ipsen.com\\\/mx\\\/compania\\\/nuestra-historia\\\/\",\"mainEntityOfPage\":{\"@type\":\"WebPage\",\"@id\":\"http:\\\/\\\/www.ipsen.com\\\/mx\\\/compania\\\/nuestra-historia\\\/\"},\"thumbnailUrl\":\"\",\"image\":{\"@type\":\"ImageObject\",\"url\":\"\"},\"articleSection\":\"General\",\"author\":[{\"@type\":\"Person\",\"name\":\"Dipika\"}],\"creator\":[\"Dipika\"],\"publisher\":{\"@type\":\"Organization\",\"name\":\"Mexico\",\"logo\":\"\"},\"keywords\":[],\"dateCreated\":\"2025-06-19T10:49:31Z\",\"datePublished\":\"2025-06-19T10:49:31Z\",\"dateModified\":\"2025-07-02T04:32:24Z\"}<\/script>","tracker_url":"https:\/\/cdn.parsely.com\/keys\/ipsen.com\/p.js"},"jetpack_sharing_enabled":true,"_links":{"self":[{"href":"https:\/\/www.ipsen.com\/mx\/wp-json\/wp\/v2\/pages\/2491","targetHints":{"allow":["GET"]}}],"collection":[{"href":"https:\/\/www.ipsen.com\/mx\/wp-json\/wp\/v2\/pages"}],"about":[{"href":"https:\/\/www.ipsen.com\/mx\/wp-json\/wp\/v2\/types\/page"}],"author":[{"embeddable":true,"href":"https:\/\/www.ipsen.com\/mx\/wp-json\/wp\/v2\/users\/3"}],"replies":[{"embeddable":true,"href":"https:\/\/www.ipsen.com\/mx\/wp-json\/wp\/v2\/comments?post=2491"}],"version-history":[{"count":2,"href":"https:\/\/www.ipsen.com\/mx\/wp-json\/wp\/v2\/pages\/2491\/revisions"}],"predecessor-version":[{"id":2765,"href":"https:\/\/www.ipsen.com\/mx\/wp-json\/wp\/v2\/pages\/2491\/revisions\/2765"}],"up":[{"embeddable":true,"href":"https:\/\/www.ipsen.com\/mx\/wp-json\/wp\/v2\/pages\/2487"}],"wp:attachment":[{"href":"https:\/\/www.ipsen.com\/mx\/wp-json\/wp\/v2\/media?parent=2491"}],"curies":[{"name":"wp","href":"https:\/\/api.w.org\/{rel}","templated":true}]}}