{"id":2489,"date":"2025-06-19T12:49:30","date_gmt":"2025-06-19T10:49:30","guid":{"rendered":"https:\/\/www.ipsen.com\/mx\/compania\/fundacion-ipsen-2\/"},"modified":"2025-07-02T06:33:31","modified_gmt":"2025-07-02T04:33:31","slug":"fundacion-ipsen-2","status":"publish","type":"page","link":"https:\/\/www.ipsen.com\/mx\/compania\/fundacion-ipsen-2\/","title":{"rendered":"Fundaci\u00f3n Ipsen"},"content":{"rendered":"    <section class=\"sub-page-banner bg-img\" style=\"background-image:url(https:\/\/www.ipsen.com\/mx\/wp-content\/uploads\/sites\/4\/2025\/07\/Company-Foundation-Ipsen.jpg)\">\n        <div class=\"container content-sec\">\n            <nav aria-label=\"breadcrumb\">\n            <ol class=\"breadcrumb\">\n                <li class=\"breadcrumb-item\"><a href=\"https:\/\/www.ipsen.com\/mx\">Inicio<\/a><\/li><li class=\"breadcrumb-item visible\"><a href=\"https:\/\/www.ipsen.com\/mx\/compania\/\">Compa\u00f1\u00eda<\/a><\/li><li class=\"breadcrumb-item active\"><a class=\"link-pointer-events-none\" href=\"#\" aria-current=\"page\">Fundaci\u00f3n Ipsen<\/a><\/li><\/ol>\n            <\/nav>            <h1 class=\"visible\">Fundaci\u00f3n Ipsen<\/h1>\n            <p class=\"visible\">Trabajamos para mejorar la vida de personas extraordinarias<\/p>\n        <\/div>\n    <\/section>\n\n\n    <section class=\"title-text \">\n        <div class=\"container\">\n            <div class=\"title-text-inner\" style=\"background-color:#EDEBE4;\">\n\n                <!-- If heading is enabled then it's visible -->\n                <div class=\"text-head-dash hidden\">\n                <h3 class=\"heading-three\" role=\"heading\" aria-level=\"2\">\n                                            <\/h3>\n                <\/div>\n               \n                <!-- If description is enabled then it's visible -->\n                <div class=\"text-parbase visible\">\n                    <p><strong>Fundaci\u00f3n Ipsen,<\/strong> creada en 1983 con el respaldo de la <em>Fondation France<\/em> (Fundaci\u00f3n de Francia), es una organizaci\u00f3n sin fines de lucro. Esta instituci\u00f3n est\u00e1 dedicada a educar, crear conciencia y promover la detecci\u00f3n temprana de enfermedades poco frecuentes, en colaboraci\u00f3n con destacados l\u00edderes de las comunidades m\u00e9dicas y cient\u00edficas.<\/p>\n<p>Para m\u00e1s informaci\u00f3n, puedes escribirnos a <strong><a href=\"mailto:contacto.mexico@ipsen.com\">contacto.mexico@ipsen.com<\/a> <\/strong>o hacer clic en el bot\u00f3n &#8220;Conoce m\u00e1s&#8221;<\/p>\n                <\/div>\n\n                <!-- If button is enabled then it's visible -->\n                                        <div class=\"btn-txt\">\n                            <a \n                                aria-label=\"\" \n                                class=\"btn-link section-btn cta-visible\"  \n                                role=\"link\"\n                                href=\"https:\/\/www.ipsen.com\/company\/foundation-ipsen\/\" target=\"_blank\">\n                                Conoce m\u00e1s                            <\/a>\n                        <\/div>\n                \n            <\/div>\n        <\/div>\n    <\/section>\n","protected":false},"excerpt":{"rendered":"","protected":false},"author":3,"featured_media":0,"parent":2487,"menu_order":0,"comment_status":"closed","ping_status":"closed","template":"","meta":{"_acf_changed":false,"footnotes":""},"class_list":["post-2489","page","type-page","status-publish","hentry","entry"],"acf":[],"yoast_head":"<!-- This site is optimized with the Yoast SEO plugin v26.8 - https:\/\/yoast.com\/product\/yoast-seo-wordpress\/ -->\n<title>Dedicados a trabajar para las personas extraordinarias<\/title>\n<meta name=\"description\" content=\"Organizaci\u00f3n sin \u00e1nimo de lucro\" \/>\n<meta name=\"robots\" content=\"index, follow, max-snippet:-1, max-image-preview:large, max-video-preview:-1\" \/>\n<link rel=\"canonical\" href=\"https:\/\/www.ipsen.com\/mx\/compania\/fundacion-ipsen-2\/\" \/>\n<meta property=\"og:locale\" content=\"es_MX\" \/>\n<meta property=\"og:type\" content=\"article\" \/>\n<meta property=\"og:title\" content=\"Dedicados a trabajar para las personas extraordinarias\" \/>\n<meta property=\"og:description\" content=\"Organizaci\u00f3n sin \u00e1nimo de lucro\" \/>\n<meta property=\"og:url\" content=\"https:\/\/www.ipsen.com\/mx\/compania\/fundacion-ipsen-2\/\" \/>\n<meta property=\"og:site_name\" content=\"Mexico\" \/>\n<meta property=\"article:modified_time\" content=\"2025-07-02T04:33:31+00:00\" \/>\n<meta name=\"twitter:card\" content=\"summary_large_image\" \/>\n<script type=\"application\/ld+json\" class=\"yoast-schema-graph\">{\"@context\":\"https:\/\/schema.org\",\"@graph\":[{\"@type\":\"WebPage\",\"@id\":\"https:\/\/www.ipsen.com\/mx\/compania\/fundacion-ipsen-2\/\",\"url\":\"https:\/\/www.ipsen.com\/mx\/compania\/fundacion-ipsen-2\/\",\"name\":\"Dedicados a trabajar para las personas extraordinarias\",\"isPartOf\":{\"@id\":\"https:\/\/www.ipsen.com\/mx\/#website\"},\"datePublished\":\"2025-06-19T10:49:30+00:00\",\"dateModified\":\"2025-07-02T04:33:31+00:00\",\"description\":\"Organizaci\u00f3n sin \u00e1nimo de lucro\",\"breadcrumb\":{\"@id\":\"https:\/\/www.ipsen.com\/mx\/compania\/fundacion-ipsen-2\/#breadcrumb\"},\"inLanguage\":\"es-MX\",\"potentialAction\":[{\"@type\":\"ReadAction\",\"target\":[\"https:\/\/www.ipsen.com\/mx\/compania\/fundacion-ipsen-2\/\"]}]},{\"@type\":\"BreadcrumbList\",\"@id\":\"https:\/\/www.ipsen.com\/mx\/compania\/fundacion-ipsen-2\/#breadcrumb\",\"itemListElement\":[{\"@type\":\"ListItem\",\"position\":1,\"name\":\"Home\",\"item\":\"https:\/\/www.ipsen.com\/mx\/\"},{\"@type\":\"ListItem\",\"position\":2,\"name\":\"Compa\u00f1\u00eda\",\"item\":\"https:\/\/www.ipsen.com\/mx\/compania\/\"},{\"@type\":\"ListItem\",\"position\":3,\"name\":\"Fundaci\u00f3n Ipsen\"}]},{\"@type\":\"WebSite\",\"@id\":\"https:\/\/www.ipsen.com\/mx\/#website\",\"url\":\"https:\/\/www.ipsen.com\/mx\/\",\"name\":\"Mexico\",\"description\":\"\",\"potentialAction\":[{\"@type\":\"SearchAction\",\"target\":{\"@type\":\"EntryPoint\",\"urlTemplate\":\"https:\/\/www.ipsen.com\/mx\/?s={search_term_string}\"},\"query-input\":{\"@type\":\"PropertyValueSpecification\",\"valueRequired\":true,\"valueName\":\"search_term_string\"}}],\"inLanguage\":\"es-MX\"}]}<\/script>\n<!-- \/ Yoast SEO plugin. -->","yoast_head_json":{"title":"Dedicados a trabajar para las personas extraordinarias","description":"Organizaci\u00f3n sin \u00e1nimo de lucro","robots":{"index":"index","follow":"follow","max-snippet":"max-snippet:-1","max-image-preview":"max-image-preview:large","max-video-preview":"max-video-preview:-1"},"canonical":"https:\/\/www.ipsen.com\/mx\/compania\/fundacion-ipsen-2\/","og_locale":"es_MX","og_type":"article","og_title":"Dedicados a trabajar para las personas extraordinarias","og_description":"Organizaci\u00f3n sin \u00e1nimo de lucro","og_url":"https:\/\/www.ipsen.com\/mx\/compania\/fundacion-ipsen-2\/","og_site_name":"Mexico","article_modified_time":"2025-07-02T04:33:31+00:00","twitter_card":"summary_large_image","schema":{"@context":"https:\/\/schema.org","@graph":[{"@type":"WebPage","@id":"https:\/\/www.ipsen.com\/mx\/compania\/fundacion-ipsen-2\/","url":"https:\/\/www.ipsen.com\/mx\/compania\/fundacion-ipsen-2\/","name":"Dedicados a trabajar para las personas extraordinarias","isPartOf":{"@id":"https:\/\/www.ipsen.com\/mx\/#website"},"datePublished":"2025-06-19T10:49:30+00:00","dateModified":"2025-07-02T04:33:31+00:00","description":"Organizaci\u00f3n sin \u00e1nimo de lucro","breadcrumb":{"@id":"https:\/\/www.ipsen.com\/mx\/compania\/fundacion-ipsen-2\/#breadcrumb"},"inLanguage":"es-MX","potentialAction":[{"@type":"ReadAction","target":["https:\/\/www.ipsen.com\/mx\/compania\/fundacion-ipsen-2\/"]}]},{"@type":"BreadcrumbList","@id":"https:\/\/www.ipsen.com\/mx\/compania\/fundacion-ipsen-2\/#breadcrumb","itemListElement":[{"@type":"ListItem","position":1,"name":"Home","item":"https:\/\/www.ipsen.com\/mx\/"},{"@type":"ListItem","position":2,"name":"Compa\u00f1\u00eda","item":"https:\/\/www.ipsen.com\/mx\/compania\/"},{"@type":"ListItem","position":3,"name":"Fundaci\u00f3n Ipsen"}]},{"@type":"WebSite","@id":"https:\/\/www.ipsen.com\/mx\/#website","url":"https:\/\/www.ipsen.com\/mx\/","name":"Mexico","description":"","potentialAction":[{"@type":"SearchAction","target":{"@type":"EntryPoint","urlTemplate":"https:\/\/www.ipsen.com\/mx\/?s={search_term_string}"},"query-input":{"@type":"PropertyValueSpecification","valueRequired":true,"valueName":"search_term_string"}}],"inLanguage":"es-MX"}]}},"parsely":{"version":"1.1.0","canonical_url":"https:\/\/ipsen.com\/mx\/compania\/fundacion-ipsen-2\/","smart_links":{"inbound":0,"outbound":0},"traffic_boost_suggestions_count":0,"meta":{"@context":"https:\/\/schema.org","@type":"WebPage","headline":"Fundaci\u00f3n Ipsen","url":"http:\/\/www.ipsen.com\/mx\/compania\/fundacion-ipsen-2\/","mainEntityOfPage":{"@type":"WebPage","@id":"http:\/\/www.ipsen.com\/mx\/compania\/fundacion-ipsen-2\/"},"thumbnailUrl":"","image":{"@type":"ImageObject","url":""},"articleSection":"General","author":[{"@type":"Person","name":"Dipika"}],"creator":["Dipika"],"publisher":{"@type":"Organization","name":"Mexico","logo":""},"keywords":[],"dateCreated":"2025-06-19T10:49:30Z","datePublished":"2025-06-19T10:49:30Z","dateModified":"2025-07-02T04:33:31Z"},"rendered":"<script type=\"application\/ld+json\" class=\"wp-parsely-metadata\">{\"@context\":\"https:\\\/\\\/schema.org\",\"@type\":\"WebPage\",\"headline\":\"Fundaci\\u00f3n Ipsen\",\"url\":\"http:\\\/\\\/www.ipsen.com\\\/mx\\\/compania\\\/fundacion-ipsen-2\\\/\",\"mainEntityOfPage\":{\"@type\":\"WebPage\",\"@id\":\"http:\\\/\\\/www.ipsen.com\\\/mx\\\/compania\\\/fundacion-ipsen-2\\\/\"},\"thumbnailUrl\":\"\",\"image\":{\"@type\":\"ImageObject\",\"url\":\"\"},\"articleSection\":\"General\",\"author\":[{\"@type\":\"Person\",\"name\":\"Dipika\"}],\"creator\":[\"Dipika\"],\"publisher\":{\"@type\":\"Organization\",\"name\":\"Mexico\",\"logo\":\"\"},\"keywords\":[],\"dateCreated\":\"2025-06-19T10:49:30Z\",\"datePublished\":\"2025-06-19T10:49:30Z\",\"dateModified\":\"2025-07-02T04:33:31Z\"}<\/script>","tracker_url":"https:\/\/cdn.parsely.com\/keys\/ipsen.com\/p.js"},"jetpack_sharing_enabled":true,"_links":{"self":[{"href":"https:\/\/www.ipsen.com\/mx\/wp-json\/wp\/v2\/pages\/2489","targetHints":{"allow":["GET"]}}],"collection":[{"href":"https:\/\/www.ipsen.com\/mx\/wp-json\/wp\/v2\/pages"}],"about":[{"href":"https:\/\/www.ipsen.com\/mx\/wp-json\/wp\/v2\/types\/page"}],"author":[{"embeddable":true,"href":"https:\/\/www.ipsen.com\/mx\/wp-json\/wp\/v2\/users\/3"}],"replies":[{"embeddable":true,"href":"https:\/\/www.ipsen.com\/mx\/wp-json\/wp\/v2\/comments?post=2489"}],"version-history":[{"count":2,"href":"https:\/\/www.ipsen.com\/mx\/wp-json\/wp\/v2\/pages\/2489\/revisions"}],"predecessor-version":[{"id":2769,"href":"https:\/\/www.ipsen.com\/mx\/wp-json\/wp\/v2\/pages\/2489\/revisions\/2769"}],"up":[{"embeddable":true,"href":"https:\/\/www.ipsen.com\/mx\/wp-json\/wp\/v2\/pages\/2487"}],"wp:attachment":[{"href":"https:\/\/www.ipsen.com\/mx\/wp-json\/wp\/v2\/media?parent=2489"}],"curies":[{"name":"wp","href":"https:\/\/api.w.org\/{rel}","templated":true}]}}