{"id":2483,"date":"2025-06-19T12:49:29","date_gmt":"2025-06-19T10:49:29","guid":{"rendered":"https:\/\/www.ipsen.com\/mx\/carreras\/"},"modified":"2025-07-02T06:24:39","modified_gmt":"2025-07-02T04:24:39","slug":"carreras","status":"publish","type":"page","link":"https:\/\/www.ipsen.com\/mx\/carreras\/","title":{"rendered":"Carreras"},"content":{"rendered":"    <section class=\"sub-page-banner bg-img\" style=\"background-image:url(https:\/\/www.ipsen.com\/mx\/wp-content\/uploads\/sites\/4\/2025\/07\/Careers-Our-Culture.jpg)\">\n        <div class=\"container content-sec\">\n            <nav aria-label=\"breadcrumb\">\n            <ol class=\"breadcrumb\">\n                <li class=\"breadcrumb-item\"><a href=\"https:\/\/www.ipsen.com\/mx\">Inicio<\/a><\/li><li class=\"breadcrumb-item active\"><a class=\"link-pointer-events-none\" href=\"#\" aria-current=\"page\">Carreras<\/a><\/li><\/ol>\n            <\/nav>            <h1 class=\"visible\">Carreras<\/h1>\n            <p class=\"visible\">Creamos un impacto real en la sociedad<\/p>\n        <\/div>\n    <\/section>\n\n\n\t<!-- Ipsen Quotes Start -->\n\t<section class=\"quotes-section\" aria-label=\"quotes-section\">\n\t\t<div class=\"container\">\n\t\t\t\t\t\t<div class=\"quote-sec-inner\"    >\n\t\t\t\t\t<div class=\"row\">\n\t\t\t\t\t\t\t\t\t\t\t\t<div class=\"column-1 col-xl-4 col-md-6 col-xs-12 \">\n\t\t\t\t\t\t\t\t\t\t\t\t\t\t\t\t\t\t<div class=\"quote-img\">\n\t\t\t\t\t\t\t\t\t\t\t<img \n\t\t\t\t\t\t\t\t\t\t\t\tsrc=\"https:\/\/www.ipsen.com\/mx\/wp-content\/uploads\/sites\/4\/2025\/07\/Re\u2560ugis-Mulot-1.png\" \n\t\t\t\t\t\t\t\t\t\t\t\talt=\"R\u00e9gis Mulot\"\n\t\t\t\t\t\t\t\t\t\t\t>\n\t\t\t\t\t\t\t\t\t\t<\/div>\n\t\t\t\t\t\t\t\t\t\t\t\t\t\t\t<\/div>\n\t\t\t\t\t\t\t<div class=\"column-2 col-xl-8 col-md-6 col-xs-12 \">\n\t\t\t\t\t\t\t\t<div class=\"quote-content\">\n\t\t\t\t\t\t\t\t\t<div class=\"quote-para \">\n\t\t\t\t\t\t\t\t\t\t<p class=\"para\">\n\t\t\t\t\t\t\t\t\t\t\t<p>&#8220;Como empresa en constante crecimiento, estamos redefiniendo a Ipsen como una destacada biofarmac\u00e9utica a nivel global, con un enfoque primordial en la innovaci\u00f3n y medicamentos especializados. Mantendremos nuestro impulso transformador mediante el liderazgo, las personas y una cultura comprometida con la innovaci\u00f3n. Nuestra visi\u00f3n es capitalizar la fuerza de nuestro equipo para generar un impacto real en la sociedad. Esto lo lograremos cuidando y desarrollando a nuestros empleados, fomentando la diversidad, la inclusi\u00f3n y la colaboraci\u00f3n en una cultura abierta, respetuosa y \u00e9tica&#8221;<\/p>\n\t\t\t\t\t\t\t\t\t\t<\/p>\n\t\t\t\t\t\t\t\t\t<\/div>\n\t\t\t\t\t\t\t\t\t<div class=\"quote-sign-div\">\n\t\t\t\t\t\t\t\t\t\t<div class=\"quote-author-div\">\n\t\t\t\t\t\t\t\t\t\t\t<div class=\"quote-dash-div\">\n\t\t\t\t\t\t\t\t\t\t\t\t<span class=\"quote-dash\">\n\n\t\t\t\t\t\t\t\t\t\t\t\t<\/span>\n\t\t\t\t\t\t\t\t\t\t\t\t\t\t\t\t\t\t\t\t\t\t\t\t\t\t\t\t<p class=\"quote-author primary-blue\">\n\t\t\t\t\t\t\t\t\t\t\t\t\t\t\t\tR\u00e9gis Mulot\t\t\t\t\t\t\t\t\t\t\t\t\t\t\t<\/p>\t\n\t\t\t\t\t\t\t\t\t\t\t\t\t\t\t\t\t\t\t\t\t\t<\/div>\n\t\t\t\t\t\t\t\t\t\t\t\t\t\t\t\t\t\t\t\t\t\t\t<p class=\"quote-author-role\">\n\t\t\t\t\t\t\t\t\t\t\t\t\tVicepresidente ejecutivo, director de recursos humanos\t\t\t\t\t\t\t\t\t\t\t\t<\/p> \n\t\t\t\t\t\t\t\t\t\t\t\t\t\t\t\t\t\t\t\t\t<\/div>\n\t\t\t\t\t\t\t\t\t<\/div>\n\t\t\t\t\t\t\t\t<\/div>\n\t\t\t\t\t\t\t<\/div>\n\t\t\t\t\t\t\t\t\t<\/div>\n\t\t\t<\/div>\n\t\t\t<\/div>\n<\/section>\n<!-- Ipsen Quotes End -->\n\n\n    <section class=\"title-text \">\n        <div class=\"container\">\n            <div class=\"title-text-inner\" style=\"background-color:#EDEBE4;\">\n\n                <!-- If heading is enabled then it's visible -->\n                <div class=\"text-head-dash hidden\">\n                <h3 class=\"heading-three\" role=\"heading\" aria-level=\"2\">\n                                            <\/h3>\n                <\/div>\n               \n                <!-- If description is enabled then it's visible -->\n                <div class=\"text-parbase hidden\">\n                                    <\/div>\n\n                <!-- If button is enabled then it's visible -->\n                                        <div class=\"btn-txt\">\n                            <a \n                                aria-label=\"\" \n                                class=\"btn-link section-btn cta-visible\"  \n                                role=\"link\"\n                                href=\"https:\/\/www.ipsen.com\/careers\/\" target=\"_blank\">\n                                M\u00e1s  informaci\u00f3n                            <\/a>\n                        <\/div>\n                \n            <\/div>\n        <\/div>\n    <\/section>\n","protected":false},"excerpt":{"rendered":"","protected":false},"author":3,"featured_media":0,"parent":0,"menu_order":0,"comment_status":"closed","ping_status":"closed","template":"","meta":{"_acf_changed":false,"footnotes":""},"class_list":["post-2483","page","type-page","status-publish","hentry","entry"],"acf":[],"yoast_head":"<!-- This site is optimized with the Yoast SEO plugin v26.8 - https:\/\/yoast.com\/product\/yoast-seo-wordpress\/ -->\n<title>Cultura laboral de Ipsen<\/title>\n<meta name=\"description\" content=\"En Ipsen nos dedicamos a la innovaci\u00f3n y la atenci\u00f3n especializada, centr\u00e1ndonos en nuestra gente en todo el mundo.\" \/>\n<meta name=\"robots\" content=\"index, follow, max-snippet:-1, max-image-preview:large, max-video-preview:-1\" \/>\n<link rel=\"canonical\" href=\"https:\/\/www.ipsen.com\/mx\/carreras\/\" \/>\n<meta property=\"og:locale\" content=\"es_MX\" \/>\n<meta property=\"og:type\" content=\"article\" \/>\n<meta property=\"og:title\" content=\"Cultura laboral de Ipsen\" \/>\n<meta property=\"og:description\" content=\"En Ipsen nos dedicamos a la innovaci\u00f3n y la atenci\u00f3n especializada, centr\u00e1ndonos en nuestra gente en todo el mundo.\" \/>\n<meta property=\"og:url\" content=\"https:\/\/www.ipsen.com\/mx\/carreras\/\" \/>\n<meta property=\"og:site_name\" content=\"Mexico\" \/>\n<meta property=\"article:modified_time\" content=\"2025-07-02T04:24:39+00:00\" \/>\n<meta name=\"twitter:card\" content=\"summary_large_image\" \/>\n<script type=\"application\/ld+json\" class=\"yoast-schema-graph\">{\"@context\":\"https:\/\/schema.org\",\"@graph\":[{\"@type\":\"WebPage\",\"@id\":\"https:\/\/www.ipsen.com\/mx\/carreras\/\",\"url\":\"https:\/\/www.ipsen.com\/mx\/carreras\/\",\"name\":\"Cultura laboral de Ipsen\",\"isPartOf\":{\"@id\":\"https:\/\/www.ipsen.com\/mx\/#website\"},\"datePublished\":\"2025-06-19T10:49:29+00:00\",\"dateModified\":\"2025-07-02T04:24:39+00:00\",\"description\":\"En Ipsen nos dedicamos a la innovaci\u00f3n y la atenci\u00f3n especializada, centr\u00e1ndonos en nuestra gente en todo el mundo.\",\"breadcrumb\":{\"@id\":\"https:\/\/www.ipsen.com\/mx\/carreras\/#breadcrumb\"},\"inLanguage\":\"es-MX\",\"potentialAction\":[{\"@type\":\"ReadAction\",\"target\":[\"https:\/\/www.ipsen.com\/mx\/carreras\/\"]}]},{\"@type\":\"BreadcrumbList\",\"@id\":\"https:\/\/www.ipsen.com\/mx\/carreras\/#breadcrumb\",\"itemListElement\":[{\"@type\":\"ListItem\",\"position\":1,\"name\":\"Home\",\"item\":\"https:\/\/www.ipsen.com\/mx\/\"},{\"@type\":\"ListItem\",\"position\":2,\"name\":\"Carreras\"}]},{\"@type\":\"WebSite\",\"@id\":\"https:\/\/www.ipsen.com\/mx\/#website\",\"url\":\"https:\/\/www.ipsen.com\/mx\/\",\"name\":\"Mexico\",\"description\":\"\",\"potentialAction\":[{\"@type\":\"SearchAction\",\"target\":{\"@type\":\"EntryPoint\",\"urlTemplate\":\"https:\/\/www.ipsen.com\/mx\/?s={search_term_string}\"},\"query-input\":{\"@type\":\"PropertyValueSpecification\",\"valueRequired\":true,\"valueName\":\"search_term_string\"}}],\"inLanguage\":\"es-MX\"}]}<\/script>\n<!-- \/ Yoast SEO plugin. -->","yoast_head_json":{"title":"Cultura laboral de Ipsen","description":"En Ipsen nos dedicamos a la innovaci\u00f3n y la atenci\u00f3n especializada, centr\u00e1ndonos en nuestra gente en todo el mundo.","robots":{"index":"index","follow":"follow","max-snippet":"max-snippet:-1","max-image-preview":"max-image-preview:large","max-video-preview":"max-video-preview:-1"},"canonical":"https:\/\/www.ipsen.com\/mx\/carreras\/","og_locale":"es_MX","og_type":"article","og_title":"Cultura laboral de Ipsen","og_description":"En Ipsen nos dedicamos a la innovaci\u00f3n y la atenci\u00f3n especializada, centr\u00e1ndonos en nuestra gente en todo el mundo.","og_url":"https:\/\/www.ipsen.com\/mx\/carreras\/","og_site_name":"Mexico","article_modified_time":"2025-07-02T04:24:39+00:00","twitter_card":"summary_large_image","schema":{"@context":"https:\/\/schema.org","@graph":[{"@type":"WebPage","@id":"https:\/\/www.ipsen.com\/mx\/carreras\/","url":"https:\/\/www.ipsen.com\/mx\/carreras\/","name":"Cultura laboral de Ipsen","isPartOf":{"@id":"https:\/\/www.ipsen.com\/mx\/#website"},"datePublished":"2025-06-19T10:49:29+00:00","dateModified":"2025-07-02T04:24:39+00:00","description":"En Ipsen nos dedicamos a la innovaci\u00f3n y la atenci\u00f3n especializada, centr\u00e1ndonos en nuestra gente en todo el mundo.","breadcrumb":{"@id":"https:\/\/www.ipsen.com\/mx\/carreras\/#breadcrumb"},"inLanguage":"es-MX","potentialAction":[{"@type":"ReadAction","target":["https:\/\/www.ipsen.com\/mx\/carreras\/"]}]},{"@type":"BreadcrumbList","@id":"https:\/\/www.ipsen.com\/mx\/carreras\/#breadcrumb","itemListElement":[{"@type":"ListItem","position":1,"name":"Home","item":"https:\/\/www.ipsen.com\/mx\/"},{"@type":"ListItem","position":2,"name":"Carreras"}]},{"@type":"WebSite","@id":"https:\/\/www.ipsen.com\/mx\/#website","url":"https:\/\/www.ipsen.com\/mx\/","name":"Mexico","description":"","potentialAction":[{"@type":"SearchAction","target":{"@type":"EntryPoint","urlTemplate":"https:\/\/www.ipsen.com\/mx\/?s={search_term_string}"},"query-input":{"@type":"PropertyValueSpecification","valueRequired":true,"valueName":"search_term_string"}}],"inLanguage":"es-MX"}]}},"parsely":{"version":"1.1.0","canonical_url":"https:\/\/ipsen.com\/mx\/carreras\/","smart_links":{"inbound":0,"outbound":0},"traffic_boost_suggestions_count":0,"meta":{"@context":"https:\/\/schema.org","@type":"WebPage","headline":"Carreras","url":"http:\/\/www.ipsen.com\/mx\/carreras\/","mainEntityOfPage":{"@type":"WebPage","@id":"http:\/\/www.ipsen.com\/mx\/carreras\/"},"thumbnailUrl":"","image":{"@type":"ImageObject","url":""},"articleSection":"General","author":[{"@type":"Person","name":"Dipika"}],"creator":["Dipika"],"publisher":{"@type":"Organization","name":"Mexico","logo":""},"keywords":[],"dateCreated":"2025-06-19T10:49:29Z","datePublished":"2025-06-19T10:49:29Z","dateModified":"2025-07-02T04:24:39Z"},"rendered":"<script type=\"application\/ld+json\" class=\"wp-parsely-metadata\">{\"@context\":\"https:\\\/\\\/schema.org\",\"@type\":\"WebPage\",\"headline\":\"Carreras\",\"url\":\"http:\\\/\\\/www.ipsen.com\\\/mx\\\/carreras\\\/\",\"mainEntityOfPage\":{\"@type\":\"WebPage\",\"@id\":\"http:\\\/\\\/www.ipsen.com\\\/mx\\\/carreras\\\/\"},\"thumbnailUrl\":\"\",\"image\":{\"@type\":\"ImageObject\",\"url\":\"\"},\"articleSection\":\"General\",\"author\":[{\"@type\":\"Person\",\"name\":\"Dipika\"}],\"creator\":[\"Dipika\"],\"publisher\":{\"@type\":\"Organization\",\"name\":\"Mexico\",\"logo\":\"\"},\"keywords\":[],\"dateCreated\":\"2025-06-19T10:49:29Z\",\"datePublished\":\"2025-06-19T10:49:29Z\",\"dateModified\":\"2025-07-02T04:24:39Z\"}<\/script>","tracker_url":"https:\/\/cdn.parsely.com\/keys\/ipsen.com\/p.js"},"jetpack_sharing_enabled":true,"_links":{"self":[{"href":"https:\/\/www.ipsen.com\/mx\/wp-json\/wp\/v2\/pages\/2483","targetHints":{"allow":["GET"]}}],"collection":[{"href":"https:\/\/www.ipsen.com\/mx\/wp-json\/wp\/v2\/pages"}],"about":[{"href":"https:\/\/www.ipsen.com\/mx\/wp-json\/wp\/v2\/types\/page"}],"author":[{"embeddable":true,"href":"https:\/\/www.ipsen.com\/mx\/wp-json\/wp\/v2\/users\/3"}],"replies":[{"embeddable":true,"href":"https:\/\/www.ipsen.com\/mx\/wp-json\/wp\/v2\/comments?post=2483"}],"version-history":[{"count":3,"href":"https:\/\/www.ipsen.com\/mx\/wp-json\/wp\/v2\/pages\/2483\/revisions"}],"predecessor-version":[{"id":2745,"href":"https:\/\/www.ipsen.com\/mx\/wp-json\/wp\/v2\/pages\/2483\/revisions\/2745"}],"wp:attachment":[{"href":"https:\/\/www.ipsen.com\/mx\/wp-json\/wp\/v2\/media?parent=2483"}],"curies":[{"name":"wp","href":"https:\/\/api.w.org\/{rel}","templated":true}]}}