{"id":2477,"date":"2023-10-16T17:24:34","date_gmt":"2023-10-16T15:24:34","guid":{"rendered":"https:\/\/www.ipsen.com\/mx\/neurociencias\/"},"modified":"2025-07-08T13:59:14","modified_gmt":"2025-07-08T11:59:14","slug":"neurociencias","status":"publish","type":"page","link":"https:\/\/www.ipsen.com\/mx\/neurociencias\/","title":{"rendered":"\u00a0Neurociencias"},"content":{"rendered":"    <section class=\"sub-page-banner bg-img\" style=\"background-image:url(https:\/\/www.ipsen.com\/mx\/wp-content\/uploads\/sites\/4\/2025\/07\/Health-Neuroscience.jpg)\">\n        <div class=\"container content-sec\">\n            <nav aria-label=\"breadcrumb\">\n            <ol class=\"breadcrumb\">\n                <li class=\"breadcrumb-item\"><a href=\"https:\/\/www.ipsen.com\/mx\">Inicio<\/a><\/li><li class=\"breadcrumb-item active\"><a href=\"#\" aria-current=\"page\">Ciencia &#8211; \u00a0Neurociencias<\/a><\/li><\/ol>\n            <\/nav>            <h1 class=\"visible\">\u00a0Neurociencias<\/h1>\n            <p class=\"visible\">Lideramos la lucha contra las condiciones neurol\u00f3gicas debilitantes<\/p>\n        <\/div>\n    <\/section>\n\n\n<!-- Text & Media Block Code -->\n<section class=\"two-col-section text-media-section\">\n    <div class=\"container two-section-innner \">\n        <div class=\"response-inner\" style=\"background-image: url('')\">\n            <div class=\"row \">\n                <div class=\"col-xs-12 col-sm-12 col-md-6\">\n                                                    <div class=\"img-video-section\">\n                                <img decoding=\"async\" \n                                    src=\"https:\/\/www.ipsen.com\/mx\/wp-content\/uploads\/sites\/4\/2025\/07\/Module-2-\u2013-Brief-about-neuroscience_IPSEN_Production_Signes_060.jpg\" \n                                    alt=\"\" \n                                >\n                            <\/div>\n                                        <\/div>\n                <div class=\" col-xs-12 col-sm-12 col-md-6\">\n                    <div class=\"section-content\">\n                        <div class=\"heading-dash\">\n                                                            <span class=\"dash\"><\/span>\n                                <h4 class=\"heading-para heading-four\" role=\"heading\" aria-level=\"2\">\n                                    Nuestro compromiso con las Neurociencias                                <\/h4>\n                                                    <\/div>\n                                                    <p class=\"section-head-two heading-para\" role=\"heading\" aria-level=\"3\">\n                                    Nuestro compromiso con las Neurociencias                                <\/p>\n                                                <p>La neurociencia es la disciplina que investiga el sistema nervioso en su totalidad: su estructura, funcionamiento, desarrollo, qu\u00edmica, y su respuesta a medicamentos y enfermedades. Examina c\u00f3mo sus diferentes partes colaboran para formar la base de nuestros pensamientos y comportamientos.<\/p>\n<p>Este campo busca entender c\u00f3mo se organizan y funcionan estos sistemas en humanos y animales, utilizando herramientas de gen\u00e9tica, biolog\u00eda, anatom\u00eda, fisiolog\u00eda, filosof\u00eda y psicolog\u00eda.<\/p>\n<p>Las neurociencias son fundamentales para la estrategia global de la empresa y un punto clave para generar valor y promover el crecimiento a largo plazo.<\/p>\n                            <a \n                            aria-label=\" about Nuestro compromiso con las Neurociencias\"  \n                                role=\"link\" \n                                class=\"btn-link hidden\"\n                                href=\"\" \n                                target=\"_self\"\n                            > \n                                 \n                            <\/a>\n\n                    <\/div>\n                <\/div>\n            <\/div>\n        <\/div>\n    <\/div>\n<\/section>\n\n\n<!--Regular card with carousel -->\n<section class=\"p-slider  bg-color-disabled \"  >\n      <div class=\"slider-heading-container\">\n          <h3 role=\"heading\" aria-level=\"2\" class=\"slider-title visible heading-three\">Principales noticias sobre Neurociencias <\/h3>\n          <p class=\"charcoal-grey visible\"><\/p>\n      <\/div>\n              \n            <!-- glider insert -->\n            <div class=\"glider-contain multiple\">\n                                  <div class=\"glider-product\">\n                                      <\/div>\n            <\/div>\n           \n      <div class=\"cta-block visible\">\n                      <a title=\"M\u00e1s informaci\u00f3n\" aria-label=\"\" href=\"https:\/\/www.ipsen.com\/neuroscience\/rising-to-the-challenge-life-after-stroke\/\" target=\"_blank\">\n                  <button class=\"regular-cta-btn btn-link section-btn cta-visible visible cta-visible\">\n                      M\u00e1s informaci\u00f3n                  <\/button>\n              <\/a>\n                <\/div>\n  <\/section>\n","protected":false},"excerpt":{"rendered":"","protected":false},"author":3,"featured_media":0,"parent":0,"menu_order":0,"comment_status":"closed","ping_status":"closed","template":"","meta":{"_acf_changed":false,"footnotes":""},"class_list":["post-2477","page","type-page","status-publish","hentry","entry"],"acf":[],"yoast_head":"<!-- This site is optimized with the Yoast SEO plugin v26.8 - https:\/\/yoast.com\/product\/yoast-seo-wordpress\/ -->\n<title>Ipsen est\u00e1 ampliando sus capacidades en neurociencias<\/title>\n<meta name=\"description\" content=\"Ipsen es l\u00edder mundial en neurociencia e investigaci\u00f3n de toxinas para tratamientos de trastornos neurol\u00f3gicos.\" \/>\n<meta name=\"robots\" content=\"index, follow, max-snippet:-1, max-image-preview:large, max-video-preview:-1\" \/>\n<link rel=\"canonical\" href=\"https:\/\/www.ipsen.com\/mx\/neurociencias\/\" \/>\n<meta property=\"og:locale\" content=\"es_MX\" \/>\n<meta property=\"og:type\" content=\"article\" \/>\n<meta property=\"og:title\" content=\"Ipsen est\u00e1 ampliando sus capacidades en neurociencias\" \/>\n<meta property=\"og:description\" content=\"Ipsen es l\u00edder mundial en neurociencia e investigaci\u00f3n de toxinas para tratamientos de trastornos neurol\u00f3gicos.\" \/>\n<meta property=\"og:url\" content=\"https:\/\/www.ipsen.com\/mx\/neurociencias\/\" \/>\n<meta property=\"og:site_name\" content=\"Mexico\" \/>\n<meta property=\"article:modified_time\" content=\"2025-07-08T11:59:14+00:00\" \/>\n<meta name=\"twitter:card\" content=\"summary_large_image\" \/>\n<script type=\"application\/ld+json\" class=\"yoast-schema-graph\">{\"@context\":\"https:\/\/schema.org\",\"@graph\":[{\"@type\":\"WebPage\",\"@id\":\"https:\/\/www.ipsen.com\/mx\/neurociencias\/\",\"url\":\"https:\/\/www.ipsen.com\/mx\/neurociencias\/\",\"name\":\"Ipsen est\u00e1 ampliando sus capacidades en neurociencias\",\"isPartOf\":{\"@id\":\"https:\/\/www.ipsen.com\/mx\/#website\"},\"datePublished\":\"2023-10-16T15:24:34+00:00\",\"dateModified\":\"2025-07-08T11:59:14+00:00\",\"description\":\"Ipsen es l\u00edder mundial en neurociencia e investigaci\u00f3n de toxinas para tratamientos de trastornos neurol\u00f3gicos.\",\"breadcrumb\":{\"@id\":\"https:\/\/www.ipsen.com\/mx\/neurociencias\/#breadcrumb\"},\"inLanguage\":\"es-MX\",\"potentialAction\":[{\"@type\":\"ReadAction\",\"target\":[\"https:\/\/www.ipsen.com\/mx\/neurociencias\/\"]}]},{\"@type\":\"BreadcrumbList\",\"@id\":\"https:\/\/www.ipsen.com\/mx\/neurociencias\/#breadcrumb\",\"itemListElement\":[{\"@type\":\"ListItem\",\"position\":1,\"name\":\"Home\",\"item\":\"https:\/\/www.ipsen.com\/mx\/\"},{\"@type\":\"ListItem\",\"position\":2,\"name\":\"\u00a0Neurociencias\"}]},{\"@type\":\"WebSite\",\"@id\":\"https:\/\/www.ipsen.com\/mx\/#website\",\"url\":\"https:\/\/www.ipsen.com\/mx\/\",\"name\":\"Mexico\",\"description\":\"\",\"potentialAction\":[{\"@type\":\"SearchAction\",\"target\":{\"@type\":\"EntryPoint\",\"urlTemplate\":\"https:\/\/www.ipsen.com\/mx\/?s={search_term_string}\"},\"query-input\":{\"@type\":\"PropertyValueSpecification\",\"valueRequired\":true,\"valueName\":\"search_term_string\"}}],\"inLanguage\":\"es-MX\"}]}<\/script>\n<!-- \/ Yoast SEO plugin. -->","yoast_head_json":{"title":"Ipsen est\u00e1 ampliando sus capacidades en neurociencias","description":"Ipsen es l\u00edder mundial en neurociencia e investigaci\u00f3n de toxinas para tratamientos de trastornos neurol\u00f3gicos.","robots":{"index":"index","follow":"follow","max-snippet":"max-snippet:-1","max-image-preview":"max-image-preview:large","max-video-preview":"max-video-preview:-1"},"canonical":"https:\/\/www.ipsen.com\/mx\/neurociencias\/","og_locale":"es_MX","og_type":"article","og_title":"Ipsen est\u00e1 ampliando sus capacidades en neurociencias","og_description":"Ipsen es l\u00edder mundial en neurociencia e investigaci\u00f3n de toxinas para tratamientos de trastornos neurol\u00f3gicos.","og_url":"https:\/\/www.ipsen.com\/mx\/neurociencias\/","og_site_name":"Mexico","article_modified_time":"2025-07-08T11:59:14+00:00","twitter_card":"summary_large_image","schema":{"@context":"https:\/\/schema.org","@graph":[{"@type":"WebPage","@id":"https:\/\/www.ipsen.com\/mx\/neurociencias\/","url":"https:\/\/www.ipsen.com\/mx\/neurociencias\/","name":"Ipsen est\u00e1 ampliando sus capacidades en neurociencias","isPartOf":{"@id":"https:\/\/www.ipsen.com\/mx\/#website"},"datePublished":"2023-10-16T15:24:34+00:00","dateModified":"2025-07-08T11:59:14+00:00","description":"Ipsen es l\u00edder mundial en neurociencia e investigaci\u00f3n de toxinas para tratamientos de trastornos neurol\u00f3gicos.","breadcrumb":{"@id":"https:\/\/www.ipsen.com\/mx\/neurociencias\/#breadcrumb"},"inLanguage":"es-MX","potentialAction":[{"@type":"ReadAction","target":["https:\/\/www.ipsen.com\/mx\/neurociencias\/"]}]},{"@type":"BreadcrumbList","@id":"https:\/\/www.ipsen.com\/mx\/neurociencias\/#breadcrumb","itemListElement":[{"@type":"ListItem","position":1,"name":"Home","item":"https:\/\/www.ipsen.com\/mx\/"},{"@type":"ListItem","position":2,"name":"\u00a0Neurociencias"}]},{"@type":"WebSite","@id":"https:\/\/www.ipsen.com\/mx\/#website","url":"https:\/\/www.ipsen.com\/mx\/","name":"Mexico","description":"","potentialAction":[{"@type":"SearchAction","target":{"@type":"EntryPoint","urlTemplate":"https:\/\/www.ipsen.com\/mx\/?s={search_term_string}"},"query-input":{"@type":"PropertyValueSpecification","valueRequired":true,"valueName":"search_term_string"}}],"inLanguage":"es-MX"}]}},"parsely":{"version":"1.1.0","canonical_url":"https:\/\/ipsen.com\/mx\/neurociencias\/","smart_links":{"inbound":0,"outbound":0},"traffic_boost_suggestions_count":0,"meta":{"@context":"https:\/\/schema.org","@type":"WebPage","headline":"\u00a0Neurociencias","url":"http:\/\/www.ipsen.com\/mx\/neurociencias\/","mainEntityOfPage":{"@type":"WebPage","@id":"http:\/\/www.ipsen.com\/mx\/neurociencias\/"},"thumbnailUrl":"","image":{"@type":"ImageObject","url":""},"articleSection":"General","author":[{"@type":"Person","name":"Dipika"}],"creator":["Dipika"],"publisher":{"@type":"Organization","name":"Mexico","logo":""},"keywords":[],"dateCreated":"2023-10-16T15:24:34Z","datePublished":"2023-10-16T15:24:34Z","dateModified":"2025-07-08T11:59:14Z"},"rendered":"<script type=\"application\/ld+json\" class=\"wp-parsely-metadata\">{\"@context\":\"https:\\\/\\\/schema.org\",\"@type\":\"WebPage\",\"headline\":\"\\u00a0Neurociencias\",\"url\":\"http:\\\/\\\/www.ipsen.com\\\/mx\\\/neurociencias\\\/\",\"mainEntityOfPage\":{\"@type\":\"WebPage\",\"@id\":\"http:\\\/\\\/www.ipsen.com\\\/mx\\\/neurociencias\\\/\"},\"thumbnailUrl\":\"\",\"image\":{\"@type\":\"ImageObject\",\"url\":\"\"},\"articleSection\":\"General\",\"author\":[{\"@type\":\"Person\",\"name\":\"Dipika\"}],\"creator\":[\"Dipika\"],\"publisher\":{\"@type\":\"Organization\",\"name\":\"Mexico\",\"logo\":\"\"},\"keywords\":[],\"dateCreated\":\"2023-10-16T15:24:34Z\",\"datePublished\":\"2023-10-16T15:24:34Z\",\"dateModified\":\"2025-07-08T11:59:14Z\"}<\/script>","tracker_url":"https:\/\/cdn.parsely.com\/keys\/ipsen.com\/p.js"},"jetpack_sharing_enabled":true,"_links":{"self":[{"href":"https:\/\/www.ipsen.com\/mx\/wp-json\/wp\/v2\/pages\/2477","targetHints":{"allow":["GET"]}}],"collection":[{"href":"https:\/\/www.ipsen.com\/mx\/wp-json\/wp\/v2\/pages"}],"about":[{"href":"https:\/\/www.ipsen.com\/mx\/wp-json\/wp\/v2\/types\/page"}],"author":[{"embeddable":true,"href":"https:\/\/www.ipsen.com\/mx\/wp-json\/wp\/v2\/users\/3"}],"replies":[{"embeddable":true,"href":"https:\/\/www.ipsen.com\/mx\/wp-json\/wp\/v2\/comments?post=2477"}],"version-history":[{"count":5,"href":"https:\/\/www.ipsen.com\/mx\/wp-json\/wp\/v2\/pages\/2477\/revisions"}],"predecessor-version":[{"id":2859,"href":"https:\/\/www.ipsen.com\/mx\/wp-json\/wp\/v2\/pages\/2477\/revisions\/2859"}],"wp:attachment":[{"href":"https:\/\/www.ipsen.com\/mx\/wp-json\/wp\/v2\/media?parent=2477"}],"curies":[{"name":"wp","href":"https:\/\/api.w.org\/{rel}","templated":true}]}}