{"id":67,"date":"2024-01-17T14:11:10","date_gmt":"2024-01-17T12:11:10","guid":{"rendered":"https:\/\/www.ipsen.com\/it\/?page_id=67"},"modified":"2024-03-19T16:57:38","modified_gmt":"2024-03-19T14:57:38","slug":"cookie-policy-di-ipsen","status":"publish","type":"page","link":"https:\/\/www.ipsen.com\/it\/cookie-policy-di-ipsen\/","title":{"rendered":"Cookie Policy"},"content":{"rendered":"    <section class=\"sub-page-banner bg-color-enabled  banner-no-filter\" style=\"background: linear-gradient(93.64deg, #224A81 2.99%, #2797D3 97.01%)\">\n                <div class=\"container content-sec\">\n            <nav aria-label=\"breadcrumb\">\n            <ol class=\"breadcrumb\">\n                <li class=\"breadcrumb-item\"><a href=\"https:\/\/www.ipsen.com\/it\">Home<\/a><\/li><li class=\"breadcrumb-item active\"><a class=\"link-pointer-events-none\" href=\"#\" aria-current=\"page\">Cookie Policy<\/a><\/li><\/ol>\n            <\/nav>            <h1 class=\"visible banner-font-color-white\">Cookie Policy<\/h1>\n            <p class=\"hidden banner-font-color-white\"><\/p>\n        <\/div>\n    <\/section>\n\n\n\n\n<div class=\"wp-block-columns is-layout-flex wp-container-core-columns-is-layout-9d6595d7 wp-block-columns-is-layout-flex\">\n<div class=\"wp-block-column is-layout-flow wp-block-column-is-layout-flow\">\n<p>L\u2019obiettivo della presente Cookie Policy \u00e8 di illustrare i diversi tipi di cookie utilizzati su questo sito web, i modi in cui sono utilizzati e come \u00e8 possibile controllarne l\u2019uso.<\/p>\n\n\n\n<p><strong>Cos\u2019\u00e8 un cookie?<\/strong><\/p>\n\n\n\n<p>I cookie sono piccoli file di testo che vengono inviati al Suo dispositivo quando visita un sito web; e sono memorizzati sul disco rigido del Suo dispositivo.<\/p>\n\n\n\n<p>Alcuni cookie sono considerati strettamente necessari; questi cookie sono utilizzati per facilitare compiti essenziali sul sito, come aiutare gli utenti a navigare tra le pagine in modo efficiente e mantenere il sito funzionante in modo sicuro e performante.<\/p>\n\n\n\n<p>Altri cookie sono utilizzati per gestire le prestazioni e monitorare l\u2019utilizzo del sito. Ipsen utilizza questi cookie su propri siti web per capire come sono utilizzati in modo da poterli continuamente migliorare e sviluppare.<\/p>\n\n\n\n<p>Ai sensi della direttiva UE 2009\/136\/CE, memorizziamo i cookie sul Suo dispositivo solo se sono strettamente necessari. Quando utilizziamo altri cookie, che non sono strettamente necessari, richiediamo il permesso dell\u2019utente.<\/p>\n\n\n\n<p>Le informazioni raccolte, utilizzando i cookie, di solito non La identificano direttamente. Ma alcuni cookie possono contenere dati personali, come l\u2019indirizzo IP, la data e l\u2019ora della visita al sito web, il sistema operativo, il browser e il modo in cui l\u2019utente accede al sito (consigliamo di leggere l\u2019informativa sulla privacy del sito web per ulteriori informazioni su come Ipsen gestisce i Suoi dati personali, per conoscere i Suoi diritti e per sapere come contattarci).<\/p>\n\n\n\n<p><strong>Quali cookie utilizza questo sito web?<\/strong><\/p>\n\n\n\n<p>Questo sito utilizza cookie strettamente necessari per gestire la navigazione nel sito, la corretta funzionalit\u00e0 e la sicurezza dell\u2019utente.<\/p>\n\n\n\n<p>Questo sito utilizza anche web analytics. Ci\u00f2 fornisce a Ipsen informazioni sul comportamento dei visitatori del sito, come l\u2019identificazione delle parole chiave dei motori di ricerca che hanno portato l\u2019utente al sito, quanto tempo gli utenti rimangono sul sito, quali pagine visitano e quali sono le pagine con maggiori visualizzazioni.<\/p>\n\n\n\n<p>Il sito utilizza anche Google Analytics per tracciare l\u2019uso del sito web e fornire statistiche generali.<\/p>\n\n\n\n<p><strong>Per quanto tempo vengono conservate le informazioni raccolte dai cookie?<\/strong><\/p>\n\n\n\n<p>I cookie sono impostati per scadere quando le informazioni non sono pi\u00f9 necessarie o dopo un periodo massimo di 13 mesi.<\/p>\n\n\n\n<p><strong>Come posso impostare o modificare le impostazioni dei cookie?<\/strong><\/p>\n\n\n\n<p>Al primo accesso su questo sito Le saranno presentate delle opzioni per gestire i cookie; ci\u00f2 avverr\u00e0 anche in seguito in modo periodico. Potr\u00e0 accettare tutti i cookie o scegliere quali selezionare o rifiutare. Se rifiuta qualsiasi tipo di cookie, questi non saranno inviati al suo dispositivo.<\/p>\n\n\n\n<p>In alternativa, \u00e8 possibile controllare i cookie attraverso la maggior parte dei browser attraverso le impostazioni. Per saperne di pi\u00f9 sui cookie, compreso come vedere quali sono stati impostati, pu\u00f2 visitare <a href=\"http:\/\/www.aboutcookies.org\">www.aboutcookies.org<\/a> o <a href=\"http:\/\/www.allaboutcookies.org\">www.allaboutcookies.org<\/a>. <\/p>\n\n\n\n<p><strong>Cosa succede quando condivido sulle piattaforme di social media?<\/strong><\/p>\n\n\n\n<p>Se utilizza l\u2019opzione \u201cCondividi\u201d per pubblicare il contenuto presente sul sito Ipsen sui social network (come Facebook e Twitter) \u00e8 possibile che vengano inviati dei cookie da questi siti web. Noi non controlliamo l\u2019impostazione di questi cookie, quindi controlli i siti web di terze parti per maggiori informazioni su come gestirli.<\/p>\n<\/div>\n<\/div>\n\n\n\n<!--Alert Card Layout Start Here-->\n<section class=\"alertcard-section\">\n      <div class=\"container\">\n        <!--Alert Box HTML Start Here-->\n        <div class=\"alert-box general-box\">\n                    <div class=\"info-icon\">\n              <span class=\"info-circle\"><img decoding=\"async\" src=\"https:\/\/www.ipsen.com\/it\/wp-content\/themes\/ipsen-main\/dist\/images\/alert-info-icon.png\" alt=\"Alert\"\/><\/i>\n            <\/div>\n                    <div class=\"info-contents\">\n          <h4 role=\"heading\" aria-level=\"2\" class=\"info-head heading-four heading-four\"><\/h4>\n            <p class=\"info-sub-head-para hidden heading-para\"><\/p>\n            <div class=\"alert-content visible\"><p>Ultimo aggiornamento 3 maggio 2023<\/p>\n<\/div>\n          <\/div>\n        <\/div>\n        <!--Alert Box HTML Start Here-->\n      <\/div>\n    <\/section>\n<!--Alert Card Layout End Here-->\n","protected":false},"excerpt":{"rendered":"","protected":false},"author":2,"featured_media":0,"parent":0,"menu_order":0,"comment_status":"closed","ping_status":"closed","template":"","meta":{"_acf_changed":false,"footnotes":""},"class_list":["post-67","page","type-page","status-publish","hentry","entry"],"acf":[],"yoast_head":"<!-- This site is optimized with the Yoast SEO plugin v26.8 - https:\/\/yoast.com\/product\/yoast-seo-wordpress\/ -->\n<title>Cookie Policy - Italy<\/title>\n<meta name=\"description\" content=\"L\u2019obiettivo della presente Cookie Policy \u00e8 di illustrare i diversi tipi di cookie utilizzati su questo sito web...\" \/>\n<meta name=\"robots\" content=\"index, follow, max-snippet:-1, max-image-preview:large, max-video-preview:-1\" \/>\n<link rel=\"canonical\" href=\"https:\/\/www.ipsen.com\/it\/cookie-policy-di-ipsen\/\" \/>\n<meta property=\"og:locale\" content=\"it_IT\" \/>\n<meta property=\"og:type\" content=\"article\" \/>\n<meta property=\"og:title\" content=\"Cookie Policy - Italy\" \/>\n<meta property=\"og:description\" content=\"L\u2019obiettivo della presente Cookie Policy \u00e8 di illustrare i diversi tipi di cookie utilizzati su questo sito web...\" \/>\n<meta property=\"og:url\" content=\"https:\/\/www.ipsen.com\/it\/cookie-policy-di-ipsen\/\" \/>\n<meta property=\"og:site_name\" content=\"Italy\" \/>\n<meta property=\"article:modified_time\" content=\"2024-03-19T14:57:38+00:00\" \/>\n<meta name=\"twitter:card\" content=\"summary_large_image\" \/>\n<meta name=\"twitter:label1\" content=\"Est. reading time\" \/>\n\t<meta name=\"twitter:data1\" content=\"3 minutes\" \/>\n<script type=\"application\/ld+json\" class=\"yoast-schema-graph\">{\"@context\":\"https:\/\/schema.org\",\"@graph\":[{\"@type\":\"WebPage\",\"@id\":\"https:\/\/www.ipsen.com\/it\/cookie-policy-di-ipsen\/\",\"url\":\"https:\/\/www.ipsen.com\/it\/cookie-policy-di-ipsen\/\",\"name\":\"Cookie Policy - Italy\",\"isPartOf\":{\"@id\":\"https:\/\/www.ipsen.com\/it\/#website\"},\"datePublished\":\"2024-01-17T12:11:10+00:00\",\"dateModified\":\"2024-03-19T14:57:38+00:00\",\"description\":\"L\u2019obiettivo della presente Cookie Policy \u00e8 di illustrare i diversi tipi di cookie utilizzati su questo sito web...\",\"breadcrumb\":{\"@id\":\"https:\/\/www.ipsen.com\/it\/cookie-policy-di-ipsen\/#breadcrumb\"},\"inLanguage\":\"it-IT\",\"potentialAction\":[{\"@type\":\"ReadAction\",\"target\":[\"https:\/\/www.ipsen.com\/it\/cookie-policy-di-ipsen\/\"]}]},{\"@type\":\"BreadcrumbList\",\"@id\":\"https:\/\/www.ipsen.com\/it\/cookie-policy-di-ipsen\/#breadcrumb\",\"itemListElement\":[{\"@type\":\"ListItem\",\"position\":1,\"name\":\"Home\",\"item\":\"https:\/\/www.ipsen.com\/it\/\"},{\"@type\":\"ListItem\",\"position\":2,\"name\":\"Cookie Policy\"}]},{\"@type\":\"WebSite\",\"@id\":\"https:\/\/www.ipsen.com\/it\/#website\",\"url\":\"https:\/\/www.ipsen.com\/it\/\",\"name\":\"Italy\",\"description\":\"\",\"publisher\":{\"@id\":\"https:\/\/www.ipsen.com\/it\/#organization\"},\"potentialAction\":[{\"@type\":\"SearchAction\",\"target\":{\"@type\":\"EntryPoint\",\"urlTemplate\":\"https:\/\/www.ipsen.com\/it\/?s={search_term_string}\"},\"query-input\":{\"@type\":\"PropertyValueSpecification\",\"valueRequired\":true,\"valueName\":\"search_term_string\"}}],\"inLanguage\":\"it-IT\"},{\"@type\":\"Organization\",\"@id\":\"https:\/\/www.ipsen.com\/it\/#organization\",\"name\":\"Italy\",\"url\":\"https:\/\/www.ipsen.com\/it\/\",\"logo\":{\"@type\":\"ImageObject\",\"inLanguage\":\"it-IT\",\"@id\":\"https:\/\/www.ipsen.com\/it\/#\/schema\/logo\/image\/\",\"url\":\"https:\/\/www.ipsen.com\/it\/wp-content\/uploads\/sites\/9\/2023\/12\/Logo-Ipsen.svg\",\"contentUrl\":\"https:\/\/www.ipsen.com\/it\/wp-content\/uploads\/sites\/9\/2023\/12\/Logo-Ipsen.svg\",\"caption\":\"Italy\"},\"image\":{\"@id\":\"https:\/\/www.ipsen.com\/it\/#\/schema\/logo\/image\/\"}}]}<\/script>\n<!-- \/ Yoast SEO plugin. -->","yoast_head_json":{"title":"Cookie Policy - Italy","description":"L\u2019obiettivo della presente Cookie Policy \u00e8 di illustrare i diversi tipi di cookie utilizzati su questo sito web...","robots":{"index":"index","follow":"follow","max-snippet":"max-snippet:-1","max-image-preview":"max-image-preview:large","max-video-preview":"max-video-preview:-1"},"canonical":"https:\/\/www.ipsen.com\/it\/cookie-policy-di-ipsen\/","og_locale":"it_IT","og_type":"article","og_title":"Cookie Policy - Italy","og_description":"L\u2019obiettivo della presente Cookie Policy \u00e8 di illustrare i diversi tipi di cookie utilizzati su questo sito web...","og_url":"https:\/\/www.ipsen.com\/it\/cookie-policy-di-ipsen\/","og_site_name":"Italy","article_modified_time":"2024-03-19T14:57:38+00:00","twitter_card":"summary_large_image","twitter_misc":{"Est. reading time":"3 minutes"},"schema":{"@context":"https:\/\/schema.org","@graph":[{"@type":"WebPage","@id":"https:\/\/www.ipsen.com\/it\/cookie-policy-di-ipsen\/","url":"https:\/\/www.ipsen.com\/it\/cookie-policy-di-ipsen\/","name":"Cookie Policy - Italy","isPartOf":{"@id":"https:\/\/www.ipsen.com\/it\/#website"},"datePublished":"2024-01-17T12:11:10+00:00","dateModified":"2024-03-19T14:57:38+00:00","description":"L\u2019obiettivo della presente Cookie Policy \u00e8 di illustrare i diversi tipi di cookie utilizzati su questo sito web...","breadcrumb":{"@id":"https:\/\/www.ipsen.com\/it\/cookie-policy-di-ipsen\/#breadcrumb"},"inLanguage":"it-IT","potentialAction":[{"@type":"ReadAction","target":["https:\/\/www.ipsen.com\/it\/cookie-policy-di-ipsen\/"]}]},{"@type":"BreadcrumbList","@id":"https:\/\/www.ipsen.com\/it\/cookie-policy-di-ipsen\/#breadcrumb","itemListElement":[{"@type":"ListItem","position":1,"name":"Home","item":"https:\/\/www.ipsen.com\/it\/"},{"@type":"ListItem","position":2,"name":"Cookie Policy"}]},{"@type":"WebSite","@id":"https:\/\/www.ipsen.com\/it\/#website","url":"https:\/\/www.ipsen.com\/it\/","name":"Italy","description":"","publisher":{"@id":"https:\/\/www.ipsen.com\/it\/#organization"},"potentialAction":[{"@type":"SearchAction","target":{"@type":"EntryPoint","urlTemplate":"https:\/\/www.ipsen.com\/it\/?s={search_term_string}"},"query-input":{"@type":"PropertyValueSpecification","valueRequired":true,"valueName":"search_term_string"}}],"inLanguage":"it-IT"},{"@type":"Organization","@id":"https:\/\/www.ipsen.com\/it\/#organization","name":"Italy","url":"https:\/\/www.ipsen.com\/it\/","logo":{"@type":"ImageObject","inLanguage":"it-IT","@id":"https:\/\/www.ipsen.com\/it\/#\/schema\/logo\/image\/","url":"https:\/\/www.ipsen.com\/it\/wp-content\/uploads\/sites\/9\/2023\/12\/Logo-Ipsen.svg","contentUrl":"https:\/\/www.ipsen.com\/it\/wp-content\/uploads\/sites\/9\/2023\/12\/Logo-Ipsen.svg","caption":"Italy"},"image":{"@id":"https:\/\/www.ipsen.com\/it\/#\/schema\/logo\/image\/"}}]}},"parsely":{"version":"1.1.0","canonical_url":"https:\/\/ipsen.com\/it\/cookie-policy-di-ipsen\/","smart_links":{"inbound":0,"outbound":0},"traffic_boost_suggestions_count":0,"meta":{"@context":"https:\/\/schema.org","@type":"WebPage","headline":"Cookie Policy","url":"http:\/\/www.ipsen.com\/it\/cookie-policy-di-ipsen\/","mainEntityOfPage":{"@type":"WebPage","@id":"http:\/\/www.ipsen.com\/it\/cookie-policy-di-ipsen\/"},"thumbnailUrl":"","image":{"@type":"ImageObject","url":""},"articleSection":"Non categorizzato","author":[{"@type":"Person","name":"navya"}],"creator":["navya"],"publisher":{"@type":"Organization","name":"Italy","logo":""},"keywords":[],"dateCreated":"2024-01-17T12:11:10Z","datePublished":"2024-01-17T12:11:10Z","dateModified":"2024-03-19T14:57:38Z"},"rendered":"<script type=\"application\/ld+json\" class=\"wp-parsely-metadata\">{\"@context\":\"https:\\\/\\\/schema.org\",\"@type\":\"WebPage\",\"headline\":\"Cookie Policy\",\"url\":\"http:\\\/\\\/www.ipsen.com\\\/it\\\/cookie-policy-di-ipsen\\\/\",\"mainEntityOfPage\":{\"@type\":\"WebPage\",\"@id\":\"http:\\\/\\\/www.ipsen.com\\\/it\\\/cookie-policy-di-ipsen\\\/\"},\"thumbnailUrl\":\"\",\"image\":{\"@type\":\"ImageObject\",\"url\":\"\"},\"articleSection\":\"Non categorizzato\",\"author\":[{\"@type\":\"Person\",\"name\":\"navya\"}],\"creator\":[\"navya\"],\"publisher\":{\"@type\":\"Organization\",\"name\":\"Italy\",\"logo\":\"\"},\"keywords\":[],\"dateCreated\":\"2024-01-17T12:11:10Z\",\"datePublished\":\"2024-01-17T12:11:10Z\",\"dateModified\":\"2024-03-19T14:57:38Z\"}<\/script>","tracker_url":"https:\/\/cdn.parsely.com\/keys\/ipsen.com\/p.js"},"jetpack_sharing_enabled":true,"_links":{"self":[{"href":"https:\/\/www.ipsen.com\/it\/wp-json\/wp\/v2\/pages\/67","targetHints":{"allow":["GET"]}}],"collection":[{"href":"https:\/\/www.ipsen.com\/it\/wp-json\/wp\/v2\/pages"}],"about":[{"href":"https:\/\/www.ipsen.com\/it\/wp-json\/wp\/v2\/types\/page"}],"author":[{"embeddable":true,"href":"https:\/\/www.ipsen.com\/it\/wp-json\/wp\/v2\/users\/2"}],"replies":[{"embeddable":true,"href":"https:\/\/www.ipsen.com\/it\/wp-json\/wp\/v2\/comments?post=67"}],"version-history":[{"count":4,"href":"https:\/\/www.ipsen.com\/it\/wp-json\/wp\/v2\/pages\/67\/revisions"}],"predecessor-version":[{"id":38374,"href":"https:\/\/www.ipsen.com\/it\/wp-json\/wp\/v2\/pages\/67\/revisions\/38374"}],"wp:attachment":[{"href":"https:\/\/www.ipsen.com\/it\/wp-json\/wp\/v2\/media?parent=67"}],"curies":[{"name":"wp","href":"https:\/\/api.w.org\/{rel}","templated":true}]}}