{"id":66,"date":"2024-01-17T14:10:42","date_gmt":"2024-01-17T12:10:42","guid":{"rendered":"https:\/\/www.ipsen.com\/it\/?page_id=66"},"modified":"2025-10-09T09:40:37","modified_gmt":"2025-10-09T07:40:37","slug":"termini-e-condizioni","status":"publish","type":"page","link":"https:\/\/www.ipsen.com\/it\/termini-e-condizioni\/","title":{"rendered":"Termini e Condizioni"},"content":{"rendered":"    <section class=\"sub-page-banner \" style=\"background: linear-gradient(93.64deg, #224A81 2.99%, #2797D3 97.01%)\">\n        <div class=\"container content-sec\">\n            <nav aria-label=\"breadcrumb\">\n            <ol class=\"breadcrumb\">\n                <li class=\"breadcrumb-item\"><a href=\"https:\/\/www.ipsen.com\/it\">Home<\/a><\/li><li class=\"breadcrumb-item active\"><a class=\"link-pointer-events-none\" href=\"#\" aria-current=\"page\">Termini e Condizioni<\/a><\/li><\/ol>\n            <\/nav>            <h1 class=\"visible\">Termini e Condizioni<\/h1>\n            <p class=\"hidden\"><\/p>\n        <\/div>\n    <\/section>\n\n\n\n<div class=\"wp-block-columns is-layout-flex wp-container-core-columns-is-layout-9d6595d7 wp-block-columns-is-layout-flex\">\n<div class=\"wp-block-column is-layout-flow wp-block-column-is-layout-flow\">\n<p><strong>Consenso<\/strong><\/p>\n\n\n\n<p>Il sito web www.ipsen.com\/italy (\u201cSito Web\u201d) \u00e8 stato sviluppato ed \u00e8 fornito da Ipsen S.p.A., Via Vittor Pisani n. 22, 20124 Milano, (di seguito denominata \u201cIpsen\u201d). L\u2019accesso e l\u2019uso del sito web sono soggetti ai seguenti termini e condizioni e a tutte le leggi applicabili. Accedendo al sito web, l\u2019utente accetta, senza limitazioni o riserve, questi termini e condizioni.<\/p>\n\n\n\n<p><strong>Uso delle informazioni<\/strong><\/p>\n\n\n\n<p>Il presente sito web aziendale \u00e8 un sito web di propriet\u00e0 di Ipsen e fornisce informazioni generali sui prodotti e i servizi di Ipsen. Il sito riporta:<\/p>\n\n\n\n<ul class=\"wp-block-list\">\n<li>Notizie e comunicati stampa<\/li>\n\n\n\n<li>Visione, strategia e impegni dell\u2019azienda<\/li>\n\n\n\n<li>Descrizione delle aree terapeutiche, aspetti chiave e strategia<\/li>\n\n\n\n<li>Descrizione della strategia di ricerca e sviluppo, delle competenze, dei centri e della pipeline.<\/li>\n\n\n\n<li>Informazioni per candidature spontanee in Ipsen Spa<\/li>\n\n\n\n<li>Elenco di tutti i prodotti Ipsen<\/li>\n\n\n\n<li>Informazioni finanziarie<\/li>\n\n\n\n<li>Informazioni sulla trasparenza<\/li>\n<\/ul>\n\n\n\n<p>L\u2019utente non pu\u00f2 distribuire, modificare, trasmettere, riutilizzare, ripubblicare o utilizzare alcuna delle informazioni presenti sul sito per scopi commerciali e deve considerare che tutto ci\u00f2 che vede o legge su questo sito web \u00e8 protetto da copyright, se non diversamente specificato; e non pu\u00f2 essere utilizzato ad eccezione di quanto previsto nei presenti Termini e Condizioni.<\/p>\n\n\n\n<p>Salvo quanto diversamente autorizzato in questo paragrafo, Ipsen non garantisce n\u00e9 dichiara che l\u2019utilizzo dei materiali \u2013 da parte dell\u2019utente \u2013 visualizzati sul sito web, non violi i diritti di terze parti non di propriet\u00e0 Ipsen e nemmeno di sue affiliate. Ad eccezione della precedente autorizzazione limitata, nessuna licenza o diritto sulle informazioni, n\u00e9 alcun copyright di Ipsen o di qualsiasi altra parte \u00e8 concesso o conferito all\u2019utente.<\/p>\n\n\n\n<p>Questo sito web pu\u00f2 contenere o fare riferimento a informazioni di propriet\u00e0, tecnologie, prodotti, processi o altri diritti proprietari di Ipsen e \/ o di altri soggetti. Nessuna licenza o diritto in tali marchi, brevetti, segreti commerciali, tecnologie, prodotti, processi e altri diritti proprietari di Ipsen e \/ o di altri soggetti \u00e8 concesso o conferito all\u2019utente.<\/p>\n\n\n\n<p>Le informazioni contenute in questo sito web, per tutti gli utenti, sono fornite solo a scopo informativo e non intendono in alcun modo:<\/p>\n\n\n\n<ul class=\"wp-block-list\">\n<li>fornire un parere medico<\/li>\n\n\n\n<li>fornire una diagnosi;<\/li>\n\n\n\n<li>sostituire il consulto, l&#8217;opinione o le raccomandazioni di un professionista sanitario;<\/li>\n\n\n\n<li>raccomandare o promuovere l&#8217;uso di qualsiasi prodotto o servizio Ipsen;<\/li>\n<\/ul>\n\n\n\n<p>\u00c8 essenziale seguire i consigli o consultare il proprio medico o altri professionisti sanitari prima di utilizzare qualsiasi prodotto menzionato in questo sito web.<\/p>\n\n\n\n<p><strong>Esclusione di responsabilit\u00e0<\/strong><\/p>\n\n\n\n<p>Sebbene Ipsen faccia sforzi ragionevoli per garantire che le informazioni contenute nel sito web siano accurate e aggiornate, tali informazioni possono contenere inesattezze o errori tipografici. Ipsen si riserva il diritto di apportare modifiche, correzioni e\/o miglioramenti alle informazioni in qualsiasi momento senza preavviso. Ipsen non fornisce alcuna garanzia o dichiarazione circa l\u2019accuratezza di alcuna delle informazioni e non si assume alcuna responsabilit\u00e0 per eventuali errori o omissioni nel contenuto del sito web.<\/p>\n\n\n\n<!--Alert Card Layout Start Here-->\n<section class=\"alertcard-section\">\n      <div class=\"container\">\n        <!--Alert Box HTML Start Here-->\n        <div class=\"alert-box warning-box\">\n                    <div class=\"info-icon\">\n              <span class=\"info-circle\"><img decoding=\"async\" src=\"https:\/\/www.ipsen.com\/it\/wp-content\/themes\/ipsen-main\/dist\/images\/alert-warning-icon.png\" alt=\"Alert\"\/><\/i>\n            <\/div>\n                    <div class=\"info-contents\">\n          <h4 role=\"heading\" aria-level=\"2\" class=\"info-head heading-four heading-four\"><\/h4>\n            <p class=\"info-sub-head-para hidden heading-para\"><\/p>\n            <div class=\"alert-content visible\"><p>TUTTE LE INFORMAZIONI SONO FORNITE \u201cCOS\u00cc COME SONO\u201d. IPSEN NON FORNISCE ALCUNA GARANZIA SULLA COMPLETEZZA O ACCURATEZZA DELLE INFORMAZIONI PRESENTI SU QUESTO SITO WEB O SUI POSSIBILI USI. DI CONSEGUENZA, GLI UTENTI DEVONO VALUTARE ATTENTAMENTE LE INFORMAZIONI PRIMA DEL LORO USO. L\u2019UTENTE PUO\u2019 UTILIZZARE QUESTE INFORMAZIONI A PROPRIA DISCREZIONE E RISCHIO. ENTRO I LIMITI CONSENTITI DALLA LEGGE, IPSEN, QUALSIASI ALTRA AFFILIATA\/SOCIET\u00c0 DEL GRUPPO E QUALSIASI ALTRA PARTE COINVOLTA NELLA CREAZIONE, PRODUZIONE O FORNITURA DEL PRESENTE SITO WEB DECLINA OGNI RESPONSABILIT\u00c0 PER QUALSIASI DANNO DIRETTO, ACCIDENTALE, CONSEQUENZIALE, INDIRETTO O MORALE DERIVANTE DALL\u2019ACCESSO, DALL\u2019USO O DALL\u2019INCAPACIT\u00c0 DI UTILIZZARE QUESTO SITO WEB, O DA EVENTUALI ERRORI O OMISSIONI NEL CONTENUTO DEL SITO WEB.<\/p>\n<\/div>\n          <\/div>\n        <\/div>\n        <!--Alert Box HTML Start Here-->\n      <\/div>\n    <\/section>\n<!--Alert Card Layout End Here-->\n\n\n\n<p>Ipsen, inoltre, non si assume alcuna responsabilit\u00e0, e non sar\u00e0 responsabile di eventuali danni o virus che possano infettare i devices o altre apparecchiature di propriet\u00e0 dell\u2019utente, causati dall\u2019accesso o dall\u2019utilizzo delle informazioni presenti su questo sito web.<\/p>\n\n\n\n<p><\/p>\n\n\n\n<p><strong>Informazioni fornite<\/strong><\/p>\n\n\n\n<p>Ad eccezione delle informazioni coperte dall\u2019Informativa sulla Privacy, se tale policy \u00e8 applicabile, qualsiasi comunicazione o materiale trasmesso\/inviato al sito Web, inclusi dati, domande, commenti, suggerimenti o simili sar\u00e0 trattato come non confidenziale e non proprietario.<\/p>\n\n\n\n<p><\/p>\n\n\n\n<p><strong>Conseguenze<\/strong><\/p>\n\n\n\n<p>Se Ipsen viene a conoscenza del fatto che l\u2019utente ha violato uno qualsiasi dei Termini e delle Condizioni qui contenuti, pu\u00f2 immediatamente intraprendere delle azioni correttive, tra cui impedire all\u2019utente di utilizzare il sito web, in qualsiasi momento e senza preavviso. Se Ipsen \u00e8 stata colpita o danneggiata dalla violazione dell\u2019utente, pu\u00f2, a sua esclusiva discrezione, cercare di recuperare i danni dall\u2019utente.<\/p>\n\n\n\n<p><\/p>\n\n\n\n<p><strong>Revisioni<\/strong><\/p>\n\n\n\n<p>Ipsen pu\u00f2 rivedere, in qualsiasi momento, i presenti Termini e Condizioni aggiornando questa pagina e informando l\u2019utente attraverso un\u2019e-mail o una finestra pop-up nel Sito Web, con la richiesta di dare il consenso alla versione modificata. I Termini e Condizioni modificati entrano in vigore entro 30 giorni di calendario dalla data di aggiornamento. Se non \u00e8 d\u2019accordo con i nuovi Termini e Condizioni, dovrebbe indicarlo tramite il meccanismo fornito dall\u2019e-mail o dal pop-up e successivamente interrompere l\u2019accesso e l\u2019utilizzo del sito web. Dovrebbe visitare periodicamente questa pagina per rivedere i termini e le condizioni correnti a cui \u00e8 vincolato.<br>Ipsen si riserva il diritto di chiudere il presente sito web in qualsiasi momento senza alcuna responsabilit\u00e0 nei confronti dell\u2019utente o di chiunque altro. L\u2019utente ricever\u00e0 un preavviso di tale interruzione.<\/p>\n\n\n\n<p><\/p>\n\n\n\n<p><strong>Credits<\/strong><\/p>\n\n\n\n<p><strong>Graphics:<\/strong>&nbsp;Ipsen Group<a href=\"Ipsen, CAPA Pictures, Corbis\"><br><\/a><strong>Videos:<\/strong>&nbsp;Ipsen Group<a href=\"Ipsen, CAPA Pictures, Corbis\"><br><\/a><strong>Photos:&nbsp;<\/strong>Ipsen Group, CAPA Pictures, Corbis<\/p>\n\n\n\n<p><\/p>\n\n\n\n<p><strong>Propriet\u00e0 intelletuale<\/strong><\/p>\n\n\n\n<p>ll contenuto di questo sito web \u00e8 protetto dai diritti di propriet\u00e0 intellettuale. Tutto il materiale contenuto in questo sito web non pu\u00f2 essere riprodotto, visualizzato o ulteriormente utilizzato in alcun modo senza la previa autorizzazione scritta di Ipsen.<\/p>\n\n\n\n<p><\/p>\n\n\n\n<p><strong>Eventi avversi<\/strong><\/p>\n\n\n\n<p>I pazienti e le associazioni di pazienti sono invitati a segnalare tutte le reazioni avverse sospette al proprio medico e\/o seguendo le istruzioni presenti sul sito dell\u2019Agenzia Italiana del Farmaco.<br>Se gli operatori sanitari desiderano segnalare un evento avverso o un reclamo sulla qualit\u00e0 del prodotto a Ipsen, devono utilizzare gli appositi campi disponibili sul sito, nella sezione \u201cFarmacovigilanza\u201d <a href=\"https:\/\/www.ipsen.com\/it\/farmacovigilanza\/\">https:\/\/www.ipsen.com\/italy\/farmacovigilanza<\/a><\/p>\n\n\n\n<p><strong>Clausola salvatoria<\/strong><\/p>\n\n\n\n<p>La non validit\u00e0 o l\u2019inapplicabilit\u00e0 di qualsiasi disposizione dei presenti Termini e Condizioni non inficer\u00e0 la validit\u00e0 o l\u2019applicabilit\u00e0 di qualsiasi altra disposizione, che rimarr\u00e0 in vigore a tutti gli effetti, salvo laddove la non validit\u00e0 o l\u2019inapplicabilit\u00e0 si riferiscano a un termine essenziale dei presenti Termini e Condizioni.<\/p>\n\n\n\n<p><\/p>\n\n\n\n<p><strong>Leggi applicabili e risoluzione delle controversie<\/strong><\/p>\n\n\n\n<p>I presenti Termini e Condizioni e l\u2019utilizzo del sito web sono regolati dalle leggi italiane, ad eccezione delle disposizioni del diritto privato internazionale.<br>Le controversie che non possono essere risolte amichevolmente dalle parti saranno presentate alle corte e ai tribunali di Milano, in Italia.<\/p>\n\n\n\n<!--Alert Card Layout Start Here-->\n<section class=\"alertcard-section\">\n      <div class=\"container\">\n        <!--Alert Box HTML Start Here-->\n        <div class=\"alert-box general-box\">\n                    <div class=\"info-icon\">\n              <span class=\"info-circle\"><img decoding=\"async\" src=\"https:\/\/www.ipsen.com\/it\/wp-content\/themes\/ipsen-main\/dist\/images\/alert-info-icon.png\" alt=\"Alert\"\/><\/i>\n            <\/div>\n                    <div class=\"info-contents\">\n          <h4 role=\"heading\" aria-level=\"2\" class=\"info-head heading-four heading-four\"><\/h4>\n            <p class=\"info-sub-head-para hidden heading-para\"><\/p>\n            <div class=\"alert-content visible\"><p>Ultimo aggiornamento maggio 2025<\/p>\n<\/div>\n          <\/div>\n        <\/div>\n        <!--Alert Box HTML Start Here-->\n      <\/div>\n    <\/section>\n<!--Alert Card Layout End Here-->\n<\/div>\n<\/div>\n","protected":false},"excerpt":{"rendered":"","protected":false},"author":2,"featured_media":0,"parent":0,"menu_order":0,"comment_status":"closed","ping_status":"closed","template":"","meta":{"_acf_changed":false,"footnotes":""},"class_list":["post-66","page","type-page","status-publish","hentry","entry"],"acf":[],"yoast_head":"<!-- This site is optimized with the Yoast SEO plugin v26.8 - https:\/\/yoast.com\/product\/yoast-seo-wordpress\/ -->\n<title>Termini e Condizioni - Italy<\/title>\n<meta name=\"description\" content=\"Termini e Condizioni di Ipsen: accedendo al sito web, l\u2019utente accetta, senza limitazioni o riserve, questi termini e condizioni.\" \/>\n<meta name=\"robots\" content=\"index, follow, max-snippet:-1, max-image-preview:large, max-video-preview:-1\" \/>\n<link rel=\"canonical\" href=\"https:\/\/www.ipsen.com\/it\/termini-e-condizioni\/\" \/>\n<meta property=\"og:locale\" content=\"it_IT\" \/>\n<meta property=\"og:type\" content=\"article\" \/>\n<meta property=\"og:title\" content=\"Termini e Condizioni - Italy\" \/>\n<meta property=\"og:description\" content=\"Termini e Condizioni di Ipsen: accedendo al sito web, l\u2019utente accetta, senza limitazioni o riserve, questi termini e condizioni.\" \/>\n<meta property=\"og:url\" content=\"https:\/\/www.ipsen.com\/it\/termini-e-condizioni\/\" \/>\n<meta property=\"og:site_name\" content=\"Italy\" \/>\n<meta property=\"article:modified_time\" content=\"2025-10-09T07:40:37+00:00\" \/>\n<meta name=\"twitter:card\" content=\"summary_large_image\" \/>\n<meta name=\"twitter:label1\" content=\"Est. reading time\" \/>\n\t<meta name=\"twitter:data1\" content=\"5 minutes\" \/>\n<script type=\"application\/ld+json\" class=\"yoast-schema-graph\">{\"@context\":\"https:\/\/schema.org\",\"@graph\":[{\"@type\":\"WebPage\",\"@id\":\"https:\/\/www.ipsen.com\/it\/termini-e-condizioni\/\",\"url\":\"https:\/\/www.ipsen.com\/it\/termini-e-condizioni\/\",\"name\":\"Termini e Condizioni - Italy\",\"isPartOf\":{\"@id\":\"https:\/\/www.ipsen.com\/it\/#website\"},\"datePublished\":\"2024-01-17T12:10:42+00:00\",\"dateModified\":\"2025-10-09T07:40:37+00:00\",\"description\":\"Termini e Condizioni di Ipsen: accedendo al sito web, l\u2019utente accetta, senza limitazioni o riserve, questi termini e condizioni.\",\"breadcrumb\":{\"@id\":\"https:\/\/www.ipsen.com\/it\/termini-e-condizioni\/#breadcrumb\"},\"inLanguage\":\"it-IT\",\"potentialAction\":[{\"@type\":\"ReadAction\",\"target\":[\"https:\/\/www.ipsen.com\/it\/termini-e-condizioni\/\"]}]},{\"@type\":\"BreadcrumbList\",\"@id\":\"https:\/\/www.ipsen.com\/it\/termini-e-condizioni\/#breadcrumb\",\"itemListElement\":[{\"@type\":\"ListItem\",\"position\":1,\"name\":\"Home\",\"item\":\"https:\/\/www.ipsen.com\/it\/\"},{\"@type\":\"ListItem\",\"position\":2,\"name\":\"Termini e Condizioni\"}]},{\"@type\":\"WebSite\",\"@id\":\"https:\/\/www.ipsen.com\/it\/#website\",\"url\":\"https:\/\/www.ipsen.com\/it\/\",\"name\":\"Italy\",\"description\":\"\",\"publisher\":{\"@id\":\"https:\/\/www.ipsen.com\/it\/#organization\"},\"potentialAction\":[{\"@type\":\"SearchAction\",\"target\":{\"@type\":\"EntryPoint\",\"urlTemplate\":\"https:\/\/www.ipsen.com\/it\/?s={search_term_string}\"},\"query-input\":{\"@type\":\"PropertyValueSpecification\",\"valueRequired\":true,\"valueName\":\"search_term_string\"}}],\"inLanguage\":\"it-IT\"},{\"@type\":\"Organization\",\"@id\":\"https:\/\/www.ipsen.com\/it\/#organization\",\"name\":\"Italy\",\"url\":\"https:\/\/www.ipsen.com\/it\/\",\"logo\":{\"@type\":\"ImageObject\",\"inLanguage\":\"it-IT\",\"@id\":\"https:\/\/www.ipsen.com\/it\/#\/schema\/logo\/image\/\",\"url\":\"https:\/\/www.ipsen.com\/it\/wp-content\/uploads\/sites\/9\/2023\/12\/Logo-Ipsen.svg\",\"contentUrl\":\"https:\/\/www.ipsen.com\/it\/wp-content\/uploads\/sites\/9\/2023\/12\/Logo-Ipsen.svg\",\"caption\":\"Italy\"},\"image\":{\"@id\":\"https:\/\/www.ipsen.com\/it\/#\/schema\/logo\/image\/\"}}]}<\/script>\n<!-- \/ Yoast SEO plugin. -->","yoast_head_json":{"title":"Termini e Condizioni - Italy","description":"Termini e Condizioni di Ipsen: accedendo al sito web, l\u2019utente accetta, senza limitazioni o riserve, questi termini e condizioni.","robots":{"index":"index","follow":"follow","max-snippet":"max-snippet:-1","max-image-preview":"max-image-preview:large","max-video-preview":"max-video-preview:-1"},"canonical":"https:\/\/www.ipsen.com\/it\/termini-e-condizioni\/","og_locale":"it_IT","og_type":"article","og_title":"Termini e Condizioni - Italy","og_description":"Termini e Condizioni di Ipsen: accedendo al sito web, l\u2019utente accetta, senza limitazioni o riserve, questi termini e condizioni.","og_url":"https:\/\/www.ipsen.com\/it\/termini-e-condizioni\/","og_site_name":"Italy","article_modified_time":"2025-10-09T07:40:37+00:00","twitter_card":"summary_large_image","twitter_misc":{"Est. reading time":"5 minutes"},"schema":{"@context":"https:\/\/schema.org","@graph":[{"@type":"WebPage","@id":"https:\/\/www.ipsen.com\/it\/termini-e-condizioni\/","url":"https:\/\/www.ipsen.com\/it\/termini-e-condizioni\/","name":"Termini e Condizioni - Italy","isPartOf":{"@id":"https:\/\/www.ipsen.com\/it\/#website"},"datePublished":"2024-01-17T12:10:42+00:00","dateModified":"2025-10-09T07:40:37+00:00","description":"Termini e Condizioni di Ipsen: accedendo al sito web, l\u2019utente accetta, senza limitazioni o riserve, questi termini e condizioni.","breadcrumb":{"@id":"https:\/\/www.ipsen.com\/it\/termini-e-condizioni\/#breadcrumb"},"inLanguage":"it-IT","potentialAction":[{"@type":"ReadAction","target":["https:\/\/www.ipsen.com\/it\/termini-e-condizioni\/"]}]},{"@type":"BreadcrumbList","@id":"https:\/\/www.ipsen.com\/it\/termini-e-condizioni\/#breadcrumb","itemListElement":[{"@type":"ListItem","position":1,"name":"Home","item":"https:\/\/www.ipsen.com\/it\/"},{"@type":"ListItem","position":2,"name":"Termini e Condizioni"}]},{"@type":"WebSite","@id":"https:\/\/www.ipsen.com\/it\/#website","url":"https:\/\/www.ipsen.com\/it\/","name":"Italy","description":"","publisher":{"@id":"https:\/\/www.ipsen.com\/it\/#organization"},"potentialAction":[{"@type":"SearchAction","target":{"@type":"EntryPoint","urlTemplate":"https:\/\/www.ipsen.com\/it\/?s={search_term_string}"},"query-input":{"@type":"PropertyValueSpecification","valueRequired":true,"valueName":"search_term_string"}}],"inLanguage":"it-IT"},{"@type":"Organization","@id":"https:\/\/www.ipsen.com\/it\/#organization","name":"Italy","url":"https:\/\/www.ipsen.com\/it\/","logo":{"@type":"ImageObject","inLanguage":"it-IT","@id":"https:\/\/www.ipsen.com\/it\/#\/schema\/logo\/image\/","url":"https:\/\/www.ipsen.com\/it\/wp-content\/uploads\/sites\/9\/2023\/12\/Logo-Ipsen.svg","contentUrl":"https:\/\/www.ipsen.com\/it\/wp-content\/uploads\/sites\/9\/2023\/12\/Logo-Ipsen.svg","caption":"Italy"},"image":{"@id":"https:\/\/www.ipsen.com\/it\/#\/schema\/logo\/image\/"}}]}},"parsely":{"version":"1.1.0","canonical_url":"https:\/\/ipsen.com\/it\/termini-e-condizioni\/","smart_links":{"inbound":0,"outbound":0},"traffic_boost_suggestions_count":0,"meta":{"@context":"https:\/\/schema.org","@type":"WebPage","headline":"Termini e Condizioni","url":"http:\/\/www.ipsen.com\/it\/termini-e-condizioni\/","mainEntityOfPage":{"@type":"WebPage","@id":"http:\/\/www.ipsen.com\/it\/termini-e-condizioni\/"},"thumbnailUrl":"","image":{"@type":"ImageObject","url":""},"articleSection":"Non categorizzato","author":[{"@type":"Person","name":"navya"}],"creator":["navya"],"publisher":{"@type":"Organization","name":"Italy","logo":""},"keywords":[],"dateCreated":"2024-01-17T12:10:42Z","datePublished":"2024-01-17T12:10:42Z","dateModified":"2025-10-09T07:40:37Z"},"rendered":"<script type=\"application\/ld+json\" class=\"wp-parsely-metadata\">{\"@context\":\"https:\\\/\\\/schema.org\",\"@type\":\"WebPage\",\"headline\":\"Termini e Condizioni\",\"url\":\"http:\\\/\\\/www.ipsen.com\\\/it\\\/termini-e-condizioni\\\/\",\"mainEntityOfPage\":{\"@type\":\"WebPage\",\"@id\":\"http:\\\/\\\/www.ipsen.com\\\/it\\\/termini-e-condizioni\\\/\"},\"thumbnailUrl\":\"\",\"image\":{\"@type\":\"ImageObject\",\"url\":\"\"},\"articleSection\":\"Non categorizzato\",\"author\":[{\"@type\":\"Person\",\"name\":\"navya\"}],\"creator\":[\"navya\"],\"publisher\":{\"@type\":\"Organization\",\"name\":\"Italy\",\"logo\":\"\"},\"keywords\":[],\"dateCreated\":\"2024-01-17T12:10:42Z\",\"datePublished\":\"2024-01-17T12:10:42Z\",\"dateModified\":\"2025-10-09T07:40:37Z\"}<\/script>","tracker_url":"https:\/\/cdn.parsely.com\/keys\/ipsen.com\/p.js"},"jetpack_sharing_enabled":true,"_links":{"self":[{"href":"https:\/\/www.ipsen.com\/it\/wp-json\/wp\/v2\/pages\/66","targetHints":{"allow":["GET"]}}],"collection":[{"href":"https:\/\/www.ipsen.com\/it\/wp-json\/wp\/v2\/pages"}],"about":[{"href":"https:\/\/www.ipsen.com\/it\/wp-json\/wp\/v2\/types\/page"}],"author":[{"embeddable":true,"href":"https:\/\/www.ipsen.com\/it\/wp-json\/wp\/v2\/users\/2"}],"replies":[{"embeddable":true,"href":"https:\/\/www.ipsen.com\/it\/wp-json\/wp\/v2\/comments?post=66"}],"version-history":[{"count":11,"href":"https:\/\/www.ipsen.com\/it\/wp-json\/wp\/v2\/pages\/66\/revisions"}],"predecessor-version":[{"id":40213,"href":"https:\/\/www.ipsen.com\/it\/wp-json\/wp\/v2\/pages\/66\/revisions\/40213"}],"wp:attachment":[{"href":"https:\/\/www.ipsen.com\/it\/wp-json\/wp\/v2\/media?parent=66"}],"curies":[{"name":"wp","href":"https:\/\/api.w.org\/{rel}","templated":true}]}}