{"id":58,"date":"2024-01-17T14:03:19","date_gmt":"2024-01-17T12:03:19","guid":{"rendered":"https:\/\/www.ipsen.com\/it\/?page_id=58"},"modified":"2025-07-17T11:26:43","modified_gmt":"2025-07-17T09:26:43","slug":"lavorare-in-ipsen","status":"publish","type":"page","link":"https:\/\/www.ipsen.com\/it\/lavorare-in-ipsen\/","title":{"rendered":"Lavorare in Ipsen"},"content":{"rendered":"    <section class=\"sub-page-banner bg-img-enabled  banner-no-filter\" style=\"background-image:url(https:\/\/www.ipsen.com\/it\/wp-content\/uploads\/sites\/9\/2025\/07\/Careers.jpg)\">\n                <div class=\"container content-sec\">\n            <nav aria-label=\"breadcrumb\">\n            <ol class=\"breadcrumb\">\n                <li class=\"breadcrumb-item\"><a href=\"https:\/\/www.ipsen.com\/it\">Home<\/a><\/li><li class=\"breadcrumb-item active\"><a class=\"link-pointer-events-none\" href=\"#\" aria-current=\"page\">Lavorare in Ipsen<\/a><\/li><\/ol>\n            <\/nav>            <h1 class=\"visible banner-font-color-white\">Lavorare in Ipsen<\/h1>\n            <p class=\"visible banner-font-color-white\">Collaboriamo per innovare. Per una vita pi\u00f9 sana e un futuro migliore <\/p>\n        <\/div>\n    <\/section>\n\n\n\n\t<!-- Hero Carousel Start Here-->\n\t<section class=\"hero-section no-filter\">\n\t\t<div class=\"hero_gridwidth container\"><!-- container class shown if gridlayout choosen -->\n\t\t\t<div id=\"heroCarousel\" class=\"carousel slide herocaro hero-banner-no-bg-image\" data-bs-ride=\"carousel\" data-enableplaybtn=\"\" data-autoplay= \"\"  data-autospeed= \"\" >\n\t\t\t\t<!-- Slider Indicator-->\n\t\t\t\t<div class=\"carousel-indicators hidden\">\n\t\t\t\t<button type=\"button\" data-bs-target=\"#heroCarousel\" data-bs-slide-to=\"0\" class=\"active\" aria-current=\"true\" aria-label=\"Slide 0\"><\/button>\t\t\t\t<\/div>\n\t\t\t\t<!-- Items -->\n\t\t\t\t<div class=\"carousel-inner\">\n\t\t\t\t\t\t\n\t\t\t\t\t\t<!-- Hero Banner with carousel HTML -->\n\t\t\t\t\t\t<div class=\"carousel-item active banner-no-filter\">\n\n\t\t\t\t\t\t\t\t\t\t\t\t\t\t\t<img decoding=\"async\" class=\"bd-placeholder-img visible\" alt=\"\" width=\"100%\" height=\"100%\" src=\"https:\/\/www.ipsen.com\/it\/wp-content\/uploads\/sites\/9\/2025\/07\/Light-Hero-Banner.jpg\" \/> \n\t\t\t\t\t\t\t\n\t\t\t\t\t\t\t\t\n\n\t\t\t\t\t\t\t<div class=\"container align-left\">\n\t\t\t\t\t\t\t\t<div class=\"carousel-caption\">\n\t\t\t\t\t\t\t\t\t<h2 class=\"visible text-start heading-two banner-font-color-blue\">\n\t\t\t\t\t\t\t\t\t\tLe opportunit\u00e0 di lavoro in Ipsen esprimono al meglio il tuo talento.\t\t\t\t\t\t\t\t\t<\/h2>\n\t\t\t\t\t\t\t\t\t<div class=\"hidden text-start banner-font-color-blue\"><\/div>\n\t\t\t\t\t\t\t\t\t\n\t\t\t\t\t\t\t\t\t\t\t\t\t\t\t\t\t\t\t<p class=\"visible text-start banner-font-color-blue\">\n\t\t\t\t\t\t\t\t\t\t\t<a class=\"btn btn-lg btn-primary\" href=\"https:\/\/ipsen.wd103.myworkdayjobs.com\/en-EN\/Ipsen_Careers\" aria-label=\"Entra a far parte del nostro Team about Le opportunit\u00e0 di lavoro in Ipsen esprimono al meglio il tuo talento.\" target=\"_blank\">\n\t\t\t\t\t\t\t\t\t\t\t\tEntra a far parte del nostro Team\t\t\t\t\t\t\t\t\t\t\t<\/a>\n\t\t\t\t\t\t\t\t\t\t<\/p>\n\t\t\t\t\t\t\t\t\t\t\t\t\t\t\t\t\t\t\n\t\t\t\t\t\t\t\t<\/div>\n\t\t\t\t\t\t\t<\/div>\n\t\t\t\t\t\t<\/div>\n\n\t\t\t\t\t\t\t\t\t<\/div>\n\t\t\t\t\n\t\t\t\t\n\t\t\t<\/div>\n\t\t<\/div>\n\t<\/section>\n\t<!-- Hero Carousel End Here-->\n  \n\n<!-- Text & Media Block Code -->\n<section class=\"two-col-section text-media-section\">\n    <div class=\"container two-section-innner \">\n        <div class=\"response-inner\" style=\"background-image: url('')\">\n            <div class=\"row \">\n                <div class=\"col-xs-12 col-sm-12 col-md-6\">\n                                                    <div class=\"img-video-section\">\n                                <img decoding=\"async\" \n                                    src=\"https:\/\/www.ipsen.com\/it\/wp-content\/uploads\/sites\/9\/2024\/04\/M_30624-scaled-1.jpg\" \n                                    alt=\"\" \n                                >\n                            <\/div>\n                                        <\/div>\n                <div class=\" col-xs-12 col-sm-12 col-md-6\">\n                    <div class=\"section-content\">\n                        <div class=\"heading-dash\">\n                                                            <span class=\"dash\"><\/span>\n                                <h4 class=\"heading-para heading-four\" role=\"heading\" aria-level=\"2\">\n                                    Perch\u00e9 Entrare A Far Parte Di Ipsen?                                <\/h4>\n                                                    <\/div>\n                                                <p>In Ipsen, ogni persona fa la differenza. I nostri team lavorano con passione perch\u00e9 vogliono migliorare la qualit\u00e0 di vita dei pazienti. Investiamo sulle nostre persone per sostenere progetti innovativi, che possano generare un impatto positivo nella societ\u00e0. Per questo premiamo e diamo valore a ci\u00f2 che conta. I nostri benefit sono pensati per riconoscere il talento di ciascuno e incoraggiare risultati innovativi.<\/p>\n                            <a \n                            aria-label=\" about Perch\u00e9 Entrare A Far Parte Di Ipsen?\"  \n                                role=\"link\" \n                                class=\"btn-link hidden\"\n                                href=\"\" \n                                target=\"_self\"\n                            > \n                                 \n                            <\/a>\n\n                    <\/div>\n                <\/div>\n            <\/div>\n        <\/div>\n    <\/div>\n<\/section>\n\n<!-- Text & Media Block Code -->\n<section class=\"two-col-section text-media-section\">\n    <div class=\"container two-section-innner section-reverse\">\n        <div class=\"response-inner\" style=\"background-image: url('')\">\n            <div class=\"row section-reverse\">\n                <div class=\"col-xs-12 col-sm-12 col-md-6\">\n                                                    <div class=\"img-video-section\">\n                                <img decoding=\"async\" \n                                    src=\"https:\/\/www.ipsen.com\/it\/wp-content\/uploads\/sites\/9\/2025\/07\/Cambridge-USA-img-33-hd-scaled-1.jpg\" \n                                    alt=\"\" \n                                >\n                            <\/div>\n                                        <\/div>\n                <div class=\" col-xs-12 col-sm-12 col-md-6\">\n                    <div class=\"section-content\">\n                        <div class=\"heading-dash\">\n                                                            <span class=\"dash\"><\/span>\n                                <h4 class=\"heading-para heading-four\" role=\"heading\" aria-level=\"2\">\n                                    La Nostra Cultura                                <\/h4>\n                                                    <\/div>\n                                                <p>Ipsen \u00e8 un&#8217;azienda orientata alla collaborazione e all&#8217;eccellenza. Questa cultura si fonda sul &#8220;Ipsen Way of Being&#8221; organizzato intorno a cinque pilastri: agire con uno scopo, imparare e condividere, guidare il successo, fiducia reciproca e orientamento ai risultati.<br \/>\nGrazie a team inclusivi, dove le differenze sono valorizzate, nel 2023 Ipsen \u00e8 stata riconosciuta come eccellente posto di lavoro in 25 sedi in tutto il mondo.<\/p>\n                            <a \n                            aria-label=\" about La Nostra Cultura\"  \n                                role=\"link\" \n                                class=\"btn-link hidden\"\n                                href=\"\" \n                                target=\"_self\"\n                            > \n                                 \n                            <\/a>\n\n                    <\/div>\n                <\/div>\n            <\/div>\n        <\/div>\n    <\/div>\n<\/section>\n\n<!-- Text & Media Block Code -->\n<section class=\"two-col-section text-media-section\">\n    <div class=\"container two-section-innner \">\n        <div class=\"response-inner\" style=\"background-image: url('')\">\n            <div class=\"row \">\n                <div class=\"col-xs-12 col-sm-12 col-md-6\">\n                                                    <div class=\"img-video-section\">\n                                <img decoding=\"async\" \n                                    src=\"https:\/\/www.ipsen.com\/it\/wp-content\/uploads\/sites\/9\/2024\/04\/Premi.jpg\" \n                                    alt=\"\" \n                                >\n                            <\/div>\n                                        <\/div>\n                <div class=\" col-xs-12 col-sm-12 col-md-6\">\n                    <div class=\"section-content\">\n                        <div class=\"heading-dash\">\n                                                            <span class=\"dash\"><\/span>\n                                <h4 class=\"heading-para heading-four\" role=\"heading\" aria-level=\"2\">\n                                    I Nostri Riconoscimenti                                <\/h4>\n                                                    <\/div>\n                                                <p>Lavoriamo costantemente per garantire un ambiento di lavoro dove ognuno possa essere se stesso Il team italiano, inoltre, vanta diversi riconoscimenti, quali: Best Place to Work for Women\u00ae, il Bollino Rosa e la Certificazione sull&#8217;equit\u00e0 di genere UNI\/PdR125:2022\u00a0 per le politiche a favore dell&#8217;equit\u00e0 di genere e l&#8217;inclusivit\u00e0.<\/p>\n                            <a \n                            aria-label=\" about I Nostri Riconoscimenti\"  \n                                role=\"link\" \n                                class=\"btn-link hidden\"\n                                href=\"\" \n                                target=\"_self\"\n                            > \n                                 \n                            <\/a>\n\n                    <\/div>\n                <\/div>\n            <\/div>\n        <\/div>\n    <\/div>\n<\/section>\n\n<!-- Text & Media Block Code -->\n<section class=\"two-col-section text-media-section\">\n    <div class=\"container two-section-innner section-reverse\">\n        <div class=\"response-inner\" style=\"background-image: url('')\">\n            <div class=\"row section-reverse\">\n                <div class=\"col-xs-12 col-sm-12 col-md-6\">\n                                                    <div class=\"img-video-section\">\n                                <img decoding=\"async\" \n                                    src=\"https:\/\/www.ipsen.com\/it\/wp-content\/uploads\/sites\/9\/2024\/03\/Module-5_discover-the-right-team_10_GABO_181219_4433_-scaled-1.jpg\" \n                                    alt=\"\" \n                                >\n                            <\/div>\n                                        <\/div>\n                <div class=\" col-xs-12 col-sm-12 col-md-6\">\n                    <div class=\"section-content\">\n                        <div class=\"heading-dash\">\n                                                            <span class=\"dash\"><\/span>\n                                <h4 class=\"heading-para heading-four\" role=\"heading\" aria-level=\"2\">\n                                    Coltiviamo Il Talento Di Ogni Persona                                 <\/h4>\n                                                    <\/div>\n                                                <p>Promuoviamo un ambiente basato sull&#8217;apprendimento costante, in cui ogni persona ha la possibilit\u00e0 di esprimere il proprio potenziale e coltivare il proprio percorso di crescita. Con questo obiettivo sosteniamo un ampio programma di formazione e sviluppo basato su un modello 70\/20\/10 che prevede training e coaching.<br \/>\nOffriamo alle nostre persone la possibilit\u00e0 di partecipare a progetti di portata internazionale, l&#8217;opportunit\u00e0 di lavorare in modo cross-funzionale e cross-geografico e stimoliamo la collaborazione tra le diverse funzioni aziendali e aree di competenza.<\/p>\n                            <a \n                            aria-label=\" about Coltiviamo Il Talento Di Ogni Persona \"  \n                                role=\"link\" \n                                class=\"btn-link hidden\"\n                                href=\"\" \n                                target=\"_self\"\n                            > \n                                 \n                            <\/a>\n\n                    <\/div>\n                <\/div>\n            <\/div>\n        <\/div>\n    <\/div>\n<\/section>\n\n    <section class=\"video-card \">\n        <div class=\"container\">\n            <!-- Block Details -->\n            <div class=\"video-card-header\">\n                <h3 class=\"video-card-block-title hidden heading-three\">\n                                    <\/h3>\n                <p class=\"charcoal-grey video-card-block-summary hidden\"> \n                                    <\/p>\n            <\/div>\n\n            <!-- Video Iframe embed -->\n                            <div class=\"video-embed\"> \n                <iframe loading=\"lazy\" title=\"Community Day 2024: Ipsen &amp; SolarBuddy per un mondo pi\u00f9 luminoso\" src=\"https:\/\/player.vimeo.com\/video\/1007613282?app_id=122963&#038;autoplay=1&#038;muted=1&#038;controls=1&#038;loop=1&#038;autopause=1&#038;background=0\" width=\"640\" height=\"360\" frameborder=\"0\" allow=\"autoplay; fullscreen; picture-in-picture; clipboard-write; encrypted-media; web-share\" referrerpolicy=\"strict-origin-when-cross-origin\" frameborder=\"0\" allow=\"autoplay; fullscreen; picture-in-picture\" data-ot-ignore><\/iframe>                <\/div>\n            \n            <!-- Block CTA -->\n            <div class=\"cta-block hidden\">\n                            <\/div>\n\n        <\/div>\n    <\/section>\n\n\n    <section class=\"title-text \">\n        <div class=\"container\">\n            <div class=\"title-text-inner\" style=\"background-color:#EDEBE4;\">\n\n                <!-- If heading is enabled then it's visible -->\n                <div class=\"text-head-dash visible\">\n                <h3 class=\"heading-three\" role=\"heading\" aria-level=\"2\">\n                        Il Nostro Processo Di Selezione  Personale                    <\/h3>\n                <\/div>\n               \n                <!-- If description is enabled then it's visible -->\n                <div class=\"text-parbase visible\">\n                    <p>Il nostro processo di acquisizione di nuovi talenti si fonda su una pianificazione chiara, su consolidate prassi di comunicazione e di restituzione dei feedback. Ci impegniamo per aumentare gli standard di qualit\u00e0 per le posizioni chiave, concentrandoci sui principi di diversit\u00e0, equit\u00e0 e inclusione (DE&amp;I) come parte della nostra pi\u00f9 ampia strategia DE&amp;I. Rivediamo costantemente i nostri processi di gestione delle risorse umane nelle fasi di reclutamento e di onboarding, per garantire risultati equi.<\/p>\n                <\/div>\n\n                <!-- If button is enabled then it's visible -->\n                \n            <\/div>\n        <\/div>\n    <\/section>\n","protected":false},"excerpt":{"rendered":"","protected":false},"author":2,"featured_media":0,"parent":0,"menu_order":0,"comment_status":"closed","ping_status":"closed","template":"","meta":{"_acf_changed":false,"footnotes":""},"class_list":["post-58","page","type-page","status-publish","hentry","entry"],"acf":[],"yoast_head":"<!-- This site is optimized with the Yoast SEO plugin v26.8 - https:\/\/yoast.com\/product\/yoast-seo-wordpress\/ -->\n<title>Lavorare in Ipsen - Italy<\/title>\n<meta name=\"description\" content=\"Le opportunit\u00e0 di lavoro in Ipsen esprimono al meglio il tuo talento. Scopri come entrare a far parte del nostro team di lavoro.\" \/>\n<meta name=\"robots\" content=\"index, follow, max-snippet:-1, max-image-preview:large, max-video-preview:-1\" \/>\n<link rel=\"canonical\" href=\"https:\/\/www.ipsen.com\/it\/lavorare-in-ipsen\/\" \/>\n<meta property=\"og:locale\" content=\"it_IT\" \/>\n<meta property=\"og:type\" content=\"article\" \/>\n<meta property=\"og:title\" content=\"Lavorare in Ipsen - Italy\" \/>\n<meta property=\"og:description\" content=\"Le opportunit\u00e0 di lavoro in Ipsen esprimono al meglio il tuo talento. Scopri come entrare a far parte del nostro team di lavoro.\" \/>\n<meta property=\"og:url\" content=\"https:\/\/www.ipsen.com\/it\/lavorare-in-ipsen\/\" \/>\n<meta property=\"og:site_name\" content=\"Italy\" \/>\n<meta property=\"article:modified_time\" content=\"2025-07-17T09:26:43+00:00\" \/>\n<meta name=\"twitter:card\" content=\"summary_large_image\" \/>\n<script type=\"application\/ld+json\" class=\"yoast-schema-graph\">{\"@context\":\"https:\/\/schema.org\",\"@graph\":[{\"@type\":\"WebPage\",\"@id\":\"https:\/\/www.ipsen.com\/it\/lavorare-in-ipsen\/\",\"url\":\"https:\/\/www.ipsen.com\/it\/lavorare-in-ipsen\/\",\"name\":\"Lavorare in Ipsen - Italy\",\"isPartOf\":{\"@id\":\"https:\/\/www.ipsen.com\/it\/#website\"},\"datePublished\":\"2024-01-17T12:03:19+00:00\",\"dateModified\":\"2025-07-17T09:26:43+00:00\",\"description\":\"Le opportunit\u00e0 di lavoro in Ipsen esprimono al meglio il tuo talento. Scopri come entrare a far parte del nostro team di lavoro.\",\"breadcrumb\":{\"@id\":\"https:\/\/www.ipsen.com\/it\/lavorare-in-ipsen\/#breadcrumb\"},\"inLanguage\":\"it-IT\",\"potentialAction\":[{\"@type\":\"ReadAction\",\"target\":[\"https:\/\/www.ipsen.com\/it\/lavorare-in-ipsen\/\"]}]},{\"@type\":\"BreadcrumbList\",\"@id\":\"https:\/\/www.ipsen.com\/it\/lavorare-in-ipsen\/#breadcrumb\",\"itemListElement\":[{\"@type\":\"ListItem\",\"position\":1,\"name\":\"Home\",\"item\":\"https:\/\/www.ipsen.com\/it\/\"},{\"@type\":\"ListItem\",\"position\":2,\"name\":\"Lavorare in Ipsen\"}]},{\"@type\":\"WebSite\",\"@id\":\"https:\/\/www.ipsen.com\/it\/#website\",\"url\":\"https:\/\/www.ipsen.com\/it\/\",\"name\":\"Italy\",\"description\":\"\",\"publisher\":{\"@id\":\"https:\/\/www.ipsen.com\/it\/#organization\"},\"potentialAction\":[{\"@type\":\"SearchAction\",\"target\":{\"@type\":\"EntryPoint\",\"urlTemplate\":\"https:\/\/www.ipsen.com\/it\/?s={search_term_string}\"},\"query-input\":{\"@type\":\"PropertyValueSpecification\",\"valueRequired\":true,\"valueName\":\"search_term_string\"}}],\"inLanguage\":\"it-IT\"},{\"@type\":\"Organization\",\"@id\":\"https:\/\/www.ipsen.com\/it\/#organization\",\"name\":\"Italy\",\"url\":\"https:\/\/www.ipsen.com\/it\/\",\"logo\":{\"@type\":\"ImageObject\",\"inLanguage\":\"it-IT\",\"@id\":\"https:\/\/www.ipsen.com\/it\/#\/schema\/logo\/image\/\",\"url\":\"https:\/\/www.ipsen.com\/it\/wp-content\/uploads\/sites\/9\/2023\/12\/Logo-Ipsen.svg\",\"contentUrl\":\"https:\/\/www.ipsen.com\/it\/wp-content\/uploads\/sites\/9\/2023\/12\/Logo-Ipsen.svg\",\"caption\":\"Italy\"},\"image\":{\"@id\":\"https:\/\/www.ipsen.com\/it\/#\/schema\/logo\/image\/\"}}]}<\/script>\n<!-- \/ Yoast SEO plugin. -->","yoast_head_json":{"title":"Lavorare in Ipsen - Italy","description":"Le opportunit\u00e0 di lavoro in Ipsen esprimono al meglio il tuo talento. Scopri come entrare a far parte del nostro team di lavoro.","robots":{"index":"index","follow":"follow","max-snippet":"max-snippet:-1","max-image-preview":"max-image-preview:large","max-video-preview":"max-video-preview:-1"},"canonical":"https:\/\/www.ipsen.com\/it\/lavorare-in-ipsen\/","og_locale":"it_IT","og_type":"article","og_title":"Lavorare in Ipsen - Italy","og_description":"Le opportunit\u00e0 di lavoro in Ipsen esprimono al meglio il tuo talento. Scopri come entrare a far parte del nostro team di lavoro.","og_url":"https:\/\/www.ipsen.com\/it\/lavorare-in-ipsen\/","og_site_name":"Italy","article_modified_time":"2025-07-17T09:26:43+00:00","twitter_card":"summary_large_image","schema":{"@context":"https:\/\/schema.org","@graph":[{"@type":"WebPage","@id":"https:\/\/www.ipsen.com\/it\/lavorare-in-ipsen\/","url":"https:\/\/www.ipsen.com\/it\/lavorare-in-ipsen\/","name":"Lavorare in Ipsen - Italy","isPartOf":{"@id":"https:\/\/www.ipsen.com\/it\/#website"},"datePublished":"2024-01-17T12:03:19+00:00","dateModified":"2025-07-17T09:26:43+00:00","description":"Le opportunit\u00e0 di lavoro in Ipsen esprimono al meglio il tuo talento. Scopri come entrare a far parte del nostro team di lavoro.","breadcrumb":{"@id":"https:\/\/www.ipsen.com\/it\/lavorare-in-ipsen\/#breadcrumb"},"inLanguage":"it-IT","potentialAction":[{"@type":"ReadAction","target":["https:\/\/www.ipsen.com\/it\/lavorare-in-ipsen\/"]}]},{"@type":"BreadcrumbList","@id":"https:\/\/www.ipsen.com\/it\/lavorare-in-ipsen\/#breadcrumb","itemListElement":[{"@type":"ListItem","position":1,"name":"Home","item":"https:\/\/www.ipsen.com\/it\/"},{"@type":"ListItem","position":2,"name":"Lavorare in Ipsen"}]},{"@type":"WebSite","@id":"https:\/\/www.ipsen.com\/it\/#website","url":"https:\/\/www.ipsen.com\/it\/","name":"Italy","description":"","publisher":{"@id":"https:\/\/www.ipsen.com\/it\/#organization"},"potentialAction":[{"@type":"SearchAction","target":{"@type":"EntryPoint","urlTemplate":"https:\/\/www.ipsen.com\/it\/?s={search_term_string}"},"query-input":{"@type":"PropertyValueSpecification","valueRequired":true,"valueName":"search_term_string"}}],"inLanguage":"it-IT"},{"@type":"Organization","@id":"https:\/\/www.ipsen.com\/it\/#organization","name":"Italy","url":"https:\/\/www.ipsen.com\/it\/","logo":{"@type":"ImageObject","inLanguage":"it-IT","@id":"https:\/\/www.ipsen.com\/it\/#\/schema\/logo\/image\/","url":"https:\/\/www.ipsen.com\/it\/wp-content\/uploads\/sites\/9\/2023\/12\/Logo-Ipsen.svg","contentUrl":"https:\/\/www.ipsen.com\/it\/wp-content\/uploads\/sites\/9\/2023\/12\/Logo-Ipsen.svg","caption":"Italy"},"image":{"@id":"https:\/\/www.ipsen.com\/it\/#\/schema\/logo\/image\/"}}]}},"parsely":{"version":"1.1.0","canonical_url":"https:\/\/ipsen.com\/it\/lavorare-in-ipsen\/","smart_links":{"inbound":0,"outbound":0},"traffic_boost_suggestions_count":0,"meta":{"@context":"https:\/\/schema.org","@type":"WebPage","headline":"Lavorare in Ipsen","url":"http:\/\/www.ipsen.com\/it\/lavorare-in-ipsen\/","mainEntityOfPage":{"@type":"WebPage","@id":"http:\/\/www.ipsen.com\/it\/lavorare-in-ipsen\/"},"thumbnailUrl":"","image":{"@type":"ImageObject","url":""},"articleSection":"Non categorizzato","author":[{"@type":"Person","name":"navya"}],"creator":["navya"],"publisher":{"@type":"Organization","name":"Italy","logo":""},"keywords":[],"dateCreated":"2024-01-17T12:03:19Z","datePublished":"2024-01-17T12:03:19Z","dateModified":"2025-07-17T09:26:43Z"},"rendered":"<script type=\"application\/ld+json\" class=\"wp-parsely-metadata\">{\"@context\":\"https:\\\/\\\/schema.org\",\"@type\":\"WebPage\",\"headline\":\"Lavorare in Ipsen\",\"url\":\"http:\\\/\\\/www.ipsen.com\\\/it\\\/lavorare-in-ipsen\\\/\",\"mainEntityOfPage\":{\"@type\":\"WebPage\",\"@id\":\"http:\\\/\\\/www.ipsen.com\\\/it\\\/lavorare-in-ipsen\\\/\"},\"thumbnailUrl\":\"\",\"image\":{\"@type\":\"ImageObject\",\"url\":\"\"},\"articleSection\":\"Non categorizzato\",\"author\":[{\"@type\":\"Person\",\"name\":\"navya\"}],\"creator\":[\"navya\"],\"publisher\":{\"@type\":\"Organization\",\"name\":\"Italy\",\"logo\":\"\"},\"keywords\":[],\"dateCreated\":\"2024-01-17T12:03:19Z\",\"datePublished\":\"2024-01-17T12:03:19Z\",\"dateModified\":\"2025-07-17T09:26:43Z\"}<\/script>","tracker_url":"https:\/\/cdn.parsely.com\/keys\/ipsen.com\/p.js"},"jetpack_sharing_enabled":true,"_links":{"self":[{"href":"https:\/\/www.ipsen.com\/it\/wp-json\/wp\/v2\/pages\/58","targetHints":{"allow":["GET"]}}],"collection":[{"href":"https:\/\/www.ipsen.com\/it\/wp-json\/wp\/v2\/pages"}],"about":[{"href":"https:\/\/www.ipsen.com\/it\/wp-json\/wp\/v2\/types\/page"}],"author":[{"embeddable":true,"href":"https:\/\/www.ipsen.com\/it\/wp-json\/wp\/v2\/users\/2"}],"replies":[{"embeddable":true,"href":"https:\/\/www.ipsen.com\/it\/wp-json\/wp\/v2\/comments?post=58"}],"version-history":[{"count":33,"href":"https:\/\/www.ipsen.com\/it\/wp-json\/wp\/v2\/pages\/58\/revisions"}],"predecessor-version":[{"id":40092,"href":"https:\/\/www.ipsen.com\/it\/wp-json\/wp\/v2\/pages\/58\/revisions\/40092"}],"wp:attachment":[{"href":"https:\/\/www.ipsen.com\/it\/wp-json\/wp\/v2\/media?parent=58"}],"curies":[{"name":"wp","href":"https:\/\/api.w.org\/{rel}","templated":true}]}}