{"id":47,"date":"2024-01-17T13:56:28","date_gmt":"2024-01-17T11:56:28","guid":{"rendered":"https:\/\/www.ipsen.com\/it\/?page_id=47"},"modified":"2025-07-17T11:24:12","modified_gmt":"2025-07-17T09:24:12","slug":"iniziative","status":"publish","type":"page","link":"https:\/\/www.ipsen.com\/it\/iniziative\/","title":{"rendered":"Iniziative"},"content":{"rendered":"    <section class=\"sub-page-banner bg-img\" style=\"background-image:url(https:\/\/www.ipsen.com\/it\/wp-content\/uploads\/sites\/9\/2025\/07\/Patients.jpg)\">\n        <div class=\"container content-sec\">\n            <nav aria-label=\"breadcrumb\">\n            <ol class=\"breadcrumb\">\n                <li class=\"breadcrumb-item\"><a href=\"https:\/\/www.ipsen.com\/it\">Home<\/a><\/li><li class=\"breadcrumb-item active\"><a class=\"link-pointer-events-none\" href=\"#\" aria-current=\"page\">Iniziative<\/a><\/li><\/ol>\n            <\/nav>            <h1 class=\"visible\">Iniziative<\/h1>\n            <p class=\"visible\">I pazienti motivano le nostre scelte, ogni giorno<\/p>\n        <\/div>\n    <\/section>\n\n\n\t<!-- Hero Carousel Start Here-->\n\t<section class=\"hero-section no-filter\">\n\t\t<div class=\"hero_gridwidth container\"><!-- container class shown if gridlayout choosen -->\n\t\t\t<div id=\"heroCarousel\" class=\"carousel slide herocaro hero-banner-no-bg-image\" data-bs-ride=\"carousel\" data-enableplaybtn=\"\" data-autoplay= \"\"  data-autospeed= \"\" >\n\t\t\t\t<!-- Slider Indicator-->\n\t\t\t\t<div class=\"carousel-indicators hidden\">\n\t\t\t\t<button type=\"button\" data-bs-target=\"#heroCarousel\" data-bs-slide-to=\"0\" class=\"active\" aria-current=\"true\" aria-label=\"Slide 0\"><\/button>\t\t\t\t<\/div>\n\t\t\t\t<!-- Items -->\n\t\t\t\t<div class=\"carousel-inner\">\n\t\t\t\t\t\t\n\t\t\t\t\t\t<!-- Hero Banner with carousel HTML -->\n\t\t\t\t\t\t<div class=\"carousel-item active banner-no-filter\">\n\n\t\t\t\t\t\t\t\t\t\t\t\t\t\t\t<img decoding=\"async\" class=\"bd-placeholder-img visible\" alt=\"\" width=\"100%\" height=\"100%\" src=\"https:\/\/www.ipsen.com\/it\/wp-content\/uploads\/sites\/9\/2025\/07\/Light-Hero-Banner.jpg\" \/> \n\t\t\t\t\t\t\t\n\t\t\t\t\t\t\t\t\n\n\t\t\t\t\t\t\t<div class=\"container align-left\">\n\t\t\t\t\t\t\t\t<div class=\"carousel-caption\">\n\t\t\t\t\t\t\t\t\t<h2 class=\"visible text-start heading-two banner-font-color-blue\">\n\t\t\t\t\t\t\t\t\t\tI pazienti al primo posto\t\t\t\t\t\t\t\t\t<\/h2>\n\t\t\t\t\t\t\t\t\t<div class=\"hidden text-start banner-font-color-blue\"><\/div>\n\t\t\t\t\t\t\t\t\t\n\t\t\t\t\t\t\t\t\t\t\t\t\t\t\t\t\t\t\n\t\t\t\t\t\t\t\t<\/div>\n\t\t\t\t\t\t\t<\/div>\n\t\t\t\t\t\t<\/div>\n\n\t\t\t\t\t\t\t\t\t<\/div>\n\t\t\t\t\n\t\t\t\t\n\t\t\t<\/div>\n\t\t<\/div>\n\t<\/section>\n\t<!-- Hero Carousel End Here-->\n  \n\n\n<div class=\"wp-block-columns is-layout-flex wp-container-core-columns-is-layout-9d6595d7 wp-block-columns-is-layout-flex\">\n<div class=\"wp-block-column is-layout-flow wp-block-column-is-layout-flow\" style=\"flex-basis:100%\">    <section class=\"title-text \">\n        <div class=\"container\">\n            <div class=\"title-text-inner\" style=\"background-color:#EDEBE4;\">\n\n                <!-- If heading is enabled then it's visible -->\n                <div class=\"text-head-dash visible\">\n                <h3 class=\"heading-three\" role=\"heading\" aria-level=\"2\">\n                        Lavoriamo Insieme Ai Pazienti, Per I Pazienti                    <\/h3>\n                <\/div>\n               \n                <!-- If description is enabled then it's visible -->\n                <div class=\"text-parbase visible\">\n                    <p>Ipsen collabora attivamente, a livello globale e nazionale, con i pazienti e le loro famiglie.<br \/>\nSono, infatti, oltre 250 le associazioni in tutto il mondo con cui abbiamo mosso i nostri passi per un cambiamento positivo.<br \/>\nCrediamo nell\u2019importanza di lavorare insieme a chi convive, direttamente o indirettamente, con una patologia, ascoltando le loro voci e coinvolgendoli in ogni passo del nostro percorso con l\u2019obiettivo di comprendere appieno le loro esigenze per\u00a0fornire le soluzioni pi\u00f9 adatte.<br \/>\nVogliamo massimizzare il beneficio derivante dalle terapie che sviluppiamo, per migliorare la qualit\u00e0 di vita di tutti coloro che affrontano sfide complesse.<\/p>\n                <\/div>\n\n                <!-- If button is enabled then it's visible -->\n                \n            <\/div>\n        <\/div>\n    <\/section>\n\n\n<!-- Text & Media Block Code -->\n<section class=\"two-col-section text-media-section\">\n    <div class=\"container two-section-innner section-reverse\">\n        <div class=\"response-inner\" style=\"background-image: url('')\">\n            <div class=\"row section-reverse\">\n                <div class=\"col-xs-12 col-sm-12 col-md-6\">\n                                                    <div class=\"img-video-section\">\n                                <img decoding=\"async\" \n                                    src=\"https:\/\/www.ipsen.com\/it\/wp-content\/uploads\/sites\/9\/2025\/07\/Module-9-\u2013-Lay-language-summaries_IPSEN_Production_Signes_056.jpg\" \n                                    alt=\"\" \n                                >\n                            <\/div>\n                                        <\/div>\n                <div class=\" col-xs-12 col-sm-12 col-md-6\">\n                    <div class=\"section-content\">\n                        <div class=\"heading-dash\">\n                                                            <span class=\"dash\"><\/span>\n                                <h4 class=\"heading-para heading-four\" role=\"heading\" aria-level=\"2\">\n                                    I nostri studi clinici                                <\/h4>\n                                                    <\/div>\n                                                <p>Ipsen conduce studi clinici per promuovere l&#8217;avanzamento della scienza. Grazie alla collaborazione con una rete globale di operatori sanitari, testiamo nuovi trattamenti e ne valutiamo l&#8217;efficacia e la sicurezza nei contesti clinici. Il nostro obiettivo principale \u00e8 sviluppare nuove terapie e ottimizzare quelle gi\u00e0 esistenti per migliorare la qualit\u00e0 della vita dei pazienti.<\/p>\n                            <a \n                            aria-label=\"Scopri di pi\u00f9 about I nostri studi clinici\"  \n                                role=\"link\" \n                                class=\"btn-link section-btn cta-visible\"\n                                href=\"https:\/\/www.ipsen.com\/clinical-trials\/\" \n                                target=\"_blank\"\n                            > \n                                Scopri di pi\u00f9 \n                            <\/a>\n\n                    <\/div>\n                <\/div>\n            <\/div>\n        <\/div>\n    <\/div>\n<\/section>\n\n<!-- Text & Media Block Code -->\n<section class=\"two-col-section text-media-section\">\n    <div class=\"container two-section-innner \">\n        <div class=\"response-inner\" style=\"background-image: url('')\">\n            <div class=\"row \">\n                <div class=\"col-xs-12 col-sm-12 col-md-6\">\n                                                    <div class=\"img-video-section\">\n                                <img decoding=\"async\" \n                                    src=\"https:\/\/www.ipsen.com\/it\/wp-content\/uploads\/sites\/9\/2025\/07\/Module-5-\u2013-discover-the-right-team_06_181206-602_Supply-Chain-Purchasing-scaled-1.jpg\" \n                                    alt=\"\" \n                                >\n                            <\/div>\n                                        <\/div>\n                <div class=\" col-xs-12 col-sm-12 col-md-6\">\n                    <div class=\"section-content\">\n                        <div class=\"heading-dash\">\n                                                            <span class=\"dash\"><\/span>\n                                <h4 class=\"heading-para heading-four\" role=\"heading\" aria-level=\"2\">\n                                    Rendere gli studi clinici accessibili e comprensibili                                <\/h4>\n                                                    <\/div>\n                                                <p>Ci impegniamo a garantire che gli studi pubblicati siano accessibili a tutti. Per rendere possibile tutto questo, lavoriamo a stretto contatto con la comunit\u00e0 dei pazienti e forniamo loro una sintesi dei principali studi clinici sponsorizzati da Ipsen, utilizzando un linguaggio comprensibile e accessibile a tutti.<\/p>\n                            <a \n                            aria-label=\"Scopri di pi\u00f9 about Rendere gli studi clinici accessibili e comprensibili\"  \n                                role=\"link\" \n                                class=\"btn-link section-btn cta-visible\"\n                                href=\"https:\/\/www.ipsen.com\/patients\/lay-summaries\/\" \n                                target=\"_blank\"\n                            > \n                                Scopri di pi\u00f9 \n                            <\/a>\n\n                    <\/div>\n                <\/div>\n            <\/div>\n        <\/div>\n    <\/div>\n<\/section>\n\n    <section class=\"title-text \">\n        <div class=\"container\">\n            <div class=\"title-text-inner\" style=\"background-color:#EDEBE4;\">\n\n                <!-- If heading is enabled then it's visible -->\n                <div class=\"text-head-dash visible\">\n                <h3 class=\"heading-three\" role=\"heading\" aria-level=\"2\">\n                        Associazioni Di Pazienti: L&#8217;importanza Dell&#8217;ascolto                    <\/h3>\n                <\/div>\n               \n                <!-- If description is enabled then it's visible -->\n                <div class=\"text-parbase visible\">\n                    <p>L&#8217;ascolto \u00e8 il punto di partenza essenziale in tutte le attivit\u00e0 che coinvolgono i pazienti. In Ipsen, instauriamo un dialogo con la comunit\u00e0 dei pazienti fin dalle fasi iniziali del processo di sviluppo di nuovi trattamenti.<\/p>\n                <\/div>\n\n                <!-- If button is enabled then it's visible -->\n                                        <div class=\"btn-txt\">\n                            <a \n                                aria-label=\"\" \n                                class=\"btn-link section-btn cta-visible\"  \n                                role=\"link\"\n                                href=\"https:\/\/www.ipsen.com\/it\/contattaci\/\" target=\"_self\">\n                                Collabora con noi                            <\/a>\n                        <\/div>\n                \n            <\/div>\n        <\/div>\n    <\/section>\n<\/div>\n<\/div>\n","protected":false},"excerpt":{"rendered":"","protected":false},"author":2,"featured_media":0,"parent":0,"menu_order":0,"comment_status":"closed","ping_status":"closed","template":"","meta":{"_acf_changed":false,"footnotes":""},"class_list":["post-47","page","type-page","status-publish","hentry","entry"],"acf":[],"yoast_head":"<!-- This site is optimized with the Yoast SEO plugin v26.8 - https:\/\/yoast.com\/product\/yoast-seo-wordpress\/ -->\n<title>Ipsen puts patients first<\/title>\n<meta name=\"description\" content=\"Ipsen si impegna per migliorare la qualit\u00e0 di vita dei pazienti e dei caregiver in tree aree: oncologia, neuroscienze e malattie rare.\" \/>\n<meta name=\"robots\" content=\"index, follow, max-snippet:-1, max-image-preview:large, max-video-preview:-1\" \/>\n<link rel=\"canonical\" href=\"https:\/\/www.ipsen.com\/it\/iniziative\/\" \/>\n<meta property=\"og:locale\" content=\"it_IT\" \/>\n<meta property=\"og:type\" content=\"article\" \/>\n<meta property=\"og:title\" content=\"Ipsen puts patients first\" \/>\n<meta property=\"og:description\" content=\"Ipsen si impegna per migliorare la qualit\u00e0 di vita dei pazienti e dei caregiver in tree aree: oncologia, neuroscienze e malattie rare.\" \/>\n<meta property=\"og:url\" content=\"https:\/\/www.ipsen.com\/it\/iniziative\/\" \/>\n<meta property=\"og:site_name\" content=\"Italy\" \/>\n<meta property=\"article:modified_time\" content=\"2025-07-17T09:24:12+00:00\" \/>\n<meta name=\"twitter:card\" content=\"summary_large_image\" \/>\n<script type=\"application\/ld+json\" class=\"yoast-schema-graph\">{\"@context\":\"https:\/\/schema.org\",\"@graph\":[{\"@type\":\"WebPage\",\"@id\":\"https:\/\/www.ipsen.com\/it\/iniziative\/\",\"url\":\"https:\/\/www.ipsen.com\/it\/iniziative\/\",\"name\":\"Ipsen puts patients first\",\"isPartOf\":{\"@id\":\"https:\/\/www.ipsen.com\/it\/#website\"},\"datePublished\":\"2024-01-17T11:56:28+00:00\",\"dateModified\":\"2025-07-17T09:24:12+00:00\",\"description\":\"Ipsen si impegna per migliorare la qualit\u00e0 di vita dei pazienti e dei caregiver in tree aree: oncologia, neuroscienze e malattie rare.\",\"breadcrumb\":{\"@id\":\"https:\/\/www.ipsen.com\/it\/iniziative\/#breadcrumb\"},\"inLanguage\":\"it-IT\",\"potentialAction\":[{\"@type\":\"ReadAction\",\"target\":[\"https:\/\/www.ipsen.com\/it\/iniziative\/\"]}]},{\"@type\":\"BreadcrumbList\",\"@id\":\"https:\/\/www.ipsen.com\/it\/iniziative\/#breadcrumb\",\"itemListElement\":[{\"@type\":\"ListItem\",\"position\":1,\"name\":\"Home\",\"item\":\"https:\/\/www.ipsen.com\/it\/\"},{\"@type\":\"ListItem\",\"position\":2,\"name\":\"Iniziative\"}]},{\"@type\":\"WebSite\",\"@id\":\"https:\/\/www.ipsen.com\/it\/#website\",\"url\":\"https:\/\/www.ipsen.com\/it\/\",\"name\":\"Italy\",\"description\":\"\",\"publisher\":{\"@id\":\"https:\/\/www.ipsen.com\/it\/#organization\"},\"potentialAction\":[{\"@type\":\"SearchAction\",\"target\":{\"@type\":\"EntryPoint\",\"urlTemplate\":\"https:\/\/www.ipsen.com\/it\/?s={search_term_string}\"},\"query-input\":{\"@type\":\"PropertyValueSpecification\",\"valueRequired\":true,\"valueName\":\"search_term_string\"}}],\"inLanguage\":\"it-IT\"},{\"@type\":\"Organization\",\"@id\":\"https:\/\/www.ipsen.com\/it\/#organization\",\"name\":\"Italy\",\"url\":\"https:\/\/www.ipsen.com\/it\/\",\"logo\":{\"@type\":\"ImageObject\",\"inLanguage\":\"it-IT\",\"@id\":\"https:\/\/www.ipsen.com\/it\/#\/schema\/logo\/image\/\",\"url\":\"https:\/\/www.ipsen.com\/it\/wp-content\/uploads\/sites\/9\/2023\/12\/Logo-Ipsen.svg\",\"contentUrl\":\"https:\/\/www.ipsen.com\/it\/wp-content\/uploads\/sites\/9\/2023\/12\/Logo-Ipsen.svg\",\"caption\":\"Italy\"},\"image\":{\"@id\":\"https:\/\/www.ipsen.com\/it\/#\/schema\/logo\/image\/\"}}]}<\/script>\n<!-- \/ Yoast SEO plugin. -->","yoast_head_json":{"title":"Ipsen puts patients first","description":"Ipsen si impegna per migliorare la qualit\u00e0 di vita dei pazienti e dei caregiver in tree aree: oncologia, neuroscienze e malattie rare.","robots":{"index":"index","follow":"follow","max-snippet":"max-snippet:-1","max-image-preview":"max-image-preview:large","max-video-preview":"max-video-preview:-1"},"canonical":"https:\/\/www.ipsen.com\/it\/iniziative\/","og_locale":"it_IT","og_type":"article","og_title":"Ipsen puts patients first","og_description":"Ipsen si impegna per migliorare la qualit\u00e0 di vita dei pazienti e dei caregiver in tree aree: oncologia, neuroscienze e malattie rare.","og_url":"https:\/\/www.ipsen.com\/it\/iniziative\/","og_site_name":"Italy","article_modified_time":"2025-07-17T09:24:12+00:00","twitter_card":"summary_large_image","schema":{"@context":"https:\/\/schema.org","@graph":[{"@type":"WebPage","@id":"https:\/\/www.ipsen.com\/it\/iniziative\/","url":"https:\/\/www.ipsen.com\/it\/iniziative\/","name":"Ipsen puts patients first","isPartOf":{"@id":"https:\/\/www.ipsen.com\/it\/#website"},"datePublished":"2024-01-17T11:56:28+00:00","dateModified":"2025-07-17T09:24:12+00:00","description":"Ipsen si impegna per migliorare la qualit\u00e0 di vita dei pazienti e dei caregiver in tree aree: oncologia, neuroscienze e malattie rare.","breadcrumb":{"@id":"https:\/\/www.ipsen.com\/it\/iniziative\/#breadcrumb"},"inLanguage":"it-IT","potentialAction":[{"@type":"ReadAction","target":["https:\/\/www.ipsen.com\/it\/iniziative\/"]}]},{"@type":"BreadcrumbList","@id":"https:\/\/www.ipsen.com\/it\/iniziative\/#breadcrumb","itemListElement":[{"@type":"ListItem","position":1,"name":"Home","item":"https:\/\/www.ipsen.com\/it\/"},{"@type":"ListItem","position":2,"name":"Iniziative"}]},{"@type":"WebSite","@id":"https:\/\/www.ipsen.com\/it\/#website","url":"https:\/\/www.ipsen.com\/it\/","name":"Italy","description":"","publisher":{"@id":"https:\/\/www.ipsen.com\/it\/#organization"},"potentialAction":[{"@type":"SearchAction","target":{"@type":"EntryPoint","urlTemplate":"https:\/\/www.ipsen.com\/it\/?s={search_term_string}"},"query-input":{"@type":"PropertyValueSpecification","valueRequired":true,"valueName":"search_term_string"}}],"inLanguage":"it-IT"},{"@type":"Organization","@id":"https:\/\/www.ipsen.com\/it\/#organization","name":"Italy","url":"https:\/\/www.ipsen.com\/it\/","logo":{"@type":"ImageObject","inLanguage":"it-IT","@id":"https:\/\/www.ipsen.com\/it\/#\/schema\/logo\/image\/","url":"https:\/\/www.ipsen.com\/it\/wp-content\/uploads\/sites\/9\/2023\/12\/Logo-Ipsen.svg","contentUrl":"https:\/\/www.ipsen.com\/it\/wp-content\/uploads\/sites\/9\/2023\/12\/Logo-Ipsen.svg","caption":"Italy"},"image":{"@id":"https:\/\/www.ipsen.com\/it\/#\/schema\/logo\/image\/"}}]}},"parsely":{"version":"1.1.0","canonical_url":"https:\/\/ipsen.com\/it\/iniziative\/","smart_links":{"inbound":0,"outbound":0},"traffic_boost_suggestions_count":0,"meta":{"@context":"https:\/\/schema.org","@type":"WebPage","headline":"Iniziative","url":"http:\/\/www.ipsen.com\/it\/iniziative\/","mainEntityOfPage":{"@type":"WebPage","@id":"http:\/\/www.ipsen.com\/it\/iniziative\/"},"thumbnailUrl":"","image":{"@type":"ImageObject","url":""},"articleSection":"Non categorizzato","author":[{"@type":"Person","name":"navya"}],"creator":["navya"],"publisher":{"@type":"Organization","name":"Italy","logo":""},"keywords":[],"dateCreated":"2024-01-17T11:56:28Z","datePublished":"2024-01-17T11:56:28Z","dateModified":"2025-07-17T09:24:12Z"},"rendered":"<script type=\"application\/ld+json\" class=\"wp-parsely-metadata\">{\"@context\":\"https:\\\/\\\/schema.org\",\"@type\":\"WebPage\",\"headline\":\"Iniziative\",\"url\":\"http:\\\/\\\/www.ipsen.com\\\/it\\\/iniziative\\\/\",\"mainEntityOfPage\":{\"@type\":\"WebPage\",\"@id\":\"http:\\\/\\\/www.ipsen.com\\\/it\\\/iniziative\\\/\"},\"thumbnailUrl\":\"\",\"image\":{\"@type\":\"ImageObject\",\"url\":\"\"},\"articleSection\":\"Non categorizzato\",\"author\":[{\"@type\":\"Person\",\"name\":\"navya\"}],\"creator\":[\"navya\"],\"publisher\":{\"@type\":\"Organization\",\"name\":\"Italy\",\"logo\":\"\"},\"keywords\":[],\"dateCreated\":\"2024-01-17T11:56:28Z\",\"datePublished\":\"2024-01-17T11:56:28Z\",\"dateModified\":\"2025-07-17T09:24:12Z\"}<\/script>","tracker_url":"https:\/\/cdn.parsely.com\/keys\/ipsen.com\/p.js"},"jetpack_sharing_enabled":true,"_links":{"self":[{"href":"https:\/\/www.ipsen.com\/it\/wp-json\/wp\/v2\/pages\/47","targetHints":{"allow":["GET"]}}],"collection":[{"href":"https:\/\/www.ipsen.com\/it\/wp-json\/wp\/v2\/pages"}],"about":[{"href":"https:\/\/www.ipsen.com\/it\/wp-json\/wp\/v2\/types\/page"}],"author":[{"embeddable":true,"href":"https:\/\/www.ipsen.com\/it\/wp-json\/wp\/v2\/users\/2"}],"replies":[{"embeddable":true,"href":"https:\/\/www.ipsen.com\/it\/wp-json\/wp\/v2\/comments?post=47"}],"version-history":[{"count":17,"href":"https:\/\/www.ipsen.com\/it\/wp-json\/wp\/v2\/pages\/47\/revisions"}],"predecessor-version":[{"id":40091,"href":"https:\/\/www.ipsen.com\/it\/wp-json\/wp\/v2\/pages\/47\/revisions\/40091"}],"wp:attachment":[{"href":"https:\/\/www.ipsen.com\/it\/wp-json\/wp\/v2\/media?parent=47"}],"curies":[{"name":"wp","href":"https:\/\/api.w.org\/{rel}","templated":true}]}}