{"id":53,"date":"2023-11-28T07:02:46","date_gmt":"2023-11-28T05:02:46","guid":{"rendered":"https:\/\/www.ipsen.com\/de\/?page_id=53"},"modified":"2026-01-09T13:30:01","modified_gmt":"2026-01-09T11:30:01","slug":"corporate-functions","status":"publish","type":"page","link":"https:\/\/www.ipsen.com\/germany\/arbeiten-bei-ipsen\/corporate-functions\/","title":{"rendered":"Karriere im Bereich Corporate Functions bei Ipsen"},"content":{"rendered":"    <section class=\"sub-page-banner bg-img-enabled  banner-no-filter\" style=\"background-image:url(https:\/\/www.ipsen.com\/germany\/wp-content\/uploads\/sites\/6\/2025\/07\/Careers.jpg)\">\n                <div class=\"container content-sec\">\n            <nav aria-label=\"breadcrumb\">\n            <ol class=\"breadcrumb\">\n                <li class=\"breadcrumb-item\"><a href=\"https:\/\/www.ipsen.com\/germany\">Home<\/a><\/li><li class=\"breadcrumb-item visible\"><a href=\"https:\/\/www.ipsen.com\/germany\/arbeiten-bei-ipsen\/\">Arbeiten bei Ipsen<\/a><\/li><li class=\"breadcrumb-item active\"><a class=\"link-pointer-events-none\" href=\"#\" aria-current=\"page\">Karriere im Bereich Corporate Functions bei Ipsen<\/a><\/li><\/ol>\n            <\/nav>            <h1 class=\"visible banner-font-color-white\">Karriere im Bereich Corporate Functions bei Ipsen<\/h1>\n            <p class=\"visible banner-font-color-white\">Du kannst Deine F\u00e4higkeiten im Bereich unserer Corporate Functions optimal nutzen und mit Deinem Pharma-Job einen Beitrag f\u00fcr schwerkranke Menschen leisten. <\/p>\n        <\/div>\n    <\/section>\n\n\n\n    <section class=\"video-card \">\n        <div class=\"container\">\n            <!-- Block Details -->\n            <div class=\"video-card-header\">\n                <h3 class=\"video-card-block-title visible heading-three\">\n                    Corporate Functions \u2013 Gemeinsam erm\u00f6glichen wir Gro\u00dfes                <\/h3>\n                <p class=\"charcoal-grey video-card-block-summary visible\"> \n                    <p>In unserem Bereich <strong>Corporate Functions<\/strong> sorgst du daf\u00fcr, dass alles zusammenl\u00e4uft: von <strong>HR<\/strong> und <strong>Controlling<\/strong> \u00fcber <strong>Communications<\/strong>, <strong>Public Affairs<\/strong> und <strong>Patient Engagement<\/strong> bis hin zu <strong>Assistenz- und Supportfunktionen.<\/strong> Du unterst\u00fctzt nicht nur ein Unternehmen \u2013 du unterst\u00fctzt eine Mission: das Leben von Menschen mit schweren und seltenen Erkrankungen zu verbessern.<\/p>\n<p>Hier kannst du stolz auf deine Arbeit sein. Denn jeder Beitrag, jede Entscheidung und jede Prozessoptimierung tr\u00e4gt dazu bei, dass unsere Teams im medizinischen und kommerziellen Bereich ihre Arbeit bestm\u00f6glich machen k\u00f6nnen.<\/p>\n<p>Was uns bei Ipsen antreibt, erf\u00e4hrst du von unserem Team in diesem Video:<\/p>\n                <\/p>\n            <\/div>\n\n            <!-- Video Iframe embed -->\n                            <div class=\"video-embed\"> \n                <video class='veeva_video' title='' autoplay muted loop controls data-ot-ignore>\n                            <source src='https:\/\/d2rkmuse97gwnh.cloudfront.net\/a88aa6d6-3ca0-4362-a711-d53c45ae33ff\/155dd914-b368-4ef1-ab51-e9e732c48bac\/155dd914-b368-4ef1-ab51-e9e732c48bac_source__v.mp4  ' type='video\/mp4' \/>\n                        <\/video>                <\/div>\n            \n            <!-- Block CTA -->\n            <div class=\"cta-block hidden\">\n                            <\/div>\n\n        <\/div>\n    <\/section>\n\n\n<!-- Text & Media Block Code -->\n<section class=\"two-col-section text-media-section\">\n    <div class=\"container two-section-innner section-reverse\">\n        <div class=\"response-inner\" style=\"background-image: url('')\">\n            <div class=\"row section-reverse\">\n                <div class=\"col-xs-12 col-sm-12 col-md-6\">\n                                                    <div class=\"img-video-section\">\n                                <img decoding=\"async\" \n                                    src=\"https:\/\/www.ipsen.com\/germany\/wp-content\/uploads\/sites\/6\/2023\/12\/teaser-image-for-corporate-services_700X420-px.jpg\" \n                                    alt=\"\" \n                                >\n                            <\/div>\n                                        <\/div>\n                <div class=\" col-xs-12 col-sm-12 col-md-6\">\n                    <div class=\"section-content\">\n                        <div class=\"heading-dash\">\n                                                            <span class=\"dash\"><\/span>\n                                <h4 class=\"heading-para heading-four\" role=\"heading\" aria-level=\"2\">\n                                    Ein Umfeld, in dem dein Beitrag z\u00e4hlt                                 <\/h4>\n                                                    <\/div>\n                                                <p>Ob im <strong>Human Resources<\/strong>, <strong>Finance &amp; Controlling<\/strong>, <strong>Procurement,<\/strong> <strong>IT<\/strong>, <strong>Compliance, <\/strong>oder<strong> Corporate Affairs<\/strong> \u2013 deine Rolle hat direkten Einfluss auf unser t\u00e4gliches Arbeiten. Was dich bei uns erwartet:<\/p>\n<ul>\n<li><strong>Sinnvolle Aufgaben<\/strong> mit echtem Impact auf Patient*innen und Kolleg*innen<\/li>\n<li><strong>Eigenverantwortliches Arbeiten<\/strong> in einem modernen, internationalen Umfeld<\/li>\n<li><strong>Viele crossfunktionale Schnittstellen<\/strong> \u2013 Silos gibt es bei uns nicht<\/li>\n<li><strong>Weiterbildung, Coaching und Entwicklungsprogramme<\/strong>, um dein Potenzial zu entfalten<\/li>\n<li><strong>Ein Team, das Zusammenarbeit lebt<\/strong> und sich gegenseitig st\u00e4rkt<\/li>\n<\/ul>\n                            <a \n                            aria-label=\" about Ein Umfeld, in dem dein Beitrag z\u00e4hlt \"  \n                                role=\"link\" \n                                class=\"btn-link hidden\"\n                                href=\"\" \n                                target=\"_self\"\n                            > \n                                 \n                            <\/a>\n\n                    <\/div>\n                <\/div>\n            <\/div>\n        <\/div>\n    <\/div>\n<\/section>\n\n<!-- Text & Media Block Code -->\n<section class=\"two-col-section text-media-section\">\n    <div class=\"container two-section-innner \">\n        <div class=\"response-inner\" style=\"background-image: url('')\">\n            <div class=\"row \">\n                <div class=\"col-xs-12 col-sm-12 col-md-6\">\n                                                    <div class=\"img-video-section\">\n                                <img decoding=\"async\" \n                                    src=\"https:\/\/www.ipsen.com\/germany\/wp-content\/uploads\/sites\/6\/2023\/12\/showing-boards_700x420.jpg\" \n                                    alt=\"\" \n                                >\n                            <\/div>\n                                        <\/div>\n                <div class=\" col-xs-12 col-sm-12 col-md-6\">\n                    <div class=\"section-content\">\n                        <div class=\"heading-dash\">\n                                                            <span class=\"dash\"><\/span>\n                                <h4 class=\"heading-para heading-four\" role=\"heading\" aria-level=\"2\">\n                                    Warum Corporate Functions bei Ipsen?                                <\/h4>\n                                                    <\/div>\n                                                <p>Weil du hier nicht nur verwaltest \u2013 du <strong>erm\u00f6glichst Erfolg<\/strong>.<br \/>\nDu bist die Schnittstelle, der Ankerpunkt, die Struktur, die Teams st\u00e4rkt und daf\u00fcr sorgt, dass Innovation \u00fcberhaupt entstehen kann. Deine Arbeit ist ein zentraler Teil unserer Mission. Gemeinsam tragen wir dazu bei, die Versorgung von Menschen mit schweren und seltenen Erkrankungen zu verbessern.<\/p>\n<p>Wenn das nach dir klingt, dann ist ein Einstieg bei Ipsen genau das Richtige f\u00fcr dich!<\/p>\n<h4>Wen wir suchen<\/h4>\n<p>Wir freuen uns auf Menschen, die:<\/p>\n<ul>\n<li>verantwortungsbewusst arbeiten und gerne gestalten<\/li>\n<li>Spa\u00df haben in einem dynamischen Umfeld zu arbeiten<\/li>\n<li>Freude daran haben, Abl\u00e4ufe zu optimieren und Teams bestm\u00f6glich zu unterst\u00fctzen<\/li>\n<li>crossfunktional denken und handeln<\/li>\n<li>sich kontinuierlich weiterentwickeln m\u00f6chten<\/li>\n<li>Teamorientierung, Service-Mindset und eine positive, l\u00f6sungsorientierte Haltung mitbringen<\/li>\n<\/ul>\n<p>&nbsp;<\/p>\n                            <a \n                            aria-label=\" about Warum Corporate Functions bei Ipsen?\"  \n                                role=\"link\" \n                                class=\"btn-link hidden\"\n                                href=\"\" \n                                target=\"_self\"\n                            > \n                                 \n                            <\/a>\n\n                    <\/div>\n                <\/div>\n            <\/div>\n        <\/div>\n    <\/div>\n<\/section>\n\n    <section class=\"title-text \">\n        <div class=\"container\">\n            <div class=\"title-text-inner\" style=\"background-color:#EDEBE4;\">\n\n                <!-- If heading is enabled then it's visible -->\n                <div class=\"text-head-dash visible\">\n                <h3 class=\"heading-three\" role=\"heading\" aria-level=\"2\">\n                        Aktuelle Stellenangebote f\u00fcr Corporate Functions                    <\/h3>\n                <\/div>\n               \n                <!-- If description is enabled then it's visible -->\n                <div class=\"text-parbase visible\">\n                    <p>Leg los und bewirb Dich online \u00fcber das Ipsen Bewerberportal. Deine Anlagen wie Lebenslauf, Zeugnisse und auch ein Anschreiben kannst Du ganz einfach in g\u00e4ngigen Formaten hochladen.<\/p>\n                <\/div>\n\n                <!-- If button is enabled then it's visible -->\n                                        <div class=\"btn-txt\">\n                            <a \n                                aria-label=\"\" \n                                class=\"btn-link section-btn cta-visible\"  \n                                role=\"link\"\n                                href=\"https:\/\/ipsen.wd103.myworkdayjobs.com\/en-EN\/Ipsen_Careers\" target=\"_self\">\n                                Pharma-Jobs finden                             <\/a>\n                        <\/div>\n                \n            <\/div>\n        <\/div>\n    <\/section>\n","protected":false},"excerpt":{"rendered":"","protected":false},"author":2,"featured_media":0,"parent":47,"menu_order":0,"comment_status":"closed","ping_status":"closed","template":"","meta":{"_acf_changed":false,"footnotes":""},"class_list":["post-53","page","type-page","status-publish","hentry","entry"],"acf":[],"yoast_head":"<!-- This site is optimized with the Yoast SEO plugin v26.8 - https:\/\/yoast.com\/product\/yoast-seo-wordpress\/ -->\n<title>Arbeiten bei Ipsen: Pharma Jobs in Corporate Functions<\/title>\n<meta name=\"description\" content=\"Dein Job in der Verwaltung bei Ipsen in M\u00fcnchen kann Leben zum Besseren ver\u00e4ndern\" \/>\n<meta name=\"robots\" content=\"index, follow, max-snippet:-1, max-image-preview:large, max-video-preview:-1\" \/>\n<link rel=\"canonical\" href=\"https:\/\/www.ipsen.com\/germany\/arbeiten-bei-ipsen\/corporate-functions\/\" \/>\n<meta property=\"og:locale\" content=\"de_DE\" \/>\n<meta property=\"og:type\" content=\"article\" \/>\n<meta property=\"og:title\" content=\"Arbeiten bei Ipsen: Pharma Jobs in Corporate Functions\" \/>\n<meta property=\"og:description\" content=\"Dein Job in der Verwaltung bei Ipsen in M\u00fcnchen kann Leben zum Besseren ver\u00e4ndern\" \/>\n<meta property=\"og:url\" content=\"https:\/\/www.ipsen.com\/germany\/arbeiten-bei-ipsen\/corporate-functions\/\" \/>\n<meta property=\"og:site_name\" content=\"Germany\" \/>\n<meta property=\"article:modified_time\" content=\"2026-01-09T11:30:01+00:00\" \/>\n<meta name=\"twitter:card\" content=\"summary_large_image\" \/>\n<script type=\"application\/ld+json\" class=\"yoast-schema-graph\">{\"@context\":\"https:\/\/schema.org\",\"@graph\":[{\"@type\":\"WebPage\",\"@id\":\"https:\/\/www.ipsen.com\/germany\/arbeiten-bei-ipsen\/corporate-functions\/\",\"url\":\"https:\/\/www.ipsen.com\/germany\/arbeiten-bei-ipsen\/corporate-functions\/\",\"name\":\"Arbeiten bei Ipsen: Pharma Jobs in Corporate Functions\",\"isPartOf\":{\"@id\":\"https:\/\/www.ipsen.com\/germany\/#website\"},\"datePublished\":\"2023-11-28T05:02:46+00:00\",\"dateModified\":\"2026-01-09T11:30:01+00:00\",\"description\":\"Dein Job in der Verwaltung bei Ipsen in M\u00fcnchen kann Leben zum Besseren ver\u00e4ndern\",\"breadcrumb\":{\"@id\":\"https:\/\/www.ipsen.com\/germany\/arbeiten-bei-ipsen\/corporate-functions\/#breadcrumb\"},\"inLanguage\":\"de-DE\",\"potentialAction\":[{\"@type\":\"ReadAction\",\"target\":[\"https:\/\/www.ipsen.com\/germany\/arbeiten-bei-ipsen\/corporate-functions\/\"]}]},{\"@type\":\"BreadcrumbList\",\"@id\":\"https:\/\/www.ipsen.com\/germany\/arbeiten-bei-ipsen\/corporate-functions\/#breadcrumb\",\"itemListElement\":[{\"@type\":\"ListItem\",\"position\":1,\"name\":\"Home\",\"item\":\"https:\/\/www.ipsen.com\/germany\/\"},{\"@type\":\"ListItem\",\"position\":2,\"name\":\"Arbeiten bei Ipsen\",\"item\":\"https:\/\/www.ipsen.com\/germany\/arbeiten-bei-ipsen\/\"},{\"@type\":\"ListItem\",\"position\":3,\"name\":\"Karriere im Bereich Corporate Functions bei Ipsen\"}]},{\"@type\":\"WebSite\",\"@id\":\"https:\/\/www.ipsen.com\/germany\/#website\",\"url\":\"https:\/\/www.ipsen.com\/germany\/\",\"name\":\"Germany\",\"description\":\"\",\"publisher\":{\"@id\":\"https:\/\/www.ipsen.com\/germany\/#organization\"},\"potentialAction\":[{\"@type\":\"SearchAction\",\"target\":{\"@type\":\"EntryPoint\",\"urlTemplate\":\"https:\/\/www.ipsen.com\/germany\/?s={search_term_string}\"},\"query-input\":{\"@type\":\"PropertyValueSpecification\",\"valueRequired\":true,\"valueName\":\"search_term_string\"}}],\"inLanguage\":\"de-DE\"},{\"@type\":\"Organization\",\"@id\":\"https:\/\/www.ipsen.com\/germany\/#organization\",\"name\":\"Germany\",\"url\":\"https:\/\/www.ipsen.com\/germany\/\",\"logo\":{\"@type\":\"ImageObject\",\"inLanguage\":\"de-DE\",\"@id\":\"https:\/\/www.ipsen.com\/germany\/#\/schema\/logo\/image\/\",\"url\":\"https:\/\/www.ipsen.com\/germany\/wp-content\/uploads\/sites\/6\/2025\/06\/Latest_Ipsen-logo_168x48.svg\",\"contentUrl\":\"https:\/\/www.ipsen.com\/germany\/wp-content\/uploads\/sites\/6\/2025\/06\/Latest_Ipsen-logo_168x48.svg\",\"caption\":\"Germany\"},\"image\":{\"@id\":\"https:\/\/www.ipsen.com\/germany\/#\/schema\/logo\/image\/\"}}]}<\/script>\n<!-- \/ Yoast SEO plugin. -->","yoast_head_json":{"title":"Arbeiten bei Ipsen: Pharma Jobs in Corporate Functions","description":"Dein Job in der Verwaltung bei Ipsen in M\u00fcnchen kann Leben zum Besseren ver\u00e4ndern","robots":{"index":"index","follow":"follow","max-snippet":"max-snippet:-1","max-image-preview":"max-image-preview:large","max-video-preview":"max-video-preview:-1"},"canonical":"https:\/\/www.ipsen.com\/germany\/arbeiten-bei-ipsen\/corporate-functions\/","og_locale":"de_DE","og_type":"article","og_title":"Arbeiten bei Ipsen: Pharma Jobs in Corporate Functions","og_description":"Dein Job in der Verwaltung bei Ipsen in M\u00fcnchen kann Leben zum Besseren ver\u00e4ndern","og_url":"https:\/\/www.ipsen.com\/germany\/arbeiten-bei-ipsen\/corporate-functions\/","og_site_name":"Germany","article_modified_time":"2026-01-09T11:30:01+00:00","twitter_card":"summary_large_image","schema":{"@context":"https:\/\/schema.org","@graph":[{"@type":"WebPage","@id":"https:\/\/www.ipsen.com\/germany\/arbeiten-bei-ipsen\/corporate-functions\/","url":"https:\/\/www.ipsen.com\/germany\/arbeiten-bei-ipsen\/corporate-functions\/","name":"Arbeiten bei Ipsen: Pharma Jobs in Corporate Functions","isPartOf":{"@id":"https:\/\/www.ipsen.com\/germany\/#website"},"datePublished":"2023-11-28T05:02:46+00:00","dateModified":"2026-01-09T11:30:01+00:00","description":"Dein Job in der Verwaltung bei Ipsen in M\u00fcnchen kann Leben zum Besseren ver\u00e4ndern","breadcrumb":{"@id":"https:\/\/www.ipsen.com\/germany\/arbeiten-bei-ipsen\/corporate-functions\/#breadcrumb"},"inLanguage":"de-DE","potentialAction":[{"@type":"ReadAction","target":["https:\/\/www.ipsen.com\/germany\/arbeiten-bei-ipsen\/corporate-functions\/"]}]},{"@type":"BreadcrumbList","@id":"https:\/\/www.ipsen.com\/germany\/arbeiten-bei-ipsen\/corporate-functions\/#breadcrumb","itemListElement":[{"@type":"ListItem","position":1,"name":"Home","item":"https:\/\/www.ipsen.com\/germany\/"},{"@type":"ListItem","position":2,"name":"Arbeiten bei Ipsen","item":"https:\/\/www.ipsen.com\/germany\/arbeiten-bei-ipsen\/"},{"@type":"ListItem","position":3,"name":"Karriere im Bereich Corporate Functions bei Ipsen"}]},{"@type":"WebSite","@id":"https:\/\/www.ipsen.com\/germany\/#website","url":"https:\/\/www.ipsen.com\/germany\/","name":"Germany","description":"","publisher":{"@id":"https:\/\/www.ipsen.com\/germany\/#organization"},"potentialAction":[{"@type":"SearchAction","target":{"@type":"EntryPoint","urlTemplate":"https:\/\/www.ipsen.com\/germany\/?s={search_term_string}"},"query-input":{"@type":"PropertyValueSpecification","valueRequired":true,"valueName":"search_term_string"}}],"inLanguage":"de-DE"},{"@type":"Organization","@id":"https:\/\/www.ipsen.com\/germany\/#organization","name":"Germany","url":"https:\/\/www.ipsen.com\/germany\/","logo":{"@type":"ImageObject","inLanguage":"de-DE","@id":"https:\/\/www.ipsen.com\/germany\/#\/schema\/logo\/image\/","url":"https:\/\/www.ipsen.com\/germany\/wp-content\/uploads\/sites\/6\/2025\/06\/Latest_Ipsen-logo_168x48.svg","contentUrl":"https:\/\/www.ipsen.com\/germany\/wp-content\/uploads\/sites\/6\/2025\/06\/Latest_Ipsen-logo_168x48.svg","caption":"Germany"},"image":{"@id":"https:\/\/www.ipsen.com\/germany\/#\/schema\/logo\/image\/"}}]}},"parsely":{"version":"1.1.0","canonical_url":"https:\/\/ipsen.com\/germany\/arbeiten-bei-ipsen\/corporate-functions\/","smart_links":{"inbound":0,"outbound":0},"traffic_boost_suggestions_count":0,"meta":{"@context":"https:\/\/schema.org","@type":"WebPage","headline":"Karriere im Bereich Corporate Functions bei Ipsen","url":"http:\/\/www.ipsen.com\/germany\/arbeiten-bei-ipsen\/corporate-functions\/","mainEntityOfPage":{"@type":"WebPage","@id":"http:\/\/www.ipsen.com\/germany\/arbeiten-bei-ipsen\/corporate-functions\/"},"thumbnailUrl":"","image":{"@type":"ImageObject","url":""},"articleSection":"Allgemein","author":[{"@type":"Person","name":"navya"}],"creator":["navya"],"publisher":{"@type":"Organization","name":"Germany","logo":""},"keywords":[],"dateCreated":"2023-11-28T05:02:46Z","datePublished":"2023-11-28T05:02:46Z","dateModified":"2026-01-09T11:30:01Z"},"rendered":"<script type=\"application\/ld+json\" class=\"wp-parsely-metadata\">{\"@context\":\"https:\\\/\\\/schema.org\",\"@type\":\"WebPage\",\"headline\":\"Karriere im Bereich Corporate Functions bei Ipsen\",\"url\":\"http:\\\/\\\/www.ipsen.com\\\/germany\\\/arbeiten-bei-ipsen\\\/corporate-functions\\\/\",\"mainEntityOfPage\":{\"@type\":\"WebPage\",\"@id\":\"http:\\\/\\\/www.ipsen.com\\\/germany\\\/arbeiten-bei-ipsen\\\/corporate-functions\\\/\"},\"thumbnailUrl\":\"\",\"image\":{\"@type\":\"ImageObject\",\"url\":\"\"},\"articleSection\":\"Allgemein\",\"author\":[{\"@type\":\"Person\",\"name\":\"navya\"}],\"creator\":[\"navya\"],\"publisher\":{\"@type\":\"Organization\",\"name\":\"Germany\",\"logo\":\"\"},\"keywords\":[],\"dateCreated\":\"2023-11-28T05:02:46Z\",\"datePublished\":\"2023-11-28T05:02:46Z\",\"dateModified\":\"2026-01-09T11:30:01Z\"}<\/script>","tracker_url":"https:\/\/cdn.parsely.com\/keys\/ipsen.com\/p.js"},"jetpack_sharing_enabled":true,"_links":{"self":[{"href":"https:\/\/www.ipsen.com\/germany\/wp-json\/wp\/v2\/pages\/53","targetHints":{"allow":["GET"]}}],"collection":[{"href":"https:\/\/www.ipsen.com\/germany\/wp-json\/wp\/v2\/pages"}],"about":[{"href":"https:\/\/www.ipsen.com\/germany\/wp-json\/wp\/v2\/types\/page"}],"author":[{"embeddable":true,"href":"https:\/\/www.ipsen.com\/germany\/wp-json\/wp\/v2\/users\/2"}],"replies":[{"embeddable":true,"href":"https:\/\/www.ipsen.com\/germany\/wp-json\/wp\/v2\/comments?post=53"}],"version-history":[{"count":32,"href":"https:\/\/www.ipsen.com\/germany\/wp-json\/wp\/v2\/pages\/53\/revisions"}],"predecessor-version":[{"id":2939,"href":"https:\/\/www.ipsen.com\/germany\/wp-json\/wp\/v2\/pages\/53\/revisions\/2939"}],"up":[{"embeddable":true,"href":"https:\/\/www.ipsen.com\/germany\/wp-json\/wp\/v2\/pages\/47"}],"wp:attachment":[{"href":"https:\/\/www.ipsen.com\/germany\/wp-json\/wp\/v2\/media?parent=53"}],"curies":[{"name":"wp","href":"https:\/\/api.w.org\/{rel}","templated":true}]}}