{"id":51,"date":"2023-11-28T07:00:56","date_gmt":"2023-11-28T05:00:56","guid":{"rendered":"https:\/\/www.ipsen.com\/de\/?page_id=51"},"modified":"2026-01-08T23:12:34","modified_gmt":"2026-01-08T21:12:34","slug":"medizin","status":"publish","type":"page","link":"https:\/\/www.ipsen.com\/germany\/arbeiten-bei-ipsen\/medizin\/","title":{"rendered":"Jobs f\u00fcr Naturwissenschaftler*innen in der Medizin bei Ipsen"},"content":{"rendered":"    <section class=\"sub-page-banner bg-img-enabled  banner-no-filter\" style=\"background-image:url(https:\/\/www.ipsen.com\/germany\/wp-content\/uploads\/sites\/6\/2025\/07\/Health-Medicines.jpg)\">\n                <div class=\"container content-sec\">\n            <nav aria-label=\"breadcrumb\">\n            <ol class=\"breadcrumb\">\n                <li class=\"breadcrumb-item\"><a href=\"https:\/\/www.ipsen.com\/germany\">Home<\/a><\/li><li class=\"breadcrumb-item visible\"><a href=\"https:\/\/www.ipsen.com\/germany\/arbeiten-bei-ipsen\/\">Arbeiten bei Ipsen<\/a><\/li><li class=\"breadcrumb-item active\"><a class=\"link-pointer-events-none\" href=\"#\" aria-current=\"page\">Jobs f\u00fcr Naturwissenschaftler*innen in der Medizin bei Ipsen<\/a><\/li><\/ol>\n            <\/nav>            <h1 class=\"visible banner-font-color-white\">Jobs f\u00fcr Naturwissenschaftler*innen in der Medizin bei Ipsen<\/h1>\n            <p class=\"visible banner-font-color-white\">Wissen sinnvoll einsetzen. Bei Ipsen in der Medizin ver\u00e4ndert Deine Kompetenz das Leben von schwerkranken Menschen zum Besseren.  <\/p>\n        <\/div>\n    <\/section>\n\n\n\n<!-- Text & Media Block Code -->\n<section class=\"two-col-section text-media-section\">\n    <div class=\"container two-section-innner section-reverse\">\n        <div class=\"response-inner\" style=\"background-image: url('')\">\n            <div class=\"row section-reverse\">\n                <div class=\"col-xs-12 col-sm-12 col-md-6\">\n                                                    <div class=\"img-video-section\">\n                                <img decoding=\"async\" \n                                    src=\"https:\/\/www.ipsen.com\/germany\/wp-content\/uploads\/sites\/6\/2025\/07\/Module-9-\u2013-Lay-language-summaries_IPSEN_Production_Signes_056.jpg\" \n                                    alt=\"\" \n                                >\n                            <\/div>\n                                        <\/div>\n                <div class=\" col-xs-12 col-sm-12 col-md-6\">\n                    <div class=\"section-content\">\n                        <div class=\"heading-dash\">\n                                                            <span class=\"dash\"><\/span>\n                                <h4 class=\"heading-para heading-four\" role=\"heading\" aria-level=\"2\">\n                                    Jobs in der Medizin \u2013 Gestalte Innovationen, die Patient*innen wirklich erreichen                                <\/h4>\n                                                    <\/div>\n                                                <p>Bei Ipsen arbeiten wir in den Bereichen <strong>Onkologie<\/strong>, <strong>Neurologie<\/strong> und <strong>Seltene Erkrankungen<\/strong> an Therapien, die das Leben von Menschen mit schweren chronischen oder seltenen Erkrankungen sp\u00fcrbar verbessern k\u00f6nnen. Wenn du Deine medizinische Expertise mit Purpose verbinden m\u00f6chtest, bist du bei uns genau richtig.<\/p>\n<h5><strong>Vielf\u00e4ltige Rollen \u2013 ein gemeinsames Ziel<\/strong><\/h5>\n<p>Der medizinische Bereich bei Ipsen ist breit aufgestellt und bietet spannende T\u00e4tigkeiten f\u00fcr unterschiedliche Profile. Je nach Deiner Expertise kannst du Dich bei uns in den Bereichen Medical Management, medizinischer Au\u00dfendienst, Regulatory Affairs, Pharmakovigilanz oder dem Qualit\u00e4tsmanagement einbringen.<\/p>\n<p>Gemeinsam sorgen wir daf\u00fcr, dass unsere Therapien sicher, wirksam und f\u00fcr die unsere Patient*innen zug\u00e4nglich sind.<\/p>\n<p>&nbsp;<\/p>\n                            <a \n                            aria-label=\" about Jobs in der Medizin \u2013 Gestalte Innovationen, die Patient*innen wirklich erreichen\"  \n                                role=\"link\" \n                                class=\"btn-link hidden\"\n                                href=\"\" \n                                target=\"_self\"\n                            > \n                                 \n                            <\/a>\n\n                    <\/div>\n                <\/div>\n            <\/div>\n        <\/div>\n    <\/div>\n<\/section>\n\n    <section class=\"video-card \">\n        <div class=\"container\">\n            <!-- Block Details -->\n            <div class=\"video-card-header\">\n                <h4 class=\"video-card-block-title visible heading-four\">\n                    Medizin bei Ipsen bedeutet: Wissenschaft, Wirkung, Verantwortung                <\/h4>\n                <p class=\"charcoal-grey video-card-block-summary visible\"> \n                    <p>Wissenschaft ist die Basis unserer Arbeit \u2013 aber unser Denken endet nicht im Labor oder in klinischen Daten. Im medizinischen Bereich bei Ipsen \u00fcbersetzt du Erkenntnisse in L\u00f6sungen, die Patient*innen im Alltag wirklich weiterhelfen. Du arbeitest eng mit Expert*innen, \u00c4rzt*innen, Patient*innen und internen Teams zusammen und gestaltest damit aktiv die medizinische Versorgung von morgen.<\/p>\n<p>Unser Medical Team vereint Aufgaben, die sowohl wissenschaftliche Tiefe als auch praktische Umsetzungskompetenz erfordern. In unserem Video erz\u00e4hlen unsere Medical Kolleg*innen, was es so besonders macht bei Ipsen in der Medizin zu arbeiten:<\/p>\n                <\/p>\n            <\/div>\n\n            <!-- Video Iframe embed -->\n                            <div class=\"video-embed\"> \n                <video class='veeva_video' title='Arbeiten in der Medizin bei Ipsen ' autoplay muted loop controls data-ot-ignore>\n                            <source src='https:\/\/d2rkmuse97gwnh.cloudfront.net\/a88aa6d6-3ca0-4362-a711-d53c45ae33ff\/f2a6878f-f06b-4cb0-bd67-a8db853c9179\/f2a6878f-f06b-4cb0-bd67-a8db853c9179_source__v.mp4' type='video\/mp4' \/>\n                        <\/video>                <\/div>\n            \n            <!-- Block CTA -->\n            <div class=\"cta-block hidden\">\n                            <\/div>\n\n        <\/div>\n    <\/section>\n\n\n<!-- Text & Media Block Code -->\n<section class=\"two-col-section text-media-section\">\n    <div class=\"container two-section-innner section-reverse\">\n        <div class=\"response-inner\" style=\"background-image: url('')\">\n            <div class=\"row section-reverse\">\n                <div class=\"col-xs-12 col-sm-12 col-md-6\">\n                                                    <div class=\"img-video-section\">\n                                <img decoding=\"async\" \n                                    src=\"https:\/\/www.ipsen.com\/germany\/wp-content\/uploads\/sites\/6\/2023\/12\/showing-boards_700x420.jpg\" \n                                    alt=\"\" \n                                >\n                            <\/div>\n                                        <\/div>\n                <div class=\" col-xs-12 col-sm-12 col-md-6\">\n                    <div class=\"section-content\">\n                        <div class=\"heading-dash\">\n                                                            <span class=\"dash\"><\/span>\n                                <h4 class=\"heading-para heading-four\" role=\"heading\" aria-level=\"2\">\n                                    Crossfunktional arbeiten \u2013 gemeinsam f\u00fcr das gro\u00dfe Ganze                                <\/h4>\n                                                    <\/div>\n                                                <p>Medical bei Ipsen ist nie isoliert. Du arbeitest eng mit <strong>Marketing, Market Access, Vertrieb, Corporate Affairs und globalen Teams<\/strong> zusammen. Diese crossfunktionale Zusammenarbeit ist zentral f\u00fcr unseren Erfolg \u2013 und erm\u00f6glicht dir, den gesamten Produktlebenszyklus mitzugestalten.<\/p>\n<p>Du bringst deine Expertise dort ein, wo Innovation, Wissenschaft und gesellschaftliche Verantwortung aufeinandertreffen. Und du siehst den unmittelbaren Einfluss deiner Arbeit: auf Behandlungspfade, auf Versorgungsl\u00fccken \u2013 und auf das Leben von Patient*innen.<\/p>\n<h5>Was du mitbringen solltest<\/h5>\n<p>Wir suchen <strong>Wissenschaftler*innen<em>, <\/em>\u00c4rzt*innen, Pharmazeut*innen und Fachkr\u00e4fte<\/strong>, die:<\/p>\n<ul>\n<li>Innovationen vorantreiben m\u00f6chten<\/li>\n<li>Lust haben, unsere starke <a href=\"https:\/\/www.ipsen.com\/science\/pipeline\/\">Pipeline<\/a> mitzugestalten und innovative neue Produkte auf den Markt zu bringen<\/li>\n<li>f\u00fcr unsere Therapiegebiete brennen<\/li>\n<li>Verantwortung \u00fcbernehmen<\/li>\n<li>Teamgeist leben<\/li>\n<li>Patient*innenperspektiven ernst nehmen<\/li>\n<li>und Lust haben, in einem dynamischen, internationalen Umfeld mitzugestalten<\/li>\n<\/ul>\n<p>Wenn das nach dir klingt, dann ist ein Einstieg in unserem medizinischen Bereich genau das Richtige f\u00fcr dich!<\/p>\n                            <a \n                            aria-label=\" about Crossfunktional arbeiten \u2013 gemeinsam f\u00fcr das gro\u00dfe Ganze\"  \n                                role=\"link\" \n                                class=\"btn-link hidden\"\n                                href=\"\" \n                                target=\"_self\"\n                            > \n                                 \n                            <\/a>\n\n                    <\/div>\n                <\/div>\n            <\/div>\n        <\/div>\n    <\/div>\n<\/section>\n\n    <section class=\"title-text \">\n        <div class=\"container\">\n            <div class=\"title-text-inner\" style=\"background-color:#EDEBE4;\">\n\n                <!-- If heading is enabled then it's visible -->\n                <div class=\"text-head-dash visible\">\n                <h3 class=\"heading-three\" role=\"heading\" aria-level=\"2\">\n                        Aktuelle Stellenangebote in der Medizin                     <\/h3>\n                <\/div>\n               \n                <!-- If description is enabled then it's visible -->\n                <div class=\"text-parbase visible\">\n                    <p>Leg los und bewirb Dich online \u00fcber das Ipsen Bewerberportal. Deine Anlagen wie Lebenslauf, Zeugnisse und gerne auch ein Anschreiben kannst Du ganz einfach in g\u00e4ngigen Formaten hochladen.<\/p>\n                <\/div>\n\n                <!-- If button is enabled then it's visible -->\n                                        <div class=\"btn-txt\">\n                            <a \n                                aria-label=\"\" \n                                class=\"btn-link section-btn cta-visible\"  \n                                role=\"link\"\n                                href=\"https:\/\/ipsen.wd103.myworkdayjobs.com\/en-EN\/Ipsen_Careers\" target=\"_blank\">\n                                Pharma-Jobs finden                             <\/a>\n                        <\/div>\n                \n            <\/div>\n        <\/div>\n    <\/section>\n","protected":false},"excerpt":{"rendered":"","protected":false},"author":2,"featured_media":0,"parent":47,"menu_order":0,"comment_status":"closed","ping_status":"closed","template":"","meta":{"_acf_changed":false,"footnotes":""},"class_list":["post-51","page","type-page","status-publish","hentry","entry"],"acf":[],"yoast_head":"<!-- This site is optimized with the Yoast SEO plugin v26.8 - https:\/\/yoast.com\/product\/yoast-seo-wordpress\/ -->\n<title>Arbeiten bei Ipsen: Pharma Jobs Medizin<\/title>\n<meta name=\"description\" content=\"Ein Pharma Job in M\u00fcnchen bietet Dir als Naturwissenschaftler*in ein spannendes Umfeld und gro\u00dfartige Entwicklungsm\u00f6glichkeiten\" \/>\n<meta name=\"robots\" content=\"index, follow, max-snippet:-1, max-image-preview:large, max-video-preview:-1\" \/>\n<link rel=\"canonical\" href=\"https:\/\/www.ipsen.com\/germany\/arbeiten-bei-ipsen\/medizin\/\" \/>\n<meta property=\"og:locale\" content=\"de_DE\" \/>\n<meta property=\"og:type\" content=\"article\" \/>\n<meta property=\"og:title\" content=\"Arbeiten bei Ipsen: Pharma Jobs Medizin\" \/>\n<meta property=\"og:description\" content=\"Ein Pharma Job in M\u00fcnchen bietet Dir als Naturwissenschaftler*in ein spannendes Umfeld und gro\u00dfartige Entwicklungsm\u00f6glichkeiten\" \/>\n<meta property=\"og:url\" content=\"https:\/\/www.ipsen.com\/germany\/arbeiten-bei-ipsen\/medizin\/\" \/>\n<meta property=\"og:site_name\" content=\"Germany\" \/>\n<meta property=\"article:modified_time\" content=\"2026-01-08T21:12:34+00:00\" \/>\n<meta name=\"twitter:card\" content=\"summary_large_image\" \/>\n<script type=\"application\/ld+json\" class=\"yoast-schema-graph\">{\"@context\":\"https:\/\/schema.org\",\"@graph\":[{\"@type\":\"WebPage\",\"@id\":\"https:\/\/www.ipsen.com\/germany\/arbeiten-bei-ipsen\/medizin\/\",\"url\":\"https:\/\/www.ipsen.com\/germany\/arbeiten-bei-ipsen\/medizin\/\",\"name\":\"Arbeiten bei Ipsen: Pharma Jobs Medizin\",\"isPartOf\":{\"@id\":\"https:\/\/www.ipsen.com\/germany\/#website\"},\"datePublished\":\"2023-11-28T05:00:56+00:00\",\"dateModified\":\"2026-01-08T21:12:34+00:00\",\"description\":\"Ein Pharma Job in M\u00fcnchen bietet Dir als Naturwissenschaftler*in ein spannendes Umfeld und gro\u00dfartige Entwicklungsm\u00f6glichkeiten\",\"breadcrumb\":{\"@id\":\"https:\/\/www.ipsen.com\/germany\/arbeiten-bei-ipsen\/medizin\/#breadcrumb\"},\"inLanguage\":\"de-DE\",\"potentialAction\":[{\"@type\":\"ReadAction\",\"target\":[\"https:\/\/www.ipsen.com\/germany\/arbeiten-bei-ipsen\/medizin\/\"]}]},{\"@type\":\"BreadcrumbList\",\"@id\":\"https:\/\/www.ipsen.com\/germany\/arbeiten-bei-ipsen\/medizin\/#breadcrumb\",\"itemListElement\":[{\"@type\":\"ListItem\",\"position\":1,\"name\":\"Home\",\"item\":\"https:\/\/www.ipsen.com\/germany\/\"},{\"@type\":\"ListItem\",\"position\":2,\"name\":\"Arbeiten bei Ipsen\",\"item\":\"https:\/\/www.ipsen.com\/germany\/arbeiten-bei-ipsen\/\"},{\"@type\":\"ListItem\",\"position\":3,\"name\":\"Jobs f\u00fcr Naturwissenschaftler*innen in der Medizin bei Ipsen\"}]},{\"@type\":\"WebSite\",\"@id\":\"https:\/\/www.ipsen.com\/germany\/#website\",\"url\":\"https:\/\/www.ipsen.com\/germany\/\",\"name\":\"Germany\",\"description\":\"\",\"publisher\":{\"@id\":\"https:\/\/www.ipsen.com\/germany\/#organization\"},\"potentialAction\":[{\"@type\":\"SearchAction\",\"target\":{\"@type\":\"EntryPoint\",\"urlTemplate\":\"https:\/\/www.ipsen.com\/germany\/?s={search_term_string}\"},\"query-input\":{\"@type\":\"PropertyValueSpecification\",\"valueRequired\":true,\"valueName\":\"search_term_string\"}}],\"inLanguage\":\"de-DE\"},{\"@type\":\"Organization\",\"@id\":\"https:\/\/www.ipsen.com\/germany\/#organization\",\"name\":\"Germany\",\"url\":\"https:\/\/www.ipsen.com\/germany\/\",\"logo\":{\"@type\":\"ImageObject\",\"inLanguage\":\"de-DE\",\"@id\":\"https:\/\/www.ipsen.com\/germany\/#\/schema\/logo\/image\/\",\"url\":\"https:\/\/www.ipsen.com\/germany\/wp-content\/uploads\/sites\/6\/2025\/06\/Latest_Ipsen-logo_168x48.svg\",\"contentUrl\":\"https:\/\/www.ipsen.com\/germany\/wp-content\/uploads\/sites\/6\/2025\/06\/Latest_Ipsen-logo_168x48.svg\",\"caption\":\"Germany\"},\"image\":{\"@id\":\"https:\/\/www.ipsen.com\/germany\/#\/schema\/logo\/image\/\"}}]}<\/script>\n<!-- \/ Yoast SEO plugin. -->","yoast_head_json":{"title":"Arbeiten bei Ipsen: Pharma Jobs Medizin","description":"Ein Pharma Job in M\u00fcnchen bietet Dir als Naturwissenschaftler*in ein spannendes Umfeld und gro\u00dfartige Entwicklungsm\u00f6glichkeiten","robots":{"index":"index","follow":"follow","max-snippet":"max-snippet:-1","max-image-preview":"max-image-preview:large","max-video-preview":"max-video-preview:-1"},"canonical":"https:\/\/www.ipsen.com\/germany\/arbeiten-bei-ipsen\/medizin\/","og_locale":"de_DE","og_type":"article","og_title":"Arbeiten bei Ipsen: Pharma Jobs Medizin","og_description":"Ein Pharma Job in M\u00fcnchen bietet Dir als Naturwissenschaftler*in ein spannendes Umfeld und gro\u00dfartige Entwicklungsm\u00f6glichkeiten","og_url":"https:\/\/www.ipsen.com\/germany\/arbeiten-bei-ipsen\/medizin\/","og_site_name":"Germany","article_modified_time":"2026-01-08T21:12:34+00:00","twitter_card":"summary_large_image","schema":{"@context":"https:\/\/schema.org","@graph":[{"@type":"WebPage","@id":"https:\/\/www.ipsen.com\/germany\/arbeiten-bei-ipsen\/medizin\/","url":"https:\/\/www.ipsen.com\/germany\/arbeiten-bei-ipsen\/medizin\/","name":"Arbeiten bei Ipsen: Pharma Jobs Medizin","isPartOf":{"@id":"https:\/\/www.ipsen.com\/germany\/#website"},"datePublished":"2023-11-28T05:00:56+00:00","dateModified":"2026-01-08T21:12:34+00:00","description":"Ein Pharma Job in M\u00fcnchen bietet Dir als Naturwissenschaftler*in ein spannendes Umfeld und gro\u00dfartige Entwicklungsm\u00f6glichkeiten","breadcrumb":{"@id":"https:\/\/www.ipsen.com\/germany\/arbeiten-bei-ipsen\/medizin\/#breadcrumb"},"inLanguage":"de-DE","potentialAction":[{"@type":"ReadAction","target":["https:\/\/www.ipsen.com\/germany\/arbeiten-bei-ipsen\/medizin\/"]}]},{"@type":"BreadcrumbList","@id":"https:\/\/www.ipsen.com\/germany\/arbeiten-bei-ipsen\/medizin\/#breadcrumb","itemListElement":[{"@type":"ListItem","position":1,"name":"Home","item":"https:\/\/www.ipsen.com\/germany\/"},{"@type":"ListItem","position":2,"name":"Arbeiten bei Ipsen","item":"https:\/\/www.ipsen.com\/germany\/arbeiten-bei-ipsen\/"},{"@type":"ListItem","position":3,"name":"Jobs f\u00fcr Naturwissenschaftler*innen in der Medizin bei Ipsen"}]},{"@type":"WebSite","@id":"https:\/\/www.ipsen.com\/germany\/#website","url":"https:\/\/www.ipsen.com\/germany\/","name":"Germany","description":"","publisher":{"@id":"https:\/\/www.ipsen.com\/germany\/#organization"},"potentialAction":[{"@type":"SearchAction","target":{"@type":"EntryPoint","urlTemplate":"https:\/\/www.ipsen.com\/germany\/?s={search_term_string}"},"query-input":{"@type":"PropertyValueSpecification","valueRequired":true,"valueName":"search_term_string"}}],"inLanguage":"de-DE"},{"@type":"Organization","@id":"https:\/\/www.ipsen.com\/germany\/#organization","name":"Germany","url":"https:\/\/www.ipsen.com\/germany\/","logo":{"@type":"ImageObject","inLanguage":"de-DE","@id":"https:\/\/www.ipsen.com\/germany\/#\/schema\/logo\/image\/","url":"https:\/\/www.ipsen.com\/germany\/wp-content\/uploads\/sites\/6\/2025\/06\/Latest_Ipsen-logo_168x48.svg","contentUrl":"https:\/\/www.ipsen.com\/germany\/wp-content\/uploads\/sites\/6\/2025\/06\/Latest_Ipsen-logo_168x48.svg","caption":"Germany"},"image":{"@id":"https:\/\/www.ipsen.com\/germany\/#\/schema\/logo\/image\/"}}]}},"parsely":{"version":"1.1.0","canonical_url":"https:\/\/ipsen.com\/germany\/arbeiten-bei-ipsen\/medizin\/","smart_links":{"inbound":0,"outbound":0},"traffic_boost_suggestions_count":0,"meta":{"@context":"https:\/\/schema.org","@type":"WebPage","headline":"Jobs f\u00fcr Naturwissenschaftler*innen in der Medizin bei Ipsen","url":"http:\/\/www.ipsen.com\/germany\/arbeiten-bei-ipsen\/medizin\/","mainEntityOfPage":{"@type":"WebPage","@id":"http:\/\/www.ipsen.com\/germany\/arbeiten-bei-ipsen\/medizin\/"},"thumbnailUrl":"","image":{"@type":"ImageObject","url":""},"articleSection":"Allgemein","author":[{"@type":"Person","name":"navya"}],"creator":["navya"],"publisher":{"@type":"Organization","name":"Germany","logo":""},"keywords":[],"dateCreated":"2023-11-28T05:00:56Z","datePublished":"2023-11-28T05:00:56Z","dateModified":"2026-01-08T21:12:34Z"},"rendered":"<script type=\"application\/ld+json\" class=\"wp-parsely-metadata\">{\"@context\":\"https:\\\/\\\/schema.org\",\"@type\":\"WebPage\",\"headline\":\"Jobs f\\u00fcr Naturwissenschaftler*innen in der Medizin bei Ipsen\",\"url\":\"http:\\\/\\\/www.ipsen.com\\\/germany\\\/arbeiten-bei-ipsen\\\/medizin\\\/\",\"mainEntityOfPage\":{\"@type\":\"WebPage\",\"@id\":\"http:\\\/\\\/www.ipsen.com\\\/germany\\\/arbeiten-bei-ipsen\\\/medizin\\\/\"},\"thumbnailUrl\":\"\",\"image\":{\"@type\":\"ImageObject\",\"url\":\"\"},\"articleSection\":\"Allgemein\",\"author\":[{\"@type\":\"Person\",\"name\":\"navya\"}],\"creator\":[\"navya\"],\"publisher\":{\"@type\":\"Organization\",\"name\":\"Germany\",\"logo\":\"\"},\"keywords\":[],\"dateCreated\":\"2023-11-28T05:00:56Z\",\"datePublished\":\"2023-11-28T05:00:56Z\",\"dateModified\":\"2026-01-08T21:12:34Z\"}<\/script>","tracker_url":"https:\/\/cdn.parsely.com\/keys\/ipsen.com\/p.js"},"jetpack_sharing_enabled":true,"_links":{"self":[{"href":"https:\/\/www.ipsen.com\/germany\/wp-json\/wp\/v2\/pages\/51","targetHints":{"allow":["GET"]}}],"collection":[{"href":"https:\/\/www.ipsen.com\/germany\/wp-json\/wp\/v2\/pages"}],"about":[{"href":"https:\/\/www.ipsen.com\/germany\/wp-json\/wp\/v2\/types\/page"}],"author":[{"embeddable":true,"href":"https:\/\/www.ipsen.com\/germany\/wp-json\/wp\/v2\/users\/2"}],"replies":[{"embeddable":true,"href":"https:\/\/www.ipsen.com\/germany\/wp-json\/wp\/v2\/comments?post=51"}],"version-history":[{"count":47,"href":"https:\/\/www.ipsen.com\/germany\/wp-json\/wp\/v2\/pages\/51\/revisions"}],"predecessor-version":[{"id":2937,"href":"https:\/\/www.ipsen.com\/germany\/wp-json\/wp\/v2\/pages\/51\/revisions\/2937"}],"up":[{"embeddable":true,"href":"https:\/\/www.ipsen.com\/germany\/wp-json\/wp\/v2\/pages\/47"}],"wp:attachment":[{"href":"https:\/\/www.ipsen.com\/germany\/wp-json\/wp\/v2\/media?parent=51"}],"curies":[{"name":"wp","href":"https:\/\/api.w.org\/{rel}","templated":true}]}}