{"id":3004,"date":"2026-04-21T11:20:45","date_gmt":"2026-04-21T09:20:45","guid":{"rendered":"https:\/\/www.ipsen.com\/germany\/?page_id=3004"},"modified":"2026-04-21T11:20:46","modified_gmt":"2026-04-21T09:20:46","slug":"datenschutzinformation-fuer-besucherinnen","status":"publish","type":"page","link":"https:\/\/www.ipsen.com\/germany\/datenschutzinformation-fuer-besucherinnen\/","title":{"rendered":"Datenschutzinformation f\u00fcr Besucher*innen"},"content":{"rendered":"    <section class=\"title-text \">\n        <div class=\"container\">\n            <div class=\"title-text-inner\" style=\"background-color:#EDEBE4;\">\n\n                <!-- If heading is enabled then it's visible -->\n                <div class=\"text-head-dash visible\">\n                <h3 class=\"heading-three\" role=\"heading\" aria-level=\"2\">\n                        Datenschutzinformation f\u00fcr Besucher*innen                    <\/h3>\n                <\/div>\n               \n                <!-- If description is enabled then it's visible -->\n                <div class=\"text-parbase visible\">\n                    <p>Dieser Datenschutzhinweis gilt f\u00fcr Personen, die das Geb\u00e4ude der Ipsen Pharma GmbH in M\u00fcnchen bzw. das Geb\u00e4ude der Ipsen Pharma Schweiz GmbH in Zug als Besucher*in betreten und informiert Sie dar\u00fcber, welche Ihrer personenbezogenen Daten Ipsen zu welchen Zwecken verarbeitet.<\/p>\n<p><strong><strong>1. Verantwortliche Stelle und Kontakt zum Datenschutzbeauftragten<\/strong><\/strong><\/p>\n<blockquote><p>Verantwortlich f\u00fcr die Verarbeitung Ihrer personenbezogenen Daten ist:<\/p>\n<ul>\n<li>in Deutschland: <strong>Ipsen Pharma GmbH<\/strong> (\u201eIpsen\u201c), <strong>Einsteinstra\u00dfe 174, 81677 M\u00fcnchen<\/strong><\/li>\n<li>in der Schweiz: <strong>Ipsen Pharma Schweiz GmbH<\/strong> (&#8220;Ipsen&#8221;), <strong>Industriestrasse 47, 6300 Zug\u00a0<\/strong><\/li>\n<\/ul>\n<p>Unseren Datenschutzbeauftragten erreichen Sie unter unserer Postadresse mit dem Zusatz \u201eder Datenschutzbeauftragte\u201c oder unter datenschutz@ipsen.com<\/p><\/blockquote>\n<p><strong>2. <\/strong><strong>Verarbeitungszwecke und Rechtsgrundlage<\/strong><\/p>\n<blockquote><p>Wir verarbeiten Ihre personenbezogenen Daten im Rahmen des Besuchermanagements. Folgende Daten werden dabei erhoben: Vollst\u00e4ndiger Name, Tag und Uhrzeit des Besuchs und \u2013 sofern zutreffend \u2013 Arbeitsst\u00e4tte. Rechtsgrundlage f\u00fcr die Verarbeitung ist unser berechtigtes Interesse. Das berechtigte Interesse besteht in der Sicherstellung der Sicherheit unseres B\u00fcrogeb\u00e4udes und unserer Mitarbeitenden. Ihre Daten werden dabei in einer Liste dokumentiert. Bei Bedarf erhalten Sie f\u00fcr die Dauer Ihres Besuchs einen Besuchsausweis ohne personenbezogene Daten.<\/p><\/blockquote>\n<p><strong>3. Weitergabe an Dritte<\/strong><\/p>\n<blockquote><p>Eine \u00dcbermittlung Ihrer Daten an verbundene Unternehmen von Ipsen oder an Dritte findet nicht statt.<\/p><\/blockquote>\n<p><strong>4. Dauer der Datenspeicherung<\/strong><\/p>\n<blockquote>\n<ul>\n<li><strong>Deutschland:<\/strong> Ihre personenbezogenen Daten werden f\u00fcr die Dauer von einem Jahr nach Ablauf des Kalenderjahres, in dem Ihr Besuch stattgefunden hat, gespeichert.<\/li>\n<li><strong>Schweiz:<\/strong> Ihre personenbezogenen Daten werden f\u00fcr die Dauer von maximal 6 Monaten nach Ihrem Besuch gespeichert.<\/li>\n<\/ul>\n<\/blockquote>\n<p><strong>5. Ihre Rechte im Zusammenhang mit der Verarbeitung Ihrer personenbezogenen Daten (Betroffenenrechte)<\/strong><\/p>\n<blockquote>\n<ul>\n<li><strong>Recht auf Auskunft: <\/strong>Sie k\u00f6nnen Auskunft dar\u00fcber verlangen, ob und welche personenbezogenen Daten wir \u00fcber Sie gespeichert haben und zu welchen Zwecken wir die Daten verarbeiten, wem diese Daten offengelegt werden, wie lange die Daten gespeichert werden und welche weiteren Rechte Ihnen in Bezug auf diese Daten zustehen. Es k\u00f6nnen Einschr\u00e4nkungen gelten.<\/li>\n<li><strong>Recht auf Berichtigung: <\/strong>Sie haben das Recht, Ihre personenbezogenen Daten korrigieren zu lassen, wenn sie unrichtig oder unvollst\u00e4ndig sind.<\/li>\n<li><strong>Recht auf L\u00f6schung: <\/strong>Dieses Recht wird auch als &#8220;Recht auf Vergessenwerden&#8221; bezeichnet und erm\u00f6glicht Ihnen, die L\u00f6schung oder Entfernung Ihrer Daten zu verlangen, wenn es f\u00fcr uns keinen zwingenden Grund gibt, diese weiter zu verwenden. Es k\u00f6nnen Einschr\u00e4nkungen gelten.<\/li>\n<li><strong>Recht auf Widerspruch: <\/strong>In Deutschland haben Sie das Recht, aus Gr\u00fcnden, die sich aus Ihrer besonderen Situation ergeben, jederzeit gegen die Verarbeitung Sie betreffender personenbezogener Daten, die aufgrund der Wahrung eines berechtigten Interesses) erfolgt, Widerspruch einzulegen. Im Falle Ihres Widerspruchs verarbeiten wir Ihre personenbezogenen Daten nicht mehr, es sei denn, wir k\u00f6nnen zwingende schutzw\u00fcrdige Gr\u00fcnde f\u00fcr die Verarbeitung nachweisen, die Ihre Interessen, Rechte und Freiheiten \u00fcberwiegen, oder die Verarbeitung dient der Geltendmachung, Aus\u00fcbung oder Verteidigung von Rechtsanspr\u00fcchen.<\/li>\n<\/ul>\n<p><strong>Deutschland:<\/strong> Sie haben zudem das Recht auf Beschwerde bei der zust\u00e4ndigen Aufsichtsbeh\u00f6rde, wenn Sie der Ansicht sind, dass die Verarbeitung Ihrer personenbezogenen Daten gegen Datenschutzvorschriften verst\u00f6\u00dft.<\/p>\n<p><strong>Schweiz:<\/strong> Sie haben zudem das Recht, beim <a href=\"https:\/\/www.edoeb.admin.ch\/edoeb\/de\/home.html\">Eidgen\u00f6ssischen Datenschutz- und \u00d6ffentlichkeitsbeauftragten<\/a> (ED\u00d6B) eine Beschwerde einzureichen.<\/p>\n<p>Um Ihre Rechte wahrzunehmen, k\u00f6nnen Sie sich an die verantwortliche Stelle oder an den Datenschutzbeauftragten unter den angegebenen Kontaktdaten wenden:<\/p>\n<p><strong>Verantwortliche Stelle:\u00a0<\/strong><\/p>\n<ul>\n<li>in Deutschland: <strong>Ipsen Pharma GmbH<\/strong> (\u201eIpsen\u201c), <strong>Einsteinstra\u00dfe 174, 81677 M\u00fcnchen<\/strong><\/li>\n<li>in der Schweiz: <strong>Ipsen Pharma Schweiz GmbH<\/strong> (&#8220;Ipsen&#8221;), <strong>Industriestrasse 47, 6300 Zug\u00a0<\/strong><\/li>\n<li><strong>Kontakt zum Datenschutzbeauftragten: <\/strong>E-Mail: datenschutz@ipsen.com<\/li>\n<\/ul>\n<\/blockquote>\n<p>&nbsp;<\/p>\n                <\/div>\n\n                <!-- If button is enabled then it's visible -->\n                \n            <\/div>\n        <\/div>\n    <\/section>\n","protected":false},"excerpt":{"rendered":"","protected":false},"author":33,"featured_media":0,"parent":0,"menu_order":0,"comment_status":"closed","ping_status":"closed","template":"","meta":{"_acf_changed":false,"footnotes":""},"class_list":["post-3004","page","type-page","status-publish","hentry","entry"],"acf":[],"yoast_head":"<!-- This site is optimized with the Yoast SEO plugin v26.8 - https:\/\/yoast.com\/product\/yoast-seo-wordpress\/ -->\n<title>Datenschutzinformation f\u00fcr Besucher*innen - Germany<\/title>\n<meta name=\"robots\" content=\"index, follow, max-snippet:-1, max-image-preview:large, max-video-preview:-1\" \/>\n<link rel=\"canonical\" href=\"https:\/\/www.ipsen.com\/germany\/datenschutzinformation-fuer-besucherinnen\/\" \/>\n<meta property=\"og:locale\" content=\"de_DE\" \/>\n<meta property=\"og:type\" content=\"article\" \/>\n<meta property=\"og:title\" content=\"Datenschutzinformation f\u00fcr Besucher*innen - Germany\" \/>\n<meta property=\"og:url\" content=\"https:\/\/www.ipsen.com\/germany\/datenschutzinformation-fuer-besucherinnen\/\" \/>\n<meta property=\"og:site_name\" content=\"Germany\" \/>\n<meta property=\"article:modified_time\" content=\"2026-04-21T09:20:46+00:00\" \/>\n<meta name=\"twitter:card\" content=\"summary_large_image\" \/>\n<script type=\"application\/ld+json\" class=\"yoast-schema-graph\">{\"@context\":\"https:\/\/schema.org\",\"@graph\":[{\"@type\":\"WebPage\",\"@id\":\"https:\/\/www.ipsen.com\/germany\/datenschutzinformation-fuer-besucherinnen\/\",\"url\":\"https:\/\/www.ipsen.com\/germany\/datenschutzinformation-fuer-besucherinnen\/\",\"name\":\"Datenschutzinformation f\u00fcr Besucher*innen - Germany\",\"isPartOf\":{\"@id\":\"https:\/\/www.ipsen.com\/germany\/#website\"},\"datePublished\":\"2026-04-21T09:20:45+00:00\",\"dateModified\":\"2026-04-21T09:20:46+00:00\",\"breadcrumb\":{\"@id\":\"https:\/\/www.ipsen.com\/germany\/datenschutzinformation-fuer-besucherinnen\/#breadcrumb\"},\"inLanguage\":\"de-DE\",\"potentialAction\":[{\"@type\":\"ReadAction\",\"target\":[\"https:\/\/www.ipsen.com\/germany\/datenschutzinformation-fuer-besucherinnen\/\"]}]},{\"@type\":\"BreadcrumbList\",\"@id\":\"https:\/\/www.ipsen.com\/germany\/datenschutzinformation-fuer-besucherinnen\/#breadcrumb\",\"itemListElement\":[{\"@type\":\"ListItem\",\"position\":1,\"name\":\"Home\",\"item\":\"https:\/\/www.ipsen.com\/germany\/\"},{\"@type\":\"ListItem\",\"position\":2,\"name\":\"Datenschutzinformation f\u00fcr Besucher*innen\"}]},{\"@type\":\"WebSite\",\"@id\":\"https:\/\/www.ipsen.com\/germany\/#website\",\"url\":\"https:\/\/www.ipsen.com\/germany\/\",\"name\":\"Germany\",\"description\":\"\",\"publisher\":{\"@id\":\"https:\/\/www.ipsen.com\/germany\/#organization\"},\"potentialAction\":[{\"@type\":\"SearchAction\",\"target\":{\"@type\":\"EntryPoint\",\"urlTemplate\":\"https:\/\/www.ipsen.com\/germany\/?s={search_term_string}\"},\"query-input\":{\"@type\":\"PropertyValueSpecification\",\"valueRequired\":true,\"valueName\":\"search_term_string\"}}],\"inLanguage\":\"de-DE\"},{\"@type\":\"Organization\",\"@id\":\"https:\/\/www.ipsen.com\/germany\/#organization\",\"name\":\"Germany\",\"url\":\"https:\/\/www.ipsen.com\/germany\/\",\"logo\":{\"@type\":\"ImageObject\",\"inLanguage\":\"de-DE\",\"@id\":\"https:\/\/www.ipsen.com\/germany\/#\/schema\/logo\/image\/\",\"url\":\"https:\/\/www.ipsen.com\/germany\/wp-content\/uploads\/sites\/6\/2025\/06\/Latest_Ipsen-logo_168x48.svg\",\"contentUrl\":\"https:\/\/www.ipsen.com\/germany\/wp-content\/uploads\/sites\/6\/2025\/06\/Latest_Ipsen-logo_168x48.svg\",\"caption\":\"Germany\"},\"image\":{\"@id\":\"https:\/\/www.ipsen.com\/germany\/#\/schema\/logo\/image\/\"}}]}<\/script>\n<!-- \/ Yoast SEO plugin. -->","yoast_head_json":{"title":"Datenschutzinformation f\u00fcr Besucher*innen - Germany","robots":{"index":"index","follow":"follow","max-snippet":"max-snippet:-1","max-image-preview":"max-image-preview:large","max-video-preview":"max-video-preview:-1"},"canonical":"https:\/\/www.ipsen.com\/germany\/datenschutzinformation-fuer-besucherinnen\/","og_locale":"de_DE","og_type":"article","og_title":"Datenschutzinformation f\u00fcr Besucher*innen - Germany","og_url":"https:\/\/www.ipsen.com\/germany\/datenschutzinformation-fuer-besucherinnen\/","og_site_name":"Germany","article_modified_time":"2026-04-21T09:20:46+00:00","twitter_card":"summary_large_image","schema":{"@context":"https:\/\/schema.org","@graph":[{"@type":"WebPage","@id":"https:\/\/www.ipsen.com\/germany\/datenschutzinformation-fuer-besucherinnen\/","url":"https:\/\/www.ipsen.com\/germany\/datenschutzinformation-fuer-besucherinnen\/","name":"Datenschutzinformation f\u00fcr Besucher*innen - Germany","isPartOf":{"@id":"https:\/\/www.ipsen.com\/germany\/#website"},"datePublished":"2026-04-21T09:20:45+00:00","dateModified":"2026-04-21T09:20:46+00:00","breadcrumb":{"@id":"https:\/\/www.ipsen.com\/germany\/datenschutzinformation-fuer-besucherinnen\/#breadcrumb"},"inLanguage":"de-DE","potentialAction":[{"@type":"ReadAction","target":["https:\/\/www.ipsen.com\/germany\/datenschutzinformation-fuer-besucherinnen\/"]}]},{"@type":"BreadcrumbList","@id":"https:\/\/www.ipsen.com\/germany\/datenschutzinformation-fuer-besucherinnen\/#breadcrumb","itemListElement":[{"@type":"ListItem","position":1,"name":"Home","item":"https:\/\/www.ipsen.com\/germany\/"},{"@type":"ListItem","position":2,"name":"Datenschutzinformation f\u00fcr Besucher*innen"}]},{"@type":"WebSite","@id":"https:\/\/www.ipsen.com\/germany\/#website","url":"https:\/\/www.ipsen.com\/germany\/","name":"Germany","description":"","publisher":{"@id":"https:\/\/www.ipsen.com\/germany\/#organization"},"potentialAction":[{"@type":"SearchAction","target":{"@type":"EntryPoint","urlTemplate":"https:\/\/www.ipsen.com\/germany\/?s={search_term_string}"},"query-input":{"@type":"PropertyValueSpecification","valueRequired":true,"valueName":"search_term_string"}}],"inLanguage":"de-DE"},{"@type":"Organization","@id":"https:\/\/www.ipsen.com\/germany\/#organization","name":"Germany","url":"https:\/\/www.ipsen.com\/germany\/","logo":{"@type":"ImageObject","inLanguage":"de-DE","@id":"https:\/\/www.ipsen.com\/germany\/#\/schema\/logo\/image\/","url":"https:\/\/www.ipsen.com\/germany\/wp-content\/uploads\/sites\/6\/2025\/06\/Latest_Ipsen-logo_168x48.svg","contentUrl":"https:\/\/www.ipsen.com\/germany\/wp-content\/uploads\/sites\/6\/2025\/06\/Latest_Ipsen-logo_168x48.svg","caption":"Germany"},"image":{"@id":"https:\/\/www.ipsen.com\/germany\/#\/schema\/logo\/image\/"}}]}},"parsely":{"version":"1.1.0","canonical_url":"https:\/\/ipsen.com\/germany\/datenschutzinformation-fuer-besucherinnen\/","smart_links":{"inbound":0,"outbound":0},"traffic_boost_suggestions_count":0,"meta":{"@context":"https:\/\/schema.org","@type":"WebPage","headline":"Datenschutzinformation f\u00fcr Besucher*innen","url":"http:\/\/www.ipsen.com\/germany\/datenschutzinformation-fuer-besucherinnen\/","mainEntityOfPage":{"@type":"WebPage","@id":"http:\/\/www.ipsen.com\/germany\/datenschutzinformation-fuer-besucherinnen\/"},"thumbnailUrl":"","image":{"@type":"ImageObject","url":""},"articleSection":"Allgemein","author":[{"@type":"Person","name":"sarah"}],"creator":["sarah"],"publisher":{"@type":"Organization","name":"Germany","logo":""},"keywords":[],"dateCreated":"2026-04-21T09:20:45Z","datePublished":"2026-04-21T09:20:45Z","dateModified":"2026-04-21T09:20:46Z"},"rendered":"<script type=\"application\/ld+json\" class=\"wp-parsely-metadata\">{\"@context\":\"https:\\\/\\\/schema.org\",\"@type\":\"WebPage\",\"headline\":\"Datenschutzinformation f\\u00fcr Besucher*innen\",\"url\":\"http:\\\/\\\/www.ipsen.com\\\/germany\\\/datenschutzinformation-fuer-besucherinnen\\\/\",\"mainEntityOfPage\":{\"@type\":\"WebPage\",\"@id\":\"http:\\\/\\\/www.ipsen.com\\\/germany\\\/datenschutzinformation-fuer-besucherinnen\\\/\"},\"thumbnailUrl\":\"\",\"image\":{\"@type\":\"ImageObject\",\"url\":\"\"},\"articleSection\":\"Allgemein\",\"author\":[{\"@type\":\"Person\",\"name\":\"sarah\"}],\"creator\":[\"sarah\"],\"publisher\":{\"@type\":\"Organization\",\"name\":\"Germany\",\"logo\":\"\"},\"keywords\":[],\"dateCreated\":\"2026-04-21T09:20:45Z\",\"datePublished\":\"2026-04-21T09:20:45Z\",\"dateModified\":\"2026-04-21T09:20:46Z\"}<\/script>","tracker_url":"https:\/\/cdn.parsely.com\/keys\/ipsen.com\/p.js"},"jetpack_sharing_enabled":true,"_links":{"self":[{"href":"https:\/\/www.ipsen.com\/germany\/wp-json\/wp\/v2\/pages\/3004","targetHints":{"allow":["GET"]}}],"collection":[{"href":"https:\/\/www.ipsen.com\/germany\/wp-json\/wp\/v2\/pages"}],"about":[{"href":"https:\/\/www.ipsen.com\/germany\/wp-json\/wp\/v2\/types\/page"}],"author":[{"embeddable":true,"href":"https:\/\/www.ipsen.com\/germany\/wp-json\/wp\/v2\/users\/33"}],"replies":[{"embeddable":true,"href":"https:\/\/www.ipsen.com\/germany\/wp-json\/wp\/v2\/comments?post=3004"}],"version-history":[{"count":6,"href":"https:\/\/www.ipsen.com\/germany\/wp-json\/wp\/v2\/pages\/3004\/revisions"}],"predecessor-version":[{"id":3010,"href":"https:\/\/www.ipsen.com\/germany\/wp-json\/wp\/v2\/pages\/3004\/revisions\/3010"}],"wp:attachment":[{"href":"https:\/\/www.ipsen.com\/germany\/wp-json\/wp\/v2\/media?parent=3004"}],"curies":[{"name":"wp","href":"https:\/\/api.w.org\/{rel}","templated":true}]}}