{"id":2979,"date":"2026-03-19T07:39:53","date_gmt":"2026-03-19T05:39:53","guid":{"rendered":"https:\/\/www.ipsen.com\/germany\/?page_id=2979"},"modified":"2026-03-19T07:39:55","modified_gmt":"2026-03-19T05:39:55","slug":"datenschutzinformation-fuer-dienstleister-und-lieferanten","status":"publish","type":"page","link":"https:\/\/www.ipsen.com\/germany\/datenschutzinformation-fuer-dienstleister-und-lieferanten\/","title":{"rendered":"Datenschutzinformation f\u00fcr Dienstleister und Lieferanten"},"content":{"rendered":"    <section class=\"title-text \">\n        <div class=\"container\">\n            <div class=\"title-text-inner\" style=\"background-color:#EDEBE4;\">\n\n                <!-- If heading is enabled then it's visible -->\n                <div class=\"text-head-dash visible\">\n                <h3 class=\"heading-three\" role=\"heading\" aria-level=\"2\">\n                        Datenschutzinformation f\u00fcr Dienstleister und Lieferanten                    <\/h3>\n                <\/div>\n               \n                <!-- If description is enabled then it's visible -->\n                <div class=\"text-parbase visible\">\n                    <p>Diese Datenschutzinformation gilt f\u00fcr Personen (bspw. Lieferanten, Dienstleister, medizinische Fachkreisangeh\u00f6rige, etc.), die eine bestehende Vertragsbeziehung mit Ipsen in Deutschland, \u00d6sterreich oder der Schweiz haben oder beabsichtigen, eine solche einzugehen und im Rahmen dessen Leistungen f\u00fcr Ipsen erbringen bzw. f\u00fcr die Kontaktpersonen solcher Lieferanten\/Dienstleister. Diese Datenschutzinformation informiert Sie dar\u00fcber, welche Ihrer personenbezogenen Daten Ipsen zu welchen Zwecken verarbeitet.<\/p>\n<p><strong>Verantwortliche Stelle und Kontakt zum Datenschutzbeauftragten<\/strong><\/p>\n<p>Verantwortlich f\u00fcr die Verarbeitung Ihrer personenbezogenen Daten ist:<br \/>\n<strong>Ipsen Pharma GmbH<\/strong> (\u201eIpsen DE\u201c)<br \/>\n<strong>Einsteinstra\u00dfe 174, 81677 M\u00fcnchen, Deutschland<\/strong><br \/>\nf\u00fcr in \u00d6sterreich zu erbringende Leistungen erg\u00e4nzend<br \/>\n<strong>Ipsen Pharma Austria GmbH<\/strong> (\u201eIpsen AT\u201c)<br \/>\n<strong>VIENNA Spaces Icon Central Station, Gertrude-Fr\u00f6hlich-Sandner Stra\u00dfe 2-4, Tower 9, Floor 7-9, 1100 Wien, \u00d6sterreich<\/strong><br \/>\nf\u00fcr in der Schweiz zu erbringende Leistungen erg\u00e4nzend<br \/>\n<strong>Ipsen Pharma Schweiz GmbH<\/strong> (\u201eIpsen CH\u201c)<br \/>\n<strong>Industriestra\u00dfe 47, 6300 Zug, Schweiz<\/strong><br \/>\nIpsen DE, Ipsen AT und Ipsen CH werden im Folgenden auch \u201eIpsen\u201c genannt.<br \/>\nUnseren Datenschutzbeauftragten erreichen Sie unter unserer Postadresse mit dem Zusatz \u201eder Datenschutzbeauftragte\u201c oder unter datenschutz@ipsen.com<\/p>\n<p><strong>Verarbeitungszwecke und Rechtsgrundlage<\/strong><\/p>\n<p>Ihre im Rahmen der Lieferantenanlage zur Verf\u00fcgung gestellten personenbezogenen Daten bzw. Daten Ihrer Besch\u00e4ftigten, verarbeitet Ipsen ausschlie\u00dflich zum Zwecke der Pflege einer Gesch\u00e4ftsbeziehung mit Ihnen, insbesondere zur Kreditorenanlage, Lieferantenqualifikation, zur Rechnungsabwicklung und Vertragsarchivierung unter Beachtung der einschl\u00e4gigen datenschutzrechtlichen Vorschriften, insbesondere der Datenschutz-Grundverordnung (DSGVO) und des Datenschutzgesetzes (DSG, Schweiz). Rechtsgrundlage f\u00fcr die Verarbeitung der personenbezogenen Daten ist die Erf\u00fcllung eines Vertrages bzw. die Durchf\u00fchrung vorvertraglicher Ma\u00dfnahmen.<br \/>\nFolgende Daten werden verarbeitet:<br \/>\nNat\u00fcrliche Person als Vertragspartner: Name, Kontaktdaten, (Privat-)Anschrift, Bankverbindung, Arbeitsst\u00e4tte, Jobtitel und -rolle, Unterschrift<br \/>\nUnternehmen als Vertragspartner: Name und Kontaktdaten der Kontaktperson<\/p>\n<p><strong>Weitergabe der Daten <\/strong><\/p>\n<p>Eine \u00dcbermittlung Ihrer Daten an Dritte au\u00dferhalb der Ipsen-Gruppe erfolgt grunds\u00e4tzlich nicht. Ipsen ist jedoch berechtigt, personenbezogene Daten an hierf\u00fcr beauftragte Dienstleister weiterzugeben, sofern eine solche Weitergabe zur Erbringung der jeweils beauftragten vertragsgegenst\u00e4ndlichen Leistung erforderlich ist. Ipsen wird diese Dienstleister entsprechend den einschl\u00e4gigen datenschutzrechtlichen Bestimmungen verpflichten. Ipsen beauftragt espa Marketplace, PSG Procurement Services GmbH, Haus S\u00fclz 6, 53797 Lohmar, hotelsolution, Christian Thomas, M\u00fchlgewannweg 9g, 68526 Ladenburg\/Mannheim und in Deutschland Candex Solutions Germany GmbH, Wiesenh\u00fcttenstra\u00dfe 11, 60329 Frankfurt am Main, in \u00d6sterreich Candex Austria GmbH, Rechte Wienzeile 225\/T\u00fcr 601, 1120 Wien und in der Schweiz Candex Switzerland GmbH, Rue Saint-Pierre 18, 1700 Fribourg als Dienstleister und Auftragsverarbeiter zur Unterst\u00fctzung bei der Kreditorenanlage und Rechnungsabwicklung. Die Candex-Gesellschaften k\u00f6nnen im Bedarfsfall von deren US\u2011Muttergesellschaft CANDEX SOLUTIONS, INC., 420 Lexington Avenue, Suite 300, New York, NY 10170 unterst\u00fctzt werden. Dabei kann eine \u00dcbermittlung personenbezogener Daten in die USA erfolgen. Wir gew\u00e4hrleisten ein angemessenes Datenschutzniveau durch die von der Europ\u00e4ischen Kommission genehmigten Standardvertragsklauseln. Unsere Datenbanken (ERP- (Enterprise Ressource Planning) System, Contract Lifecycle Management System, System zur Lieferantenqualifizierung) werden auf internationaler Basis\u00a0 betrieben. Dadurch ist die Speicherung von und der Zugriff auf Daten auch au\u00dferhalb von Deutschland, \u00d6sterreich und der Schweiz durch mit der Ipsen verbundene Unternehmen m\u00f6glich, die in anderen Jurisdiktionen ans\u00e4ssig und t\u00e4tig sind (einsehbar unter ipsen.com \u2013 Global). Daten die an ein mit Ipsen verbundenes Unternehmen in einem Land au\u00dferhalb des Europ\u00e4ischen Wirtschaftsraumes (EWR) \u00fcbermittelt werden, dessen Datenschutzniveau bisher von der Europ\u00e4ischen Kommission nicht als angemessen eingestuft wurde, werden durch die von der Europ\u00e4ischen Kommission genehmigten Standardvertragsklauseln (in Form des Intra Group Agreements von Ipsen inkl. Swiss Addendum) ausreichend gesch\u00fctzt. Ihre Daten werden an ein mit Ipsen verbundenes Unternehmen, die Ipsen Biopharm Ltd., Ash Road, Wrexham Industrial Estate, Wrexham, LL13 9UF, United Kingdom zur Bearbeitung (Kreditorenanlage, Rechnungspr\u00fcfung, Rechnungsbegleichung) \u00fcbermittelt.<\/p>\n<p><strong>Dauer der Datenspeicherung <\/strong><\/p>\n<p>Ihre personenbezogenen Daten werden ein Jahr nach der letzten Aktivit\u00e4t als inaktiv markiert und sind nur noch eingeschr\u00e4nkt einsehbar. Anschlie\u00dfend werden Ihre Daten bis zum Ablauf gesetzlicher Aufbewahrungsfristen bei uns gespeichert.<\/p>\n<p><strong>Ihre Rechte im Zusammenhang mit der Verarbeitung Ihrer personenbezogenen Daten (Betroffenenrechte)<\/strong><\/p>\n<ul>\n<li><strong>Recht auf Auskunft<\/strong><br \/>\nSie k\u00f6nnen Auskunft dar\u00fcber verlangen, ob und welche personenbezogenen Daten wir \u00fcber Sie gespeichert haben und zu welchen Zwecken wir die Daten verarbeiten, wem diese Daten offengelegt werden, wie lange die Daten gespeichert werden und welche weiteren Rechte Ihnen in Bezug auf diese Daten zustehen.<\/li>\n<li><strong>Recht auf Berichtigung<\/strong><br \/>\nSie haben das Recht, Ihre personenbezogenen Daten korrigieren zu lassen, wenn sie unrichtig oder unvollst\u00e4ndig sind.<\/li>\n<li><strong>Recht auf L\u00f6schung<\/strong><br \/>\nDieses Recht wird auch als &#8220;Recht auf Vergessenwerden&#8221; bezeichnet und erm\u00f6glicht Ihnen, die L\u00f6schung oder Entfernung Ihrer Daten zu verlangen, wenn es f\u00fcr uns keinen zwingenden Grund gibt, diese weiter zu verwenden.<\/li>\n<li><strong>Recht auf Einschr\u00e4nkung der Verarbeitung<\/strong><br \/>\nSie haben das Recht, die weitere Verwendung Ihrer Daten unter bestimmten Umst\u00e4nden zu &#8220;blockieren&#8221; oder zu unterdr\u00fccken. Wenn die Verarbeitung eingeschr\u00e4nkt wird, k\u00f6nnen wir Ihre Daten weiterhin speichern, d\u00fcrfen sie aber mit wenigen Ausnahmen nicht weiterverwenden.<\/li>\n<li><strong>Recht auf Daten\u00fcbertragbarkeit<\/strong><br \/>\nSie haben das Recht, Ihre personenbezogenen Daten, die Sie uns bereitgestellt haben, in einem strukturierten, g\u00e4ngigen und maschinenlesbaren Format zu erhalten und wiederzuverwenden. Sie haben zudem das Recht, diese Daten einem anderen Verantwortlichen ohne Behinderung durch Ipsen zu \u00fcbermitteln.<\/li>\n<li><strong>Recht auf Widerspruch<\/strong><br \/>\nSie haben das Recht, der Verarbeitung Ihrer personenbezogenen Daten zu widersprechen. Sofern die DSGVO anwendbar ist, haben Sie das Recht, aus Gr\u00fcnden, die sich aus Ihrer besonderen Situation ergeben, jederzeit gegen die Verarbeitung Sie betreffender personenbezogener Daten, die aufgrund von Art. 6 Abs. 1 f DSGVO (Datenverarbeitung zur Wahrung eines berechtigten Interesses) erfolgt, Widerspruch einzulegen, dies gilt auch f\u00fcr ein auf diese Vorschrift gest\u00fctztes Profiling.<br \/>\nIm Falle Ihres Widerspruchs verarbeiten wir Ihre personenbezogenen Daten nicht mehr, es sei denn, wir k\u00f6nnen zwingende schutzw\u00fcrdige Gr\u00fcnde f\u00fcr die Verarbeitung nachweisen, die Ihre Interessen, Rechte und Freiheiten \u00fcberwiegen, oder die Verarbeitung dient der Geltendmachung, Aus\u00fcbung oder Verteidigung von Rechtsanspr\u00fcchen.<\/li>\n<li style=\"list-style-type: none\"><\/li>\n<\/ul>\n<p>Sie haben zudem das Recht auf Beschwerde bei der zust\u00e4ndigen Aufsichtsbeh\u00f6rde, wenn Sie der Ansicht sind, dass die Verarbeitung Ihrer personenbezogenen Daten gegen Datenschutzvorschriften verst\u00f6\u00dft.<br \/>\nUm Ihre Rechte wahrzunehmen, k\u00f6nnen Sie sich an die verantwortliche Stelle oder an den Datenschutzbeauftragten unter den angegebenen Kontaktdaten wenden.<\/p>\n<p><strong>Erforderlichkeit der Bereitstellung Ihrer personenbezogenen Daten<\/strong><\/p>\n<p>Die Bereitstellung Ihrer personenbezogenen Daten im Rahmen der Kreditorenanlage und Rechnungsabwicklung ist f\u00fcr die Erf\u00fcllung eines Vertrages notwendig.<br \/>\nWir k\u00f6nnen eine Vertragsbeziehung mit Ihnen nur begr\u00fcnden, sofern Sie die personenbezogenen Daten angeben, die im Rahmen des Prozesses erforderlich sind.<\/p>\n<p><strong>Automatisierte Entscheidungsfindung<\/strong><\/p>\n<p>Die Kreditorenanlage\/Rechnungsabwicklung beruht nicht ausschlie\u00dflich auf einer automatisierten Verarbeitung. Somit findet keine automatisierte Entscheidung im Einzelfall im Sinne des Art. 22 DSGVO\/Art. 21 DSG statt.<\/p>\n<p>Verantwortliche Stelle:<br \/>\nIpsen Pharma GmbH<br \/>\nEinsteinstra\u00dfe 174<br \/>\n81677 M\u00fcnchen, Deutschland<\/p>\n<p>Kontakt zum Datenschutzbeauftragten: E-Mail: datenschutz@ipsen.com<\/p>\n                <\/div>\n\n                <!-- If button is enabled then it's visible -->\n                \n            <\/div>\n        <\/div>\n    <\/section>\n","protected":false},"excerpt":{"rendered":"","protected":false},"author":33,"featured_media":0,"parent":0,"menu_order":0,"comment_status":"closed","ping_status":"closed","template":"","meta":{"_acf_changed":false,"footnotes":""},"class_list":["post-2979","page","type-page","status-publish","hentry","entry"],"acf":[],"yoast_head":"<!-- This site is optimized with the Yoast SEO plugin v26.8 - https:\/\/yoast.com\/product\/yoast-seo-wordpress\/ -->\n<title>Datenschutzinformation f\u00fcr Dienstleister und Lieferanten - Germany<\/title>\n<meta name=\"robots\" content=\"index, follow, max-snippet:-1, max-image-preview:large, max-video-preview:-1\" \/>\n<link rel=\"canonical\" href=\"https:\/\/www.ipsen.com\/germany\/datenschutzinformation-fuer-dienstleister-und-lieferanten\/\" \/>\n<meta property=\"og:locale\" content=\"de_DE\" \/>\n<meta property=\"og:type\" content=\"article\" \/>\n<meta property=\"og:title\" content=\"Datenschutzinformation f\u00fcr Dienstleister und Lieferanten - Germany\" \/>\n<meta property=\"og:url\" content=\"https:\/\/www.ipsen.com\/germany\/datenschutzinformation-fuer-dienstleister-und-lieferanten\/\" \/>\n<meta property=\"og:site_name\" content=\"Germany\" \/>\n<meta property=\"article:modified_time\" content=\"2026-03-19T05:39:55+00:00\" \/>\n<meta name=\"twitter:card\" content=\"summary_large_image\" \/>\n<script type=\"application\/ld+json\" class=\"yoast-schema-graph\">{\"@context\":\"https:\/\/schema.org\",\"@graph\":[{\"@type\":\"WebPage\",\"@id\":\"https:\/\/www.ipsen.com\/germany\/datenschutzinformation-fuer-dienstleister-und-lieferanten\/\",\"url\":\"https:\/\/www.ipsen.com\/germany\/datenschutzinformation-fuer-dienstleister-und-lieferanten\/\",\"name\":\"Datenschutzinformation f\u00fcr Dienstleister und Lieferanten - Germany\",\"isPartOf\":{\"@id\":\"https:\/\/www.ipsen.com\/germany\/#website\"},\"datePublished\":\"2026-03-19T05:39:53+00:00\",\"dateModified\":\"2026-03-19T05:39:55+00:00\",\"breadcrumb\":{\"@id\":\"https:\/\/www.ipsen.com\/germany\/datenschutzinformation-fuer-dienstleister-und-lieferanten\/#breadcrumb\"},\"inLanguage\":\"de-DE\",\"potentialAction\":[{\"@type\":\"ReadAction\",\"target\":[\"https:\/\/www.ipsen.com\/germany\/datenschutzinformation-fuer-dienstleister-und-lieferanten\/\"]}]},{\"@type\":\"BreadcrumbList\",\"@id\":\"https:\/\/www.ipsen.com\/germany\/datenschutzinformation-fuer-dienstleister-und-lieferanten\/#breadcrumb\",\"itemListElement\":[{\"@type\":\"ListItem\",\"position\":1,\"name\":\"Home\",\"item\":\"https:\/\/www.ipsen.com\/germany\/\"},{\"@type\":\"ListItem\",\"position\":2,\"name\":\"Datenschutzinformation f\u00fcr Dienstleister und Lieferanten\"}]},{\"@type\":\"WebSite\",\"@id\":\"https:\/\/www.ipsen.com\/germany\/#website\",\"url\":\"https:\/\/www.ipsen.com\/germany\/\",\"name\":\"Germany\",\"description\":\"\",\"publisher\":{\"@id\":\"https:\/\/www.ipsen.com\/germany\/#organization\"},\"potentialAction\":[{\"@type\":\"SearchAction\",\"target\":{\"@type\":\"EntryPoint\",\"urlTemplate\":\"https:\/\/www.ipsen.com\/germany\/?s={search_term_string}\"},\"query-input\":{\"@type\":\"PropertyValueSpecification\",\"valueRequired\":true,\"valueName\":\"search_term_string\"}}],\"inLanguage\":\"de-DE\"},{\"@type\":\"Organization\",\"@id\":\"https:\/\/www.ipsen.com\/germany\/#organization\",\"name\":\"Germany\",\"url\":\"https:\/\/www.ipsen.com\/germany\/\",\"logo\":{\"@type\":\"ImageObject\",\"inLanguage\":\"de-DE\",\"@id\":\"https:\/\/www.ipsen.com\/germany\/#\/schema\/logo\/image\/\",\"url\":\"https:\/\/www.ipsen.com\/germany\/wp-content\/uploads\/sites\/6\/2025\/06\/Latest_Ipsen-logo_168x48.svg\",\"contentUrl\":\"https:\/\/www.ipsen.com\/germany\/wp-content\/uploads\/sites\/6\/2025\/06\/Latest_Ipsen-logo_168x48.svg\",\"caption\":\"Germany\"},\"image\":{\"@id\":\"https:\/\/www.ipsen.com\/germany\/#\/schema\/logo\/image\/\"}}]}<\/script>\n<!-- \/ Yoast SEO plugin. -->","yoast_head_json":{"title":"Datenschutzinformation f\u00fcr Dienstleister und Lieferanten - Germany","robots":{"index":"index","follow":"follow","max-snippet":"max-snippet:-1","max-image-preview":"max-image-preview:large","max-video-preview":"max-video-preview:-1"},"canonical":"https:\/\/www.ipsen.com\/germany\/datenschutzinformation-fuer-dienstleister-und-lieferanten\/","og_locale":"de_DE","og_type":"article","og_title":"Datenschutzinformation f\u00fcr Dienstleister und Lieferanten - Germany","og_url":"https:\/\/www.ipsen.com\/germany\/datenschutzinformation-fuer-dienstleister-und-lieferanten\/","og_site_name":"Germany","article_modified_time":"2026-03-19T05:39:55+00:00","twitter_card":"summary_large_image","schema":{"@context":"https:\/\/schema.org","@graph":[{"@type":"WebPage","@id":"https:\/\/www.ipsen.com\/germany\/datenschutzinformation-fuer-dienstleister-und-lieferanten\/","url":"https:\/\/www.ipsen.com\/germany\/datenschutzinformation-fuer-dienstleister-und-lieferanten\/","name":"Datenschutzinformation f\u00fcr Dienstleister und Lieferanten - Germany","isPartOf":{"@id":"https:\/\/www.ipsen.com\/germany\/#website"},"datePublished":"2026-03-19T05:39:53+00:00","dateModified":"2026-03-19T05:39:55+00:00","breadcrumb":{"@id":"https:\/\/www.ipsen.com\/germany\/datenschutzinformation-fuer-dienstleister-und-lieferanten\/#breadcrumb"},"inLanguage":"de-DE","potentialAction":[{"@type":"ReadAction","target":["https:\/\/www.ipsen.com\/germany\/datenschutzinformation-fuer-dienstleister-und-lieferanten\/"]}]},{"@type":"BreadcrumbList","@id":"https:\/\/www.ipsen.com\/germany\/datenschutzinformation-fuer-dienstleister-und-lieferanten\/#breadcrumb","itemListElement":[{"@type":"ListItem","position":1,"name":"Home","item":"https:\/\/www.ipsen.com\/germany\/"},{"@type":"ListItem","position":2,"name":"Datenschutzinformation f\u00fcr Dienstleister und Lieferanten"}]},{"@type":"WebSite","@id":"https:\/\/www.ipsen.com\/germany\/#website","url":"https:\/\/www.ipsen.com\/germany\/","name":"Germany","description":"","publisher":{"@id":"https:\/\/www.ipsen.com\/germany\/#organization"},"potentialAction":[{"@type":"SearchAction","target":{"@type":"EntryPoint","urlTemplate":"https:\/\/www.ipsen.com\/germany\/?s={search_term_string}"},"query-input":{"@type":"PropertyValueSpecification","valueRequired":true,"valueName":"search_term_string"}}],"inLanguage":"de-DE"},{"@type":"Organization","@id":"https:\/\/www.ipsen.com\/germany\/#organization","name":"Germany","url":"https:\/\/www.ipsen.com\/germany\/","logo":{"@type":"ImageObject","inLanguage":"de-DE","@id":"https:\/\/www.ipsen.com\/germany\/#\/schema\/logo\/image\/","url":"https:\/\/www.ipsen.com\/germany\/wp-content\/uploads\/sites\/6\/2025\/06\/Latest_Ipsen-logo_168x48.svg","contentUrl":"https:\/\/www.ipsen.com\/germany\/wp-content\/uploads\/sites\/6\/2025\/06\/Latest_Ipsen-logo_168x48.svg","caption":"Germany"},"image":{"@id":"https:\/\/www.ipsen.com\/germany\/#\/schema\/logo\/image\/"}}]}},"parsely":{"version":"1.1.0","canonical_url":"https:\/\/ipsen.com\/germany\/datenschutzinformation-fuer-dienstleister-und-lieferanten\/","smart_links":{"inbound":0,"outbound":0},"traffic_boost_suggestions_count":0,"meta":{"@context":"https:\/\/schema.org","@type":"WebPage","headline":"Datenschutzinformation f\u00fcr Dienstleister und Lieferanten","url":"http:\/\/www.ipsen.com\/germany\/datenschutzinformation-fuer-dienstleister-und-lieferanten\/","mainEntityOfPage":{"@type":"WebPage","@id":"http:\/\/www.ipsen.com\/germany\/datenschutzinformation-fuer-dienstleister-und-lieferanten\/"},"thumbnailUrl":"","image":{"@type":"ImageObject","url":""},"articleSection":"Allgemein","author":[{"@type":"Person","name":"sarah"}],"creator":["sarah"],"publisher":{"@type":"Organization","name":"Germany","logo":""},"keywords":[],"dateCreated":"2026-03-19T05:39:53Z","datePublished":"2026-03-19T05:39:53Z","dateModified":"2026-03-19T05:39:55Z"},"rendered":"<script type=\"application\/ld+json\" class=\"wp-parsely-metadata\">{\"@context\":\"https:\\\/\\\/schema.org\",\"@type\":\"WebPage\",\"headline\":\"Datenschutzinformation f\\u00fcr Dienstleister und Lieferanten\",\"url\":\"http:\\\/\\\/www.ipsen.com\\\/germany\\\/datenschutzinformation-fuer-dienstleister-und-lieferanten\\\/\",\"mainEntityOfPage\":{\"@type\":\"WebPage\",\"@id\":\"http:\\\/\\\/www.ipsen.com\\\/germany\\\/datenschutzinformation-fuer-dienstleister-und-lieferanten\\\/\"},\"thumbnailUrl\":\"\",\"image\":{\"@type\":\"ImageObject\",\"url\":\"\"},\"articleSection\":\"Allgemein\",\"author\":[{\"@type\":\"Person\",\"name\":\"sarah\"}],\"creator\":[\"sarah\"],\"publisher\":{\"@type\":\"Organization\",\"name\":\"Germany\",\"logo\":\"\"},\"keywords\":[],\"dateCreated\":\"2026-03-19T05:39:53Z\",\"datePublished\":\"2026-03-19T05:39:53Z\",\"dateModified\":\"2026-03-19T05:39:55Z\"}<\/script>","tracker_url":"https:\/\/cdn.parsely.com\/keys\/ipsen.com\/p.js"},"jetpack_sharing_enabled":true,"_links":{"self":[{"href":"https:\/\/www.ipsen.com\/germany\/wp-json\/wp\/v2\/pages\/2979","targetHints":{"allow":["GET"]}}],"collection":[{"href":"https:\/\/www.ipsen.com\/germany\/wp-json\/wp\/v2\/pages"}],"about":[{"href":"https:\/\/www.ipsen.com\/germany\/wp-json\/wp\/v2\/types\/page"}],"author":[{"embeddable":true,"href":"https:\/\/www.ipsen.com\/germany\/wp-json\/wp\/v2\/users\/33"}],"replies":[{"embeddable":true,"href":"https:\/\/www.ipsen.com\/germany\/wp-json\/wp\/v2\/comments?post=2979"}],"version-history":[{"count":14,"href":"https:\/\/www.ipsen.com\/germany\/wp-json\/wp\/v2\/pages\/2979\/revisions"}],"predecessor-version":[{"id":2996,"href":"https:\/\/www.ipsen.com\/germany\/wp-json\/wp\/v2\/pages\/2979\/revisions\/2996"}],"wp:attachment":[{"href":"https:\/\/www.ipsen.com\/germany\/wp-json\/wp\/v2\/media?parent=2979"}],"curies":[{"name":"wp","href":"https:\/\/api.w.org\/{rel}","templated":true}]}}