{"id":60,"date":"2024-03-14T07:53:02","date_gmt":"2024-03-14T05:53:02","guid":{"rendered":"https:\/\/www.ipsen.com\/frn\/?page_id=60"},"modified":"2025-06-05T11:02:50","modified_gmt":"2025-06-05T09:02:50","slug":"conditions-generales-dutilisation","status":"publish","type":"page","link":"https:\/\/www.ipsen.com\/france\/conditions-generales-dutilisation\/","title":{"rendered":"Conditions g\u00e9n\u00e9rales d&#8217;utilisation"},"content":{"rendered":"    <section class=\"sub-page-banner bg-color-enabled  banner-no-filter\" style=\"background: linear-gradient(93.64deg, #224A81 2.99%, #2797D3 97.01%)\">\n                <div class=\"container content-sec\">\n            <nav aria-label=\"breadcrumb\">\n            <ol class=\"breadcrumb\">\n                <li class=\"breadcrumb-item\"><a href=\"https:\/\/www.ipsen.com\/france\">Accueil<\/a><\/li><li class=\"breadcrumb-item active\"><a class=\"link-pointer-events-none\" href=\"#\" aria-current=\"page\">Conditions g\u00e9n\u00e9rales d&#8217;utilisation<\/a><\/li><\/ol>\n            <\/nav>            <h1 class=\"visible banner-font-color-white\">Conditions g\u00e9n\u00e9rales d&#8217;utilisation<\/h1>\n            <p class=\"hidden banner-font-color-white\"><\/p>\n        <\/div>\n    <\/section>\n\n\n\n\n<div class=\"wp-block-columns is-layout-flex wp-container-core-columns-is-layout-9d6595d7 wp-block-columns-is-layout-flex\">\n<div class=\"wp-block-column is-layout-flow wp-block-column-is-layout-flow\">\n<p><strong>1. Accord pr\u00e9alable<\/strong><\/p>\n\n\n\n<p>Le site internet ipsen.com\/france\/ (le \u00ab <strong>Site <\/strong>\u00bb) est d\u00e9velopp\u00e9 et fourni par IPSEN PHARMA, soci\u00e9t\u00e9 par actions simplifi\u00e9e au capital de 7.755.053 euros, situ\u00e9 70 rue Balard, 75015 Paris, et immatricul\u00e9e sous le num\u00e9ro 308 197 185 RCS Paris (ci-apr\u00e8s d\u00e9sign\u00e9 \u00ab <strong>Ipsen<\/strong> \u00bb, en ce comprenant toutes ses entit\u00e9s affili\u00e9es).<\/p>\n\n\n\n<p>Votre acc\u00e8s et votre utilisation du Site sont soumis aux pr\u00e9sentes Conditions G\u00e9n\u00e9rales d\u2019Utilisation et \u00e0 toute loi applicable. En acc\u00e9dant au Site, vous acceptez, sans limitation ou r\u00e9serves, les pr\u00e9sentes Conditions G\u00e9n\u00e9rales d\u2019Utilisation.<\/p>\n\n\n\n<p><strong>2. Utilisation des informations<\/strong><\/p>\n\n\n\n<p>Le Site est destin\u00e9 \u00e0 fournir des informations sur le groupe Ipsen, ses produits et ses services.<br>Les informations du Site comprennent :<\/p>\n\n\n\n<ul class=\"wp-block-list\">\n<li>Actualit\u00e9s et communiqu\u00e9s de presse ;<\/li>\n\n\n\n<li>Vision, strat\u00e9gie et engagements ;<\/li>\n\n\n\n<li>Description des domaines th\u00e9rapeutiques, des faits marquants et de la strat\u00e9gie d\u2019Ipsen ;<\/li>\n\n\n\n<li>Descriptions de la strat\u00e9gie de recherche et d\u00e9veloppement, de l\u2019expertise, des centres et du pipeline;<\/li>\n\n\n\n<li>Renseignements \u00e0 l\u2019intention des employ\u00e9s d\u2019Ipsen ;<\/li>\n\n\n\n<li>Une liste de tous les produits Ipsen ;<\/li>\n\n\n\n<li>Des informations financi\u00e8res ;<\/li>\n\n\n\n<li>Des informations sur la divulgation du contenu du Site.<\/li>\n<\/ul>\n\n\n\n<p>Le Site, accessible au public, n\u2019est pas destin\u00e9 \u00e0 remplacer les conseils \u00e9clair\u00e9s d\u2019un professionnel de sant\u00e9. Si vous \u00eates un patient, consultez votre m\u00e9decin traitant pour toutes les questions que vous pouvez avoir sur votre sant\u00e9 et votre bien-\u00eatre.<\/p>\n\n\n\n<p>Vous ne pouvez pas distribuer, modifier, transmettre, r\u00e9utiliser, r\u00e9exp\u00e9dier ou utiliser toute information du Site \u00e0 des fins commerciales, et vous devez pr\u00e9sumer que, sauf mention contraire, tout ce que vous voyez ou lisez sur ce Site est prot\u00e9g\u00e9 par des droits de propri\u00e9t\u00e9 intellectuelle et ne peut \u00eatre utilis\u00e9, si ce n\u2019est conform\u00e9ment aux pr\u00e9sentes Conditions G\u00e9n\u00e9rales d\u2019Utilisation.<\/p>\n\n\n\n<p>Ipsen ne peut ni garantir ni affirmer que votre utilisation des mat\u00e9riaux et supports se trouvant sur le Site ne portera pas atteinte aux droits de tiers qui ne sont pas affili\u00e9s \u00e0 Ipsen. Aucune licence, aucun droit sur les informations ou droits de propri\u00e9t\u00e9 intellectuelle d\u2019Ipsen ou de toute autre tierce partie, ne vous est accord\u00e9 ou conf\u00e9r\u00e9.<\/p>\n\n\n\n<p>Le Site peut contenir ou faire r\u00e9f\u00e9rence \u00e0 des informations prot\u00e9g\u00e9es, des technologies, produits, proc\u00e9d\u00e9s ou d\u2019autres droits de propri\u00e9t\u00e9 d\u2019Ipsen et\/ou d\u2019autres parties. Aucune licence, ni aucun droit sur ces marques, brevets, secrets commerciaux, technologies, produits, proc\u00e9d\u00e9s et autres droits de propri\u00e9t\u00e9 d\u2019Ipsen et\/ou d\u2019une tierce personne, ne vous est accord\u00e9 ou conf\u00e9r\u00e9.<\/p>\n\n\n\n<p><strong>3. Exclusion de garantie<\/strong><\/p>\n\n\n\n<p>Bien qu\u2019Ipsen s\u2019efforce de garantir que les informations fournies par le Site soient correctes et \u00e0 jour, celles-ci peuvent contenir des inexactitudes ou des erreurs de typographie. Ipsen se r\u00e9serve le droit d\u2019effectuer des changements, des corrections et\/ou d\u2019apporter des am\u00e9liorations \u00e0 ces informations \u00e0 tout moment et sans pr\u00e9avis. Ipsen ne formule aucune garantie et ne prend aucun engagement quant \u00e0 l\u2019exactitude des informations. Ipsen d\u00e9cline toute responsabilit\u00e9 en cas d\u2019erreurs ou d\u2019omissions dans le contenu du Site.<\/p>\n\n\n\n<p>TOUTES LES INFORMATIONS SONT FOURNIES \u00ab EN L\u2019\u00c9TAT \u00bb. IPSEN N\u2019OFFRE AUCUNE GARANTIE QUANT \u00c0 L\u2019EXHAUSTIVIT\u00c9 OU L\u2019EXACTITUDE DES INFORMATIONS DISPONIBLES SUR LE SITE OU QUANT \u00c0 LEURS UTILISATIONS POSSIBLES.<\/p>\n\n\n\n<p>PAR CONS\u00c9QUENT, LES INFORMATIONS DOIVENT ETRE EVALUEES ATTENTIVEMENT PAR LES UTILISATEURS AVANT LEUR USAGE. VOUS POUVEZ UTILISER CES INFORMATIONS A VOTRE DISCRETION ET VOUS EN SUPPORTEZ LES RISQUES. DANS LES LIMITES FIXEES PAR LA LOI, IPSEN, ET LES AUTRES SOCIETES DU GROUPE IPSEN, ET LES TIERS IMPLIQU\u00c9S DANS LA CR\u00c9ATION, LE DEVELOPPEMENT OU LA FOURNITURE DU SITE NE PEUVENT ETRE TENUS RESPONSABLES DE TOUT DOMMAGE DIRECT, FORTUIT, CONS\u00c9CUTIF, INDIRECT OU A CARATERE PUNITIF, RESULTANT DE L\u2019ACC\u00c8S AU SITE, L\u2019UTILISATION OU L\u2019INCAPACIT\u00c9 D\u2019UTILISER CE SITE, OU DE TOUTE ERREUR OU OMISSION DANS SON CONTENU.<\/p>\n\n\n\n<p>Ipsen d\u00e9cline aussi toute responsabilit\u00e9, et ne peut \u00eatre tenu responsable de tout dommage ou de tout virus susceptible d\u2019affecter votre mat\u00e9riel informatique ou tout autre bien \u00e0 la suite de votre acc\u00e8s ou de votre utilisation des informations pr\u00e9sentes sur le Site.<\/p>\n\n\n\n<p><strong>4. Non-respect des Conditions G\u00e9n\u00e9rales<\/strong><\/p>\n\n\n\n<p>Si Ipsen prend connaissance du fait que vous avez enfreint certaines dispositions des pr\u00e9sentes Conditions G\u00e9n\u00e9rales d\u2019Utilisation, Ipsen pourra prendre imm\u00e9diatement des mesures correctrices, y compris celles pour emp\u00eacher l\u2019utilisateur d\u2019acc\u00e9der au Site, et cela, \u00e0 tout moment et sans pr\u00e9avis. Si Ipsen a \u00e9t\u00e9 affect\u00e9 ou l\u00e9s\u00e9 par votre violation, Ipsen pourra, \u00e0 sa discr\u00e9tion, exiger de vous des dommages et int\u00e9r\u00eats.<\/p>\n\n\n\n<p><strong>5. R\u00e9visions<\/strong><\/p>\n\n\n\n<p>Ipsen peut revoir \u00e0 tout moment les Conditions G\u00e9n\u00e9rales d\u2019Utilisation du Site en mettant \u00e0 jour cette publication et en informant l\u2019utilisateur par le biais de la mention de la date de mise \u00e0 jour. Vous devrez p\u00e9riodiquement visiter cette page pour consulter les Conditions G\u00e9n\u00e9rales d\u2019Utilisation en vigueur auxquelles vous \u00eates li\u00e9es.<\/p>\n\n\n\n<p>Ipsen se r\u00e9serve le droit de supprimer le Site \u00e0 tout moment sans aucune responsabilit\u00e9 \u00e0 votre \u00e9gard ou \u00e0 l\u2019\u00e9gard de quiconque.<\/p>\n\n\n\n<p><strong>6. Propri\u00e9t\u00e9 intellectuelle<\/strong><\/p>\n\n\n\n<p>Le contenu du Site est enti\u00e8rement prot\u00e9g\u00e9 par les droits de propri\u00e9t\u00e9 intellectuelle applicables. Tous les mat\u00e9riaux et supports contenus sur le Site ne peuvent \u00eatre reproduits, affich\u00e9s ou utilis\u00e9s de quelque autre mani\u00e8re que ce soit sans l\u2019autorisation pr\u00e9alable \u00e9crite d\u2019Ipsen.<\/p>\n\n\n\n<p><strong>7. Sources<\/strong><\/p>\n\n\n\n<p>Vid\u00e9os, photographies, diaporamas, programmes : Propri\u00e9t\u00e9 d\u2019IPSEN.<\/p>\n\n\n\n<p><strong>8. Effets ind\u00e9sirables\/ effets secondaires<\/strong><\/p>\n\n\n\n<p>Ce Site n\u2019est pas li\u00e9 \u00e0 l\u2019usage ou administration d\u2019un produit sp\u00e9cifique. Vous restez donc libre d\u2019utiliser des produits de sant\u00e9\/m\u00e9dicaments en toute ind\u00e9pendance.<\/p>\n\n\n\n<p>A cette occasion, si vous faites face \u00e0 des effets secondaires ou ind\u00e9sirables de m\u00e9dicaments, contactez votre m\u00e9decin, infirmi\u00e8re ou kin\u00e9sith\u00e9rapeute. Vous pouvez \u00e9galement d\u00e9clarer les effets ind\u00e9sirables directement via <strong><a href=\"https:\/\/signalement.social-sante.gouv.fr\" target=\"_blank\" rel=\"noreferrer noopener\">le syst\u00e8me national de d\u00e9claration<\/a><\/strong> : Agence nationale de s\u00e9curit\u00e9 du m\u00e9dicament et des produits de sant\u00e9 (ANSM) et r\u00e9seau des Centres R\u00e9gionaux de Pharmacovigilance. D\u00e9clarez imm\u00e9diatement tout effet ind\u00e9sirable suspect\u00e9 d\u2019\u00eatre d\u00fb \u00e0 un m\u00e9dicament \u00e0 votre Centre r\u00e9gional de pharmacovigilance (CRPV) ou sur <strong><a href=\"https:\/\/signalement.social-sante.gouv.fr\/\" target=\"_blank\" rel=\"noreferrer noopener\">le portail de signalement des \u00e9v\u00e9nements sanitaires.<\/a><\/strong><\/p>\n\n\n\n<p>Vous pouvez signaler un effet ind\u00e9sirable aupr\u00e8s du fabricant de votre m\u00e9dicament.<br>Coordonn\u00e9es IPSEN PHARMA en France :<\/p>\n\n\n\n<p>E-mail : <a href=\"mailto:pharmacovigilance.france@ipsen.com\" target=\"_blank\" rel=\"noreferrer noopener\"><strong>pharmacovigilance.france@ipsen.com<\/strong><\/a><\/p>\n\n\n\n<p>T\u00e9l\u00e9phone : 01.58.33.58.33<\/p>\n\n\n\n<p>Fax : 01.58.33.50.47<\/p>\n\n\n\n<p>Pour toute demande d\u2019information m\u00e9dicale, scientifique ou pharmaceutique sur un m\u00e9dicament IPSEN PHARMA ainsi que pour toute r\u00e9clamation qualit\u00e9, veuillez contacter :<\/p>\n\n\n\n<p>E-mail : <strong><a href=\"mailto:information.medicale@ipsen.com\">information.medicale@ipsen.com<\/a><\/strong> <\/p>\n\n\n\n<p>T\u00e9l\u00e9phone : 01.58.33.58.20<\/p>\n\n\n\n<p><strong>9. Nullit\u00e9<\/strong><\/p>\n\n\n\n<p>La non-validit\u00e9 ou l\u2019inapplicabilit\u00e9 d\u2019une ou de plusieurs dispositions des Conditions G\u00e9n\u00e9rales d\u2019Utilisation ne porte pas atteinte \u00e0 la validit\u00e9 ou \u00e0 l\u2019applicabilit\u00e9 des autres dispositions, qui resteront pleinement valides et en vigueur, sauf dans le cas o\u00f9 l\u2019invalidit\u00e9 ou l\u2019inapplicabilit\u00e9 se rapporte \u00e0 une disposition essentielle de ces Conditions G\u00e9n\u00e9rales d\u2019Utilisation.<\/p>\n\n\n\n<p><strong>10. Loi applicable<\/strong><\/p>\n\n\n\n<p>Les pr\u00e9sentes Conditions G\u00e9n\u00e9rales d\u2019Utilisation et l\u2019utilisation que vous faites du Site sont soumises \u00e0 l\u2019application de la loi fran\u00e7aise, \u00e0 l\u2019exception des dispositions de droit international priv\u00e9.<\/p>\n\n\n\n<p><strong>11. R\u00e8glement des litiges<\/strong><\/p>\n\n\n\n<p>Les litiges qui ne peuvent \u00eatre r\u00e9gl\u00e9s \u00e0 l\u2019amiable seront soumis \u00e0 la comp\u00e9tence des tribunaux de Paris.<\/p>\n<\/div>\n<\/div>\n\n\n\n<!--Alert Card Layout Start Here-->\n<section class=\"alertcard-section\">\n      <div class=\"container\">\n        <!--Alert Box HTML Start Here-->\n        <div class=\"alert-box general-box\">\n                    <div class=\"info-icon\">\n              <span class=\"info-circle\"><img decoding=\"async\" src=\"https:\/\/www.ipsen.com\/france\/wp-content\/themes\/ipsen-main\/dist\/images\/alert-info-icon.png\" alt=\"Alert\"\/><\/i>\n            <\/div>\n                    <div class=\"info-contents\">\n          <h4 role=\"heading\" aria-level=\"2\" class=\"info-head heading-four heading-four\"><\/h4>\n            <p class=\"info-sub-head-para hidden heading-para\"><\/p>\n            <div class=\"alert-content visible\"><p>Date de mise en ligne du site : juin 2024<\/p>\n<p>Ce document a \u00e9t\u00e9 modifi\u00e9 pour la derni\u00e8re fois en avril 2025<\/p>\n<\/div>\n          <\/div>\n        <\/div>\n        <!--Alert Box HTML Start Here-->\n      <\/div>\n    <\/section>\n<!--Alert Card Layout End Here-->\n\n\n\n<!--Alert Card Layout Start Here-->\n<section class=\"alertcard-section\">\n      <div class=\"container\">\n        <!--Alert Box HTML Start Here-->\n        <div class=\"alert-box info-box\">\n                    <div class=\"info-icon\">\n              <span class=\"info-circle\"><img decoding=\"async\" src=\"https:\/\/www.ipsen.com\/france\/wp-content\/themes\/ipsen-main\/dist\/images\/alert-general-icon.png\" alt=\"Alert\"\/><\/i>\n            <\/div>\n                    <div class=\"info-contents\">\n          <h4 role=\"heading\" aria-level=\"2\" class=\"info-head heading-four heading-four\"><\/h4>\n            <p class=\"info-sub-head-para hidden heading-para\"><\/p>\n            <div class=\"alert-content visible\"><p>ALLSC-FR-001353 v2.0 \u2013 avril 2025<\/p>\n<\/div>\n          <\/div>\n        <\/div>\n        <!--Alert Box HTML Start Here-->\n      <\/div>\n    <\/section>\n<!--Alert Card Layout End Here-->\n","protected":false},"excerpt":{"rendered":"","protected":false},"author":2,"featured_media":0,"parent":0,"menu_order":0,"comment_status":"closed","ping_status":"closed","template":"","meta":{"_acf_changed":false,"footnotes":""},"class_list":["post-60","page","type-page","status-publish","hentry","entry"],"acf":[],"yoast_head":"<!-- This site is optimized with the Yoast SEO plugin v26.8 - https:\/\/yoast.com\/product\/yoast-seo-wordpress\/ -->\n<title>Conditions g\u00e9n\u00e9rales d&#039;utilisation<\/title>\n<meta name=\"description\" content=\"Conditions g\u00e9n\u00e9rales d&#039;utilisation d&#039;Ipsen France\" \/>\n<meta name=\"robots\" content=\"index, follow, max-snippet:-1, max-image-preview:large, max-video-preview:-1\" \/>\n<link rel=\"canonical\" href=\"https:\/\/www.ipsen.com\/france\/conditions-generales-dutilisation\/\" \/>\n<meta property=\"og:locale\" content=\"fr_FR\" \/>\n<meta property=\"og:type\" content=\"article\" \/>\n<meta property=\"og:title\" content=\"Conditions g\u00e9n\u00e9rales d&#039;utilisation\" \/>\n<meta property=\"og:description\" content=\"Conditions g\u00e9n\u00e9rales d&#039;utilisation d&#039;Ipsen France\" \/>\n<meta property=\"og:url\" content=\"https:\/\/www.ipsen.com\/france\/conditions-generales-dutilisation\/\" \/>\n<meta property=\"og:site_name\" content=\"France\" \/>\n<meta property=\"article:modified_time\" content=\"2025-06-05T09:02:50+00:00\" \/>\n<meta name=\"twitter:card\" content=\"summary_large_image\" \/>\n<meta name=\"twitter:label1\" content=\"Est. reading time\" \/>\n\t<meta name=\"twitter:data1\" content=\"6 minutes\" \/>\n<script type=\"application\/ld+json\" class=\"yoast-schema-graph\">{\"@context\":\"https:\/\/schema.org\",\"@graph\":[{\"@type\":\"WebPage\",\"@id\":\"https:\/\/www.ipsen.com\/france\/conditions-generales-dutilisation\/\",\"url\":\"https:\/\/www.ipsen.com\/france\/conditions-generales-dutilisation\/\",\"name\":\"Conditions g\u00e9n\u00e9rales d'utilisation\",\"isPartOf\":{\"@id\":\"https:\/\/www.ipsen.com\/france\/#website\"},\"datePublished\":\"2024-03-14T05:53:02+00:00\",\"dateModified\":\"2025-06-05T09:02:50+00:00\",\"description\":\"Conditions g\u00e9n\u00e9rales d'utilisation d'Ipsen France\",\"breadcrumb\":{\"@id\":\"https:\/\/www.ipsen.com\/france\/conditions-generales-dutilisation\/#breadcrumb\"},\"inLanguage\":\"fr-FR\",\"potentialAction\":[{\"@type\":\"ReadAction\",\"target\":[\"https:\/\/www.ipsen.com\/france\/conditions-generales-dutilisation\/\"]}]},{\"@type\":\"BreadcrumbList\",\"@id\":\"https:\/\/www.ipsen.com\/france\/conditions-generales-dutilisation\/#breadcrumb\",\"itemListElement\":[{\"@type\":\"ListItem\",\"position\":1,\"name\":\"Home\",\"item\":\"https:\/\/www.ipsen.com\/france\/\"},{\"@type\":\"ListItem\",\"position\":2,\"name\":\"Conditions g\u00e9n\u00e9rales d&rsquo;utilisation\"}]},{\"@type\":\"WebSite\",\"@id\":\"https:\/\/www.ipsen.com\/france\/#website\",\"url\":\"https:\/\/www.ipsen.com\/france\/\",\"name\":\"France\",\"description\":\"\",\"publisher\":{\"@id\":\"https:\/\/www.ipsen.com\/france\/#organization\"},\"potentialAction\":[{\"@type\":\"SearchAction\",\"target\":{\"@type\":\"EntryPoint\",\"urlTemplate\":\"https:\/\/www.ipsen.com\/france\/?s={search_term_string}\"},\"query-input\":{\"@type\":\"PropertyValueSpecification\",\"valueRequired\":true,\"valueName\":\"search_term_string\"}}],\"inLanguage\":\"fr-FR\"},{\"@type\":\"Organization\",\"@id\":\"https:\/\/www.ipsen.com\/france\/#organization\",\"name\":\"France\",\"url\":\"https:\/\/www.ipsen.com\/france\/\",\"logo\":{\"@type\":\"ImageObject\",\"inLanguage\":\"fr-FR\",\"@id\":\"https:\/\/www.ipsen.com\/france\/#\/schema\/logo\/image\/\",\"url\":\"https:\/\/www.ipsen.com\/france\/wp-content\/uploads\/sites\/15\/2024\/03\/Logo-Ipsen.svg\",\"contentUrl\":\"https:\/\/www.ipsen.com\/france\/wp-content\/uploads\/sites\/15\/2024\/03\/Logo-Ipsen.svg\",\"caption\":\"France\"},\"image\":{\"@id\":\"https:\/\/www.ipsen.com\/france\/#\/schema\/logo\/image\/\"}}]}<\/script>\n<!-- \/ Yoast SEO plugin. -->","yoast_head_json":{"title":"Conditions g\u00e9n\u00e9rales d'utilisation","description":"Conditions g\u00e9n\u00e9rales d'utilisation d'Ipsen France","robots":{"index":"index","follow":"follow","max-snippet":"max-snippet:-1","max-image-preview":"max-image-preview:large","max-video-preview":"max-video-preview:-1"},"canonical":"https:\/\/www.ipsen.com\/france\/conditions-generales-dutilisation\/","og_locale":"fr_FR","og_type":"article","og_title":"Conditions g\u00e9n\u00e9rales d'utilisation","og_description":"Conditions g\u00e9n\u00e9rales d'utilisation d'Ipsen France","og_url":"https:\/\/www.ipsen.com\/france\/conditions-generales-dutilisation\/","og_site_name":"France","article_modified_time":"2025-06-05T09:02:50+00:00","twitter_card":"summary_large_image","twitter_misc":{"Est. reading time":"6 minutes"},"schema":{"@context":"https:\/\/schema.org","@graph":[{"@type":"WebPage","@id":"https:\/\/www.ipsen.com\/france\/conditions-generales-dutilisation\/","url":"https:\/\/www.ipsen.com\/france\/conditions-generales-dutilisation\/","name":"Conditions g\u00e9n\u00e9rales d'utilisation","isPartOf":{"@id":"https:\/\/www.ipsen.com\/france\/#website"},"datePublished":"2024-03-14T05:53:02+00:00","dateModified":"2025-06-05T09:02:50+00:00","description":"Conditions g\u00e9n\u00e9rales d'utilisation d'Ipsen France","breadcrumb":{"@id":"https:\/\/www.ipsen.com\/france\/conditions-generales-dutilisation\/#breadcrumb"},"inLanguage":"fr-FR","potentialAction":[{"@type":"ReadAction","target":["https:\/\/www.ipsen.com\/france\/conditions-generales-dutilisation\/"]}]},{"@type":"BreadcrumbList","@id":"https:\/\/www.ipsen.com\/france\/conditions-generales-dutilisation\/#breadcrumb","itemListElement":[{"@type":"ListItem","position":1,"name":"Home","item":"https:\/\/www.ipsen.com\/france\/"},{"@type":"ListItem","position":2,"name":"Conditions g\u00e9n\u00e9rales d&rsquo;utilisation"}]},{"@type":"WebSite","@id":"https:\/\/www.ipsen.com\/france\/#website","url":"https:\/\/www.ipsen.com\/france\/","name":"France","description":"","publisher":{"@id":"https:\/\/www.ipsen.com\/france\/#organization"},"potentialAction":[{"@type":"SearchAction","target":{"@type":"EntryPoint","urlTemplate":"https:\/\/www.ipsen.com\/france\/?s={search_term_string}"},"query-input":{"@type":"PropertyValueSpecification","valueRequired":true,"valueName":"search_term_string"}}],"inLanguage":"fr-FR"},{"@type":"Organization","@id":"https:\/\/www.ipsen.com\/france\/#organization","name":"France","url":"https:\/\/www.ipsen.com\/france\/","logo":{"@type":"ImageObject","inLanguage":"fr-FR","@id":"https:\/\/www.ipsen.com\/france\/#\/schema\/logo\/image\/","url":"https:\/\/www.ipsen.com\/france\/wp-content\/uploads\/sites\/15\/2024\/03\/Logo-Ipsen.svg","contentUrl":"https:\/\/www.ipsen.com\/france\/wp-content\/uploads\/sites\/15\/2024\/03\/Logo-Ipsen.svg","caption":"France"},"image":{"@id":"https:\/\/www.ipsen.com\/france\/#\/schema\/logo\/image\/"}}]}},"parsely":{"version":"1.1.0","canonical_url":"https:\/\/ipsen.com\/france\/conditions-generales-dutilisation\/","smart_links":{"inbound":0,"outbound":0},"traffic_boost_suggestions_count":0,"meta":{"@context":"https:\/\/schema.org","@type":"WebPage","headline":"Conditions g\u00e9n\u00e9rales d&#8217;utilisation","url":"http:\/\/www.ipsen.com\/france\/conditions-generales-dutilisation\/","mainEntityOfPage":{"@type":"WebPage","@id":"http:\/\/www.ipsen.com\/france\/conditions-generales-dutilisation\/"},"thumbnailUrl":"","image":{"@type":"ImageObject","url":""},"articleSection":"Non classifi\u00e9(e)","author":[{"@type":"Person","name":"navya"}],"creator":["navya"],"publisher":{"@type":"Organization","name":"France","logo":""},"keywords":[],"dateCreated":"2024-03-14T05:53:02Z","datePublished":"2024-03-14T05:53:02Z","dateModified":"2025-06-05T09:02:50Z"},"rendered":"<script type=\"application\/ld+json\" class=\"wp-parsely-metadata\">{\"@context\":\"https:\\\/\\\/schema.org\",\"@type\":\"WebPage\",\"headline\":\"Conditions g\\u00e9n\\u00e9rales d&#8217;utilisation\",\"url\":\"http:\\\/\\\/www.ipsen.com\\\/france\\\/conditions-generales-dutilisation\\\/\",\"mainEntityOfPage\":{\"@type\":\"WebPage\",\"@id\":\"http:\\\/\\\/www.ipsen.com\\\/france\\\/conditions-generales-dutilisation\\\/\"},\"thumbnailUrl\":\"\",\"image\":{\"@type\":\"ImageObject\",\"url\":\"\"},\"articleSection\":\"Non classifi\\u00e9(e)\",\"author\":[{\"@type\":\"Person\",\"name\":\"navya\"}],\"creator\":[\"navya\"],\"publisher\":{\"@type\":\"Organization\",\"name\":\"France\",\"logo\":\"\"},\"keywords\":[],\"dateCreated\":\"2024-03-14T05:53:02Z\",\"datePublished\":\"2024-03-14T05:53:02Z\",\"dateModified\":\"2025-06-05T09:02:50Z\"}<\/script>","tracker_url":"https:\/\/cdn.parsely.com\/keys\/ipsen.com\/p.js"},"jetpack_sharing_enabled":true,"_links":{"self":[{"href":"https:\/\/www.ipsen.com\/france\/wp-json\/wp\/v2\/pages\/60","targetHints":{"allow":["GET"]}}],"collection":[{"href":"https:\/\/www.ipsen.com\/france\/wp-json\/wp\/v2\/pages"}],"about":[{"href":"https:\/\/www.ipsen.com\/france\/wp-json\/wp\/v2\/types\/page"}],"author":[{"embeddable":true,"href":"https:\/\/www.ipsen.com\/france\/wp-json\/wp\/v2\/users\/2"}],"replies":[{"embeddable":true,"href":"https:\/\/www.ipsen.com\/france\/wp-json\/wp\/v2\/comments?post=60"}],"version-history":[{"count":20,"href":"https:\/\/www.ipsen.com\/france\/wp-json\/wp\/v2\/pages\/60\/revisions"}],"predecessor-version":[{"id":1384,"href":"https:\/\/www.ipsen.com\/france\/wp-json\/wp\/v2\/pages\/60\/revisions\/1384"}],"wp:attachment":[{"href":"https:\/\/www.ipsen.com\/france\/wp-json\/wp\/v2\/media?parent=60"}],"curies":[{"name":"wp","href":"https:\/\/api.w.org\/{rel}","templated":true}]}}