{"id":55,"date":"2024-03-14T07:52:27","date_gmt":"2024-03-14T05:52:27","guid":{"rendered":"https:\/\/www.ipsen.com\/frn\/?page_id=55"},"modified":"2024-11-13T19:05:25","modified_gmt":"2024-11-13T17:05:25","slug":"politique-des-cookies","status":"publish","type":"page","link":"https:\/\/www.ipsen.com\/france\/politique-des-cookies\/","title":{"rendered":"Politique des Cookies"},"content":{"rendered":"    <section class=\"sub-page-banner \" style=\"background: linear-gradient(93.64deg, #224A81 2.99%, #2797D3 97.01%)\">\n        <div class=\"container content-sec\">\n            <nav aria-label=\"breadcrumb\">\n            <ol class=\"breadcrumb\">\n                <li class=\"breadcrumb-item\"><a href=\"https:\/\/www.ipsen.com\/france\">Accueil<\/a><\/li><li class=\"breadcrumb-item active\"><a class=\"link-pointer-events-none\" href=\"#\" aria-current=\"page\">Politique des Cookies<\/a><\/li><\/ol>\n            <\/nav>            <h1 class=\"visible\">Politique des Cookies<\/h1>\n            <p class=\"visible\">La pr\u00e9sente politique en mati\u00e8re de cookies explique comment nous utilisons des cookies et des technologies similaires sur ce site web et comment vous pouvez contr\u00f4ler l&#8217;utilisation de cookies facultatifs.Lorsque nous utilisons le terme &#8220;&#8221;cookies&#8221;&#8221;, nous faisons \u00e9galement r\u00e9f\u00e9rence \u00e0 des technologies similaires utilis\u00e9es sur nos sites web pour effectuer diff\u00e9rentes t\u00e2ches et suivre les activit\u00e9s.<\/p>\n        <\/div>\n    <\/section>\n\n\n\n<div class=\"wp-block-columns is-layout-flex wp-container-core-columns-is-layout-9d6595d7 wp-block-columns-is-layout-flex\">\n<div class=\"wp-block-column is-layout-flow wp-block-column-is-layout-flow\">\n<p><strong>Qu&#8217;est-ce qu&#8217;un cookie ?<\/strong><\/p>\n\n\n\n<p>Les cookies sont de petits fichiers texte contenant des identifiants d&#8217;utilisateur qui sont plac\u00e9s sur votre ordinateur ou votre appareil lorsque vous visitez un site web. Les cookies sont stock\u00e9s par le navigateur internet, qui les renvoie au site web \u00e0 chaque nouvelle visite. Cela permet au site web de reconna\u00eetre votre ordinateur ou votre appareil, ce qui signifie que l&#8217;op\u00e9rateur du site web peut observer votre activit\u00e9 sur le site afin de g\u00e9rer ou d&#8217;am\u00e9liorer le site web, ou de fournir une approche plus personnalis\u00e9e.<\/p>\n\n\n\n<p>Les informations collect\u00e9es \u00e0 l&#8217;aide des cookies ne permettent g\u00e9n\u00e9ralement pas de vous identifier directement. Cependant, certains cookies peuvent contenir des donn\u00e9es personnelles, telles que l&#8217;adresse IP, la date et l&#8217;heure de la visite sur le site web, le syst\u00e8me d&#8217;exploitation, le navigateur et la mani\u00e8re dont l&#8217;utilisateur acc\u00e8de au site web (voir l\u2019information sur la protection des donn\u00e9es \u00e0 caract\u00e8re personnel du site web pour plus d&#8217;informations sur la mani\u00e8re dont nous traitons vos donn\u00e9es personnelles, vos droits et comment nous contacter).<\/p>\n\n\n\n<p><strong>Types de cookies<\/strong><\/p>\n\n\n\n<p>Les cookies peuvent \u00eatre des &#8220;&#8221;cookies de session&#8221;&#8221; ou des &#8220;&#8221;cookies persistants&#8221;&#8221;. Les cookies de session permettent \u00e0 un site web de lier une s\u00e9rie de vos actions au cours d&#8217;une session de navigation, puis ils expirent apr\u00e8s cette session. Les cookies persistants restent sur votre ordinateur ou votre appareil entre les sessions, et peuvent \u00eatre utilis\u00e9s lorsque vous visitez \u00e0 nouveau ce site web pour effectuer certaines actions, comme se souvenir de vos pr\u00e9f\u00e9rences sur ce site web.<\/p>\n\n\n\n<p>Certains cookies sont consid\u00e9r\u00e9s comme strictement n\u00e9cessaires ; ces cookies sont utilis\u00e9s pour faciliter des t\u00e2ches essentielles sur le site web, comme aider les utilisateurs \u00e0 naviguer entre les pages de mani\u00e8re efficace et assurer le fonctionnement s\u00fbr et efficace du site web. D&#8217;autres cookies sont utilis\u00e9s pour g\u00e9rer les performances et suivre l&#8217;utilisation du site web. Ipsen utilise ces cookies sur ses sites web pour aider \u00e0 comprendre comment ses sites web sont utilis\u00e9s afin que de pouvoir continuellement les am\u00e9liorer et les d\u00e9velopper.<\/p>\n\n\n\n<p>Les cookies plac\u00e9s sur votre ordinateur ou votre appareil comprennent des cookies de &#8220;&#8221;interne&#8221;&#8221;, c&#8217;est-\u00e0-dire des cookies qui sont plac\u00e9s par Ipsen ou par des prestataires de services tiers agissant en notre nom. Lorsque ces cookies sont g\u00e9r\u00e9s par des tiers, nous n&#8217;autorisons ces derniers \u00e0 les utiliser uniquement \u00e0 nos fins, telles que d\u00e9crites dans la pr\u00e9sente politique en mati\u00e8re de cookies, et non \u00e0 leurs propres fins.<\/p>\n\n\n\n<p>Les cookies plac\u00e9s sur votre ordinateur ou votre appareil peuvent \u00e9galement inclure des cookies &#8220;&#8221; tiers &#8220;&#8221;, c&#8217;est-\u00e0-dire des cookies plac\u00e9s par des tiers. Ces cookies peuvent inclure des fournisseurs de r\u00e9seaux sociaux tiers qui proposent des fonctions &#8220;&#8221;J&#8217;aime&#8221;&#8221; ou &#8220;&#8221;Partager&#8221;&#8221;. Ils peuvent \u00e9galement inclure des tiers qui fournissent du contenu vid\u00e9o int\u00e9gr\u00e9 \u00e0 notre site web (comme YouTube). Veuillez consulter les conditions et politiques des sites web tiers pour de plus amples informations sur leur utilisation des cookies.<\/p>\n\n\n\n<p><strong>Quels sont les cookies utilis\u00e9s par ce site web ?<\/strong><\/p>\n\n\n\n<p>Ce site web utilise des cookies pour g\u00e9rer la navigation sur le site, ce qui est n\u00e9cessaire pour la fonctionnalit\u00e9 et la s\u00e9curit\u00e9 de l&#8217;utilisateur.<\/p>\n\n\n\n<p>Nous utilisons Piwik PRO Analytics Suite comme logiciel d&#8217;analyse de site web. Cet outil nous permet de collecter des donn\u00e9es sur les visiteurs du site Web, sur la base des cookies. Les informations collect\u00e9es peuvent inclure l&#8217;adresse IP du visiteur, le syst\u00e8me d&#8217;exploitation, l&#8217;identifiant du navigateur, l&#8217;activit\u00e9 de navigation et d&#8217;autres informations. Voir ce lien pour plus d&#8217;informations sur l&#8217;\u00e9tendue des donn\u00e9es collect\u00e9es par Piwik PRO.<\/p>\n\n\n\n<p>Nous calculons des mesures telles que le taux de rebond, les pages vues, les sessions et autres pour comprendre comment notre site Web est utilis\u00e9. Nous pouvons \u00e9galement cr\u00e9er des profils de visiteurs bas\u00e9s sur l&#8217;historique de navigation afin d&#8217;analyser le comportement des visiteurs, d&#8217;afficher un contenu personnalis\u00e9 et de nous aider \u00e0 am\u00e9liorer notre site Web. Piwik PRO n&#8217;envoie pas les donn\u00e9es vous concernant \u00e0 d&#8217;autres sous-traitants ou tiers et ne les utilise pas \u00e0 ses propres fins. Pour plus d&#8217;informations, lisez la politique de confidentialit\u00e9 de Piwik PRO.<\/p>\n\n\n\n<p><strong>Comment d\u00e9finir ou modifier les param\u00e8tres des cookies ?<\/strong><\/p>\n\n\n\n<p>En vertu de la directive europ\u00e9enne 2009\/136\/CE (et des lois locales sur la protection des donn\u00e9es relatives aux cookies), nous stockerons des cookies sur votre appareil s&#8217;ils sont strictement n\u00e9cessaires ou si nous sommes autoris\u00e9s \u00e0 d\u00e9ployer les cookies sur la base des exigences de votre pays. Lorsque les cookies sont &#8220;facultatifs&#8221;, nous ne les utiliserons que si vous y consentez.<\/p>\n\n\n\n<p>Vous aurez toujours le choix d&#8217;accepter ou non les cookies &#8220;facultatifs&#8221;. Lors de votre premi\u00e8re visite sur le site, des options de gestion des cookies vous seront propos\u00e9es. Vous pourrez accepter tous les cookies ou choisir ceux que vous souhaitez accepter ou refuser. Si vous refusez certains types de cookies, ceux-ci ne seront pas envoy\u00e9s \u00e0 votre appareil. Si vous souhaitez modifier vos choix en mati\u00e8re de cookies, vous pouvez <strong class=\"ot-sdk-show-settings\">cliquer ici<\/strong>.<\/p>\n\n\n\n<p>Vous pouvez \u00e9galement contr\u00f4ler les cookies par l&#8217;interm\u00e9diaire de la plupart des navigateurs web, dans les param\u00e8tres du navigateur. Vous pouvez choisir de bloquer ou de restreindre l&#8217;installation de cookies sur votre ordinateur ou votre appareil. Vous pouvez \u00e9galement consulter les cookies qui y ont \u00e9t\u00e9 plac\u00e9s et les d\u00e9sactiver. Pour en savoir plus sur la gestion des cookies, consultez les sites web suivants : <strong><a href=\"https:\/\/www.allaboutcookies.org\/\" target=\"_blank\" rel=\"noreferrer noopener\">All About Cookies\u00a0et Your Online Choices<\/a><\/strong> et <strong><a href=\"https:\/\/www.youronlinechoices.com\/\" target=\"_blank\" rel=\"noreferrer noopener\">All About Cookies\u00a0et Your Online Choices<\/a><\/strong>.<\/p>\n\n\n\n<p><strong>Pendant combien de temps les informations recueillies par les cookies sont-elles conserv\u00e9es ?<\/strong><\/p>\n\n\n\n<p>Les cookies sont programm\u00e9s pour expirer lorsque les informations ne sont plus n\u00e9cessaires ou apr\u00e8s une p\u00e9riode maximale de 13 mois.<\/p>\n\n\n\n<p><strong>Que se passe-t-il lorsque je partage sur des plateformes de m\u00e9dias sociaux ?<\/strong><\/p>\n\n\n\n<p>Si vous &#8221; partagez &#8221; le contenu d&#8217;Ipsen sur des r\u00e9seaux sociaux, tels que Facebook et Twitter, vous pouvez recevoir des cookies de ces sites web. Nous ne contr\u00f4lons pas la mise en place de ces cookies, veuillez donc consulter les sites web des tiers pour plus d&#8217;informations sur la fa\u00e7on de les g\u00e9rer.<\/p>\n\n\n\n<p><strong>Modifications de la politique en mati\u00e8re de cookies<\/strong><\/p>\n\n\n\n<p>Pour suivre l&#8217;\u00e9volution des lois et des pratiques recommand\u00e9es, nous pouvons \u00eatre amen\u00e9s \u00e0 modifier cette politique en mati\u00e8re de cookies de temps \u00e0 autre sans pr\u00e9avis. Nous vous invitons donc \u00e0 consulter r\u00e9guli\u00e8rement ce site web pour prendre connaissance de tout changement.<\/p>\n<\/div>\n<\/div>\n\n\n\n<!--Alert Card Layout Start Here-->\n<section class=\"alertcard-section\">\n      <div class=\"container\">\n        <!--Alert Box HTML Start Here-->\n        <div class=\"alert-box general-box\">\n                    <div class=\"info-icon\">\n              <span class=\"info-circle\"><img decoding=\"async\" src=\"https:\/\/www.ipsen.com\/france\/wp-content\/themes\/ipsen-main\/dist\/images\/alert-info-icon.png\" alt=\"Alert\"\/><\/i>\n            <\/div>\n                    <div class=\"info-contents\">\n          <h4 role=\"heading\" aria-level=\"2\" class=\"info-head heading-four heading-four\"><\/h4>\n            <p class=\"info-sub-head-para hidden heading-para\"><\/p>\n            <div class=\"alert-content visible\"><p>Derni\u00e8re mise \u00e0 jour juin 2023<\/p>\n<\/div>\n          <\/div>\n        <\/div>\n        <!--Alert Box HTML Start Here-->\n      <\/div>\n    <\/section>\n<!--Alert Card Layout End Here-->\n\n\n\n<!--Alert Card Layout Start Here-->\n<section class=\"alertcard-section\">\n      <div class=\"container\">\n        <!--Alert Box HTML Start Here-->\n        <div class=\"alert-box info-box\">\n                    <div class=\"info-icon\">\n              <span class=\"info-circle\"><img decoding=\"async\" src=\"https:\/\/www.ipsen.com\/france\/wp-content\/themes\/ipsen-main\/dist\/images\/alert-general-icon.png\" alt=\"Alert\"\/><\/i>\n            <\/div>\n                    <div class=\"info-contents\">\n          <h4 role=\"heading\" aria-level=\"2\" class=\"info-head heading-four heading-four\"><\/h4>\n            <p class=\"info-sub-head-para hidden heading-para\"><\/p>\n            <div class=\"alert-content visible\"><p>ALLSC-FR-001353 &#8211; juin 2024<\/p>\n<\/div>\n          <\/div>\n        <\/div>\n        <!--Alert Box HTML Start Here-->\n      <\/div>\n    <\/section>\n<!--Alert Card Layout End Here-->\n","protected":false},"excerpt":{"rendered":"","protected":false},"author":2,"featured_media":0,"parent":0,"menu_order":0,"comment_status":"closed","ping_status":"closed","template":"","meta":{"_acf_changed":false,"footnotes":""},"class_list":["post-55","page","type-page","status-publish","hentry","entry"],"acf":[],"yoast_head":"<!-- This site is optimized with the Yoast SEO plugin v26.8 - https:\/\/yoast.com\/product\/yoast-seo-wordpress\/ -->\n<title>Politique Cookies<\/title>\n<meta name=\"description\" content=\"Politique Cookies d&#039;Ipsen France\" \/>\n<meta name=\"robots\" content=\"index, follow, max-snippet:-1, max-image-preview:large, max-video-preview:-1\" \/>\n<link rel=\"canonical\" href=\"https:\/\/www.ipsen.com\/france\/politique-des-cookies\/\" \/>\n<meta property=\"og:locale\" content=\"fr_FR\" \/>\n<meta property=\"og:type\" content=\"article\" \/>\n<meta property=\"og:title\" content=\"Politique Cookies\" \/>\n<meta property=\"og:description\" content=\"Politique Cookies d&#039;Ipsen France\" \/>\n<meta property=\"og:url\" content=\"https:\/\/www.ipsen.com\/france\/politique-des-cookies\/\" \/>\n<meta property=\"og:site_name\" content=\"France\" \/>\n<meta property=\"article:modified_time\" content=\"2024-11-13T17:05:25+00:00\" \/>\n<meta name=\"twitter:card\" content=\"summary_large_image\" \/>\n<meta name=\"twitter:label1\" content=\"Est. reading time\" \/>\n\t<meta name=\"twitter:data1\" content=\"5 minutes\" \/>\n<script type=\"application\/ld+json\" class=\"yoast-schema-graph\">{\"@context\":\"https:\/\/schema.org\",\"@graph\":[{\"@type\":\"WebPage\",\"@id\":\"https:\/\/www.ipsen.com\/france\/politique-des-cookies\/\",\"url\":\"https:\/\/www.ipsen.com\/france\/politique-des-cookies\/\",\"name\":\"Politique Cookies\",\"isPartOf\":{\"@id\":\"https:\/\/www.ipsen.com\/france\/#website\"},\"datePublished\":\"2024-03-14T05:52:27+00:00\",\"dateModified\":\"2024-11-13T17:05:25+00:00\",\"description\":\"Politique Cookies d'Ipsen France\",\"breadcrumb\":{\"@id\":\"https:\/\/www.ipsen.com\/france\/politique-des-cookies\/#breadcrumb\"},\"inLanguage\":\"fr-FR\",\"potentialAction\":[{\"@type\":\"ReadAction\",\"target\":[\"https:\/\/www.ipsen.com\/france\/politique-des-cookies\/\"]}]},{\"@type\":\"BreadcrumbList\",\"@id\":\"https:\/\/www.ipsen.com\/france\/politique-des-cookies\/#breadcrumb\",\"itemListElement\":[{\"@type\":\"ListItem\",\"position\":1,\"name\":\"Home\",\"item\":\"https:\/\/www.ipsen.com\/france\/\"},{\"@type\":\"ListItem\",\"position\":2,\"name\":\"Politique des Cookies\"}]},{\"@type\":\"WebSite\",\"@id\":\"https:\/\/www.ipsen.com\/france\/#website\",\"url\":\"https:\/\/www.ipsen.com\/france\/\",\"name\":\"France\",\"description\":\"\",\"publisher\":{\"@id\":\"https:\/\/www.ipsen.com\/france\/#organization\"},\"potentialAction\":[{\"@type\":\"SearchAction\",\"target\":{\"@type\":\"EntryPoint\",\"urlTemplate\":\"https:\/\/www.ipsen.com\/france\/?s={search_term_string}\"},\"query-input\":{\"@type\":\"PropertyValueSpecification\",\"valueRequired\":true,\"valueName\":\"search_term_string\"}}],\"inLanguage\":\"fr-FR\"},{\"@type\":\"Organization\",\"@id\":\"https:\/\/www.ipsen.com\/france\/#organization\",\"name\":\"France\",\"url\":\"https:\/\/www.ipsen.com\/france\/\",\"logo\":{\"@type\":\"ImageObject\",\"inLanguage\":\"fr-FR\",\"@id\":\"https:\/\/www.ipsen.com\/france\/#\/schema\/logo\/image\/\",\"url\":\"https:\/\/www.ipsen.com\/france\/wp-content\/uploads\/sites\/15\/2024\/03\/Logo-Ipsen.svg\",\"contentUrl\":\"https:\/\/www.ipsen.com\/france\/wp-content\/uploads\/sites\/15\/2024\/03\/Logo-Ipsen.svg\",\"caption\":\"France\"},\"image\":{\"@id\":\"https:\/\/www.ipsen.com\/france\/#\/schema\/logo\/image\/\"}}]}<\/script>\n<!-- \/ Yoast SEO plugin. -->","yoast_head_json":{"title":"Politique Cookies","description":"Politique Cookies d'Ipsen France","robots":{"index":"index","follow":"follow","max-snippet":"max-snippet:-1","max-image-preview":"max-image-preview:large","max-video-preview":"max-video-preview:-1"},"canonical":"https:\/\/www.ipsen.com\/france\/politique-des-cookies\/","og_locale":"fr_FR","og_type":"article","og_title":"Politique Cookies","og_description":"Politique Cookies d'Ipsen France","og_url":"https:\/\/www.ipsen.com\/france\/politique-des-cookies\/","og_site_name":"France","article_modified_time":"2024-11-13T17:05:25+00:00","twitter_card":"summary_large_image","twitter_misc":{"Est. reading time":"5 minutes"},"schema":{"@context":"https:\/\/schema.org","@graph":[{"@type":"WebPage","@id":"https:\/\/www.ipsen.com\/france\/politique-des-cookies\/","url":"https:\/\/www.ipsen.com\/france\/politique-des-cookies\/","name":"Politique Cookies","isPartOf":{"@id":"https:\/\/www.ipsen.com\/france\/#website"},"datePublished":"2024-03-14T05:52:27+00:00","dateModified":"2024-11-13T17:05:25+00:00","description":"Politique Cookies d'Ipsen France","breadcrumb":{"@id":"https:\/\/www.ipsen.com\/france\/politique-des-cookies\/#breadcrumb"},"inLanguage":"fr-FR","potentialAction":[{"@type":"ReadAction","target":["https:\/\/www.ipsen.com\/france\/politique-des-cookies\/"]}]},{"@type":"BreadcrumbList","@id":"https:\/\/www.ipsen.com\/france\/politique-des-cookies\/#breadcrumb","itemListElement":[{"@type":"ListItem","position":1,"name":"Home","item":"https:\/\/www.ipsen.com\/france\/"},{"@type":"ListItem","position":2,"name":"Politique des Cookies"}]},{"@type":"WebSite","@id":"https:\/\/www.ipsen.com\/france\/#website","url":"https:\/\/www.ipsen.com\/france\/","name":"France","description":"","publisher":{"@id":"https:\/\/www.ipsen.com\/france\/#organization"},"potentialAction":[{"@type":"SearchAction","target":{"@type":"EntryPoint","urlTemplate":"https:\/\/www.ipsen.com\/france\/?s={search_term_string}"},"query-input":{"@type":"PropertyValueSpecification","valueRequired":true,"valueName":"search_term_string"}}],"inLanguage":"fr-FR"},{"@type":"Organization","@id":"https:\/\/www.ipsen.com\/france\/#organization","name":"France","url":"https:\/\/www.ipsen.com\/france\/","logo":{"@type":"ImageObject","inLanguage":"fr-FR","@id":"https:\/\/www.ipsen.com\/france\/#\/schema\/logo\/image\/","url":"https:\/\/www.ipsen.com\/france\/wp-content\/uploads\/sites\/15\/2024\/03\/Logo-Ipsen.svg","contentUrl":"https:\/\/www.ipsen.com\/france\/wp-content\/uploads\/sites\/15\/2024\/03\/Logo-Ipsen.svg","caption":"France"},"image":{"@id":"https:\/\/www.ipsen.com\/france\/#\/schema\/logo\/image\/"}}]}},"parsely":{"version":"1.1.0","canonical_url":"https:\/\/ipsen.com\/france\/politique-des-cookies\/","smart_links":{"inbound":0,"outbound":0},"traffic_boost_suggestions_count":0,"meta":{"@context":"https:\/\/schema.org","@type":"WebPage","headline":"Politique des Cookies","url":"http:\/\/www.ipsen.com\/france\/politique-des-cookies\/","mainEntityOfPage":{"@type":"WebPage","@id":"http:\/\/www.ipsen.com\/france\/politique-des-cookies\/"},"thumbnailUrl":"","image":{"@type":"ImageObject","url":""},"articleSection":"Non classifi\u00e9(e)","author":[{"@type":"Person","name":"navya"}],"creator":["navya"],"publisher":{"@type":"Organization","name":"France","logo":""},"keywords":[],"dateCreated":"2024-03-14T05:52:27Z","datePublished":"2024-03-14T05:52:27Z","dateModified":"2024-11-13T17:05:25Z"},"rendered":"<script type=\"application\/ld+json\" class=\"wp-parsely-metadata\">{\"@context\":\"https:\\\/\\\/schema.org\",\"@type\":\"WebPage\",\"headline\":\"Politique des Cookies\",\"url\":\"http:\\\/\\\/www.ipsen.com\\\/france\\\/politique-des-cookies\\\/\",\"mainEntityOfPage\":{\"@type\":\"WebPage\",\"@id\":\"http:\\\/\\\/www.ipsen.com\\\/france\\\/politique-des-cookies\\\/\"},\"thumbnailUrl\":\"\",\"image\":{\"@type\":\"ImageObject\",\"url\":\"\"},\"articleSection\":\"Non classifi\\u00e9(e)\",\"author\":[{\"@type\":\"Person\",\"name\":\"navya\"}],\"creator\":[\"navya\"],\"publisher\":{\"@type\":\"Organization\",\"name\":\"France\",\"logo\":\"\"},\"keywords\":[],\"dateCreated\":\"2024-03-14T05:52:27Z\",\"datePublished\":\"2024-03-14T05:52:27Z\",\"dateModified\":\"2024-11-13T17:05:25Z\"}<\/script>","tracker_url":"https:\/\/cdn.parsely.com\/keys\/ipsen.com\/p.js"},"jetpack_sharing_enabled":true,"_links":{"self":[{"href":"https:\/\/www.ipsen.com\/france\/wp-json\/wp\/v2\/pages\/55","targetHints":{"allow":["GET"]}}],"collection":[{"href":"https:\/\/www.ipsen.com\/france\/wp-json\/wp\/v2\/pages"}],"about":[{"href":"https:\/\/www.ipsen.com\/france\/wp-json\/wp\/v2\/types\/page"}],"author":[{"embeddable":true,"href":"https:\/\/www.ipsen.com\/france\/wp-json\/wp\/v2\/users\/2"}],"replies":[{"embeddable":true,"href":"https:\/\/www.ipsen.com\/france\/wp-json\/wp\/v2\/comments?post=55"}],"version-history":[{"count":20,"href":"https:\/\/www.ipsen.com\/france\/wp-json\/wp\/v2\/pages\/55\/revisions"}],"predecessor-version":[{"id":1407,"href":"https:\/\/www.ipsen.com\/france\/wp-json\/wp\/v2\/pages\/55\/revisions\/1407"}],"wp:attachment":[{"href":"https:\/\/www.ipsen.com\/france\/wp-json\/wp\/v2\/media?parent=55"}],"curies":[{"name":"wp","href":"https:\/\/api.w.org\/{rel}","templated":true}]}}