{"id":462,"date":"2024-04-17T07:13:41","date_gmt":"2024-04-17T05:13:41","guid":{"rendered":"https:\/\/www.ipsen.com\/frn\/?page_id=462"},"modified":"2025-06-05T11:26:25","modified_gmt":"2025-06-05T09:26:25","slug":"politique-de-confidentialite-pharmacovigilance-information-medicale-et-reclamation-qualite","status":"publish","type":"page","link":"https:\/\/www.ipsen.com\/france\/mentions-dinformation\/politique-de-confidentialite-pharmacovigilance-information-medicale-et-reclamation-qualite\/","title":{"rendered":"Politique de confidentialit\u00e9 vigilances, information m\u00e9dicale et r\u00e9clamation qualit\u00e9"},"content":{"rendered":"    <section class=\"sub-page-banner \" style=\"background: linear-gradient(93.64deg, #224A81 2.99%, #2797D3 97.01%)\">\n        <div class=\"container content-sec\">\n            <nav aria-label=\"breadcrumb\">\n            <ol class=\"breadcrumb\">\n                <li class=\"breadcrumb-item\"><a href=\"https:\/\/www.ipsen.com\/france\">Accueil<\/a><\/li><li class=\"breadcrumb-item visible\"><a href=\"https:\/\/www.ipsen.com\/france\/mentions-dinformation\/\">Mentions d&#8217;information<\/a><\/li><li class=\"breadcrumb-item active\"><a class=\"link-pointer-events-none\" href=\"#\" aria-current=\"page\">Politique de confidentialit\u00e9 vigilances, information m\u00e9dicale et r\u00e9clamation qualit\u00e9<\/a><\/li><\/ol>\n            <\/nav>            <h1 class=\"visible\">Politique de confidentialit\u00e9 vigilances, information m\u00e9dicale et r\u00e9clamation qualit\u00e9<\/h1>\n            <p class=\"hidden\"><\/p>\n        <\/div>\n    <\/section>\n\n\n\n<div class=\"wp-block-columns is-layout-flex wp-container-core-columns-is-layout-9d6595d7 wp-block-columns-is-layout-flex\">\n<div class=\"wp-block-column is-layout-flow wp-block-column-is-layout-flow\">\n<p><strong>Finalit\u00e9s<\/strong><\/p>\n\n\n\n<p>Vos donn\u00e9es personnelles en tant que notificateur et\/ou en tant que patient font l\u2019objet d\u2019un traitement par Ipsen Pharma SAS aux fins de gestion de votre notification de pharmacovigilance dans le cadre de la pr\u00e9vention, surveillance, \u00e9valuation, gestion des \u00e9v\u00e8nements sanitaires ind\u00e9sirables mis en place par Ipsen Pharma SAS, aux fins de r\u00e9ponse, gestion et suivi de votre demande d\u2019information m\u00e9dicale, ainsi qu\u2019 aux fins de gestion de votre r\u00e9clamation concernant la qualit\u00e9 d\u2019un produit Ipsen Pharma SAS dans le cadre du suivi et du retrait \u00e9ventuel des lots mis en place par Ipsen Pharma SAS.<\/p>\n\n\n\n<p><strong>Base l\u00e9gale<\/strong><\/p>\n\n\n\n<p>Le traitement concernant une notification de pharmacovigilance et de mat\u00e9riovigilance est n\u00e9cessaire au respect d&#8217;une obligation l\u00e9gale \u00e0 laquelle Ipsen Pharma SAS est soumis.<\/p>\n\n\n\n<p>Le traitement concernant une demande d\u2019information m\u00e9dicale est n\u00e9cessaire au respect d&#8217;une obligation l\u00e9gale \u00e0 laquelle Ipsen Pharma SAS est soumis.<\/p>\n\n\n\n<p>Le traitement concernant une r\u00e9clamation sur la qualit\u00e9 d\u2019un produit IPSEN est n\u00e9cessaire au respect d\u2019une obligation l\u00e9gale \u00e0 laquelle Ipsen Pharma SAS est soumis.<\/p>\n\n\n\n<p>Le traitement de cat\u00e9gories particuli\u00e8res de donn\u00e9es, telles que les donn\u00e9es de sant\u00e9 (lorsque vous \u00eates un patient), est n\u00e9cessaire pour des motifs d&#8217;int\u00e9r\u00eat public dans le domaine de la sant\u00e9 publique.<\/p>\n\n\n\n<p><strong>Donn\u00e9es trait\u00e9es<\/strong><\/p>\n\n\n\n<p>Lorsque vous notifiez un effet ind\u00e9sirable ou une situation particuli\u00e8re, un incident, que vous sollicitez Ipsen Pharma SAS dans le cadre d\u2019une demande d\u2019information m\u00e9dicale ou que vous faites une r\u00e9clamation concernant la qualit\u00e9 d\u2019un produit Ipsen Pharma SAS, nous traitons votre identit\u00e9 compl\u00e8te (nom, pr\u00e9nom) ainsi que vos coordonn\u00e9es et votre sp\u00e9cialit\u00e9, si vous \u00eates un professionnel de sant\u00e9.<\/p>\n\n\n\n<p>Pour chaque cas de pharmacovigilance \/mat\u00e9riovigilance que nous recevons, nous collectons les donn\u00e9es suivantes relatives au patient (qu\u2019il soit ou non notificateur)&nbsp;: initiales ou num\u00e9ro d\u2019identification (code), informations signal\u00e9tiques (\u00e2ge, ann\u00e9e ou date de naissance, sexe, poids, taille), donn\u00e9es de sant\u00e9 telles que les traitements administr\u00e9s, r\u00e9sultats d\u2019examens, nature des effets ind\u00e9sirables ou incidents, ant\u00e9c\u00e9dents personnels ou familiaux, maladies ou \u00e9v\u00e9nements associ\u00e9s, facteurs de risque, informations relatives \u00e0 l\u2019ascendance et \u00e0 la descendance, donn\u00e9es relatives \u00e0 la vie professionnelle,&nbsp;habitudes de vie et comportements, mode de vie.<\/p>\n\n\n\n<p>Seules les donn\u00e9es ad\u00e9quates, pertinentes et limit\u00e9es n\u00e9cessaires \u00e0 l\u2019analyse du cas de pharmacovigilance, \u00e0 l\u2019incident de mat\u00e9riovigilance, pour r\u00e9pondre \u00e0 la demande d\u2019information m\u00e9dicale ou pour traiter votre r\u00e9clamation li\u00e9e \u00e0 la qualit\u00e9 d\u2019un produit sont collect\u00e9es.<\/p>\n\n\n\n<p><strong>Source des donn\u00e9es<\/strong><\/p>\n\n\n\n<p>Vos donn\u00e9es peuvent \u00eatre collect\u00e9es directement aupr\u00e8s de vous, lorsque vous notifiez un effet ind\u00e9sirable, un incident, que vous sollicitez Ipsen Pharma SAS dans le cadre d\u2019une demande d\u2019information m\u00e9dicale ou que vous faites une r\u00e9clamation concernant la qualit\u00e9 d\u2019un produit Ipsen Phama SAS et que nous sommes en contact direct avec vous.<\/p>\n\n\n\n<p>Vos donn\u00e9es peuvent \u00eatre collect\u00e9es aupr\u00e8s des prestataires en charge de la r\u00e9alisation des enqu\u00eates ou \u00e9tudes de march\u00e9, lorsque vous \u00eates un professionnel de sant\u00e9 ou un patient participant \u00e0 une \u00e9tude de march\u00e9 ou une enqu\u00eate et que vous notifiez un effet ind\u00e9sirable et\/ou une situation particuli\u00e8re dans ce cadre. Avant le d\u00e9but de toute enqu\u00eate ou \u00e9tude \u00e0 laquelle vous participez, vous pouvez indiquer \u00e0 la soci\u00e9t\u00e9 prestataire si vous acceptez que votre identit\u00e9 et vos coordonn\u00e9es soient r\u00e9v\u00e9l\u00e9es \u00e0 Ipsen Pharma SAS ou si elles doivent rester confidentielles.<\/p>\n\n\n\n<p>Vos donn\u00e9es peuvent \u00e9galement \u00eatre collect\u00e9es aupr\u00e8s du notificateur de l\u2019effet ind\u00e9sirable si vous \u00eates un patient (ayant pr\u00e9sent\u00e9 l\u2019effet ind\u00e9sirable) ou si vous \u00eates un professionnel de sant\u00e9 pouvant fournir un compl\u00e9ment d\u2019informations.<\/p>\n\n\n\n<p>Enfin, nous sommes tenus de recueillir les effets ind\u00e9sirables qui peuvent \u00eatre publi\u00e9s dans la litt\u00e9rature ou mentionn\u00e9s sur un site internet ou une application en ligne qui rel\u00e8ve de notre responsabilit\u00e9 (blog, forum de discussion, commentaire sur une application mobile, etc.).<\/p>\n\n\n\n<p><strong>Destinataires et transferts hors UE<\/strong><\/p>\n\n\n\n<p>Vos donn\u00e9es sont accessibles aux services d\u2019Ipsen Pharma SAS et des autres entit\u00e9s du groupe Ipsen en charge de la pharmacovigilance (bas\u00e9es en Europe et aux Etats-Unis), aux prestataires en pharmacovigilance agissant pour leur compte pour la mise \u00e0 disposition d\u2019une base de pharmacovigilance centralis\u00e9e ou pour la gestion des notifications (bas\u00e9s en France ou aux Etats-Unis) aux professionnels de sant\u00e9 en mesure de fournir des compl\u00e9ments d&#8217;information utiles, aux laboratoires tiers dont un m\u00e9dicament serait concern\u00e9, ainsi qu&#8217;aux autorit\u00e9s de sant\u00e9. Certaines donn\u00e9es peuvent \u00e9galement \u00eatre transmises aux d\u00e9partements d\u2019Ipsen Pharma SAS en charge de l&#8217;information m\u00e9dicale ou de l&#8217;assurance qualit\u00e9 si votre notification est associ\u00e9e \u00e0 une demande d&#8217;information m\u00e9dicale ou une r\u00e9clamation qualit\u00e9.<\/p>\n\n\n\n<p>Lorsque la notification concerne une autre entit\u00e9 du groupe Ipsen ou un laboratoire tiers, la notification est enregistr\u00e9e par Ipsen Pharma SAS et transmise \u00e0 l\u2019entit\u00e9 concern\u00e9e.<\/p>\n\n\n\n<p>Le transfert de vos donn\u00e9es vers des pays tiers est encadr\u00e9 par la signature de clauses contractuelles types approuv\u00e9es par la Commission europ\u00e9enne afin que vos donn\u00e9es continuent \u00e0 b\u00e9n\u00e9ficier d\u2019un niveau de protection appropri\u00e9.<\/p>\n\n\n\n<p><strong>Dur\u00e9e de conservation<\/strong><\/p>\n\n\n\n<p>Vos donn\u00e9es li\u00e9es \u00e0 la pharmacovigilance seront conserv\u00e9es en archivage interm\u00e9diaire pendant la dur\u00e9e l\u00e9gale applicable \u00e0 chaque vigilance sanitaire et en tout \u00e9tat de cause pendant une dur\u00e9e maximale de 70 ans suivant la fin de commercialisation du m\u00e9dicament concern\u00e9.<\/p>\n\n\n\n<p>Vos donn\u00e9es li\u00e9es \u00e0 la mat\u00e9riovigilance seront conserv\u00e9es pendant une dur\u00e9e de 10 ans.<\/p>\n\n\n\n<p>Vos donn\u00e9es li\u00e9es \u00e0 l\u2019information m\u00e9dicale seront conserv\u00e9es en base active pendant une dur\u00e9e de 1 an et 20 ans en archivage interm\u00e9diaire.<\/p>\n\n\n\n<p>Vos donn\u00e9es li\u00e9es aux r\u00e9clamations qualit\u00e9 seront conserv\u00e9es en base active pendant une dur\u00e9e de 5 ans et 10 ans en archivage interm\u00e9diaire.&nbsp;&nbsp;&nbsp;<\/p>\n\n\n\n<p><strong>Caract\u00e8re r\u00e9glementaire de la fourniture des donn\u00e9es<\/strong><\/p>\n\n\n\n<p>Le traitement de vos donn\u00e9es pr\u00e9sente un caract\u00e8re r\u00e9glementaire et un int\u00e9r\u00eat majeur de sant\u00e9 publique.<\/p>\n\n\n\n<p>Toutefois, la non-fourniture de vos donn\u00e9es n\u2019aura pas d\u2019impact significatif \u00e0 votre \u00e9gard de la part d\u2019Ipsen Pharma SAS et en tant que patient, elle n\u2019aura pas d\u2019impact sur votre prise en charge m\u00e9dicale ou votre relation avec votre professionnel de sant\u00e9.<\/p>\n\n\n\n<p><strong>Vos droits<\/strong><\/p>\n\n\n\n<p>Vous pouvez acc\u00e9der \u00e0 vos donn\u00e9es, demander leur rectification ou demander la limitation de leur traitement.<\/p>\n\n\n\n<p>La pharmacovigilance, les r\u00e9clamations qualit\u00e9 et l\u2019information m\u00e9dicale relevant d\u2019obligations l\u00e9gales d\u2019Ipsen Pharma SAS, le traitement de donn\u00e9es correspondant ne peut pas faire l\u2019objet d\u2019une demande d\u2019opposition, d\u2019effacement ou de portabilit\u00e9.<\/p>\n\n\n\n<p>Vous pouvez exercer vos droits en compl\u00e9tant ce <a><\/a><a href=\"https:\/\/privacyportal-de.onetrust.com\/webform\/6b1542cd-1d95-4ee9-98ba-5b2e7639eaac\/6c7a3ff4-c078-4035-a018-76293fe3e8a9\">formulaire<\/a>.<\/p>\n\n\n\n<p>Vous pouvez, \u00e0 tout moment, introduire une r\u00e9clamation aupr\u00e8s d\u2019une autorit\u00e9 de contr\u00f4le en particulier dans l&#8217;\u00c9tat membre dans lequel se trouve votre r\u00e9sidence habituelle, votre lieu de travail ou le lieu o\u00f9 vous estimez qu\u2019une violation de la r\u00e9glementation aurait \u00e9t\u00e9 commise (par exemple, la <a href=\"https:\/\/www.cnil.fr\">CNIL<\/a>).<\/p>\n\n\n\n<p>Les patients n\u2019\u00e9tant pas eux-m\u00eames \u00e0 l\u2019origine de la notification peuvent exercer leurs droits aupr\u00e8s d\u2019Ipsen Pharma SAS directement ou par l&#8217;interm\u00e9diaire du notificateur, ainsi que par l\u2019interm\u00e9diaire du professionnel de sant\u00e9 de leur choix.<\/p>\n\n\n\n<p><strong>Note \u00e0 l&#8217;attention des notificateurs hors patients<\/strong><\/p>\n\n\n\n<p>Lorsque vous notifiez un cas de pharmacovigilance pour un patient qui subit l\u2019\u00e9v\u00e8nement ind\u00e9sirable, Ipsen Pharma SAS n\u2019ayant pas acc\u00e8s \u00e0 l\u2019identit\u00e9 compl\u00e8te du patient, nous vous prions de bien vouloir l\u2019informer de l\u2019existence de la pr\u00e9sente mention sur notre site internet et lui recommander d&#8217;en prendre connaissance. Nous vous prions de bien vouloir nous confirmer, par \u00e9crit, le respect de ces dispositions.<\/p>\n\n\n\n<p><strong>Contact<\/strong><\/p>\n\n\n\n<p><strong>Pour toute question ou information compl\u00e9mentaire, vous pouvez nous contacter aux coordonn\u00e9es suivantes :<\/strong><\/p>\n\n\n\n<p>Ipsen Pharma SAS (responsable de traitement)<\/p>\n\n\n\n<p>Adresse : 70 rue Balard, 75015 Paris<\/p>\n\n\n\n<p>T\u00e9l\u00e9phone : 01 58 33 50 00<\/p>\n\n\n\n<p>Email : <strong><a href=\"mailto:dataprivacy@ipsen.com\">dataprivacy@ipsen.com<\/a><\/strong><\/p>\n<\/div>\n<\/div>\n\n\n\n<!--Alert Card Layout Start Here-->\n<section class=\"alertcard-section\">\n      <div class=\"container\">\n        <!--Alert Box HTML Start Here-->\n        <div class=\"alert-box general-box\">\n                    <div class=\"info-icon\">\n              <span class=\"info-circle\"><img decoding=\"async\" src=\"https:\/\/www.ipsen.com\/france\/wp-content\/themes\/ipsen-main\/dist\/images\/alert-info-icon.png\" alt=\"Alert\"\/><\/i>\n            <\/div>\n                    <div class=\"info-contents\">\n          <h4 role=\"heading\" aria-level=\"2\" class=\"info-head heading-four heading-four\"><\/h4>\n            <p class=\"info-sub-head-para hidden heading-para\"><\/p>\n            <div class=\"alert-content visible\"><p>Derni\u00e8re mise \u00e0 jour avril 2025<\/p>\n<\/div>\n          <\/div>\n        <\/div>\n        <!--Alert Box HTML Start Here-->\n      <\/div>\n    <\/section>\n<!--Alert Card Layout End Here-->\n\n\n\n<!--Alert Card Layout Start Here-->\n<section class=\"alertcard-section\">\n      <div class=\"container\">\n        <!--Alert Box HTML Start Here-->\n        <div class=\"alert-box info-box\">\n                    <div class=\"info-icon\">\n              <span class=\"info-circle\"><img decoding=\"async\" src=\"https:\/\/www.ipsen.com\/france\/wp-content\/themes\/ipsen-main\/dist\/images\/alert-general-icon.png\" alt=\"Alert\"\/><\/i>\n            <\/div>\n                    <div class=\"info-contents\">\n          <h4 role=\"heading\" aria-level=\"2\" class=\"info-head heading-four heading-four\"><\/h4>\n            <p class=\"info-sub-head-para hidden heading-para\"><\/p>\n            <div class=\"alert-content visible\"><p>ALLSC-FR-000887\u00a0 V3.0 \u2013 avril 2025<\/p>\n<\/div>\n          <\/div>\n        <\/div>\n        <!--Alert Box HTML Start Here-->\n      <\/div>\n    <\/section>\n<!--Alert Card Layout End Here-->\n","protected":false},"excerpt":{"rendered":"","protected":false},"author":2,"featured_media":0,"parent":52,"menu_order":0,"comment_status":"closed","ping_status":"closed","template":"","meta":{"_acf_changed":false,"footnotes":""},"class_list":["post-462","page","type-page","status-publish","hentry","entry"],"acf":[],"yoast_head":"<!-- This site is optimized with the Yoast SEO plugin v26.8 - https:\/\/yoast.com\/product\/yoast-seo-wordpress\/ -->\n<title>Politique de confidentialit\u00e9 Pharmacovigilance, Information M\u00e9dicale et R\u00e9clamation Qualit\u00e9<\/title>\n<meta name=\"description\" content=\"Politique de confidentialit\u00e9 Pharmacovigilance, Information M\u00e9dicale et R\u00e9clamation Qualit\u00e9\" \/>\n<meta name=\"robots\" content=\"index, follow, max-snippet:-1, max-image-preview:large, max-video-preview:-1\" \/>\n<link rel=\"canonical\" href=\"https:\/\/www.ipsen.com\/france\/mentions-dinformation\/politique-de-confidentialite-pharmacovigilance-information-medicale-et-reclamation-qualite\/\" \/>\n<meta property=\"og:locale\" content=\"fr_FR\" \/>\n<meta property=\"og:type\" content=\"article\" \/>\n<meta property=\"og:title\" content=\"Politique de confidentialit\u00e9 Pharmacovigilance, Information M\u00e9dicale et R\u00e9clamation Qualit\u00e9\" \/>\n<meta property=\"og:description\" content=\"Politique de confidentialit\u00e9 Pharmacovigilance, Information M\u00e9dicale et R\u00e9clamation Qualit\u00e9\" \/>\n<meta property=\"og:url\" content=\"https:\/\/www.ipsen.com\/france\/mentions-dinformation\/politique-de-confidentialite-pharmacovigilance-information-medicale-et-reclamation-qualite\/\" \/>\n<meta property=\"og:site_name\" content=\"France\" \/>\n<meta property=\"article:modified_time\" content=\"2025-06-05T09:26:25+00:00\" \/>\n<meta name=\"twitter:card\" content=\"summary_large_image\" \/>\n<meta name=\"twitter:label1\" content=\"Est. reading time\" \/>\n\t<meta name=\"twitter:data1\" content=\"7 minutes\" \/>\n<script type=\"application\/ld+json\" class=\"yoast-schema-graph\">{\"@context\":\"https:\/\/schema.org\",\"@graph\":[{\"@type\":\"WebPage\",\"@id\":\"https:\/\/www.ipsen.com\/france\/mentions-dinformation\/politique-de-confidentialite-pharmacovigilance-information-medicale-et-reclamation-qualite\/\",\"url\":\"https:\/\/www.ipsen.com\/france\/mentions-dinformation\/politique-de-confidentialite-pharmacovigilance-information-medicale-et-reclamation-qualite\/\",\"name\":\"Politique de confidentialit\u00e9 Pharmacovigilance, Information M\u00e9dicale et R\u00e9clamation Qualit\u00e9\",\"isPartOf\":{\"@id\":\"https:\/\/www.ipsen.com\/france\/#website\"},\"datePublished\":\"2024-04-17T05:13:41+00:00\",\"dateModified\":\"2025-06-05T09:26:25+00:00\",\"description\":\"Politique de confidentialit\u00e9 Pharmacovigilance, Information M\u00e9dicale et R\u00e9clamation Qualit\u00e9\",\"breadcrumb\":{\"@id\":\"https:\/\/www.ipsen.com\/france\/mentions-dinformation\/politique-de-confidentialite-pharmacovigilance-information-medicale-et-reclamation-qualite\/#breadcrumb\"},\"inLanguage\":\"fr-FR\",\"potentialAction\":[{\"@type\":\"ReadAction\",\"target\":[\"https:\/\/www.ipsen.com\/france\/mentions-dinformation\/politique-de-confidentialite-pharmacovigilance-information-medicale-et-reclamation-qualite\/\"]}]},{\"@type\":\"BreadcrumbList\",\"@id\":\"https:\/\/www.ipsen.com\/france\/mentions-dinformation\/politique-de-confidentialite-pharmacovigilance-information-medicale-et-reclamation-qualite\/#breadcrumb\",\"itemListElement\":[{\"@type\":\"ListItem\",\"position\":1,\"name\":\"Home\",\"item\":\"https:\/\/www.ipsen.com\/france\/\"},{\"@type\":\"ListItem\",\"position\":2,\"name\":\"Mentions d&#8217;information\",\"item\":\"https:\/\/www.ipsen.com\/france\/mentions-dinformation\/\"},{\"@type\":\"ListItem\",\"position\":3,\"name\":\"Politique de confidentialit\u00e9 vigilances, information m\u00e9dicale et r\u00e9clamation qualit\u00e9\"}]},{\"@type\":\"WebSite\",\"@id\":\"https:\/\/www.ipsen.com\/france\/#website\",\"url\":\"https:\/\/www.ipsen.com\/france\/\",\"name\":\"France\",\"description\":\"\",\"publisher\":{\"@id\":\"https:\/\/www.ipsen.com\/france\/#organization\"},\"potentialAction\":[{\"@type\":\"SearchAction\",\"target\":{\"@type\":\"EntryPoint\",\"urlTemplate\":\"https:\/\/www.ipsen.com\/france\/?s={search_term_string}\"},\"query-input\":{\"@type\":\"PropertyValueSpecification\",\"valueRequired\":true,\"valueName\":\"search_term_string\"}}],\"inLanguage\":\"fr-FR\"},{\"@type\":\"Organization\",\"@id\":\"https:\/\/www.ipsen.com\/france\/#organization\",\"name\":\"France\",\"url\":\"https:\/\/www.ipsen.com\/france\/\",\"logo\":{\"@type\":\"ImageObject\",\"inLanguage\":\"fr-FR\",\"@id\":\"https:\/\/www.ipsen.com\/france\/#\/schema\/logo\/image\/\",\"url\":\"https:\/\/www.ipsen.com\/france\/wp-content\/uploads\/sites\/15\/2024\/03\/Logo-Ipsen.svg\",\"contentUrl\":\"https:\/\/www.ipsen.com\/france\/wp-content\/uploads\/sites\/15\/2024\/03\/Logo-Ipsen.svg\",\"caption\":\"France\"},\"image\":{\"@id\":\"https:\/\/www.ipsen.com\/france\/#\/schema\/logo\/image\/\"}}]}<\/script>\n<!-- \/ Yoast SEO plugin. -->","yoast_head_json":{"title":"Politique de confidentialit\u00e9 Pharmacovigilance, Information M\u00e9dicale et R\u00e9clamation Qualit\u00e9","description":"Politique de confidentialit\u00e9 Pharmacovigilance, Information M\u00e9dicale et R\u00e9clamation Qualit\u00e9","robots":{"index":"index","follow":"follow","max-snippet":"max-snippet:-1","max-image-preview":"max-image-preview:large","max-video-preview":"max-video-preview:-1"},"canonical":"https:\/\/www.ipsen.com\/france\/mentions-dinformation\/politique-de-confidentialite-pharmacovigilance-information-medicale-et-reclamation-qualite\/","og_locale":"fr_FR","og_type":"article","og_title":"Politique de confidentialit\u00e9 Pharmacovigilance, Information M\u00e9dicale et R\u00e9clamation Qualit\u00e9","og_description":"Politique de confidentialit\u00e9 Pharmacovigilance, Information M\u00e9dicale et R\u00e9clamation Qualit\u00e9","og_url":"https:\/\/www.ipsen.com\/france\/mentions-dinformation\/politique-de-confidentialite-pharmacovigilance-information-medicale-et-reclamation-qualite\/","og_site_name":"France","article_modified_time":"2025-06-05T09:26:25+00:00","twitter_card":"summary_large_image","twitter_misc":{"Est. reading time":"7 minutes"},"schema":{"@context":"https:\/\/schema.org","@graph":[{"@type":"WebPage","@id":"https:\/\/www.ipsen.com\/france\/mentions-dinformation\/politique-de-confidentialite-pharmacovigilance-information-medicale-et-reclamation-qualite\/","url":"https:\/\/www.ipsen.com\/france\/mentions-dinformation\/politique-de-confidentialite-pharmacovigilance-information-medicale-et-reclamation-qualite\/","name":"Politique de confidentialit\u00e9 Pharmacovigilance, Information M\u00e9dicale et R\u00e9clamation Qualit\u00e9","isPartOf":{"@id":"https:\/\/www.ipsen.com\/france\/#website"},"datePublished":"2024-04-17T05:13:41+00:00","dateModified":"2025-06-05T09:26:25+00:00","description":"Politique de confidentialit\u00e9 Pharmacovigilance, Information M\u00e9dicale et R\u00e9clamation Qualit\u00e9","breadcrumb":{"@id":"https:\/\/www.ipsen.com\/france\/mentions-dinformation\/politique-de-confidentialite-pharmacovigilance-information-medicale-et-reclamation-qualite\/#breadcrumb"},"inLanguage":"fr-FR","potentialAction":[{"@type":"ReadAction","target":["https:\/\/www.ipsen.com\/france\/mentions-dinformation\/politique-de-confidentialite-pharmacovigilance-information-medicale-et-reclamation-qualite\/"]}]},{"@type":"BreadcrumbList","@id":"https:\/\/www.ipsen.com\/france\/mentions-dinformation\/politique-de-confidentialite-pharmacovigilance-information-medicale-et-reclamation-qualite\/#breadcrumb","itemListElement":[{"@type":"ListItem","position":1,"name":"Home","item":"https:\/\/www.ipsen.com\/france\/"},{"@type":"ListItem","position":2,"name":"Mentions d&#8217;information","item":"https:\/\/www.ipsen.com\/france\/mentions-dinformation\/"},{"@type":"ListItem","position":3,"name":"Politique de confidentialit\u00e9 vigilances, information m\u00e9dicale et r\u00e9clamation qualit\u00e9"}]},{"@type":"WebSite","@id":"https:\/\/www.ipsen.com\/france\/#website","url":"https:\/\/www.ipsen.com\/france\/","name":"France","description":"","publisher":{"@id":"https:\/\/www.ipsen.com\/france\/#organization"},"potentialAction":[{"@type":"SearchAction","target":{"@type":"EntryPoint","urlTemplate":"https:\/\/www.ipsen.com\/france\/?s={search_term_string}"},"query-input":{"@type":"PropertyValueSpecification","valueRequired":true,"valueName":"search_term_string"}}],"inLanguage":"fr-FR"},{"@type":"Organization","@id":"https:\/\/www.ipsen.com\/france\/#organization","name":"France","url":"https:\/\/www.ipsen.com\/france\/","logo":{"@type":"ImageObject","inLanguage":"fr-FR","@id":"https:\/\/www.ipsen.com\/france\/#\/schema\/logo\/image\/","url":"https:\/\/www.ipsen.com\/france\/wp-content\/uploads\/sites\/15\/2024\/03\/Logo-Ipsen.svg","contentUrl":"https:\/\/www.ipsen.com\/france\/wp-content\/uploads\/sites\/15\/2024\/03\/Logo-Ipsen.svg","caption":"France"},"image":{"@id":"https:\/\/www.ipsen.com\/france\/#\/schema\/logo\/image\/"}}]}},"parsely":{"version":"1.1.0","canonical_url":"https:\/\/ipsen.com\/france\/mentions-dinformation\/politique-de-confidentialite-pharmacovigilance-information-medicale-et-reclamation-qualite\/","smart_links":{"inbound":0,"outbound":0},"traffic_boost_suggestions_count":0,"meta":{"@context":"https:\/\/schema.org","@type":"WebPage","headline":"Politique de confidentialit\u00e9 vigilances, information m\u00e9dicale et r\u00e9clamation qualit\u00e9","url":"http:\/\/www.ipsen.com\/france\/mentions-dinformation\/politique-de-confidentialite-pharmacovigilance-information-medicale-et-reclamation-qualite\/","mainEntityOfPage":{"@type":"WebPage","@id":"http:\/\/www.ipsen.com\/france\/mentions-dinformation\/politique-de-confidentialite-pharmacovigilance-information-medicale-et-reclamation-qualite\/"},"thumbnailUrl":"","image":{"@type":"ImageObject","url":""},"articleSection":"Non classifi\u00e9(e)","author":[{"@type":"Person","name":"navya"}],"creator":["navya"],"publisher":{"@type":"Organization","name":"France","logo":""},"keywords":[],"dateCreated":"2024-04-17T05:13:41Z","datePublished":"2024-04-17T05:13:41Z","dateModified":"2025-06-05T09:26:25Z"},"rendered":"<script type=\"application\/ld+json\" class=\"wp-parsely-metadata\">{\"@context\":\"https:\\\/\\\/schema.org\",\"@type\":\"WebPage\",\"headline\":\"Politique de confidentialit\\u00e9 vigilances, information m\\u00e9dicale et r\\u00e9clamation qualit\\u00e9\",\"url\":\"http:\\\/\\\/www.ipsen.com\\\/france\\\/mentions-dinformation\\\/politique-de-confidentialite-pharmacovigilance-information-medicale-et-reclamation-qualite\\\/\",\"mainEntityOfPage\":{\"@type\":\"WebPage\",\"@id\":\"http:\\\/\\\/www.ipsen.com\\\/france\\\/mentions-dinformation\\\/politique-de-confidentialite-pharmacovigilance-information-medicale-et-reclamation-qualite\\\/\"},\"thumbnailUrl\":\"\",\"image\":{\"@type\":\"ImageObject\",\"url\":\"\"},\"articleSection\":\"Non classifi\\u00e9(e)\",\"author\":[{\"@type\":\"Person\",\"name\":\"navya\"}],\"creator\":[\"navya\"],\"publisher\":{\"@type\":\"Organization\",\"name\":\"France\",\"logo\":\"\"},\"keywords\":[],\"dateCreated\":\"2024-04-17T05:13:41Z\",\"datePublished\":\"2024-04-17T05:13:41Z\",\"dateModified\":\"2025-06-05T09:26:25Z\"}<\/script>","tracker_url":"https:\/\/cdn.parsely.com\/keys\/ipsen.com\/p.js"},"jetpack_sharing_enabled":true,"_links":{"self":[{"href":"https:\/\/www.ipsen.com\/france\/wp-json\/wp\/v2\/pages\/462","targetHints":{"allow":["GET"]}}],"collection":[{"href":"https:\/\/www.ipsen.com\/france\/wp-json\/wp\/v2\/pages"}],"about":[{"href":"https:\/\/www.ipsen.com\/france\/wp-json\/wp\/v2\/types\/page"}],"author":[{"embeddable":true,"href":"https:\/\/www.ipsen.com\/france\/wp-json\/wp\/v2\/users\/2"}],"replies":[{"embeddable":true,"href":"https:\/\/www.ipsen.com\/france\/wp-json\/wp\/v2\/comments?post=462"}],"version-history":[{"count":10,"href":"https:\/\/www.ipsen.com\/france\/wp-json\/wp\/v2\/pages\/462\/revisions"}],"predecessor-version":[{"id":1393,"href":"https:\/\/www.ipsen.com\/france\/wp-json\/wp\/v2\/pages\/462\/revisions\/1393"}],"up":[{"embeddable":true,"href":"https:\/\/www.ipsen.com\/france\/wp-json\/wp\/v2\/pages\/52"}],"wp:attachment":[{"href":"https:\/\/www.ipsen.com\/france\/wp-json\/wp\/v2\/media?parent=462"}],"curies":[{"name":"wp","href":"https:\/\/api.w.org\/{rel}","templated":true}]}}