{"id":40,"date":"2024-03-14T07:48:02","date_gmt":"2024-03-14T05:48:02","guid":{"rendered":"https:\/\/www.ipsen.com\/frn\/?page_id=40"},"modified":"2026-02-16T10:56:11","modified_gmt":"2026-02-16T08:56:11","slug":"pharmacovigilance","status":"publish","type":"page","link":"https:\/\/www.ipsen.com\/france\/nos-medicaments\/pharmacovigilance\/","title":{"rendered":"Pharmacovigilance"},"content":{"rendered":"    <section class=\"sub-page-banner bg-img\" style=\"background-image:url(https:\/\/www.ipsen.com\/france\/wp-content\/uploads\/sites\/15\/2025\/07\/Company-History.jpg)\">\n        <div class=\"container content-sec\">\n            <nav aria-label=\"breadcrumb\">\n            <ol class=\"breadcrumb\">\n                <li class=\"breadcrumb-item\"><a href=\"https:\/\/www.ipsen.com\/france\">Accueil<\/a><\/li><li class=\"breadcrumb-item visible\"><a href=\"https:\/\/www.ipsen.com\/france\/nos-medicaments\/\">Nos m\u00e9dicaments<\/a><\/li><li class=\"breadcrumb-item active\"><a class=\"link-pointer-events-none\" href=\"#\" aria-current=\"page\">Pharmacovigilance<\/a><\/li><\/ol>\n            <\/nav>            <h1 class=\"visible\">Pharmacovigilance<\/h1>\n            <p class=\"visible\">La securit\u00e9 du patient est notre priorit\u00e9<\/p>\n        <\/div>\n    <\/section>\n\n\n<!-- Text & Media Block Code -->\n<section class=\"two-col-section text-media-section\">\n    <div class=\"container two-section-innner section-reverse\">\n        <div class=\"response-inner\" style=\"background-image: url('')\">\n            <div class=\"row section-reverse\">\n                <div class=\"col-xs-12 col-sm-12 col-md-6\">\n                                                    <div class=\"img-video-section\">\n                                <img decoding=\"async\" \n                                    src=\"https:\/\/www.ipsen.com\/france\/wp-content\/uploads\/sites\/15\/2024\/04\/signaler-PV_700x420.jpg\" \n                                    alt=\"\" \n                                >\n                            <\/div>\n                                        <\/div>\n                <div class=\" col-xs-12 col-sm-12 col-md-6\">\n                    <div class=\"section-content\">\n                        <div class=\"heading-dash\">\n                                                            <span class=\"dash\"><\/span>\n                                <h4 class=\"heading-para heading-four\" role=\"heading\" aria-level=\"2\">\n                                    Signaler un effet ind\u00e9sirable                                <\/h4>\n                                                    <\/div>\n                                                <p>D\u00e9clarez imm\u00e9diatement tout effet ind\u00e9sirable suspect\u00e9 d\u2019\u00eatre d\u00fb \u00e0 un m\u00e9dicament \u00e0 votre Centre r\u00e9gional de pharmacovigilance (CRPV) ou sur <a href=\"https:\/\/signalement.social-sante.gouv.fr\/\" target=\"_blank\" rel=\"noopener\"><strong>le portail de signalement des \u00e9v\u00e9nements sanitaires ind\u00e9sirables<\/strong><\/a><\/p>\n<p>Vous pouvez \u00e9galement signaler un effet ind\u00e9sirable aupr\u00e8s du laboratoire.<br \/>\nCoordonn\u00e9es IPSEN PHARMA en France :<br \/>\nE-mail : <strong><a href=\"mailto:pharmacovigilance.france@ipsen.com\">pharmacovigilance.france@ipsen.com<\/a><\/strong><br \/>\nT\u00e9l\u00e9phone : 01.58.33.58.33<br \/>\nFax : 01.58.33.50.47<\/p>\n                            <a \n                            aria-label=\" about Signaler un effet ind\u00e9sirable\"  \n                                role=\"link\" \n                                class=\"btn-link hidden\"\n                                href=\"\" \n                                target=\"_self\"\n                            > \n                                 \n                            <\/a>\n\n                    <\/div>\n                <\/div>\n            <\/div>\n        <\/div>\n    <\/div>\n<\/section>\n\n    <section class=\"title-text \">\n        <div class=\"container\">\n            <div class=\"title-text-inner\" style=\"background-color:#EDEBE4;\">\n\n                <!-- If heading is enabled then it's visible -->\n                <div class=\"text-head-dash visible\">\n                <h3 class=\"heading-three\" role=\"heading\" aria-level=\"2\">\n                        Demander des informations m\u00e9dicales                    <\/h3>\n                <\/div>\n               \n                <!-- If description is enabled then it's visible -->\n                <div class=\"text-parbase visible\">\n                    <p>Si vous \u00eates inquiet pour votre sant\u00e9 alors que vous prenez un m\u00e9dicament, commencez toujours par en parler \u00e0 votre m\u00e9decin, votre pharmacien ou votre infirmier.<\/p>\n<p>Lisez toujours la notice d\u2019information destin\u00e9e aux patients, ou les instructions fournies avec votre m\u00e9dicament. Ces documents r\u00e9pertorient les effets secondaires ou les probl\u00e8mes connus, et vous conseillent sur la marche \u00e0 suivre. Pour toute demande d\u2019information m\u00e9dicale, scientifique ou pharmaceutique sur un m\u00e9dicament IPSEN PHARMA :<\/p>\n<p>E-mail : <strong><a href=\"mailto:information.medicale@ipsen.com\">information.medicale@ipsen.com<\/a><\/strong><br \/>\nT\u00e9l\u00e9phone : 01.58.33.58.20<\/p>\n                <\/div>\n\n                <!-- If button is enabled then it's visible -->\n                \n            <\/div>\n        <\/div>\n    <\/section>\n\n\n\n<!--Alert Card Layout Start Here-->\n<section class=\"alertcard-section\">\n      <div class=\"container\">\n        <!--Alert Box HTML Start Here-->\n        <div class=\"alert-box info-box\">\n                    <div class=\"info-icon\">\n              <span class=\"info-circle\"><img decoding=\"async\" src=\"https:\/\/www.ipsen.com\/france\/wp-content\/themes\/ipsen-main\/dist\/images\/alert-general-icon.png\" alt=\"Alert\"\/><\/i>\n            <\/div>\n                    <div class=\"info-contents\">\n          <h4 role=\"heading\" aria-level=\"2\" class=\"info-head heading-four heading-four\"><\/h4>\n            <p class=\"info-sub-head-para hidden heading-para\"><\/p>\n            <div class=\"alert-content visible\"><p>ALLSC-FR-001355 \u2013 V3.0 \u2013 f\u00e9vrier 2026<\/p>\n<\/div>\n          <\/div>\n        <\/div>\n        <!--Alert Box HTML Start Here-->\n      <\/div>\n    <\/section>\n<!--Alert Card Layout End Here-->\n","protected":false},"excerpt":{"rendered":"","protected":false},"author":2,"featured_media":0,"parent":38,"menu_order":0,"comment_status":"closed","ping_status":"closed","template":"","meta":{"_acf_changed":false,"footnotes":""},"class_list":["post-40","page","type-page","status-publish","hentry","entry"],"acf":[],"yoast_head":"<!-- This site is optimized with the Yoast SEO plugin v26.8 - https:\/\/yoast.com\/product\/yoast-seo-wordpress\/ -->\n<title>Pharmacoviligance Ipsen France<\/title>\n<meta name=\"description\" content=\"Pharmacoviligance Ipsen France, securit\u00e9 du patient\" \/>\n<meta name=\"robots\" content=\"index, follow, max-snippet:-1, max-image-preview:large, max-video-preview:-1\" \/>\n<link rel=\"canonical\" href=\"https:\/\/www.ipsen.com\/france\/nos-medicaments\/pharmacovigilance\/\" \/>\n<meta property=\"og:locale\" content=\"fr_FR\" \/>\n<meta property=\"og:type\" content=\"article\" \/>\n<meta property=\"og:title\" content=\"Pharmacoviligance Ipsen France\" \/>\n<meta property=\"og:description\" content=\"Pharmacoviligance Ipsen France, securit\u00e9 du patient\" \/>\n<meta property=\"og:url\" content=\"https:\/\/www.ipsen.com\/france\/nos-medicaments\/pharmacovigilance\/\" \/>\n<meta property=\"og:site_name\" content=\"France\" \/>\n<meta property=\"article:modified_time\" content=\"2026-02-16T08:56:11+00:00\" \/>\n<meta name=\"twitter:card\" content=\"summary_large_image\" \/>\n<script type=\"application\/ld+json\" class=\"yoast-schema-graph\">{\"@context\":\"https:\/\/schema.org\",\"@graph\":[{\"@type\":\"WebPage\",\"@id\":\"https:\/\/www.ipsen.com\/france\/nos-medicaments\/pharmacovigilance\/\",\"url\":\"https:\/\/www.ipsen.com\/france\/nos-medicaments\/pharmacovigilance\/\",\"name\":\"Pharmacoviligance Ipsen France\",\"isPartOf\":{\"@id\":\"https:\/\/www.ipsen.com\/france\/#website\"},\"datePublished\":\"2024-03-14T05:48:02+00:00\",\"dateModified\":\"2026-02-16T08:56:11+00:00\",\"description\":\"Pharmacoviligance Ipsen France, securit\u00e9 du patient\",\"breadcrumb\":{\"@id\":\"https:\/\/www.ipsen.com\/france\/nos-medicaments\/pharmacovigilance\/#breadcrumb\"},\"inLanguage\":\"fr-FR\",\"potentialAction\":[{\"@type\":\"ReadAction\",\"target\":[\"https:\/\/www.ipsen.com\/france\/nos-medicaments\/pharmacovigilance\/\"]}]},{\"@type\":\"BreadcrumbList\",\"@id\":\"https:\/\/www.ipsen.com\/france\/nos-medicaments\/pharmacovigilance\/#breadcrumb\",\"itemListElement\":[{\"@type\":\"ListItem\",\"position\":1,\"name\":\"Home\",\"item\":\"https:\/\/www.ipsen.com\/france\/\"},{\"@type\":\"ListItem\",\"position\":2,\"name\":\"Nos m\u00e9dicaments\",\"item\":\"https:\/\/www.ipsen.com\/france\/nos-medicaments\/\"},{\"@type\":\"ListItem\",\"position\":3,\"name\":\"Pharmacovigilance\"}]},{\"@type\":\"WebSite\",\"@id\":\"https:\/\/www.ipsen.com\/france\/#website\",\"url\":\"https:\/\/www.ipsen.com\/france\/\",\"name\":\"France\",\"description\":\"\",\"publisher\":{\"@id\":\"https:\/\/www.ipsen.com\/france\/#organization\"},\"potentialAction\":[{\"@type\":\"SearchAction\",\"target\":{\"@type\":\"EntryPoint\",\"urlTemplate\":\"https:\/\/www.ipsen.com\/france\/?s={search_term_string}\"},\"query-input\":{\"@type\":\"PropertyValueSpecification\",\"valueRequired\":true,\"valueName\":\"search_term_string\"}}],\"inLanguage\":\"fr-FR\"},{\"@type\":\"Organization\",\"@id\":\"https:\/\/www.ipsen.com\/france\/#organization\",\"name\":\"France\",\"url\":\"https:\/\/www.ipsen.com\/france\/\",\"logo\":{\"@type\":\"ImageObject\",\"inLanguage\":\"fr-FR\",\"@id\":\"https:\/\/www.ipsen.com\/france\/#\/schema\/logo\/image\/\",\"url\":\"https:\/\/www.ipsen.com\/france\/wp-content\/uploads\/sites\/15\/2024\/03\/Logo-Ipsen.svg\",\"contentUrl\":\"https:\/\/www.ipsen.com\/france\/wp-content\/uploads\/sites\/15\/2024\/03\/Logo-Ipsen.svg\",\"caption\":\"France\"},\"image\":{\"@id\":\"https:\/\/www.ipsen.com\/france\/#\/schema\/logo\/image\/\"}}]}<\/script>\n<!-- \/ Yoast SEO plugin. -->","yoast_head_json":{"title":"Pharmacoviligance Ipsen France","description":"Pharmacoviligance Ipsen France, securit\u00e9 du patient","robots":{"index":"index","follow":"follow","max-snippet":"max-snippet:-1","max-image-preview":"max-image-preview:large","max-video-preview":"max-video-preview:-1"},"canonical":"https:\/\/www.ipsen.com\/france\/nos-medicaments\/pharmacovigilance\/","og_locale":"fr_FR","og_type":"article","og_title":"Pharmacoviligance Ipsen France","og_description":"Pharmacoviligance Ipsen France, securit\u00e9 du patient","og_url":"https:\/\/www.ipsen.com\/france\/nos-medicaments\/pharmacovigilance\/","og_site_name":"France","article_modified_time":"2026-02-16T08:56:11+00:00","twitter_card":"summary_large_image","schema":{"@context":"https:\/\/schema.org","@graph":[{"@type":"WebPage","@id":"https:\/\/www.ipsen.com\/france\/nos-medicaments\/pharmacovigilance\/","url":"https:\/\/www.ipsen.com\/france\/nos-medicaments\/pharmacovigilance\/","name":"Pharmacoviligance Ipsen France","isPartOf":{"@id":"https:\/\/www.ipsen.com\/france\/#website"},"datePublished":"2024-03-14T05:48:02+00:00","dateModified":"2026-02-16T08:56:11+00:00","description":"Pharmacoviligance Ipsen France, securit\u00e9 du patient","breadcrumb":{"@id":"https:\/\/www.ipsen.com\/france\/nos-medicaments\/pharmacovigilance\/#breadcrumb"},"inLanguage":"fr-FR","potentialAction":[{"@type":"ReadAction","target":["https:\/\/www.ipsen.com\/france\/nos-medicaments\/pharmacovigilance\/"]}]},{"@type":"BreadcrumbList","@id":"https:\/\/www.ipsen.com\/france\/nos-medicaments\/pharmacovigilance\/#breadcrumb","itemListElement":[{"@type":"ListItem","position":1,"name":"Home","item":"https:\/\/www.ipsen.com\/france\/"},{"@type":"ListItem","position":2,"name":"Nos m\u00e9dicaments","item":"https:\/\/www.ipsen.com\/france\/nos-medicaments\/"},{"@type":"ListItem","position":3,"name":"Pharmacovigilance"}]},{"@type":"WebSite","@id":"https:\/\/www.ipsen.com\/france\/#website","url":"https:\/\/www.ipsen.com\/france\/","name":"France","description":"","publisher":{"@id":"https:\/\/www.ipsen.com\/france\/#organization"},"potentialAction":[{"@type":"SearchAction","target":{"@type":"EntryPoint","urlTemplate":"https:\/\/www.ipsen.com\/france\/?s={search_term_string}"},"query-input":{"@type":"PropertyValueSpecification","valueRequired":true,"valueName":"search_term_string"}}],"inLanguage":"fr-FR"},{"@type":"Organization","@id":"https:\/\/www.ipsen.com\/france\/#organization","name":"France","url":"https:\/\/www.ipsen.com\/france\/","logo":{"@type":"ImageObject","inLanguage":"fr-FR","@id":"https:\/\/www.ipsen.com\/france\/#\/schema\/logo\/image\/","url":"https:\/\/www.ipsen.com\/france\/wp-content\/uploads\/sites\/15\/2024\/03\/Logo-Ipsen.svg","contentUrl":"https:\/\/www.ipsen.com\/france\/wp-content\/uploads\/sites\/15\/2024\/03\/Logo-Ipsen.svg","caption":"France"},"image":{"@id":"https:\/\/www.ipsen.com\/france\/#\/schema\/logo\/image\/"}}]}},"parsely":{"version":"1.1.0","canonical_url":"https:\/\/ipsen.com\/france\/nos-medicaments\/pharmacovigilance\/","smart_links":{"inbound":0,"outbound":0},"traffic_boost_suggestions_count":0,"meta":{"@context":"https:\/\/schema.org","@type":"WebPage","headline":"Pharmacovigilance","url":"http:\/\/www.ipsen.com\/france\/nos-medicaments\/pharmacovigilance\/","mainEntityOfPage":{"@type":"WebPage","@id":"http:\/\/www.ipsen.com\/france\/nos-medicaments\/pharmacovigilance\/"},"thumbnailUrl":"","image":{"@type":"ImageObject","url":""},"articleSection":"Non classifi\u00e9(e)","author":[{"@type":"Person","name":"navya"}],"creator":["navya"],"publisher":{"@type":"Organization","name":"France","logo":""},"keywords":[],"dateCreated":"2024-03-14T05:48:02Z","datePublished":"2024-03-14T05:48:02Z","dateModified":"2026-02-16T08:56:11Z"},"rendered":"<script type=\"application\/ld+json\" class=\"wp-parsely-metadata\">{\"@context\":\"https:\\\/\\\/schema.org\",\"@type\":\"WebPage\",\"headline\":\"Pharmacovigilance\",\"url\":\"http:\\\/\\\/www.ipsen.com\\\/france\\\/nos-medicaments\\\/pharmacovigilance\\\/\",\"mainEntityOfPage\":{\"@type\":\"WebPage\",\"@id\":\"http:\\\/\\\/www.ipsen.com\\\/france\\\/nos-medicaments\\\/pharmacovigilance\\\/\"},\"thumbnailUrl\":\"\",\"image\":{\"@type\":\"ImageObject\",\"url\":\"\"},\"articleSection\":\"Non classifi\\u00e9(e)\",\"author\":[{\"@type\":\"Person\",\"name\":\"navya\"}],\"creator\":[\"navya\"],\"publisher\":{\"@type\":\"Organization\",\"name\":\"France\",\"logo\":\"\"},\"keywords\":[],\"dateCreated\":\"2024-03-14T05:48:02Z\",\"datePublished\":\"2024-03-14T05:48:02Z\",\"dateModified\":\"2026-02-16T08:56:11Z\"}<\/script>","tracker_url":"https:\/\/cdn.parsely.com\/keys\/ipsen.com\/p.js"},"jetpack_sharing_enabled":true,"_links":{"self":[{"href":"https:\/\/www.ipsen.com\/france\/wp-json\/wp\/v2\/pages\/40","targetHints":{"allow":["GET"]}}],"collection":[{"href":"https:\/\/www.ipsen.com\/france\/wp-json\/wp\/v2\/pages"}],"about":[{"href":"https:\/\/www.ipsen.com\/france\/wp-json\/wp\/v2\/types\/page"}],"author":[{"embeddable":true,"href":"https:\/\/www.ipsen.com\/france\/wp-json\/wp\/v2\/users\/2"}],"replies":[{"embeddable":true,"href":"https:\/\/www.ipsen.com\/france\/wp-json\/wp\/v2\/comments?post=40"}],"version-history":[{"count":11,"href":"https:\/\/www.ipsen.com\/france\/wp-json\/wp\/v2\/pages\/40\/revisions"}],"predecessor-version":[{"id":1791,"href":"https:\/\/www.ipsen.com\/france\/wp-json\/wp\/v2\/pages\/40\/revisions\/1791"}],"up":[{"embeddable":true,"href":"https:\/\/www.ipsen.com\/france\/wp-json\/wp\/v2\/pages\/38"}],"wp:attachment":[{"href":"https:\/\/www.ipsen.com\/france\/wp-json\/wp\/v2\/media?parent=40"}],"curies":[{"name":"wp","href":"https:\/\/api.w.org\/{rel}","templated":true}]}}