{"id":38,"date":"2024-03-14T07:44:56","date_gmt":"2024-03-14T05:44:56","guid":{"rendered":"https:\/\/www.ipsen.com\/frn\/?page_id=38"},"modified":"2026-02-26T10:35:04","modified_gmt":"2026-02-26T08:35:04","slug":"nos-medicaments","status":"publish","type":"page","link":"https:\/\/www.ipsen.com\/france\/nos-medicaments\/","title":{"rendered":"Nos m\u00e9dicaments"},"content":{"rendered":"    <section class=\"sub-page-banner bg-img\" style=\"background-image:url(https:\/\/www.ipsen.com\/france\/wp-content\/uploads\/sites\/15\/2025\/07\/Health-Medicines.jpg)\">\n        <div class=\"container content-sec\">\n            <nav aria-label=\"breadcrumb\">\n            <ol class=\"breadcrumb\">\n                <li class=\"breadcrumb-item\"><a href=\"https:\/\/www.ipsen.com\/france\">Accueil<\/a><\/li><li class=\"breadcrumb-item active\"><a class=\"link-pointer-events-none\" href=\"#\" aria-current=\"page\">Nos m\u00e9dicaments<\/a><\/li><\/ol>\n            <\/nav>            <h1 class=\"visible\">Nos m\u00e9dicaments<\/h1>\n            <p class=\"visible\">R\u00e9pondre aux besoins m\u00e9dicaux non satisfaits et am\u00e9liorer la qualit\u00e9 de vie des patients.<\/p>\n        <\/div>\n    <\/section>\n\n\n    <section class=\"title-text \">\n        <div class=\"container\">\n            <div class=\"title-text-inner\" style=\"background-color:#EDEBE4;\">\n\n                <!-- If heading is enabled then it's visible -->\n                <div class=\"text-head-dash visible\">\n                <h3 class=\"heading-three\" role=\"heading\" aria-level=\"2\">\n                        Avoir un impact pour les patients                    <\/h3>\n                <\/div>\n               \n                <!-- If description is enabled then it's visible -->\n                <div class=\"text-parbase visible\">\n                    <p>Nos m\u00e9dicaments sont le r\u00e9sultat de nombreuses ann\u00e9es de recherche et d\u00e9veloppement et de plusieurs d\u00e9cennies d\u2019exp\u00e9rience. Nous nous concentrons sur le d\u00e9veloppement de traitements innovants dans nos trois aires th\u00e9rapeutiques : l\u2019oncologie, les neurosciences et les maladies rares.<\/p>\n                <\/div>\n\n                <!-- If button is enabled then it's visible -->\n                \n            <\/div>\n        <\/div>\n    <\/section>\n\n\n\n<!--Alert Card Layout Start Here-->\n<section class=\"alertcard-section\">\n      <div class=\"container\">\n        <!--Alert Box HTML Start Here-->\n        <div class=\"alert-box info-box\">\n                    <div class=\"info-icon\">\n              <span class=\"info-circle\"><img decoding=\"async\" src=\"https:\/\/www.ipsen.com\/france\/wp-content\/themes\/ipsen-main\/dist\/images\/alert-general-icon.png\" alt=\"Alert\"\/><\/i>\n            <\/div>\n                    <div class=\"info-contents\">\n          <h4 role=\"heading\" aria-level=\"2\" class=\"info-head heading-four heading-four\"><\/h4>\n            <p class=\"info-sub-head-para hidden heading-para\"><\/p>\n            <div class=\"alert-content visible\"><p>Pour tous nos m\u00e9dicaments, vous trouverez les R\u00e9sum\u00e9s des Caract\u00e9ristiques du Produit (RCP), les notices ainsi que les \u00e9l\u00e9ments d\u2019information concernant les avis de la transparence, les prix et les taux de remboursement dans <strong><a href=\"https:\/\/base-donnees-publique.medicaments.gouv.fr\/\" target=\"_blank\" rel=\"noopener\">la base de donn\u00e9es publique des m\u00e9dicaments<\/a><\/strong>.<\/p>\n<\/div>\n          <\/div>\n        <\/div>\n        <!--Alert Box HTML Start Here-->\n      <\/div>\n    <\/section>\n<!--Alert Card Layout End Here-->\n\n\n<!-- Text & Media Block Code -->\n<section class=\"two-col-section text-media-section\">\n    <div class=\"container two-section-innner section-reverse\">\n        <div class=\"response-inner\" style=\"background-image: url('')\">\n            <div class=\"row section-reverse\">\n                <div class=\"col-xs-12 col-sm-12 col-md-6\">\n                                                    <div class=\"img-video-section\">\n                                <img decoding=\"async\" \n                                    src=\"https:\/\/www.ipsen.com\/france\/wp-content\/uploads\/sites\/15\/2024\/04\/signaler-PV_700x420.jpg\" \n                                    alt=\"\" \n                                >\n                            <\/div>\n                                        <\/div>\n                <div class=\" col-xs-12 col-sm-12 col-md-6\">\n                    <div class=\"section-content\">\n                        <div class=\"heading-dash\">\n                                                            <span class=\"dash\"><\/span>\n                                <h4 class=\"heading-para heading-four\" role=\"heading\" aria-level=\"2\">\n                                    Signaler un effet ind\u00e9sirable                                <\/h4>\n                                                    <\/div>\n                                                <p>D\u00e9clarez imm\u00e9diatement tout effet ind\u00e9sirable suspect\u00e9 d\u2019\u00eatre d\u00fb \u00e0 un m\u00e9dicament \u00e0 votre Centre r\u00e9gional de pharmacovigilance (CRPV) ou sur <a href=\"https:\/\/signalement.social-sante.gouv.fr\/\" target=\"_blank\" rel=\"noopener\"><strong>le portail de signalement des \u00e9v\u00e9nements sanitaires ind\u00e9sirables<\/strong><\/a><\/p>\n<p>Vous pouvez \u00e9galement signaler un effet ind\u00e9sirable aupr\u00e8s du laboratoire.<br \/>\nCoordonn\u00e9es IPSEN PHARMA en France :<br \/>\nE-mail : <a href=\"mailto:pharmacovigilance.france@ipsen.com\"><strong>pharmacovigilance.france@ipsen.com<\/strong><\/a><br \/>\nT\u00e9l\u00e9phone : 01.58.33.58.33<br \/>\nFax : 01.58.33.50.47<\/p>\n<p>Pour toute demande d\u2019information m\u00e9dicale, scientifique ou pharmaceutique sur un m\u00e9dicament IPSEN PHARMA :<\/p>\n<p>E-mail : <a href=\"mailto:information.medicale@ipsen.com\"><strong>information.medicale@ipsen.com<\/strong><\/a><br \/>\nT\u00e9l\u00e9phone : 01.58.33.58.20<\/p>\n                            <a \n                            aria-label=\" about Signaler un effet ind\u00e9sirable\"  \n                                role=\"link\" \n                                class=\"btn-link hidden\"\n                                href=\"\" \n                                target=\"_self\"\n                            > \n                                 \n                            <\/a>\n\n                    <\/div>\n                <\/div>\n            <\/div>\n        <\/div>\n    <\/div>\n<\/section>\n\n    <section class=\"title-text \">\n        <div class=\"container\">\n            <div class=\"title-text-inner\" style=\"background-color:#EDEBE4;\">\n\n                <!-- If heading is enabled then it's visible -->\n                <div class=\"text-head-dash visible\">\n                <h3 class=\"heading-three\" role=\"heading\" aria-level=\"2\">\n                        Nos m\u00e9dicaments                    <\/h3>\n                <\/div>\n               \n                <!-- If description is enabled then it's visible -->\n                <div class=\"text-parbase visible\">\n                    <p><strong>BYLVAY<\/strong><\/p>\n<ul>\n<li>200 microgrammes, g\u00e9lule<\/li>\n<li>400 microgrammes, g\u00e9lule<\/li>\n<li>600 microgrammes, g\u00e9lule<\/li>\n<li>1200 microgrammes, g\u00e9lule<\/li>\n<\/ul>\n<p><strong>CABOMETYX<\/strong><\/p>\n<ul>\n<li>20 mg, comprim\u00e9 pellicul\u00e9<\/li>\n<li>40 mg, comprim\u00e9 pellicul\u00e9<\/li>\n<li>60 mg, comprim\u00e9 pellicul\u00e9<\/li>\n<\/ul>\n<p><strong>DECAPEPTYL<\/strong><\/p>\n<ul>\n<li>0,1 mg, poudre et solvant pour solution injectable (S.C.)<\/li>\n<li>L.P. 11,25 mg, poudre et solvant pour suspension injectable (IM ou SC) forme \u00e0 lib\u00e9ration prolong\u00e9e sur 3 mois<\/li>\n<li>L.P. 3 mg, poudre et solvant pour suspension injectable (I.M.) forme \u00e0 lib\u00e9ration prolong\u00e9e sur 28 jours<\/li>\n<li>LP 22,5 mg, poudre et solvant pour suspension injectable \u00e0 lib\u00e9ration prolong\u00e9e<\/li>\n<\/ul>\n<p><strong>DYSPORT<\/strong><\/p>\n<ul>\n<li>300 UNITES SPEYWOOD, poudre pour solution injectable<\/li>\n<li>500 UNITES SPEYWOOD, poudre pour solution injectable<\/li>\n<\/ul>\n<p><strong> KAYFANDA<\/strong><\/p>\n<ul>\n<li>200 microgrammes, g\u00e9lule<\/li>\n<li>400 microgrammes, g\u00e9lule<\/li>\n<li>600 microgrammes, g\u00e9lule<\/li>\n<li>1200 microgrammes, g\u00e9lule<\/li>\n<\/ul>\n<p><strong>SALVACYL<\/strong><\/p>\n<ul>\n<li>L.P. 11,25 mg, poudre et solvant pour suspension injectable \u00e0 lib\u00e9ration prolong\u00e9e<\/li>\n<\/ul>\n<p><strong>SOMATULINE<\/strong><\/p>\n<ul>\n<li>L.P. 120 mg, solution injectable \u00e0 lib\u00e9ration prolong\u00e9e en seringue pr\u00e9remplie<\/li>\n<li>L.P. 60 mg, solution injectable \u00e0 lib\u00e9ration prolong\u00e9e en seringue pr\u00e9remplie<\/li>\n<li>L.P. 90 mg, solution injectable \u00e0 lib\u00e9ration prolong\u00e9e en seringue pr\u00e9remplie<\/li>\n<\/ul>\n                <\/div>\n\n                <!-- If button is enabled then it's visible -->\n                                        <div class=\"btn-txt\">\n                            <a \n                                aria-label=\"\" \n                                class=\"btn-link section-btn cta-visible\"  \n                                role=\"link\"\n                                href=\"https:\/\/www.ipsen.com\/france\/wp-content\/uploads\/sites\/15\/2026\/02\/Ipsen-product-packaging-baseline-2025-VERSION-03-002.pdf\" target=\"_blank\">\n                                Fiche produit relative aux qualit\u00e9s et caract\u00e9ristiques environnementales                            <\/a>\n                        <\/div>\n                \n            <\/div>\n        <\/div>\n    <\/section>\n\n\n<!-- Ipsen Content Overlay Start -->\n<section class=\"two-col-image-section\">\n    <div class=\"container two-img-section-innner\"  >\n        <div class=\"content-overlay-inner bg-color-enabled\" style=\"background-color:#EDEBE4\">\n                <!-- Ipsen Content Overlay Variation Two Start -->\n                <div class=\"row \">\n                    <div class=\"col-xs-12 col-sm-12 col-md-6 column-1 \">\n                        <div id=\"image-carousel\" class=\"img-video-section carousel\" data-bs-ride=\"carousel\">\n                            <div class=\"carousel-inner\">\n                                                                        <div class=\"carousel-item active\">\n                                            <img decoding=\"async\" src=\"https:\/\/www.ipsen.com\/france\/wp-content\/uploads\/sites\/15\/2024\/04\/Module-4_Types-of-clinical-trials_IPSEN_Production_Signes_700x420.jpg\" alt=\"Media Image\" >\n                                        <\/div>\n                                                            <\/div>\n                                                    <\/div>\n                    <\/div>\n                    <div class=\" col-xs-12 col-sm-12 col-md-6 column-2 \">\n                        <div class=\" section-content\">\n                                                                <div class=\"heading-dash\">\n                                        <span class=\"dash\"><\/span>\n                                        <h4 role=\"heading\" aria-level=\"2\" class=\"heading-para-right heading-four\">\n                                            La pharmacovigilance au centre de notre mission                                        <\/h4>\n                                    <\/div>\n                                                                                                                        <p class=\"section-para \">\n                                        Le d\u00e9partement de la pharmacovigilance d\u2019Ipsen joue un r\u00f4le important en \u00e9valuant en permanence les informations re\u00e7ues des patients et des professionnels de sant\u00e9 et le rapport b\u00e9n\u00e9fice\/risque de nos m\u00e9dicaments.                                     <\/p>\n                                                                                                <a \n                                            role=\"link\" \n                                            class=\"btn-link section-btn cta-visible\" \n                                            href=\"https:\/\/www.ipsen.com\/france\/nos-medicaments\/pharmacovigilance\/\" \n                                            aria-label=\"\" \n                                            target=\"_self\"\n                                        >\n                                            En savoir plus                                        <\/a>    \n                                    <\/button>\n                                                    <\/div>\n                    <\/div>\n                    <!-- Ipsen Content Overlay Variation Two End -->\n                <\/div>\n        <!-- Ipsen Content Overlay Variation two End -->\n                <\/div>\n    <\/div>\n<\/section>\n<!-- Ipsen Content Overlay End -->\n\n<!-- Ipsen Content Overlay Start -->\n<section class=\"two-col-image-section\">\n    <div class=\"container two-img-section-innner\"  >\n        <div class=\"content-overlay-inner bg-color-enabled\" style=\"background-color:#EDEBE4\">\n                <!-- Ipsen Content Overlay Variation Two Start -->\n                <div class=\"row section-bg-reverse\">\n                    <div class=\"col-xs-12 col-sm-12 col-md-6 column-1 order-2\">\n                        <div id=\"image-carousel\" class=\"img-video-section carousel\" data-bs-ride=\"carousel\">\n                            <div class=\"carousel-inner\">\n                                                                        <div class=\"carousel-item active\">\n                                            <img decoding=\"async\" src=\"https:\/\/www.ipsen.com\/france\/wp-content\/uploads\/sites\/15\/2024\/04\/patients_700x420.jpg\" alt=\"Media Image\" >\n                                        <\/div>\n                                                            <\/div>\n                                                    <\/div>\n                    <\/div>\n                    <div class=\" col-xs-12 col-sm-12 col-md-6 column-2 order-1\">\n                        <div class=\" section-content\">\n                                                                <div class=\"heading-dash\">\n                                        <span class=\"dash\"><\/span>\n                                        <h4 role=\"heading\" aria-level=\"2\" class=\"heading-para-right heading-four\">\n                                            Am\u00e9liorer la vie et la sant\u00e9 des patients                                         <\/h4>\n                                    <\/div>\n                                                                                                                        <p class=\"section-para \">\n                                        En focalisant nos efforts sur les aires th\u00e9rapeutiques dans lesquelles il existe d&#8217;importants besoins m\u00e9dicaux non satisfaits, nous travaillons pour apporter aux patients tout le potentiel de nos m\u00e9dicaments innovants.                                    <\/p>\n                                                                                                <a \n                                            role=\"link\" \n                                            class=\"btn-link section-btn cta-visible\" \n                                            href=\"https:\/\/www.ipsen.com\/france\/a-propos-de-nous\/nos-aires-therapeutiques\/\" \n                                            aria-label=\"\" \n                                            target=\"_self\"\n                                        >\n                                            En savoir plus                                        <\/a>    \n                                    <\/button>\n                                                    <\/div>\n                    <\/div>\n                    <!-- Ipsen Content Overlay Variation Two End -->\n                <\/div>\n        <!-- Ipsen Content Overlay Variation two End -->\n                <\/div>\n    <\/div>\n<\/section>\n<!-- Ipsen Content Overlay End -->\n\n\n<!--Alert Card Layout Start Here-->\n<section class=\"alertcard-section\">\n      <div class=\"container\">\n        <!--Alert Box HTML Start Here-->\n        <div class=\"alert-box info-box\">\n                    <div class=\"info-icon\">\n              <span class=\"info-circle\"><img decoding=\"async\" src=\"https:\/\/www.ipsen.com\/france\/wp-content\/themes\/ipsen-main\/dist\/images\/alert-general-icon.png\" alt=\"Alert\"\/><\/i>\n            <\/div>\n                    <div class=\"info-contents\">\n          <h4 role=\"heading\" aria-level=\"2\" class=\"info-head heading-four heading-four\"><\/h4>\n            <p class=\"info-sub-head-para hidden heading-para\"><\/p>\n            <div class=\"alert-content visible\"><p>ALLSC-FR-001355 \u2013 V3.0 \u2013 f\u00e9vrier 2026<\/p>\n<\/div>\n          <\/div>\n        <\/div>\n        <!--Alert Box HTML Start Here-->\n      <\/div>\n    <\/section>\n<!--Alert Card Layout End Here-->\n","protected":false},"excerpt":{"rendered":"","protected":false},"author":2,"featured_media":0,"parent":0,"menu_order":0,"comment_status":"closed","ping_status":"closed","template":"","meta":{"_acf_changed":false,"footnotes":""},"class_list":["post-38","page","type-page","status-publish","hentry","entry"],"acf":[],"yoast_head":"<!-- This site is optimized with the Yoast SEO plugin v26.8 - https:\/\/yoast.com\/product\/yoast-seo-wordpress\/ -->\n<title>Produits pharmaceutiques Ipsen<\/title>\n<meta name=\"description\" content=\"Vue d&#039;ensemble des produits pharmaceutiques cr\u00e9\u00e9s et fabriqu\u00e9s par Ipsen dans les domaines de l&#039;oncologie, des neurosciences et des maladies rares.\" \/>\n<meta name=\"robots\" content=\"index, follow, max-snippet:-1, max-image-preview:large, max-video-preview:-1\" \/>\n<link rel=\"canonical\" href=\"https:\/\/www.ipsen.com\/france\/nos-medicaments\/\" \/>\n<meta property=\"og:locale\" content=\"fr_FR\" \/>\n<meta property=\"og:type\" content=\"article\" \/>\n<meta property=\"og:title\" content=\"Produits pharmaceutiques Ipsen\" \/>\n<meta property=\"og:description\" content=\"Vue d&#039;ensemble des produits pharmaceutiques cr\u00e9\u00e9s et fabriqu\u00e9s par Ipsen dans les domaines de l&#039;oncologie, des neurosciences et des maladies rares.\" \/>\n<meta property=\"og:url\" content=\"https:\/\/www.ipsen.com\/france\/nos-medicaments\/\" \/>\n<meta property=\"og:site_name\" content=\"France\" \/>\n<meta property=\"article:modified_time\" content=\"2026-02-26T08:35:04+00:00\" \/>\n<meta name=\"twitter:card\" content=\"summary_large_image\" \/>\n<script type=\"application\/ld+json\" class=\"yoast-schema-graph\">{\"@context\":\"https:\/\/schema.org\",\"@graph\":[{\"@type\":\"WebPage\",\"@id\":\"https:\/\/www.ipsen.com\/france\/nos-medicaments\/\",\"url\":\"https:\/\/www.ipsen.com\/france\/nos-medicaments\/\",\"name\":\"Produits pharmaceutiques Ipsen\",\"isPartOf\":{\"@id\":\"https:\/\/www.ipsen.com\/france\/#website\"},\"datePublished\":\"2024-03-14T05:44:56+00:00\",\"dateModified\":\"2026-02-26T08:35:04+00:00\",\"description\":\"Vue d'ensemble des produits pharmaceutiques cr\u00e9\u00e9s et fabriqu\u00e9s par Ipsen dans les domaines de l'oncologie, des neurosciences et des maladies rares.\",\"breadcrumb\":{\"@id\":\"https:\/\/www.ipsen.com\/france\/nos-medicaments\/#breadcrumb\"},\"inLanguage\":\"fr-FR\",\"potentialAction\":[{\"@type\":\"ReadAction\",\"target\":[\"https:\/\/www.ipsen.com\/france\/nos-medicaments\/\"]}]},{\"@type\":\"BreadcrumbList\",\"@id\":\"https:\/\/www.ipsen.com\/france\/nos-medicaments\/#breadcrumb\",\"itemListElement\":[{\"@type\":\"ListItem\",\"position\":1,\"name\":\"Home\",\"item\":\"https:\/\/www.ipsen.com\/france\/\"},{\"@type\":\"ListItem\",\"position\":2,\"name\":\"Nos m\u00e9dicaments\"}]},{\"@type\":\"WebSite\",\"@id\":\"https:\/\/www.ipsen.com\/france\/#website\",\"url\":\"https:\/\/www.ipsen.com\/france\/\",\"name\":\"France\",\"description\":\"\",\"publisher\":{\"@id\":\"https:\/\/www.ipsen.com\/france\/#organization\"},\"potentialAction\":[{\"@type\":\"SearchAction\",\"target\":{\"@type\":\"EntryPoint\",\"urlTemplate\":\"https:\/\/www.ipsen.com\/france\/?s={search_term_string}\"},\"query-input\":{\"@type\":\"PropertyValueSpecification\",\"valueRequired\":true,\"valueName\":\"search_term_string\"}}],\"inLanguage\":\"fr-FR\"},{\"@type\":\"Organization\",\"@id\":\"https:\/\/www.ipsen.com\/france\/#organization\",\"name\":\"France\",\"url\":\"https:\/\/www.ipsen.com\/france\/\",\"logo\":{\"@type\":\"ImageObject\",\"inLanguage\":\"fr-FR\",\"@id\":\"https:\/\/www.ipsen.com\/france\/#\/schema\/logo\/image\/\",\"url\":\"https:\/\/www.ipsen.com\/france\/wp-content\/uploads\/sites\/15\/2024\/03\/Logo-Ipsen.svg\",\"contentUrl\":\"https:\/\/www.ipsen.com\/france\/wp-content\/uploads\/sites\/15\/2024\/03\/Logo-Ipsen.svg\",\"caption\":\"France\"},\"image\":{\"@id\":\"https:\/\/www.ipsen.com\/france\/#\/schema\/logo\/image\/\"}}]}<\/script>\n<!-- \/ Yoast SEO plugin. -->","yoast_head_json":{"title":"Produits pharmaceutiques Ipsen","description":"Vue d'ensemble des produits pharmaceutiques cr\u00e9\u00e9s et fabriqu\u00e9s par Ipsen dans les domaines de l'oncologie, des neurosciences et des maladies rares.","robots":{"index":"index","follow":"follow","max-snippet":"max-snippet:-1","max-image-preview":"max-image-preview:large","max-video-preview":"max-video-preview:-1"},"canonical":"https:\/\/www.ipsen.com\/france\/nos-medicaments\/","og_locale":"fr_FR","og_type":"article","og_title":"Produits pharmaceutiques Ipsen","og_description":"Vue d'ensemble des produits pharmaceutiques cr\u00e9\u00e9s et fabriqu\u00e9s par Ipsen dans les domaines de l'oncologie, des neurosciences et des maladies rares.","og_url":"https:\/\/www.ipsen.com\/france\/nos-medicaments\/","og_site_name":"France","article_modified_time":"2026-02-26T08:35:04+00:00","twitter_card":"summary_large_image","schema":{"@context":"https:\/\/schema.org","@graph":[{"@type":"WebPage","@id":"https:\/\/www.ipsen.com\/france\/nos-medicaments\/","url":"https:\/\/www.ipsen.com\/france\/nos-medicaments\/","name":"Produits pharmaceutiques Ipsen","isPartOf":{"@id":"https:\/\/www.ipsen.com\/france\/#website"},"datePublished":"2024-03-14T05:44:56+00:00","dateModified":"2026-02-26T08:35:04+00:00","description":"Vue d'ensemble des produits pharmaceutiques cr\u00e9\u00e9s et fabriqu\u00e9s par Ipsen dans les domaines de l'oncologie, des neurosciences et des maladies rares.","breadcrumb":{"@id":"https:\/\/www.ipsen.com\/france\/nos-medicaments\/#breadcrumb"},"inLanguage":"fr-FR","potentialAction":[{"@type":"ReadAction","target":["https:\/\/www.ipsen.com\/france\/nos-medicaments\/"]}]},{"@type":"BreadcrumbList","@id":"https:\/\/www.ipsen.com\/france\/nos-medicaments\/#breadcrumb","itemListElement":[{"@type":"ListItem","position":1,"name":"Home","item":"https:\/\/www.ipsen.com\/france\/"},{"@type":"ListItem","position":2,"name":"Nos m\u00e9dicaments"}]},{"@type":"WebSite","@id":"https:\/\/www.ipsen.com\/france\/#website","url":"https:\/\/www.ipsen.com\/france\/","name":"France","description":"","publisher":{"@id":"https:\/\/www.ipsen.com\/france\/#organization"},"potentialAction":[{"@type":"SearchAction","target":{"@type":"EntryPoint","urlTemplate":"https:\/\/www.ipsen.com\/france\/?s={search_term_string}"},"query-input":{"@type":"PropertyValueSpecification","valueRequired":true,"valueName":"search_term_string"}}],"inLanguage":"fr-FR"},{"@type":"Organization","@id":"https:\/\/www.ipsen.com\/france\/#organization","name":"France","url":"https:\/\/www.ipsen.com\/france\/","logo":{"@type":"ImageObject","inLanguage":"fr-FR","@id":"https:\/\/www.ipsen.com\/france\/#\/schema\/logo\/image\/","url":"https:\/\/www.ipsen.com\/france\/wp-content\/uploads\/sites\/15\/2024\/03\/Logo-Ipsen.svg","contentUrl":"https:\/\/www.ipsen.com\/france\/wp-content\/uploads\/sites\/15\/2024\/03\/Logo-Ipsen.svg","caption":"France"},"image":{"@id":"https:\/\/www.ipsen.com\/france\/#\/schema\/logo\/image\/"}}]}},"parsely":{"version":"1.1.0","canonical_url":"https:\/\/ipsen.com\/france\/nos-medicaments\/","smart_links":{"inbound":0,"outbound":0},"traffic_boost_suggestions_count":0,"meta":{"@context":"https:\/\/schema.org","@type":"WebPage","headline":"Nos m\u00e9dicaments","url":"http:\/\/www.ipsen.com\/france\/nos-medicaments\/","mainEntityOfPage":{"@type":"WebPage","@id":"http:\/\/www.ipsen.com\/france\/nos-medicaments\/"},"thumbnailUrl":"","image":{"@type":"ImageObject","url":""},"articleSection":"Non classifi\u00e9(e)","author":[{"@type":"Person","name":"navya"}],"creator":["navya"],"publisher":{"@type":"Organization","name":"France","logo":""},"keywords":[],"dateCreated":"2024-03-14T05:44:56Z","datePublished":"2024-03-14T05:44:56Z","dateModified":"2026-02-26T08:35:04Z"},"rendered":"<script type=\"application\/ld+json\" class=\"wp-parsely-metadata\">{\"@context\":\"https:\\\/\\\/schema.org\",\"@type\":\"WebPage\",\"headline\":\"Nos m\\u00e9dicaments\",\"url\":\"http:\\\/\\\/www.ipsen.com\\\/france\\\/nos-medicaments\\\/\",\"mainEntityOfPage\":{\"@type\":\"WebPage\",\"@id\":\"http:\\\/\\\/www.ipsen.com\\\/france\\\/nos-medicaments\\\/\"},\"thumbnailUrl\":\"\",\"image\":{\"@type\":\"ImageObject\",\"url\":\"\"},\"articleSection\":\"Non classifi\\u00e9(e)\",\"author\":[{\"@type\":\"Person\",\"name\":\"navya\"}],\"creator\":[\"navya\"],\"publisher\":{\"@type\":\"Organization\",\"name\":\"France\",\"logo\":\"\"},\"keywords\":[],\"dateCreated\":\"2024-03-14T05:44:56Z\",\"datePublished\":\"2024-03-14T05:44:56Z\",\"dateModified\":\"2026-02-26T08:35:04Z\"}<\/script>","tracker_url":"https:\/\/cdn.parsely.com\/keys\/ipsen.com\/p.js"},"jetpack_sharing_enabled":true,"_links":{"self":[{"href":"https:\/\/www.ipsen.com\/france\/wp-json\/wp\/v2\/pages\/38","targetHints":{"allow":["GET"]}}],"collection":[{"href":"https:\/\/www.ipsen.com\/france\/wp-json\/wp\/v2\/pages"}],"about":[{"href":"https:\/\/www.ipsen.com\/france\/wp-json\/wp\/v2\/types\/page"}],"author":[{"embeddable":true,"href":"https:\/\/www.ipsen.com\/france\/wp-json\/wp\/v2\/users\/2"}],"replies":[{"embeddable":true,"href":"https:\/\/www.ipsen.com\/france\/wp-json\/wp\/v2\/comments?post=38"}],"version-history":[{"count":34,"href":"https:\/\/www.ipsen.com\/france\/wp-json\/wp\/v2\/pages\/38\/revisions"}],"predecessor-version":[{"id":1831,"href":"https:\/\/www.ipsen.com\/france\/wp-json\/wp\/v2\/pages\/38\/revisions\/1831"}],"wp:attachment":[{"href":"https:\/\/www.ipsen.com\/france\/wp-json\/wp\/v2\/media?parent=38"}],"curies":[{"name":"wp","href":"https:\/\/api.w.org\/{rel}","templated":true}]}}